{"id":38570,"date":"2024-12-04T15:57:16","date_gmt":"2024-12-04T20:57:16","guid":{"rendered":"https:\/\/qroo.gob.mx\/sesesp\/?page_id=38570"},"modified":"2024-12-04T16:23:08","modified_gmt":"2024-12-04T21:23:08","slug":"prevencion-social-de-la-violencia-y-la-delincuencia-con-participacion-ciudadana","status":"publish","type":"page","link":"https:\/\/qroo.gob.mx\/sesesp\/index.php\/prevencion-social-de-la-violencia-y-la-delincuencia-con-participacion-ciudadana\/","title":{"rendered":"Prevenci\u00f3n Social de la Violencia y la Delincuencia con Participaci\u00f3n Ciudadana"},"content":{"rendered":"\t\t<div data-elementor-type=\"wp-page\" data-elementor-id=\"38570\" class=\"elementor elementor-38570\">\n\t\t\t\t<div class=\"elementor-element elementor-element-c63c133 e-flex e-con-boxed e-con e-parent\" data-id=\"c63c133\" data-element_type=\"container\">\n\t\t\t\t\t<div class=\"e-con-inner\">\n\t\t\t\t<div class=\"elementor-element elementor-element-e66d091 elementor-widget elementor-widget-heading\" data-id=\"e66d091\" data-element_type=\"widget\" data-widget_type=\"heading.default\">\n\t\t\t\t<div class=\"elementor-widget-container\">\n\t\t\t<style>\/*! elementor - v3.23.0 - 15-07-2024 *\/\n.elementor-heading-title{padding:0;margin:0;line-height:1}.elementor-widget-heading .elementor-heading-title[class*=elementor-size-]>a{color:inherit;font-size:inherit;line-height:inherit}.elementor-widget-heading .elementor-heading-title.elementor-size-small{font-size:15px}.elementor-widget-heading .elementor-heading-title.elementor-size-medium{font-size:19px}.elementor-widget-heading .elementor-heading-title.elementor-size-large{font-size:29px}.elementor-widget-heading .elementor-heading-title.elementor-size-xl{font-size:39px}.elementor-widget-heading .elementor-heading-title.elementor-size-xxl{font-size:59px}<\/style><h2 class=\"elementor-heading-title elementor-size-default\">Prevenci\u00f3n Social de la Violencia y la Delincuencia con Participaci\u00f3n Ciudadana<\/h2>\t\t<\/div>\n\t\t\t\t<\/div>\n\t\t\t\t\t<\/div>\n\t\t\t\t<\/div>\n\t\t<div class=\"elementor-element elementor-element-17742fc e-flex e-con-boxed e-con e-parent\" data-id=\"17742fc\" data-element_type=\"container\">\n\t\t\t\t\t<div class=\"e-con-inner\">\n\t\t\t\t<div class=\"elementor-element elementor-element-eaf9338 elementor-widget elementor-widget-html\" data-id=\"eaf9338\" data-element_type=\"widget\" data-widget_type=\"html.default\">\n\t\t\t\t<div class=\"elementor-widget-container\">\n\t\t\t<details>\r\n  <summary style=\"color: white\">2024<\/summary>\r\n  <details>\r\n    <summary>Informe<\/summary>\r\n    <p>\r\n      <a\r\n        href=\"https:\/\/qroo.gob.mx\/sesesp\/wp-content\/uploads\/2024\/12\/IF_ED_E026-PSV_2024.pdf\"\r\n        >Informe final<\/a\r\n      >\r\n    <\/p>\r\n    <p>\r\n      <a\r\n        href=\"https:\/\/qroo.gob.mx\/sesesp\/wp-content\/uploads\/2024\/12\/IE_ED_E026-PSV_2024.pdf\"\r\n        >Informe ejecutivo<\/a\r\n      >\r\n    <\/p>\r\n  <\/details>\r\n<\/details>\r\n<style>\r\n  details {\r\n    width: 100%;\r\n    margin: 10px 0;\r\n    background-color: #ffffff;\r\n    border: 1px solid transparent;\r\n    border-radius: 4px;\r\n    font-family: \"Montserrat\", sans-serif;\r\n  }\r\n  summary {\r\n    cursor: pointer;\r\n    font-weight: bold;\r\n    padding: 10px;\r\n    background-color: #afafaf;\r\n    border-bottom: 1px solid transparent;\r\n    border-radius: 4px 4px 0 0;\r\n  }\r\n  details[open] summary {\r\n    background-color: #a0a0a0;\r\n  }\r\n  a {\r\n    display: block;\r\n    padding: 5px 10px;\r\n    margin: 2px 0;\r\n    background-color: #ffffff;\r\n    text-decoration: none;\r\n    color: #ab0a3d;\r\n    border-radius: 4px;\r\n    transition: background-color 0.3s ease;\r\n    margin-left: 20px;\r\n  }\r\n  a:hover {\r\n    background-color: #ffffff;\r\n  }\r\n  details details {\r\n    margin: 0;\r\n    border: none;\r\n    background-color: white !important;\r\n  }\r\n  details details summary {\r\n    background-color: #ffffff !important;\r\n    border-radius: 4px;\r\n    padding-left: 20px;\r\n    color: #999999;\r\n  }\r\n  details details details summary {\r\n    background-color: #ffffff !important;\r\n    border-radius: 4px;\r\n    padding-left: 30px;\r\n    color: #999999;\r\n    border: none;\r\n  }\r\n  details details details a {\r\n    background-color: #ffffff;\r\n    border: none;\r\n  }\r\n<\/style>\r\n\t\t<\/div>\n\t\t\t\t<\/div>\n\t\t\t\t\t<\/div>\n\t\t\t\t<\/div>\n\t\t\t\t<\/div>\n\t\t","protected":false},"excerpt":{"rendered":"<p>Prevenci\u00f3n Social de la Violencia y la Delincuencia con Participaci\u00f3n Ciudadana 2024 Informe Informe final Informe ejecutivo<\/p>\n","protected":false},"author":4,"featured_media":0,"parent":0,"menu_order":0,"comment_status":"closed","ping_status":"closed","template":"","meta":{"footnotes":""},"class_list":["post-38570","page","type-page","status-publish"],"yoast_head":"<!-- This site is optimized with the Yoast SEO plugin v23.0 - https:\/\/yoast.com\/wordpress\/plugins\/seo\/ -->\n<title>Prevenci\u00f3n Social de la Violencia y la Delincuencia con Participaci\u00f3n Ciudadana - Secretariado Ejecutivo del Sistema Estatal de Seguridad P\u00fablica<\/title>\n<meta name=\"robots\" content=\"noindex, follow, max-snippet:-1, max-image-preview:large, max-video-preview:-1\" \/>\n<meta property=\"og:locale\" content=\"es_MX\" \/>\n<meta property=\"og:type\" content=\"article\" \/>\n<meta property=\"og:title\" content=\"Prevenci\u00f3n Social de la Violencia y la Delincuencia con Participaci\u00f3n Ciudadana - Secretariado Ejecutivo del Sistema Estatal de Seguridad P\u00fablica\" \/>\n<meta property=\"og:description\" content=\"Prevenci\u00f3n Social de la Violencia y la Delincuencia con Participaci\u00f3n Ciudadana 2024 Informe Informe final Informe ejecutivo\" \/>\n<meta property=\"og:url\" content=\"https:\/\/qroo.gob.mx\/sesesp\/index.php\/prevencion-social-de-la-violencia-y-la-delincuencia-con-participacion-ciudadana\/\" \/>\n<meta property=\"og:site_name\" content=\"Secretariado Ejecutivo del Sistema Estatal de Seguridad P\u00fablica\" \/>\n<meta property=\"article:modified_time\" content=\"2024-12-04T21:23:08+00:00\" \/>\n<meta name=\"twitter:card\" content=\"summary_large_image\" \/>\n<meta name=\"twitter:label1\" content=\"Tiempo de lectura\" \/>\n\t<meta name=\"twitter:data1\" content=\"1 minuto\" \/>\n<script type=\"application\/ld+json\" class=\"yoast-schema-graph\">{\"@context\":\"https:\/\/schema.org\",\"@graph\":[{\"@type\":\"WebPage\",\"@id\":\"https:\/\/qroo.gob.mx\/sesesp\/index.php\/prevencion-social-de-la-violencia-y-la-delincuencia-con-participacion-ciudadana\/\",\"url\":\"https:\/\/qroo.gob.mx\/sesesp\/index.php\/prevencion-social-de-la-violencia-y-la-delincuencia-con-participacion-ciudadana\/\",\"name\":\"Prevenci\u00f3n Social de la Violencia y la Delincuencia con Participaci\u00f3n Ciudadana - Secretariado Ejecutivo del Sistema Estatal de Seguridad P\u00fablica\",\"isPartOf\":{\"@id\":\"https:\/\/qroo.gob.mx\/sesesp\/#website\"},\"datePublished\":\"2024-12-04T20:57:16+00:00\",\"dateModified\":\"2024-12-04T21:23:08+00:00\",\"breadcrumb\":{\"@id\":\"https:\/\/qroo.gob.mx\/sesesp\/index.php\/prevencion-social-de-la-violencia-y-la-delincuencia-con-participacion-ciudadana\/#breadcrumb\"},\"inLanguage\":\"es\",\"potentialAction\":[{\"@type\":\"ReadAction\",\"target\":[\"https:\/\/qroo.gob.mx\/sesesp\/index.php\/prevencion-social-de-la-violencia-y-la-delincuencia-con-participacion-ciudadana\/\"]}]},{\"@type\":\"BreadcrumbList\",\"@id\":\"https:\/\/qroo.gob.mx\/sesesp\/index.php\/prevencion-social-de-la-violencia-y-la-delincuencia-con-participacion-ciudadana\/#breadcrumb\",\"itemListElement\":[{\"@type\":\"ListItem\",\"position\":1,\"name\":\"Inicio\",\"item\":\"https:\/\/qroo.gob.mx\/sesesp\/\"},{\"@type\":\"ListItem\",\"position\":2,\"name\":\"Prevenci\u00f3n Social de la Violencia y la Delincuencia con Participaci\u00f3n Ciudadana\"}]},{\"@type\":\"WebSite\",\"@id\":\"https:\/\/qroo.gob.mx\/sesesp\/#website\",\"url\":\"https:\/\/qroo.gob.mx\/sesesp\/\",\"name\":\"Secretariado Ejecutivo del Sistema Estatal de Seguridad P\u00fablica\",\"description\":\"\",\"potentialAction\":[{\"@type\":\"SearchAction\",\"target\":{\"@type\":\"EntryPoint\",\"urlTemplate\":\"https:\/\/qroo.gob.mx\/sesesp\/?s={search_term_string}\"},\"query-input\":\"required name=search_term_string\"}],\"inLanguage\":\"es\"}]}<\/script>\n<!-- \/ Yoast SEO plugin. -->","yoast_head_json":{"title":"Prevenci\u00f3n Social de la Violencia y la Delincuencia con Participaci\u00f3n Ciudadana - Secretariado Ejecutivo del Sistema Estatal de Seguridad P\u00fablica","robots":{"index":"noindex","follow":"follow","max-snippet":"max-snippet:-1","max-image-preview":"max-image-preview:large","max-video-preview":"max-video-preview:-1"},"og_locale":"es_MX","og_type":"article","og_title":"Prevenci\u00f3n Social de la Violencia y la Delincuencia con Participaci\u00f3n Ciudadana - Secretariado Ejecutivo del Sistema Estatal de Seguridad P\u00fablica","og_description":"Prevenci\u00f3n Social de la Violencia y la Delincuencia con Participaci\u00f3n Ciudadana 2024 Informe Informe final Informe ejecutivo","og_url":"https:\/\/qroo.gob.mx\/sesesp\/index.php\/prevencion-social-de-la-violencia-y-la-delincuencia-con-participacion-ciudadana\/","og_site_name":"Secretariado Ejecutivo del Sistema Estatal de Seguridad P\u00fablica","article_modified_time":"2024-12-04T21:23:08+00:00","twitter_card":"summary_large_image","twitter_misc":{"Tiempo de lectura":"1 minuto"},"schema":{"@context":"https:\/\/schema.org","@graph":[{"@type":"WebPage","@id":"https:\/\/qroo.gob.mx\/sesesp\/index.php\/prevencion-social-de-la-violencia-y-la-delincuencia-con-participacion-ciudadana\/","url":"https:\/\/qroo.gob.mx\/sesesp\/index.php\/prevencion-social-de-la-violencia-y-la-delincuencia-con-participacion-ciudadana\/","name":"Prevenci\u00f3n Social de la Violencia y la Delincuencia con Participaci\u00f3n Ciudadana - Secretariado Ejecutivo del Sistema Estatal de Seguridad P\u00fablica","isPartOf":{"@id":"https:\/\/qroo.gob.mx\/sesesp\/#website"},"datePublished":"2024-12-04T20:57:16+00:00","dateModified":"2024-12-04T21:23:08+00:00","breadcrumb":{"@id":"https:\/\/qroo.gob.mx\/sesesp\/index.php\/prevencion-social-de-la-violencia-y-la-delincuencia-con-participacion-ciudadana\/#breadcrumb"},"inLanguage":"es","potentialAction":[{"@type":"ReadAction","target":["https:\/\/qroo.gob.mx\/sesesp\/index.php\/prevencion-social-de-la-violencia-y-la-delincuencia-con-participacion-ciudadana\/"]}]},{"@type":"BreadcrumbList","@id":"https:\/\/qroo.gob.mx\/sesesp\/index.php\/prevencion-social-de-la-violencia-y-la-delincuencia-con-participacion-ciudadana\/#breadcrumb","itemListElement":[{"@type":"ListItem","position":1,"name":"Inicio","item":"https:\/\/qroo.gob.mx\/sesesp\/"},{"@type":"ListItem","position":2,"name":"Prevenci\u00f3n Social de la Violencia y la Delincuencia con Participaci\u00f3n Ciudadana"}]},{"@type":"WebSite","@id":"https:\/\/qroo.gob.mx\/sesesp\/#website","url":"https:\/\/qroo.gob.mx\/sesesp\/","name":"Secretariado Ejecutivo del Sistema Estatal de Seguridad P\u00fablica","description":"","potentialAction":[{"@type":"SearchAction","target":{"@type":"EntryPoint","urlTemplate":"https:\/\/qroo.gob.mx\/sesesp\/?s={search_term_string}"},"query-input":"required name=search_term_string"}],"inLanguage":"es"}]}},"_links":{"self":[{"href":"https:\/\/qroo.gob.mx\/sesesp\/index.php\/wp-json\/wp\/v2\/pages\/38570"}],"collection":[{"href":"https:\/\/qroo.gob.mx\/sesesp\/index.php\/wp-json\/wp\/v2\/pages"}],"about":[{"href":"https:\/\/qroo.gob.mx\/sesesp\/index.php\/wp-json\/wp\/v2\/types\/page"}],"author":[{"embeddable":true,"href":"https:\/\/qroo.gob.mx\/sesesp\/index.php\/wp-json\/wp\/v2\/users\/4"}],"replies":[{"embeddable":true,"href":"https:\/\/qroo.gob.mx\/sesesp\/index.php\/wp-json\/wp\/v2\/comments?post=38570"}],"version-history":[{"count":9,"href":"https:\/\/qroo.gob.mx\/sesesp\/index.php\/wp-json\/wp\/v2\/pages\/38570\/revisions"}],"predecessor-version":[{"id":38604,"href":"https:\/\/qroo.gob.mx\/sesesp\/index.php\/wp-json\/wp\/v2\/pages\/38570\/revisions\/38604"}],"wp:attachment":[{"href":"https:\/\/qroo.gob.mx\/sesesp\/index.php\/wp-json\/wp\/v2\/media?parent=38570"}],"curies":[{"name":"wp","href":"https:\/\/api.w.org\/{rel}","templated":true}]}}