{"id":38432,"date":"2024-11-06T16:44:51","date_gmt":"2024-11-06T21:44:51","guid":{"rendered":"https:\/\/qroo.gob.mx\/sesesp\/?page_id=38432"},"modified":"2024-11-11T12:13:32","modified_gmt":"2024-11-11T17:13:32","slug":"fondo-para-el-fortalecimiento-de-las-instituciones-de-seguridad-publica","status":"publish","type":"page","link":"https:\/\/qroo.gob.mx\/sesesp\/index.php\/fondo-para-el-fortalecimiento-de-las-instituciones-de-seguridad-publica\/","title":{"rendered":"Fondo para el Fortalecimiento de las Instituciones de Seguridad P\u00fablica"},"content":{"rendered":"\t\t<div data-elementor-type=\"wp-page\" data-elementor-id=\"38432\" class=\"elementor elementor-38432\">\n\t\t\t\t<div class=\"elementor-element elementor-element-8fccb65 e-flex e-con-boxed e-con e-parent\" data-id=\"8fccb65\" data-element_type=\"container\">\n\t\t\t\t\t<div class=\"e-con-inner\">\n\t\t\t\t<div class=\"elementor-element elementor-element-bb6afa5 elementor-widget elementor-widget-heading\" data-id=\"bb6afa5\" data-element_type=\"widget\" data-widget_type=\"heading.default\">\n\t\t\t\t<div class=\"elementor-widget-container\">\n\t\t\t<style>\/*! elementor - v3.23.0 - 15-07-2024 *\/\n.elementor-heading-title{padding:0;margin:0;line-height:1}.elementor-widget-heading .elementor-heading-title[class*=elementor-size-]>a{color:inherit;font-size:inherit;line-height:inherit}.elementor-widget-heading .elementor-heading-title.elementor-size-small{font-size:15px}.elementor-widget-heading .elementor-heading-title.elementor-size-medium{font-size:19px}.elementor-widget-heading .elementor-heading-title.elementor-size-large{font-size:29px}.elementor-widget-heading .elementor-heading-title.elementor-size-xl{font-size:39px}.elementor-widget-heading .elementor-heading-title.elementor-size-xxl{font-size:59px}<\/style><h2 class=\"elementor-heading-title elementor-size-default\">Fondo para el Fortalecimiento de las Instituciones de Seguridad P\u00fablica<\/h2>\t\t<\/div>\n\t\t\t\t<\/div>\n\t\t\t\t\t<\/div>\n\t\t\t\t<\/div>\n\t\t<div class=\"elementor-element elementor-element-569ac50 e-flex e-con-boxed e-con e-parent\" data-id=\"569ac50\" data-element_type=\"container\">\n\t\t\t\t\t<div class=\"e-con-inner\">\n\t\t\t\t<div class=\"elementor-element elementor-element-eb5e663 elementor-widget elementor-widget-html\" data-id=\"eb5e663\" data-element_type=\"widget\" data-widget_type=\"html.default\">\n\t\t\t\t<div class=\"elementor-widget-container\">\n\t\t\t<details>\r\n  <summary style=\"color: white\">FOFISP 2024<\/summary>\r\n  <a\r\n    href=\"https:\/\/qroo.gob.mx\/sesesp\/wp-content\/uploads\/2024\/11\/Anexo-Tec-FOFISP-2024-Certif.pdf\"\r\n    >Anexo T\u00e9cnico<\/a\r\n  >\r\n  <details>\r\n    <summary>Primer trimestre<\/summary>\r\n    <p>\r\n      <a\r\n        href=\"https:\/\/qroo.gob.mx\/sesesp\/wp-content\/uploads\/2024\/11\/2-FOFISP-Quintana-Roo-SRFT-1er-Trim-2024-FINANCIEROS.pdf\"\r\n        >Informe financieros PFD<\/a\r\n      >\r\n    <\/p>\r\n    <p>\r\n      <a\r\n        href=\"https:\/\/qroo.gob.mx\/sesesp\/wp-content\/uploads\/2024\/11\/2-FOFISP-Quintana-Roo-SRFT-1er-Trim-2024-PROYECTOS.pdf\"\r\n        >Informe proyectos<\/a\r\n      >\r\n    <\/p>\r\n    <p>\r\n      <a\r\n        href=\"https:\/\/qroo.gob.mx\/sesesp\/wp-content\/uploads\/2024\/11\/2-FOFISP-Quintana-Roo-SRFT-1er-Trim-2024.xlsx\"\r\n        >Informe financieros XLSX<\/a\r\n      >\r\n    <\/p>\r\n  <\/details>\r\n  <details>\r\n    <summary>Segundo trimestre<\/summary>\r\n    <p>\r\n      <a\r\n        href=\"https:\/\/qroo.gob.mx\/sesesp\/wp-content\/uploads\/2024\/11\/2-FOFISP-Quintana-Roo-SRFT-2do-Trim-2024-FINANCIEROS.pdf\"\r\n        >Informe financieros PFD<\/a\r\n      >\r\n    <\/p>\r\n    <p>\r\n      <a\r\n        href=\"https:\/\/qroo.gob.mx\/sesesp\/wp-content\/uploads\/2024\/11\/2-FOFISP-Quintana-Roo-SRFT-2do-Trim-2024.xlsx\"\r\n        >Informe financieros XLSX<\/a\r\n      >\r\n    <\/p>\r\n  <\/details>\r\n  <details>\r\n    <summary>Tercer trimestre<\/summary>\r\n    <p>\r\n      <a\r\n        href=\"https:\/\/qroo.gob.mx\/sesesp\/wp-content\/uploads\/2024\/11\/2-FOFISP-Quintana-Roo-SRFT-3er-Trim-2024-FINANCIEROS.pdf\"\r\n        >Ejercicio del Gasto PDF<\/a\r\n      >\r\n    <\/p>\r\n    <p>\r\n      <a\r\n        href=\"https:\/\/qroo.gob.mx\/sesesp\/wp-content\/uploads\/2024\/11\/2-FOFISP-Quintana-Roo-SRFT-3er-Trim-2024.xlsx\"\r\n        >Ejercicio del Gasto XLSX<\/a\r\n      >\r\n    <\/p>\r\n  <\/details>\r\n<\/details>\r\n<details>\r\n  <summary style=\"color: white\">FOFISP 2023<\/summary>\r\n  <details>\r\n    <summary>Reporte Definitivo<\/summary>\r\n    <p>\r\n      <a\r\n        href=\"https:\/\/qroo.gob.mx\/sesesp\/wp-content\/uploads\/2024\/11\/2-FOFISP-Quintana-Roo-SRFT-Reporte-Definitivo-2023-FINANCIEROS.pdf\"\r\n        >Reporte definitivo Financieros PFD<\/a\r\n      >\r\n    <\/p>\r\n    <p>\r\n      <a\r\n        href=\"https:\/\/qroo.gob.mx\/sesesp\/wp-content\/uploads\/2024\/11\/2-FOFISP-Quintana-Roo-SRFT-Reporte-Definitivo-2023-DESTINO.pdf\"\r\n        >Reporte definitivo destino<\/a\r\n      >\r\n    <\/p>\r\n    <p>\r\n      <a\r\n        href=\"https:\/\/qroo.gob.mx\/sesesp\/wp-content\/uploads\/2024\/11\/2-FOFISP-Quintana-Roo-SRFT-Reporte-Definitivo-2023.xlsx\"\r\n        >Informe Financieros XLSX<\/a\r\n      >\r\n    <\/p>\r\n  <\/details>\r\n<\/details>\r\n\r\n<style>\r\n    details {\r\n      width: 100%;\r\n      margin: 10px 0;\r\n      background-color: #ffffff;\r\n      border: 1px solid transparent;\r\n      border-radius: 4px;\r\n      font-family: \"Montserrat\", sans-serif;\r\n    }\r\n    summary {\r\n      cursor: pointer;\r\n      font-weight: bold;\r\n      padding: 10px;\r\n      background-color: #afafaf;\r\n      border-bottom: 1px solid transparent;\r\n      border-radius: 4px 4px 0 0;\r\n    }\r\n    details[open] summary {\r\n      background-color: #a0a0a0;\r\n    }\r\n    a {\r\n      display: block;\r\n      padding: 5px 10px;\r\n      margin: 2px 0;\r\n      background-color: #ffffff;\r\n      text-decoration: none;\r\n      color: #ab0a3d;\r\n      border-radius: 4px;\r\n      transition: background-color 0.3s ease;\r\n      margin-left: 20px;\r\n    }\r\n    a:hover {\r\n      background-color: #ffffff;\r\n    }\r\n    details details {\r\n      margin: 0;\r\n      border: none;\r\n      background-color: white !important;\r\n    }\r\n    details details summary {\r\n      background-color: #ffffff !important;\r\n      border-radius: 4px;\r\n      padding-left: 20px;\r\n      color: #999999;\r\n    }\r\n    details details details summary {\r\n      background-color: #ffffff !important;\r\n      border-radius: 4px;\r\n      padding-left: 30px;\r\n      color: #999999;\r\n      border: none;\r\n    }\r\n    details details details a {\r\n      background-color: #ffffff;\r\n      border: none;\r\n    }\r\n  <\/style>\r\n\t\t<\/div>\n\t\t\t\t<\/div>\n\t\t\t\t\t<\/div>\n\t\t\t\t<\/div>\n\t\t\t\t<\/div>\n\t\t","protected":false},"excerpt":{"rendered":"<p>Fondo para el Fortalecimiento de las Instituciones de Seguridad P\u00fablica FOFISP 2024 Anexo T\u00e9cnico Primer trimestre Informe financieros PFD Informe proyectos Informe financieros XLSX Segundo trimestre Informe financieros PFD Informe financieros XLSX Tercer trimestre Ejercicio del Gasto PDF Ejercicio del Gasto XLSX FOFISP 2023 Reporte Definitivo Reporte definitivo Financieros PFD Reporte definitivo destino Informe Financieros &#8230; <a title=\"Fondo para el Fortalecimiento de las Instituciones de Seguridad P\u00fablica\" class=\"read-more\" href=\"https:\/\/qroo.gob.mx\/sesesp\/index.php\/fondo-para-el-fortalecimiento-de-las-instituciones-de-seguridad-publica\/\" aria-label=\"Leer m\u00e1s sobre Fondo para el Fortalecimiento de las Instituciones de Seguridad P\u00fablica\">Leer m\u00e1s<\/a><\/p>\n","protected":false},"author":4,"featured_media":0,"parent":0,"menu_order":0,"comment_status":"closed","ping_status":"closed","template":"","meta":{"footnotes":""},"class_list":["post-38432","page","type-page","status-publish"],"yoast_head":"<!-- This site is optimized with the Yoast SEO plugin v23.0 - https:\/\/yoast.com\/wordpress\/plugins\/seo\/ -->\n<title>Fondo para el Fortalecimiento de las Instituciones de Seguridad P\u00fablica - Secretariado Ejecutivo del Sistema Estatal de Seguridad P\u00fablica<\/title>\n<meta name=\"robots\" content=\"noindex, follow, max-snippet:-1, max-image-preview:large, max-video-preview:-1\" \/>\n<meta property=\"og:locale\" content=\"es_MX\" \/>\n<meta property=\"og:type\" content=\"article\" \/>\n<meta property=\"og:title\" content=\"Fondo para el Fortalecimiento de las Instituciones de Seguridad P\u00fablica - Secretariado Ejecutivo del Sistema Estatal de Seguridad P\u00fablica\" \/>\n<meta property=\"og:description\" content=\"Fondo para el Fortalecimiento de las Instituciones de Seguridad P\u00fablica FOFISP 2024 Anexo T\u00e9cnico Primer trimestre Informe financieros PFD Informe proyectos Informe financieros XLSX Segundo trimestre Informe financieros PFD Informe financieros XLSX Tercer trimestre Ejercicio del Gasto PDF Ejercicio del Gasto XLSX FOFISP 2023 Reporte Definitivo Reporte definitivo Financieros PFD Reporte definitivo destino Informe Financieros ... Leer m\u00e1s\" \/>\n<meta property=\"og:url\" content=\"https:\/\/qroo.gob.mx\/sesesp\/index.php\/fondo-para-el-fortalecimiento-de-las-instituciones-de-seguridad-publica\/\" \/>\n<meta property=\"og:site_name\" content=\"Secretariado Ejecutivo del Sistema Estatal de Seguridad P\u00fablica\" \/>\n<meta property=\"article:modified_time\" content=\"2024-11-11T17:13:32+00:00\" \/>\n<meta name=\"twitter:card\" content=\"summary_large_image\" \/>\n<meta name=\"twitter:label1\" content=\"Tiempo de lectura\" \/>\n\t<meta name=\"twitter:data1\" content=\"1 minuto\" \/>\n<script type=\"application\/ld+json\" class=\"yoast-schema-graph\">{\"@context\":\"https:\/\/schema.org\",\"@graph\":[{\"@type\":\"WebPage\",\"@id\":\"https:\/\/qroo.gob.mx\/sesesp\/index.php\/fondo-para-el-fortalecimiento-de-las-instituciones-de-seguridad-publica\/\",\"url\":\"https:\/\/qroo.gob.mx\/sesesp\/index.php\/fondo-para-el-fortalecimiento-de-las-instituciones-de-seguridad-publica\/\",\"name\":\"Fondo para el Fortalecimiento de las Instituciones de Seguridad P\u00fablica - Secretariado Ejecutivo del Sistema Estatal de Seguridad P\u00fablica\",\"isPartOf\":{\"@id\":\"https:\/\/qroo.gob.mx\/sesesp\/#website\"},\"datePublished\":\"2024-11-06T21:44:51+00:00\",\"dateModified\":\"2024-11-11T17:13:32+00:00\",\"breadcrumb\":{\"@id\":\"https:\/\/qroo.gob.mx\/sesesp\/index.php\/fondo-para-el-fortalecimiento-de-las-instituciones-de-seguridad-publica\/#breadcrumb\"},\"inLanguage\":\"es\",\"potentialAction\":[{\"@type\":\"ReadAction\",\"target\":[\"https:\/\/qroo.gob.mx\/sesesp\/index.php\/fondo-para-el-fortalecimiento-de-las-instituciones-de-seguridad-publica\/\"]}]},{\"@type\":\"BreadcrumbList\",\"@id\":\"https:\/\/qroo.gob.mx\/sesesp\/index.php\/fondo-para-el-fortalecimiento-de-las-instituciones-de-seguridad-publica\/#breadcrumb\",\"itemListElement\":[{\"@type\":\"ListItem\",\"position\":1,\"name\":\"Inicio\",\"item\":\"https:\/\/qroo.gob.mx\/sesesp\/\"},{\"@type\":\"ListItem\",\"position\":2,\"name\":\"Fondo para el Fortalecimiento de las Instituciones de Seguridad P\u00fablica\"}]},{\"@type\":\"WebSite\",\"@id\":\"https:\/\/qroo.gob.mx\/sesesp\/#website\",\"url\":\"https:\/\/qroo.gob.mx\/sesesp\/\",\"name\":\"Secretariado Ejecutivo del Sistema Estatal de Seguridad P\u00fablica\",\"description\":\"\",\"potentialAction\":[{\"@type\":\"SearchAction\",\"target\":{\"@type\":\"EntryPoint\",\"urlTemplate\":\"https:\/\/qroo.gob.mx\/sesesp\/?s={search_term_string}\"},\"query-input\":\"required name=search_term_string\"}],\"inLanguage\":\"es\"}]}<\/script>\n<!-- \/ Yoast SEO plugin. -->","yoast_head_json":{"title":"Fondo para el Fortalecimiento de las Instituciones de Seguridad P\u00fablica - Secretariado Ejecutivo del Sistema Estatal de Seguridad P\u00fablica","robots":{"index":"noindex","follow":"follow","max-snippet":"max-snippet:-1","max-image-preview":"max-image-preview:large","max-video-preview":"max-video-preview:-1"},"og_locale":"es_MX","og_type":"article","og_title":"Fondo para el Fortalecimiento de las Instituciones de Seguridad P\u00fablica - Secretariado Ejecutivo del Sistema Estatal de Seguridad P\u00fablica","og_description":"Fondo para el Fortalecimiento de las Instituciones de Seguridad P\u00fablica FOFISP 2024 Anexo T\u00e9cnico Primer trimestre Informe financieros PFD Informe proyectos Informe financieros XLSX Segundo trimestre Informe financieros PFD Informe financieros XLSX Tercer trimestre Ejercicio del Gasto PDF Ejercicio del Gasto XLSX FOFISP 2023 Reporte Definitivo Reporte definitivo Financieros PFD Reporte definitivo destino Informe Financieros ... Leer m\u00e1s","og_url":"https:\/\/qroo.gob.mx\/sesesp\/index.php\/fondo-para-el-fortalecimiento-de-las-instituciones-de-seguridad-publica\/","og_site_name":"Secretariado Ejecutivo del Sistema Estatal de Seguridad P\u00fablica","article_modified_time":"2024-11-11T17:13:32+00:00","twitter_card":"summary_large_image","twitter_misc":{"Tiempo de lectura":"1 minuto"},"schema":{"@context":"https:\/\/schema.org","@graph":[{"@type":"WebPage","@id":"https:\/\/qroo.gob.mx\/sesesp\/index.php\/fondo-para-el-fortalecimiento-de-las-instituciones-de-seguridad-publica\/","url":"https:\/\/qroo.gob.mx\/sesesp\/index.php\/fondo-para-el-fortalecimiento-de-las-instituciones-de-seguridad-publica\/","name":"Fondo para el Fortalecimiento de las Instituciones de Seguridad P\u00fablica - Secretariado Ejecutivo del Sistema Estatal de Seguridad P\u00fablica","isPartOf":{"@id":"https:\/\/qroo.gob.mx\/sesesp\/#website"},"datePublished":"2024-11-06T21:44:51+00:00","dateModified":"2024-11-11T17:13:32+00:00","breadcrumb":{"@id":"https:\/\/qroo.gob.mx\/sesesp\/index.php\/fondo-para-el-fortalecimiento-de-las-instituciones-de-seguridad-publica\/#breadcrumb"},"inLanguage":"es","potentialAction":[{"@type":"ReadAction","target":["https:\/\/qroo.gob.mx\/sesesp\/index.php\/fondo-para-el-fortalecimiento-de-las-instituciones-de-seguridad-publica\/"]}]},{"@type":"BreadcrumbList","@id":"https:\/\/qroo.gob.mx\/sesesp\/index.php\/fondo-para-el-fortalecimiento-de-las-instituciones-de-seguridad-publica\/#breadcrumb","itemListElement":[{"@type":"ListItem","position":1,"name":"Inicio","item":"https:\/\/qroo.gob.mx\/sesesp\/"},{"@type":"ListItem","position":2,"name":"Fondo para el Fortalecimiento de las Instituciones de Seguridad P\u00fablica"}]},{"@type":"WebSite","@id":"https:\/\/qroo.gob.mx\/sesesp\/#website","url":"https:\/\/qroo.gob.mx\/sesesp\/","name":"Secretariado Ejecutivo del Sistema Estatal de Seguridad P\u00fablica","description":"","potentialAction":[{"@type":"SearchAction","target":{"@type":"EntryPoint","urlTemplate":"https:\/\/qroo.gob.mx\/sesesp\/?s={search_term_string}"},"query-input":"required name=search_term_string"}],"inLanguage":"es"}]}},"_links":{"self":[{"href":"https:\/\/qroo.gob.mx\/sesesp\/index.php\/wp-json\/wp\/v2\/pages\/38432"}],"collection":[{"href":"https:\/\/qroo.gob.mx\/sesesp\/index.php\/wp-json\/wp\/v2\/pages"}],"about":[{"href":"https:\/\/qroo.gob.mx\/sesesp\/index.php\/wp-json\/wp\/v2\/types\/page"}],"author":[{"embeddable":true,"href":"https:\/\/qroo.gob.mx\/sesesp\/index.php\/wp-json\/wp\/v2\/users\/4"}],"replies":[{"embeddable":true,"href":"https:\/\/qroo.gob.mx\/sesesp\/index.php\/wp-json\/wp\/v2\/comments?post=38432"}],"version-history":[{"count":22,"href":"https:\/\/qroo.gob.mx\/sesesp\/index.php\/wp-json\/wp\/v2\/pages\/38432\/revisions"}],"predecessor-version":[{"id":38538,"href":"https:\/\/qroo.gob.mx\/sesesp\/index.php\/wp-json\/wp\/v2\/pages\/38432\/revisions\/38538"}],"wp:attachment":[{"href":"https:\/\/qroo.gob.mx\/sesesp\/index.php\/wp-json\/wp\/v2\/media?parent=38432"}],"curies":[{"name":"wp","href":"https:\/\/api.w.org\/{rel}","templated":true}]}}