{"id":38240,"date":"2024-10-08T09:07:48","date_gmt":"2024-10-08T14:07:48","guid":{"rendered":"https:\/\/qroo.gob.mx\/sesesp\/?page_id=38240"},"modified":"2024-10-08T09:12:15","modified_gmt":"2024-10-08T14:12:15","slug":"personal-del-sesesp-mantiene-continua-capacitacion-en-prevencion-del-delito","status":"publish","type":"page","link":"https:\/\/qroo.gob.mx\/sesesp\/index.php\/personal-del-sesesp-mantiene-continua-capacitacion-en-prevencion-del-delito\/","title":{"rendered":"Personal del SESESP mantiene continua capacitaci\u00f3n en Prevenci\u00f3n del Delito"},"content":{"rendered":"\t\t<div data-elementor-type=\"wp-page\" data-elementor-id=\"38240\" class=\"elementor elementor-38240\">\n\t\t\t\t<div class=\"elementor-element elementor-element-5608520 e-flex e-con-boxed e-con e-parent\" data-id=\"5608520\" data-element_type=\"container\">\n\t\t\t\t\t<div class=\"e-con-inner\">\n\t\t\t\t<div class=\"elementor-element elementor-element-565b049 elementor-widget elementor-widget-heading\" data-id=\"565b049\" data-element_type=\"widget\" data-widget_type=\"heading.default\">\n\t\t\t\t<div class=\"elementor-widget-container\">\n\t\t\t<style>\/*! elementor - v3.23.0 - 15-07-2024 *\/\n.elementor-heading-title{padding:0;margin:0;line-height:1}.elementor-widget-heading .elementor-heading-title[class*=elementor-size-]>a{color:inherit;font-size:inherit;line-height:inherit}.elementor-widget-heading .elementor-heading-title.elementor-size-small{font-size:15px}.elementor-widget-heading .elementor-heading-title.elementor-size-medium{font-size:19px}.elementor-widget-heading .elementor-heading-title.elementor-size-large{font-size:29px}.elementor-widget-heading .elementor-heading-title.elementor-size-xl{font-size:39px}.elementor-widget-heading .elementor-heading-title.elementor-size-xxl{font-size:59px}<\/style><h2 class=\"elementor-heading-title elementor-size-default\">Personal del SESESP mantiene continua capacitaci\u00f3n en Prevenci\u00f3n del Delito<\/h2>\t\t<\/div>\n\t\t\t\t<\/div>\n\t\t\t\t<div class=\"elementor-element elementor-element-8d0a93f elementor-widget elementor-widget-image\" data-id=\"8d0a93f\" data-element_type=\"widget\" data-widget_type=\"image.default\">\n\t\t\t\t<div class=\"elementor-widget-container\">\n\t\t\t<style>\/*! elementor - v3.23.0 - 15-07-2024 *\/\n.elementor-widget-image{text-align:center}.elementor-widget-image a{display:inline-block}.elementor-widget-image a img[src$=\".svg\"]{width:48px}.elementor-widget-image img{vertical-align:middle;display:inline-block}<\/style>\t\t\t\t\t\t\t\t\t\t<img fetchpriority=\"high\" decoding=\"async\" width=\"1024\" height=\"515\" src=\"https:\/\/qroo.gob.mx\/sesesp\/wp-content\/uploads\/2024\/10\/WhatsApp-Image-2024-10-07-at-3.21.15-PM-3-1024x515.jpeg\" class=\"attachment-large size-large wp-image-38244\" alt=\"\" srcset=\"https:\/\/qroo.gob.mx\/sesesp\/wp-content\/uploads\/2024\/10\/WhatsApp-Image-2024-10-07-at-3.21.15-PM-3-1024x515.jpeg 1024w, https:\/\/qroo.gob.mx\/sesesp\/wp-content\/uploads\/2024\/10\/WhatsApp-Image-2024-10-07-at-3.21.15-PM-3-300x151.jpeg 300w, https:\/\/qroo.gob.mx\/sesesp\/wp-content\/uploads\/2024\/10\/WhatsApp-Image-2024-10-07-at-3.21.15-PM-3-768x386.jpeg 768w, https:\/\/qroo.gob.mx\/sesesp\/wp-content\/uploads\/2024\/10\/WhatsApp-Image-2024-10-07-at-3.21.15-PM-3.jpeg 1280w\" sizes=\"(max-width: 1024px) 100vw, 1024px\" \/>\t\t\t\t\t\t\t\t\t\t\t\t\t<\/div>\n\t\t\t\t<\/div>\n\t\t\t\t<div class=\"elementor-element elementor-element-2ebdc09 elementor-widget elementor-widget-text-editor\" data-id=\"2ebdc09\" data-element_type=\"widget\" data-widget_type=\"text-editor.default\">\n\t\t\t\t<div class=\"elementor-widget-container\">\n\t\t\t<style>\/*! elementor - v3.23.0 - 15-07-2024 *\/\n.elementor-widget-text-editor.elementor-drop-cap-view-stacked .elementor-drop-cap{background-color:#69727d;color:#fff}.elementor-widget-text-editor.elementor-drop-cap-view-framed .elementor-drop-cap{color:#69727d;border:3px solid;background-color:transparent}.elementor-widget-text-editor:not(.elementor-drop-cap-view-default) .elementor-drop-cap{margin-top:8px}.elementor-widget-text-editor:not(.elementor-drop-cap-view-default) .elementor-drop-cap-letter{width:1em;height:1em}.elementor-widget-text-editor .elementor-drop-cap{float:left;text-align:center;line-height:1;font-size:50px}.elementor-widget-text-editor .elementor-drop-cap-letter{display:inline-block}<\/style>\t\t\t\t<p><em>&#8220;Se abordaron temas como la transformaci\u00f3n positiva de conflictos, la cuesti\u00f3n social, finalizando con la prevenci\u00f3n comunitaria y las dimensiones de la violencia&#8221;<\/em><\/p>\t\t\t\t\t\t<\/div>\n\t\t\t\t<\/div>\n\t\t\t\t<div class=\"elementor-element elementor-element-7dd0a7e elementor-widget elementor-widget-text-editor\" data-id=\"7dd0a7e\" data-element_type=\"widget\" data-widget_type=\"text-editor.default\">\n\t\t\t\t<div class=\"elementor-widget-container\">\n\t\t\t\t\t\t\t<p><strong>Chetumal.-<\/strong> Para brindar una formaci\u00f3n continua que lleve a un proceso de transici\u00f3n positiva hacia la seguridad ciudadana, las y los servidores p\u00fablicos del Secretariado Ejecutivo del Sistema Estatal de Seguridad P\u00fablica (SESESP), fueron capacitados con el curso en \u201cMateria de Prevenci\u00f3n del Delito\u201d, inform\u00f3 su titular Adri\u00e1n Mart\u00ednez Ortega.<\/p><p><span style=\"text-align: var(--text-align); background-color: var(--base-3); color: var(--base-2);\">Como parte del Nuevo Acuerdo por el Bienestar y Desarrollo que Quintana Roo, que encabeza la gobernadora Mara Lezama Espinosa, se mantiene una continua capacitaci\u00f3n a los servidores p\u00fablicos del Estado, participando en esta ocasi\u00f3n 35 personas entre trabajadores del SESESP y elementos de la subdirecci\u00f3n de Prevenci\u00f3n del Delito del municipio de Oth\u00f3n P. Blanco.<\/span><\/p><p><span style=\"background-color: var(--base-3); color: var(--base-2); text-align: var(--text-align);\">Mart\u00ednez Ortega dijo que el \u201cCurso de Capacitaci\u00f3n en Materia de Prevenci\u00f3n del Delito\u201d fue impartido por el Gerardo Antonio Arzate Cerceres de la Universidad de Sinaloa, que se articul\u00f3 en cinco m\u00f3dulos, basados en lo que es el proceso de transici\u00f3n hacia lo que es la seguridad ciudadana.<\/span><\/p><p><span style=\"text-align: var(--text-align); background-color: var(--base-3); color: var(--base-2);\">Dijo que es un camino transitorio que busca cambiar la pol\u00edtica de acci\u00f3n de las instituciones en cargadas en materia de seguridad p\u00fablica a una seguridad ciudadana, basada m\u00e1s en la cuesti\u00f3n social, en la prevenci\u00f3n comunitaria, en la identificaci\u00f3n de factores de riesgos primarios, que realmente a corto tiempo nos pueden ayudar de entrada a mejorar la percepci\u00f3n que tiene la ciudadan\u00eda de inseguridad.<\/span><\/p><p><span style=\"text-align: var(--text-align); background-color: var(--base-3); color: var(--base-2);\">Los participantes trabajaron con la transformaci\u00f3n positiva de conflictos, la cuesti\u00f3n social y finalizaron con la prevenci\u00f3n comunitaria, las dimensiones de la violencia, como tratarlas, como identificarlas y como generar pol\u00edticas p\u00fablicas que nos den resultados positivos, que buscamos a favor de la sociedad de Quintana Roo, enfocados espec\u00edficamente el trabajo focalizado hacia Oth\u00f3n P. Blanco y Benito Ju\u00e1rez.<\/span><\/p>\t\t\t\t\t\t<\/div>\n\t\t\t\t<\/div>\n\t\t\t\t<div class=\"elementor-element elementor-element-6f01f5b elementor-widget elementor-widget-image-gallery\" data-id=\"6f01f5b\" data-element_type=\"widget\" data-widget_type=\"image-gallery.default\">\n\t\t\t\t<div class=\"elementor-widget-container\">\n\t\t\t<style>\/*! elementor - v3.23.0 - 15-07-2024 *\/\n.elementor-image-gallery .gallery-item{display:inline-block;text-align:center;vertical-align:top;width:100%;max-width:100%;margin:0 auto}.elementor-image-gallery .gallery-item img{margin:0 auto}.elementor-image-gallery .gallery-item .gallery-caption{margin:0}.elementor-image-gallery figure img{display:block}.elementor-image-gallery figure figcaption{width:100%}.gallery-spacing-custom .elementor-image-gallery .gallery-icon{padding:0}@media (min-width:768px){.elementor-image-gallery .gallery-columns-2 .gallery-item{max-width:50%}.elementor-image-gallery .gallery-columns-3 .gallery-item{max-width:33.33%}.elementor-image-gallery .gallery-columns-4 .gallery-item{max-width:25%}.elementor-image-gallery .gallery-columns-5 .gallery-item{max-width:20%}.elementor-image-gallery .gallery-columns-6 .gallery-item{max-width:16.666%}.elementor-image-gallery .gallery-columns-7 .gallery-item{max-width:14.28%}.elementor-image-gallery .gallery-columns-8 .gallery-item{max-width:12.5%}.elementor-image-gallery .gallery-columns-9 .gallery-item{max-width:11.11%}.elementor-image-gallery .gallery-columns-10 .gallery-item{max-width:10%}}@media (min-width:480px) and (max-width:767px){.elementor-image-gallery .gallery.gallery-columns-2 .gallery-item,.elementor-image-gallery .gallery.gallery-columns-3 .gallery-item,.elementor-image-gallery .gallery.gallery-columns-4 .gallery-item,.elementor-image-gallery .gallery.gallery-columns-5 .gallery-item,.elementor-image-gallery .gallery.gallery-columns-6 .gallery-item,.elementor-image-gallery .gallery.gallery-columns-7 .gallery-item,.elementor-image-gallery .gallery.gallery-columns-8 .gallery-item,.elementor-image-gallery .gallery.gallery-columns-9 .gallery-item,.elementor-image-gallery .gallery.gallery-columns-10 .gallery-item{max-width:50%}}@media (max-width:479px){.elementor-image-gallery .gallery.gallery-columns-2 .gallery-item,.elementor-image-gallery .gallery.gallery-columns-3 .gallery-item,.elementor-image-gallery .gallery.gallery-columns-4 .gallery-item,.elementor-image-gallery .gallery.gallery-columns-5 .gallery-item,.elementor-image-gallery .gallery.gallery-columns-6 .gallery-item,.elementor-image-gallery .gallery.gallery-columns-7 .gallery-item,.elementor-image-gallery .gallery.gallery-columns-8 .gallery-item,.elementor-image-gallery .gallery.gallery-columns-9 .gallery-item,.elementor-image-gallery .gallery.gallery-columns-10 .gallery-item{max-width:100%}}<\/style>\t\t<div class=\"elementor-image-gallery\">\n\t\t\t<div id='gallery-1' class='gallery galleryid-38240 gallery-columns-4 gallery-size-medium_large'><figure class='gallery-item'>\n\t\t\t<div class='gallery-icon landscape'>\n\t\t\t\t<a data-elementor-open-lightbox=\"yes\" data-elementor-lightbox-slideshow=\"6f01f5b\" data-elementor-lightbox-title=\"WhatsApp Image 2024-10-07 at 3.21.15 PM\" data-e-action-hash=\"#elementor-action%3Aaction%3Dlightbox%26settings%3DeyJpZCI6MzgyNDUsInVybCI6Imh0dHBzOlwvXC9xcm9vLmdvYi5teFwvc2VzZXNwXC93cC1jb250ZW50XC91cGxvYWRzXC8yMDI0XC8xMFwvV2hhdHNBcHAtSW1hZ2UtMjAyNC0xMC0wNy1hdC0zLjIxLjE1LVBNLmpwZWciLCJzbGlkZXNob3ciOiI2ZjAxZjViIn0%3D\" href='https:\/\/qroo.gob.mx\/sesesp\/wp-content\/uploads\/2024\/10\/WhatsApp-Image-2024-10-07-at-3.21.15-PM.jpeg'><img decoding=\"async\" width=\"768\" height=\"512\" src=\"https:\/\/qroo.gob.mx\/sesesp\/wp-content\/uploads\/2024\/10\/WhatsApp-Image-2024-10-07-at-3.21.15-PM-768x512.jpeg\" class=\"attachment-medium_large size-medium_large\" alt=\"\" srcset=\"https:\/\/qroo.gob.mx\/sesesp\/wp-content\/uploads\/2024\/10\/WhatsApp-Image-2024-10-07-at-3.21.15-PM-768x512.jpeg 768w, https:\/\/qroo.gob.mx\/sesesp\/wp-content\/uploads\/2024\/10\/WhatsApp-Image-2024-10-07-at-3.21.15-PM-300x200.jpeg 300w, https:\/\/qroo.gob.mx\/sesesp\/wp-content\/uploads\/2024\/10\/WhatsApp-Image-2024-10-07-at-3.21.15-PM-1024x682.jpeg 1024w, https:\/\/qroo.gob.mx\/sesesp\/wp-content\/uploads\/2024\/10\/WhatsApp-Image-2024-10-07-at-3.21.15-PM.jpeg 1280w\" sizes=\"(max-width: 768px) 100vw, 768px\" \/><\/a>\n\t\t\t<\/div><\/figure><figure class='gallery-item'>\n\t\t\t<div class='gallery-icon landscape'>\n\t\t\t\t<a data-elementor-open-lightbox=\"yes\" data-elementor-lightbox-slideshow=\"6f01f5b\" data-elementor-lightbox-title=\"WhatsApp Image 2024-10-07 at 3.21.15 PM (2)\" data-e-action-hash=\"#elementor-action%3Aaction%3Dlightbox%26settings%3DeyJpZCI6MzgyNDMsInVybCI6Imh0dHBzOlwvXC9xcm9vLmdvYi5teFwvc2VzZXNwXC93cC1jb250ZW50XC91cGxvYWRzXC8yMDI0XC8xMFwvV2hhdHNBcHAtSW1hZ2UtMjAyNC0xMC0wNy1hdC0zLjIxLjE1LVBNLTIuanBlZyIsInNsaWRlc2hvdyI6IjZmMDFmNWIifQ%3D%3D\" href='https:\/\/qroo.gob.mx\/sesesp\/wp-content\/uploads\/2024\/10\/WhatsApp-Image-2024-10-07-at-3.21.15-PM-2.jpeg'><img decoding=\"async\" width=\"768\" height=\"512\" src=\"https:\/\/qroo.gob.mx\/sesesp\/wp-content\/uploads\/2024\/10\/WhatsApp-Image-2024-10-07-at-3.21.15-PM-2-768x512.jpeg\" class=\"attachment-medium_large size-medium_large\" alt=\"\" srcset=\"https:\/\/qroo.gob.mx\/sesesp\/wp-content\/uploads\/2024\/10\/WhatsApp-Image-2024-10-07-at-3.21.15-PM-2-768x512.jpeg 768w, https:\/\/qroo.gob.mx\/sesesp\/wp-content\/uploads\/2024\/10\/WhatsApp-Image-2024-10-07-at-3.21.15-PM-2-300x200.jpeg 300w, https:\/\/qroo.gob.mx\/sesesp\/wp-content\/uploads\/2024\/10\/WhatsApp-Image-2024-10-07-at-3.21.15-PM-2-1024x682.jpeg 1024w, https:\/\/qroo.gob.mx\/sesesp\/wp-content\/uploads\/2024\/10\/WhatsApp-Image-2024-10-07-at-3.21.15-PM-2.jpeg 1280w\" sizes=\"(max-width: 768px) 100vw, 768px\" \/><\/a>\n\t\t\t<\/div><\/figure><figure class='gallery-item'>\n\t\t\t<div class='gallery-icon landscape'>\n\t\t\t\t<a data-elementor-open-lightbox=\"yes\" data-elementor-lightbox-slideshow=\"6f01f5b\" data-elementor-lightbox-title=\"WhatsApp Image 2024-10-07 at 3.21.15 PM (1)\" data-e-action-hash=\"#elementor-action%3Aaction%3Dlightbox%26settings%3DeyJpZCI6MzgyNDIsInVybCI6Imh0dHBzOlwvXC9xcm9vLmdvYi5teFwvc2VzZXNwXC93cC1jb250ZW50XC91cGxvYWRzXC8yMDI0XC8xMFwvV2hhdHNBcHAtSW1hZ2UtMjAyNC0xMC0wNy1hdC0zLjIxLjE1LVBNLTEuanBlZyIsInNsaWRlc2hvdyI6IjZmMDFmNWIifQ%3D%3D\" href='https:\/\/qroo.gob.mx\/sesesp\/wp-content\/uploads\/2024\/10\/WhatsApp-Image-2024-10-07-at-3.21.15-PM-1.jpeg'><img loading=\"lazy\" decoding=\"async\" width=\"768\" height=\"512\" src=\"https:\/\/qroo.gob.mx\/sesesp\/wp-content\/uploads\/2024\/10\/WhatsApp-Image-2024-10-07-at-3.21.15-PM-1-768x512.jpeg\" class=\"attachment-medium_large size-medium_large\" alt=\"\" srcset=\"https:\/\/qroo.gob.mx\/sesesp\/wp-content\/uploads\/2024\/10\/WhatsApp-Image-2024-10-07-at-3.21.15-PM-1-768x512.jpeg 768w, https:\/\/qroo.gob.mx\/sesesp\/wp-content\/uploads\/2024\/10\/WhatsApp-Image-2024-10-07-at-3.21.15-PM-1-300x200.jpeg 300w, https:\/\/qroo.gob.mx\/sesesp\/wp-content\/uploads\/2024\/10\/WhatsApp-Image-2024-10-07-at-3.21.15-PM-1-1024x682.jpeg 1024w, https:\/\/qroo.gob.mx\/sesesp\/wp-content\/uploads\/2024\/10\/WhatsApp-Image-2024-10-07-at-3.21.15-PM-1.jpeg 1280w\" sizes=\"(max-width: 768px) 100vw, 768px\" \/><\/a>\n\t\t\t<\/div><\/figure><figure class='gallery-item'>\n\t\t\t<div class='gallery-icon landscape'>\n\t\t\t\t<a data-elementor-open-lightbox=\"yes\" data-elementor-lightbox-slideshow=\"6f01f5b\" data-elementor-lightbox-title=\"WhatsApp Image 2024-10-07 at 3.21.15 PM (3)\" data-e-action-hash=\"#elementor-action%3Aaction%3Dlightbox%26settings%3DeyJpZCI6MzgyNDQsInVybCI6Imh0dHBzOlwvXC9xcm9vLmdvYi5teFwvc2VzZXNwXC93cC1jb250ZW50XC91cGxvYWRzXC8yMDI0XC8xMFwvV2hhdHNBcHAtSW1hZ2UtMjAyNC0xMC0wNy1hdC0zLjIxLjE1LVBNLTMuanBlZyIsInNsaWRlc2hvdyI6IjZmMDFmNWIifQ%3D%3D\" href='https:\/\/qroo.gob.mx\/sesesp\/wp-content\/uploads\/2024\/10\/WhatsApp-Image-2024-10-07-at-3.21.15-PM-3.jpeg'><img loading=\"lazy\" decoding=\"async\" width=\"768\" height=\"386\" src=\"https:\/\/qroo.gob.mx\/sesesp\/wp-content\/uploads\/2024\/10\/WhatsApp-Image-2024-10-07-at-3.21.15-PM-3-768x386.jpeg\" class=\"attachment-medium_large size-medium_large\" alt=\"\" srcset=\"https:\/\/qroo.gob.mx\/sesesp\/wp-content\/uploads\/2024\/10\/WhatsApp-Image-2024-10-07-at-3.21.15-PM-3-768x386.jpeg 768w, https:\/\/qroo.gob.mx\/sesesp\/wp-content\/uploads\/2024\/10\/WhatsApp-Image-2024-10-07-at-3.21.15-PM-3-300x151.jpeg 300w, https:\/\/qroo.gob.mx\/sesesp\/wp-content\/uploads\/2024\/10\/WhatsApp-Image-2024-10-07-at-3.21.15-PM-3-1024x515.jpeg 1024w, https:\/\/qroo.gob.mx\/sesesp\/wp-content\/uploads\/2024\/10\/WhatsApp-Image-2024-10-07-at-3.21.15-PM-3.jpeg 1280w\" sizes=\"(max-width: 768px) 100vw, 768px\" \/><\/a>\n\t\t\t<\/div><\/figure>\n\t\t<\/div>\n\t\t<\/div>\n\t\t\t\t<\/div>\n\t\t\t\t<\/div>\n\t\t\t\t\t<\/div>\n\t\t\t\t<\/div>\n\t\t\t\t<\/div>\n\t\t","protected":false},"excerpt":{"rendered":"<p>Personal del SESESP mantiene continua capacitaci\u00f3n en Prevenci\u00f3n del Delito &#8220;Se abordaron temas como la transformaci\u00f3n positiva de conflictos, la cuesti\u00f3n social, finalizando con la prevenci\u00f3n comunitaria y las dimensiones de la violencia&#8221; Chetumal.- Para brindar una formaci\u00f3n continua que lleve a un proceso de transici\u00f3n positiva hacia la seguridad ciudadana, las y los servidores &#8230; <a title=\"Personal del SESESP mantiene continua capacitaci\u00f3n en Prevenci\u00f3n del Delito\" class=\"read-more\" href=\"https:\/\/qroo.gob.mx\/sesesp\/index.php\/personal-del-sesesp-mantiene-continua-capacitacion-en-prevencion-del-delito\/\" aria-label=\"Leer m\u00e1s sobre Personal del SESESP mantiene continua capacitaci\u00f3n en Prevenci\u00f3n del Delito\">Leer m\u00e1s<\/a><\/p>\n","protected":false},"author":4,"featured_media":0,"parent":0,"menu_order":0,"comment_status":"closed","ping_status":"closed","template":"","meta":{"footnotes":""},"class_list":["post-38240","page","type-page","status-publish"],"yoast_head":"<!-- This site is optimized with the Yoast SEO plugin v23.0 - https:\/\/yoast.com\/wordpress\/plugins\/seo\/ -->\n<title>Personal del SESESP mantiene continua capacitaci\u00f3n en Prevenci\u00f3n del Delito - Secretariado Ejecutivo del Sistema Estatal de Seguridad P\u00fablica<\/title>\n<meta name=\"robots\" content=\"noindex, follow, max-snippet:-1, max-image-preview:large, max-video-preview:-1\" \/>\n<meta property=\"og:locale\" content=\"es_MX\" \/>\n<meta property=\"og:type\" content=\"article\" \/>\n<meta property=\"og:title\" content=\"Personal del SESESP mantiene continua capacitaci\u00f3n en Prevenci\u00f3n del Delito - Secretariado Ejecutivo del Sistema Estatal de Seguridad P\u00fablica\" \/>\n<meta property=\"og:description\" content=\"Personal del SESESP mantiene continua capacitaci\u00f3n en Prevenci\u00f3n del Delito &#8220;Se abordaron temas como la transformaci\u00f3n positiva de conflictos, la cuesti\u00f3n social, finalizando con la prevenci\u00f3n comunitaria y las dimensiones de la violencia&#8221; Chetumal.- Para brindar una formaci\u00f3n continua que lleve a un proceso de transici\u00f3n positiva hacia la seguridad ciudadana, las y los servidores ... Leer m\u00e1s\" \/>\n<meta property=\"og:url\" content=\"https:\/\/qroo.gob.mx\/sesesp\/index.php\/personal-del-sesesp-mantiene-continua-capacitacion-en-prevencion-del-delito\/\" \/>\n<meta property=\"og:site_name\" content=\"Secretariado Ejecutivo del Sistema Estatal de Seguridad P\u00fablica\" \/>\n<meta property=\"article:modified_time\" content=\"2024-10-08T14:12:15+00:00\" \/>\n<meta property=\"og:image\" content=\"https:\/\/qroo.gob.mx\/sesesp\/wp-content\/uploads\/2024\/10\/WhatsApp-Image-2024-10-07-at-3.21.15-PM-3-1024x515.jpeg\" \/>\n<meta name=\"twitter:card\" content=\"summary_large_image\" \/>\n<meta name=\"twitter:label1\" content=\"Tiempo de lectura\" \/>\n\t<meta name=\"twitter:data1\" content=\"3 minutos\" \/>\n<script type=\"application\/ld+json\" class=\"yoast-schema-graph\">{\"@context\":\"https:\/\/schema.org\",\"@graph\":[{\"@type\":\"WebPage\",\"@id\":\"https:\/\/qroo.gob.mx\/sesesp\/index.php\/personal-del-sesesp-mantiene-continua-capacitacion-en-prevencion-del-delito\/\",\"url\":\"https:\/\/qroo.gob.mx\/sesesp\/index.php\/personal-del-sesesp-mantiene-continua-capacitacion-en-prevencion-del-delito\/\",\"name\":\"Personal del SESESP mantiene continua capacitaci\u00f3n en Prevenci\u00f3n del Delito - Secretariado Ejecutivo del Sistema Estatal de Seguridad P\u00fablica\",\"isPartOf\":{\"@id\":\"https:\/\/qroo.gob.mx\/sesesp\/#website\"},\"primaryImageOfPage\":{\"@id\":\"https:\/\/qroo.gob.mx\/sesesp\/index.php\/personal-del-sesesp-mantiene-continua-capacitacion-en-prevencion-del-delito\/#primaryimage\"},\"image\":{\"@id\":\"https:\/\/qroo.gob.mx\/sesesp\/index.php\/personal-del-sesesp-mantiene-continua-capacitacion-en-prevencion-del-delito\/#primaryimage\"},\"thumbnailUrl\":\"https:\/\/qroo.gob.mx\/sesesp\/wp-content\/uploads\/2024\/10\/WhatsApp-Image-2024-10-07-at-3.21.15-PM-3-1024x515.jpeg\",\"datePublished\":\"2024-10-08T14:07:48+00:00\",\"dateModified\":\"2024-10-08T14:12:15+00:00\",\"breadcrumb\":{\"@id\":\"https:\/\/qroo.gob.mx\/sesesp\/index.php\/personal-del-sesesp-mantiene-continua-capacitacion-en-prevencion-del-delito\/#breadcrumb\"},\"inLanguage\":\"es\",\"potentialAction\":[{\"@type\":\"ReadAction\",\"target\":[\"https:\/\/qroo.gob.mx\/sesesp\/index.php\/personal-del-sesesp-mantiene-continua-capacitacion-en-prevencion-del-delito\/\"]}]},{\"@type\":\"ImageObject\",\"inLanguage\":\"es\",\"@id\":\"https:\/\/qroo.gob.mx\/sesesp\/index.php\/personal-del-sesesp-mantiene-continua-capacitacion-en-prevencion-del-delito\/#primaryimage\",\"url\":\"https:\/\/qroo.gob.mx\/sesesp\/wp-content\/uploads\/2024\/10\/WhatsApp-Image-2024-10-07-at-3.21.15-PM-3.jpeg\",\"contentUrl\":\"https:\/\/qroo.gob.mx\/sesesp\/wp-content\/uploads\/2024\/10\/WhatsApp-Image-2024-10-07-at-3.21.15-PM-3.jpeg\",\"width\":1280,\"height\":644},{\"@type\":\"BreadcrumbList\",\"@id\":\"https:\/\/qroo.gob.mx\/sesesp\/index.php\/personal-del-sesesp-mantiene-continua-capacitacion-en-prevencion-del-delito\/#breadcrumb\",\"itemListElement\":[{\"@type\":\"ListItem\",\"position\":1,\"name\":\"Inicio\",\"item\":\"https:\/\/qroo.gob.mx\/sesesp\/\"},{\"@type\":\"ListItem\",\"position\":2,\"name\":\"Personal del SESESP mantiene continua capacitaci\u00f3n en Prevenci\u00f3n del Delito\"}]},{\"@type\":\"WebSite\",\"@id\":\"https:\/\/qroo.gob.mx\/sesesp\/#website\",\"url\":\"https:\/\/qroo.gob.mx\/sesesp\/\",\"name\":\"Secretariado Ejecutivo del Sistema Estatal de Seguridad P\u00fablica\",\"description\":\"\",\"potentialAction\":[{\"@type\":\"SearchAction\",\"target\":{\"@type\":\"EntryPoint\",\"urlTemplate\":\"https:\/\/qroo.gob.mx\/sesesp\/?s={search_term_string}\"},\"query-input\":\"required name=search_term_string\"}],\"inLanguage\":\"es\"}]}<\/script>\n<!-- \/ Yoast SEO plugin. -->","yoast_head_json":{"title":"Personal del SESESP mantiene continua capacitaci\u00f3n en Prevenci\u00f3n del Delito - Secretariado Ejecutivo del Sistema Estatal de Seguridad P\u00fablica","robots":{"index":"noindex","follow":"follow","max-snippet":"max-snippet:-1","max-image-preview":"max-image-preview:large","max-video-preview":"max-video-preview:-1"},"og_locale":"es_MX","og_type":"article","og_title":"Personal del SESESP mantiene continua capacitaci\u00f3n en Prevenci\u00f3n del Delito - Secretariado Ejecutivo del Sistema Estatal de Seguridad P\u00fablica","og_description":"Personal del SESESP mantiene continua capacitaci\u00f3n en Prevenci\u00f3n del Delito &#8220;Se abordaron temas como la transformaci\u00f3n positiva de conflictos, la cuesti\u00f3n social, finalizando con la prevenci\u00f3n comunitaria y las dimensiones de la violencia&#8221; Chetumal.- Para brindar una formaci\u00f3n continua que lleve a un proceso de transici\u00f3n positiva hacia la seguridad ciudadana, las y los servidores ... Leer m\u00e1s","og_url":"https:\/\/qroo.gob.mx\/sesesp\/index.php\/personal-del-sesesp-mantiene-continua-capacitacion-en-prevencion-del-delito\/","og_site_name":"Secretariado Ejecutivo del Sistema Estatal de Seguridad P\u00fablica","article_modified_time":"2024-10-08T14:12:15+00:00","og_image":[{"url":"https:\/\/qroo.gob.mx\/sesesp\/wp-content\/uploads\/2024\/10\/WhatsApp-Image-2024-10-07-at-3.21.15-PM-3-1024x515.jpeg"}],"twitter_card":"summary_large_image","twitter_misc":{"Tiempo de lectura":"3 minutos"},"schema":{"@context":"https:\/\/schema.org","@graph":[{"@type":"WebPage","@id":"https:\/\/qroo.gob.mx\/sesesp\/index.php\/personal-del-sesesp-mantiene-continua-capacitacion-en-prevencion-del-delito\/","url":"https:\/\/qroo.gob.mx\/sesesp\/index.php\/personal-del-sesesp-mantiene-continua-capacitacion-en-prevencion-del-delito\/","name":"Personal del SESESP mantiene continua capacitaci\u00f3n en Prevenci\u00f3n del Delito - Secretariado Ejecutivo del Sistema Estatal de Seguridad P\u00fablica","isPartOf":{"@id":"https:\/\/qroo.gob.mx\/sesesp\/#website"},"primaryImageOfPage":{"@id":"https:\/\/qroo.gob.mx\/sesesp\/index.php\/personal-del-sesesp-mantiene-continua-capacitacion-en-prevencion-del-delito\/#primaryimage"},"image":{"@id":"https:\/\/qroo.gob.mx\/sesesp\/index.php\/personal-del-sesesp-mantiene-continua-capacitacion-en-prevencion-del-delito\/#primaryimage"},"thumbnailUrl":"https:\/\/qroo.gob.mx\/sesesp\/wp-content\/uploads\/2024\/10\/WhatsApp-Image-2024-10-07-at-3.21.15-PM-3-1024x515.jpeg","datePublished":"2024-10-08T14:07:48+00:00","dateModified":"2024-10-08T14:12:15+00:00","breadcrumb":{"@id":"https:\/\/qroo.gob.mx\/sesesp\/index.php\/personal-del-sesesp-mantiene-continua-capacitacion-en-prevencion-del-delito\/#breadcrumb"},"inLanguage":"es","potentialAction":[{"@type":"ReadAction","target":["https:\/\/qroo.gob.mx\/sesesp\/index.php\/personal-del-sesesp-mantiene-continua-capacitacion-en-prevencion-del-delito\/"]}]},{"@type":"ImageObject","inLanguage":"es","@id":"https:\/\/qroo.gob.mx\/sesesp\/index.php\/personal-del-sesesp-mantiene-continua-capacitacion-en-prevencion-del-delito\/#primaryimage","url":"https:\/\/qroo.gob.mx\/sesesp\/wp-content\/uploads\/2024\/10\/WhatsApp-Image-2024-10-07-at-3.21.15-PM-3.jpeg","contentUrl":"https:\/\/qroo.gob.mx\/sesesp\/wp-content\/uploads\/2024\/10\/WhatsApp-Image-2024-10-07-at-3.21.15-PM-3.jpeg","width":1280,"height":644},{"@type":"BreadcrumbList","@id":"https:\/\/qroo.gob.mx\/sesesp\/index.php\/personal-del-sesesp-mantiene-continua-capacitacion-en-prevencion-del-delito\/#breadcrumb","itemListElement":[{"@type":"ListItem","position":1,"name":"Inicio","item":"https:\/\/qroo.gob.mx\/sesesp\/"},{"@type":"ListItem","position":2,"name":"Personal del SESESP mantiene continua capacitaci\u00f3n en Prevenci\u00f3n del Delito"}]},{"@type":"WebSite","@id":"https:\/\/qroo.gob.mx\/sesesp\/#website","url":"https:\/\/qroo.gob.mx\/sesesp\/","name":"Secretariado Ejecutivo del Sistema Estatal de Seguridad P\u00fablica","description":"","potentialAction":[{"@type":"SearchAction","target":{"@type":"EntryPoint","urlTemplate":"https:\/\/qroo.gob.mx\/sesesp\/?s={search_term_string}"},"query-input":"required name=search_term_string"}],"inLanguage":"es"}]}},"_links":{"self":[{"href":"https:\/\/qroo.gob.mx\/sesesp\/index.php\/wp-json\/wp\/v2\/pages\/38240"}],"collection":[{"href":"https:\/\/qroo.gob.mx\/sesesp\/index.php\/wp-json\/wp\/v2\/pages"}],"about":[{"href":"https:\/\/qroo.gob.mx\/sesesp\/index.php\/wp-json\/wp\/v2\/types\/page"}],"author":[{"embeddable":true,"href":"https:\/\/qroo.gob.mx\/sesesp\/index.php\/wp-json\/wp\/v2\/users\/4"}],"replies":[{"embeddable":true,"href":"https:\/\/qroo.gob.mx\/sesesp\/index.php\/wp-json\/wp\/v2\/comments?post=38240"}],"version-history":[{"count":4,"href":"https:\/\/qroo.gob.mx\/sesesp\/index.php\/wp-json\/wp\/v2\/pages\/38240\/revisions"}],"predecessor-version":[{"id":38248,"href":"https:\/\/qroo.gob.mx\/sesesp\/index.php\/wp-json\/wp\/v2\/pages\/38240\/revisions\/38248"}],"wp:attachment":[{"href":"https:\/\/qroo.gob.mx\/sesesp\/index.php\/wp-json\/wp\/v2\/media?parent=38240"}],"curies":[{"name":"wp","href":"https:\/\/api.w.org\/{rel}","templated":true}]}}