{"id":38222,"date":"2024-10-04T15:24:35","date_gmt":"2024-10-04T20:24:35","guid":{"rendered":"https:\/\/qroo.gob.mx\/sesesp\/?page_id=38222"},"modified":"2024-10-04T15:34:31","modified_gmt":"2024-10-04T20:34:31","slug":"finalizacion-diplomado","status":"publish","type":"page","link":"https:\/\/qroo.gob.mx\/sesesp\/index.php\/finalizacion-diplomado\/","title":{"rendered":"finalizacion-diplomado"},"content":{"rendered":"\t\t<div data-elementor-type=\"wp-page\" data-elementor-id=\"38222\" class=\"elementor elementor-38222\">\n\t\t\t\t<div class=\"elementor-element elementor-element-1fa94e5 e-flex e-con-boxed e-con e-parent\" data-id=\"1fa94e5\" data-element_type=\"container\">\n\t\t\t\t\t<div class=\"e-con-inner\">\n\t\t\t\t<div class=\"elementor-element elementor-element-4ac01bf elementor-widget elementor-widget-heading\" data-id=\"4ac01bf\" data-element_type=\"widget\" data-widget_type=\"heading.default\">\n\t\t\t\t<div class=\"elementor-widget-container\">\n\t\t\t<style>\/*! elementor - v3.23.0 - 15-07-2024 *\/\n.elementor-heading-title{padding:0;margin:0;line-height:1}.elementor-widget-heading .elementor-heading-title[class*=elementor-size-]>a{color:inherit;font-size:inherit;line-height:inherit}.elementor-widget-heading .elementor-heading-title.elementor-size-small{font-size:15px}.elementor-widget-heading .elementor-heading-title.elementor-size-medium{font-size:19px}.elementor-widget-heading .elementor-heading-title.elementor-size-large{font-size:29px}.elementor-widget-heading .elementor-heading-title.elementor-size-xl{font-size:39px}.elementor-widget-heading .elementor-heading-title.elementor-size-xxl{font-size:59px}<\/style><h2 class=\"elementor-heading-title elementor-size-default\">Servidoras y servidores p\u00fablicos quintanarroenses se capacitan en violencia de g\u00e9nero: SESESP <\/h2>\t\t<\/div>\n\t\t\t\t<\/div>\n\t\t\t\t<div class=\"elementor-element elementor-element-050cad7 elementor-widget elementor-widget-image\" data-id=\"050cad7\" data-element_type=\"widget\" data-widget_type=\"image.default\">\n\t\t\t\t<div class=\"elementor-widget-container\">\n\t\t\t<style>\/*! elementor - v3.23.0 - 15-07-2024 *\/\n.elementor-widget-image{text-align:center}.elementor-widget-image a{display:inline-block}.elementor-widget-image a img[src$=\".svg\"]{width:48px}.elementor-widget-image img{vertical-align:middle;display:inline-block}<\/style>\t\t\t\t\t\t\t\t\t\t<img fetchpriority=\"high\" decoding=\"async\" width=\"1024\" height=\"534\" src=\"https:\/\/qroo.gob.mx\/sesesp\/wp-content\/uploads\/2024\/10\/WhatsApp-Image-2024-10-04-at-3.22.32-PM-1024x534.jpeg\" class=\"attachment-large size-large wp-image-38230\" alt=\"\" srcset=\"https:\/\/qroo.gob.mx\/sesesp\/wp-content\/uploads\/2024\/10\/WhatsApp-Image-2024-10-04-at-3.22.32-PM-1024x534.jpeg 1024w, https:\/\/qroo.gob.mx\/sesesp\/wp-content\/uploads\/2024\/10\/WhatsApp-Image-2024-10-04-at-3.22.32-PM-300x156.jpeg 300w, https:\/\/qroo.gob.mx\/sesesp\/wp-content\/uploads\/2024\/10\/WhatsApp-Image-2024-10-04-at-3.22.32-PM-768x400.jpeg 768w, https:\/\/qroo.gob.mx\/sesesp\/wp-content\/uploads\/2024\/10\/WhatsApp-Image-2024-10-04-at-3.22.32-PM.jpeg 1280w\" sizes=\"(max-width: 1024px) 100vw, 1024px\" \/>\t\t\t\t\t\t\t\t\t\t\t\t\t<\/div>\n\t\t\t\t<\/div>\n\t\t\t\t<div class=\"elementor-element elementor-element-f6869b1 elementor-widget elementor-widget-text-editor\" data-id=\"f6869b1\" data-element_type=\"widget\" data-widget_type=\"text-editor.default\">\n\t\t\t\t<div class=\"elementor-widget-container\">\n\t\t\t<style>\/*! elementor - v3.23.0 - 15-07-2024 *\/\n.elementor-widget-text-editor.elementor-drop-cap-view-stacked .elementor-drop-cap{background-color:#69727d;color:#fff}.elementor-widget-text-editor.elementor-drop-cap-view-framed .elementor-drop-cap{color:#69727d;border:3px solid;background-color:transparent}.elementor-widget-text-editor:not(.elementor-drop-cap-view-default) .elementor-drop-cap{margin-top:8px}.elementor-widget-text-editor:not(.elementor-drop-cap-view-default) .elementor-drop-cap-letter{width:1em;height:1em}.elementor-widget-text-editor .elementor-drop-cap{float:left;text-align:center;line-height:1;font-size:50px}.elementor-widget-text-editor .elementor-drop-cap-letter{display:inline-block}<\/style>\t\t\t\t<p>Un total de 69 finalizaron el diplomado \u201cEstrategia Educativa en Derechos Humanos y Perspectiva de G\u00e9nero\u201d<\/p>\t\t\t\t\t\t<\/div>\n\t\t\t\t<\/div>\n\t\t\t\t<div class=\"elementor-element elementor-element-1bafe7d elementor-widget elementor-widget-text-editor\" data-id=\"1bafe7d\" data-element_type=\"widget\" data-widget_type=\"text-editor.default\">\n\t\t\t\t<div class=\"elementor-widget-container\">\n\t\t\t\t\t\t\t<p>Canc\u00fan.- Para fortalecer y sensibilizar a las y los servidores p\u00fablicos en la atenci\u00f3n de la violencia de g\u00e9nero y brindando herramientas para una Construcci\u00f3n de Paz, finaliz\u00f3 el Diplomado \u201cEstrategia Educativa en Derechos Humanos y Perspectiva de G\u00e9nero\u201d, inform\u00f3 Adri\u00e1n Mart\u00ednez Ortega, titular del Secretariado Ejecutivo del Sistema Estatal de Seguridad P\u00fablica (SESESP).<\/p><p><br \/>Como parte del Nuevo Acuerdo por el Bienestar y Desarrollo de Quintana Roo que promueve la gobernadora Mara Lezama Espinosa, hoy las y los servidores p\u00fablicos estatales y municipales, son capacitados para un mejor desempa\u00f1o de sus funciones; conocimientos que les permitir\u00e1 interactuar con la ciudadan\u00eda con mayor eficacia.<\/p><p><br \/>Mart\u00ednez Ortega indic\u00f3 que este mi\u00e9rcoles se realiz\u00f3 la clausura y entrega de certificados del Diplomado \u201cEstrategia Educativa en Derechos Humanos y Perspectiva de G\u00e9nero\u201d en el que participaron servidores p\u00fablicos de los municipios de cinco ayuntamientos.<br \/>Entre los participantes se encuentran Benito Ju\u00e1rez, Cozumel, Puerto Morelos, Solidaridad y Oth\u00f3n P. Blanco de las \u00e1reas de los Grupos Especializado de Atenci\u00f3n a la Violencia de G\u00e9nero (GEAVIG), Prevenci\u00f3n del Delito, IQM, SIPINNA, SEGOB, Derechos Humanos, Coordinaci\u00f3n de Comunicaci\u00f3n y el Instituto Municipal de la Mujer de Benito Ju\u00e1rez.<\/p><p><br \/>Concluyeron 69 servidores p\u00fablicos el diplomado que tuvo una duraci\u00f3n de 120 horas que fueron impartidas en los meses de agosto hasta octubre, con el objetivo de prevenir conductas que vulneran los derechos humanos; atendiendo los mecanismos que establece la normatividad nacional e internacional, brindando herramientas que nos generen una Construcci\u00f3n de Paz.<\/p>\t\t\t\t\t\t<\/div>\n\t\t\t\t<\/div>\n\t\t\t\t<div class=\"elementor-element elementor-element-60f2ab9 elementor-widget elementor-widget-image-gallery\" data-id=\"60f2ab9\" data-element_type=\"widget\" data-widget_type=\"image-gallery.default\">\n\t\t\t\t<div class=\"elementor-widget-container\">\n\t\t\t<style>\/*! elementor - v3.23.0 - 15-07-2024 *\/\n.elementor-image-gallery .gallery-item{display:inline-block;text-align:center;vertical-align:top;width:100%;max-width:100%;margin:0 auto}.elementor-image-gallery .gallery-item img{margin:0 auto}.elementor-image-gallery .gallery-item .gallery-caption{margin:0}.elementor-image-gallery figure img{display:block}.elementor-image-gallery figure figcaption{width:100%}.gallery-spacing-custom .elementor-image-gallery .gallery-icon{padding:0}@media (min-width:768px){.elementor-image-gallery .gallery-columns-2 .gallery-item{max-width:50%}.elementor-image-gallery .gallery-columns-3 .gallery-item{max-width:33.33%}.elementor-image-gallery .gallery-columns-4 .gallery-item{max-width:25%}.elementor-image-gallery .gallery-columns-5 .gallery-item{max-width:20%}.elementor-image-gallery .gallery-columns-6 .gallery-item{max-width:16.666%}.elementor-image-gallery .gallery-columns-7 .gallery-item{max-width:14.28%}.elementor-image-gallery .gallery-columns-8 .gallery-item{max-width:12.5%}.elementor-image-gallery .gallery-columns-9 .gallery-item{max-width:11.11%}.elementor-image-gallery .gallery-columns-10 .gallery-item{max-width:10%}}@media (min-width:480px) and (max-width:767px){.elementor-image-gallery .gallery.gallery-columns-2 .gallery-item,.elementor-image-gallery .gallery.gallery-columns-3 .gallery-item,.elementor-image-gallery .gallery.gallery-columns-4 .gallery-item,.elementor-image-gallery .gallery.gallery-columns-5 .gallery-item,.elementor-image-gallery .gallery.gallery-columns-6 .gallery-item,.elementor-image-gallery .gallery.gallery-columns-7 .gallery-item,.elementor-image-gallery .gallery.gallery-columns-8 .gallery-item,.elementor-image-gallery .gallery.gallery-columns-9 .gallery-item,.elementor-image-gallery .gallery.gallery-columns-10 .gallery-item{max-width:50%}}@media (max-width:479px){.elementor-image-gallery .gallery.gallery-columns-2 .gallery-item,.elementor-image-gallery .gallery.gallery-columns-3 .gallery-item,.elementor-image-gallery .gallery.gallery-columns-4 .gallery-item,.elementor-image-gallery .gallery.gallery-columns-5 .gallery-item,.elementor-image-gallery .gallery.gallery-columns-6 .gallery-item,.elementor-image-gallery .gallery.gallery-columns-7 .gallery-item,.elementor-image-gallery .gallery.gallery-columns-8 .gallery-item,.elementor-image-gallery .gallery.gallery-columns-9 .gallery-item,.elementor-image-gallery .gallery.gallery-columns-10 .gallery-item{max-width:100%}}<\/style>\t\t<div class=\"elementor-image-gallery\">\n\t\t\t<div id='gallery-1' class='gallery galleryid-38222 gallery-columns-4 gallery-size-full'><figure class='gallery-item'>\n\t\t\t<div class='gallery-icon landscape'>\n\t\t\t\t<a data-elementor-open-lightbox=\"yes\" data-elementor-lightbox-slideshow=\"60f2ab9\" data-elementor-lightbox-title=\"09e2bc00-55ee-49d1-9e58-9128cc792458\" data-e-action-hash=\"#elementor-action%3Aaction%3Dlightbox%26settings%3DeyJpZCI6MzgyMzUsInVybCI6Imh0dHBzOlwvXC9xcm9vLmdvYi5teFwvc2VzZXNwXC93cC1jb250ZW50XC91cGxvYWRzXC8yMDI0XC8xMFwvMDllMmJjMDAtNTVlZS00OWQxLTllNTgtOTEyOGNjNzkyNDU4LmpwZyIsInNsaWRlc2hvdyI6IjYwZjJhYjkifQ%3D%3D\" href='https:\/\/qroo.gob.mx\/sesesp\/wp-content\/uploads\/2024\/10\/09e2bc00-55ee-49d1-9e58-9128cc792458.jpg'><img decoding=\"async\" width=\"1280\" height=\"667\" src=\"https:\/\/qroo.gob.mx\/sesesp\/wp-content\/uploads\/2024\/10\/09e2bc00-55ee-49d1-9e58-9128cc792458.jpg\" class=\"attachment-full size-full\" alt=\"\" srcset=\"https:\/\/qroo.gob.mx\/sesesp\/wp-content\/uploads\/2024\/10\/09e2bc00-55ee-49d1-9e58-9128cc792458.jpg 1280w, https:\/\/qroo.gob.mx\/sesesp\/wp-content\/uploads\/2024\/10\/09e2bc00-55ee-49d1-9e58-9128cc792458-300x156.jpg 300w, https:\/\/qroo.gob.mx\/sesesp\/wp-content\/uploads\/2024\/10\/09e2bc00-55ee-49d1-9e58-9128cc792458-1024x534.jpg 1024w, https:\/\/qroo.gob.mx\/sesesp\/wp-content\/uploads\/2024\/10\/09e2bc00-55ee-49d1-9e58-9128cc792458-768x400.jpg 768w\" sizes=\"(max-width: 1280px) 100vw, 1280px\" \/><\/a>\n\t\t\t<\/div><\/figure><figure class='gallery-item'>\n\t\t\t<div class='gallery-icon landscape'>\n\t\t\t\t<a data-elementor-open-lightbox=\"yes\" data-elementor-lightbox-slideshow=\"60f2ab9\" data-elementor-lightbox-title=\"fa2814fd-1ce6-49e0-9d36-f1ca584c3dc6\" data-e-action-hash=\"#elementor-action%3Aaction%3Dlightbox%26settings%3DeyJpZCI6MzgyMzQsInVybCI6Imh0dHBzOlwvXC9xcm9vLmdvYi5teFwvc2VzZXNwXC93cC1jb250ZW50XC91cGxvYWRzXC8yMDI0XC8xMFwvZmEyODE0ZmQtMWNlNi00OWUwLTlkMzYtZjFjYTU4NGMzZGM2LmpwZyIsInNsaWRlc2hvdyI6IjYwZjJhYjkifQ%3D%3D\" href='https:\/\/qroo.gob.mx\/sesesp\/wp-content\/uploads\/2024\/10\/fa2814fd-1ce6-49e0-9d36-f1ca584c3dc6.jpg'><img decoding=\"async\" width=\"1215\" height=\"771\" src=\"https:\/\/qroo.gob.mx\/sesesp\/wp-content\/uploads\/2024\/10\/fa2814fd-1ce6-49e0-9d36-f1ca584c3dc6.jpg\" class=\"attachment-full size-full\" alt=\"\" srcset=\"https:\/\/qroo.gob.mx\/sesesp\/wp-content\/uploads\/2024\/10\/fa2814fd-1ce6-49e0-9d36-f1ca584c3dc6.jpg 1215w, https:\/\/qroo.gob.mx\/sesesp\/wp-content\/uploads\/2024\/10\/fa2814fd-1ce6-49e0-9d36-f1ca584c3dc6-300x190.jpg 300w, https:\/\/qroo.gob.mx\/sesesp\/wp-content\/uploads\/2024\/10\/fa2814fd-1ce6-49e0-9d36-f1ca584c3dc6-1024x650.jpg 1024w, https:\/\/qroo.gob.mx\/sesesp\/wp-content\/uploads\/2024\/10\/fa2814fd-1ce6-49e0-9d36-f1ca584c3dc6-768x487.jpg 768w\" sizes=\"(max-width: 1215px) 100vw, 1215px\" \/><\/a>\n\t\t\t<\/div><\/figure><figure class='gallery-item'>\n\t\t\t<div class='gallery-icon landscape'>\n\t\t\t\t<a data-elementor-open-lightbox=\"yes\" data-elementor-lightbox-slideshow=\"60f2ab9\" data-elementor-lightbox-title=\"3b85f4b1-b644-4c0a-a9b1-c1870e43c1e4\" data-e-action-hash=\"#elementor-action%3Aaction%3Dlightbox%26settings%3DeyJpZCI6MzgyMzMsInVybCI6Imh0dHBzOlwvXC9xcm9vLmdvYi5teFwvc2VzZXNwXC93cC1jb250ZW50XC91cGxvYWRzXC8yMDI0XC8xMFwvM2I4NWY0YjEtYjY0NC00YzBhLWE5YjEtYzE4NzBlNDNjMWU0LmpwZyIsInNsaWRlc2hvdyI6IjYwZjJhYjkifQ%3D%3D\" href='https:\/\/qroo.gob.mx\/sesesp\/wp-content\/uploads\/2024\/10\/3b85f4b1-b644-4c0a-a9b1-c1870e43c1e4.jpg'><img loading=\"lazy\" decoding=\"async\" width=\"1238\" height=\"756\" src=\"https:\/\/qroo.gob.mx\/sesesp\/wp-content\/uploads\/2024\/10\/3b85f4b1-b644-4c0a-a9b1-c1870e43c1e4.jpg\" class=\"attachment-full size-full\" alt=\"\" srcset=\"https:\/\/qroo.gob.mx\/sesesp\/wp-content\/uploads\/2024\/10\/3b85f4b1-b644-4c0a-a9b1-c1870e43c1e4.jpg 1238w, https:\/\/qroo.gob.mx\/sesesp\/wp-content\/uploads\/2024\/10\/3b85f4b1-b644-4c0a-a9b1-c1870e43c1e4-300x183.jpg 300w, https:\/\/qroo.gob.mx\/sesesp\/wp-content\/uploads\/2024\/10\/3b85f4b1-b644-4c0a-a9b1-c1870e43c1e4-1024x625.jpg 1024w, https:\/\/qroo.gob.mx\/sesesp\/wp-content\/uploads\/2024\/10\/3b85f4b1-b644-4c0a-a9b1-c1870e43c1e4-768x469.jpg 768w\" sizes=\"(max-width: 1238px) 100vw, 1238px\" \/><\/a>\n\t\t\t<\/div><\/figure><figure class='gallery-item'>\n\t\t\t<div class='gallery-icon landscape'>\n\t\t\t\t<a data-elementor-open-lightbox=\"yes\" data-elementor-lightbox-slideshow=\"60f2ab9\" data-elementor-lightbox-title=\"3d5417a3-2b74-4915-af82-c9921d47c262\" data-e-action-hash=\"#elementor-action%3Aaction%3Dlightbox%26settings%3DeyJpZCI6MzgyMzIsInVybCI6Imh0dHBzOlwvXC9xcm9vLmdvYi5teFwvc2VzZXNwXC93cC1jb250ZW50XC91cGxvYWRzXC8yMDI0XC8xMFwvM2Q1NDE3YTMtMmI3NC00OTE1LWFmODItYzk5MjFkNDdjMjYyLmpwZyIsInNsaWRlc2hvdyI6IjYwZjJhYjkifQ%3D%3D\" href='https:\/\/qroo.gob.mx\/sesesp\/wp-content\/uploads\/2024\/10\/3d5417a3-2b74-4915-af82-c9921d47c262.jpg'><img loading=\"lazy\" decoding=\"async\" width=\"1280\" height=\"681\" src=\"https:\/\/qroo.gob.mx\/sesesp\/wp-content\/uploads\/2024\/10\/3d5417a3-2b74-4915-af82-c9921d47c262.jpg\" class=\"attachment-full size-full\" alt=\"\" srcset=\"https:\/\/qroo.gob.mx\/sesesp\/wp-content\/uploads\/2024\/10\/3d5417a3-2b74-4915-af82-c9921d47c262.jpg 1280w, https:\/\/qroo.gob.mx\/sesesp\/wp-content\/uploads\/2024\/10\/3d5417a3-2b74-4915-af82-c9921d47c262-300x160.jpg 300w, https:\/\/qroo.gob.mx\/sesesp\/wp-content\/uploads\/2024\/10\/3d5417a3-2b74-4915-af82-c9921d47c262-1024x545.jpg 1024w, https:\/\/qroo.gob.mx\/sesesp\/wp-content\/uploads\/2024\/10\/3d5417a3-2b74-4915-af82-c9921d47c262-768x409.jpg 768w\" sizes=\"(max-width: 1280px) 100vw, 1280px\" \/><\/a>\n\t\t\t<\/div><\/figure><figure class='gallery-item'>\n\t\t\t<div class='gallery-icon landscape'>\n\t\t\t\t<a data-elementor-open-lightbox=\"yes\" data-elementor-lightbox-slideshow=\"60f2ab9\" data-elementor-lightbox-title=\"64704027-c273-4242-9cd1-c4ae8e424967\" data-e-action-hash=\"#elementor-action%3Aaction%3Dlightbox%26settings%3DeyJpZCI6MzgyMzEsInVybCI6Imh0dHBzOlwvXC9xcm9vLmdvYi5teFwvc2VzZXNwXC93cC1jb250ZW50XC91cGxvYWRzXC8yMDI0XC8xMFwvNjQ3MDQwMjctYzI3My00MjQyLTljZDEtYzRhZThlNDI0OTY3LmpwZyIsInNsaWRlc2hvdyI6IjYwZjJhYjkifQ%3D%3D\" href='https:\/\/qroo.gob.mx\/sesesp\/wp-content\/uploads\/2024\/10\/64704027-c273-4242-9cd1-c4ae8e424967.jpg'><img loading=\"lazy\" decoding=\"async\" width=\"1280\" height=\"729\" src=\"https:\/\/qroo.gob.mx\/sesesp\/wp-content\/uploads\/2024\/10\/64704027-c273-4242-9cd1-c4ae8e424967.jpg\" class=\"attachment-full size-full\" alt=\"\" srcset=\"https:\/\/qroo.gob.mx\/sesesp\/wp-content\/uploads\/2024\/10\/64704027-c273-4242-9cd1-c4ae8e424967.jpg 1280w, https:\/\/qroo.gob.mx\/sesesp\/wp-content\/uploads\/2024\/10\/64704027-c273-4242-9cd1-c4ae8e424967-300x171.jpg 300w, https:\/\/qroo.gob.mx\/sesesp\/wp-content\/uploads\/2024\/10\/64704027-c273-4242-9cd1-c4ae8e424967-1024x583.jpg 1024w, https:\/\/qroo.gob.mx\/sesesp\/wp-content\/uploads\/2024\/10\/64704027-c273-4242-9cd1-c4ae8e424967-768x437.jpg 768w\" sizes=\"(max-width: 1280px) 100vw, 1280px\" \/><\/a>\n\t\t\t<\/div><\/figure>\n\t\t<\/div>\n\t\t<\/div>\n\t\t\t\t<\/div>\n\t\t\t\t<\/div>\n\t\t\t\t\t<\/div>\n\t\t\t\t<\/div>\n\t\t\t\t<\/div>\n\t\t","protected":false},"excerpt":{"rendered":"<p>Servidoras y servidores p\u00fablicos quintanarroenses se capacitan en violencia de g\u00e9nero: SESESP Un total de 69 finalizaron el diplomado \u201cEstrategia Educativa en Derechos Humanos y Perspectiva de G\u00e9nero\u201d Canc\u00fan.- Para fortalecer y sensibilizar a las y los servidores p\u00fablicos en la atenci\u00f3n de la violencia de g\u00e9nero y brindando herramientas para una Construcci\u00f3n de Paz, &#8230; <a title=\"finalizacion-diplomado\" class=\"read-more\" href=\"https:\/\/qroo.gob.mx\/sesesp\/index.php\/finalizacion-diplomado\/\" aria-label=\"Leer m\u00e1s sobre finalizacion-diplomado\">Leer m\u00e1s<\/a><\/p>\n","protected":false},"author":4,"featured_media":0,"parent":0,"menu_order":0,"comment_status":"closed","ping_status":"closed","template":"","meta":{"footnotes":""},"class_list":["post-38222","page","type-page","status-publish"],"yoast_head":"<!-- This site is optimized with the Yoast SEO plugin v23.0 - https:\/\/yoast.com\/wordpress\/plugins\/seo\/ -->\n<title>finalizacion-diplomado - Secretariado Ejecutivo del Sistema Estatal de Seguridad P\u00fablica<\/title>\n<meta name=\"robots\" content=\"noindex, follow, max-snippet:-1, max-image-preview:large, max-video-preview:-1\" \/>\n<meta property=\"og:locale\" content=\"es_MX\" \/>\n<meta property=\"og:type\" content=\"article\" \/>\n<meta property=\"og:title\" content=\"finalizacion-diplomado - Secretariado Ejecutivo del Sistema Estatal de Seguridad P\u00fablica\" \/>\n<meta property=\"og:description\" content=\"Servidoras y servidores p\u00fablicos quintanarroenses se capacitan en violencia de g\u00e9nero: SESESP Un total de 69 finalizaron el diplomado \u201cEstrategia Educativa en Derechos Humanos y Perspectiva de G\u00e9nero\u201d Canc\u00fan.- Para fortalecer y sensibilizar a las y los servidores p\u00fablicos en la atenci\u00f3n de la violencia de g\u00e9nero y brindando herramientas para una Construcci\u00f3n de Paz, ... Leer m\u00e1s\" \/>\n<meta property=\"og:url\" content=\"https:\/\/qroo.gob.mx\/sesesp\/index.php\/finalizacion-diplomado\/\" \/>\n<meta property=\"og:site_name\" content=\"Secretariado Ejecutivo del Sistema Estatal de Seguridad P\u00fablica\" \/>\n<meta property=\"article:modified_time\" content=\"2024-10-04T20:34:31+00:00\" \/>\n<meta property=\"og:image\" content=\"https:\/\/qroo.gob.mx\/sesesp\/wp-content\/uploads\/2024\/10\/WhatsApp-Image-2024-10-04-at-3.22.32-PM-1024x534.jpeg\" \/>\n<meta name=\"twitter:card\" content=\"summary_large_image\" \/>\n<meta name=\"twitter:label1\" content=\"Tiempo de lectura\" \/>\n\t<meta name=\"twitter:data1\" content=\"3 minutos\" \/>\n<script type=\"application\/ld+json\" class=\"yoast-schema-graph\">{\"@context\":\"https:\/\/schema.org\",\"@graph\":[{\"@type\":\"WebPage\",\"@id\":\"https:\/\/qroo.gob.mx\/sesesp\/index.php\/finalizacion-diplomado\/\",\"url\":\"https:\/\/qroo.gob.mx\/sesesp\/index.php\/finalizacion-diplomado\/\",\"name\":\"finalizacion-diplomado - Secretariado Ejecutivo del Sistema Estatal de Seguridad P\u00fablica\",\"isPartOf\":{\"@id\":\"https:\/\/qroo.gob.mx\/sesesp\/#website\"},\"primaryImageOfPage\":{\"@id\":\"https:\/\/qroo.gob.mx\/sesesp\/index.php\/finalizacion-diplomado\/#primaryimage\"},\"image\":{\"@id\":\"https:\/\/qroo.gob.mx\/sesesp\/index.php\/finalizacion-diplomado\/#primaryimage\"},\"thumbnailUrl\":\"https:\/\/qroo.gob.mx\/sesesp\/wp-content\/uploads\/2024\/10\/WhatsApp-Image-2024-10-04-at-3.22.32-PM-1024x534.jpeg\",\"datePublished\":\"2024-10-04T20:24:35+00:00\",\"dateModified\":\"2024-10-04T20:34:31+00:00\",\"breadcrumb\":{\"@id\":\"https:\/\/qroo.gob.mx\/sesesp\/index.php\/finalizacion-diplomado\/#breadcrumb\"},\"inLanguage\":\"es\",\"potentialAction\":[{\"@type\":\"ReadAction\",\"target\":[\"https:\/\/qroo.gob.mx\/sesesp\/index.php\/finalizacion-diplomado\/\"]}]},{\"@type\":\"ImageObject\",\"inLanguage\":\"es\",\"@id\":\"https:\/\/qroo.gob.mx\/sesesp\/index.php\/finalizacion-diplomado\/#primaryimage\",\"url\":\"https:\/\/qroo.gob.mx\/sesesp\/wp-content\/uploads\/2024\/10\/WhatsApp-Image-2024-10-04-at-3.22.32-PM.jpeg\",\"contentUrl\":\"https:\/\/qroo.gob.mx\/sesesp\/wp-content\/uploads\/2024\/10\/WhatsApp-Image-2024-10-04-at-3.22.32-PM.jpeg\",\"width\":1280,\"height\":667},{\"@type\":\"BreadcrumbList\",\"@id\":\"https:\/\/qroo.gob.mx\/sesesp\/index.php\/finalizacion-diplomado\/#breadcrumb\",\"itemListElement\":[{\"@type\":\"ListItem\",\"position\":1,\"name\":\"Inicio\",\"item\":\"https:\/\/qroo.gob.mx\/sesesp\/\"},{\"@type\":\"ListItem\",\"position\":2,\"name\":\"finalizacion-diplomado\"}]},{\"@type\":\"WebSite\",\"@id\":\"https:\/\/qroo.gob.mx\/sesesp\/#website\",\"url\":\"https:\/\/qroo.gob.mx\/sesesp\/\",\"name\":\"Secretariado Ejecutivo del Sistema Estatal de Seguridad P\u00fablica\",\"description\":\"\",\"potentialAction\":[{\"@type\":\"SearchAction\",\"target\":{\"@type\":\"EntryPoint\",\"urlTemplate\":\"https:\/\/qroo.gob.mx\/sesesp\/?s={search_term_string}\"},\"query-input\":\"required name=search_term_string\"}],\"inLanguage\":\"es\"}]}<\/script>\n<!-- \/ Yoast SEO plugin. -->","yoast_head_json":{"title":"finalizacion-diplomado - Secretariado Ejecutivo del Sistema Estatal de Seguridad P\u00fablica","robots":{"index":"noindex","follow":"follow","max-snippet":"max-snippet:-1","max-image-preview":"max-image-preview:large","max-video-preview":"max-video-preview:-1"},"og_locale":"es_MX","og_type":"article","og_title":"finalizacion-diplomado - Secretariado Ejecutivo del Sistema Estatal de Seguridad P\u00fablica","og_description":"Servidoras y servidores p\u00fablicos quintanarroenses se capacitan en violencia de g\u00e9nero: SESESP Un total de 69 finalizaron el diplomado \u201cEstrategia Educativa en Derechos Humanos y Perspectiva de G\u00e9nero\u201d Canc\u00fan.- Para fortalecer y sensibilizar a las y los servidores p\u00fablicos en la atenci\u00f3n de la violencia de g\u00e9nero y brindando herramientas para una Construcci\u00f3n de Paz, ... Leer m\u00e1s","og_url":"https:\/\/qroo.gob.mx\/sesesp\/index.php\/finalizacion-diplomado\/","og_site_name":"Secretariado Ejecutivo del Sistema Estatal de Seguridad P\u00fablica","article_modified_time":"2024-10-04T20:34:31+00:00","og_image":[{"url":"https:\/\/qroo.gob.mx\/sesesp\/wp-content\/uploads\/2024\/10\/WhatsApp-Image-2024-10-04-at-3.22.32-PM-1024x534.jpeg"}],"twitter_card":"summary_large_image","twitter_misc":{"Tiempo de lectura":"3 minutos"},"schema":{"@context":"https:\/\/schema.org","@graph":[{"@type":"WebPage","@id":"https:\/\/qroo.gob.mx\/sesesp\/index.php\/finalizacion-diplomado\/","url":"https:\/\/qroo.gob.mx\/sesesp\/index.php\/finalizacion-diplomado\/","name":"finalizacion-diplomado - Secretariado Ejecutivo del Sistema Estatal de Seguridad P\u00fablica","isPartOf":{"@id":"https:\/\/qroo.gob.mx\/sesesp\/#website"},"primaryImageOfPage":{"@id":"https:\/\/qroo.gob.mx\/sesesp\/index.php\/finalizacion-diplomado\/#primaryimage"},"image":{"@id":"https:\/\/qroo.gob.mx\/sesesp\/index.php\/finalizacion-diplomado\/#primaryimage"},"thumbnailUrl":"https:\/\/qroo.gob.mx\/sesesp\/wp-content\/uploads\/2024\/10\/WhatsApp-Image-2024-10-04-at-3.22.32-PM-1024x534.jpeg","datePublished":"2024-10-04T20:24:35+00:00","dateModified":"2024-10-04T20:34:31+00:00","breadcrumb":{"@id":"https:\/\/qroo.gob.mx\/sesesp\/index.php\/finalizacion-diplomado\/#breadcrumb"},"inLanguage":"es","potentialAction":[{"@type":"ReadAction","target":["https:\/\/qroo.gob.mx\/sesesp\/index.php\/finalizacion-diplomado\/"]}]},{"@type":"ImageObject","inLanguage":"es","@id":"https:\/\/qroo.gob.mx\/sesesp\/index.php\/finalizacion-diplomado\/#primaryimage","url":"https:\/\/qroo.gob.mx\/sesesp\/wp-content\/uploads\/2024\/10\/WhatsApp-Image-2024-10-04-at-3.22.32-PM.jpeg","contentUrl":"https:\/\/qroo.gob.mx\/sesesp\/wp-content\/uploads\/2024\/10\/WhatsApp-Image-2024-10-04-at-3.22.32-PM.jpeg","width":1280,"height":667},{"@type":"BreadcrumbList","@id":"https:\/\/qroo.gob.mx\/sesesp\/index.php\/finalizacion-diplomado\/#breadcrumb","itemListElement":[{"@type":"ListItem","position":1,"name":"Inicio","item":"https:\/\/qroo.gob.mx\/sesesp\/"},{"@type":"ListItem","position":2,"name":"finalizacion-diplomado"}]},{"@type":"WebSite","@id":"https:\/\/qroo.gob.mx\/sesesp\/#website","url":"https:\/\/qroo.gob.mx\/sesesp\/","name":"Secretariado Ejecutivo del Sistema Estatal de Seguridad P\u00fablica","description":"","potentialAction":[{"@type":"SearchAction","target":{"@type":"EntryPoint","urlTemplate":"https:\/\/qroo.gob.mx\/sesesp\/?s={search_term_string}"},"query-input":"required name=search_term_string"}],"inLanguage":"es"}]}},"_links":{"self":[{"href":"https:\/\/qroo.gob.mx\/sesesp\/index.php\/wp-json\/wp\/v2\/pages\/38222"}],"collection":[{"href":"https:\/\/qroo.gob.mx\/sesesp\/index.php\/wp-json\/wp\/v2\/pages"}],"about":[{"href":"https:\/\/qroo.gob.mx\/sesesp\/index.php\/wp-json\/wp\/v2\/types\/page"}],"author":[{"embeddable":true,"href":"https:\/\/qroo.gob.mx\/sesesp\/index.php\/wp-json\/wp\/v2\/users\/4"}],"replies":[{"embeddable":true,"href":"https:\/\/qroo.gob.mx\/sesesp\/index.php\/wp-json\/wp\/v2\/comments?post=38222"}],"version-history":[{"count":10,"href":"https:\/\/qroo.gob.mx\/sesesp\/index.php\/wp-json\/wp\/v2\/pages\/38222\/revisions"}],"predecessor-version":[{"id":38239,"href":"https:\/\/qroo.gob.mx\/sesesp\/index.php\/wp-json\/wp\/v2\/pages\/38222\/revisions\/38239"}],"wp:attachment":[{"href":"https:\/\/qroo.gob.mx\/sesesp\/index.php\/wp-json\/wp\/v2\/media?parent=38222"}],"curies":[{"name":"wp","href":"https:\/\/api.w.org\/{rel}","templated":true}]}}