{"id":37830,"date":"2024-08-26T10:42:06","date_gmt":"2024-08-26T15:42:06","guid":{"rendered":"https:\/\/qroo.gob.mx\/sesesp\/?page_id=37830"},"modified":"2024-08-26T10:43:18","modified_gmt":"2024-08-26T15:43:18","slug":"adquisiciones","status":"publish","type":"page","link":"https:\/\/qroo.gob.mx\/sesesp\/index.php\/adquisiciones\/","title":{"rendered":"Adquisiciones"},"content":{"rendered":"\t\t<div data-elementor-type=\"wp-page\" data-elementor-id=\"37830\" class=\"elementor elementor-37830\">\n\t\t\t\t<div class=\"elementor-element elementor-element-2e6e8a6 e-flex e-con-boxed e-con e-parent\" data-id=\"2e6e8a6\" data-element_type=\"container\">\n\t\t\t\t\t<div class=\"e-con-inner\">\n\t\t\t\t<div class=\"elementor-element elementor-element-a0dccc3 elementor-widget elementor-widget-heading\" data-id=\"a0dccc3\" data-element_type=\"widget\" data-widget_type=\"heading.default\">\n\t\t\t\t<div class=\"elementor-widget-container\">\n\t\t\t<style>\/*! elementor - v3.23.0 - 15-07-2024 *\/\n.elementor-heading-title{padding:0;margin:0;line-height:1}.elementor-widget-heading .elementor-heading-title[class*=elementor-size-]>a{color:inherit;font-size:inherit;line-height:inherit}.elementor-widget-heading .elementor-heading-title.elementor-size-small{font-size:15px}.elementor-widget-heading .elementor-heading-title.elementor-size-medium{font-size:19px}.elementor-widget-heading .elementor-heading-title.elementor-size-large{font-size:29px}.elementor-widget-heading .elementor-heading-title.elementor-size-xl{font-size:39px}.elementor-widget-heading .elementor-heading-title.elementor-size-xxl{font-size:59px}<\/style><h2 class=\"elementor-heading-title elementor-size-default\">Adquisiciones<\/h2>\t\t<\/div>\n\t\t\t\t<\/div>\n\t\t\t\t\t<\/div>\n\t\t\t\t<\/div>\n\t\t<div class=\"elementor-element elementor-element-ba1ad52 e-flex e-con-boxed e-con e-parent\" data-id=\"ba1ad52\" data-element_type=\"container\">\n\t\t\t\t\t<div class=\"e-con-inner\">\n\t\t\t\t<div class=\"elementor-element elementor-element-e8e8776 elementor-widget elementor-widget-text-editor\" data-id=\"e8e8776\" data-element_type=\"widget\" data-widget_type=\"text-editor.default\">\n\t\t\t\t<div class=\"elementor-widget-container\">\n\t\t\t<style>\/*! elementor - v3.23.0 - 15-07-2024 *\/\n.elementor-widget-text-editor.elementor-drop-cap-view-stacked .elementor-drop-cap{background-color:#69727d;color:#fff}.elementor-widget-text-editor.elementor-drop-cap-view-framed .elementor-drop-cap{color:#69727d;border:3px solid;background-color:transparent}.elementor-widget-text-editor:not(.elementor-drop-cap-view-default) .elementor-drop-cap{margin-top:8px}.elementor-widget-text-editor:not(.elementor-drop-cap-view-default) .elementor-drop-cap-letter{width:1em;height:1em}.elementor-widget-text-editor .elementor-drop-cap{float:left;text-align:center;line-height:1;font-size:50px}.elementor-widget-text-editor .elementor-drop-cap-letter{display:inline-block}<\/style>\t\t\t\t<details>\n  <summary style=\"color: white\">Programa Anual de Adquisiones<\/summary>\n  <a\n    href=\"https:\/\/qroo.gob.mx\/sesesp\/wp-content\/uploads\/2024\/08\/PAAAyPS-Publico-2024-.pdf\"\n    >PAAAyPS P\u00fablico 2024<\/a\n  >\n  <a\n    href=\"https:\/\/qroo.gob.mx\/sesesp\/wp-content\/uploads\/2024\/08\/PAAAyPS-Publico-2023.pdf\"\n    >PAAAyPS P\u00fablico 2023<\/a\n  >\n  <a\n    href=\"https:\/\/qroo.gob.mx\/sesesp\/wp-content\/uploads\/2024\/08\/PAAAyPS-2022.pdf\"\n    >PAAAyPS P\u00fablico 2022<\/a\n  >\n<\/details>\n\n<br \/>\n\n<details>\n  <summary style=\"color: white\">\n    Montos M\u00e1ximos para las Adquisiones, Arrendimientos y Prestaci\u00f3n de\n    Servicios\n  <\/summary>\n  <a\n    href=\"https:\/\/qroo.gob.mx\/sesesp\/wp-content\/uploads\/2024\/08\/Montos-maximos-contratacion-2024.pdf\"\n    >Rangos Montos M\u00e1ximos contrataci\u00f3n 2024<\/a\n  >\n  <a\n    href=\"https:\/\/qroo.gob.mx\/sesesp\/wp-content\/uploads\/2024\/08\/Montos-Maximos-2023.pdf\"\n    >Rangos Montos M\u00e1ximos contrataci\u00f3n 2023<\/a\n  >\n  <a\n    href=\"https:\/\/qroo.gob.mx\/sesesp\/wp-content\/uploads\/2024\/08\/Montos-Maximos-2022.pdf\"\n    >Rangos Montos M\u00e1ximos contrataci\u00f3n 2022<\/a\n  >\n<\/details>\n\n<style>\n  details {\n    width: 100%;\n    margin: 10px 0;\n    background-color: #ffffff;\n    border: 1px solid transparent;\n    border-radius: 4px;\n    font-family: \"Montserrat\", sans-serif;\n  }\n  summary {\n    cursor: pointer;\n    font-weight: bold;\n    padding: 10px;\n    background-color: #afafaf;\n    border-bottom: 1px solid transparent;\n    border-radius: 4px 4px 0 0;\n  }\n  details[open] summary {\n    background-color: #a0a0a0;\n  }\n  a {\n    display: block;\n    padding: 5px 10px;\n    margin: 2px 0;\n    background-color: #ffffff;\n    text-decoration: none;\n    color: #ab0a3d;\n    border-radius: 4px;\n    transition: background-color 0.3s ease;\n    margin-left: 20px;\n  }\n  a:hover {\n    background-color: #ffffff;\n  }\n  details details {\n    margin: 0;\n    border: none;\n    background-color: white !important;\n  }\n  details details summary {\n    background-color: #ffffff !important;\n    border-radius: 4px;\n    padding-left: 20px;\n    color: #999999;\n  }\n  details details details summary {\n    background-color: #ffffff !important;\n    border-radius: 4px;\n    padding-left: 30px;\n    color: #999999;\n    border: none;\n  }\n  details details details a {\n    background-color: #ffffff;\n    border: none;\n  }\n<\/style>\t\t\t\t\t\t<\/div>\n\t\t\t\t<\/div>\n\t\t\t\t\t<\/div>\n\t\t\t\t<\/div>\n\t\t\t\t<\/div>\n\t\t","protected":false},"excerpt":{"rendered":"<p>Adquisiciones Programa Anual de Adquisiones PAAAyPS P\u00fablico 2024 PAAAyPS P\u00fablico 2023 PAAAyPS P\u00fablico 2022 Montos M\u00e1ximos para las Adquisiones, Arrendimientos y Prestaci\u00f3n de Servicios Rangos Montos M\u00e1ximos contrataci\u00f3n 2024 Rangos Montos M\u00e1ximos contrataci\u00f3n 2023 Rangos Montos M\u00e1ximos contrataci\u00f3n 2022<\/p>\n","protected":false},"author":4,"featured_media":0,"parent":0,"menu_order":0,"comment_status":"closed","ping_status":"closed","template":"","meta":{"footnotes":""},"class_list":["post-37830","page","type-page","status-publish"],"yoast_head":"<!-- This site is optimized with the Yoast SEO plugin v23.0 - https:\/\/yoast.com\/wordpress\/plugins\/seo\/ -->\n<title>Adquisiciones - Secretariado Ejecutivo del Sistema Estatal de Seguridad P\u00fablica<\/title>\n<meta name=\"robots\" content=\"noindex, follow, max-snippet:-1, max-image-preview:large, max-video-preview:-1\" \/>\n<meta property=\"og:locale\" content=\"es_MX\" \/>\n<meta property=\"og:type\" content=\"article\" \/>\n<meta property=\"og:title\" content=\"Adquisiciones - Secretariado Ejecutivo del Sistema Estatal de Seguridad P\u00fablica\" \/>\n<meta property=\"og:description\" content=\"Adquisiciones Programa Anual de Adquisiones PAAAyPS P\u00fablico 2024 PAAAyPS P\u00fablico 2023 PAAAyPS P\u00fablico 2022 Montos M\u00e1ximos para las Adquisiones, Arrendimientos y Prestaci\u00f3n de Servicios Rangos Montos M\u00e1ximos contrataci\u00f3n 2024 Rangos Montos M\u00e1ximos contrataci\u00f3n 2023 Rangos Montos M\u00e1ximos contrataci\u00f3n 2022\" \/>\n<meta property=\"og:url\" content=\"https:\/\/qroo.gob.mx\/sesesp\/index.php\/adquisiciones\/\" \/>\n<meta property=\"og:site_name\" content=\"Secretariado Ejecutivo del Sistema Estatal de Seguridad P\u00fablica\" \/>\n<meta property=\"article:modified_time\" content=\"2024-08-26T15:43:18+00:00\" \/>\n<meta name=\"twitter:card\" content=\"summary_large_image\" \/>\n<meta name=\"twitter:label1\" content=\"Tiempo de lectura\" \/>\n\t<meta name=\"twitter:data1\" content=\"1 minuto\" \/>\n<script type=\"application\/ld+json\" class=\"yoast-schema-graph\">{\"@context\":\"https:\/\/schema.org\",\"@graph\":[{\"@type\":\"WebPage\",\"@id\":\"https:\/\/qroo.gob.mx\/sesesp\/index.php\/adquisiciones\/\",\"url\":\"https:\/\/qroo.gob.mx\/sesesp\/index.php\/adquisiciones\/\",\"name\":\"Adquisiciones - Secretariado Ejecutivo del Sistema Estatal de Seguridad P\u00fablica\",\"isPartOf\":{\"@id\":\"https:\/\/qroo.gob.mx\/sesesp\/#website\"},\"datePublished\":\"2024-08-26T15:42:06+00:00\",\"dateModified\":\"2024-08-26T15:43:18+00:00\",\"breadcrumb\":{\"@id\":\"https:\/\/qroo.gob.mx\/sesesp\/index.php\/adquisiciones\/#breadcrumb\"},\"inLanguage\":\"es\",\"potentialAction\":[{\"@type\":\"ReadAction\",\"target\":[\"https:\/\/qroo.gob.mx\/sesesp\/index.php\/adquisiciones\/\"]}]},{\"@type\":\"BreadcrumbList\",\"@id\":\"https:\/\/qroo.gob.mx\/sesesp\/index.php\/adquisiciones\/#breadcrumb\",\"itemListElement\":[{\"@type\":\"ListItem\",\"position\":1,\"name\":\"Inicio\",\"item\":\"https:\/\/qroo.gob.mx\/sesesp\/\"},{\"@type\":\"ListItem\",\"position\":2,\"name\":\"Adquisiciones\"}]},{\"@type\":\"WebSite\",\"@id\":\"https:\/\/qroo.gob.mx\/sesesp\/#website\",\"url\":\"https:\/\/qroo.gob.mx\/sesesp\/\",\"name\":\"Secretariado Ejecutivo del Sistema Estatal de Seguridad P\u00fablica\",\"description\":\"\",\"potentialAction\":[{\"@type\":\"SearchAction\",\"target\":{\"@type\":\"EntryPoint\",\"urlTemplate\":\"https:\/\/qroo.gob.mx\/sesesp\/?s={search_term_string}\"},\"query-input\":\"required name=search_term_string\"}],\"inLanguage\":\"es\"}]}<\/script>\n<!-- \/ Yoast SEO plugin. -->","yoast_head_json":{"title":"Adquisiciones - Secretariado Ejecutivo del Sistema Estatal de Seguridad P\u00fablica","robots":{"index":"noindex","follow":"follow","max-snippet":"max-snippet:-1","max-image-preview":"max-image-preview:large","max-video-preview":"max-video-preview:-1"},"og_locale":"es_MX","og_type":"article","og_title":"Adquisiciones - Secretariado Ejecutivo del Sistema Estatal de Seguridad P\u00fablica","og_description":"Adquisiciones Programa Anual de Adquisiones PAAAyPS P\u00fablico 2024 PAAAyPS P\u00fablico 2023 PAAAyPS P\u00fablico 2022 Montos M\u00e1ximos para las Adquisiones, Arrendimientos y Prestaci\u00f3n de Servicios Rangos Montos M\u00e1ximos contrataci\u00f3n 2024 Rangos Montos M\u00e1ximos contrataci\u00f3n 2023 Rangos Montos M\u00e1ximos contrataci\u00f3n 2022","og_url":"https:\/\/qroo.gob.mx\/sesesp\/index.php\/adquisiciones\/","og_site_name":"Secretariado Ejecutivo del Sistema Estatal de Seguridad P\u00fablica","article_modified_time":"2024-08-26T15:43:18+00:00","twitter_card":"summary_large_image","twitter_misc":{"Tiempo de lectura":"1 minuto"},"schema":{"@context":"https:\/\/schema.org","@graph":[{"@type":"WebPage","@id":"https:\/\/qroo.gob.mx\/sesesp\/index.php\/adquisiciones\/","url":"https:\/\/qroo.gob.mx\/sesesp\/index.php\/adquisiciones\/","name":"Adquisiciones - Secretariado Ejecutivo del Sistema Estatal de Seguridad P\u00fablica","isPartOf":{"@id":"https:\/\/qroo.gob.mx\/sesesp\/#website"},"datePublished":"2024-08-26T15:42:06+00:00","dateModified":"2024-08-26T15:43:18+00:00","breadcrumb":{"@id":"https:\/\/qroo.gob.mx\/sesesp\/index.php\/adquisiciones\/#breadcrumb"},"inLanguage":"es","potentialAction":[{"@type":"ReadAction","target":["https:\/\/qroo.gob.mx\/sesesp\/index.php\/adquisiciones\/"]}]},{"@type":"BreadcrumbList","@id":"https:\/\/qroo.gob.mx\/sesesp\/index.php\/adquisiciones\/#breadcrumb","itemListElement":[{"@type":"ListItem","position":1,"name":"Inicio","item":"https:\/\/qroo.gob.mx\/sesesp\/"},{"@type":"ListItem","position":2,"name":"Adquisiciones"}]},{"@type":"WebSite","@id":"https:\/\/qroo.gob.mx\/sesesp\/#website","url":"https:\/\/qroo.gob.mx\/sesesp\/","name":"Secretariado Ejecutivo del Sistema Estatal de Seguridad P\u00fablica","description":"","potentialAction":[{"@type":"SearchAction","target":{"@type":"EntryPoint","urlTemplate":"https:\/\/qroo.gob.mx\/sesesp\/?s={search_term_string}"},"query-input":"required name=search_term_string"}],"inLanguage":"es"}]}},"_links":{"self":[{"href":"https:\/\/qroo.gob.mx\/sesesp\/index.php\/wp-json\/wp\/v2\/pages\/37830"}],"collection":[{"href":"https:\/\/qroo.gob.mx\/sesesp\/index.php\/wp-json\/wp\/v2\/pages"}],"about":[{"href":"https:\/\/qroo.gob.mx\/sesesp\/index.php\/wp-json\/wp\/v2\/types\/page"}],"author":[{"embeddable":true,"href":"https:\/\/qroo.gob.mx\/sesesp\/index.php\/wp-json\/wp\/v2\/users\/4"}],"replies":[{"embeddable":true,"href":"https:\/\/qroo.gob.mx\/sesesp\/index.php\/wp-json\/wp\/v2\/comments?post=37830"}],"version-history":[{"count":4,"href":"https:\/\/qroo.gob.mx\/sesesp\/index.php\/wp-json\/wp\/v2\/pages\/37830\/revisions"}],"predecessor-version":[{"id":37834,"href":"https:\/\/qroo.gob.mx\/sesesp\/index.php\/wp-json\/wp\/v2\/pages\/37830\/revisions\/37834"}],"wp:attachment":[{"href":"https:\/\/qroo.gob.mx\/sesesp\/index.php\/wp-json\/wp\/v2\/media?parent=37830"}],"curies":[{"name":"wp","href":"https:\/\/api.w.org\/{rel}","templated":true}]}}