{"id":37443,"date":"2024-08-21T12:23:47","date_gmt":"2024-08-21T17:23:47","guid":{"rendered":"https:\/\/qroo.gob.mx\/sesesp\/?page_id=37443"},"modified":"2024-08-21T12:44:36","modified_gmt":"2024-08-21T17:44:36","slug":"tramites-y-servicios","status":"publish","type":"page","link":"https:\/\/qroo.gob.mx\/sesesp\/index.php\/tramites-y-servicios\/","title":{"rendered":"Tr\u00e1mites y servicios"},"content":{"rendered":"\t\t<div data-elementor-type=\"wp-page\" data-elementor-id=\"37443\" class=\"elementor elementor-37443\">\n\t\t\t\t<div class=\"elementor-element elementor-element-3dec895 e-flex e-con-boxed e-con e-parent\" data-id=\"3dec895\" data-element_type=\"container\" data-settings=\"{&quot;background_background&quot;:&quot;classic&quot;}\">\n\t\t\t\t\t<div class=\"e-con-inner\">\n\t\t\t\t<div class=\"elementor-element elementor-element-f32a70d elementor-widget elementor-widget-heading\" data-id=\"f32a70d\" data-element_type=\"widget\" data-widget_type=\"heading.default\">\n\t\t\t\t<div class=\"elementor-widget-container\">\n\t\t\t<style>\/*! elementor - v3.23.0 - 15-07-2024 *\/\n.elementor-heading-title{padding:0;margin:0;line-height:1}.elementor-widget-heading .elementor-heading-title[class*=elementor-size-]>a{color:inherit;font-size:inherit;line-height:inherit}.elementor-widget-heading .elementor-heading-title.elementor-size-small{font-size:15px}.elementor-widget-heading .elementor-heading-title.elementor-size-medium{font-size:19px}.elementor-widget-heading .elementor-heading-title.elementor-size-large{font-size:29px}.elementor-widget-heading .elementor-heading-title.elementor-size-xl{font-size:39px}.elementor-widget-heading .elementor-heading-title.elementor-size-xxl{font-size:59px}<\/style><h2 class=\"elementor-heading-title elementor-size-default\">Tr\u00e1mites y servicios <\/h2>\t\t<\/div>\n\t\t\t\t<\/div>\n\t\t\t\t\t<\/div>\n\t\t\t\t<\/div>\n\t\t<div class=\"elementor-element elementor-element-e1b4e13 e-flex e-con-boxed e-con e-parent\" data-id=\"e1b4e13\" data-element_type=\"container\">\n\t\t\t\t\t<div class=\"e-con-inner\">\n\t\t\t\t<div class=\"elementor-element elementor-element-a32e781 elementor-widget elementor-widget-text-editor\" data-id=\"a32e781\" data-element_type=\"widget\" data-widget_type=\"text-editor.default\">\n\t\t\t\t<div class=\"elementor-widget-container\">\n\t\t\t<style>\/*! elementor - v3.23.0 - 15-07-2024 *\/\n.elementor-widget-text-editor.elementor-drop-cap-view-stacked .elementor-drop-cap{background-color:#69727d;color:#fff}.elementor-widget-text-editor.elementor-drop-cap-view-framed .elementor-drop-cap{color:#69727d;border:3px solid;background-color:transparent}.elementor-widget-text-editor:not(.elementor-drop-cap-view-default) .elementor-drop-cap{margin-top:8px}.elementor-widget-text-editor:not(.elementor-drop-cap-view-default) .elementor-drop-cap-letter{width:1em;height:1em}.elementor-widget-text-editor .elementor-drop-cap{float:left;text-align:center;line-height:1;font-size:50px}.elementor-widget-text-editor .elementor-drop-cap-letter{display:inline-block}<\/style>\t\t\t\t<p>En esta secci\u00f3n encontraras la lista de servicios que ofrece la Unidad de Transparencia del Secretariado Ejecutivo del Sistema Estatal de Seguridad P\u00fablica (SESESP) y los requisitos para acceder a ellos.<\/p>\t\t\t\t\t\t<\/div>\n\t\t\t\t<\/div>\n\t\t\t\t\t<\/div>\n\t\t\t\t<\/div>\n\t\t<div class=\"elementor-element elementor-element-37189a7 e-flex e-con-boxed e-con e-parent\" data-id=\"37189a7\" data-element_type=\"container\">\n\t\t\t\t\t<div class=\"e-con-inner\">\n\t\t\t\t<div class=\"elementor-element elementor-element-36ec1d5 elementor-widget elementor-widget-html\" data-id=\"36ec1d5\" data-element_type=\"widget\" data-widget_type=\"html.default\">\n\t\t\t\t<div class=\"elementor-widget-container\">\n\t\t\t<div class=\"container\">\r\n    <a class=\"column\" href=\"https:\/\/catalogonacional.gob.mx\/FichaTramite?traHomoclave=SESESP-2022-1845-001-A\">\r\n        <p class=\"blanco\"><b>Solicitudes de acceso a la informaci\u00f3n p\u00fablica.<\/b><\/p>\r\n    <\/a>\r\n    <a class=\"column\" href=\"https:\/\/catalogonacional.gob.mx\/FichaTramite?traHomoclave=SESESP-2023-1845-002-A\">\r\n        <p class=\"blanco\"><b>Recepci\u00f3n de recursos de revisi\u00f3n en contra de respuestas o falta de respuestas a solicitudes de informaci\u00f3n p\u00fablica y\/o del ejercicio de derechos ARCO<\/b><\/p>\r\n    <\/a>\r\n    <a class=\"column\" href=\"https:\/\/catalogonacional.gob.mx\/FichaTramite?traHomoclave=SESESP-2022-1845-002-A\">\r\n        <p class=\"blanco\"><b>Solicitudes para el ejercicio de los derechos de acceso, rectificaci\u00f3n, cancelaci\u00f3n y oposici\u00f3n al tratamiento de los datos personales<\/b><\/p>\r\n    <\/a>\r\n    <a class=\"column\" href=\"https:\/\/catalogonacional.gob.mx\/FichaTramite?traHomoclave=SESESP-2023-1845-001-A\">\r\n        <p class=\"blanco\"><b>Orientaci\u00f3n y asesor\u00eda en materia de acceso a la informaci\u00f3n p\u00fablica y para el ejercicio de los derechos de acceso, rectificaci\u00f3n, cancelaci\u00f3n y oposici\u00f3n de datos personales (ARCO)<\/b><\/p>\r\n    <\/a>\r\n    <a class=\"column\" href=\"https:\/\/catalogonacional.gob.mx\/FichaTramite?traHomoclave=SESESP-2022-1845-001-B\">\r\n        <p class=\"blanco\"><b>Recepci\u00f3n de denuncias por incumplimiento a la publicaci\u00f3n de las obligaciones de transparencia<\/b><\/p>\r\n    <\/a>\r\n<\/div>\r\n<br>\r\n<br>\r\n<div class=\"container\">\r\n    <a class=\"column\" href=\"https:\/\/qroo.gob.mx\/sesesp\/wp-content\/uploads\/2024\/08\/1.-Formato-Solicitud-de-Informacion-Publica_SESESP-1.pdf\">\r\n        <p class=\"blanco\"><b>Formato de Solicitud de Informaci\u00f3n P\u00fablica<\/b><\/p>\r\n    <\/a>\r\n    <a class=\"column\" href=\"https:\/\/qroo.gob.mx\/sesesp\/wp-content\/uploads\/2024\/08\/2.-Formato-Solicitud-Derechos-ARCO-SESESP.pdf\">\r\n        <p class=\"blanco\"><b>Formato de Solicitud de Derechos ARCO<\/b><\/p>\r\n    <\/a>\r\n    <a class=\"column\" href=\"https:\/\/qroo.gob.mx\/sesesp\/wp-content\/uploads\/2024\/08\/3-Formato-de-Denuncia-por-Incumplimiento-a-las-Obligaciones-de-Transparencia.pdf\">\r\n        <p class=\"blanco\"><b>Formato de Denuncia por Incumplimiento a las Obligaciones de Transparencia<\/b><\/p>\r\n    <\/a>\r\n    <a class=\"column\" href=\"https:\/\/qroo.gob.mx\/sesesp\/wp-content\/uploads\/2024\/08\/4.-Formato-Recurso-de-Revision-de-Acceso-a-la-Informacion.pdf\">\r\n        <p class=\"blanco\"><b>Formato Recurso de Revisi\u00f3n de Acceso a la Informaci\u00f3n<\/b><\/p>\r\n    <\/a>\r\n    <a class=\"column\" href=\"https:\/\/qroo.gob.mx\/sesesp\/wp-content\/uploads\/2024\/08\/5.-Formato-Recurso-de-Revision-de-los-Derechos-ARCO-y-Portabilidad.pdf\">\r\n        <p class=\"blanco\"><b>Formato Recurso de Revisi\u00f3n de los Derechos ARCO y Portabilidad<\/b><\/p>\r\n    <\/a>\r\n    <a class=\"column\" href=\"https:\/\/qroo.gob.mx\/sesesp\/wp-content\/uploads\/2024\/08\/COSTOS-DE-REPRODUCCION.docx.pdf\">\r\n        <p class=\"blanco\"><b>Costos de reproducci\u00f3n<\/b><\/p>\r\n    <\/a>\r\n<\/div>\r\n<style>\r\n    .container {\r\n        display: flex;\r\n        flex-wrap: wrap;\r\n        gap: 10px;\r\n        text-align: center;\r\n        font-family: \"Montserrat\";\r\n    }\r\n    .blanco{\r\n        color: rgb(82, 82, 82);\r\n    }\r\n    .column {\r\n        text-decoration: none;\r\n        color: rgb(82, 82, 82);\r\n        flex: 1;\r\n        background-color: #d8d8d8;\r\n        padding: 10px;\r\n        box-sizing: border-box;\r\n        border-radius: 10px;\r\n        font-size: 14px;\r\n    }\r\n    \r\n    @media (max-width: 768px) {\r\n        .column {\r\n            flex: 1 1 100%; \r\n        }\r\n    }\r\n    \r\n<\/style>\t\t<\/div>\n\t\t\t\t<\/div>\n\t\t\t\t\t<\/div>\n\t\t\t\t<\/div>\n\t\t\t\t<\/div>\n\t\t","protected":false},"excerpt":{"rendered":"<p>Tr\u00e1mites y servicios En esta secci\u00f3n encontraras la lista de servicios que ofrece la Unidad de Transparencia del Secretariado Ejecutivo del Sistema Estatal de Seguridad P\u00fablica (SESESP) y los requisitos para acceder a ellos. Solicitudes de acceso a la informaci\u00f3n p\u00fablica. Recepci\u00f3n de recursos de revisi\u00f3n en contra de respuestas o falta de respuestas a &#8230; <a title=\"Tr\u00e1mites y servicios\" class=\"read-more\" href=\"https:\/\/qroo.gob.mx\/sesesp\/index.php\/tramites-y-servicios\/\" aria-label=\"Leer m\u00e1s sobre Tr\u00e1mites y servicios\">Leer m\u00e1s<\/a><\/p>\n","protected":false},"author":4,"featured_media":0,"parent":0,"menu_order":0,"comment_status":"closed","ping_status":"closed","template":"","meta":{"footnotes":""},"class_list":["post-37443","page","type-page","status-publish"],"yoast_head":"<!-- This site is optimized with the Yoast SEO plugin v23.0 - https:\/\/yoast.com\/wordpress\/plugins\/seo\/ -->\n<title>Tr\u00e1mites y servicios - Secretariado Ejecutivo del Sistema Estatal de Seguridad P\u00fablica<\/title>\n<meta name=\"robots\" content=\"noindex, follow, max-snippet:-1, max-image-preview:large, max-video-preview:-1\" \/>\n<meta property=\"og:locale\" content=\"es_MX\" \/>\n<meta property=\"og:type\" content=\"article\" \/>\n<meta property=\"og:title\" content=\"Tr\u00e1mites y servicios - Secretariado Ejecutivo del Sistema Estatal de Seguridad P\u00fablica\" \/>\n<meta property=\"og:description\" content=\"Tr\u00e1mites y servicios En esta secci\u00f3n encontraras la lista de servicios que ofrece la Unidad de Transparencia del Secretariado Ejecutivo del Sistema Estatal de Seguridad P\u00fablica (SESESP) y los requisitos para acceder a ellos. Solicitudes de acceso a la informaci\u00f3n p\u00fablica. Recepci\u00f3n de recursos de revisi\u00f3n en contra de respuestas o falta de respuestas a ... Leer m\u00e1s\" \/>\n<meta property=\"og:url\" content=\"https:\/\/qroo.gob.mx\/sesesp\/index.php\/tramites-y-servicios\/\" \/>\n<meta property=\"og:site_name\" content=\"Secretariado Ejecutivo del Sistema Estatal de Seguridad P\u00fablica\" \/>\n<meta property=\"article:modified_time\" content=\"2024-08-21T17:44:36+00:00\" \/>\n<meta name=\"twitter:card\" content=\"summary_large_image\" \/>\n<meta name=\"twitter:label1\" content=\"Tiempo de lectura\" \/>\n\t<meta name=\"twitter:data1\" content=\"1 minuto\" \/>\n<script type=\"application\/ld+json\" class=\"yoast-schema-graph\">{\"@context\":\"https:\/\/schema.org\",\"@graph\":[{\"@type\":\"WebPage\",\"@id\":\"https:\/\/qroo.gob.mx\/sesesp\/index.php\/tramites-y-servicios\/\",\"url\":\"https:\/\/qroo.gob.mx\/sesesp\/index.php\/tramites-y-servicios\/\",\"name\":\"Tr\u00e1mites y servicios - Secretariado Ejecutivo del Sistema Estatal de Seguridad P\u00fablica\",\"isPartOf\":{\"@id\":\"https:\/\/qroo.gob.mx\/sesesp\/#website\"},\"datePublished\":\"2024-08-21T17:23:47+00:00\",\"dateModified\":\"2024-08-21T17:44:36+00:00\",\"breadcrumb\":{\"@id\":\"https:\/\/qroo.gob.mx\/sesesp\/index.php\/tramites-y-servicios\/#breadcrumb\"},\"inLanguage\":\"es\",\"potentialAction\":[{\"@type\":\"ReadAction\",\"target\":[\"https:\/\/qroo.gob.mx\/sesesp\/index.php\/tramites-y-servicios\/\"]}]},{\"@type\":\"BreadcrumbList\",\"@id\":\"https:\/\/qroo.gob.mx\/sesesp\/index.php\/tramites-y-servicios\/#breadcrumb\",\"itemListElement\":[{\"@type\":\"ListItem\",\"position\":1,\"name\":\"Inicio\",\"item\":\"https:\/\/qroo.gob.mx\/sesesp\/\"},{\"@type\":\"ListItem\",\"position\":2,\"name\":\"Tr\u00e1mites y servicios\"}]},{\"@type\":\"WebSite\",\"@id\":\"https:\/\/qroo.gob.mx\/sesesp\/#website\",\"url\":\"https:\/\/qroo.gob.mx\/sesesp\/\",\"name\":\"Secretariado Ejecutivo del Sistema Estatal de Seguridad P\u00fablica\",\"description\":\"\",\"potentialAction\":[{\"@type\":\"SearchAction\",\"target\":{\"@type\":\"EntryPoint\",\"urlTemplate\":\"https:\/\/qroo.gob.mx\/sesesp\/?s={search_term_string}\"},\"query-input\":\"required name=search_term_string\"}],\"inLanguage\":\"es\"}]}<\/script>\n<!-- \/ Yoast SEO plugin. -->","yoast_head_json":{"title":"Tr\u00e1mites y servicios - Secretariado Ejecutivo del Sistema Estatal de Seguridad P\u00fablica","robots":{"index":"noindex","follow":"follow","max-snippet":"max-snippet:-1","max-image-preview":"max-image-preview:large","max-video-preview":"max-video-preview:-1"},"og_locale":"es_MX","og_type":"article","og_title":"Tr\u00e1mites y servicios - Secretariado Ejecutivo del Sistema Estatal de Seguridad P\u00fablica","og_description":"Tr\u00e1mites y servicios En esta secci\u00f3n encontraras la lista de servicios que ofrece la Unidad de Transparencia del Secretariado Ejecutivo del Sistema Estatal de Seguridad P\u00fablica (SESESP) y los requisitos para acceder a ellos. Solicitudes de acceso a la informaci\u00f3n p\u00fablica. Recepci\u00f3n de recursos de revisi\u00f3n en contra de respuestas o falta de respuestas a ... Leer m\u00e1s","og_url":"https:\/\/qroo.gob.mx\/sesesp\/index.php\/tramites-y-servicios\/","og_site_name":"Secretariado Ejecutivo del Sistema Estatal de Seguridad P\u00fablica","article_modified_time":"2024-08-21T17:44:36+00:00","twitter_card":"summary_large_image","twitter_misc":{"Tiempo de lectura":"1 minuto"},"schema":{"@context":"https:\/\/schema.org","@graph":[{"@type":"WebPage","@id":"https:\/\/qroo.gob.mx\/sesesp\/index.php\/tramites-y-servicios\/","url":"https:\/\/qroo.gob.mx\/sesesp\/index.php\/tramites-y-servicios\/","name":"Tr\u00e1mites y servicios - Secretariado Ejecutivo del Sistema Estatal de Seguridad P\u00fablica","isPartOf":{"@id":"https:\/\/qroo.gob.mx\/sesesp\/#website"},"datePublished":"2024-08-21T17:23:47+00:00","dateModified":"2024-08-21T17:44:36+00:00","breadcrumb":{"@id":"https:\/\/qroo.gob.mx\/sesesp\/index.php\/tramites-y-servicios\/#breadcrumb"},"inLanguage":"es","potentialAction":[{"@type":"ReadAction","target":["https:\/\/qroo.gob.mx\/sesesp\/index.php\/tramites-y-servicios\/"]}]},{"@type":"BreadcrumbList","@id":"https:\/\/qroo.gob.mx\/sesesp\/index.php\/tramites-y-servicios\/#breadcrumb","itemListElement":[{"@type":"ListItem","position":1,"name":"Inicio","item":"https:\/\/qroo.gob.mx\/sesesp\/"},{"@type":"ListItem","position":2,"name":"Tr\u00e1mites y servicios"}]},{"@type":"WebSite","@id":"https:\/\/qroo.gob.mx\/sesesp\/#website","url":"https:\/\/qroo.gob.mx\/sesesp\/","name":"Secretariado Ejecutivo del Sistema Estatal de Seguridad P\u00fablica","description":"","potentialAction":[{"@type":"SearchAction","target":{"@type":"EntryPoint","urlTemplate":"https:\/\/qroo.gob.mx\/sesesp\/?s={search_term_string}"},"query-input":"required name=search_term_string"}],"inLanguage":"es"}]}},"_links":{"self":[{"href":"https:\/\/qroo.gob.mx\/sesesp\/index.php\/wp-json\/wp\/v2\/pages\/37443"}],"collection":[{"href":"https:\/\/qroo.gob.mx\/sesesp\/index.php\/wp-json\/wp\/v2\/pages"}],"about":[{"href":"https:\/\/qroo.gob.mx\/sesesp\/index.php\/wp-json\/wp\/v2\/types\/page"}],"author":[{"embeddable":true,"href":"https:\/\/qroo.gob.mx\/sesesp\/index.php\/wp-json\/wp\/v2\/users\/4"}],"replies":[{"embeddable":true,"href":"https:\/\/qroo.gob.mx\/sesesp\/index.php\/wp-json\/wp\/v2\/comments?post=37443"}],"version-history":[{"count":8,"href":"https:\/\/qroo.gob.mx\/sesesp\/index.php\/wp-json\/wp\/v2\/pages\/37443\/revisions"}],"predecessor-version":[{"id":37460,"href":"https:\/\/qroo.gob.mx\/sesesp\/index.php\/wp-json\/wp\/v2\/pages\/37443\/revisions\/37460"}],"wp:attachment":[{"href":"https:\/\/qroo.gob.mx\/sesesp\/index.php\/wp-json\/wp\/v2\/media?parent=37443"}],"curies":[{"name":"wp","href":"https:\/\/api.w.org\/{rel}","templated":true}]}}