{"id":37260,"date":"2024-08-21T10:02:37","date_gmt":"2024-08-21T15:02:37","guid":{"rendered":"https:\/\/qroo.gob.mx\/sesesp\/?page_id=37260"},"modified":"2024-08-21T12:15:12","modified_gmt":"2024-08-21T17:15:12","slug":"noticia-sesesp-diplomadonoticia-sesesp","status":"publish","type":"page","link":"https:\/\/qroo.gob.mx\/sesesp\/index.php\/noticia-sesesp-diplomadonoticia-sesesp\/","title":{"rendered":"Noticia SESESP diplomadoNoticia SESESP"},"content":{"rendered":"\t\t<div data-elementor-type=\"wp-page\" data-elementor-id=\"37260\" class=\"elementor elementor-37260\">\n\t\t\t\t<div class=\"elementor-element elementor-element-1fa5c31 e-flex e-con-boxed e-con e-parent\" data-id=\"1fa5c31\" data-element_type=\"container\">\n\t\t\t\t\t<div class=\"e-con-inner\">\n\t\t\t\t<div class=\"elementor-element elementor-element-98ff17b elementor-widget elementor-widget-heading\" data-id=\"98ff17b\" data-element_type=\"widget\" data-widget_type=\"heading.default\">\n\t\t\t\t<div class=\"elementor-widget-container\">\n\t\t\t<style>\/*! elementor - v3.23.0 - 15-07-2024 *\/\n.elementor-heading-title{padding:0;margin:0;line-height:1}.elementor-widget-heading .elementor-heading-title[class*=elementor-size-]>a{color:inherit;font-size:inherit;line-height:inherit}.elementor-widget-heading .elementor-heading-title.elementor-size-small{font-size:15px}.elementor-widget-heading .elementor-heading-title.elementor-size-medium{font-size:19px}.elementor-widget-heading .elementor-heading-title.elementor-size-large{font-size:29px}.elementor-widget-heading .elementor-heading-title.elementor-size-xl{font-size:39px}.elementor-widget-heading .elementor-heading-title.elementor-size-xxl{font-size:59px}<\/style><h2 class=\"elementor-heading-title elementor-size-default\">SESESP imparte diplomado a servidores p\u00fablicos en Derechos Humanos y Perspectiva de G\u00e9nero<\/h2>\t\t<\/div>\n\t\t\t\t<\/div>\n\t\t\t\t\t<\/div>\n\t\t\t\t<\/div>\n\t\t<div class=\"elementor-element elementor-element-5059199 e-flex e-con-boxed e-con e-parent\" data-id=\"5059199\" data-element_type=\"container\">\n\t\t\t\t\t<div class=\"e-con-inner\">\n\t\t\t\t<div class=\"elementor-element elementor-element-0488a13 elementor-widget elementor-widget-image\" data-id=\"0488a13\" data-element_type=\"widget\" data-widget_type=\"image.default\">\n\t\t\t\t<div class=\"elementor-widget-container\">\n\t\t\t<style>\/*! elementor - v3.23.0 - 15-07-2024 *\/\n.elementor-widget-image{text-align:center}.elementor-widget-image a{display:inline-block}.elementor-widget-image a img[src$=\".svg\"]{width:48px}.elementor-widget-image img{vertical-align:middle;display:inline-block}<\/style>\t\t\t\t\t\t\t\t\t\t<img fetchpriority=\"high\" decoding=\"async\" width=\"1024\" height=\"379\" src=\"https:\/\/qroo.gob.mx\/sesesp\/wp-content\/uploads\/2024\/08\/456241809_810843411223583_1943045291090970070_n-2-1024x379.jpg\" class=\"attachment-large size-large wp-image-37270\" alt=\"\" srcset=\"https:\/\/qroo.gob.mx\/sesesp\/wp-content\/uploads\/2024\/08\/456241809_810843411223583_1943045291090970070_n-2-1024x379.jpg 1024w, https:\/\/qroo.gob.mx\/sesesp\/wp-content\/uploads\/2024\/08\/456241809_810843411223583_1943045291090970070_n-2-300x111.jpg 300w, https:\/\/qroo.gob.mx\/sesesp\/wp-content\/uploads\/2024\/08\/456241809_810843411223583_1943045291090970070_n-2-768x284.jpg 768w, https:\/\/qroo.gob.mx\/sesesp\/wp-content\/uploads\/2024\/08\/456241809_810843411223583_1943045291090970070_n-2-1536x569.jpg 1536w, https:\/\/qroo.gob.mx\/sesesp\/wp-content\/uploads\/2024\/08\/456241809_810843411223583_1943045291090970070_n-2.jpg 2048w\" sizes=\"(max-width: 1024px) 100vw, 1024px\" \/>\t\t\t\t\t\t\t\t\t\t\t\t\t<\/div>\n\t\t\t\t<\/div>\n\t\t\t\t<div class=\"elementor-element elementor-element-046c7cf elementor-widget elementor-widget-heading\" data-id=\"046c7cf\" data-element_type=\"widget\" data-widget_type=\"heading.default\">\n\t\t\t\t<div class=\"elementor-widget-container\">\n\t\t\t<span class=\"elementor-heading-title elementor-size-default\"><i>Un total de 85 servidores entre estatales y municipales se capacitan con este diplomado de Derechos Humanos y Perspectiva de G\u00e9nero. Se brindan herramientas a las y los servidores p\u00fablicos que generen una Construcci\u00f3n de Paz<\/i><\/span>\t\t<\/div>\n\t\t\t\t<\/div>\n\t\t\t\t\t<\/div>\n\t\t\t\t<\/div>\n\t\t<div class=\"elementor-element elementor-element-7cd597e e-con-full e-flex e-con e-parent\" data-id=\"7cd597e\" data-element_type=\"container\">\n\t\t\t\t<div class=\"elementor-element elementor-element-19d5b0e elementor-widget elementor-widget-text-editor\" data-id=\"19d5b0e\" data-element_type=\"widget\" data-widget_type=\"text-editor.default\">\n\t\t\t\t<div class=\"elementor-widget-container\">\n\t\t\t<style>\/*! elementor - v3.23.0 - 15-07-2024 *\/\n.elementor-widget-text-editor.elementor-drop-cap-view-stacked .elementor-drop-cap{background-color:#69727d;color:#fff}.elementor-widget-text-editor.elementor-drop-cap-view-framed .elementor-drop-cap{color:#69727d;border:3px solid;background-color:transparent}.elementor-widget-text-editor:not(.elementor-drop-cap-view-default) .elementor-drop-cap{margin-top:8px}.elementor-widget-text-editor:not(.elementor-drop-cap-view-default) .elementor-drop-cap-letter{width:1em;height:1em}.elementor-widget-text-editor .elementor-drop-cap{float:left;text-align:center;line-height:1;font-size:50px}.elementor-widget-text-editor .elementor-drop-cap-letter{display:inline-block}<\/style>\t\t\t\t<div class=\"x11i5rnm xat24cr x1mh8g0r x1vvkbs xtlvy1s x126k92a\"><div dir=\"auto\"><strong>Canc\u00fan.-<\/strong> Impulsando los patrones culturales a trav\u00e9s de conocimientos en la prevenci\u00f3n del delito, el Secretariado Ejecutivo del Sistema Estatal de Seguridad P\u00fablica (SESESP) puso en marcha el Diplomado Derechos Humanos y Perspectiva de G\u00e9nero, en el que participan servidores p\u00fablicos estatales y municipales con la finalidad de incrementar su eficiencia y eficacia en la impartici\u00f3n de justicia con perspectiva de g\u00e9nero, enfoc\u00e1ndose en atender la normatividad nacional e internacional.<\/div><div dir=\"auto\">\u00a0<\/div><\/div><div class=\"x11i5rnm xat24cr x1mh8g0r x1vvkbs xtlvy1s x126k92a\"><div dir=\"auto\">Adri\u00e1n Mart\u00ednez Ortega, titular del SESESP, dijo que como parte del Nuevo Acuerdo por el Bienestar y Desarrollo de Quintana Roo, que impulsa la gobernadora Mara Lezama Espinosa, el SESESP busca capacitar a las y los servidores p\u00fablicos del Estado, que imparten justicia y que de manera directa atienden la violencia de g\u00e9nero.<\/div><div dir=\"auto\">\u00a0<\/div><\/div><div class=\"x11i5rnm xat24cr x1mh8g0r x1vvkbs xtlvy1s x126k92a\"><div dir=\"auto\">\u201cHoy se inaugur\u00f3 el Diplomado Derechos Humanos y Perspectiva de G\u00e9nero, impulsando la transformaci\u00f3n de patrones culturales; otorgando conocimientos especializados y sensibilizando a servidores p\u00fablicos, a trav\u00e9s de un enfoque psicopedag\u00f3gico que incremente la eficacia y eficiencia en la impartici\u00f3n de justicia con perspectiva de g\u00e9nero\u201d refiri\u00f3 Mart\u00ednez Ortega.<\/div><div dir=\"auto\">\u00a0<\/div><\/div><div class=\"x11i5rnm xat24cr x1mh8g0r x1vvkbs xtlvy1s x126k92a\"><div dir=\"auto\">Los temas que se abordar\u00e1n en 120 horas del diplomado, el cual se impartir\u00e1 en los meses de agosto hasta octubre, tienen como finalidad la prevenci\u00f3n de conductas que vulneran los derechos humanos, atendiendo los mecanismos que establece la normatividad nacional e internacional, brindando herramientas que nos generen una Construcci\u00f3n de Paz.<\/div><div dir=\"auto\">\u00a0<\/div><\/div><div class=\"x11i5rnm xat24cr x1mh8g0r x1vvkbs xtlvy1s x126k92a\"><div dir=\"auto\">En este diplomado participa personal de los Grupos Especializado de Atenci\u00f3n a la Violencia de G\u00e9nero (GEAVIG), Fiscal\u00eda General del Estado, Instituto Quintanarroense de la Mujer, as\u00ed como servidores p\u00fablicos de Benito Ju\u00e1rez, Bacalar, Cozumel, L\u00e1zaro C\u00e1rdenas, Isla Mujeres, Solidaridad y Oth\u00f3n P. Blanco.<\/div><\/div>\t\t\t\t\t\t<\/div>\n\t\t\t\t<\/div>\n\t\t\t\t<\/div>\n\t\t<div class=\"elementor-element elementor-element-03028c0 e-flex e-con-boxed e-con e-parent\" data-id=\"03028c0\" data-element_type=\"container\">\n\t\t\t\t\t<div class=\"e-con-inner\">\n\t\t\t\t<div class=\"elementor-element elementor-element-02e6121 elementor-widget elementor-widget-image-gallery\" data-id=\"02e6121\" data-element_type=\"widget\" data-widget_type=\"image-gallery.default\">\n\t\t\t\t<div class=\"elementor-widget-container\">\n\t\t\t<style>\/*! elementor - v3.23.0 - 15-07-2024 *\/\n.elementor-image-gallery .gallery-item{display:inline-block;text-align:center;vertical-align:top;width:100%;max-width:100%;margin:0 auto}.elementor-image-gallery .gallery-item img{margin:0 auto}.elementor-image-gallery .gallery-item .gallery-caption{margin:0}.elementor-image-gallery figure img{display:block}.elementor-image-gallery figure figcaption{width:100%}.gallery-spacing-custom .elementor-image-gallery .gallery-icon{padding:0}@media (min-width:768px){.elementor-image-gallery .gallery-columns-2 .gallery-item{max-width:50%}.elementor-image-gallery .gallery-columns-3 .gallery-item{max-width:33.33%}.elementor-image-gallery .gallery-columns-4 .gallery-item{max-width:25%}.elementor-image-gallery .gallery-columns-5 .gallery-item{max-width:20%}.elementor-image-gallery .gallery-columns-6 .gallery-item{max-width:16.666%}.elementor-image-gallery .gallery-columns-7 .gallery-item{max-width:14.28%}.elementor-image-gallery .gallery-columns-8 .gallery-item{max-width:12.5%}.elementor-image-gallery .gallery-columns-9 .gallery-item{max-width:11.11%}.elementor-image-gallery .gallery-columns-10 .gallery-item{max-width:10%}}@media (min-width:480px) and (max-width:767px){.elementor-image-gallery .gallery.gallery-columns-2 .gallery-item,.elementor-image-gallery .gallery.gallery-columns-3 .gallery-item,.elementor-image-gallery .gallery.gallery-columns-4 .gallery-item,.elementor-image-gallery .gallery.gallery-columns-5 .gallery-item,.elementor-image-gallery .gallery.gallery-columns-6 .gallery-item,.elementor-image-gallery .gallery.gallery-columns-7 .gallery-item,.elementor-image-gallery .gallery.gallery-columns-8 .gallery-item,.elementor-image-gallery .gallery.gallery-columns-9 .gallery-item,.elementor-image-gallery .gallery.gallery-columns-10 .gallery-item{max-width:50%}}@media (max-width:479px){.elementor-image-gallery .gallery.gallery-columns-2 .gallery-item,.elementor-image-gallery .gallery.gallery-columns-3 .gallery-item,.elementor-image-gallery .gallery.gallery-columns-4 .gallery-item,.elementor-image-gallery .gallery.gallery-columns-5 .gallery-item,.elementor-image-gallery .gallery.gallery-columns-6 .gallery-item,.elementor-image-gallery .gallery.gallery-columns-7 .gallery-item,.elementor-image-gallery .gallery.gallery-columns-8 .gallery-item,.elementor-image-gallery .gallery.gallery-columns-9 .gallery-item,.elementor-image-gallery .gallery.gallery-columns-10 .gallery-item{max-width:100%}}<\/style>\t\t<div class=\"elementor-image-gallery\">\n\t\t\t<div id='gallery-1' class='gallery galleryid-37260 gallery-columns-3 gallery-size-large'><figure class='gallery-item'>\n\t\t\t<div class='gallery-icon landscape'>\n\t\t\t\t<a data-elementor-open-lightbox=\"yes\" data-elementor-lightbox-slideshow=\"02e6121\" data-elementor-lightbox-title=\"456118292_810843397890251_7382592106121275905_n\" data-e-action-hash=\"#elementor-action%3Aaction%3Dlightbox%26settings%3DeyJpZCI6MzcyMDIsInVybCI6Imh0dHBzOlwvXC9xcm9vLmdvYi5teFwvc2VzZXNwXC93cC1jb250ZW50XC91cGxvYWRzXC8yMDI0XC8wOFwvNDU2MTE4MjkyXzgxMDg0MzM5Nzg5MDI1MV83MzgyNTkyMTA2MTIxMjc1OTA1X24uanBnIiwic2xpZGVzaG93IjoiMDJlNjEyMSJ9\" href='https:\/\/qroo.gob.mx\/sesesp\/wp-content\/uploads\/2024\/08\/456118292_810843397890251_7382592106121275905_n.jpg'><img decoding=\"async\" width=\"1024\" height=\"768\" src=\"https:\/\/qroo.gob.mx\/sesesp\/wp-content\/uploads\/2024\/08\/456118292_810843397890251_7382592106121275905_n-1024x768.jpg\" class=\"attachment-large size-large\" alt=\"\" srcset=\"https:\/\/qroo.gob.mx\/sesesp\/wp-content\/uploads\/2024\/08\/456118292_810843397890251_7382592106121275905_n-1024x768.jpg 1024w, https:\/\/qroo.gob.mx\/sesesp\/wp-content\/uploads\/2024\/08\/456118292_810843397890251_7382592106121275905_n-300x225.jpg 300w, https:\/\/qroo.gob.mx\/sesesp\/wp-content\/uploads\/2024\/08\/456118292_810843397890251_7382592106121275905_n-768x576.jpg 768w, https:\/\/qroo.gob.mx\/sesesp\/wp-content\/uploads\/2024\/08\/456118292_810843397890251_7382592106121275905_n-1536x1152.jpg 1536w, https:\/\/qroo.gob.mx\/sesesp\/wp-content\/uploads\/2024\/08\/456118292_810843397890251_7382592106121275905_n.jpg 2048w\" sizes=\"(max-width: 1024px) 100vw, 1024px\" \/><\/a>\n\t\t\t<\/div><\/figure><figure class='gallery-item'>\n\t\t\t<div class='gallery-icon landscape'>\n\t\t\t\t<a data-elementor-open-lightbox=\"yes\" data-elementor-lightbox-slideshow=\"02e6121\" data-elementor-lightbox-title=\"456482297_810843407890250_1645978692838377837_n\" data-e-action-hash=\"#elementor-action%3Aaction%3Dlightbox%26settings%3DeyJpZCI6MzcyMDEsInVybCI6Imh0dHBzOlwvXC9xcm9vLmdvYi5teFwvc2VzZXNwXC93cC1jb250ZW50XC91cGxvYWRzXC8yMDI0XC8wOFwvNDU2NDgyMjk3XzgxMDg0MzQwNzg5MDI1MF8xNjQ1OTc4NjkyODM4Mzc3ODM3X24uanBnIiwic2xpZGVzaG93IjoiMDJlNjEyMSJ9\" href='https:\/\/qroo.gob.mx\/sesesp\/wp-content\/uploads\/2024\/08\/456482297_810843407890250_1645978692838377837_n.jpg'><img decoding=\"async\" width=\"1024\" height=\"768\" src=\"https:\/\/qroo.gob.mx\/sesesp\/wp-content\/uploads\/2024\/08\/456482297_810843407890250_1645978692838377837_n-1024x768.jpg\" class=\"attachment-large size-large\" alt=\"\" srcset=\"https:\/\/qroo.gob.mx\/sesesp\/wp-content\/uploads\/2024\/08\/456482297_810843407890250_1645978692838377837_n-1024x768.jpg 1024w, https:\/\/qroo.gob.mx\/sesesp\/wp-content\/uploads\/2024\/08\/456482297_810843407890250_1645978692838377837_n-300x225.jpg 300w, https:\/\/qroo.gob.mx\/sesesp\/wp-content\/uploads\/2024\/08\/456482297_810843407890250_1645978692838377837_n-768x576.jpg 768w, https:\/\/qroo.gob.mx\/sesesp\/wp-content\/uploads\/2024\/08\/456482297_810843407890250_1645978692838377837_n-1536x1152.jpg 1536w, https:\/\/qroo.gob.mx\/sesesp\/wp-content\/uploads\/2024\/08\/456482297_810843407890250_1645978692838377837_n.jpg 2048w\" sizes=\"(max-width: 1024px) 100vw, 1024px\" \/><\/a>\n\t\t\t<\/div><\/figure><figure class='gallery-item'>\n\t\t\t<div class='gallery-icon landscape'>\n\t\t\t\t<a data-elementor-open-lightbox=\"yes\" data-elementor-lightbox-slideshow=\"02e6121\" data-elementor-lightbox-title=\"456241809_810843411223583_1943045291090970070_n (1)\" data-e-action-hash=\"#elementor-action%3Aaction%3Dlightbox%26settings%3DeyJpZCI6MzcyMDAsInVybCI6Imh0dHBzOlwvXC9xcm9vLmdvYi5teFwvc2VzZXNwXC93cC1jb250ZW50XC91cGxvYWRzXC8yMDI0XC8wOFwvNDU2MjQxODA5XzgxMDg0MzQxMTIyMzU4M18xOTQzMDQ1MjkxMDkwOTcwMDcwX24tMS0xLmpwZyIsInNsaWRlc2hvdyI6IjAyZTYxMjEifQ%3D%3D\" href='https:\/\/qroo.gob.mx\/sesesp\/wp-content\/uploads\/2024\/08\/456241809_810843411223583_1943045291090970070_n-1-1.jpg'><img loading=\"lazy\" decoding=\"async\" width=\"1024\" height=\"768\" src=\"https:\/\/qroo.gob.mx\/sesesp\/wp-content\/uploads\/2024\/08\/456241809_810843411223583_1943045291090970070_n-1-1-1024x768.jpg\" class=\"attachment-large size-large\" alt=\"\" srcset=\"https:\/\/qroo.gob.mx\/sesesp\/wp-content\/uploads\/2024\/08\/456241809_810843411223583_1943045291090970070_n-1-1-1024x768.jpg 1024w, https:\/\/qroo.gob.mx\/sesesp\/wp-content\/uploads\/2024\/08\/456241809_810843411223583_1943045291090970070_n-1-1-300x225.jpg 300w, https:\/\/qroo.gob.mx\/sesesp\/wp-content\/uploads\/2024\/08\/456241809_810843411223583_1943045291090970070_n-1-1-768x576.jpg 768w, https:\/\/qroo.gob.mx\/sesesp\/wp-content\/uploads\/2024\/08\/456241809_810843411223583_1943045291090970070_n-1-1-1536x1152.jpg 1536w, https:\/\/qroo.gob.mx\/sesesp\/wp-content\/uploads\/2024\/08\/456241809_810843411223583_1943045291090970070_n-1-1.jpg 2048w\" sizes=\"(max-width: 1024px) 100vw, 1024px\" \/><\/a>\n\t\t\t<\/div><\/figure><figure class='gallery-item'>\n\t\t\t<div class='gallery-icon landscape'>\n\t\t\t\t<a data-elementor-open-lightbox=\"yes\" data-elementor-lightbox-slideshow=\"02e6121\" data-elementor-lightbox-title=\"456243991_810843454556912_2560430211352889125_n\" data-e-action-hash=\"#elementor-action%3Aaction%3Dlightbox%26settings%3DeyJpZCI6MzcxOTksInVybCI6Imh0dHBzOlwvXC9xcm9vLmdvYi5teFwvc2VzZXNwXC93cC1jb250ZW50XC91cGxvYWRzXC8yMDI0XC8wOFwvNDU2MjQzOTkxXzgxMDg0MzQ1NDU1NjkxMl8yNTYwNDMwMjExMzUyODg5MTI1X24uanBnIiwic2xpZGVzaG93IjoiMDJlNjEyMSJ9\" href='https:\/\/qroo.gob.mx\/sesesp\/wp-content\/uploads\/2024\/08\/456243991_810843454556912_2560430211352889125_n.jpg'><img loading=\"lazy\" decoding=\"async\" width=\"1024\" height=\"576\" src=\"https:\/\/qroo.gob.mx\/sesesp\/wp-content\/uploads\/2024\/08\/456243991_810843454556912_2560430211352889125_n-1024x576.jpg\" class=\"attachment-large size-large\" alt=\"\" srcset=\"https:\/\/qroo.gob.mx\/sesesp\/wp-content\/uploads\/2024\/08\/456243991_810843454556912_2560430211352889125_n-1024x576.jpg 1024w, https:\/\/qroo.gob.mx\/sesesp\/wp-content\/uploads\/2024\/08\/456243991_810843454556912_2560430211352889125_n-300x169.jpg 300w, https:\/\/qroo.gob.mx\/sesesp\/wp-content\/uploads\/2024\/08\/456243991_810843454556912_2560430211352889125_n-768x432.jpg 768w, https:\/\/qroo.gob.mx\/sesesp\/wp-content\/uploads\/2024\/08\/456243991_810843454556912_2560430211352889125_n-1536x864.jpg 1536w, https:\/\/qroo.gob.mx\/sesesp\/wp-content\/uploads\/2024\/08\/456243991_810843454556912_2560430211352889125_n.jpg 1600w\" sizes=\"(max-width: 1024px) 100vw, 1024px\" \/><\/a>\n\t\t\t<\/div><\/figure>\n\t\t<\/div>\n\t\t<\/div>\n\t\t\t\t<\/div>\n\t\t\t\t<\/div>\n\t\t\t\t\t<\/div>\n\t\t\t\t<\/div>\n\t\t\t\t<\/div>\n\t\t","protected":false},"excerpt":{"rendered":"<p>SESESP imparte diplomado a servidores p\u00fablicos en Derechos Humanos y Perspectiva de G\u00e9nero Un total de 85 servidores entre estatales y municipales se capacitan con este diplomado de Derechos Humanos y Perspectiva de G\u00e9nero. Se brindan herramientas a las y los servidores p\u00fablicos que generen una Construcci\u00f3n de Paz Canc\u00fan.- Impulsando los patrones culturales a &#8230; <a title=\"Noticia SESESP diplomadoNoticia SESESP\" class=\"read-more\" href=\"https:\/\/qroo.gob.mx\/sesesp\/index.php\/noticia-sesesp-diplomadonoticia-sesesp\/\" aria-label=\"Leer m\u00e1s sobre Noticia SESESP diplomadoNoticia SESESP\">Leer m\u00e1s<\/a><\/p>\n","protected":false},"author":4,"featured_media":0,"parent":0,"menu_order":0,"comment_status":"closed","ping_status":"closed","template":"","meta":{"footnotes":""},"class_list":["post-37260","page","type-page","status-publish"],"yoast_head":"<!-- This site is optimized with the Yoast SEO plugin v23.0 - https:\/\/yoast.com\/wordpress\/plugins\/seo\/ -->\n<title>Noticia SESESP diplomadoNoticia SESESP - Secretariado Ejecutivo del Sistema Estatal de Seguridad P\u00fablica<\/title>\n<meta name=\"robots\" content=\"noindex, follow, max-snippet:-1, max-image-preview:large, max-video-preview:-1\" \/>\n<meta property=\"og:locale\" content=\"es_MX\" \/>\n<meta property=\"og:type\" content=\"article\" \/>\n<meta property=\"og:title\" content=\"Noticia SESESP diplomadoNoticia SESESP - Secretariado Ejecutivo del Sistema Estatal de Seguridad P\u00fablica\" \/>\n<meta property=\"og:description\" content=\"SESESP imparte diplomado a servidores p\u00fablicos en Derechos Humanos y Perspectiva de G\u00e9nero Un total de 85 servidores entre estatales y municipales se capacitan con este diplomado de Derechos Humanos y Perspectiva de G\u00e9nero. Se brindan herramientas a las y los servidores p\u00fablicos que generen una Construcci\u00f3n de Paz Canc\u00fan.- Impulsando los patrones culturales a ... Leer m\u00e1s\" \/>\n<meta property=\"og:url\" content=\"https:\/\/qroo.gob.mx\/sesesp\/index.php\/noticia-sesesp-diplomadonoticia-sesesp\/\" \/>\n<meta property=\"og:site_name\" content=\"Secretariado Ejecutivo del Sistema Estatal de Seguridad P\u00fablica\" \/>\n<meta property=\"article:modified_time\" content=\"2024-08-21T17:15:12+00:00\" \/>\n<meta property=\"og:image\" content=\"https:\/\/qroo.gob.mx\/sesesp\/wp-content\/uploads\/2024\/08\/456241809_810843411223583_1943045291090970070_n-2-1024x379.jpg\" \/>\n<meta name=\"twitter:card\" content=\"summary_large_image\" \/>\n<meta name=\"twitter:label1\" content=\"Tiempo de lectura\" \/>\n\t<meta name=\"twitter:data1\" content=\"3 minutos\" \/>\n<script type=\"application\/ld+json\" class=\"yoast-schema-graph\">{\"@context\":\"https:\/\/schema.org\",\"@graph\":[{\"@type\":\"WebPage\",\"@id\":\"https:\/\/qroo.gob.mx\/sesesp\/index.php\/noticia-sesesp-diplomadonoticia-sesesp\/\",\"url\":\"https:\/\/qroo.gob.mx\/sesesp\/index.php\/noticia-sesesp-diplomadonoticia-sesesp\/\",\"name\":\"Noticia SESESP diplomadoNoticia SESESP - Secretariado Ejecutivo del Sistema Estatal de Seguridad P\u00fablica\",\"isPartOf\":{\"@id\":\"https:\/\/qroo.gob.mx\/sesesp\/#website\"},\"primaryImageOfPage\":{\"@id\":\"https:\/\/qroo.gob.mx\/sesesp\/index.php\/noticia-sesesp-diplomadonoticia-sesesp\/#primaryimage\"},\"image\":{\"@id\":\"https:\/\/qroo.gob.mx\/sesesp\/index.php\/noticia-sesesp-diplomadonoticia-sesesp\/#primaryimage\"},\"thumbnailUrl\":\"https:\/\/qroo.gob.mx\/sesesp\/wp-content\/uploads\/2024\/08\/456241809_810843411223583_1943045291090970070_n-2-1024x379.jpg\",\"datePublished\":\"2024-08-21T15:02:37+00:00\",\"dateModified\":\"2024-08-21T17:15:12+00:00\",\"breadcrumb\":{\"@id\":\"https:\/\/qroo.gob.mx\/sesesp\/index.php\/noticia-sesesp-diplomadonoticia-sesesp\/#breadcrumb\"},\"inLanguage\":\"es\",\"potentialAction\":[{\"@type\":\"ReadAction\",\"target\":[\"https:\/\/qroo.gob.mx\/sesesp\/index.php\/noticia-sesesp-diplomadonoticia-sesesp\/\"]}]},{\"@type\":\"ImageObject\",\"inLanguage\":\"es\",\"@id\":\"https:\/\/qroo.gob.mx\/sesesp\/index.php\/noticia-sesesp-diplomadonoticia-sesesp\/#primaryimage\",\"url\":\"https:\/\/qroo.gob.mx\/sesesp\/wp-content\/uploads\/2024\/08\/456241809_810843411223583_1943045291090970070_n-2.jpg\",\"contentUrl\":\"https:\/\/qroo.gob.mx\/sesesp\/wp-content\/uploads\/2024\/08\/456241809_810843411223583_1943045291090970070_n-2.jpg\",\"width\":2048,\"height\":758},{\"@type\":\"BreadcrumbList\",\"@id\":\"https:\/\/qroo.gob.mx\/sesesp\/index.php\/noticia-sesesp-diplomadonoticia-sesesp\/#breadcrumb\",\"itemListElement\":[{\"@type\":\"ListItem\",\"position\":1,\"name\":\"Inicio\",\"item\":\"https:\/\/qroo.gob.mx\/sesesp\/\"},{\"@type\":\"ListItem\",\"position\":2,\"name\":\"Noticia SESESP diplomadoNoticia SESESP\"}]},{\"@type\":\"WebSite\",\"@id\":\"https:\/\/qroo.gob.mx\/sesesp\/#website\",\"url\":\"https:\/\/qroo.gob.mx\/sesesp\/\",\"name\":\"Secretariado Ejecutivo del Sistema Estatal de Seguridad P\u00fablica\",\"description\":\"\",\"potentialAction\":[{\"@type\":\"SearchAction\",\"target\":{\"@type\":\"EntryPoint\",\"urlTemplate\":\"https:\/\/qroo.gob.mx\/sesesp\/?s={search_term_string}\"},\"query-input\":\"required name=search_term_string\"}],\"inLanguage\":\"es\"}]}<\/script>\n<!-- \/ Yoast SEO plugin. -->","yoast_head_json":{"title":"Noticia SESESP diplomadoNoticia SESESP - Secretariado Ejecutivo del Sistema Estatal de Seguridad P\u00fablica","robots":{"index":"noindex","follow":"follow","max-snippet":"max-snippet:-1","max-image-preview":"max-image-preview:large","max-video-preview":"max-video-preview:-1"},"og_locale":"es_MX","og_type":"article","og_title":"Noticia SESESP diplomadoNoticia SESESP - Secretariado Ejecutivo del Sistema Estatal de Seguridad P\u00fablica","og_description":"SESESP imparte diplomado a servidores p\u00fablicos en Derechos Humanos y Perspectiva de G\u00e9nero Un total de 85 servidores entre estatales y municipales se capacitan con este diplomado de Derechos Humanos y Perspectiva de G\u00e9nero. Se brindan herramientas a las y los servidores p\u00fablicos que generen una Construcci\u00f3n de Paz Canc\u00fan.- Impulsando los patrones culturales a ... Leer m\u00e1s","og_url":"https:\/\/qroo.gob.mx\/sesesp\/index.php\/noticia-sesesp-diplomadonoticia-sesesp\/","og_site_name":"Secretariado Ejecutivo del Sistema Estatal de Seguridad P\u00fablica","article_modified_time":"2024-08-21T17:15:12+00:00","og_image":[{"url":"https:\/\/qroo.gob.mx\/sesesp\/wp-content\/uploads\/2024\/08\/456241809_810843411223583_1943045291090970070_n-2-1024x379.jpg"}],"twitter_card":"summary_large_image","twitter_misc":{"Tiempo de lectura":"3 minutos"},"schema":{"@context":"https:\/\/schema.org","@graph":[{"@type":"WebPage","@id":"https:\/\/qroo.gob.mx\/sesesp\/index.php\/noticia-sesesp-diplomadonoticia-sesesp\/","url":"https:\/\/qroo.gob.mx\/sesesp\/index.php\/noticia-sesesp-diplomadonoticia-sesesp\/","name":"Noticia SESESP diplomadoNoticia SESESP - Secretariado Ejecutivo del Sistema Estatal de Seguridad P\u00fablica","isPartOf":{"@id":"https:\/\/qroo.gob.mx\/sesesp\/#website"},"primaryImageOfPage":{"@id":"https:\/\/qroo.gob.mx\/sesesp\/index.php\/noticia-sesesp-diplomadonoticia-sesesp\/#primaryimage"},"image":{"@id":"https:\/\/qroo.gob.mx\/sesesp\/index.php\/noticia-sesesp-diplomadonoticia-sesesp\/#primaryimage"},"thumbnailUrl":"https:\/\/qroo.gob.mx\/sesesp\/wp-content\/uploads\/2024\/08\/456241809_810843411223583_1943045291090970070_n-2-1024x379.jpg","datePublished":"2024-08-21T15:02:37+00:00","dateModified":"2024-08-21T17:15:12+00:00","breadcrumb":{"@id":"https:\/\/qroo.gob.mx\/sesesp\/index.php\/noticia-sesesp-diplomadonoticia-sesesp\/#breadcrumb"},"inLanguage":"es","potentialAction":[{"@type":"ReadAction","target":["https:\/\/qroo.gob.mx\/sesesp\/index.php\/noticia-sesesp-diplomadonoticia-sesesp\/"]}]},{"@type":"ImageObject","inLanguage":"es","@id":"https:\/\/qroo.gob.mx\/sesesp\/index.php\/noticia-sesesp-diplomadonoticia-sesesp\/#primaryimage","url":"https:\/\/qroo.gob.mx\/sesesp\/wp-content\/uploads\/2024\/08\/456241809_810843411223583_1943045291090970070_n-2.jpg","contentUrl":"https:\/\/qroo.gob.mx\/sesesp\/wp-content\/uploads\/2024\/08\/456241809_810843411223583_1943045291090970070_n-2.jpg","width":2048,"height":758},{"@type":"BreadcrumbList","@id":"https:\/\/qroo.gob.mx\/sesesp\/index.php\/noticia-sesesp-diplomadonoticia-sesesp\/#breadcrumb","itemListElement":[{"@type":"ListItem","position":1,"name":"Inicio","item":"https:\/\/qroo.gob.mx\/sesesp\/"},{"@type":"ListItem","position":2,"name":"Noticia SESESP diplomadoNoticia SESESP"}]},{"@type":"WebSite","@id":"https:\/\/qroo.gob.mx\/sesesp\/#website","url":"https:\/\/qroo.gob.mx\/sesesp\/","name":"Secretariado Ejecutivo del Sistema Estatal de Seguridad P\u00fablica","description":"","potentialAction":[{"@type":"SearchAction","target":{"@type":"EntryPoint","urlTemplate":"https:\/\/qroo.gob.mx\/sesesp\/?s={search_term_string}"},"query-input":"required name=search_term_string"}],"inLanguage":"es"}]}},"_links":{"self":[{"href":"https:\/\/qroo.gob.mx\/sesesp\/index.php\/wp-json\/wp\/v2\/pages\/37260"}],"collection":[{"href":"https:\/\/qroo.gob.mx\/sesesp\/index.php\/wp-json\/wp\/v2\/pages"}],"about":[{"href":"https:\/\/qroo.gob.mx\/sesesp\/index.php\/wp-json\/wp\/v2\/types\/page"}],"author":[{"embeddable":true,"href":"https:\/\/qroo.gob.mx\/sesesp\/index.php\/wp-json\/wp\/v2\/users\/4"}],"replies":[{"embeddable":true,"href":"https:\/\/qroo.gob.mx\/sesesp\/index.php\/wp-json\/wp\/v2\/comments?post=37260"}],"version-history":[{"count":58,"href":"https:\/\/qroo.gob.mx\/sesesp\/index.php\/wp-json\/wp\/v2\/pages\/37260\/revisions"}],"predecessor-version":[{"id":37429,"href":"https:\/\/qroo.gob.mx\/sesesp\/index.php\/wp-json\/wp\/v2\/pages\/37260\/revisions\/37429"}],"wp:attachment":[{"href":"https:\/\/qroo.gob.mx\/sesesp\/index.php\/wp-json\/wp\/v2\/media?parent=37260"}],"curies":[{"name":"wp","href":"https:\/\/api.w.org\/{rel}","templated":true}]}}