{"id":37115,"date":"2024-08-19T15:24:08","date_gmt":"2024-08-19T20:24:08","guid":{"rendered":"https:\/\/qroo.gob.mx\/sesesp\/?page_id=37115"},"modified":"2024-08-21T11:36:16","modified_gmt":"2024-08-21T16:36:16","slug":"indice-de-expedientes-clasificados-como-reservados","status":"publish","type":"page","link":"https:\/\/qroo.gob.mx\/sesesp\/index.php\/indice-de-expedientes-clasificados-como-reservados\/","title":{"rendered":"\u00cdndice de expedientes clasificados como reservados"},"content":{"rendered":"\t\t<div data-elementor-type=\"wp-page\" data-elementor-id=\"37115\" class=\"elementor elementor-37115\">\n\t\t\t\t<div class=\"elementor-element elementor-element-4b89c2d e-flex e-con-boxed e-con e-parent\" data-id=\"4b89c2d\" data-element_type=\"container\" data-settings=\"{&quot;background_background&quot;:&quot;classic&quot;}\">\n\t\t\t\t\t<div class=\"e-con-inner\">\n\t\t\t\t<div class=\"elementor-element elementor-element-0806f74 elementor-widget elementor-widget-heading\" data-id=\"0806f74\" data-element_type=\"widget\" data-widget_type=\"heading.default\">\n\t\t\t\t<div class=\"elementor-widget-container\">\n\t\t\t<style>\/*! elementor - v3.23.0 - 15-07-2024 *\/\n.elementor-heading-title{padding:0;margin:0;line-height:1}.elementor-widget-heading .elementor-heading-title[class*=elementor-size-]>a{color:inherit;font-size:inherit;line-height:inherit}.elementor-widget-heading .elementor-heading-title.elementor-size-small{font-size:15px}.elementor-widget-heading .elementor-heading-title.elementor-size-medium{font-size:19px}.elementor-widget-heading .elementor-heading-title.elementor-size-large{font-size:29px}.elementor-widget-heading .elementor-heading-title.elementor-size-xl{font-size:39px}.elementor-widget-heading .elementor-heading-title.elementor-size-xxl{font-size:59px}<\/style><h2 class=\"elementor-heading-title elementor-size-default\">\u00cdNDICE DE EXPEDIENTES CLASIFICADOS COMO RESERVADOS.<\/h2>\t\t<\/div>\n\t\t\t\t<\/div>\n\t\t\t\t\t<\/div>\n\t\t\t\t<\/div>\n\t\t<div class=\"elementor-element elementor-element-0c66254 e-flex e-con-boxed e-con e-parent\" data-id=\"0c66254\" data-element_type=\"container\">\n\t\t\t\t\t<div class=\"e-con-inner\">\n\t\t\t\t<div class=\"elementor-element elementor-element-e63ee34 elementor-widget elementor-widget-text-editor\" data-id=\"e63ee34\" data-element_type=\"widget\" data-widget_type=\"text-editor.default\">\n\t\t\t\t<div class=\"elementor-widget-container\">\n\t\t\t<style>\/*! elementor - v3.23.0 - 15-07-2024 *\/\n.elementor-widget-text-editor.elementor-drop-cap-view-stacked .elementor-drop-cap{background-color:#69727d;color:#fff}.elementor-widget-text-editor.elementor-drop-cap-view-framed .elementor-drop-cap{color:#69727d;border:3px solid;background-color:transparent}.elementor-widget-text-editor:not(.elementor-drop-cap-view-default) .elementor-drop-cap{margin-top:8px}.elementor-widget-text-editor:not(.elementor-drop-cap-view-default) .elementor-drop-cap-letter{width:1em;height:1em}.elementor-widget-text-editor .elementor-drop-cap{float:left;text-align:center;line-height:1;font-size:50px}.elementor-widget-text-editor .elementor-drop-cap-letter{display:inline-block}<\/style>\t\t\t\t<p>De conformidad con la Ley de Transparencia y Acceso a la Informaci\u00f3n P\u00fablica para el Estado de Quintana Roo este Sujeto Obligado presenta cada semestre el \u00edndice de expedientes clasificados como reservados.<\/p><p>Actualizaci\u00f3n: Semestral.<\/p>\t\t\t\t\t\t<\/div>\n\t\t\t\t<\/div>\n\t\t\t\t<div class=\"elementor-element elementor-element-00bd0de elementor-widget elementor-widget-html\" data-id=\"00bd0de\" data-element_type=\"widget\" data-widget_type=\"html.default\">\n\t\t\t\t<div class=\"elementor-widget-container\">\n\t\t\t<details>\r\n    <summary style=\"color: white;\">A\u00d1O 2019<\/summary>\r\n    <p><a href=\"https:\/\/qroo.gob.mx\/sesesp\/wp-content\/uploads\/2024\/08\/PRIMER-SEMESTRE-2019-I\u0301NDICE-DE-EXPEDIENTES-CR.pdf\">Primer semestre<\/a><\/p>\r\n    <p><a href=\"https:\/\/qroo.gob.mx\/sesesp\/wp-content\/uploads\/2024\/08\/SEGUNDO-SEMESTRE-2019-I\u0301NDICE-DE-EXPEDIENTES-CR.pdf\">Segundo semestre<\/a><\/p>\r\n<\/details>\r\n<details>\r\n    <summary style=\"color: white;\">A\u00d1O 2020<\/summary>\r\n    <p><a href=\"https:\/\/qroo.gob.mx\/sesesp\/wp-content\/uploads\/2024\/08\/PRIMER-SEMESTRE-2020-I\u0301NDICE-DE-EXPEDIENTES-CR.pdf\">Primer semestre<\/a><\/p>\r\n    <p><a href=\"https:\/\/qroo.gob.mx\/sesesp\/wp-content\/uploads\/2024\/08\/SEGUNDO-SEMESTRE-2020-I\u0301NDICE-DE-EXPEDIENTES-CR.pdf\">Segundo semestre<\/a><\/p>\r\n<\/details>\r\n<details>\r\n    <summary style=\"color: white;\">A\u00d1O 2021<\/summary>\r\n    <p><a href=\"https:\/\/qroo.gob.mx\/sesesp\/wp-content\/uploads\/2024\/08\/PRIMER-SEMESTRE-2021-I\u0301NDICE-DE-EXPEDIENTES-CR.pdf\">Primer semestre<\/a><\/p>\r\n    <p><a href=\"https:\/\/qroo.gob.mx\/sesesp\/wp-content\/uploads\/2024\/08\/SEGUNDO-SEMESTRE-2021-I\u0301NDICE-DE-EXPEDIENTES-CR.pdf\">Segundo semestre<\/a><\/p>\r\n<\/details>\r\n<details>\r\n    <summary style=\"color: white;\">A\u00d1O 2022<\/summary>\r\n    <p><a href=\"https:\/\/qroo.gob.mx\/sesesp\/wp-content\/uploads\/2024\/08\/PRIMER-SEMESTRE-2022-I\u0301NDICE-DE-EXPEDIENTES-CR.pdf\">Primer semestre<\/a><\/p>\r\n    <p><a href=\"https:\/\/qroo.gob.mx\/sesesp\/wp-content\/uploads\/2024\/08\/SEGUNDO-SEMESTRE-2022-I\u0301NDICE-DE-EXPEDIENTES-CR.pdf\">Segundo semestre<\/a><\/p>\r\n<\/details>\r\n<details>\r\n    <summary style=\"color: white;\">A\u00d1O 2023<\/summary>\r\n    <p><a href=\"https:\/\/qroo.gob.mx\/sesesp\/wp-content\/uploads\/2024\/08\/PRIMER-SEMESTRE-2023-I\u0301NDICE-DE-EXPEDIENTES-CR.pdf\">Primer semestre<\/a><\/p>\r\n    <p><a href=\"https:\/\/qroo.gob.mx\/sesesp\/wp-content\/uploads\/2024\/08\/SEGUNDO-SEMESTRE-2023-INDICE-DE-EXPEDIENTES-CR.pdf\">Segundo semestre<\/a><\/p>\r\n<\/details>\r\n<details>\r\n    <summary style=\"color: white;\">A\u00d1O 2024<\/summary>\r\n    <p><a href=\"https:\/\/qroo.gob.mx\/sesesp\/wp-content\/uploads\/2024\/08\/1er-Semestre.pdf\">Primer semestre<\/a><\/p>\r\n    <!--<p><a href=\"\">Segundo semestre<\/a><\/p>-->\r\n<\/details>\r\n<style>\r\n    .div-container {\r\n        padding: 20px;\r\n        background-color: #ffffff;\r\n        transition: max-height 0.2s ease-out;\r\n        box-shadow: 1px 4px 8px rgba(0, 0, 0, 0.1);\r\n    }\r\n\r\n    details {\r\n        width: 100%;\r\n        margin: 10px 0;\r\n        background-color: #ececec; \r\n        border: 1px solid #ffffff00;\r\n        border-radius: 4px;\r\n        font-family: \"Montserrat\", sans-serif;\r\n    }\r\n\r\n    summary {\r\n        cursor: pointer;\r\n        font-weight: bold;\r\n        padding: 10px;\r\n        background-color: #afafaf;\r\n        border-bottom: 1px solid #ffffff00;\r\n        border-radius: 4px 4px 0 0;\r\n    }\r\n\r\n    details[open] summary {\r\n        background-color: #a0a0a0;\r\n    }\r\n\r\n    details p {\r\n        padding: 10px;\r\n        margin: 0;\r\n        background-color: #f9f9f9;\r\n        border-radius: 0 0 4px 4px;\r\n    }\r\n\r\n    a {\r\n        text-decoration: none;\r\n    }\r\n\r\n    a:hover {\r\n        text-decoration: underline;\r\n    }\r\n<\/style>\r\n\t\t<\/div>\n\t\t\t\t<\/div>\n\t\t\t\t\t<\/div>\n\t\t\t\t<\/div>\n\t\t\t\t<\/div>\n\t\t","protected":false},"excerpt":{"rendered":"<p>\u00cdNDICE DE EXPEDIENTES CLASIFICADOS COMO RESERVADOS. De conformidad con la Ley de Transparencia y Acceso a la Informaci\u00f3n P\u00fablica para el Estado de Quintana Roo este Sujeto Obligado presenta cada semestre el \u00edndice de expedientes clasificados como reservados. Actualizaci\u00f3n: Semestral. A\u00d1O 2019 Primer semestre Segundo semestre A\u00d1O 2020 Primer semestre Segundo semestre A\u00d1O 2021 Primer &#8230; <a title=\"\u00cdndice de expedientes clasificados como reservados\" class=\"read-more\" href=\"https:\/\/qroo.gob.mx\/sesesp\/index.php\/indice-de-expedientes-clasificados-como-reservados\/\" aria-label=\"Leer m\u00e1s sobre \u00cdndice de expedientes clasificados como reservados\">Leer m\u00e1s<\/a><\/p>\n","protected":false},"author":4,"featured_media":0,"parent":0,"menu_order":0,"comment_status":"closed","ping_status":"closed","template":"","meta":{"footnotes":""},"class_list":["post-37115","page","type-page","status-publish"],"yoast_head":"<!-- This site is optimized with the Yoast SEO plugin v23.0 - https:\/\/yoast.com\/wordpress\/plugins\/seo\/ -->\n<title>\u00cdndice de expedientes clasificados como reservados - Secretariado Ejecutivo del Sistema Estatal de Seguridad P\u00fablica<\/title>\n<meta name=\"robots\" content=\"noindex, follow, max-snippet:-1, max-image-preview:large, max-video-preview:-1\" \/>\n<meta property=\"og:locale\" content=\"es_MX\" \/>\n<meta property=\"og:type\" content=\"article\" \/>\n<meta property=\"og:title\" content=\"\u00cdndice de expedientes clasificados como reservados - Secretariado Ejecutivo del Sistema Estatal de Seguridad P\u00fablica\" \/>\n<meta property=\"og:description\" content=\"\u00cdNDICE DE EXPEDIENTES CLASIFICADOS COMO RESERVADOS. De conformidad con la Ley de Transparencia y Acceso a la Informaci\u00f3n P\u00fablica para el Estado de Quintana Roo este Sujeto Obligado presenta cada semestre el \u00edndice de expedientes clasificados como reservados. Actualizaci\u00f3n: Semestral. A\u00d1O 2019 Primer semestre Segundo semestre A\u00d1O 2020 Primer semestre Segundo semestre A\u00d1O 2021 Primer ... Leer m\u00e1s\" \/>\n<meta property=\"og:url\" content=\"https:\/\/qroo.gob.mx\/sesesp\/index.php\/indice-de-expedientes-clasificados-como-reservados\/\" \/>\n<meta property=\"og:site_name\" content=\"Secretariado Ejecutivo del Sistema Estatal de Seguridad P\u00fablica\" \/>\n<meta property=\"article:modified_time\" content=\"2024-08-21T16:36:16+00:00\" \/>\n<meta name=\"twitter:card\" content=\"summary_large_image\" \/>\n<meta name=\"twitter:label1\" content=\"Tiempo de lectura\" \/>\n\t<meta name=\"twitter:data1\" content=\"1 minuto\" \/>\n<script type=\"application\/ld+json\" class=\"yoast-schema-graph\">{\"@context\":\"https:\/\/schema.org\",\"@graph\":[{\"@type\":\"WebPage\",\"@id\":\"https:\/\/qroo.gob.mx\/sesesp\/index.php\/indice-de-expedientes-clasificados-como-reservados\/\",\"url\":\"https:\/\/qroo.gob.mx\/sesesp\/index.php\/indice-de-expedientes-clasificados-como-reservados\/\",\"name\":\"\u00cdndice de expedientes clasificados como reservados - Secretariado Ejecutivo del Sistema Estatal de Seguridad P\u00fablica\",\"isPartOf\":{\"@id\":\"https:\/\/qroo.gob.mx\/sesesp\/#website\"},\"datePublished\":\"2024-08-19T20:24:08+00:00\",\"dateModified\":\"2024-08-21T16:36:16+00:00\",\"breadcrumb\":{\"@id\":\"https:\/\/qroo.gob.mx\/sesesp\/index.php\/indice-de-expedientes-clasificados-como-reservados\/#breadcrumb\"},\"inLanguage\":\"es\",\"potentialAction\":[{\"@type\":\"ReadAction\",\"target\":[\"https:\/\/qroo.gob.mx\/sesesp\/index.php\/indice-de-expedientes-clasificados-como-reservados\/\"]}]},{\"@type\":\"BreadcrumbList\",\"@id\":\"https:\/\/qroo.gob.mx\/sesesp\/index.php\/indice-de-expedientes-clasificados-como-reservados\/#breadcrumb\",\"itemListElement\":[{\"@type\":\"ListItem\",\"position\":1,\"name\":\"Inicio\",\"item\":\"https:\/\/qroo.gob.mx\/sesesp\/\"},{\"@type\":\"ListItem\",\"position\":2,\"name\":\"\u00cdndice de expedientes clasificados como reservados\"}]},{\"@type\":\"WebSite\",\"@id\":\"https:\/\/qroo.gob.mx\/sesesp\/#website\",\"url\":\"https:\/\/qroo.gob.mx\/sesesp\/\",\"name\":\"Secretariado Ejecutivo del Sistema Estatal de Seguridad P\u00fablica\",\"description\":\"\",\"potentialAction\":[{\"@type\":\"SearchAction\",\"target\":{\"@type\":\"EntryPoint\",\"urlTemplate\":\"https:\/\/qroo.gob.mx\/sesesp\/?s={search_term_string}\"},\"query-input\":\"required name=search_term_string\"}],\"inLanguage\":\"es\"}]}<\/script>\n<!-- \/ Yoast SEO plugin. -->","yoast_head_json":{"title":"\u00cdndice de expedientes clasificados como reservados - Secretariado Ejecutivo del Sistema Estatal de Seguridad P\u00fablica","robots":{"index":"noindex","follow":"follow","max-snippet":"max-snippet:-1","max-image-preview":"max-image-preview:large","max-video-preview":"max-video-preview:-1"},"og_locale":"es_MX","og_type":"article","og_title":"\u00cdndice de expedientes clasificados como reservados - Secretariado Ejecutivo del Sistema Estatal de Seguridad P\u00fablica","og_description":"\u00cdNDICE DE EXPEDIENTES CLASIFICADOS COMO RESERVADOS. De conformidad con la Ley de Transparencia y Acceso a la Informaci\u00f3n P\u00fablica para el Estado de Quintana Roo este Sujeto Obligado presenta cada semestre el \u00edndice de expedientes clasificados como reservados. Actualizaci\u00f3n: Semestral. A\u00d1O 2019 Primer semestre Segundo semestre A\u00d1O 2020 Primer semestre Segundo semestre A\u00d1O 2021 Primer ... Leer m\u00e1s","og_url":"https:\/\/qroo.gob.mx\/sesesp\/index.php\/indice-de-expedientes-clasificados-como-reservados\/","og_site_name":"Secretariado Ejecutivo del Sistema Estatal de Seguridad P\u00fablica","article_modified_time":"2024-08-21T16:36:16+00:00","twitter_card":"summary_large_image","twitter_misc":{"Tiempo de lectura":"1 minuto"},"schema":{"@context":"https:\/\/schema.org","@graph":[{"@type":"WebPage","@id":"https:\/\/qroo.gob.mx\/sesesp\/index.php\/indice-de-expedientes-clasificados-como-reservados\/","url":"https:\/\/qroo.gob.mx\/sesesp\/index.php\/indice-de-expedientes-clasificados-como-reservados\/","name":"\u00cdndice de expedientes clasificados como reservados - Secretariado Ejecutivo del Sistema Estatal de Seguridad P\u00fablica","isPartOf":{"@id":"https:\/\/qroo.gob.mx\/sesesp\/#website"},"datePublished":"2024-08-19T20:24:08+00:00","dateModified":"2024-08-21T16:36:16+00:00","breadcrumb":{"@id":"https:\/\/qroo.gob.mx\/sesesp\/index.php\/indice-de-expedientes-clasificados-como-reservados\/#breadcrumb"},"inLanguage":"es","potentialAction":[{"@type":"ReadAction","target":["https:\/\/qroo.gob.mx\/sesesp\/index.php\/indice-de-expedientes-clasificados-como-reservados\/"]}]},{"@type":"BreadcrumbList","@id":"https:\/\/qroo.gob.mx\/sesesp\/index.php\/indice-de-expedientes-clasificados-como-reservados\/#breadcrumb","itemListElement":[{"@type":"ListItem","position":1,"name":"Inicio","item":"https:\/\/qroo.gob.mx\/sesesp\/"},{"@type":"ListItem","position":2,"name":"\u00cdndice de expedientes clasificados como reservados"}]},{"@type":"WebSite","@id":"https:\/\/qroo.gob.mx\/sesesp\/#website","url":"https:\/\/qroo.gob.mx\/sesesp\/","name":"Secretariado Ejecutivo del Sistema Estatal de Seguridad P\u00fablica","description":"","potentialAction":[{"@type":"SearchAction","target":{"@type":"EntryPoint","urlTemplate":"https:\/\/qroo.gob.mx\/sesesp\/?s={search_term_string}"},"query-input":"required name=search_term_string"}],"inLanguage":"es"}]}},"_links":{"self":[{"href":"https:\/\/qroo.gob.mx\/sesesp\/index.php\/wp-json\/wp\/v2\/pages\/37115"}],"collection":[{"href":"https:\/\/qroo.gob.mx\/sesesp\/index.php\/wp-json\/wp\/v2\/pages"}],"about":[{"href":"https:\/\/qroo.gob.mx\/sesesp\/index.php\/wp-json\/wp\/v2\/types\/page"}],"author":[{"embeddable":true,"href":"https:\/\/qroo.gob.mx\/sesesp\/index.php\/wp-json\/wp\/v2\/users\/4"}],"replies":[{"embeddable":true,"href":"https:\/\/qroo.gob.mx\/sesesp\/index.php\/wp-json\/wp\/v2\/comments?post=37115"}],"version-history":[{"count":11,"href":"https:\/\/qroo.gob.mx\/sesesp\/index.php\/wp-json\/wp\/v2\/pages\/37115\/revisions"}],"predecessor-version":[{"id":37354,"href":"https:\/\/qroo.gob.mx\/sesesp\/index.php\/wp-json\/wp\/v2\/pages\/37115\/revisions\/37354"}],"wp:attachment":[{"href":"https:\/\/qroo.gob.mx\/sesesp\/index.php\/wp-json\/wp\/v2\/media?parent=37115"}],"curies":[{"name":"wp","href":"https:\/\/api.w.org\/{rel}","templated":true}]}}