{"id":37086,"date":"2024-08-19T14:49:50","date_gmt":"2024-08-19T19:49:50","guid":{"rendered":"https:\/\/qroo.gob.mx\/sesesp\/?page_id=37086"},"modified":"2024-08-21T11:18:51","modified_gmt":"2024-08-21T16:18:51","slug":"informes-de-solicitud-de-acceso-a-la-informacion-y-del-ejercicio-de-derecho-arco","status":"publish","type":"page","link":"https:\/\/qroo.gob.mx\/sesesp\/index.php\/informes-de-solicitud-de-acceso-a-la-informacion-y-del-ejercicio-de-derecho-arco\/","title":{"rendered":"Informes de solicitud de acceso a la Informaci\u00f3n y del ejercicio de derecho ARCO"},"content":{"rendered":"\t\t<div data-elementor-type=\"wp-page\" data-elementor-id=\"37086\" class=\"elementor elementor-37086\">\n\t\t\t\t<div class=\"elementor-element elementor-element-0e0e69d e-flex e-con-boxed e-con e-parent\" data-id=\"0e0e69d\" data-element_type=\"container\" data-settings=\"{&quot;background_background&quot;:&quot;classic&quot;}\">\n\t\t\t\t\t<div class=\"e-con-inner\">\n\t\t\t\t<div class=\"elementor-element elementor-element-8456902 elementor-widget elementor-widget-heading\" data-id=\"8456902\" data-element_type=\"widget\" data-widget_type=\"heading.default\">\n\t\t\t\t<div class=\"elementor-widget-container\">\n\t\t\t<style>\/*! elementor - v3.23.0 - 15-07-2024 *\/\n.elementor-heading-title{padding:0;margin:0;line-height:1}.elementor-widget-heading .elementor-heading-title[class*=elementor-size-]>a{color:inherit;font-size:inherit;line-height:inherit}.elementor-widget-heading .elementor-heading-title.elementor-size-small{font-size:15px}.elementor-widget-heading .elementor-heading-title.elementor-size-medium{font-size:19px}.elementor-widget-heading .elementor-heading-title.elementor-size-large{font-size:29px}.elementor-widget-heading .elementor-heading-title.elementor-size-xl{font-size:39px}.elementor-widget-heading .elementor-heading-title.elementor-size-xxl{font-size:59px}<\/style><h2 class=\"elementor-heading-title elementor-size-default\">Informes de solicitud de acceso a la Informaci\u00f3n y del ejercicio de derecho ARCO.<\/h2>\t\t<\/div>\n\t\t\t\t<\/div>\n\t\t\t\t\t<\/div>\n\t\t\t\t<\/div>\n\t\t<div class=\"elementor-element elementor-element-21e90b6 e-flex e-con-boxed e-con e-parent\" data-id=\"21e90b6\" data-element_type=\"container\">\n\t\t\t\t\t<div class=\"e-con-inner\">\n\t\t\t\t<div class=\"elementor-element elementor-element-2fe1059 elementor-widget elementor-widget-heading\" data-id=\"2fe1059\" data-element_type=\"widget\" data-widget_type=\"heading.default\">\n\t\t\t\t<div class=\"elementor-widget-container\">\n\t\t\t<h4 class=\"elementor-heading-title elementor-size-default\">Informes SAI<\/h4>\t\t<\/div>\n\t\t\t\t<\/div>\n\t\t\t\t<div class=\"elementor-element elementor-element-29bb384 elementor-widget elementor-widget-html\" data-id=\"29bb384\" data-element_type=\"widget\" data-widget_type=\"html.default\">\n\t\t\t\t<div class=\"elementor-widget-container\">\n\t\t\t<div class=\"container\">\r\n    <a class=\"column\" href=\"https:\/\/qroo.gob.mx\/sesesp\/wp-content\/uploads\/2024\/08\/INFORME-2021.pdf\">\r\n        <h2 class=\"blanco\"><b>2021<\/b><\/h2>\r\n        <span>Enero-Diciembre<\/span>\r\n    <\/a>\r\n    <a class=\"column\" href=\"https:\/\/qroo.gob.mx\/sesesp\/wp-content\/uploads\/2024\/08\/INFORME-2022.pdf\">\r\n        <h2 class=\"blanco\"><b>2022<\/b><\/h2>\r\n        <span>Enero-Diciembre<\/span>\r\n    <\/a>\r\n    <a class=\"column\" href=\"https:\/\/qroo.gob.mx\/sesesp\/index.php\/2023-enero-diciembre\/\">\r\n        <h2 class=\"blanco\"><b>2023<\/b><\/h2>\r\n        <span>Enero-Diciembre<\/span>\r\n    <\/a>\r\n    <a class=\"column\" href=\"https:\/\/qroo.gob.mx\/sesesp\/index.php\/2024-enero-diciembre\/\">\r\n        <h2 class=\"blanco\"><b>2024<\/b><\/h2>\r\n        <span>Enero-Diciembre<\/span>\r\n    <\/a>\r\n<\/div>\r\n<style>\r\n    .container {\r\n        display: flex;\r\n        flex-wrap: wrap;\r\n        gap: 10px;\r\n        text-align: center;\r\n        font-family: \"Montserrat\";\r\n    }\r\n    .blanco{\r\n        color: white!important;\r\n    }\r\n    .column {\r\n        text-decoration: none;\r\n        color: white;\r\n        flex: 1;\r\n        background-color: #d6b482;\r\n        padding: 20px;\r\n        box-sizing: border-box;\r\n        border-radius: 20px;\r\n    }\r\n    \r\n    @media (max-width: 768px) {\r\n        .column {\r\n            flex: 1 1 100%; \r\n        }\r\n    }\r\n    \r\n<\/style>\t\t<\/div>\n\t\t\t\t<\/div>\n\t\t\t\t\t<\/div>\n\t\t\t\t<\/div>\n\t\t<div class=\"elementor-element elementor-element-1d021d2 e-flex e-con-boxed e-con e-parent\" data-id=\"1d021d2\" data-element_type=\"container\">\n\t\t\t\t\t<div class=\"e-con-inner\">\n\t\t\t\t<div class=\"elementor-element elementor-element-a72fa1f elementor-widget elementor-widget-heading\" data-id=\"a72fa1f\" data-element_type=\"widget\" data-widget_type=\"heading.default\">\n\t\t\t\t<div class=\"elementor-widget-container\">\n\t\t\t<h4 class=\"elementor-heading-title elementor-size-default\">Informes ARCO<\/h4>\t\t<\/div>\n\t\t\t\t<\/div>\n\t\t\t\t<div class=\"elementor-element elementor-element-f7eb554 elementor-widget elementor-widget-html\" data-id=\"f7eb554\" data-element_type=\"widget\" data-widget_type=\"html.default\">\n\t\t\t\t<div class=\"elementor-widget-container\">\n\t\t\t<div class=\"container\">\r\n    <a class=\"column\" href=\"https:\/\/qroo.gob.mx\/sesesp\/wp-content\/uploads\/2024\/08\/INFORME-ANUAL-DERECHO-ARCO-2021-1.pdf\">\r\n        <h2 class=\"blanco\"><b>2021<\/b><\/h2>\r\n        <span>Enero-Diciembre<\/span>\r\n    <\/a>\r\n    <a class=\"column\" href=\"https:\/\/qroo.gob.mx\/sesesp\/wp-content\/uploads\/2024\/08\/INFORME-2022-2.pdf\">\r\n        <h2 class=\"blanco\"><b>2022<\/b><\/h2>\r\n        <span>Enero-Diciembre<\/span>\r\n    <\/a>\r\n    <a class=\"column\" href=\"https:\/\/qroo.gob.mx\/sesesp\/index.php\/2023-enero-diciembre-arco\/\">\r\n        <h2 class=\"blanco\"><b>2023<\/b><\/h2>\r\n        <span>Enero-Diciembre<\/span>\r\n    <\/a>\r\n    <a class=\"column\" href=\"https:\/\/qroo.gob.mx\/sesesp\/index.php\/2024-enero-diciembre-arco\/\">\r\n        <h2 class=\"blanco\"><b>2024<\/b><\/h2>\r\n        <span>Enero-Diciembre<\/span>\r\n    <\/a>\r\n<\/div>\r\n<style>\r\n    .container {\r\n        display: flex;\r\n        flex-wrap: wrap;\r\n        gap: 10px;\r\n        text-align: center;\r\n        font-family: \"Montserrat\";\r\n    }\r\n    .blanco{\r\n        color: white!important;\r\n    }\r\n    .column {\r\n        text-decoration: none;\r\n        color: white;\r\n        flex: 1;\r\n        background-color: #d6b482;\r\n        padding: 20px;\r\n        box-sizing: border-box;\r\n        border-radius: 20px;\r\n    }\r\n    \r\n    @media (max-width: 768px) {\r\n        .column {\r\n            flex: 1 1 100%; \r\n        }\r\n    }\r\n    \r\n<\/style>\t\t<\/div>\n\t\t\t\t<\/div>\n\t\t\t\t\t<\/div>\n\t\t\t\t<\/div>\n\t\t<div class=\"elementor-element elementor-element-2508fad e-flex e-con-boxed e-con e-parent\" data-id=\"2508fad\" data-element_type=\"container\">\n\t\t\t\t\t<div class=\"e-con-inner\">\n\t\t\t\t<div class=\"elementor-element elementor-element-171bdd7 elementor-widget elementor-widget-heading\" data-id=\"171bdd7\" data-element_type=\"widget\" data-widget_type=\"heading.default\">\n\t\t\t\t<div class=\"elementor-widget-container\">\n\t\t\t<h4 class=\"elementor-heading-title elementor-size-default\">Art\u00edculo 54<\/h4>\t\t<\/div>\n\t\t\t\t<\/div>\n\t\t\t\t<div class=\"elementor-element elementor-element-f63bd37 elementor-widget elementor-widget-text-editor\" data-id=\"f63bd37\" data-element_type=\"widget\" data-widget_type=\"text-editor.default\">\n\t\t\t\t<div class=\"elementor-widget-container\">\n\t\t\t<style>\/*! elementor - v3.23.0 - 15-07-2024 *\/\n.elementor-widget-text-editor.elementor-drop-cap-view-stacked .elementor-drop-cap{background-color:#69727d;color:#fff}.elementor-widget-text-editor.elementor-drop-cap-view-framed .elementor-drop-cap{color:#69727d;border:3px solid;background-color:transparent}.elementor-widget-text-editor:not(.elementor-drop-cap-view-default) .elementor-drop-cap{margin-top:8px}.elementor-widget-text-editor:not(.elementor-drop-cap-view-default) .elementor-drop-cap-letter{width:1em;height:1em}.elementor-widget-text-editor .elementor-drop-cap{float:left;text-align:center;line-height:1;font-size:50px}.elementor-widget-text-editor .elementor-drop-cap-letter{display:inline-block}<\/style>\t\t\t\t<p>Informe de cumplimiento sobre la capacitaci\u00f3n proporcionada al personal que forma parte de los Comit\u00e9s y Unidades de Transparencia.<\/p>\t\t\t\t\t\t<\/div>\n\t\t\t\t<\/div>\n\t\t<div class=\"elementor-element elementor-element-2b42b04 e-con-full e-flex e-con e-child\" data-id=\"2b42b04\" data-element_type=\"container\">\n\t\t\t\t<div class=\"elementor-element elementor-element-8f4ebf6 elementor-widget elementor-widget-html\" data-id=\"8f4ebf6\" data-element_type=\"widget\" data-widget_type=\"html.default\">\n\t\t\t\t<div class=\"elementor-widget-container\">\n\t\t\t<div class=\"container\">\r\n    <a class=\"column\" href=\"https:\/\/qroo.gob.mx\/sesesp\/wp-content\/uploads\/2024\/08\/PRIMER-SEMESTRE-2024.pdf\">\r\n        <h2 class=\"blanco\"><b>Primer semestre 2024<\/b><\/h2>\r\n    <\/a>\r\n<\/div>\r\n<style>\r\n    .container {\r\n        display: flex;\r\n        flex-wrap: wrap;\r\n        gap: 10px;\r\n        text-align: center;\r\n        font-family: \"Montserrat\";\r\n    }\r\n    .blanco{\r\n        color: white!important;\r\n    }\r\n    .column {\r\n        text-decoration: none;\r\n        color: white;\r\n        flex: 1;\r\n        background-color: #d6b482;\r\n        padding: 20px;\r\n        box-sizing: border-box;\r\n        border-radius: 20px;\r\n    }\r\n    \r\n    @media (max-width: 768px) {\r\n        .column {\r\n            flex: 1 1 100%; \r\n        }\r\n    }\r\n    \r\n<\/style>\t\t<\/div>\n\t\t\t\t<\/div>\n\t\t\t\t<\/div>\n\t\t\t\t\t<\/div>\n\t\t\t\t<\/div>\n\t\t\t\t<\/div>\n\t\t","protected":false},"excerpt":{"rendered":"<p>Informes de solicitud de acceso a la Informaci\u00f3n y del ejercicio de derecho ARCO. Informes SAI 2021 Enero-Diciembre 2022 Enero-Diciembre 2023 Enero-Diciembre 2024 Enero-Diciembre Informes ARCO 2021 Enero-Diciembre 2022 Enero-Diciembre 2023 Enero-Diciembre 2024 Enero-Diciembre Art\u00edculo 54 Informe de cumplimiento sobre la capacitaci\u00f3n proporcionada al personal que forma parte de los Comit\u00e9s y Unidades de Transparencia. &#8230; <a title=\"Informes de solicitud de acceso a la Informaci\u00f3n y del ejercicio de derecho ARCO\" class=\"read-more\" href=\"https:\/\/qroo.gob.mx\/sesesp\/index.php\/informes-de-solicitud-de-acceso-a-la-informacion-y-del-ejercicio-de-derecho-arco\/\" aria-label=\"Leer m\u00e1s sobre Informes de solicitud de acceso a la Informaci\u00f3n y del ejercicio de derecho ARCO\">Leer m\u00e1s<\/a><\/p>\n","protected":false},"author":4,"featured_media":0,"parent":0,"menu_order":0,"comment_status":"closed","ping_status":"closed","template":"","meta":{"footnotes":""},"class_list":["post-37086","page","type-page","status-publish"],"yoast_head":"<!-- This site is optimized with the Yoast SEO plugin v23.0 - https:\/\/yoast.com\/wordpress\/plugins\/seo\/ -->\n<title>Informes de solicitud de acceso a la Informaci\u00f3n y del ejercicio de derecho ARCO - Secretariado Ejecutivo del Sistema Estatal de Seguridad P\u00fablica<\/title>\n<meta name=\"robots\" content=\"noindex, follow, max-snippet:-1, max-image-preview:large, max-video-preview:-1\" \/>\n<meta property=\"og:locale\" content=\"es_MX\" \/>\n<meta property=\"og:type\" content=\"article\" \/>\n<meta property=\"og:title\" content=\"Informes de solicitud de acceso a la Informaci\u00f3n y del ejercicio de derecho ARCO - Secretariado Ejecutivo del Sistema Estatal de Seguridad P\u00fablica\" \/>\n<meta property=\"og:description\" content=\"Informes de solicitud de acceso a la Informaci\u00f3n y del ejercicio de derecho ARCO. Informes SAI 2021 Enero-Diciembre 2022 Enero-Diciembre 2023 Enero-Diciembre 2024 Enero-Diciembre Informes ARCO 2021 Enero-Diciembre 2022 Enero-Diciembre 2023 Enero-Diciembre 2024 Enero-Diciembre Art\u00edculo 54 Informe de cumplimiento sobre la capacitaci\u00f3n proporcionada al personal que forma parte de los Comit\u00e9s y Unidades de Transparencia. ... Leer m\u00e1s\" \/>\n<meta property=\"og:url\" content=\"https:\/\/qroo.gob.mx\/sesesp\/index.php\/informes-de-solicitud-de-acceso-a-la-informacion-y-del-ejercicio-de-derecho-arco\/\" \/>\n<meta property=\"og:site_name\" content=\"Secretariado Ejecutivo del Sistema Estatal de Seguridad P\u00fablica\" \/>\n<meta property=\"article:modified_time\" content=\"2024-08-21T16:18:51+00:00\" \/>\n<meta name=\"twitter:card\" content=\"summary_large_image\" \/>\n<meta name=\"twitter:label1\" content=\"Tiempo de lectura\" \/>\n\t<meta name=\"twitter:data1\" content=\"1 minuto\" \/>\n<script type=\"application\/ld+json\" class=\"yoast-schema-graph\">{\"@context\":\"https:\/\/schema.org\",\"@graph\":[{\"@type\":\"WebPage\",\"@id\":\"https:\/\/qroo.gob.mx\/sesesp\/index.php\/informes-de-solicitud-de-acceso-a-la-informacion-y-del-ejercicio-de-derecho-arco\/\",\"url\":\"https:\/\/qroo.gob.mx\/sesesp\/index.php\/informes-de-solicitud-de-acceso-a-la-informacion-y-del-ejercicio-de-derecho-arco\/\",\"name\":\"Informes de solicitud de acceso a la Informaci\u00f3n y del ejercicio de derecho ARCO - Secretariado Ejecutivo del Sistema Estatal de Seguridad P\u00fablica\",\"isPartOf\":{\"@id\":\"https:\/\/qroo.gob.mx\/sesesp\/#website\"},\"datePublished\":\"2024-08-19T19:49:50+00:00\",\"dateModified\":\"2024-08-21T16:18:51+00:00\",\"breadcrumb\":{\"@id\":\"https:\/\/qroo.gob.mx\/sesesp\/index.php\/informes-de-solicitud-de-acceso-a-la-informacion-y-del-ejercicio-de-derecho-arco\/#breadcrumb\"},\"inLanguage\":\"es\",\"potentialAction\":[{\"@type\":\"ReadAction\",\"target\":[\"https:\/\/qroo.gob.mx\/sesesp\/index.php\/informes-de-solicitud-de-acceso-a-la-informacion-y-del-ejercicio-de-derecho-arco\/\"]}]},{\"@type\":\"BreadcrumbList\",\"@id\":\"https:\/\/qroo.gob.mx\/sesesp\/index.php\/informes-de-solicitud-de-acceso-a-la-informacion-y-del-ejercicio-de-derecho-arco\/#breadcrumb\",\"itemListElement\":[{\"@type\":\"ListItem\",\"position\":1,\"name\":\"Inicio\",\"item\":\"https:\/\/qroo.gob.mx\/sesesp\/\"},{\"@type\":\"ListItem\",\"position\":2,\"name\":\"Informes de solicitud de acceso a la Informaci\u00f3n y del ejercicio de derecho ARCO\"}]},{\"@type\":\"WebSite\",\"@id\":\"https:\/\/qroo.gob.mx\/sesesp\/#website\",\"url\":\"https:\/\/qroo.gob.mx\/sesesp\/\",\"name\":\"Secretariado Ejecutivo del Sistema Estatal de Seguridad P\u00fablica\",\"description\":\"\",\"potentialAction\":[{\"@type\":\"SearchAction\",\"target\":{\"@type\":\"EntryPoint\",\"urlTemplate\":\"https:\/\/qroo.gob.mx\/sesesp\/?s={search_term_string}\"},\"query-input\":\"required name=search_term_string\"}],\"inLanguage\":\"es\"}]}<\/script>\n<!-- \/ Yoast SEO plugin. -->","yoast_head_json":{"title":"Informes de solicitud de acceso a la Informaci\u00f3n y del ejercicio de derecho ARCO - Secretariado Ejecutivo del Sistema Estatal de Seguridad P\u00fablica","robots":{"index":"noindex","follow":"follow","max-snippet":"max-snippet:-1","max-image-preview":"max-image-preview:large","max-video-preview":"max-video-preview:-1"},"og_locale":"es_MX","og_type":"article","og_title":"Informes de solicitud de acceso a la Informaci\u00f3n y del ejercicio de derecho ARCO - Secretariado Ejecutivo del Sistema Estatal de Seguridad P\u00fablica","og_description":"Informes de solicitud de acceso a la Informaci\u00f3n y del ejercicio de derecho ARCO. Informes SAI 2021 Enero-Diciembre 2022 Enero-Diciembre 2023 Enero-Diciembre 2024 Enero-Diciembre Informes ARCO 2021 Enero-Diciembre 2022 Enero-Diciembre 2023 Enero-Diciembre 2024 Enero-Diciembre Art\u00edculo 54 Informe de cumplimiento sobre la capacitaci\u00f3n proporcionada al personal que forma parte de los Comit\u00e9s y Unidades de Transparencia. ... Leer m\u00e1s","og_url":"https:\/\/qroo.gob.mx\/sesesp\/index.php\/informes-de-solicitud-de-acceso-a-la-informacion-y-del-ejercicio-de-derecho-arco\/","og_site_name":"Secretariado Ejecutivo del Sistema Estatal de Seguridad P\u00fablica","article_modified_time":"2024-08-21T16:18:51+00:00","twitter_card":"summary_large_image","twitter_misc":{"Tiempo de lectura":"1 minuto"},"schema":{"@context":"https:\/\/schema.org","@graph":[{"@type":"WebPage","@id":"https:\/\/qroo.gob.mx\/sesesp\/index.php\/informes-de-solicitud-de-acceso-a-la-informacion-y-del-ejercicio-de-derecho-arco\/","url":"https:\/\/qroo.gob.mx\/sesesp\/index.php\/informes-de-solicitud-de-acceso-a-la-informacion-y-del-ejercicio-de-derecho-arco\/","name":"Informes de solicitud de acceso a la Informaci\u00f3n y del ejercicio de derecho ARCO - Secretariado Ejecutivo del Sistema Estatal de Seguridad P\u00fablica","isPartOf":{"@id":"https:\/\/qroo.gob.mx\/sesesp\/#website"},"datePublished":"2024-08-19T19:49:50+00:00","dateModified":"2024-08-21T16:18:51+00:00","breadcrumb":{"@id":"https:\/\/qroo.gob.mx\/sesesp\/index.php\/informes-de-solicitud-de-acceso-a-la-informacion-y-del-ejercicio-de-derecho-arco\/#breadcrumb"},"inLanguage":"es","potentialAction":[{"@type":"ReadAction","target":["https:\/\/qroo.gob.mx\/sesesp\/index.php\/informes-de-solicitud-de-acceso-a-la-informacion-y-del-ejercicio-de-derecho-arco\/"]}]},{"@type":"BreadcrumbList","@id":"https:\/\/qroo.gob.mx\/sesesp\/index.php\/informes-de-solicitud-de-acceso-a-la-informacion-y-del-ejercicio-de-derecho-arco\/#breadcrumb","itemListElement":[{"@type":"ListItem","position":1,"name":"Inicio","item":"https:\/\/qroo.gob.mx\/sesesp\/"},{"@type":"ListItem","position":2,"name":"Informes de solicitud de acceso a la Informaci\u00f3n y del ejercicio de derecho ARCO"}]},{"@type":"WebSite","@id":"https:\/\/qroo.gob.mx\/sesesp\/#website","url":"https:\/\/qroo.gob.mx\/sesesp\/","name":"Secretariado Ejecutivo del Sistema Estatal de Seguridad P\u00fablica","description":"","potentialAction":[{"@type":"SearchAction","target":{"@type":"EntryPoint","urlTemplate":"https:\/\/qroo.gob.mx\/sesesp\/?s={search_term_string}"},"query-input":"required name=search_term_string"}],"inLanguage":"es"}]}},"_links":{"self":[{"href":"https:\/\/qroo.gob.mx\/sesesp\/index.php\/wp-json\/wp\/v2\/pages\/37086"}],"collection":[{"href":"https:\/\/qroo.gob.mx\/sesesp\/index.php\/wp-json\/wp\/v2\/pages"}],"about":[{"href":"https:\/\/qroo.gob.mx\/sesesp\/index.php\/wp-json\/wp\/v2\/types\/page"}],"author":[{"embeddable":true,"href":"https:\/\/qroo.gob.mx\/sesesp\/index.php\/wp-json\/wp\/v2\/users\/4"}],"replies":[{"embeddable":true,"href":"https:\/\/qroo.gob.mx\/sesesp\/index.php\/wp-json\/wp\/v2\/comments?post=37086"}],"version-history":[{"count":23,"href":"https:\/\/qroo.gob.mx\/sesesp\/index.php\/wp-json\/wp\/v2\/pages\/37086\/revisions"}],"predecessor-version":[{"id":37326,"href":"https:\/\/qroo.gob.mx\/sesesp\/index.php\/wp-json\/wp\/v2\/pages\/37086\/revisions\/37326"}],"wp:attachment":[{"href":"https:\/\/qroo.gob.mx\/sesesp\/index.php\/wp-json\/wp\/v2\/media?parent=37086"}],"curies":[{"name":"wp","href":"https:\/\/api.w.org\/{rel}","templated":true}]}}