{"id":37077,"date":"2024-08-19T13:08:34","date_gmt":"2024-08-19T18:08:34","guid":{"rendered":"https:\/\/qroo.gob.mx\/sesesp\/?page_id=37077"},"modified":"2024-10-24T17:19:42","modified_gmt":"2024-10-24T22:19:42","slug":"unidad-de-transparencia","status":"publish","type":"page","link":"https:\/\/qroo.gob.mx\/sesesp\/index.php\/unidad-de-transparencia\/","title":{"rendered":"Unidad de transparencia"},"content":{"rendered":"\t\t<div data-elementor-type=\"wp-page\" data-elementor-id=\"37077\" class=\"elementor elementor-37077\">\n\t\t\t\t<div class=\"elementor-element elementor-element-b944469 e-flex e-con-boxed e-con e-parent\" data-id=\"b944469\" data-element_type=\"container\" data-settings=\"{&quot;background_background&quot;:&quot;classic&quot;}\">\n\t\t\t\t\t<div class=\"e-con-inner\">\n\t\t\t\t<div class=\"elementor-element elementor-element-9dbaee5 elementor-widget elementor-widget-heading\" data-id=\"9dbaee5\" data-element_type=\"widget\" data-widget_type=\"heading.default\">\n\t\t\t\t<div class=\"elementor-widget-container\">\n\t\t\t<style>\/*! elementor - v3.23.0 - 15-07-2024 *\/\n.elementor-heading-title{padding:0;margin:0;line-height:1}.elementor-widget-heading .elementor-heading-title[class*=elementor-size-]>a{color:inherit;font-size:inherit;line-height:inherit}.elementor-widget-heading .elementor-heading-title.elementor-size-small{font-size:15px}.elementor-widget-heading .elementor-heading-title.elementor-size-medium{font-size:19px}.elementor-widget-heading .elementor-heading-title.elementor-size-large{font-size:29px}.elementor-widget-heading .elementor-heading-title.elementor-size-xl{font-size:39px}.elementor-widget-heading .elementor-heading-title.elementor-size-xxl{font-size:59px}<\/style><h2 class=\"elementor-heading-title elementor-size-default\">Unidad de transparencia<\/h2>\t\t<\/div>\n\t\t\t\t<\/div>\n\t\t\t\t\t<\/div>\n\t\t\t\t<\/div>\n\t\t<div class=\"elementor-element elementor-element-5d0b186 e-flex e-con-boxed elementor-invisible e-con e-parent\" data-id=\"5d0b186\" data-element_type=\"container\" data-settings=\"{&quot;animation&quot;:&quot;fadeInUp&quot;}\">\n\t\t\t\t\t<div class=\"e-con-inner\">\n\t\t<div class=\"elementor-element elementor-element-7793c7d e-con-full e-flex e-con e-child\" data-id=\"7793c7d\" data-element_type=\"container\">\n\t\t\t\t<div class=\"elementor-element elementor-element-16167a0 elementor-widget elementor-widget-text-editor\" data-id=\"16167a0\" data-element_type=\"widget\" data-widget_type=\"text-editor.default\">\n\t\t\t\t<div class=\"elementor-widget-container\">\n\t\t\t<style>\/*! elementor - v3.23.0 - 15-07-2024 *\/\n.elementor-widget-text-editor.elementor-drop-cap-view-stacked .elementor-drop-cap{background-color:#69727d;color:#fff}.elementor-widget-text-editor.elementor-drop-cap-view-framed .elementor-drop-cap{color:#69727d;border:3px solid;background-color:transparent}.elementor-widget-text-editor:not(.elementor-drop-cap-view-default) .elementor-drop-cap{margin-top:8px}.elementor-widget-text-editor:not(.elementor-drop-cap-view-default) .elementor-drop-cap-letter{width:1em;height:1em}.elementor-widget-text-editor .elementor-drop-cap{float:left;text-align:center;line-height:1;font-size:50px}.elementor-widget-text-editor .elementor-drop-cap-letter{display:inline-block}<\/style>\t\t\t\t<style>\n  .parrafo {\n    text-align: justify;\n  }\n<\/style>\n<p class=\"parrafo\">\n  El art\u00edculo 64 de la Ley de Transparencia y Acceso a la Informaci\u00f3n P\u00fablica\n  para el Estado de Quintana Roo, establece que las Unidades de Transparencia\n  ser\u00e1n el enlace entre los sujetos obligados y el solicitante, establecer\u00e1n sus\n  oficinas en lugares visibles y accesibles al p\u00fablico, ya que son las\n  responsables de la atenci\u00f3n de las solicitudes de informaci\u00f3n y gozar\u00e1n de\n  autonom\u00eda de gesti\u00f3n a fin de cumplir con sus funciones y las disposiciones de\n  esta Ley Local.\n<\/p>\n<p class=\"parrafo\">\n  En el Secretariado Ejecutivo del Sistema Estatal de Seguridad P\u00fablica, la\n  persona servidora p\u00fablica encargada de atender las solicitudes de acceso a la\n  informaci\u00f3n que se realicen ante este Organismo P\u00fablico Descentralizado es:\n<\/p>\n\t\t\t\t\t\t<\/div>\n\t\t\t\t<\/div>\n\t\t<div class=\"elementor-element elementor-element-6f77390 e-con-full e-flex e-con e-child\" data-id=\"6f77390\" data-element_type=\"container\">\n\t\t\t\t<div class=\"elementor-element elementor-element-557ba04 elementor-widget elementor-widget-image\" data-id=\"557ba04\" data-element_type=\"widget\" data-widget_type=\"image.default\">\n\t\t\t\t<div class=\"elementor-widget-container\">\n\t\t\t<style>\/*! elementor - v3.23.0 - 15-07-2024 *\/\n.elementor-widget-image{text-align:center}.elementor-widget-image a{display:inline-block}.elementor-widget-image a img[src$=\".svg\"]{width:48px}.elementor-widget-image img{vertical-align:middle;display:inline-block}<\/style>\t\t\t\t\t\t\t\t\t\t<img decoding=\"async\" src=\"https:\/\/qroo.gob.mx\/sesesp\/wp-content\/uploads\/elementor\/thumbs\/APV-qvxwejny4nbscoybhptrrk1e0c0x30yswsywgtxfio.png\" title=\"APV\" alt=\"APV\" loading=\"lazy\" \/>\t\t\t\t\t\t\t\t\t\t\t\t\t<\/div>\n\t\t\t\t<\/div>\n\t\t\t\t<div class=\"elementor-element elementor-element-ce5890b elementor-widget elementor-widget-heading\" data-id=\"ce5890b\" data-element_type=\"widget\" data-widget_type=\"heading.default\">\n\t\t\t\t<div class=\"elementor-widget-container\">\n\t\t\t<h4 class=\"elementor-heading-title elementor-size-default\">Licda. Arely Pe\u00f1aloza Vargas.\n<\/h4>\t\t<\/div>\n\t\t\t\t<\/div>\n\t\t\t\t<div class=\"elementor-element elementor-element-8d2fece elementor-widget elementor-widget-heading\" data-id=\"8d2fece\" data-element_type=\"widget\" data-widget_type=\"heading.default\">\n\t\t\t\t<div class=\"elementor-widget-container\">\n\t\t\t<p class=\"elementor-heading-title elementor-size-default\">Encargada de la Coordinaci\u00f3n Jur\u00eddica y Unidad de Transparencia Acceso a la Informaci\u00f3n P\u00fablica y Protecci\u00f3n de Datos Personales del SESESP<\/p>\t\t<\/div>\n\t\t\t\t<\/div>\n\t\t\t\t<\/div>\n\t\t\t\t<\/div>\n\t\t<div class=\"elementor-element elementor-element-b76a413 e-con-full e-flex e-con e-child\" data-id=\"b76a413\" data-element_type=\"container\">\n\t\t\t\t<div class=\"elementor-element elementor-element-3230fd8 elementor-widget elementor-widget-text-editor\" data-id=\"3230fd8\" data-element_type=\"widget\" data-widget_type=\"text-editor.default\">\n\t\t\t\t<div class=\"elementor-widget-container\">\n\t\t\t\t\t\t\t<p><b>Contacto con la Unidad de Transparencia del SESESP:<\/b><br \/><br \/><br \/><b>Correo electr\u00f3nico:<\/b><br \/>transparencia.sesesp@qroo.gob.mx.<br \/><br \/><br \/><b>Direcci\u00f3n:<\/b><br \/>Calle 1 de mayo s\/n con Tomas Aznar Barbachano, Colonia Proterritorio,<br \/>C.P. 77086. Chetumal, Quintana Roo, M\u00e9xico.<br \/><br \/><br \/><b>Tel\u00e9fono:<\/b><br \/>983 83 27772<br \/><br \/><br \/><b>Solicitud de informaci\u00f3n:<\/b><br \/>https:\/\/www.plataformadetransparencia.org.mx\/<br \/><br \/><br \/><b>Horarios de atenci\u00f3n:<\/b><br \/>Lunes a viernes de<br \/>9:00-17:00 horas.<\/p>\t\t\t\t\t\t<\/div>\n\t\t\t\t<\/div>\n\t\t\t\t<\/div>\n\t\t\t\t\t<\/div>\n\t\t\t\t<\/div>\n\t\t\t\t<\/div>\n\t\t","protected":false},"excerpt":{"rendered":"<p>Unidad de transparencia El art\u00edculo 64 de la Ley de Transparencia y Acceso a la Informaci\u00f3n P\u00fablica para el Estado de Quintana Roo, establece que las Unidades de Transparencia ser\u00e1n el enlace entre los sujetos obligados y el solicitante, establecer\u00e1n sus oficinas en lugares visibles y accesibles al p\u00fablico, ya que son las responsables de &#8230; <a title=\"Unidad de transparencia\" class=\"read-more\" href=\"https:\/\/qroo.gob.mx\/sesesp\/index.php\/unidad-de-transparencia\/\" aria-label=\"Leer m\u00e1s sobre Unidad de transparencia\">Leer m\u00e1s<\/a><\/p>\n","protected":false},"author":4,"featured_media":0,"parent":0,"menu_order":0,"comment_status":"closed","ping_status":"closed","template":"","meta":{"footnotes":""},"class_list":["post-37077","page","type-page","status-publish"],"yoast_head":"<!-- This site is optimized with the Yoast SEO plugin v23.0 - https:\/\/yoast.com\/wordpress\/plugins\/seo\/ -->\n<title>Unidad de transparencia - Secretariado Ejecutivo del Sistema Estatal de Seguridad P\u00fablica<\/title>\n<meta name=\"robots\" content=\"noindex, follow, max-snippet:-1, max-image-preview:large, max-video-preview:-1\" \/>\n<meta property=\"og:locale\" content=\"es_MX\" \/>\n<meta property=\"og:type\" content=\"article\" \/>\n<meta property=\"og:title\" content=\"Unidad de transparencia - Secretariado Ejecutivo del Sistema Estatal de Seguridad P\u00fablica\" \/>\n<meta property=\"og:description\" content=\"Unidad de transparencia El art\u00edculo 64 de la Ley de Transparencia y Acceso a la Informaci\u00f3n P\u00fablica para el Estado de Quintana Roo, establece que las Unidades de Transparencia ser\u00e1n el enlace entre los sujetos obligados y el solicitante, establecer\u00e1n sus oficinas en lugares visibles y accesibles al p\u00fablico, ya que son las responsables de ... Leer m\u00e1s\" \/>\n<meta property=\"og:url\" content=\"https:\/\/qroo.gob.mx\/sesesp\/index.php\/unidad-de-transparencia\/\" \/>\n<meta property=\"og:site_name\" content=\"Secretariado Ejecutivo del Sistema Estatal de Seguridad P\u00fablica\" \/>\n<meta property=\"article:modified_time\" content=\"2024-10-24T22:19:42+00:00\" \/>\n<meta property=\"og:image\" content=\"https:\/\/qroo.gob.mx\/sesesp\/wp-content\/uploads\/elementor\/thumbs\/APV-qvxwejny4nbscoybhptrrk1e0c0x30yswsywgtxfio.png\" \/>\n<meta name=\"twitter:card\" content=\"summary_large_image\" \/>\n<meta name=\"twitter:label1\" content=\"Tiempo de lectura\" \/>\n\t<meta name=\"twitter:data1\" content=\"2 minutos\" \/>\n<script type=\"application\/ld+json\" class=\"yoast-schema-graph\">{\"@context\":\"https:\/\/schema.org\",\"@graph\":[{\"@type\":\"WebPage\",\"@id\":\"https:\/\/qroo.gob.mx\/sesesp\/index.php\/unidad-de-transparencia\/\",\"url\":\"https:\/\/qroo.gob.mx\/sesesp\/index.php\/unidad-de-transparencia\/\",\"name\":\"Unidad de transparencia - Secretariado Ejecutivo del Sistema Estatal de Seguridad P\u00fablica\",\"isPartOf\":{\"@id\":\"https:\/\/qroo.gob.mx\/sesesp\/#website\"},\"primaryImageOfPage\":{\"@id\":\"https:\/\/qroo.gob.mx\/sesesp\/index.php\/unidad-de-transparencia\/#primaryimage\"},\"image\":{\"@id\":\"https:\/\/qroo.gob.mx\/sesesp\/index.php\/unidad-de-transparencia\/#primaryimage\"},\"thumbnailUrl\":\"https:\/\/qroo.gob.mx\/sesesp\/wp-content\/uploads\/elementor\/thumbs\/APV-qvxwejny4nbscoybhptrrk1e0c0x30yswsywgtxfio.png\",\"datePublished\":\"2024-08-19T18:08:34+00:00\",\"dateModified\":\"2024-10-24T22:19:42+00:00\",\"breadcrumb\":{\"@id\":\"https:\/\/qroo.gob.mx\/sesesp\/index.php\/unidad-de-transparencia\/#breadcrumb\"},\"inLanguage\":\"es\",\"potentialAction\":[{\"@type\":\"ReadAction\",\"target\":[\"https:\/\/qroo.gob.mx\/sesesp\/index.php\/unidad-de-transparencia\/\"]}]},{\"@type\":\"ImageObject\",\"inLanguage\":\"es\",\"@id\":\"https:\/\/qroo.gob.mx\/sesesp\/index.php\/unidad-de-transparencia\/#primaryimage\",\"url\":\"https:\/\/qroo.gob.mx\/sesesp\/wp-content\/uploads\/elementor\/thumbs\/APV-qvxwejny4nbscoybhptrrk1e0c0x30yswsywgtxfio.png\",\"contentUrl\":\"https:\/\/qroo.gob.mx\/sesesp\/wp-content\/uploads\/elementor\/thumbs\/APV-qvxwejny4nbscoybhptrrk1e0c0x30yswsywgtxfio.png\"},{\"@type\":\"BreadcrumbList\",\"@id\":\"https:\/\/qroo.gob.mx\/sesesp\/index.php\/unidad-de-transparencia\/#breadcrumb\",\"itemListElement\":[{\"@type\":\"ListItem\",\"position\":1,\"name\":\"Inicio\",\"item\":\"https:\/\/qroo.gob.mx\/sesesp\/\"},{\"@type\":\"ListItem\",\"position\":2,\"name\":\"Unidad de transparencia\"}]},{\"@type\":\"WebSite\",\"@id\":\"https:\/\/qroo.gob.mx\/sesesp\/#website\",\"url\":\"https:\/\/qroo.gob.mx\/sesesp\/\",\"name\":\"Secretariado Ejecutivo del Sistema Estatal de Seguridad P\u00fablica\",\"description\":\"\",\"potentialAction\":[{\"@type\":\"SearchAction\",\"target\":{\"@type\":\"EntryPoint\",\"urlTemplate\":\"https:\/\/qroo.gob.mx\/sesesp\/?s={search_term_string}\"},\"query-input\":\"required name=search_term_string\"}],\"inLanguage\":\"es\"}]}<\/script>\n<!-- \/ Yoast SEO plugin. -->","yoast_head_json":{"title":"Unidad de transparencia - Secretariado Ejecutivo del Sistema Estatal de Seguridad P\u00fablica","robots":{"index":"noindex","follow":"follow","max-snippet":"max-snippet:-1","max-image-preview":"max-image-preview:large","max-video-preview":"max-video-preview:-1"},"og_locale":"es_MX","og_type":"article","og_title":"Unidad de transparencia - Secretariado Ejecutivo del Sistema Estatal de Seguridad P\u00fablica","og_description":"Unidad de transparencia El art\u00edculo 64 de la Ley de Transparencia y Acceso a la Informaci\u00f3n P\u00fablica para el Estado de Quintana Roo, establece que las Unidades de Transparencia ser\u00e1n el enlace entre los sujetos obligados y el solicitante, establecer\u00e1n sus oficinas en lugares visibles y accesibles al p\u00fablico, ya que son las responsables de ... Leer m\u00e1s","og_url":"https:\/\/qroo.gob.mx\/sesesp\/index.php\/unidad-de-transparencia\/","og_site_name":"Secretariado Ejecutivo del Sistema Estatal de Seguridad P\u00fablica","article_modified_time":"2024-10-24T22:19:42+00:00","og_image":[{"url":"https:\/\/qroo.gob.mx\/sesesp\/wp-content\/uploads\/elementor\/thumbs\/APV-qvxwejny4nbscoybhptrrk1e0c0x30yswsywgtxfio.png"}],"twitter_card":"summary_large_image","twitter_misc":{"Tiempo de lectura":"2 minutos"},"schema":{"@context":"https:\/\/schema.org","@graph":[{"@type":"WebPage","@id":"https:\/\/qroo.gob.mx\/sesesp\/index.php\/unidad-de-transparencia\/","url":"https:\/\/qroo.gob.mx\/sesesp\/index.php\/unidad-de-transparencia\/","name":"Unidad de transparencia - Secretariado Ejecutivo del Sistema Estatal de Seguridad P\u00fablica","isPartOf":{"@id":"https:\/\/qroo.gob.mx\/sesesp\/#website"},"primaryImageOfPage":{"@id":"https:\/\/qroo.gob.mx\/sesesp\/index.php\/unidad-de-transparencia\/#primaryimage"},"image":{"@id":"https:\/\/qroo.gob.mx\/sesesp\/index.php\/unidad-de-transparencia\/#primaryimage"},"thumbnailUrl":"https:\/\/qroo.gob.mx\/sesesp\/wp-content\/uploads\/elementor\/thumbs\/APV-qvxwejny4nbscoybhptrrk1e0c0x30yswsywgtxfio.png","datePublished":"2024-08-19T18:08:34+00:00","dateModified":"2024-10-24T22:19:42+00:00","breadcrumb":{"@id":"https:\/\/qroo.gob.mx\/sesesp\/index.php\/unidad-de-transparencia\/#breadcrumb"},"inLanguage":"es","potentialAction":[{"@type":"ReadAction","target":["https:\/\/qroo.gob.mx\/sesesp\/index.php\/unidad-de-transparencia\/"]}]},{"@type":"ImageObject","inLanguage":"es","@id":"https:\/\/qroo.gob.mx\/sesesp\/index.php\/unidad-de-transparencia\/#primaryimage","url":"https:\/\/qroo.gob.mx\/sesesp\/wp-content\/uploads\/elementor\/thumbs\/APV-qvxwejny4nbscoybhptrrk1e0c0x30yswsywgtxfio.png","contentUrl":"https:\/\/qroo.gob.mx\/sesesp\/wp-content\/uploads\/elementor\/thumbs\/APV-qvxwejny4nbscoybhptrrk1e0c0x30yswsywgtxfio.png"},{"@type":"BreadcrumbList","@id":"https:\/\/qroo.gob.mx\/sesesp\/index.php\/unidad-de-transparencia\/#breadcrumb","itemListElement":[{"@type":"ListItem","position":1,"name":"Inicio","item":"https:\/\/qroo.gob.mx\/sesesp\/"},{"@type":"ListItem","position":2,"name":"Unidad de transparencia"}]},{"@type":"WebSite","@id":"https:\/\/qroo.gob.mx\/sesesp\/#website","url":"https:\/\/qroo.gob.mx\/sesesp\/","name":"Secretariado Ejecutivo del Sistema Estatal de Seguridad P\u00fablica","description":"","potentialAction":[{"@type":"SearchAction","target":{"@type":"EntryPoint","urlTemplate":"https:\/\/qroo.gob.mx\/sesesp\/?s={search_term_string}"},"query-input":"required name=search_term_string"}],"inLanguage":"es"}]}},"_links":{"self":[{"href":"https:\/\/qroo.gob.mx\/sesesp\/index.php\/wp-json\/wp\/v2\/pages\/37077"}],"collection":[{"href":"https:\/\/qroo.gob.mx\/sesesp\/index.php\/wp-json\/wp\/v2\/pages"}],"about":[{"href":"https:\/\/qroo.gob.mx\/sesesp\/index.php\/wp-json\/wp\/v2\/types\/page"}],"author":[{"embeddable":true,"href":"https:\/\/qroo.gob.mx\/sesesp\/index.php\/wp-json\/wp\/v2\/users\/4"}],"replies":[{"embeddable":true,"href":"https:\/\/qroo.gob.mx\/sesesp\/index.php\/wp-json\/wp\/v2\/comments?post=37077"}],"version-history":[{"count":23,"href":"https:\/\/qroo.gob.mx\/sesesp\/index.php\/wp-json\/wp\/v2\/pages\/37077\/revisions"}],"predecessor-version":[{"id":38305,"href":"https:\/\/qroo.gob.mx\/sesesp\/index.php\/wp-json\/wp\/v2\/pages\/37077\/revisions\/38305"}],"wp:attachment":[{"href":"https:\/\/qroo.gob.mx\/sesesp\/index.php\/wp-json\/wp\/v2\/media?parent=37077"}],"curies":[{"name":"wp","href":"https:\/\/api.w.org\/{rel}","templated":true}]}}