{"id":37032,"date":"2024-08-19T11:00:50","date_gmt":"2024-08-19T16:00:50","guid":{"rendered":"https:\/\/qroo.gob.mx\/sesesp\/?page_id=37032"},"modified":"2024-08-22T10:46:03","modified_gmt":"2024-08-22T15:46:03","slug":"obligaciones-de-transparencia-3","status":"publish","type":"page","link":"https:\/\/qroo.gob.mx\/sesesp\/index.php\/obligaciones-de-transparencia-3\/","title":{"rendered":"Obligaciones de transparencia"},"content":{"rendered":"\t\t<div data-elementor-type=\"wp-page\" data-elementor-id=\"37032\" class=\"elementor elementor-37032\">\n\t\t\t\t<div class=\"elementor-element elementor-element-d42d8ff e-flex e-con-boxed e-con e-parent\" data-id=\"d42d8ff\" data-element_type=\"container\" data-settings=\"{&quot;background_background&quot;:&quot;classic&quot;}\">\n\t\t\t\t\t<div class=\"e-con-inner\">\n\t\t\t\t<div class=\"elementor-element elementor-element-002addc elementor-widget elementor-widget-heading\" data-id=\"002addc\" data-element_type=\"widget\" data-widget_type=\"heading.default\">\n\t\t\t\t<div class=\"elementor-widget-container\">\n\t\t\t<style>\/*! elementor - v3.23.0 - 15-07-2024 *\/\n.elementor-heading-title{padding:0;margin:0;line-height:1}.elementor-widget-heading .elementor-heading-title[class*=elementor-size-]>a{color:inherit;font-size:inherit;line-height:inherit}.elementor-widget-heading .elementor-heading-title.elementor-size-small{font-size:15px}.elementor-widget-heading .elementor-heading-title.elementor-size-medium{font-size:19px}.elementor-widget-heading .elementor-heading-title.elementor-size-large{font-size:29px}.elementor-widget-heading .elementor-heading-title.elementor-size-xl{font-size:39px}.elementor-widget-heading .elementor-heading-title.elementor-size-xxl{font-size:59px}<\/style><h2 class=\"elementor-heading-title elementor-size-default\">OBLIGACIONES DE TRANSPARENCIA<\/h2>\t\t<\/div>\n\t\t\t\t<\/div>\n\t\t\t\t\t<\/div>\n\t\t\t\t<\/div>\n\t\t<div class=\"elementor-element elementor-element-50f1530 e-flex e-con-boxed e-con e-parent\" data-id=\"50f1530\" data-element_type=\"container\">\n\t\t\t\t\t<div class=\"e-con-inner\">\n\t\t\t\t<div class=\"elementor-element elementor-element-aba20e7 elementor-widget elementor-widget-text-editor\" data-id=\"aba20e7\" data-element_type=\"widget\" data-widget_type=\"text-editor.default\">\n\t\t\t\t<div class=\"elementor-widget-container\">\n\t\t\t<style>\/*! elementor - v3.23.0 - 15-07-2024 *\/\n.elementor-widget-text-editor.elementor-drop-cap-view-stacked .elementor-drop-cap{background-color:#69727d;color:#fff}.elementor-widget-text-editor.elementor-drop-cap-view-framed .elementor-drop-cap{color:#69727d;border:3px solid;background-color:transparent}.elementor-widget-text-editor:not(.elementor-drop-cap-view-default) .elementor-drop-cap{margin-top:8px}.elementor-widget-text-editor:not(.elementor-drop-cap-view-default) .elementor-drop-cap-letter{width:1em;height:1em}.elementor-widget-text-editor .elementor-drop-cap{float:left;text-align:center;line-height:1;font-size:50px}.elementor-widget-text-editor .elementor-drop-cap-letter{display:inline-block}<\/style>\t\t\t\t<p>En esta secci\u00f3n podr\u00e1 acceder a la informaci\u00f3n P\u00fablica del Instituto, para cumplir con sus Obligaciones de Transparencia establecidas en la Ley General de Transparencia y Acceso a la Informaci\u00f3n P\u00fablica y la Ley de Transparencia y Acceso a la Informaci\u00f3n P\u00fablica para el Estado de Quintana Roo, de acuerdo con la Tabla de Aplicabilidad aprobada por el Pleno<\/p>\t\t\t\t\t\t<\/div>\n\t\t\t\t<\/div>\n\t\t\t\t\t<\/div>\n\t\t\t\t<\/div>\n\t\t<div class=\"elementor-element elementor-element-a838b5f e-con-full e-flex e-con e-parent\" data-id=\"a838b5f\" data-element_type=\"container\">\n\t\t\t\t<div class=\"elementor-element elementor-element-4c50325 elementor-widget elementor-widget-heading\" data-id=\"4c50325\" data-element_type=\"widget\" data-widget_type=\"heading.default\">\n\t\t\t\t<div class=\"elementor-widget-container\">\n\t\t\t<h4 class=\"elementor-heading-title elementor-size-default\">Art\u00edculo 91<\/h4>\t\t<\/div>\n\t\t\t\t<\/div>\n\t\t<div class=\"elementor-element elementor-element-d858b47 e-flex e-con-boxed e-con e-child\" data-id=\"d858b47\" data-element_type=\"container\">\n\t\t\t\t\t<div class=\"e-con-inner\">\n\t\t\t\t<div class=\"elementor-element elementor-element-7e28e6e elementor-widget elementor-widget-text-editor\" data-id=\"7e28e6e\" data-element_type=\"widget\" data-widget_type=\"text-editor.default\">\n\t\t\t\t<div class=\"elementor-widget-container\">\n\t\t\t\t\t\t\t<p>Los sujetos obligados deber\u00e1n publicar en la Plataforma Nacional y en sus portales de internet, en forma permanente y actualizada, con acceso al p\u00fablico y mediante procesos inform\u00e1ticos sencillos y de f\u00e1cil comprensi\u00f3n, y de acuerdo con sus facultades, atribuciones, funciones u objeto social, seg\u00fan corresponda, la informaci\u00f3n de car\u00e1cter com\u00fan.<\/p>\t\t\t\t\t\t<\/div>\n\t\t\t\t<\/div>\n\t\t<div class=\"elementor-element elementor-element-52ebe76 e-flex e-con-boxed e-con e-child\" data-id=\"52ebe76\" data-element_type=\"container\">\n\t\t\t\t\t<div class=\"e-con-inner\">\n\t\t\t\t<div class=\"elementor-element elementor-element-819b0b5 elementor-invisible elementor-widget elementor-widget-image\" data-id=\"819b0b5\" data-element_type=\"widget\" data-settings=\"{&quot;_animation&quot;:&quot;bounce&quot;}\" data-widget_type=\"image.default\">\n\t\t\t\t<div class=\"elementor-widget-container\">\n\t\t\t<style>\/*! elementor - v3.23.0 - 15-07-2024 *\/\n.elementor-widget-image{text-align:center}.elementor-widget-image a{display:inline-block}.elementor-widget-image a img[src$=\".svg\"]{width:48px}.elementor-widget-image img{vertical-align:middle;display:inline-block}<\/style>\t\t\t\t\t\t\t\t\t\t\t<a href=\"https:\/\/www.plataformadetransparencia.org.mx\/web\/guest\/\">\n\t\t\t\t\t\t\t<img decoding=\"async\" width=\"300\" height=\"151\" src=\"https:\/\/qroo.gob.mx\/sesesp\/wp-content\/uploads\/2024\/08\/logoheader-300x151.png\" class=\"attachment-medium size-medium wp-image-37040\" alt=\"\" srcset=\"https:\/\/qroo.gob.mx\/sesesp\/wp-content\/uploads\/2024\/08\/logoheader-300x151.png 300w, https:\/\/qroo.gob.mx\/sesesp\/wp-content\/uploads\/2024\/08\/logoheader-1024x517.png 1024w, https:\/\/qroo.gob.mx\/sesesp\/wp-content\/uploads\/2024\/08\/logoheader-768x388.png 768w, https:\/\/qroo.gob.mx\/sesesp\/wp-content\/uploads\/2024\/08\/logoheader-1536x775.png 1536w, https:\/\/qroo.gob.mx\/sesesp\/wp-content\/uploads\/2024\/08\/logoheader.png 1835w\" sizes=\"(max-width: 300px) 100vw, 300px\" \/>\t\t\t\t\t\t\t\t<\/a>\n\t\t\t\t\t\t\t\t\t\t\t\t\t<\/div>\n\t\t\t\t<\/div>\n\t\t\t\t\t<\/div>\n\t\t\t\t<\/div>\n\t\t\t\t\t<\/div>\n\t\t\t\t<\/div>\n\t\t\t\t<\/div>\n\t\t<div class=\"elementor-element elementor-element-2875b3e e-con-full e-flex e-con e-parent\" data-id=\"2875b3e\" data-element_type=\"container\">\n\t\t\t\t<div class=\"elementor-element elementor-element-fe827ba elementor-widget elementor-widget-heading\" data-id=\"fe827ba\" data-element_type=\"widget\" data-widget_type=\"heading.default\">\n\t\t\t\t<div class=\"elementor-widget-container\">\n\t\t\t<h4 class=\"elementor-heading-title elementor-size-default\">Art\u00edculo 92<\/h4>\t\t<\/div>\n\t\t\t\t<\/div>\n\t\t<div class=\"elementor-element elementor-element-663bf16 e-flex e-con-boxed e-con e-child\" data-id=\"663bf16\" data-element_type=\"container\">\n\t\t\t\t\t<div class=\"e-con-inner\">\n\t\t\t\t<div class=\"elementor-element elementor-element-81c95a3 elementor-widget elementor-widget-text-editor\" data-id=\"81c95a3\" data-element_type=\"widget\" data-widget_type=\"text-editor.default\">\n\t\t\t\t<div class=\"elementor-widget-container\">\n\t\t\t\t\t\t\t<p>Los Sujetos Obligados deber\u00e1n informar al Instituto y verificar que se publiquen en la Plataforma Nacional de Transparencia, cu\u00e1les son los rubros que son aplicables a sus portales de Internet.<\/p>\t\t\t\t\t\t<\/div>\n\t\t\t\t<\/div>\n\t\t\t\t\t<\/div>\n\t\t\t\t<\/div>\n\t\t\t\t<\/div>\n\t\t<div class=\"elementor-element elementor-element-cd45c57 e-grid e-con-boxed e-con e-parent\" data-id=\"cd45c57\" data-element_type=\"container\">\n\t\t\t\t\t<div class=\"e-con-inner\">\n\t\t\t\t<div class=\"elementor-element elementor-element-c50bec2 elementor-invisible elementor-widget elementor-widget-image\" data-id=\"c50bec2\" data-element_type=\"widget\" data-settings=\"{&quot;_animation&quot;:&quot;bounce&quot;}\" data-widget_type=\"image.default\">\n\t\t\t\t<div class=\"elementor-widget-container\">\n\t\t\t\t\t\t\t\t\t\t\t\t\t\t<a href=\"https:\/\/qroo.gob.mx\/sesesp\/wp-content\/uploads\/2024\/08\/TABLA-DE-APLICABILIDAD-2024-VIGENTE.pdf\">\n\t\t\t\t\t\t\t<img fetchpriority=\"high\" decoding=\"async\" width=\"1024\" height=\"431\" src=\"https:\/\/qroo.gob.mx\/sesesp\/wp-content\/uploads\/2024\/08\/tabla-aplicabilidad-1024x431.png\" class=\"attachment-large size-large wp-image-37683\" alt=\"\" srcset=\"https:\/\/qroo.gob.mx\/sesesp\/wp-content\/uploads\/2024\/08\/tabla-aplicabilidad-1024x431.png 1024w, https:\/\/qroo.gob.mx\/sesesp\/wp-content\/uploads\/2024\/08\/tabla-aplicabilidad-300x126.png 300w, https:\/\/qroo.gob.mx\/sesesp\/wp-content\/uploads\/2024\/08\/tabla-aplicabilidad-768x324.png 768w, https:\/\/qroo.gob.mx\/sesesp\/wp-content\/uploads\/2024\/08\/tabla-aplicabilidad-1536x647.png 1536w, https:\/\/qroo.gob.mx\/sesesp\/wp-content\/uploads\/2024\/08\/tabla-aplicabilidad-2048x863.png 2048w\" sizes=\"(max-width: 1024px) 100vw, 1024px\" \/>\t\t\t\t\t\t\t\t<\/a>\n\t\t\t\t\t\t\t\t\t\t\t\t\t<\/div>\n\t\t\t\t<\/div>\n\t\t\t\t<div class=\"elementor-element elementor-element-0c21402 elementor-invisible elementor-widget elementor-widget-image\" data-id=\"0c21402\" data-element_type=\"widget\" data-settings=\"{&quot;_animation&quot;:&quot;bounce&quot;}\" data-widget_type=\"image.default\">\n\t\t\t\t<div class=\"elementor-widget-container\">\n\t\t\t\t\t\t\t\t\t\t\t\t\t\t<a href=\"https:\/\/qroo.gob.mx\/sesesp\/wp-content\/uploads\/2024\/08\/TABLA-DE-CONSERVACION-Y-ACTUALIZACION-2024-OFICIAL-VIGENTE.pdf\">\n\t\t\t\t\t\t\t<img decoding=\"async\" width=\"1024\" height=\"431\" src=\"https:\/\/qroo.gob.mx\/sesesp\/wp-content\/uploads\/2024\/08\/tabla-actualizacion-conservacion-1024x431.png\" class=\"attachment-large size-large wp-image-37684\" alt=\"\" srcset=\"https:\/\/qroo.gob.mx\/sesesp\/wp-content\/uploads\/2024\/08\/tabla-actualizacion-conservacion-1024x431.png 1024w, https:\/\/qroo.gob.mx\/sesesp\/wp-content\/uploads\/2024\/08\/tabla-actualizacion-conservacion-300x126.png 300w, https:\/\/qroo.gob.mx\/sesesp\/wp-content\/uploads\/2024\/08\/tabla-actualizacion-conservacion-768x324.png 768w, https:\/\/qroo.gob.mx\/sesesp\/wp-content\/uploads\/2024\/08\/tabla-actualizacion-conservacion-1536x647.png 1536w, https:\/\/qroo.gob.mx\/sesesp\/wp-content\/uploads\/2024\/08\/tabla-actualizacion-conservacion-2048x863.png 2048w\" sizes=\"(max-width: 1024px) 100vw, 1024px\" \/>\t\t\t\t\t\t\t\t<\/a>\n\t\t\t\t\t\t\t\t\t\t\t\t\t<\/div>\n\t\t\t\t<\/div>\n\t\t\t\t\t<\/div>\n\t\t\t\t<\/div>\n\t\t\t\t<\/div>\n\t\t","protected":false},"excerpt":{"rendered":"<p>OBLIGACIONES DE TRANSPARENCIA En esta secci\u00f3n podr\u00e1 acceder a la informaci\u00f3n P\u00fablica del Instituto, para cumplir con sus Obligaciones de Transparencia establecidas en la Ley General de Transparencia y Acceso a la Informaci\u00f3n P\u00fablica y la Ley de Transparencia y Acceso a la Informaci\u00f3n P\u00fablica para el Estado de Quintana Roo, de acuerdo con la &#8230; <a title=\"Obligaciones de transparencia\" class=\"read-more\" href=\"https:\/\/qroo.gob.mx\/sesesp\/index.php\/obligaciones-de-transparencia-3\/\" aria-label=\"Leer m\u00e1s sobre Obligaciones de transparencia\">Leer m\u00e1s<\/a><\/p>\n","protected":false},"author":4,"featured_media":0,"parent":0,"menu_order":0,"comment_status":"closed","ping_status":"closed","template":"","meta":{"footnotes":""},"class_list":["post-37032","page","type-page","status-publish"],"yoast_head":"<!-- This site is optimized with the Yoast SEO plugin v23.0 - https:\/\/yoast.com\/wordpress\/plugins\/seo\/ -->\n<title>Obligaciones de transparencia - Secretariado Ejecutivo del Sistema Estatal de Seguridad P\u00fablica<\/title>\n<meta name=\"robots\" content=\"noindex, follow, max-snippet:-1, max-image-preview:large, max-video-preview:-1\" \/>\n<meta property=\"og:locale\" content=\"es_MX\" \/>\n<meta property=\"og:type\" content=\"article\" \/>\n<meta property=\"og:title\" content=\"Obligaciones de transparencia - Secretariado Ejecutivo del Sistema Estatal de Seguridad P\u00fablica\" \/>\n<meta property=\"og:description\" content=\"OBLIGACIONES DE TRANSPARENCIA En esta secci\u00f3n podr\u00e1 acceder a la informaci\u00f3n P\u00fablica del Instituto, para cumplir con sus Obligaciones de Transparencia establecidas en la Ley General de Transparencia y Acceso a la Informaci\u00f3n P\u00fablica y la Ley de Transparencia y Acceso a la Informaci\u00f3n P\u00fablica para el Estado de Quintana Roo, de acuerdo con la ... Leer m\u00e1s\" \/>\n<meta property=\"og:url\" content=\"https:\/\/qroo.gob.mx\/sesesp\/index.php\/obligaciones-de-transparencia-3\/\" \/>\n<meta property=\"og:site_name\" content=\"Secretariado Ejecutivo del Sistema Estatal de Seguridad P\u00fablica\" \/>\n<meta property=\"article:modified_time\" content=\"2024-08-22T15:46:03+00:00\" \/>\n<meta property=\"og:image\" content=\"https:\/\/qroo.gob.mx\/sesesp\/wp-content\/uploads\/2024\/08\/logoheader-300x151.png\" \/>\n<meta name=\"twitter:card\" content=\"summary_large_image\" \/>\n<meta name=\"twitter:label1\" content=\"Tiempo de lectura\" \/>\n\t<meta name=\"twitter:data1\" content=\"2 minutos\" \/>\n<script type=\"application\/ld+json\" class=\"yoast-schema-graph\">{\"@context\":\"https:\/\/schema.org\",\"@graph\":[{\"@type\":\"WebPage\",\"@id\":\"https:\/\/qroo.gob.mx\/sesesp\/index.php\/obligaciones-de-transparencia-3\/\",\"url\":\"https:\/\/qroo.gob.mx\/sesesp\/index.php\/obligaciones-de-transparencia-3\/\",\"name\":\"Obligaciones de transparencia - Secretariado Ejecutivo del Sistema Estatal de Seguridad P\u00fablica\",\"isPartOf\":{\"@id\":\"https:\/\/qroo.gob.mx\/sesesp\/#website\"},\"primaryImageOfPage\":{\"@id\":\"https:\/\/qroo.gob.mx\/sesesp\/index.php\/obligaciones-de-transparencia-3\/#primaryimage\"},\"image\":{\"@id\":\"https:\/\/qroo.gob.mx\/sesesp\/index.php\/obligaciones-de-transparencia-3\/#primaryimage\"},\"thumbnailUrl\":\"https:\/\/qroo.gob.mx\/sesesp\/wp-content\/uploads\/2024\/08\/logoheader-300x151.png\",\"datePublished\":\"2024-08-19T16:00:50+00:00\",\"dateModified\":\"2024-08-22T15:46:03+00:00\",\"breadcrumb\":{\"@id\":\"https:\/\/qroo.gob.mx\/sesesp\/index.php\/obligaciones-de-transparencia-3\/#breadcrumb\"},\"inLanguage\":\"es\",\"potentialAction\":[{\"@type\":\"ReadAction\",\"target\":[\"https:\/\/qroo.gob.mx\/sesesp\/index.php\/obligaciones-de-transparencia-3\/\"]}]},{\"@type\":\"ImageObject\",\"inLanguage\":\"es\",\"@id\":\"https:\/\/qroo.gob.mx\/sesesp\/index.php\/obligaciones-de-transparencia-3\/#primaryimage\",\"url\":\"https:\/\/qroo.gob.mx\/sesesp\/wp-content\/uploads\/2024\/08\/logoheader.png\",\"contentUrl\":\"https:\/\/qroo.gob.mx\/sesesp\/wp-content\/uploads\/2024\/08\/logoheader.png\",\"width\":1835,\"height\":926},{\"@type\":\"BreadcrumbList\",\"@id\":\"https:\/\/qroo.gob.mx\/sesesp\/index.php\/obligaciones-de-transparencia-3\/#breadcrumb\",\"itemListElement\":[{\"@type\":\"ListItem\",\"position\":1,\"name\":\"Inicio\",\"item\":\"https:\/\/qroo.gob.mx\/sesesp\/\"},{\"@type\":\"ListItem\",\"position\":2,\"name\":\"Obligaciones de transparencia\"}]},{\"@type\":\"WebSite\",\"@id\":\"https:\/\/qroo.gob.mx\/sesesp\/#website\",\"url\":\"https:\/\/qroo.gob.mx\/sesesp\/\",\"name\":\"Secretariado Ejecutivo del Sistema Estatal de Seguridad P\u00fablica\",\"description\":\"\",\"potentialAction\":[{\"@type\":\"SearchAction\",\"target\":{\"@type\":\"EntryPoint\",\"urlTemplate\":\"https:\/\/qroo.gob.mx\/sesesp\/?s={search_term_string}\"},\"query-input\":\"required name=search_term_string\"}],\"inLanguage\":\"es\"}]}<\/script>\n<!-- \/ Yoast SEO plugin. -->","yoast_head_json":{"title":"Obligaciones de transparencia - Secretariado Ejecutivo del Sistema Estatal de Seguridad P\u00fablica","robots":{"index":"noindex","follow":"follow","max-snippet":"max-snippet:-1","max-image-preview":"max-image-preview:large","max-video-preview":"max-video-preview:-1"},"og_locale":"es_MX","og_type":"article","og_title":"Obligaciones de transparencia - Secretariado Ejecutivo del Sistema Estatal de Seguridad P\u00fablica","og_description":"OBLIGACIONES DE TRANSPARENCIA En esta secci\u00f3n podr\u00e1 acceder a la informaci\u00f3n P\u00fablica del Instituto, para cumplir con sus Obligaciones de Transparencia establecidas en la Ley General de Transparencia y Acceso a la Informaci\u00f3n P\u00fablica y la Ley de Transparencia y Acceso a la Informaci\u00f3n P\u00fablica para el Estado de Quintana Roo, de acuerdo con la ... Leer m\u00e1s","og_url":"https:\/\/qroo.gob.mx\/sesesp\/index.php\/obligaciones-de-transparencia-3\/","og_site_name":"Secretariado Ejecutivo del Sistema Estatal de Seguridad P\u00fablica","article_modified_time":"2024-08-22T15:46:03+00:00","og_image":[{"url":"https:\/\/qroo.gob.mx\/sesesp\/wp-content\/uploads\/2024\/08\/logoheader-300x151.png"}],"twitter_card":"summary_large_image","twitter_misc":{"Tiempo de lectura":"2 minutos"},"schema":{"@context":"https:\/\/schema.org","@graph":[{"@type":"WebPage","@id":"https:\/\/qroo.gob.mx\/sesesp\/index.php\/obligaciones-de-transparencia-3\/","url":"https:\/\/qroo.gob.mx\/sesesp\/index.php\/obligaciones-de-transparencia-3\/","name":"Obligaciones de transparencia - Secretariado Ejecutivo del Sistema Estatal de Seguridad P\u00fablica","isPartOf":{"@id":"https:\/\/qroo.gob.mx\/sesesp\/#website"},"primaryImageOfPage":{"@id":"https:\/\/qroo.gob.mx\/sesesp\/index.php\/obligaciones-de-transparencia-3\/#primaryimage"},"image":{"@id":"https:\/\/qroo.gob.mx\/sesesp\/index.php\/obligaciones-de-transparencia-3\/#primaryimage"},"thumbnailUrl":"https:\/\/qroo.gob.mx\/sesesp\/wp-content\/uploads\/2024\/08\/logoheader-300x151.png","datePublished":"2024-08-19T16:00:50+00:00","dateModified":"2024-08-22T15:46:03+00:00","breadcrumb":{"@id":"https:\/\/qroo.gob.mx\/sesesp\/index.php\/obligaciones-de-transparencia-3\/#breadcrumb"},"inLanguage":"es","potentialAction":[{"@type":"ReadAction","target":["https:\/\/qroo.gob.mx\/sesesp\/index.php\/obligaciones-de-transparencia-3\/"]}]},{"@type":"ImageObject","inLanguage":"es","@id":"https:\/\/qroo.gob.mx\/sesesp\/index.php\/obligaciones-de-transparencia-3\/#primaryimage","url":"https:\/\/qroo.gob.mx\/sesesp\/wp-content\/uploads\/2024\/08\/logoheader.png","contentUrl":"https:\/\/qroo.gob.mx\/sesesp\/wp-content\/uploads\/2024\/08\/logoheader.png","width":1835,"height":926},{"@type":"BreadcrumbList","@id":"https:\/\/qroo.gob.mx\/sesesp\/index.php\/obligaciones-de-transparencia-3\/#breadcrumb","itemListElement":[{"@type":"ListItem","position":1,"name":"Inicio","item":"https:\/\/qroo.gob.mx\/sesesp\/"},{"@type":"ListItem","position":2,"name":"Obligaciones de transparencia"}]},{"@type":"WebSite","@id":"https:\/\/qroo.gob.mx\/sesesp\/#website","url":"https:\/\/qroo.gob.mx\/sesesp\/","name":"Secretariado Ejecutivo del Sistema Estatal de Seguridad P\u00fablica","description":"","potentialAction":[{"@type":"SearchAction","target":{"@type":"EntryPoint","urlTemplate":"https:\/\/qroo.gob.mx\/sesesp\/?s={search_term_string}"},"query-input":"required name=search_term_string"}],"inLanguage":"es"}]}},"_links":{"self":[{"href":"https:\/\/qroo.gob.mx\/sesesp\/index.php\/wp-json\/wp\/v2\/pages\/37032"}],"collection":[{"href":"https:\/\/qroo.gob.mx\/sesesp\/index.php\/wp-json\/wp\/v2\/pages"}],"about":[{"href":"https:\/\/qroo.gob.mx\/sesesp\/index.php\/wp-json\/wp\/v2\/types\/page"}],"author":[{"embeddable":true,"href":"https:\/\/qroo.gob.mx\/sesesp\/index.php\/wp-json\/wp\/v2\/users\/4"}],"replies":[{"embeddable":true,"href":"https:\/\/qroo.gob.mx\/sesesp\/index.php\/wp-json\/wp\/v2\/comments?post=37032"}],"version-history":[{"count":25,"href":"https:\/\/qroo.gob.mx\/sesesp\/index.php\/wp-json\/wp\/v2\/pages\/37032\/revisions"}],"predecessor-version":[{"id":37687,"href":"https:\/\/qroo.gob.mx\/sesesp\/index.php\/wp-json\/wp\/v2\/pages\/37032\/revisions\/37687"}],"wp:attachment":[{"href":"https:\/\/qroo.gob.mx\/sesesp\/index.php\/wp-json\/wp\/v2\/media?parent=37032"}],"curies":[{"name":"wp","href":"https:\/\/api.w.org\/{rel}","templated":true}]}}