{"id":36846,"date":"2024-08-14T11:09:21","date_gmt":"2024-08-14T16:09:21","guid":{"rendered":"https:\/\/qroo.gob.mx\/sesesp\/?page_id=36846"},"modified":"2024-08-14T11:23:46","modified_gmt":"2024-08-14T16:23:46","slug":"contacto","status":"publish","type":"page","link":"https:\/\/qroo.gob.mx\/sesesp\/index.php\/contacto\/","title":{"rendered":"Contacto"},"content":{"rendered":"\t\t<div data-elementor-type=\"wp-page\" data-elementor-id=\"36846\" class=\"elementor elementor-36846\">\n\t\t\t\t<div class=\"elementor-element elementor-element-12b4710b e-flex e-con-boxed e-con e-parent\" data-id=\"12b4710b\" data-element_type=\"container\">\n\t\t\t\t\t<div class=\"e-con-inner\">\n\t\t\t\t<div class=\"elementor-element elementor-element-f8b9b2b elementor-widget elementor-widget-heading\" data-id=\"f8b9b2b\" data-element_type=\"widget\" data-widget_type=\"heading.default\">\n\t\t\t\t<div class=\"elementor-widget-container\">\n\t\t\t<style>\/*! elementor - v3.23.0 - 15-07-2024 *\/\n.elementor-heading-title{padding:0;margin:0;line-height:1}.elementor-widget-heading .elementor-heading-title[class*=elementor-size-]>a{color:inherit;font-size:inherit;line-height:inherit}.elementor-widget-heading .elementor-heading-title.elementor-size-small{font-size:15px}.elementor-widget-heading .elementor-heading-title.elementor-size-medium{font-size:19px}.elementor-widget-heading .elementor-heading-title.elementor-size-large{font-size:29px}.elementor-widget-heading .elementor-heading-title.elementor-size-xl{font-size:39px}.elementor-widget-heading .elementor-heading-title.elementor-size-xxl{font-size:59px}<\/style><h2 class=\"elementor-heading-title elementor-size-default\"><div style=\"padding: 0px; font-family: Futura; font-size: 16px;\"><div style=\"\"><h1 style=\"font-size: 35px; font-family: Montserrat, &quot;Helvetica Neue&quot;, Arial, sans-serif; line-height: 1.2;\"><span style=\"font-family: inherit; font-style: inherit; background-color: var(--base-3); text-transform: uppercase; white-space-collapse: collapse;\"><font color=\"#000000\"><b>CONTACTO<\/b><\/font><\/span><span style=\"color: var(--contrast); font-weight: 400; text-transform: none; white-space-collapse: preserve; font-family: inherit; font-style: inherit; background-color: var(--base-3);\"><\/span><font color=\"#000000\"><span style=\"text-transform: uppercase; white-space-collapse: collapse;\"><b><br><\/b><\/span><\/font><\/h1><\/div><\/div><\/h2>\t\t<\/div>\n\t\t\t\t<\/div>\n\t\t\t\t\t<\/div>\n\t\t\t\t<\/div>\n\t\t<div class=\"elementor-element elementor-element-c628d8b e-flex e-con-boxed e-con e-parent\" data-id=\"c628d8b\" data-element_type=\"container\" data-settings=\"{&quot;background_background&quot;:&quot;classic&quot;}\">\n\t\t\t\t\t<div class=\"e-con-inner\">\n\t\t<div class=\"elementor-element elementor-element-289559c e-grid e-con-full e-con e-child\" data-id=\"289559c\" data-element_type=\"container\">\n\t\t\t\t<div class=\"elementor-element elementor-element-eabf752 elementor-widget elementor-widget-image\" data-id=\"eabf752\" data-element_type=\"widget\" data-widget_type=\"image.default\">\n\t\t\t\t<div class=\"elementor-widget-container\">\n\t\t\t<style>\/*! elementor - v3.23.0 - 15-07-2024 *\/\n.elementor-widget-image{text-align:center}.elementor-widget-image a{display:inline-block}.elementor-widget-image a img[src$=\".svg\"]{width:48px}.elementor-widget-image img{vertical-align:middle;display:inline-block}<\/style>\t\t\t\t\t\t\t\t\t\t<img decoding=\"async\" src=\"https:\/\/qroo.gob.mx\/sesesp\/wp-content\/uploads\/elementor\/thumbs\/Secretario_0-qqixzstg45v6afuivrnvw76gher1pmle847bw9z8hk.jpg\" title=\"Secretario_0\" alt=\"Secretario_0\" loading=\"lazy\" \/>\t\t\t\t\t\t\t\t\t\t\t\t\t<\/div>\n\t\t\t\t<\/div>\n\t\t<div class=\"elementor-element elementor-element-070ae1d e-con-full e-flex e-con e-child\" data-id=\"070ae1d\" data-element_type=\"container\">\n\t\t\t\t<div class=\"elementor-element elementor-element-845f4dd elementor-widget elementor-widget-heading\" data-id=\"845f4dd\" data-element_type=\"widget\" data-widget_type=\"heading.default\">\n\t\t\t\t<div class=\"elementor-widget-container\">\n\t\t\t<h3 class=\"elementor-heading-title elementor-size-default\">Adri\u00e1n Mart\u00ednez Ortega\n\n<\/h3>\t\t<\/div>\n\t\t\t\t<\/div>\n\t\t\t\t<div class=\"elementor-element elementor-element-e0af302 elementor-widget elementor-widget-heading\" data-id=\"e0af302\" data-element_type=\"widget\" data-widget_type=\"heading.default\">\n\t\t\t\t<div class=\"elementor-widget-container\">\n\t\t\t<h5 class=\"elementor-heading-title elementor-size-default\">Titular <\/h5>\t\t<\/div>\n\t\t\t\t<\/div>\n\t\t\t\t<div class=\"elementor-element elementor-element-997015b elementor-widget elementor-widget-text-editor\" data-id=\"997015b\" data-element_type=\"widget\" data-widget_type=\"text-editor.default\">\n\t\t\t\t<div class=\"elementor-widget-container\">\n\t\t\t<style>\/*! elementor - v3.23.0 - 15-07-2024 *\/\n.elementor-widget-text-editor.elementor-drop-cap-view-stacked .elementor-drop-cap{background-color:#69727d;color:#fff}.elementor-widget-text-editor.elementor-drop-cap-view-framed .elementor-drop-cap{color:#69727d;border:3px solid;background-color:transparent}.elementor-widget-text-editor:not(.elementor-drop-cap-view-default) .elementor-drop-cap{margin-top:8px}.elementor-widget-text-editor:not(.elementor-drop-cap-view-default) .elementor-drop-cap-letter{width:1em;height:1em}.elementor-widget-text-editor .elementor-drop-cap{float:left;text-align:center;line-height:1;font-size:50px}.elementor-widget-text-editor .elementor-drop-cap-letter{display:inline-block}<\/style>\t\t\t\t<p><b>Direcci\u00f3n:<\/b> C. 1 Mayo C.P. 77962, entre Tom\u00e1s Aznar Barbachano y Pascual Coral Heredia, Col. Proterritorio, Chetumal, Quintana Roo, M\u00e9xico<\/p><p><b>Tel\u00e9fono:<\/b> (983) 285 6086<\/p>\t\t\t\t\t\t<\/div>\n\t\t\t\t<\/div>\n\t\t\t\t<\/div>\n\t\t\t\t<\/div>\n\t\t\t\t\t<\/div>\n\t\t\t\t<\/div>\n\t\t\t\t<\/div>\n\t\t","protected":false},"excerpt":{"rendered":"<p>CONTACTO Adri\u00e1n Mart\u00ednez Ortega Titular Direcci\u00f3n: C. 1 Mayo C.P. 77962, entre Tom\u00e1s Aznar Barbachano y Pascual Coral Heredia, Col. Proterritorio, Chetumal, Quintana Roo, M\u00e9xico Tel\u00e9fono: (983) 285 6086<\/p>\n","protected":false},"author":4,"featured_media":0,"parent":0,"menu_order":0,"comment_status":"closed","ping_status":"open","template":"","meta":{"footnotes":""},"class_list":["post-36846","page","type-page","status-publish"],"yoast_head":"<!-- This site is optimized with the Yoast SEO plugin v23.0 - https:\/\/yoast.com\/wordpress\/plugins\/seo\/ -->\n<title>Contacto - Secretariado Ejecutivo del Sistema Estatal de Seguridad P\u00fablica<\/title>\n<meta name=\"robots\" content=\"noindex, follow, max-snippet:-1, max-image-preview:large, max-video-preview:-1\" \/>\n<meta property=\"og:locale\" content=\"es_MX\" \/>\n<meta property=\"og:type\" content=\"article\" \/>\n<meta property=\"og:title\" content=\"Contacto - Secretariado Ejecutivo del Sistema Estatal de Seguridad P\u00fablica\" \/>\n<meta property=\"og:description\" content=\"CONTACTO Adri\u00e1n Mart\u00ednez Ortega Titular Direcci\u00f3n: C. 1 Mayo C.P. 77962, entre Tom\u00e1s Aznar Barbachano y Pascual Coral Heredia, Col. Proterritorio, Chetumal, Quintana Roo, M\u00e9xico Tel\u00e9fono: (983) 285 6086\" \/>\n<meta property=\"og:url\" content=\"https:\/\/qroo.gob.mx\/sesesp\/index.php\/contacto\/\" \/>\n<meta property=\"og:site_name\" content=\"Secretariado Ejecutivo del Sistema Estatal de Seguridad P\u00fablica\" \/>\n<meta property=\"article:modified_time\" content=\"2024-08-14T16:23:46+00:00\" \/>\n<meta property=\"og:image\" content=\"https:\/\/qroo.gob.mx\/sesesp\/wp-content\/uploads\/elementor\/thumbs\/Secretario_0-qqixzstg45v6afuivrnvw76gher1pmle847bw9z8hk.jpg\" \/>\n<meta name=\"twitter:card\" content=\"summary_large_image\" \/>\n<meta name=\"twitter:label1\" content=\"Tiempo de lectura\" \/>\n\t<meta name=\"twitter:data1\" content=\"1 minuto\" \/>\n<script type=\"application\/ld+json\" class=\"yoast-schema-graph\">{\"@context\":\"https:\/\/schema.org\",\"@graph\":[{\"@type\":\"WebPage\",\"@id\":\"https:\/\/qroo.gob.mx\/sesesp\/index.php\/contacto\/\",\"url\":\"https:\/\/qroo.gob.mx\/sesesp\/index.php\/contacto\/\",\"name\":\"Contacto - Secretariado Ejecutivo del Sistema Estatal de Seguridad P\u00fablica\",\"isPartOf\":{\"@id\":\"https:\/\/qroo.gob.mx\/sesesp\/#website\"},\"primaryImageOfPage\":{\"@id\":\"https:\/\/qroo.gob.mx\/sesesp\/index.php\/contacto\/#primaryimage\"},\"image\":{\"@id\":\"https:\/\/qroo.gob.mx\/sesesp\/index.php\/contacto\/#primaryimage\"},\"thumbnailUrl\":\"https:\/\/qroo.gob.mx\/sesesp\/wp-content\/uploads\/elementor\/thumbs\/Secretario_0-qqixzstg45v6afuivrnvw76gher1pmle847bw9z8hk.jpg\",\"datePublished\":\"2024-08-14T16:09:21+00:00\",\"dateModified\":\"2024-08-14T16:23:46+00:00\",\"breadcrumb\":{\"@id\":\"https:\/\/qroo.gob.mx\/sesesp\/index.php\/contacto\/#breadcrumb\"},\"inLanguage\":\"es\",\"potentialAction\":[{\"@type\":\"ReadAction\",\"target\":[\"https:\/\/qroo.gob.mx\/sesesp\/index.php\/contacto\/\"]}]},{\"@type\":\"ImageObject\",\"inLanguage\":\"es\",\"@id\":\"https:\/\/qroo.gob.mx\/sesesp\/index.php\/contacto\/#primaryimage\",\"url\":\"https:\/\/qroo.gob.mx\/sesesp\/wp-content\/uploads\/elementor\/thumbs\/Secretario_0-qqixzstg45v6afuivrnvw76gher1pmle847bw9z8hk.jpg\",\"contentUrl\":\"https:\/\/qroo.gob.mx\/sesesp\/wp-content\/uploads\/elementor\/thumbs\/Secretario_0-qqixzstg45v6afuivrnvw76gher1pmle847bw9z8hk.jpg\"},{\"@type\":\"BreadcrumbList\",\"@id\":\"https:\/\/qroo.gob.mx\/sesesp\/index.php\/contacto\/#breadcrumb\",\"itemListElement\":[{\"@type\":\"ListItem\",\"position\":1,\"name\":\"Inicio\",\"item\":\"https:\/\/qroo.gob.mx\/sesesp\/\"},{\"@type\":\"ListItem\",\"position\":2,\"name\":\"Contacto\"}]},{\"@type\":\"WebSite\",\"@id\":\"https:\/\/qroo.gob.mx\/sesesp\/#website\",\"url\":\"https:\/\/qroo.gob.mx\/sesesp\/\",\"name\":\"Secretariado Ejecutivo del Sistema Estatal de Seguridad P\u00fablica\",\"description\":\"\",\"potentialAction\":[{\"@type\":\"SearchAction\",\"target\":{\"@type\":\"EntryPoint\",\"urlTemplate\":\"https:\/\/qroo.gob.mx\/sesesp\/?s={search_term_string}\"},\"query-input\":\"required name=search_term_string\"}],\"inLanguage\":\"es\"}]}<\/script>\n<!-- \/ Yoast SEO plugin. -->","yoast_head_json":{"title":"Contacto - Secretariado Ejecutivo del Sistema Estatal de Seguridad P\u00fablica","robots":{"index":"noindex","follow":"follow","max-snippet":"max-snippet:-1","max-image-preview":"max-image-preview:large","max-video-preview":"max-video-preview:-1"},"og_locale":"es_MX","og_type":"article","og_title":"Contacto - Secretariado Ejecutivo del Sistema Estatal de Seguridad P\u00fablica","og_description":"CONTACTO Adri\u00e1n Mart\u00ednez Ortega Titular Direcci\u00f3n: C. 1 Mayo C.P. 77962, entre Tom\u00e1s Aznar Barbachano y Pascual Coral Heredia, Col. Proterritorio, Chetumal, Quintana Roo, M\u00e9xico Tel\u00e9fono: (983) 285 6086","og_url":"https:\/\/qroo.gob.mx\/sesesp\/index.php\/contacto\/","og_site_name":"Secretariado Ejecutivo del Sistema Estatal de Seguridad P\u00fablica","article_modified_time":"2024-08-14T16:23:46+00:00","og_image":[{"url":"https:\/\/qroo.gob.mx\/sesesp\/wp-content\/uploads\/elementor\/thumbs\/Secretario_0-qqixzstg45v6afuivrnvw76gher1pmle847bw9z8hk.jpg"}],"twitter_card":"summary_large_image","twitter_misc":{"Tiempo de lectura":"1 minuto"},"schema":{"@context":"https:\/\/schema.org","@graph":[{"@type":"WebPage","@id":"https:\/\/qroo.gob.mx\/sesesp\/index.php\/contacto\/","url":"https:\/\/qroo.gob.mx\/sesesp\/index.php\/contacto\/","name":"Contacto - Secretariado Ejecutivo del Sistema Estatal de Seguridad P\u00fablica","isPartOf":{"@id":"https:\/\/qroo.gob.mx\/sesesp\/#website"},"primaryImageOfPage":{"@id":"https:\/\/qroo.gob.mx\/sesesp\/index.php\/contacto\/#primaryimage"},"image":{"@id":"https:\/\/qroo.gob.mx\/sesesp\/index.php\/contacto\/#primaryimage"},"thumbnailUrl":"https:\/\/qroo.gob.mx\/sesesp\/wp-content\/uploads\/elementor\/thumbs\/Secretario_0-qqixzstg45v6afuivrnvw76gher1pmle847bw9z8hk.jpg","datePublished":"2024-08-14T16:09:21+00:00","dateModified":"2024-08-14T16:23:46+00:00","breadcrumb":{"@id":"https:\/\/qroo.gob.mx\/sesesp\/index.php\/contacto\/#breadcrumb"},"inLanguage":"es","potentialAction":[{"@type":"ReadAction","target":["https:\/\/qroo.gob.mx\/sesesp\/index.php\/contacto\/"]}]},{"@type":"ImageObject","inLanguage":"es","@id":"https:\/\/qroo.gob.mx\/sesesp\/index.php\/contacto\/#primaryimage","url":"https:\/\/qroo.gob.mx\/sesesp\/wp-content\/uploads\/elementor\/thumbs\/Secretario_0-qqixzstg45v6afuivrnvw76gher1pmle847bw9z8hk.jpg","contentUrl":"https:\/\/qroo.gob.mx\/sesesp\/wp-content\/uploads\/elementor\/thumbs\/Secretario_0-qqixzstg45v6afuivrnvw76gher1pmle847bw9z8hk.jpg"},{"@type":"BreadcrumbList","@id":"https:\/\/qroo.gob.mx\/sesesp\/index.php\/contacto\/#breadcrumb","itemListElement":[{"@type":"ListItem","position":1,"name":"Inicio","item":"https:\/\/qroo.gob.mx\/sesesp\/"},{"@type":"ListItem","position":2,"name":"Contacto"}]},{"@type":"WebSite","@id":"https:\/\/qroo.gob.mx\/sesesp\/#website","url":"https:\/\/qroo.gob.mx\/sesesp\/","name":"Secretariado Ejecutivo del Sistema Estatal de Seguridad P\u00fablica","description":"","potentialAction":[{"@type":"SearchAction","target":{"@type":"EntryPoint","urlTemplate":"https:\/\/qroo.gob.mx\/sesesp\/?s={search_term_string}"},"query-input":"required name=search_term_string"}],"inLanguage":"es"}]}},"_links":{"self":[{"href":"https:\/\/qroo.gob.mx\/sesesp\/index.php\/wp-json\/wp\/v2\/pages\/36846"}],"collection":[{"href":"https:\/\/qroo.gob.mx\/sesesp\/index.php\/wp-json\/wp\/v2\/pages"}],"about":[{"href":"https:\/\/qroo.gob.mx\/sesesp\/index.php\/wp-json\/wp\/v2\/types\/page"}],"author":[{"embeddable":true,"href":"https:\/\/qroo.gob.mx\/sesesp\/index.php\/wp-json\/wp\/v2\/users\/4"}],"replies":[{"embeddable":true,"href":"https:\/\/qroo.gob.mx\/sesesp\/index.php\/wp-json\/wp\/v2\/comments?post=36846"}],"version-history":[{"count":13,"href":"https:\/\/qroo.gob.mx\/sesesp\/index.php\/wp-json\/wp\/v2\/pages\/36846\/revisions"}],"predecessor-version":[{"id":36862,"href":"https:\/\/qroo.gob.mx\/sesesp\/index.php\/wp-json\/wp\/v2\/pages\/36846\/revisions\/36862"}],"wp:attachment":[{"href":"https:\/\/qroo.gob.mx\/sesesp\/index.php\/wp-json\/wp\/v2\/media?parent=36846"}],"curies":[{"name":"wp","href":"https:\/\/api.w.org\/{rel}","templated":true}]}}