{"id":36270,"date":"2024-08-09T10:33:58","date_gmt":"2024-08-09T15:33:58","guid":{"rendered":"https:\/\/qroo.gob.mx\/sesesp\/?page_id=36270"},"modified":"2024-08-09T10:36:00","modified_gmt":"2024-08-09T15:36:00","slug":"elementor-36270","status":"publish","type":"page","link":"https:\/\/qroo.gob.mx\/sesesp\/index.php\/elementor-36270\/","title":{"rendered":"MARCO-NORMATIVO"},"content":{"rendered":"\t\t<div data-elementor-type=\"wp-page\" data-elementor-id=\"36270\" class=\"elementor elementor-36270\">\n\t\t\t\t<div class=\"elementor-element elementor-element-6140174 e-flex e-con-boxed e-con e-parent\" data-id=\"6140174\" data-element_type=\"container\">\n\t\t\t\t\t<div class=\"e-con-inner\">\n\t\t\t\t<div class=\"elementor-element elementor-element-bcb5a5f elementor-widget elementor-widget-heading\" data-id=\"bcb5a5f\" data-element_type=\"widget\" data-widget_type=\"heading.default\">\n\t\t\t\t<div class=\"elementor-widget-container\">\n\t\t\t<style>\/*! elementor - v3.23.0 - 15-07-2024 *\/\n.elementor-heading-title{padding:0;margin:0;line-height:1}.elementor-widget-heading .elementor-heading-title[class*=elementor-size-]>a{color:inherit;font-size:inherit;line-height:inherit}.elementor-widget-heading .elementor-heading-title.elementor-size-small{font-size:15px}.elementor-widget-heading .elementor-heading-title.elementor-size-medium{font-size:19px}.elementor-widget-heading .elementor-heading-title.elementor-size-large{font-size:29px}.elementor-widget-heading .elementor-heading-title.elementor-size-xl{font-size:39px}.elementor-widget-heading .elementor-heading-title.elementor-size-xxl{font-size:59px}<\/style><h2 class=\"elementor-heading-title elementor-size-default\">MARCO NORMATIVO\n<\/h2>\t\t<\/div>\n\t\t\t\t<\/div>\n\t\t\t\t<div class=\"elementor-element elementor-element-4152bb6 elementor-widget elementor-widget-text-editor\" data-id=\"4152bb6\" data-element_type=\"widget\" data-widget_type=\"text-editor.default\">\n\t\t\t\t<div class=\"elementor-widget-container\">\n\t\t\t<style>\/*! elementor - v3.23.0 - 15-07-2024 *\/\n.elementor-widget-text-editor.elementor-drop-cap-view-stacked .elementor-drop-cap{background-color:#69727d;color:#fff}.elementor-widget-text-editor.elementor-drop-cap-view-framed .elementor-drop-cap{color:#69727d;border:3px solid;background-color:transparent}.elementor-widget-text-editor:not(.elementor-drop-cap-view-default) .elementor-drop-cap{margin-top:8px}.elementor-widget-text-editor:not(.elementor-drop-cap-view-default) .elementor-drop-cap-letter{width:1em;height:1em}.elementor-widget-text-editor .elementor-drop-cap{float:left;text-align:center;line-height:1;font-size:50px}.elementor-widget-text-editor .elementor-drop-cap-letter{display:inline-block}<\/style>\t\t\t\t<div id=\"block-startupgrowth-page-title\" class=\"block block-core block-page-title-block\"><div class=\"content\"><h1 class=\"js-quickedit-page-title title page-title\"><strong style=\"color: var( --e-global-color-text ); font-family: var( --e-global-typography-text-font-family ), Sans-serif; text-align: var(--text-align); background-color: var(--base-3); font-size: 17px;\">LEY DE SEGURIDAD P\u00daBLICA DEL ESTADO DE QUINTANA ROO<\/strong><\/h1><\/div><\/div><div id=\"block-startupgrowth-content\" class=\"block block-system block-system-main-block\"><div class=\"content\"><article class=\"node node--type-tc-pagina-informativa node--view-mode-full clearfix\" role=\"article\"><div class=\"node--content-container\"><div class=\"node--content clearfix\"><div class=\"clearfix text-formatted field field--name-body field--type-text-with-summary field--label-hidden field__item\"><div><p><strong>ART\u00cdCULO 247.<\/strong>\u00a0El Estado y los Municipios deber\u00e1n de recabar, sistematizar, intercambiar y suministrar la informaci\u00f3n sobre seguridad p\u00fablica, mediante instrumentos de tecnolog\u00eda modernos que permitan el f\u00e1cil y r\u00e1pido acceso a los usuarios autorizados por la Ley, instituyendo un Centro Estatal de Informaci\u00f3n sobre Seguridad P\u00fablica, debiendo coordinarse con la Federaci\u00f3n, a fin de consolidar el Sistema Nacional de Informaci\u00f3n en materia de seguridad p\u00fablica.<\/p><p>La unidad de enlace de Plataforma M\u00e9xico adscrita a la Secretar\u00eda y las correspondientes en cada municipio, tendr\u00e1n cuando menos, las siguientes atribuciones:<\/p><p><strong>I.-<\/strong>\u00a0Desarrollar acciones sistematizadas para la planeaci\u00f3n, recopilaci\u00f3n, an\u00e1lisis y aprovechamiento de la informaci\u00f3n en la investigaci\u00f3n de los delitos, bajo los principios de legalidad, objetividad, eficiencia, profesionalismo, honradez y respeto a los derechos humanos reconocidos en la Constituci\u00f3n.<\/p><p><strong>II.-<\/strong>\u00a0Recabar la informaci\u00f3n necesaria para operar tareas de inteligencia en materia de seguridad p\u00fablica, en el \u00e1mbito de su competencia.<\/p><p><strong>III.-<\/strong>\u00a0Establecer un sistema destinado a la coordinaci\u00f3n y ejecuci\u00f3n de los m\u00e9todos de an\u00e1lisis de informaci\u00f3n para generar inteligencia operacional que permita identificar a personas o grupos delictivos, relacionado con la investigaci\u00f3n de un delito.<\/p><p><strong>IV.-<\/strong>\u00a0Consolidar la debida integraci\u00f3n de fichas de personas, grupos y organizaciones criminales en el \u00e1mbito de su competencia.<\/p><p><strong>V.-\u00a0<\/strong>Proponer al Ministerio P\u00fablico Federal o local, para fines de la investigaci\u00f3n, que requiera a las autoridades competentes, informes y documentos, cuando se trate de aquellos que s\u00f3lo pueda solicitar por conducto de \u00e9ste.<\/p><p><strong>VI.-<\/strong>\u00a0Integrar y operar las bases de datos de Plataforma M\u00e9xico en el \u00e1mbito de sus atribuciones y competencia.<\/p><p><strong>VII.-<\/strong>\u00a0Establecer en las Instituciones policiales correspondientes, criterios y pol\u00edticas, para el uso de equipos e instrumentos t\u00e9cnicos especializados para la investigaci\u00f3n de los delitos.<\/p><p><strong>VIII.-<\/strong>\u00a0Determinar m\u00e9todos de comunicaci\u00f3n y redes de informaci\u00f3n policial para el acopio y clasificaci\u00f3n oportuna de datos relacionados con las formas de organizaci\u00f3n y modos de operaci\u00f3n de las organizaciones criminales, as\u00ed como la sistematizaci\u00f3n de la informaci\u00f3n mediante el uso de tecnolog\u00eda de punta; e<\/p><p><strong>IX.-<\/strong>\u00a0Implementar en las instituciones policiales correspondientes, m\u00e9todos, t\u00e9cnicas y procedimientos para la identificaci\u00f3n, recopilaci\u00f3n, clasificaci\u00f3n y an\u00e1lisis de datos, im\u00e1genes y dem\u00e1s elementos de informaci\u00f3n.<\/p><p>El Centro Estatal de Informaci\u00f3n sobre seguridad p\u00fablica, se integrar\u00e1 por lo menos con los siguientes registros:<\/p><p><strong>1.-\u00a0<\/strong>Registro Estatal de Personal de Seguridad P\u00fablica.<\/p><p><strong>2.-<\/strong>\u00a0Registro Estatal de Armamento y Equipo.<\/p><p><strong>3.-<\/strong>\u00a0Registro para el Sistema Penitenciario.<\/p><p><strong>4.-<\/strong>\u00a0Registro Administrativo de Detenciones.<\/p><p><strong>5.-<\/strong>\u00a0Registro P\u00fablico Vehicular.<\/p><p><strong>6.-\u00a0<\/strong>Sistema \u00danico de Informaci\u00f3n Criminal.<\/p><p><strong>7.-<\/strong>\u00a0Registro Estatal de Estad\u00edstica de Seguridad P\u00fablica; y<\/p><p><strong>8.-<\/strong>\u00a0Las dem\u00e1s que conforme a los acuerdos o convenios con el Sistema Nacional se establezcan.<\/p><p><strong>LEY QUE CREA EL ORGANISMO P\u00daBLICO DESCENTRALIZADO DENOMINADO SECRETARIADO EJECUTIVO DEL SISTEMA ESTATAL DE SEGURIDAD P\u00daBLICA DEL ESTADO DE QUINTANA ROO<\/strong><\/p><p><strong>Art\u00edculo 6.-<\/strong>\u00a0Para el cumplimiento de su objeto, el Secretariado Ejecutivo tendr\u00e1 las siguientes atribuciones:<\/p><p><strong>V.<\/strong>\u00a0Asesorar y proponer al respecto de las pol\u00edticas, lineamientos y acciones a aplicar, para el buen desempe\u00f1o de las Instituciones de Seguridad P\u00fablica;<\/p><p><strong>VIII.<\/strong>\u00a0Coordinar la realizaci\u00f3n de estudios especializados sobre la materia de Seguridad P\u00fablica y formular recomendaciones a las instancias de coordinaci\u00f3n;<\/p><p><strong>XVII.<\/strong>\u00a0Brindar asesor\u00eda a las Instituciones de Seguridad P\u00fablica para la integraci\u00f3n de informaci\u00f3n, interconexi\u00f3n, acceso, uso, intercambio y establecimiento de medidas de seguridad para las bases de datos;<\/p><p><strong>XIX.<\/strong>\u00a0Dar seguimiento al cumplimiento de las obligaciones relacionadas con las bases de datos de las distintas Instituciones de Seguridad P\u00fablica al Centro Nacional de Informaci\u00f3n del Sistema Nacional de Seguridad P\u00fablica;<\/p><p><strong>XXVI.<\/strong>\u00a0Las dem\u00e1s que le confieran las leyes, reglamentos, acuerdos, decretos y que sean necesarias para cumplir con los objetivos del Sistema.<\/p><p><strong>Plan de Acci\u00f3n<\/strong><\/p><p>Promover el uso y aprovechamiento eficiente de las Tecnolog\u00edas de la Informaci\u00f3n y Comunicaci\u00f3n en las Instituciones de Seguridad P\u00fablica.<\/p><p><strong>3.1. Objetivos<\/strong><\/p><p><strong>3.1.1.<\/strong>\u00a0Cumplimiento de las obligaciones relacionadas con las bases de datos de las distintas Instituciones de Seguridad P\u00fablica al Centro Nacional de Informaci\u00f3n del Sistema Nacional de Seguridad P\u00fablica;<\/p><p><strong>3.1.2.<\/strong>\u00a0Contar con instrumentos de tecnolog\u00eda modernos que permitan el f\u00e1cil y r\u00e1pido acceso a los usuarios autorizados por la Ley, para los procesos de acopio, an\u00e1lisis e intercambio de informaci\u00f3n de las bases de datos y registros del Sistema Estatal de Informaci\u00f3n de Seguridad P\u00fablica.<\/p><p><strong>3.1.3.<\/strong>\u00a0Generaci\u00f3n de informaci\u00f3n de calidad para la investigaci\u00f3n y operaci\u00f3n de las instituciones de seguridad p\u00fablica estatal, municipal y de la Fiscal\u00eda.<\/p><p><strong>EJE 2: SEGURIDAD CIUDADANA:<\/strong><\/p><p><em>Objetivo General.<\/em><\/p><ul><li>Preservar el orden p\u00fablico y garantizar la paz social, en un marco de respeto a los derechos humanos, atendiendo a las demandas sociales en materia de seguridad y procuraci\u00f3n de justicia, mejorando los niveles de percepci\u00f3n de seguridad p\u00fablica y ciudadana.<\/li><\/ul><p><em>Estrategia General.<\/em><\/p><ul><li>Dise\u00f1ar e implementar un modelo de seguridad ciudadana y pol\u00edticas p\u00fablicas alineadas a la Estrategia Nacional de Seguridad P\u00fablica y el Nuevo Acuerdo por el Bienestar y el Desarrollo de Quintana Roo; as\u00ed como mejorar las condiciones del Sistema Penitenciario con enfoque de derechos humanos para eficientar\u00a0y consolidar programas integrales en materia de prevenci\u00f3n y reinserci\u00f3n social y establecer un sistema de Protecci\u00f3n Civil orientado a la Gesti\u00f3n Integral de Riesgos.<\/li><\/ul><p><strong>PLAN ESTATAL DE DESARROLLO 2023 &#8211; 2027<\/strong><\/p><p><em>Estrategia Espec\u00edfica 2.9.2.<\/em><\/p><p>Establecer una adecuada comunicaci\u00f3n, coordinaci\u00f3n y sinergias entre integrantes del Sistema Estatal de Seguridad P\u00fablica para poder aplicar pol\u00edticas p\u00fablicas eficaces y fortalecer la prevenci\u00f3n social de la violencia y la delincuencia con diversas acciones que inciden en la disminuci\u00f3n de factores de riesgo generadores de violencia en la poblaci\u00f3n.<\/p><p><em>L\u00edneas de acci\u00f3n.<\/em><\/p><p><strong>2.9.2.1\u00a0<\/strong>Gestionar y coordinar recursos de fondos para las instancias de Seguridad P\u00fablica y Procuraci\u00f3n de Justicia, y dar seguimiento a la coordinaci\u00f3n al manejo eficiente de los mismos.<\/p><p><strong>2.9.2.2\u00a0<\/strong>Dar cumplimiento en el \u00e1mbito de su competencia, a las responsabilidades que deriven del Sistema Nacional de Seguridad P\u00fablica de acuerdo a los recursos del Fondo de Aportaciones de Seguridad P\u00fablica de los Estados y el Distrito Federal (Ciudad de M\u00e9xico) (FASP).<\/p><p><strong>2.9.2.3\u00a0<\/strong>Fortalecer la participaci\u00f3n activa y trabajo conjunto para la ejecuci\u00f3n de los recursos del FASP, otorgados a las instituciones integrantes del Sistema Estatal de Seguridad P\u00fablica y los gobiernos municipales.<\/p><p><strong>2.9.2.4\u00a0<\/strong>Fortalecer la transparencia de recursos otorgados a las instituciones integrantes del Sistema Estatal de Seguridad P\u00fablica.<\/p><p><strong>2.9.2.5\u00a0<\/strong>Consolidar la Plataforma Tecnol\u00f3gica de Interoperabilidad.<\/p><p><strong>2.9.2.6\u00a0<\/strong>Implementar el Sistema Multi-Fuente para la estimaci\u00f3n de la incidencia delictiva en el estado, orientada a la inteligencia policial.<\/p><p><strong>2.9.2.6\u00a0<\/strong>Coordinar actividades de capacitaci\u00f3n y evaluaci\u00f3n peri\u00f3dica con instituciones estatales y municipales de Seguridad P\u00fablica y Procuraci\u00f3n de Justicia con el fin de garantizar el derecho de las personas el acceso a la justicia.<\/p><p><strong>2.9.2.7\u00a0<\/strong>Coordinar con los sectores gubernamental, empresarial, educativo y social, esquemas de corresponsabilidad y vinculaci\u00f3n para la prevenci\u00f3n del delito y denuncia.<\/p><p><strong>2.9.2.8\u00a0<\/strong>Promover en coordinaci\u00f3n con las instituciones del estado y los municipios, coloquios, cursos, conferencias, talleres u otra actividad de car\u00e1cter cultural, art\u00edstica y acad\u00e9mica en materia de prevenci\u00f3n del delito, participaci\u00f3n ciudadana y derechos humanos, para la atenci\u00f3n a factores de riesgo social, econ\u00f3mico y situacional.<\/p><\/div><\/div><\/div><\/div><\/article><\/div><\/div>\t\t\t\t\t\t<\/div>\n\t\t\t\t<\/div>\n\t\t\t\t\t<\/div>\n\t\t\t\t<\/div>\n\t\t\t\t<\/div>\n\t\t","protected":false},"excerpt":{"rendered":"<p>MARCO NORMATIVO LEY DE SEGURIDAD P\u00daBLICA DEL ESTADO DE QUINTANA ROO ART\u00cdCULO 247.&nbsp;El Estado y los Municipios deber\u00e1n de recabar, sistematizar, intercambiar y suministrar la informaci\u00f3n sobre seguridad p\u00fablica, mediante instrumentos de tecnolog\u00eda modernos que permitan el f\u00e1cil y r\u00e1pido acceso a los usuarios autorizados por la Ley, instituyendo un Centro Estatal de Informaci\u00f3n sobre &#8230; <a title=\"MARCO-NORMATIVO\" class=\"read-more\" href=\"https:\/\/qroo.gob.mx\/sesesp\/index.php\/elementor-36270\/\" aria-label=\"Leer m\u00e1s sobre MARCO-NORMATIVO\">Leer m\u00e1s<\/a><\/p>\n","protected":false},"author":4,"featured_media":0,"parent":0,"menu_order":0,"comment_status":"closed","ping_status":"closed","template":"","meta":{"footnotes":""},"class_list":["post-36270","page","type-page","status-publish"],"yoast_head":"<!-- This site is optimized with the Yoast SEO plugin v23.0 - https:\/\/yoast.com\/wordpress\/plugins\/seo\/ -->\n<title>MARCO-NORMATIVO - Secretariado Ejecutivo del Sistema Estatal de Seguridad P\u00fablica<\/title>\n<meta name=\"robots\" content=\"noindex, follow, max-snippet:-1, max-image-preview:large, max-video-preview:-1\" \/>\n<meta property=\"og:locale\" content=\"es_MX\" \/>\n<meta property=\"og:type\" content=\"article\" \/>\n<meta property=\"og:title\" content=\"MARCO-NORMATIVO - Secretariado Ejecutivo del Sistema Estatal de Seguridad P\u00fablica\" \/>\n<meta property=\"og:description\" content=\"MARCO NORMATIVO LEY DE SEGURIDAD P\u00daBLICA DEL ESTADO DE QUINTANA ROO ART\u00cdCULO 247.&nbsp;El Estado y los Municipios deber\u00e1n de recabar, sistematizar, intercambiar y suministrar la informaci\u00f3n sobre seguridad p\u00fablica, mediante instrumentos de tecnolog\u00eda modernos que permitan el f\u00e1cil y r\u00e1pido acceso a los usuarios autorizados por la Ley, instituyendo un Centro Estatal de Informaci\u00f3n sobre ... Leer m\u00e1s\" \/>\n<meta property=\"og:url\" content=\"https:\/\/qroo.gob.mx\/sesesp\/index.php\/elementor-36270\/\" \/>\n<meta property=\"og:site_name\" content=\"Secretariado Ejecutivo del Sistema Estatal de Seguridad P\u00fablica\" \/>\n<meta property=\"article:modified_time\" content=\"2024-08-09T15:36:00+00:00\" \/>\n<meta name=\"twitter:card\" content=\"summary_large_image\" \/>\n<meta name=\"twitter:label1\" content=\"Tiempo de lectura\" \/>\n\t<meta name=\"twitter:data1\" content=\"6 minutos\" \/>\n<script type=\"application\/ld+json\" class=\"yoast-schema-graph\">{\"@context\":\"https:\/\/schema.org\",\"@graph\":[{\"@type\":\"WebPage\",\"@id\":\"https:\/\/qroo.gob.mx\/sesesp\/index.php\/elementor-36270\/\",\"url\":\"https:\/\/qroo.gob.mx\/sesesp\/index.php\/elementor-36270\/\",\"name\":\"MARCO-NORMATIVO - Secretariado Ejecutivo del Sistema Estatal de Seguridad P\u00fablica\",\"isPartOf\":{\"@id\":\"https:\/\/qroo.gob.mx\/sesesp\/#website\"},\"datePublished\":\"2024-08-09T15:33:58+00:00\",\"dateModified\":\"2024-08-09T15:36:00+00:00\",\"breadcrumb\":{\"@id\":\"https:\/\/qroo.gob.mx\/sesesp\/index.php\/elementor-36270\/#breadcrumb\"},\"inLanguage\":\"es\",\"potentialAction\":[{\"@type\":\"ReadAction\",\"target\":[\"https:\/\/qroo.gob.mx\/sesesp\/index.php\/elementor-36270\/\"]}]},{\"@type\":\"BreadcrumbList\",\"@id\":\"https:\/\/qroo.gob.mx\/sesesp\/index.php\/elementor-36270\/#breadcrumb\",\"itemListElement\":[{\"@type\":\"ListItem\",\"position\":1,\"name\":\"Inicio\",\"item\":\"https:\/\/qroo.gob.mx\/sesesp\/\"},{\"@type\":\"ListItem\",\"position\":2,\"name\":\"MARCO-NORMATIVO\"}]},{\"@type\":\"WebSite\",\"@id\":\"https:\/\/qroo.gob.mx\/sesesp\/#website\",\"url\":\"https:\/\/qroo.gob.mx\/sesesp\/\",\"name\":\"Secretariado Ejecutivo del Sistema Estatal de Seguridad P\u00fablica\",\"description\":\"\",\"potentialAction\":[{\"@type\":\"SearchAction\",\"target\":{\"@type\":\"EntryPoint\",\"urlTemplate\":\"https:\/\/qroo.gob.mx\/sesesp\/?s={search_term_string}\"},\"query-input\":\"required name=search_term_string\"}],\"inLanguage\":\"es\"}]}<\/script>\n<!-- \/ Yoast SEO plugin. -->","yoast_head_json":{"title":"MARCO-NORMATIVO - Secretariado Ejecutivo del Sistema Estatal de Seguridad P\u00fablica","robots":{"index":"noindex","follow":"follow","max-snippet":"max-snippet:-1","max-image-preview":"max-image-preview:large","max-video-preview":"max-video-preview:-1"},"og_locale":"es_MX","og_type":"article","og_title":"MARCO-NORMATIVO - Secretariado Ejecutivo del Sistema Estatal de Seguridad P\u00fablica","og_description":"MARCO NORMATIVO LEY DE SEGURIDAD P\u00daBLICA DEL ESTADO DE QUINTANA ROO ART\u00cdCULO 247.&nbsp;El Estado y los Municipios deber\u00e1n de recabar, sistematizar, intercambiar y suministrar la informaci\u00f3n sobre seguridad p\u00fablica, mediante instrumentos de tecnolog\u00eda modernos que permitan el f\u00e1cil y r\u00e1pido acceso a los usuarios autorizados por la Ley, instituyendo un Centro Estatal de Informaci\u00f3n sobre ... Leer m\u00e1s","og_url":"https:\/\/qroo.gob.mx\/sesesp\/index.php\/elementor-36270\/","og_site_name":"Secretariado Ejecutivo del Sistema Estatal de Seguridad P\u00fablica","article_modified_time":"2024-08-09T15:36:00+00:00","twitter_card":"summary_large_image","twitter_misc":{"Tiempo de lectura":"6 minutos"},"schema":{"@context":"https:\/\/schema.org","@graph":[{"@type":"WebPage","@id":"https:\/\/qroo.gob.mx\/sesesp\/index.php\/elementor-36270\/","url":"https:\/\/qroo.gob.mx\/sesesp\/index.php\/elementor-36270\/","name":"MARCO-NORMATIVO - Secretariado Ejecutivo del Sistema Estatal de Seguridad P\u00fablica","isPartOf":{"@id":"https:\/\/qroo.gob.mx\/sesesp\/#website"},"datePublished":"2024-08-09T15:33:58+00:00","dateModified":"2024-08-09T15:36:00+00:00","breadcrumb":{"@id":"https:\/\/qroo.gob.mx\/sesesp\/index.php\/elementor-36270\/#breadcrumb"},"inLanguage":"es","potentialAction":[{"@type":"ReadAction","target":["https:\/\/qroo.gob.mx\/sesesp\/index.php\/elementor-36270\/"]}]},{"@type":"BreadcrumbList","@id":"https:\/\/qroo.gob.mx\/sesesp\/index.php\/elementor-36270\/#breadcrumb","itemListElement":[{"@type":"ListItem","position":1,"name":"Inicio","item":"https:\/\/qroo.gob.mx\/sesesp\/"},{"@type":"ListItem","position":2,"name":"MARCO-NORMATIVO"}]},{"@type":"WebSite","@id":"https:\/\/qroo.gob.mx\/sesesp\/#website","url":"https:\/\/qroo.gob.mx\/sesesp\/","name":"Secretariado Ejecutivo del Sistema Estatal de Seguridad P\u00fablica","description":"","potentialAction":[{"@type":"SearchAction","target":{"@type":"EntryPoint","urlTemplate":"https:\/\/qroo.gob.mx\/sesesp\/?s={search_term_string}"},"query-input":"required name=search_term_string"}],"inLanguage":"es"}]}},"_links":{"self":[{"href":"https:\/\/qroo.gob.mx\/sesesp\/index.php\/wp-json\/wp\/v2\/pages\/36270"}],"collection":[{"href":"https:\/\/qroo.gob.mx\/sesesp\/index.php\/wp-json\/wp\/v2\/pages"}],"about":[{"href":"https:\/\/qroo.gob.mx\/sesesp\/index.php\/wp-json\/wp\/v2\/types\/page"}],"author":[{"embeddable":true,"href":"https:\/\/qroo.gob.mx\/sesesp\/index.php\/wp-json\/wp\/v2\/users\/4"}],"replies":[{"embeddable":true,"href":"https:\/\/qroo.gob.mx\/sesesp\/index.php\/wp-json\/wp\/v2\/comments?post=36270"}],"version-history":[{"count":5,"href":"https:\/\/qroo.gob.mx\/sesesp\/index.php\/wp-json\/wp\/v2\/pages\/36270\/revisions"}],"predecessor-version":[{"id":36275,"href":"https:\/\/qroo.gob.mx\/sesesp\/index.php\/wp-json\/wp\/v2\/pages\/36270\/revisions\/36275"}],"wp:attachment":[{"href":"https:\/\/qroo.gob.mx\/sesesp\/index.php\/wp-json\/wp\/v2\/media?parent=36270"}],"curies":[{"name":"wp","href":"https:\/\/api.w.org\/{rel}","templated":true}]}}