{"id":36245,"date":"2024-08-09T10:15:44","date_gmt":"2024-08-09T15:15:44","guid":{"rendered":"https:\/\/qroo.gob.mx\/sesesp\/?page_id=36245"},"modified":"2024-08-14T11:30:29","modified_gmt":"2024-08-14T16:30:29","slug":"multifuente-2","status":"publish","type":"page","link":"https:\/\/qroo.gob.mx\/sesesp\/index.php\/multifuente-2\/","title":{"rendered":"MULTIFUENTE"},"content":{"rendered":"\t\t<div data-elementor-type=\"wp-page\" data-elementor-id=\"36245\" class=\"elementor elementor-36245\">\n\t\t\t\t<div class=\"elementor-element elementor-element-41c9a89 e-con-full e-flex e-con e-parent\" data-id=\"41c9a89\" data-element_type=\"container\" data-settings=\"{&quot;background_background&quot;:&quot;classic&quot;}\">\n\t\t\t\t<div class=\"elementor-element elementor-element-bc9e2a5 elementor-widget elementor-widget-text-editor\" data-id=\"bc9e2a5\" data-element_type=\"widget\" data-widget_type=\"text-editor.default\">\n\t\t\t\t<div class=\"elementor-widget-container\">\n\t\t\t<style>\/*! elementor - v3.23.0 - 15-07-2024 *\/\n.elementor-widget-text-editor.elementor-drop-cap-view-stacked .elementor-drop-cap{background-color:#69727d;color:#fff}.elementor-widget-text-editor.elementor-drop-cap-view-framed .elementor-drop-cap{color:#69727d;border:3px solid;background-color:transparent}.elementor-widget-text-editor:not(.elementor-drop-cap-view-default) .elementor-drop-cap{margin-top:8px}.elementor-widget-text-editor:not(.elementor-drop-cap-view-default) .elementor-drop-cap-letter{width:1em;height:1em}.elementor-widget-text-editor .elementor-drop-cap{float:left;text-align:center;line-height:1;font-size:50px}.elementor-widget-text-editor .elementor-drop-cap-letter{display:inline-block}<\/style>\t\t\t\t<h1 style=\"font-size: 70px; color: white\"><b>MULTIFUENTE<\/b><\/h1>\t\t\t\t\t\t<\/div>\n\t\t\t\t<\/div>\n\t\t\t\t<div class=\"elementor-element elementor-element-2b91412 elementor-widget elementor-widget-text-editor\" data-id=\"2b91412\" data-element_type=\"widget\" data-widget_type=\"text-editor.default\">\n\t\t\t\t<div class=\"elementor-widget-container\">\n\t\t\t\t\t\t\t<h4 style=\"color:  white\">Medici\u00f3n de la incidencia delictiva lo m\u00e1s apegada a la realidad<\/h4>\t\t\t\t\t\t<\/div>\n\t\t\t\t<\/div>\n\t\t\t\t<\/div>\n\t\t<div class=\"elementor-element elementor-element-7f4d1e7 e-flex e-con-boxed e-con e-parent\" data-id=\"7f4d1e7\" data-element_type=\"container\">\n\t\t\t\t\t<div class=\"e-con-inner\">\n\t\t\t\t<div class=\"elementor-element elementor-element-1fb547a elementor-widget elementor-widget-text-editor\" data-id=\"1fb547a\" data-element_type=\"widget\" data-widget_type=\"text-editor.default\">\n\t\t\t\t<div class=\"elementor-widget-container\">\n\t\t\t\t\t\t\t<h4 style=\"color: gray;\"><b>SISTEMA MULTIFUENTE<\/b><\/h4>\n<p style=\"color: gray;\">El Sistema Multifuente es un mecanismo que busca la integraci\u00f3n de distintos canales de informaci\u00f3n con la finalidad de que las corporaciones de seguridad aprovechen el valor de sus datos.<\/p>\t\t\t\t\t\t<\/div>\n\t\t\t\t<\/div>\n\t\t\t\t<div class=\"elementor-element elementor-element-b0a24b8 elementor-widget elementor-widget-image\" data-id=\"b0a24b8\" data-element_type=\"widget\" data-widget_type=\"image.default\">\n\t\t\t\t<div class=\"elementor-widget-container\">\n\t\t\t<style>\/*! elementor - v3.23.0 - 15-07-2024 *\/\n.elementor-widget-image{text-align:center}.elementor-widget-image a{display:inline-block}.elementor-widget-image a img[src$=\".svg\"]{width:48px}.elementor-widget-image img{vertical-align:middle;display:inline-block}<\/style>\t\t\t\t\t\t\t\t\t\t<img fetchpriority=\"high\" decoding=\"async\" width=\"768\" height=\"439\" src=\"https:\/\/qroo.gob.mx\/sesesp\/wp-content\/uploads\/2024\/08\/objetivoMultifuente-768x439.png\" class=\"attachment-medium_large size-medium_large wp-image-36247\" alt=\"\" srcset=\"https:\/\/qroo.gob.mx\/sesesp\/wp-content\/uploads\/2024\/08\/objetivoMultifuente-768x439.png 768w, https:\/\/qroo.gob.mx\/sesesp\/wp-content\/uploads\/2024\/08\/objetivoMultifuente-300x171.png 300w, https:\/\/qroo.gob.mx\/sesesp\/wp-content\/uploads\/2024\/08\/objetivoMultifuente-1024x585.png 1024w, https:\/\/qroo.gob.mx\/sesesp\/wp-content\/uploads\/2024\/08\/objetivoMultifuente.png 1365w\" sizes=\"(max-width: 768px) 100vw, 768px\" \/>\t\t\t\t\t\t\t\t\t\t\t\t\t<\/div>\n\t\t\t\t<\/div>\n\t\t\t\t\t<\/div>\n\t\t\t\t<\/div>\n\t\t<div class=\"elementor-element elementor-element-2660e3a e-flex e-con-boxed e-con e-parent\" data-id=\"2660e3a\" data-element_type=\"container\">\n\t\t\t\t\t<div class=\"e-con-inner\">\n\t\t<div class=\"elementor-element elementor-element-eecca01 e-con-full e-flex e-con e-child\" data-id=\"eecca01\" data-element_type=\"container\">\n\t\t\t\t<div class=\"elementor-element elementor-element-80eaad2 animated-fast elementor-invisible elementor-widget elementor-widget-image\" data-id=\"80eaad2\" data-element_type=\"widget\" data-settings=\"{&quot;_animation&quot;:&quot;zoomInUp&quot;}\" data-widget_type=\"image.default\">\n\t\t\t\t<div class=\"elementor-widget-container\">\n\t\t\t\t\t\t\t\t\t\t\t\t\t\t<a href=\"https:\/\/qroo.gob.mx\/sesesp\/index.php\/elementor-36270\/\">\n\t\t\t\t\t\t\t<img decoding=\"async\" width=\"1024\" height=\"1024\" src=\"https:\/\/qroo.gob.mx\/sesesp\/wp-content\/uploads\/2024\/08\/multi3-1024x1024.jpg\" class=\"attachment-large size-large wp-image-36249\" alt=\"\" srcset=\"https:\/\/qroo.gob.mx\/sesesp\/wp-content\/uploads\/2024\/08\/multi3-1024x1024.jpg 1024w, https:\/\/qroo.gob.mx\/sesesp\/wp-content\/uploads\/2024\/08\/multi3-300x300.jpg 300w, https:\/\/qroo.gob.mx\/sesesp\/wp-content\/uploads\/2024\/08\/multi3-150x150.jpg 150w, https:\/\/qroo.gob.mx\/sesesp\/wp-content\/uploads\/2024\/08\/multi3-768x768.jpg 768w, https:\/\/qroo.gob.mx\/sesesp\/wp-content\/uploads\/2024\/08\/multi3.jpg 1532w\" sizes=\"(max-width: 1024px) 100vw, 1024px\" \/>\t\t\t\t\t\t\t\t<\/a>\n\t\t\t\t\t\t\t\t\t\t\t\t\t<\/div>\n\t\t\t\t<\/div>\n\t\t\t\t<\/div>\n\t\t<div class=\"elementor-element elementor-element-7b4ef96 e-con-full e-flex e-con e-child\" data-id=\"7b4ef96\" data-element_type=\"container\">\n\t\t\t\t<div class=\"elementor-element elementor-element-5d40c06 animated-fast elementor-invisible elementor-widget elementor-widget-image\" data-id=\"5d40c06\" data-element_type=\"widget\" data-settings=\"{&quot;_animation&quot;:&quot;zoomInUp&quot;}\" data-widget_type=\"image.default\">\n\t\t\t\t<div class=\"elementor-widget-container\">\n\t\t\t\t\t\t\t\t\t\t\t\t\t\t<a href=\"https:\/\/cgc.qroo.gob.mx\/quintana-roo-firma-el-convenio-multifuente-con-el-secretariado-ejecutivo-del-sistema-nacional-de-seguridad-publica\/\">\n\t\t\t\t\t\t\t<img decoding=\"async\" width=\"1024\" height=\"1024\" src=\"https:\/\/qroo.gob.mx\/sesesp\/wp-content\/uploads\/2024\/08\/multi2-1024x1024.jpg\" class=\"attachment-large size-large wp-image-36254\" alt=\"\" srcset=\"https:\/\/qroo.gob.mx\/sesesp\/wp-content\/uploads\/2024\/08\/multi2-1024x1024.jpg 1024w, https:\/\/qroo.gob.mx\/sesesp\/wp-content\/uploads\/2024\/08\/multi2-300x300.jpg 300w, https:\/\/qroo.gob.mx\/sesesp\/wp-content\/uploads\/2024\/08\/multi2-150x150.jpg 150w, https:\/\/qroo.gob.mx\/sesesp\/wp-content\/uploads\/2024\/08\/multi2-768x768.jpg 768w, https:\/\/qroo.gob.mx\/sesesp\/wp-content\/uploads\/2024\/08\/multi2.jpg 1532w\" sizes=\"(max-width: 1024px) 100vw, 1024px\" \/>\t\t\t\t\t\t\t\t<\/a>\n\t\t\t\t\t\t\t\t\t\t\t\t\t<\/div>\n\t\t\t\t<\/div>\n\t\t\t\t<\/div>\n\t\t<div class=\"elementor-element elementor-element-02cfc72 e-con-full e-flex e-con e-child\" data-id=\"02cfc72\" data-element_type=\"container\">\n\t\t\t\t<div class=\"elementor-element elementor-element-ea963d8 animated-fast elementor-invisible elementor-widget elementor-widget-image\" data-id=\"ea963d8\" data-element_type=\"widget\" data-settings=\"{&quot;_animation&quot;:&quot;zoomInUp&quot;}\" data-widget_type=\"image.default\">\n\t\t\t\t<div class=\"elementor-widget-container\">\n\t\t\t\t\t\t\t\t\t\t\t\t\t\t<a href=\"https:\/\/qroo.gob.mx\/sesesp\/index.php\/manuales-y-guias-multifuente\/\">\n\t\t\t\t\t\t\t<img loading=\"lazy\" decoding=\"async\" width=\"1024\" height=\"1024\" src=\"https:\/\/qroo.gob.mx\/sesesp\/wp-content\/uploads\/2024\/08\/multi1-1024x1024.jpg\" class=\"attachment-large size-large wp-image-36253\" alt=\"\" srcset=\"https:\/\/qroo.gob.mx\/sesesp\/wp-content\/uploads\/2024\/08\/multi1-1024x1024.jpg 1024w, https:\/\/qroo.gob.mx\/sesesp\/wp-content\/uploads\/2024\/08\/multi1-300x300.jpg 300w, https:\/\/qroo.gob.mx\/sesesp\/wp-content\/uploads\/2024\/08\/multi1-150x150.jpg 150w, https:\/\/qroo.gob.mx\/sesesp\/wp-content\/uploads\/2024\/08\/multi1-768x768.jpg 768w, https:\/\/qroo.gob.mx\/sesesp\/wp-content\/uploads\/2024\/08\/multi1.jpg 1532w\" sizes=\"(max-width: 1024px) 100vw, 1024px\" \/>\t\t\t\t\t\t\t\t<\/a>\n\t\t\t\t\t\t\t\t\t\t\t\t\t<\/div>\n\t\t\t\t<\/div>\n\t\t\t\t<\/div>\n\t\t\t\t\t<\/div>\n\t\t\t\t<\/div>\n\t\t<div class=\"elementor-element elementor-element-3dabfee e-flex e-con-boxed e-con e-parent\" data-id=\"3dabfee\" data-element_type=\"container\">\n\t\t\t\t\t<div class=\"e-con-inner\">\n\t\t<div class=\"elementor-element elementor-element-a43d22e e-con-full e-flex e-con e-child\" data-id=\"a43d22e\" data-element_type=\"container\" data-settings=\"{&quot;background_background&quot;:&quot;classic&quot;}\">\n\t\t\t\t<div class=\"elementor-element elementor-element-4e6b6d2 elementor-widget elementor-widget-heading\" data-id=\"4e6b6d2\" data-element_type=\"widget\" data-widget_type=\"heading.default\">\n\t\t\t\t<div class=\"elementor-widget-container\">\n\t\t\t<style>\/*! elementor - v3.23.0 - 15-07-2024 *\/\n.elementor-heading-title{padding:0;margin:0;line-height:1}.elementor-widget-heading .elementor-heading-title[class*=elementor-size-]>a{color:inherit;font-size:inherit;line-height:inherit}.elementor-widget-heading .elementor-heading-title.elementor-size-small{font-size:15px}.elementor-widget-heading .elementor-heading-title.elementor-size-medium{font-size:19px}.elementor-widget-heading .elementor-heading-title.elementor-size-large{font-size:29px}.elementor-widget-heading .elementor-heading-title.elementor-size-xl{font-size:39px}.elementor-widget-heading .elementor-heading-title.elementor-size-xxl{font-size:59px}<\/style><h3 class=\"elementor-heading-title elementor-size-default\">IMPLEMENTACI\u00d3N DEL SISTEMA MULTIFUENTE<\/h3>\t\t<\/div>\n\t\t\t\t<\/div>\n\t\t\t\t<div class=\"elementor-element elementor-element-e3aca29 elementor-widget elementor-widget-text-editor\" data-id=\"e3aca29\" data-element_type=\"widget\" data-widget_type=\"text-editor.default\">\n\t\t\t\t<div class=\"elementor-widget-container\">\n\t\t\t\t\t\t\t<p style=\"font-size: 15px;\">A trav\u00e9s de la implementaci\u00f3n del Sistema Multi-fuente para la estimaci\u00f3n de la incidencia delictiva orientada a la inteligencia policial, como mecanismo que busca la integraci\u00f3n de distintos canales de informaci\u00f3n con la finalidad de que las corporaciones de seguridad aprovechen el valor de sus datos.<\/p>\t\t\t\t\t\t<\/div>\n\t\t\t\t<\/div>\n\t\t\t\t<\/div>\n\t\t<div class=\"elementor-element elementor-element-921eca1 e-con-full e-flex e-con e-child\" data-id=\"921eca1\" data-element_type=\"container\" data-settings=\"{&quot;background_background&quot;:&quot;classic&quot;}\">\n\t\t\t\t<div class=\"elementor-element elementor-element-39f0f98 elementor-widget elementor-widget-heading\" data-id=\"39f0f98\" data-element_type=\"widget\" data-widget_type=\"heading.default\">\n\t\t\t\t<div class=\"elementor-widget-container\">\n\t\t\t<h2 class=\"elementor-heading-title elementor-size-default\">OBJETIVO<\/h2>\t\t<\/div>\n\t\t\t\t<\/div>\n\t\t\t\t<div class=\"elementor-element elementor-element-743160b elementor-widget elementor-widget-text-editor\" data-id=\"743160b\" data-element_type=\"widget\" data-widget_type=\"text-editor.default\">\n\t\t\t\t<div class=\"elementor-widget-container\">\n\t\t\t\t\t\t\t<ol style=\"font-size: 15px\">\n \t<li>Contar con una medici\u00f3n de la incidencia delictiva lo m\u00e1s apegada a la realidad.<\/li>\n \t<li>Generar productos de informaci\u00f3n estad\u00edstica y cartogr\u00e1fica a partir de la incidencia delictiva.<\/li>\n \t<li>\u00a0Apoyar la toma de decisiones, basadas en evidencia, para la estrategia policial local.<\/li>\n<\/ol>\t\t\t\t\t\t<\/div>\n\t\t\t\t<\/div>\n\t\t\t\t<\/div>\n\t\t\t\t\t<\/div>\n\t\t\t\t<\/div>\n\t\t\t\t<\/div>\n\t\t","protected":false},"excerpt":{"rendered":"<p>MULTIFUENTE Medici\u00f3n de la incidencia delictiva lo m\u00e1s apegada a la realidad SISTEMA MULTIFUENTE El Sistema Multifuente es un mecanismo que busca la integraci\u00f3n de distintos canales de informaci\u00f3n con la finalidad de que las corporaciones de seguridad aprovechen el valor de sus datos. IMPLEMENTACI\u00d3N DEL SISTEMA MULTIFUENTE A trav\u00e9s de la implementaci\u00f3n del Sistema &#8230; <a title=\"MULTIFUENTE\" class=\"read-more\" href=\"https:\/\/qroo.gob.mx\/sesesp\/index.php\/multifuente-2\/\" aria-label=\"Leer m\u00e1s sobre MULTIFUENTE\">Leer m\u00e1s<\/a><\/p>\n","protected":false},"author":4,"featured_media":0,"parent":0,"menu_order":0,"comment_status":"closed","ping_status":"closed","template":"","meta":{"footnotes":""},"class_list":["post-36245","page","type-page","status-publish"],"yoast_head":"<!-- This site is optimized with the Yoast SEO plugin v23.0 - https:\/\/yoast.com\/wordpress\/plugins\/seo\/ -->\n<title>MULTIFUENTE - Secretariado Ejecutivo del Sistema Estatal de Seguridad P\u00fablica<\/title>\n<meta name=\"robots\" content=\"noindex, follow, max-snippet:-1, max-image-preview:large, max-video-preview:-1\" \/>\n<meta property=\"og:locale\" content=\"es_MX\" \/>\n<meta property=\"og:type\" content=\"article\" \/>\n<meta property=\"og:title\" content=\"MULTIFUENTE - Secretariado Ejecutivo del Sistema Estatal de Seguridad P\u00fablica\" \/>\n<meta property=\"og:description\" content=\"MULTIFUENTE Medici\u00f3n de la incidencia delictiva lo m\u00e1s apegada a la realidad SISTEMA MULTIFUENTE El Sistema Multifuente es un mecanismo que busca la integraci\u00f3n de distintos canales de informaci\u00f3n con la finalidad de que las corporaciones de seguridad aprovechen el valor de sus datos. IMPLEMENTACI\u00d3N DEL SISTEMA MULTIFUENTE A trav\u00e9s de la implementaci\u00f3n del Sistema ... Leer m\u00e1s\" \/>\n<meta property=\"og:url\" content=\"https:\/\/qroo.gob.mx\/sesesp\/index.php\/multifuente-2\/\" \/>\n<meta property=\"og:site_name\" content=\"Secretariado Ejecutivo del Sistema Estatal de Seguridad P\u00fablica\" \/>\n<meta property=\"article:modified_time\" content=\"2024-08-14T16:30:29+00:00\" \/>\n<meta property=\"og:image\" content=\"https:\/\/qroo.gob.mx\/sesesp\/wp-content\/uploads\/2024\/08\/objetivoMultifuente-768x439.png\" \/>\n<meta name=\"twitter:card\" content=\"summary_large_image\" \/>\n<meta name=\"twitter:label1\" content=\"Tiempo de lectura\" \/>\n\t<meta name=\"twitter:data1\" content=\"2 minutos\" \/>\n<script type=\"application\/ld+json\" class=\"yoast-schema-graph\">{\"@context\":\"https:\/\/schema.org\",\"@graph\":[{\"@type\":\"WebPage\",\"@id\":\"https:\/\/qroo.gob.mx\/sesesp\/index.php\/multifuente-2\/\",\"url\":\"https:\/\/qroo.gob.mx\/sesesp\/index.php\/multifuente-2\/\",\"name\":\"MULTIFUENTE - Secretariado Ejecutivo del Sistema Estatal de Seguridad P\u00fablica\",\"isPartOf\":{\"@id\":\"https:\/\/qroo.gob.mx\/sesesp\/#website\"},\"primaryImageOfPage\":{\"@id\":\"https:\/\/qroo.gob.mx\/sesesp\/index.php\/multifuente-2\/#primaryimage\"},\"image\":{\"@id\":\"https:\/\/qroo.gob.mx\/sesesp\/index.php\/multifuente-2\/#primaryimage\"},\"thumbnailUrl\":\"https:\/\/qroo.gob.mx\/sesesp\/wp-content\/uploads\/2024\/08\/objetivoMultifuente-768x439.png\",\"datePublished\":\"2024-08-09T15:15:44+00:00\",\"dateModified\":\"2024-08-14T16:30:29+00:00\",\"breadcrumb\":{\"@id\":\"https:\/\/qroo.gob.mx\/sesesp\/index.php\/multifuente-2\/#breadcrumb\"},\"inLanguage\":\"es\",\"potentialAction\":[{\"@type\":\"ReadAction\",\"target\":[\"https:\/\/qroo.gob.mx\/sesesp\/index.php\/multifuente-2\/\"]}]},{\"@type\":\"ImageObject\",\"inLanguage\":\"es\",\"@id\":\"https:\/\/qroo.gob.mx\/sesesp\/index.php\/multifuente-2\/#primaryimage\",\"url\":\"https:\/\/qroo.gob.mx\/sesesp\/wp-content\/uploads\/2024\/08\/objetivoMultifuente.png\",\"contentUrl\":\"https:\/\/qroo.gob.mx\/sesesp\/wp-content\/uploads\/2024\/08\/objetivoMultifuente.png\",\"width\":1365,\"height\":780},{\"@type\":\"BreadcrumbList\",\"@id\":\"https:\/\/qroo.gob.mx\/sesesp\/index.php\/multifuente-2\/#breadcrumb\",\"itemListElement\":[{\"@type\":\"ListItem\",\"position\":1,\"name\":\"Inicio\",\"item\":\"https:\/\/qroo.gob.mx\/sesesp\/\"},{\"@type\":\"ListItem\",\"position\":2,\"name\":\"MULTIFUENTE\"}]},{\"@type\":\"WebSite\",\"@id\":\"https:\/\/qroo.gob.mx\/sesesp\/#website\",\"url\":\"https:\/\/qroo.gob.mx\/sesesp\/\",\"name\":\"Secretariado Ejecutivo del Sistema Estatal de Seguridad P\u00fablica\",\"description\":\"\",\"potentialAction\":[{\"@type\":\"SearchAction\",\"target\":{\"@type\":\"EntryPoint\",\"urlTemplate\":\"https:\/\/qroo.gob.mx\/sesesp\/?s={search_term_string}\"},\"query-input\":\"required name=search_term_string\"}],\"inLanguage\":\"es\"}]}<\/script>\n<!-- \/ Yoast SEO plugin. -->","yoast_head_json":{"title":"MULTIFUENTE - Secretariado Ejecutivo del Sistema Estatal de Seguridad P\u00fablica","robots":{"index":"noindex","follow":"follow","max-snippet":"max-snippet:-1","max-image-preview":"max-image-preview:large","max-video-preview":"max-video-preview:-1"},"og_locale":"es_MX","og_type":"article","og_title":"MULTIFUENTE - Secretariado Ejecutivo del Sistema Estatal de Seguridad P\u00fablica","og_description":"MULTIFUENTE Medici\u00f3n de la incidencia delictiva lo m\u00e1s apegada a la realidad SISTEMA MULTIFUENTE El Sistema Multifuente es un mecanismo que busca la integraci\u00f3n de distintos canales de informaci\u00f3n con la finalidad de que las corporaciones de seguridad aprovechen el valor de sus datos. IMPLEMENTACI\u00d3N DEL SISTEMA MULTIFUENTE A trav\u00e9s de la implementaci\u00f3n del Sistema ... Leer m\u00e1s","og_url":"https:\/\/qroo.gob.mx\/sesesp\/index.php\/multifuente-2\/","og_site_name":"Secretariado Ejecutivo del Sistema Estatal de Seguridad P\u00fablica","article_modified_time":"2024-08-14T16:30:29+00:00","og_image":[{"url":"https:\/\/qroo.gob.mx\/sesesp\/wp-content\/uploads\/2024\/08\/objetivoMultifuente-768x439.png"}],"twitter_card":"summary_large_image","twitter_misc":{"Tiempo de lectura":"2 minutos"},"schema":{"@context":"https:\/\/schema.org","@graph":[{"@type":"WebPage","@id":"https:\/\/qroo.gob.mx\/sesesp\/index.php\/multifuente-2\/","url":"https:\/\/qroo.gob.mx\/sesesp\/index.php\/multifuente-2\/","name":"MULTIFUENTE - Secretariado Ejecutivo del Sistema Estatal de Seguridad P\u00fablica","isPartOf":{"@id":"https:\/\/qroo.gob.mx\/sesesp\/#website"},"primaryImageOfPage":{"@id":"https:\/\/qroo.gob.mx\/sesesp\/index.php\/multifuente-2\/#primaryimage"},"image":{"@id":"https:\/\/qroo.gob.mx\/sesesp\/index.php\/multifuente-2\/#primaryimage"},"thumbnailUrl":"https:\/\/qroo.gob.mx\/sesesp\/wp-content\/uploads\/2024\/08\/objetivoMultifuente-768x439.png","datePublished":"2024-08-09T15:15:44+00:00","dateModified":"2024-08-14T16:30:29+00:00","breadcrumb":{"@id":"https:\/\/qroo.gob.mx\/sesesp\/index.php\/multifuente-2\/#breadcrumb"},"inLanguage":"es","potentialAction":[{"@type":"ReadAction","target":["https:\/\/qroo.gob.mx\/sesesp\/index.php\/multifuente-2\/"]}]},{"@type":"ImageObject","inLanguage":"es","@id":"https:\/\/qroo.gob.mx\/sesesp\/index.php\/multifuente-2\/#primaryimage","url":"https:\/\/qroo.gob.mx\/sesesp\/wp-content\/uploads\/2024\/08\/objetivoMultifuente.png","contentUrl":"https:\/\/qroo.gob.mx\/sesesp\/wp-content\/uploads\/2024\/08\/objetivoMultifuente.png","width":1365,"height":780},{"@type":"BreadcrumbList","@id":"https:\/\/qroo.gob.mx\/sesesp\/index.php\/multifuente-2\/#breadcrumb","itemListElement":[{"@type":"ListItem","position":1,"name":"Inicio","item":"https:\/\/qroo.gob.mx\/sesesp\/"},{"@type":"ListItem","position":2,"name":"MULTIFUENTE"}]},{"@type":"WebSite","@id":"https:\/\/qroo.gob.mx\/sesesp\/#website","url":"https:\/\/qroo.gob.mx\/sesesp\/","name":"Secretariado Ejecutivo del Sistema Estatal de Seguridad P\u00fablica","description":"","potentialAction":[{"@type":"SearchAction","target":{"@type":"EntryPoint","urlTemplate":"https:\/\/qroo.gob.mx\/sesesp\/?s={search_term_string}"},"query-input":"required name=search_term_string"}],"inLanguage":"es"}]}},"_links":{"self":[{"href":"https:\/\/qroo.gob.mx\/sesesp\/index.php\/wp-json\/wp\/v2\/pages\/36245"}],"collection":[{"href":"https:\/\/qroo.gob.mx\/sesesp\/index.php\/wp-json\/wp\/v2\/pages"}],"about":[{"href":"https:\/\/qroo.gob.mx\/sesesp\/index.php\/wp-json\/wp\/v2\/types\/page"}],"author":[{"embeddable":true,"href":"https:\/\/qroo.gob.mx\/sesesp\/index.php\/wp-json\/wp\/v2\/users\/4"}],"replies":[{"embeddable":true,"href":"https:\/\/qroo.gob.mx\/sesesp\/index.php\/wp-json\/wp\/v2\/comments?post=36245"}],"version-history":[{"count":26,"href":"https:\/\/qroo.gob.mx\/sesesp\/index.php\/wp-json\/wp\/v2\/pages\/36245\/revisions"}],"predecessor-version":[{"id":36868,"href":"https:\/\/qroo.gob.mx\/sesesp\/index.php\/wp-json\/wp\/v2\/pages\/36245\/revisions\/36868"}],"wp:attachment":[{"href":"https:\/\/qroo.gob.mx\/sesesp\/index.php\/wp-json\/wp\/v2\/media?parent=36245"}],"curies":[{"name":"wp","href":"https:\/\/api.w.org\/{rel}","templated":true}]}}