{"id":40090,"date":"2026-04-19T02:04:10","date_gmt":"2026-04-19T07:04:10","guid":{"rendered":"https:\/\/qroo.gob.mx\/sema\/?page_id=40090"},"modified":"2026-04-19T03:30:22","modified_gmt":"2026-04-19T08:30:22","slug":"denuncias-por-incumplimiento","status":"publish","type":"page","link":"https:\/\/qroo.gob.mx\/sema\/denuncias-por-incumplimiento\/","title":{"rendered":"Denuncias por incumplimiento"},"content":{"rendered":"\t\t<div data-elementor-type=\"wp-page\" data-elementor-id=\"40090\" class=\"elementor elementor-40090\">\n\t\t\t\t<div class=\"elementor-element elementor-element-dd84b82 e-flex e-con-boxed e-con e-parent\" data-id=\"dd84b82\" data-element_type=\"container\" data-e-type=\"container\">\n\t\t\t\t\t<div class=\"e-con-inner\">\n\t\t<div class=\"elementor-element elementor-element-e50db33 e-flex e-con-boxed e-con e-child\" data-id=\"e50db33\" data-element_type=\"container\" data-e-type=\"container\" data-settings=\"{&quot;background_background&quot;:&quot;classic&quot;}\">\n\t\t\t\t\t<div class=\"e-con-inner\">\n\t\t\t\t<div class=\"elementor-element elementor-element-d59c1de elementor-widget elementor-widget-heading\" data-id=\"d59c1de\" data-element_type=\"widget\" data-e-type=\"widget\" data-widget_type=\"heading.default\">\n\t\t\t\t<div class=\"elementor-widget-container\">\n\t\t\t\t\t<h2 class=\"elementor-heading-title elementor-size-default\">DENUNCIAS POR INCUMPLIMIENTO A LAS OBLIGACIONES DE TRANSPARENCIA<\/h2>\t\t\t\t<\/div>\n\t\t\t\t<\/div>\n\t\t\t\t\t<\/div>\n\t\t\t\t<\/div>\n\t\t\t\t\t<\/div>\n\t\t\t\t<\/div>\n\t\t<div class=\"elementor-element elementor-element-3fa71222 e-flex e-con-boxed e-con e-parent\" data-id=\"3fa71222\" data-element_type=\"container\" data-e-type=\"container\">\n\t\t\t\t\t<div class=\"e-con-inner\">\n\t\t<div class=\"elementor-element elementor-element-be7e8be e-con-full e-grid e-con e-child\" data-id=\"be7e8be\" data-element_type=\"container\" data-e-type=\"container\">\n\t\t\t\t<div class=\"elementor-element elementor-element-3b7a421d elementor-widget elementor-widget-elementskit-team\" data-id=\"3b7a421d\" data-element_type=\"widget\" data-e-type=\"widget\" data-widget_type=\"elementskit-team.default\">\n\t\t\t\t<div class=\"elementor-widget-container\">\n\t\t\t\t\t<div class=\"ekit-wid-con\">\t\t\t\t\t\t\t\t\n\t\t<div class=\"profile-card elementor-animation- text-center ekit-team-style-default\">\n\t\t\t\n\t\t\t\t<div class=\"profile-header ekit-team-img ekit-img-overlay ekit-team-img-block\" >\n\t\t\t\t\t<img fetchpriority=\"high\" decoding=\"async\" width=\"246\" height=\"300\" src=\"https:\/\/qroo.gob.mx\/sema\/wp-content\/uploads\/2026\/04\/diseno-ecologico_24908-53115-246x300.webp\" class=\"attachment-medium size-medium wp-image-40118\" alt=\"\" srcset=\"https:\/\/qroo.gob.mx\/sema\/wp-content\/uploads\/2026\/04\/diseno-ecologico_24908-53115-246x300.webp 246w, https:\/\/qroo.gob.mx\/sema\/wp-content\/uploads\/2026\/04\/diseno-ecologico_24908-53115.webp 607w\" sizes=\"(max-width: 246px) 100vw, 246px\" \/>\t\t\t\t<\/div><!-- .profile-header END -->\n\t\t\t\n\n\t\t\t\t<div class=\"profile-body\">\n\t\t\t\t\t\n\t\t\t\t\t<h2 class=\"profile-title\">\n\t\t\t\t\t\t\t\t\t\t\tDIRECCI\u00d3N\t\t\t\t\t\t\t\t\t\t<\/h2>\n\t\t\t\t\t<p class=\"profile-designation\">SEMA<\/p>\n\t\t\t\t\t\t\t\t\t\t<p class=\"profile-content\">AV.<\/p>\n\t\t\t\t\t\t\t\t\t<\/div><!-- .profile-body END -->\n\n\t\t\t\t\t\t\t\t<\/div>\n\t\t\t\t\t\t\t\n\t\t\t\n\t\t\t\t<\/div>\t\t\t\t<\/div>\n\t\t\t\t<\/div>\n\t\t\t\t<div class=\"elementor-element elementor-element-5ffb7cc9 elementor-widget elementor-widget-elementskit-team\" data-id=\"5ffb7cc9\" data-element_type=\"widget\" data-e-type=\"widget\" data-widget_type=\"elementskit-team.default\">\n\t\t\t\t<div class=\"elementor-widget-container\">\n\t\t\t\t\t<div class=\"ekit-wid-con\">\t\t\t\t\t\t\t\t\n\t\t<div class=\"profile-card elementor-animation- text-center ekit-team-style-default\">\n\t\t\t\n\t\t\t\t<div class=\"profile-header ekit-team-img ekit-img-overlay ekit-team-img-block\" >\n\t\t\t\t\t<img decoding=\"async\" width=\"300\" height=\"300\" src=\"https:\/\/qroo.gob.mx\/sema\/wp-content\/uploads\/2026\/04\/phone-call-icon-in-realistic-design-style-telephone-signs-illustration-png-300x300.webp\" class=\"attachment-medium size-medium wp-image-40116\" alt=\"\" srcset=\"https:\/\/qroo.gob.mx\/sema\/wp-content\/uploads\/2026\/04\/phone-call-icon-in-realistic-design-style-telephone-signs-illustration-png-300x300.webp 300w, https:\/\/qroo.gob.mx\/sema\/wp-content\/uploads\/2026\/04\/phone-call-icon-in-realistic-design-style-telephone-signs-illustration-png-150x150.webp 150w, https:\/\/qroo.gob.mx\/sema\/wp-content\/uploads\/2026\/04\/phone-call-icon-in-realistic-design-style-telephone-signs-illustration-png.webp 350w\" sizes=\"(max-width: 300px) 100vw, 300px\" \/>\t\t\t\t<\/div><!-- .profile-header END -->\n\t\t\t\n\n\t\t\t\t<div class=\"profile-body\">\n\t\t\t\t\t\n\t\t\t\t\t<h2 class=\"profile-title\">\n\t\t\t\t\t\t\t\t\t\t\tTEL\u00c9FONO\t\t\t\t\t\t\t\t\t\t<\/h2>\n\t\t\t\t\t<p class=\"profile-designation\">SEMA<\/p>\n\t\t\t\t\t\t\t\t\t\t<p class=\"profile-content\">983XXXXXXX<\/p>\n\t\t\t\t\t\t\t\t\t<\/div><!-- .profile-body END -->\n\n\t\t\t\t\t\t\t\t<\/div>\n\t\t\t\t\t\t\t\n\t\t\t\n\t\t\t\t<\/div>\t\t\t\t<\/div>\n\t\t\t\t<\/div>\n\t\t\t\t<div class=\"elementor-element elementor-element-9e0a952 elementor-widget elementor-widget-elementskit-team\" data-id=\"9e0a952\" data-element_type=\"widget\" data-e-type=\"widget\" data-widget_type=\"elementskit-team.default\">\n\t\t\t\t<div class=\"elementor-widget-container\">\n\t\t\t\t\t<div class=\"ekit-wid-con\">\t\t\t\t\t\t\t\t\n\t\t<div class=\"profile-card elementor-animation- text-center ekit-team-style-default\">\n\t\t\t\n\t\t\t\t<div class=\"profile-header ekit-team-img ekit-img-overlay ekit-team-img-block\" >\n\t\t\t\t\t<img decoding=\"async\" width=\"300\" height=\"300\" src=\"https:\/\/qroo.gob.mx\/sema\/wp-content\/uploads\/2026\/04\/734bd4c59239c1ee700053b543be3b23-boton-metalico-de-correo-electronico-300x300.webp\" class=\"attachment-medium size-medium wp-image-40115\" alt=\"\" srcset=\"https:\/\/qroo.gob.mx\/sema\/wp-content\/uploads\/2026\/04\/734bd4c59239c1ee700053b543be3b23-boton-metalico-de-correo-electronico-300x300.webp 300w, https:\/\/qroo.gob.mx\/sema\/wp-content\/uploads\/2026\/04\/734bd4c59239c1ee700053b543be3b23-boton-metalico-de-correo-electronico-150x150.webp 150w, https:\/\/qroo.gob.mx\/sema\/wp-content\/uploads\/2026\/04\/734bd4c59239c1ee700053b543be3b23-boton-metalico-de-correo-electronico.webp 512w\" sizes=\"(max-width: 300px) 100vw, 300px\" \/>\t\t\t\t<\/div><!-- .profile-header END -->\n\t\t\t\n\n\t\t\t\t<div class=\"profile-body\">\n\t\t\t\t\t\n\t\t\t\t\t<h2 class=\"profile-title\">\n\t\t\t\t\t\t\t\t\t\t\tCORREO ELECTR\u00d3NICO\t\t\t\t\t\t\t\t\t\t<\/h2>\n\t\t\t\t\t<p class=\"profile-designation\">SEMA<\/p>\n\t\t\t\t\t\t\t\t\t\t<p class=\"profile-content\">algo@gmail.com<\/p>\n\t\t\t\t\t\t\t\t\t<\/div><!-- .profile-body END -->\n\n\t\t\t\t\t\t\t\t<\/div>\n\t\t\t\t\t\t\t\n\t\t\t\n\t\t\t\t<\/div>\t\t\t\t<\/div>\n\t\t\t\t<\/div>\n\t\t\t\t<\/div>\n\t\t\t\t\t<\/div>\n\t\t\t\t<\/div>\n\t\t\t\t<\/div>\n\t\t","protected":false},"excerpt":{"rendered":"<p>DENUNCIAS POR INCUMPLIMIENTO A LAS OBLIGACIONES DE TRANSPARENCIA DIRECCI\u00d3N SEMA AV. TEL\u00c9FONO SEMA 983XXXXXXX CORREO ELECTR\u00d3NICO SEMA algo@gmail.com<\/p>\n","protected":false},"author":13,"featured_media":0,"parent":0,"menu_order":0,"comment_status":"closed","ping_status":"closed","template":"","meta":{"footnotes":""},"class_list":["post-40090","page","type-page","status-publish"],"_links":{"self":[{"href":"https:\/\/qroo.gob.mx\/sema\/wp-json\/wp\/v2\/pages\/40090"}],"collection":[{"href":"https:\/\/qroo.gob.mx\/sema\/wp-json\/wp\/v2\/pages"}],"about":[{"href":"https:\/\/qroo.gob.mx\/sema\/wp-json\/wp\/v2\/types\/page"}],"author":[{"embeddable":true,"href":"https:\/\/qroo.gob.mx\/sema\/wp-json\/wp\/v2\/users\/13"}],"replies":[{"embeddable":true,"href":"https:\/\/qroo.gob.mx\/sema\/wp-json\/wp\/v2\/comments?post=40090"}],"version-history":[{"count":7,"href":"https:\/\/qroo.gob.mx\/sema\/wp-json\/wp\/v2\/pages\/40090\/revisions"}],"predecessor-version":[{"id":40121,"href":"https:\/\/qroo.gob.mx\/sema\/wp-json\/wp\/v2\/pages\/40090\/revisions\/40121"}],"wp:attachment":[{"href":"https:\/\/qroo.gob.mx\/sema\/wp-json\/wp\/v2\/media?parent=40090"}],"curies":[{"name":"wp","href":"https:\/\/api.w.org\/{rel}","templated":true}]}}