{"id":38427,"date":"2025-08-15T13:43:53","date_gmt":"2025-08-15T18:43:53","guid":{"rendered":"https:\/\/qroo.gob.mx\/sema\/?page_id=38427"},"modified":"2025-08-15T13:56:27","modified_gmt":"2025-08-15T18:56:27","slug":"informacion-de-interes","status":"publish","type":"page","link":"https:\/\/qroo.gob.mx\/sema\/informacion-de-interes\/","title":{"rendered":"Informaci\u00f3n de inter\u00e9s"},"content":{"rendered":"\t\t<div data-elementor-type=\"wp-page\" data-elementor-id=\"38427\" class=\"elementor elementor-38427\">\n\t\t\t\t<div class=\"elementor-element elementor-element-fa165a8 e-flex e-con-boxed e-con e-parent\" data-id=\"fa165a8\" data-element_type=\"container\" data-e-type=\"container\">\n\t\t\t\t\t<div class=\"e-con-inner\">\n\t\t\t\t<div class=\"elementor-element elementor-element-2492754 elementor-widget__width-initial elementor-invisible elementor-widget elementor-widget-heading\" data-id=\"2492754\" data-element_type=\"widget\" data-e-type=\"widget\" data-settings=\"{&quot;_animation&quot;:&quot;slideInLeft&quot;,&quot;_animation_delay&quot;:400}\" data-widget_type=\"heading.default\">\n\t\t\t\t<div class=\"elementor-widget-container\">\n\t\t\t\t\t<h2 class=\"elementor-heading-title elementor-size-default\">Informaci\u00f3n de Inter\u00e9s<\/h2>\t\t\t\t<\/div>\n\t\t\t\t<\/div>\n\t\t\t\t\t<\/div>\n\t\t\t\t<\/div>\n\t\t<div class=\"elementor-element elementor-element-215c967 e-flex e-con-boxed e-con e-parent\" data-id=\"215c967\" data-element_type=\"container\" data-e-type=\"container\">\n\t\t\t\t\t<div class=\"e-con-inner\">\n\t\t\t\t<div class=\"elementor-element elementor-element-3fb9981 elementor-widget elementor-widget-spacer\" data-id=\"3fb9981\" data-element_type=\"widget\" data-e-type=\"widget\" data-widget_type=\"spacer.default\">\n\t\t\t\t<div class=\"elementor-widget-container\">\n\t\t\t\t\t\t\t<div class=\"elementor-spacer\">\n\t\t\t<div class=\"elementor-spacer-inner\"><\/div>\n\t\t<\/div>\n\t\t\t\t\t\t<\/div>\n\t\t\t\t<\/div>\n\t\t\t\t\t<\/div>\n\t\t\t\t<\/div>\n\t\t<div class=\"elementor-element elementor-element-a9c564e e-flex e-con-boxed e-con e-parent\" data-id=\"a9c564e\" data-element_type=\"container\" data-e-type=\"container\">\n\t\t\t\t\t<div class=\"e-con-inner\">\n\t\t\t\t<div class=\"elementor-element elementor-element-943b113 elementor-widget elementor-widget-text-editor\" data-id=\"943b113\" data-element_type=\"widget\" data-e-type=\"widget\" data-widget_type=\"text-editor.default\">\n\t\t\t\t<div class=\"elementor-widget-container\">\n\t\t\t\t\t\t\t\t\t<h3>Direcci\u00f3n de Energ\u00eda<\/h3>\n<iframe style=\"border: none;\" src=\"https:\/\/owncloud.semaqroo.gob.mx\/index.php\/s\/BPw7WPhtqo2iJWm?embed=true\" width=\"100%\" height=\"600\">\n<\/iframe>\t\t\t\t\t\t\t\t<\/div>\n\t\t\t\t<\/div>\n\t\t\t\t\t<\/div>\n\t\t\t\t<\/div>\n\t\t<div class=\"elementor-element elementor-element-04e45f1 e-flex e-con-boxed e-con e-parent\" data-id=\"04e45f1\" data-element_type=\"container\" data-e-type=\"container\">\n\t\t\t\t\t<div class=\"e-con-inner\">\n\t\t\t\t<div class=\"elementor-element elementor-element-6ad9acb elementor-widget elementor-widget-spacer\" data-id=\"6ad9acb\" data-element_type=\"widget\" data-e-type=\"widget\" data-widget_type=\"spacer.default\">\n\t\t\t\t<div class=\"elementor-widget-container\">\n\t\t\t\t\t\t\t<div class=\"elementor-spacer\">\n\t\t\t<div class=\"elementor-spacer-inner\"><\/div>\n\t\t<\/div>\n\t\t\t\t\t\t<\/div>\n\t\t\t\t<\/div>\n\t\t\t\t\t<\/div>\n\t\t\t\t<\/div>\n\t\t\t\t<\/div>\n\t\t","protected":false},"excerpt":{"rendered":"<p>Informaci\u00f3n de Inter\u00e9s Direcci\u00f3n de Energ\u00eda<\/p>\n","protected":false},"author":8,"featured_media":0,"parent":0,"menu_order":0,"comment_status":"closed","ping_status":"closed","template":"","meta":{"footnotes":""},"class_list":["post-38427","page","type-page","status-publish"],"_links":{"self":[{"href":"https:\/\/qroo.gob.mx\/sema\/wp-json\/wp\/v2\/pages\/38427"}],"collection":[{"href":"https:\/\/qroo.gob.mx\/sema\/wp-json\/wp\/v2\/pages"}],"about":[{"href":"https:\/\/qroo.gob.mx\/sema\/wp-json\/wp\/v2\/types\/page"}],"author":[{"embeddable":true,"href":"https:\/\/qroo.gob.mx\/sema\/wp-json\/wp\/v2\/users\/8"}],"replies":[{"embeddable":true,"href":"https:\/\/qroo.gob.mx\/sema\/wp-json\/wp\/v2\/comments?post=38427"}],"version-history":[{"count":0,"href":"https:\/\/qroo.gob.mx\/sema\/wp-json\/wp\/v2\/pages\/38427\/revisions"}],"wp:attachment":[{"href":"https:\/\/qroo.gob.mx\/sema\/wp-json\/wp\/v2\/media?parent=38427"}],"curies":[{"name":"wp","href":"https:\/\/api.w.org\/{rel}","templated":true}]}}