{"id":37858,"date":"2025-03-14T09:30:20","date_gmt":"2025-03-14T14:30:20","guid":{"rendered":"https:\/\/qroo.gob.mx\/sema\/?page_id=37858"},"modified":"2026-03-12T12:10:03","modified_gmt":"2026-03-12T17:10:03","slug":"mml-08-reporte-general-de-integracion-programatica-presupuestal-con-base-en-la-metodologia-de-marco-logico","status":"publish","type":"page","link":"https:\/\/qroo.gob.mx\/sema\/mml-08-reporte-general-de-integracion-programatica-presupuestal-con-base-en-la-metodologia-de-marco-logico\/","title":{"rendered":"MML-08 Reporte General de Integraci\u00f3n Program\u00e1tica-Presupuestal con Base en la Metodolog\u00eda de Marco L\u00f3gico"},"content":{"rendered":"\t\t<div data-elementor-type=\"wp-page\" data-elementor-id=\"37858\" class=\"elementor elementor-37858\">\n\t\t\t\t<div class=\"elementor-element elementor-element-9b39afb e-flex e-con-boxed e-con e-parent\" data-id=\"9b39afb\" data-element_type=\"container\" data-e-type=\"container\">\n\t\t\t\t\t<div class=\"e-con-inner\">\n\t\t\t\t<div class=\"elementor-element elementor-element-8c8b54a elementor-widget__width-initial elementor-invisible elementor-widget elementor-widget-heading\" data-id=\"8c8b54a\" data-element_type=\"widget\" data-e-type=\"widget\" data-settings=\"{&quot;_animation&quot;:&quot;slideInLeft&quot;,&quot;_animation_delay&quot;:400}\" data-widget_type=\"heading.default\">\n\t\t\t\t<div class=\"elementor-widget-container\">\n\t\t\t\t\t<h2 class=\"elementor-heading-title elementor-size-default\">MML-08 Reporte General de Integraci\u00f3n Program\u00e1tica-Presupuestal con Base en la Metodolog\u00eda de Marco L\u00f3gico<\/h2>\t\t\t\t<\/div>\n\t\t\t\t<\/div>\n\t\t\t\t<div class=\"elementor-element elementor-element-b7ccb69 elementor-widget-divider--view-line elementor-widget elementor-widget-divider\" data-id=\"b7ccb69\" data-element_type=\"widget\" data-e-type=\"widget\" data-widget_type=\"divider.default\">\n\t\t\t\t<div class=\"elementor-widget-container\">\n\t\t\t\t\t\t\t<div class=\"elementor-divider\">\n\t\t\t<span class=\"elementor-divider-separator\">\n\t\t\t\t\t\t<\/span>\n\t\t<\/div>\n\t\t\t\t\t\t<\/div>\n\t\t\t\t<\/div>\n\t\t\t\t<div class=\"elementor-element elementor-element-03aee4b elementor-widget elementor-widget-accordion\" data-id=\"03aee4b\" data-element_type=\"widget\" data-e-type=\"widget\" data-widget_type=\"accordion.default\">\n\t\t\t\t<div class=\"elementor-widget-container\">\n\t\t\t\t\t\t\t<div class=\"elementor-accordion\">\n\t\t\t\t\t\t\t<div class=\"elementor-accordion-item\">\n\t\t\t\t\t<div id=\"elementor-tab-title-3861\" class=\"elementor-tab-title\" data-tab=\"1\" role=\"button\" aria-controls=\"elementor-tab-content-3861\" aria-expanded=\"false\">\n\t\t\t\t\t\t\t\t\t\t\t\t\t<span class=\"elementor-accordion-icon elementor-accordion-icon-left\" aria-hidden=\"true\">\n\t\t\t\t\t\t\t\t\t\t\t\t\t\t\t<span class=\"elementor-accordion-icon-closed\"><svg class=\"e-font-icon-svg e-fas-plus\" viewBox=\"0 0 448 512\" xmlns=\"http:\/\/www.w3.org\/2000\/svg\"><path d=\"M416 208H272V64c0-17.67-14.33-32-32-32h-32c-17.67 0-32 14.33-32 32v144H32c-17.67 0-32 14.33-32 32v32c0 17.67 14.33 32 32 32h144v144c0 17.67 14.33 32 32 32h32c17.67 0 32-14.33 32-32V304h144c17.67 0 32-14.33 32-32v-32c0-17.67-14.33-32-32-32z\"><\/path><\/svg><\/span>\n\t\t\t\t\t\t\t\t<span class=\"elementor-accordion-icon-opened\"><svg class=\"e-font-icon-svg e-fas-minus\" viewBox=\"0 0 448 512\" xmlns=\"http:\/\/www.w3.org\/2000\/svg\"><path d=\"M416 208H32c-17.67 0-32 14.33-32 32v32c0 17.67 14.33 32 32 32h384c17.67 0 32-14.33 32-32v-32c0-17.67-14.33-32-32-32z\"><\/path><\/svg><\/span>\n\t\t\t\t\t\t\t\t\t\t\t\t\t\t<\/span>\n\t\t\t\t\t\t\t\t\t\t\t\t<a class=\"elementor-accordion-title\" tabindex=\"0\">Ejercicio Fiscal 2026<\/a>\n\t\t\t\t\t<\/div>\n\t\t\t\t\t<div id=\"elementor-tab-content-3861\" class=\"elementor-tab-content elementor-clearfix\" data-tab=\"1\" role=\"region\" aria-labelledby=\"elementor-tab-title-3861\"><p><a href=\"https:\/\/qroo.gob.mx\/sema\/wp-content\/uploads\/2026\/03\/P002-Politica-Ambiental-y-Planeacion.pdf\">P002-Politica Ambiental y Planeacion<\/a><\/p><p><a href=\"https:\/\/qroo.gob.mx\/sema\/wp-content\/uploads\/2026\/03\/S033-Recicla-Por-tu-Futuro.pdf\">S033-Recicla Por tu Futuro<\/a><\/p><p><a href=\"https:\/\/qroo.gob.mx\/sema\/wp-content\/uploads\/2026\/03\/V001-Gestion-y-Proteccion-Amb.pdf\">V001-Gestion y Proteccion Amb<\/a><\/p><p>\u00a0<\/p><\/div>\n\t\t\t\t<\/div>\n\t\t\t\t\t\t\t<div class=\"elementor-accordion-item\">\n\t\t\t\t\t<div id=\"elementor-tab-title-3862\" class=\"elementor-tab-title\" data-tab=\"2\" role=\"button\" aria-controls=\"elementor-tab-content-3862\" aria-expanded=\"false\">\n\t\t\t\t\t\t\t\t\t\t\t\t\t<span class=\"elementor-accordion-icon elementor-accordion-icon-left\" aria-hidden=\"true\">\n\t\t\t\t\t\t\t\t\t\t\t\t\t\t\t<span class=\"elementor-accordion-icon-closed\"><svg class=\"e-font-icon-svg e-fas-plus\" viewBox=\"0 0 448 512\" xmlns=\"http:\/\/www.w3.org\/2000\/svg\"><path d=\"M416 208H272V64c0-17.67-14.33-32-32-32h-32c-17.67 0-32 14.33-32 32v144H32c-17.67 0-32 14.33-32 32v32c0 17.67 14.33 32 32 32h144v144c0 17.67 14.33 32 32 32h32c17.67 0 32-14.33 32-32V304h144c17.67 0 32-14.33 32-32v-32c0-17.67-14.33-32-32-32z\"><\/path><\/svg><\/span>\n\t\t\t\t\t\t\t\t<span class=\"elementor-accordion-icon-opened\"><svg class=\"e-font-icon-svg e-fas-minus\" viewBox=\"0 0 448 512\" xmlns=\"http:\/\/www.w3.org\/2000\/svg\"><path d=\"M416 208H32c-17.67 0-32 14.33-32 32v32c0 17.67 14.33 32 32 32h384c17.67 0 32-14.33 32-32v-32c0-17.67-14.33-32-32-32z\"><\/path><\/svg><\/span>\n\t\t\t\t\t\t\t\t\t\t\t\t\t\t<\/span>\n\t\t\t\t\t\t\t\t\t\t\t\t<a class=\"elementor-accordion-title\" tabindex=\"0\">Ejercicio Fiscal 2025<\/a>\n\t\t\t\t\t<\/div>\n\t\t\t\t\t<div id=\"elementor-tab-content-3862\" class=\"elementor-tab-content elementor-clearfix\" data-tab=\"2\" role=\"region\" aria-labelledby=\"elementor-tab-title-3862\"><p><a href=\"https:\/\/owncloud.semaqroo.gob.mx\/index.php\/s\/l6GBAqN14d7YzN9\/download\">MML-08-E007 Gesti\u00f3n y Protecci\u00f3n Ambiental 2025<\/a><\/p><p><a href=\"https:\/\/owncloud.semaqroo.gob.mx\/index.php\/s\/YVBSwaVYCIZojXH\/download\">MML-08-M001 Gesti\u00f3n y Apoyo Instit-Transversal 2025 <\/a><\/p><p><a href=\"https:\/\/owncloud.semaqroo.gob.mx\/index.php\/s\/gN8Rc8sUsOfhxNx\/download\">MML-08-MML-08-S033 Recicla por tu Futuro 2025<\/a><\/p><p><a href=\"https:\/\/owncloud.semaqroo.gob.mx\/index.php\/s\/dIdagXFQqnX9T7l\/download\">MML-08-P002 Politica Ambiental y Planeaci\u00f3n 2025<\/a><\/p><\/div>\n\t\t\t\t<\/div>\n\t\t\t\t\t\t\t<div class=\"elementor-accordion-item\">\n\t\t\t\t\t<div id=\"elementor-tab-title-3863\" class=\"elementor-tab-title\" data-tab=\"3\" role=\"button\" aria-controls=\"elementor-tab-content-3863\" aria-expanded=\"false\">\n\t\t\t\t\t\t\t\t\t\t\t\t\t<span class=\"elementor-accordion-icon elementor-accordion-icon-left\" aria-hidden=\"true\">\n\t\t\t\t\t\t\t\t\t\t\t\t\t\t\t<span class=\"elementor-accordion-icon-closed\"><svg class=\"e-font-icon-svg e-fas-plus\" viewBox=\"0 0 448 512\" xmlns=\"http:\/\/www.w3.org\/2000\/svg\"><path d=\"M416 208H272V64c0-17.67-14.33-32-32-32h-32c-17.67 0-32 14.33-32 32v144H32c-17.67 0-32 14.33-32 32v32c0 17.67 14.33 32 32 32h144v144c0 17.67 14.33 32 32 32h32c17.67 0 32-14.33 32-32V304h144c17.67 0 32-14.33 32-32v-32c0-17.67-14.33-32-32-32z\"><\/path><\/svg><\/span>\n\t\t\t\t\t\t\t\t<span class=\"elementor-accordion-icon-opened\"><svg class=\"e-font-icon-svg e-fas-minus\" viewBox=\"0 0 448 512\" xmlns=\"http:\/\/www.w3.org\/2000\/svg\"><path d=\"M416 208H32c-17.67 0-32 14.33-32 32v32c0 17.67 14.33 32 32 32h384c17.67 0 32-14.33 32-32v-32c0-17.67-14.33-32-32-32z\"><\/path><\/svg><\/span>\n\t\t\t\t\t\t\t\t\t\t\t\t\t\t<\/span>\n\t\t\t\t\t\t\t\t\t\t\t\t<a class=\"elementor-accordion-title\" tabindex=\"0\">Ejercicio Fiscal 2024<\/a>\n\t\t\t\t\t<\/div>\n\t\t\t\t\t<div id=\"elementor-tab-content-3863\" class=\"elementor-tab-content elementor-clearfix\" data-tab=\"3\" role=\"region\" aria-labelledby=\"elementor-tab-title-3863\"><p><a href=\"https:\/\/owncloud.semaqroo.gob.mx\/index.php\/s\/TtF0rF5GP2vFhzs\/download\">P002-Politica Ambiental 2024<\/a><\/p><p><a href=\"https:\/\/owncloud.semaqroo.gob.mx\/index.php\/s\/SILeHapvxMfvAzU\/download\">M001-Administracion Responsable de los Recursos 2024<\/a><\/p><p><a href=\"https:\/\/owncloud.semaqroo.gob.mx\/index.php\/s\/QzHhQdKtVnRIn3J\/download\">E007-Gestion y Protecci\u00f3n Ambiental 2024<\/a><\/p><\/div>\n\t\t\t\t<\/div>\n\t\t\t\t\t\t\t\t<\/div>\n\t\t\t\t\t\t<\/div>\n\t\t\t\t<\/div>\n\t\t\t\t<div class=\"elementor-element elementor-element-d411a81 elementor-widget-divider--view-line elementor-widget elementor-widget-divider\" data-id=\"d411a81\" data-element_type=\"widget\" data-e-type=\"widget\" data-widget_type=\"divider.default\">\n\t\t\t\t<div class=\"elementor-widget-container\">\n\t\t\t\t\t\t\t<div class=\"elementor-divider\">\n\t\t\t<span class=\"elementor-divider-separator\">\n\t\t\t\t\t\t<\/span>\n\t\t<\/div>\n\t\t\t\t\t\t<\/div>\n\t\t\t\t<\/div>\n\t\t\t\t<div class=\"elementor-element elementor-element-521bd28 elementor-widget elementor-widget-spacer\" data-id=\"521bd28\" data-element_type=\"widget\" data-e-type=\"widget\" data-widget_type=\"spacer.default\">\n\t\t\t\t<div class=\"elementor-widget-container\">\n\t\t\t\t\t\t\t<div class=\"elementor-spacer\">\n\t\t\t<div class=\"elementor-spacer-inner\"><\/div>\n\t\t<\/div>\n\t\t\t\t\t\t<\/div>\n\t\t\t\t<\/div>\n\t\t\t\t\t<\/div>\n\t\t\t\t<\/div>\n\t\t<div class=\"elementor-element elementor-element-d39178f e-flex e-con-boxed e-con e-parent\" data-id=\"d39178f\" data-element_type=\"container\" data-e-type=\"container\">\n\t\t\t\t\t<div class=\"e-con-inner\">\n\t\t\t\t\t<\/div>\n\t\t\t\t<\/div>\n\t\t<div class=\"elementor-element elementor-element-956eb20 e-flex e-con-boxed e-con e-parent\" data-id=\"956eb20\" data-element_type=\"container\" data-e-type=\"container\">\n\t\t\t\t\t<div class=\"e-con-inner\">\n\t\t\t\t\t<\/div>\n\t\t\t\t<\/div>\n\t\t\t\t<\/div>\n\t\t","protected":false},"excerpt":{"rendered":"<p>MML-08 Reporte General de Integraci\u00f3n Program\u00e1tica-Presupuestal con Base en la Metodolog\u00eda de Marco L\u00f3gico Ejercicio Fiscal 2026 P002-Politica Ambiental y Planeacion S033-Recicla Por tu Futuro V001-Gestion y Proteccion Amb \u00a0 Ejercicio Fiscal 2025 MML-08-E007 Gesti\u00f3n y Protecci\u00f3n Ambiental 2025 MML-08-M001 Gesti\u00f3n y Apoyo Instit-Transversal 2025 MML-08-MML-08-S033 Recicla por tu Futuro 2025 MML-08-P002 Politica Ambiental y &#8230; <a title=\"MML-08 Reporte General de Integraci\u00f3n Program\u00e1tica-Presupuestal con Base en la Metodolog\u00eda de Marco L\u00f3gico\" class=\"read-more\" href=\"https:\/\/qroo.gob.mx\/sema\/mml-08-reporte-general-de-integracion-programatica-presupuestal-con-base-en-la-metodologia-de-marco-logico\/\" aria-label=\"Leer m\u00e1s sobre MML-08 Reporte General de Integraci\u00f3n Program\u00e1tica-Presupuestal con Base en la Metodolog\u00eda de Marco L\u00f3gico\">Leer m\u00e1s<\/a><\/p>\n","protected":false},"author":8,"featured_media":0,"parent":0,"menu_order":0,"comment_status":"closed","ping_status":"closed","template":"","meta":{"footnotes":""},"class_list":["post-37858","page","type-page","status-publish"],"_links":{"self":[{"href":"https:\/\/qroo.gob.mx\/sema\/wp-json\/wp\/v2\/pages\/37858"}],"collection":[{"href":"https:\/\/qroo.gob.mx\/sema\/wp-json\/wp\/v2\/pages"}],"about":[{"href":"https:\/\/qroo.gob.mx\/sema\/wp-json\/wp\/v2\/types\/page"}],"author":[{"embeddable":true,"href":"https:\/\/qroo.gob.mx\/sema\/wp-json\/wp\/v2\/users\/8"}],"replies":[{"embeddable":true,"href":"https:\/\/qroo.gob.mx\/sema\/wp-json\/wp\/v2\/comments?post=37858"}],"version-history":[{"count":0,"href":"https:\/\/qroo.gob.mx\/sema\/wp-json\/wp\/v2\/pages\/37858\/revisions"}],"wp:attachment":[{"href":"https:\/\/qroo.gob.mx\/sema\/wp-json\/wp\/v2\/media?parent=37858"}],"curies":[{"name":"wp","href":"https:\/\/api.w.org\/{rel}","templated":true}]}}