{"id":41179,"date":"2025-03-07T22:19:27","date_gmt":"2025-03-08T03:19:27","guid":{"rendered":"https:\/\/qroo.gob.mx\/segob\/?page_id=41179"},"modified":"2025-03-07T22:29:02","modified_gmt":"2025-03-08T03:29:02","slug":"boletin-especial-8m","status":"publish","type":"page","link":"https:\/\/qroo.gob.mx\/segob\/boletin-especial-8m\/","title":{"rendered":"Bolet\u00edn Especial 8M"},"content":{"rendered":"\t\t<div data-elementor-type=\"wp-page\" data-elementor-id=\"41179\" class=\"elementor elementor-41179\">\n\t\t\t\t<div class=\"elementor-element elementor-element-700962e e-flex e-con-boxed e-con e-parent\" data-id=\"700962e\" data-element_type=\"container\">\n\t\t\t\t\t<div class=\"e-con-inner\">\n\t\t\t\t<div class=\"elementor-element elementor-element-48f89d5 elementor-widget elementor-widget-heading\" data-id=\"48f89d5\" data-element_type=\"widget\" data-widget_type=\"heading.default\">\n\t\t\t\t<div class=\"elementor-widget-container\">\n\t\t\t<style>\/*! elementor - v3.23.0 - 15-07-2024 *\/\n.elementor-heading-title{padding:0;margin:0;line-height:1}.elementor-widget-heading .elementor-heading-title[class*=elementor-size-]>a{color:inherit;font-size:inherit;line-height:inherit}.elementor-widget-heading .elementor-heading-title.elementor-size-small{font-size:15px}.elementor-widget-heading .elementor-heading-title.elementor-size-medium{font-size:19px}.elementor-widget-heading .elementor-heading-title.elementor-size-large{font-size:29px}.elementor-widget-heading .elementor-heading-title.elementor-size-xl{font-size:39px}.elementor-widget-heading .elementor-heading-title.elementor-size-xxl{font-size:59px}<\/style><h2 class=\"elementor-heading-title elementor-size-default\">Bolet\u00edn Especial 8M<\/h2>\t\t<\/div>\n\t\t\t\t<\/div>\n\t\t\t\t\t<\/div>\n\t\t\t\t<\/div>\n\t\t<div class=\"elementor-element elementor-element-7ca7460 e-flex e-con-boxed e-con e-parent\" data-id=\"7ca7460\" data-element_type=\"container\">\n\t\t\t\t\t<div class=\"e-con-inner\">\n\t\t\t\t<div class=\"elementor-element elementor-element-4a0f82d elementor-widget elementor-widget-spacer\" data-id=\"4a0f82d\" data-element_type=\"widget\" data-widget_type=\"spacer.default\">\n\t\t\t\t<div class=\"elementor-widget-container\">\n\t\t\t<style>\/*! elementor - v3.23.0 - 15-07-2024 *\/\n.elementor-column .elementor-spacer-inner{height:var(--spacer-size)}.e-con{--container-widget-width:100%}.e-con-inner>.elementor-widget-spacer,.e-con>.elementor-widget-spacer{width:var(--container-widget-width,var(--spacer-size));--align-self:var(--container-widget-align-self,initial);--flex-shrink:0}.e-con-inner>.elementor-widget-spacer>.elementor-widget-container,.e-con>.elementor-widget-spacer>.elementor-widget-container{height:100%;width:100%}.e-con-inner>.elementor-widget-spacer>.elementor-widget-container>.elementor-spacer,.e-con>.elementor-widget-spacer>.elementor-widget-container>.elementor-spacer{height:100%}.e-con-inner>.elementor-widget-spacer>.elementor-widget-container>.elementor-spacer>.elementor-spacer-inner,.e-con>.elementor-widget-spacer>.elementor-widget-container>.elementor-spacer>.elementor-spacer-inner{height:var(--container-widget-height,var(--spacer-size))}.e-con-inner>.elementor-widget-spacer.elementor-widget-empty,.e-con>.elementor-widget-spacer.elementor-widget-empty{position:relative;min-height:22px;min-width:22px}.e-con-inner>.elementor-widget-spacer.elementor-widget-empty .elementor-widget-empty-icon,.e-con>.elementor-widget-spacer.elementor-widget-empty .elementor-widget-empty-icon{position:absolute;top:0;bottom:0;left:0;right:0;margin:auto;padding:0;width:22px;height:22px}<\/style>\t\t<div class=\"elementor-spacer\">\n\t\t\t<div class=\"elementor-spacer-inner\"><\/div>\n\t\t<\/div>\n\t\t\t\t<\/div>\n\t\t\t\t<\/div>\n\t\t\t\t\t<\/div>\n\t\t\t\t<\/div>\n\t\t<div class=\"elementor-element elementor-element-5c5d1ca e-flex e-con-boxed e-con e-parent\" data-id=\"5c5d1ca\" data-element_type=\"container\">\n\t\t\t\t\t<div class=\"e-con-inner\">\n\t\t\t\t<div class=\"elementor-element elementor-element-6a79a9d elementor-widget elementor-widget-html\" data-id=\"6a79a9d\" data-element_type=\"widget\" data-widget_type=\"html.default\">\n\t\t\t\t<div class=\"elementor-widget-container\">\n\t\t\t<embed src=\"https:\/\/qroo.gob.mx\/segob\/wp-content\/uploads\/2025\/03\/Boletien-Especial-UQRoo-Marzo-8-2025.pdf\" type=\"application\/pdf\" width=\"100%\" height=\"600px\" \/>\t\t<\/div>\n\t\t\t\t<\/div>\n\t\t\t\t<div class=\"elementor-element elementor-element-5b3e874 elementor-widget elementor-widget-spacer\" data-id=\"5b3e874\" data-element_type=\"widget\" data-widget_type=\"spacer.default\">\n\t\t\t\t<div class=\"elementor-widget-container\">\n\t\t\t\t\t<div class=\"elementor-spacer\">\n\t\t\t<div class=\"elementor-spacer-inner\"><\/div>\n\t\t<\/div>\n\t\t\t\t<\/div>\n\t\t\t\t<\/div>\n\t\t\t\t<div class=\"elementor-element elementor-element-f65199b elementor-widget elementor-widget-html\" data-id=\"f65199b\" data-element_type=\"widget\" data-widget_type=\"html.default\">\n\t\t\t\t<div class=\"elementor-widget-container\">\n\t\t\t<table data-striping=\"1\">\r\n  \r\n  \r\n      <thead>\r\n      <tr>\r\n                            <th>Adjunto<\/th>\r\n                            <th>Tama\u00f1o<\/th>\r\n              <\/tr>\r\n    <\/thead>\r\n  \r\n      <tbody>\r\n                                           <tr class=\"odd\">\r\n                      <td>\r\n<span class=\"file file--mime-application-pdf file--application-pdf\"> <a href=\"https:\/\/qroo.gob.mx\/segob\/wp-content\/uploads\/2025\/03\/Boletien-Especial-UQRoo-Marzo-8-2025.pdf\" type=\"application\/pdf; length=385109\">Boletien-Especial-UQRoo-Marzo-8-2025.pdf<\/a><\/span>\r\n<\/td>\r\n                      <td>1.89 MB<\/td>\r\n                  <\/tr>\r\n                      <!--tr class=\"odd\">\r\n                      <td>\r\n<span class=\"file file--mime-application-pdf file--application-pdf\"> <a href=\"https:\/\/preview.qroo.gob.mx\/segob\/wp-content\/segob\/uploads\/2021\/02\/CalendarioCivico2021.pdf\" type=\"application\/pdf; length=385109\">Calendario C\u00edvico 2021.pdf<\/a><\/span>\r\n<\/td>\r\n                      <td>376.08 KB<\/td>\r\n                  <\/tr-->\r\n          <\/tbody>\r\n    <\/table>\r\n    \r\n    \r\n    <style>\r\ntable {border-collapse: collapse;width: 100%;color: #000000;margin: 25px 0 40px;}table{background-color: transparent;}table th{font-size: 16px;text-transform: uppercase;border: 1px solid #fff;background: #3f3f3f;   color: #ffffff;}table tr.even, table tr.odd {border-bottom: 1px solid #fff;background: #e4e4e4;font-size: 14px;}.file--application-pdf{background-image: url(https:\/\/preview.qroo.gob.mx\/core\/themes\/classy\/images\/icons\/application-pdf.png);}.file {padding-left: 20px;display: inline-block;min-height: 16px;background-repeat: no-repeat;background-position: left center;}<\/style>\t\t<\/div>\n\t\t\t\t<\/div>\n\t\t\t\t\t<\/div>\n\t\t\t\t<\/div>\n\t\t\t\t<\/div>\n\t\t","protected":false},"excerpt":{"rendered":"<p>Bolet\u00edn Especial 8M Adjunto Tama\u00f1o Boletien-Especial-UQRoo-Marzo-8-2025.pdf 1.89 MB<\/p>\n","protected":false},"author":3,"featured_media":0,"parent":0,"menu_order":0,"comment_status":"closed","ping_status":"closed","template":"","meta":{"footnotes":""},"class_list":["post-41179","page","type-page","status-publish"],"yoast_head":"<!-- This site is optimized with the Yoast SEO plugin v23.0 - https:\/\/yoast.com\/wordpress\/plugins\/seo\/ -->\n<title>Bolet\u00edn Especial 8M - Secretar\u00eda de Gobierno<\/title>\n<meta name=\"robots\" content=\"noindex, follow, max-snippet:-1, max-image-preview:large, max-video-preview:-1\" \/>\n<meta property=\"og:locale\" content=\"es_MX\" \/>\n<meta property=\"og:type\" content=\"article\" \/>\n<meta property=\"og:title\" content=\"Bolet\u00edn Especial 8M - Secretar\u00eda de Gobierno\" \/>\n<meta property=\"og:description\" content=\"Bolet\u00edn Especial 8M Adjunto Tama\u00f1o Boletien-Especial-UQRoo-Marzo-8-2025.pdf 1.89 MB\" \/>\n<meta property=\"og:url\" content=\"https:\/\/qroo.gob.mx\/segob\/boletin-especial-8m\/\" \/>\n<meta property=\"og:site_name\" content=\"Secretar\u00eda de Gobierno\" \/>\n<meta property=\"article:modified_time\" content=\"2025-03-08T03:29:02+00:00\" \/>\n<meta name=\"twitter:card\" content=\"summary_large_image\" \/>\n<meta name=\"twitter:label1\" content=\"Tiempo de lectura\" \/>\n\t<meta name=\"twitter:data1\" content=\"1 minuto\" \/>\n<script type=\"application\/ld+json\" class=\"yoast-schema-graph\">{\"@context\":\"https:\/\/schema.org\",\"@graph\":[{\"@type\":\"WebPage\",\"@id\":\"https:\/\/qroo.gob.mx\/segob\/boletin-especial-8m\/\",\"url\":\"https:\/\/qroo.gob.mx\/segob\/boletin-especial-8m\/\",\"name\":\"Bolet\u00edn Especial 8M - Secretar\u00eda de Gobierno\",\"isPartOf\":{\"@id\":\"https:\/\/qroo.gob.mx\/segob\/#website\"},\"datePublished\":\"2025-03-08T03:19:27+00:00\",\"dateModified\":\"2025-03-08T03:29:02+00:00\",\"breadcrumb\":{\"@id\":\"https:\/\/qroo.gob.mx\/segob\/boletin-especial-8m\/#breadcrumb\"},\"inLanguage\":\"es\",\"potentialAction\":[{\"@type\":\"ReadAction\",\"target\":[\"https:\/\/qroo.gob.mx\/segob\/boletin-especial-8m\/\"]}]},{\"@type\":\"BreadcrumbList\",\"@id\":\"https:\/\/qroo.gob.mx\/segob\/boletin-especial-8m\/#breadcrumb\",\"itemListElement\":[{\"@type\":\"ListItem\",\"position\":1,\"name\":\"Inicio\",\"item\":\"https:\/\/qroo.gob.mx\/segob\/\"},{\"@type\":\"ListItem\",\"position\":2,\"name\":\"Bolet\u00edn Especial 8M\"}]},{\"@type\":\"WebSite\",\"@id\":\"https:\/\/qroo.gob.mx\/segob\/#website\",\"url\":\"https:\/\/qroo.gob.mx\/segob\/\",\"name\":\"Secretar\u00eda de Gobierno\",\"description\":\"\",\"publisher\":{\"@id\":\"https:\/\/qroo.gob.mx\/segob\/#organization\"},\"potentialAction\":[{\"@type\":\"SearchAction\",\"target\":{\"@type\":\"EntryPoint\",\"urlTemplate\":\"https:\/\/qroo.gob.mx\/segob\/?s={search_term_string}\"},\"query-input\":\"required name=search_term_string\"}],\"inLanguage\":\"es\"},{\"@type\":\"Organization\",\"@id\":\"https:\/\/qroo.gob.mx\/segob\/#organization\",\"name\":\"Secretar\u00eda de Gobierno\",\"url\":\"https:\/\/qroo.gob.mx\/segob\/\",\"logo\":{\"@type\":\"ImageObject\",\"inLanguage\":\"es\",\"@id\":\"https:\/\/qroo.gob.mx\/segob\/#\/schema\/logo\/image\/\",\"url\":\"https:\/\/qroo.gob.mx\/segob\/wp-content\/uploads\/2024\/05\/cropped-SEGOB.png\",\"contentUrl\":\"https:\/\/qroo.gob.mx\/segob\/wp-content\/uploads\/2024\/05\/cropped-SEGOB.png\",\"width\":1613,\"height\":745,\"caption\":\"Secretar\u00eda de Gobierno\"},\"image\":{\"@id\":\"https:\/\/qroo.gob.mx\/segob\/#\/schema\/logo\/image\/\"}}]}<\/script>\n<!-- \/ Yoast SEO plugin. -->","yoast_head_json":{"title":"Bolet\u00edn Especial 8M - Secretar\u00eda de Gobierno","robots":{"index":"noindex","follow":"follow","max-snippet":"max-snippet:-1","max-image-preview":"max-image-preview:large","max-video-preview":"max-video-preview:-1"},"og_locale":"es_MX","og_type":"article","og_title":"Bolet\u00edn Especial 8M - Secretar\u00eda de Gobierno","og_description":"Bolet\u00edn Especial 8M Adjunto Tama\u00f1o Boletien-Especial-UQRoo-Marzo-8-2025.pdf 1.89 MB","og_url":"https:\/\/qroo.gob.mx\/segob\/boletin-especial-8m\/","og_site_name":"Secretar\u00eda de Gobierno","article_modified_time":"2025-03-08T03:29:02+00:00","twitter_card":"summary_large_image","twitter_misc":{"Tiempo de lectura":"1 minuto"},"schema":{"@context":"https:\/\/schema.org","@graph":[{"@type":"WebPage","@id":"https:\/\/qroo.gob.mx\/segob\/boletin-especial-8m\/","url":"https:\/\/qroo.gob.mx\/segob\/boletin-especial-8m\/","name":"Bolet\u00edn Especial 8M - Secretar\u00eda de Gobierno","isPartOf":{"@id":"https:\/\/qroo.gob.mx\/segob\/#website"},"datePublished":"2025-03-08T03:19:27+00:00","dateModified":"2025-03-08T03:29:02+00:00","breadcrumb":{"@id":"https:\/\/qroo.gob.mx\/segob\/boletin-especial-8m\/#breadcrumb"},"inLanguage":"es","potentialAction":[{"@type":"ReadAction","target":["https:\/\/qroo.gob.mx\/segob\/boletin-especial-8m\/"]}]},{"@type":"BreadcrumbList","@id":"https:\/\/qroo.gob.mx\/segob\/boletin-especial-8m\/#breadcrumb","itemListElement":[{"@type":"ListItem","position":1,"name":"Inicio","item":"https:\/\/qroo.gob.mx\/segob\/"},{"@type":"ListItem","position":2,"name":"Bolet\u00edn Especial 8M"}]},{"@type":"WebSite","@id":"https:\/\/qroo.gob.mx\/segob\/#website","url":"https:\/\/qroo.gob.mx\/segob\/","name":"Secretar\u00eda de Gobierno","description":"","publisher":{"@id":"https:\/\/qroo.gob.mx\/segob\/#organization"},"potentialAction":[{"@type":"SearchAction","target":{"@type":"EntryPoint","urlTemplate":"https:\/\/qroo.gob.mx\/segob\/?s={search_term_string}"},"query-input":"required name=search_term_string"}],"inLanguage":"es"},{"@type":"Organization","@id":"https:\/\/qroo.gob.mx\/segob\/#organization","name":"Secretar\u00eda de Gobierno","url":"https:\/\/qroo.gob.mx\/segob\/","logo":{"@type":"ImageObject","inLanguage":"es","@id":"https:\/\/qroo.gob.mx\/segob\/#\/schema\/logo\/image\/","url":"https:\/\/qroo.gob.mx\/segob\/wp-content\/uploads\/2024\/05\/cropped-SEGOB.png","contentUrl":"https:\/\/qroo.gob.mx\/segob\/wp-content\/uploads\/2024\/05\/cropped-SEGOB.png","width":1613,"height":745,"caption":"Secretar\u00eda de Gobierno"},"image":{"@id":"https:\/\/qroo.gob.mx\/segob\/#\/schema\/logo\/image\/"}}]}},"_links":{"self":[{"href":"https:\/\/qroo.gob.mx\/segob\/wp-json\/wp\/v2\/pages\/41179"}],"collection":[{"href":"https:\/\/qroo.gob.mx\/segob\/wp-json\/wp\/v2\/pages"}],"about":[{"href":"https:\/\/qroo.gob.mx\/segob\/wp-json\/wp\/v2\/types\/page"}],"author":[{"embeddable":true,"href":"https:\/\/qroo.gob.mx\/segob\/wp-json\/wp\/v2\/users\/3"}],"replies":[{"embeddable":true,"href":"https:\/\/qroo.gob.mx\/segob\/wp-json\/wp\/v2\/comments?post=41179"}],"version-history":[{"count":4,"href":"https:\/\/qroo.gob.mx\/segob\/wp-json\/wp\/v2\/pages\/41179\/revisions"}],"predecessor-version":[{"id":41186,"href":"https:\/\/qroo.gob.mx\/segob\/wp-json\/wp\/v2\/pages\/41179\/revisions\/41186"}],"wp:attachment":[{"href":"https:\/\/qroo.gob.mx\/segob\/wp-json\/wp\/v2\/media?parent=41179"}],"curies":[{"name":"wp","href":"https:\/\/api.w.org\/{rel}","templated":true}]}}