{"id":38894,"date":"2024-09-06T13:46:17","date_gmt":"2024-09-06T18:46:17","guid":{"rendered":"https:\/\/qroo.gob.mx\/segob\/?page_id=38894"},"modified":"2024-09-06T14:24:02","modified_gmt":"2024-09-06T19:24:02","slug":"formatos-en-materia-de-transparencia","status":"publish","type":"page","link":"https:\/\/qroo.gob.mx\/segob\/formatos-en-materia-de-transparencia\/","title":{"rendered":"Formatos en Materia de Transparencia"},"content":{"rendered":"\t\t<div data-elementor-type=\"wp-page\" data-elementor-id=\"38894\" class=\"elementor elementor-38894\">\n\t\t\t\t<div class=\"elementor-element elementor-element-dea8bc8 e-flex e-con-boxed e-con e-parent\" data-id=\"dea8bc8\" data-element_type=\"container\">\n\t\t\t\t\t<div class=\"e-con-inner\">\n\t\t\t\t<div class=\"elementor-element elementor-element-80d6038 elementor-widget elementor-widget-spacer\" data-id=\"80d6038\" data-element_type=\"widget\" data-widget_type=\"spacer.default\">\n\t\t\t\t<div class=\"elementor-widget-container\">\n\t\t\t<style>\/*! elementor - v3.23.0 - 15-07-2024 *\/\n.elementor-column .elementor-spacer-inner{height:var(--spacer-size)}.e-con{--container-widget-width:100%}.e-con-inner>.elementor-widget-spacer,.e-con>.elementor-widget-spacer{width:var(--container-widget-width,var(--spacer-size));--align-self:var(--container-widget-align-self,initial);--flex-shrink:0}.e-con-inner>.elementor-widget-spacer>.elementor-widget-container,.e-con>.elementor-widget-spacer>.elementor-widget-container{height:100%;width:100%}.e-con-inner>.elementor-widget-spacer>.elementor-widget-container>.elementor-spacer,.e-con>.elementor-widget-spacer>.elementor-widget-container>.elementor-spacer{height:100%}.e-con-inner>.elementor-widget-spacer>.elementor-widget-container>.elementor-spacer>.elementor-spacer-inner,.e-con>.elementor-widget-spacer>.elementor-widget-container>.elementor-spacer>.elementor-spacer-inner{height:var(--container-widget-height,var(--spacer-size))}.e-con-inner>.elementor-widget-spacer.elementor-widget-empty,.e-con>.elementor-widget-spacer.elementor-widget-empty{position:relative;min-height:22px;min-width:22px}.e-con-inner>.elementor-widget-spacer.elementor-widget-empty .elementor-widget-empty-icon,.e-con>.elementor-widget-spacer.elementor-widget-empty .elementor-widget-empty-icon{position:absolute;top:0;bottom:0;left:0;right:0;margin:auto;padding:0;width:22px;height:22px}<\/style>\t\t<div class=\"elementor-spacer\">\n\t\t\t<div class=\"elementor-spacer-inner\"><\/div>\n\t\t<\/div>\n\t\t\t\t<\/div>\n\t\t\t\t<\/div>\n\t\t\t\t\t<\/div>\n\t\t\t\t<\/div>\n\t\t<div class=\"elementor-element elementor-element-975a16c e-flex e-con-boxed e-con e-parent\" data-id=\"975a16c\" data-element_type=\"container\">\n\t\t\t\t\t<div class=\"e-con-inner\">\n\t\t\t\t<div class=\"elementor-element elementor-element-aa8fcab elementor-widget elementor-widget-heading\" data-id=\"aa8fcab\" data-element_type=\"widget\" data-widget_type=\"heading.default\">\n\t\t\t\t<div class=\"elementor-widget-container\">\n\t\t\t<style>\/*! elementor - v3.23.0 - 15-07-2024 *\/\n.elementor-heading-title{padding:0;margin:0;line-height:1}.elementor-widget-heading .elementor-heading-title[class*=elementor-size-]>a{color:inherit;font-size:inherit;line-height:inherit}.elementor-widget-heading .elementor-heading-title.elementor-size-small{font-size:15px}.elementor-widget-heading .elementor-heading-title.elementor-size-medium{font-size:19px}.elementor-widget-heading .elementor-heading-title.elementor-size-large{font-size:29px}.elementor-widget-heading .elementor-heading-title.elementor-size-xl{font-size:39px}.elementor-widget-heading .elementor-heading-title.elementor-size-xxl{font-size:59px}<\/style><h1 class=\"elementor-heading-title elementor-size-default\">Formatos en Materia de Transparencia<\/h1>\t\t<\/div>\n\t\t\t\t<\/div>\n\t\t\t\t\t<\/div>\n\t\t\t\t<\/div>\n\t\t<div class=\"elementor-element elementor-element-0413494 e-flex e-con-boxed e-con e-parent\" data-id=\"0413494\" data-element_type=\"container\">\n\t\t\t\t\t<div class=\"e-con-inner\">\n\t\t\t\t<div class=\"elementor-element elementor-element-c2f3cee elementor-widget elementor-widget-spacer\" data-id=\"c2f3cee\" data-element_type=\"widget\" data-widget_type=\"spacer.default\">\n\t\t\t\t<div class=\"elementor-widget-container\">\n\t\t\t\t\t<div class=\"elementor-spacer\">\n\t\t\t<div class=\"elementor-spacer-inner\"><\/div>\n\t\t<\/div>\n\t\t\t\t<\/div>\n\t\t\t\t<\/div>\n\t\t\t\t\t<\/div>\n\t\t\t\t<\/div>\n\t\t<div class=\"elementor-element elementor-element-bd863a4 e-flex e-con-boxed e-con e-parent\" data-id=\"bd863a4\" data-element_type=\"container\">\n\t\t\t\t\t<div class=\"e-con-inner\">\n\t\t\t\t<div class=\"elementor-element elementor-element-43272af elementor-widget elementor-widget-html\" data-id=\"43272af\" data-element_type=\"widget\" data-widget_type=\"html.default\">\n\t\t\t\t<div class=\"elementor-widget-container\">\n\t\t\t<table style=\"width: 100$;\">\r\n\t<thead>\r\n\t\t<tr>\r\n\t\t\t<th scope=\"col\" style=\"width: 68%;\">Documento<\/th>\r\n\t\t\t<th scope=\"col\" style=\"width: 32%;\" class=\"text-align-center\"><IMG SRC=\"https:\/\/qroo.gob.mx\/segob\/wp-content\/uploads\/2024\/09\/word-2.png\" style=\"height: 21px;\">&nbsp;Tama\u00f1o<\/th>\r\n\t\t\t\r\n\t\t<\/tr>\r\n\t\t\t\t<tr class=\"odd\">\r\n\t\t\t<td scope=\"col\" style=\"width: 68%;\"><a href=\"https:\/\/qroo.gob.mx\/segob\/wp-content\/uploads\/2024\/09\/FORMATO-SOLICITUD-INFORMACION-PUBLICA.docx\">Formato Solicitud de Acceso a la Informaci\u00f3n P\u00fablica.<\/a> <\/td>\r\n\t\t\t<td align=\"center\">607 KB<\/th>\r\n\t\t<\/tr>\r\n\t\t\t\t<tr class=\"odd\">\r\n\t\t\t<td scope=\"col\" style=\"width: 68%;\"><a href=\"https:\/\/qroo.gob.mx\/segob\/wp-content\/uploads\/2024\/09\/FORMATO-RECURSO-REVISION-SOLICITUD-DERECHOS-ARCO.docx\">Formato Interposici\u00f3n de Recurso de Revisi\u00f3n de Solicitud de  Derechos ARCO (Acceso, Rectificaci\u00f3n, Cancelaci\u00f3n y Oposici\u00f3n)<\/a> <\/td>\r\n\t\t\t<td align=\"center\">382 KB<\/th>\r\n\t\t<\/tr>\r\n\t\t\t\t<tr class=\"odd\">\r\n\t\t\t<td scope=\"col\" style=\"width: 68%;\"><a href=\"https:\/\/qroo.gob.mx\/segob\/wp-content\/uploads\/2024\/09\/FORMATO-RECURSO-REVISION-INFORMACION-PUBLICA.docx\">Formato Interposici\u00f3n de Recurso de Revisi\u00f3n de Solicitud de Acceso a la Informaci\u00f3n P\u00fablica<\/a> <\/td>\r\n\t\t\t<td align=\"center\">45 KB<\/th>\r\n\t\t<\/tr>\r\n\t\t\t\t<tr class=\"odd\">\r\n\t\t\t<td scope=\"col\" style=\"width: 68%;\"><a href=\"https:\/\/qroo.gob.mx\/segob\/wp-content\/uploads\/2024\/09\/FORMATO-DERECHOS-ARCO.docx\">Formato Solicitud de Derechos ARCO (Acceso, Rectificaci\u00f3n, Cancelaci\u00f3n y Oposici\u00f3n)<\/a> <\/td>\r\n\t\t\t<td align=\"center\">617 KB<\/th>\r\n\t\t<\/tr>\r\n\t\t\t\t<tr class=\"odd\">\r\n\t\t\t<td scope=\"col\" style=\"width: 68%;\"><a href=\"https:\/\/qroo.gob.mx\/segob\/wp-content\/uploads\/2024\/09\/FORMATO-DENUNCIAS-INCUMPLIMIENTO-O-T.docx\">Formato Presentaci\u00f3n de Denuncia por Incumplimiento de Obligaciones de Transparencia<\/a> <\/td>\r\n\t\t\t<td align=\"center\">373 KB<\/th>\r\n\t\t<\/tr>\r\n\t<\/thead>\r\n\t<tbody>\r\n\t<\/tbody>\r\n<\/table>\r\n<style>\r\ntable {border-collapse: collapse;width: 100%;color: #000000;margin: 25px 0 40px;}table{background-color: transparent;}table th{font-size: 16px;text-transform: uppercase;border: 1px solid #fff;background: #3f3f3f;   color: #ffffff;}table tr.even, table tr.odd {border-bottom: 1px solid #fff;background: #e4e4e4;font-size: 14px;}.file--application-pdf{background-image: url(https:\/\/preview.qroo.gob.mx\/core\/themes\/classy\/images\/icons\/application-pdf.png);}.file {padding-left: 20px;display: inline-block;min-height: 16px;background-repeat: no-repeat;background-position: left center;}<\/style>\t\t<\/div>\n\t\t\t\t<\/div>\n\t\t\t\t\t<\/div>\n\t\t\t\t<\/div>\n\t\t\t\t<\/div>\n\t\t","protected":false},"excerpt":{"rendered":"<p>Formatos en Materia de Transparencia Documento &nbsp;Tama\u00f1o Formato Solicitud de Acceso a la Informaci\u00f3n P\u00fablica. 607 KB Formato Interposici\u00f3n de Recurso de Revisi\u00f3n de Solicitud de Derechos ARCO (Acceso, Rectificaci\u00f3n, Cancelaci\u00f3n y Oposici\u00f3n) 382 KB Formato Interposici\u00f3n de Recurso de Revisi\u00f3n de Solicitud de Acceso a la Informaci\u00f3n P\u00fablica 45 KB Formato Solicitud de Derechos &#8230; <a title=\"Formatos en Materia de Transparencia\" class=\"read-more\" href=\"https:\/\/qroo.gob.mx\/segob\/formatos-en-materia-de-transparencia\/\" aria-label=\"Leer m\u00e1s sobre Formatos en Materia de Transparencia\">Leer m\u00e1s<\/a><\/p>\n","protected":false},"author":3,"featured_media":0,"parent":0,"menu_order":0,"comment_status":"closed","ping_status":"closed","template":"","meta":{"footnotes":""},"class_list":["post-38894","page","type-page","status-publish"],"yoast_head":"<!-- This site is optimized with the Yoast SEO plugin v23.0 - https:\/\/yoast.com\/wordpress\/plugins\/seo\/ -->\n<title>Formatos en Materia de Transparencia - Secretar\u00eda de Gobierno<\/title>\n<meta name=\"robots\" content=\"noindex, follow, max-snippet:-1, max-image-preview:large, max-video-preview:-1\" \/>\n<meta property=\"og:locale\" content=\"es_MX\" \/>\n<meta property=\"og:type\" content=\"article\" \/>\n<meta property=\"og:title\" content=\"Formatos en Materia de Transparencia - Secretar\u00eda de Gobierno\" \/>\n<meta property=\"og:description\" content=\"Formatos en Materia de Transparencia Documento &nbsp;Tama\u00f1o Formato Solicitud de Acceso a la Informaci\u00f3n P\u00fablica. 607 KB Formato Interposici\u00f3n de Recurso de Revisi\u00f3n de Solicitud de Derechos ARCO (Acceso, Rectificaci\u00f3n, Cancelaci\u00f3n y Oposici\u00f3n) 382 KB Formato Interposici\u00f3n de Recurso de Revisi\u00f3n de Solicitud de Acceso a la Informaci\u00f3n P\u00fablica 45 KB Formato Solicitud de Derechos ... Leer m\u00e1s\" \/>\n<meta property=\"og:url\" content=\"https:\/\/qroo.gob.mx\/segob\/formatos-en-materia-de-transparencia\/\" \/>\n<meta property=\"og:site_name\" content=\"Secretar\u00eda de Gobierno\" \/>\n<meta property=\"article:modified_time\" content=\"2024-09-06T19:24:02+00:00\" \/>\n<meta name=\"twitter:card\" content=\"summary_large_image\" \/>\n<meta name=\"twitter:label1\" content=\"Tiempo de lectura\" \/>\n\t<meta name=\"twitter:data1\" content=\"1 minuto\" \/>\n<script type=\"application\/ld+json\" class=\"yoast-schema-graph\">{\"@context\":\"https:\/\/schema.org\",\"@graph\":[{\"@type\":\"WebPage\",\"@id\":\"https:\/\/qroo.gob.mx\/segob\/formatos-en-materia-de-transparencia\/\",\"url\":\"https:\/\/qroo.gob.mx\/segob\/formatos-en-materia-de-transparencia\/\",\"name\":\"Formatos en Materia de Transparencia - Secretar\u00eda de Gobierno\",\"isPartOf\":{\"@id\":\"https:\/\/qroo.gob.mx\/segob\/#website\"},\"datePublished\":\"2024-09-06T18:46:17+00:00\",\"dateModified\":\"2024-09-06T19:24:02+00:00\",\"breadcrumb\":{\"@id\":\"https:\/\/qroo.gob.mx\/segob\/formatos-en-materia-de-transparencia\/#breadcrumb\"},\"inLanguage\":\"es\",\"potentialAction\":[{\"@type\":\"ReadAction\",\"target\":[\"https:\/\/qroo.gob.mx\/segob\/formatos-en-materia-de-transparencia\/\"]}]},{\"@type\":\"BreadcrumbList\",\"@id\":\"https:\/\/qroo.gob.mx\/segob\/formatos-en-materia-de-transparencia\/#breadcrumb\",\"itemListElement\":[{\"@type\":\"ListItem\",\"position\":1,\"name\":\"Inicio\",\"item\":\"https:\/\/qroo.gob.mx\/segob\/\"},{\"@type\":\"ListItem\",\"position\":2,\"name\":\"Formatos en Materia de Transparencia\"}]},{\"@type\":\"WebSite\",\"@id\":\"https:\/\/qroo.gob.mx\/segob\/#website\",\"url\":\"https:\/\/qroo.gob.mx\/segob\/\",\"name\":\"Secretar\u00eda de Gobierno\",\"description\":\"\",\"publisher\":{\"@id\":\"https:\/\/qroo.gob.mx\/segob\/#organization\"},\"potentialAction\":[{\"@type\":\"SearchAction\",\"target\":{\"@type\":\"EntryPoint\",\"urlTemplate\":\"https:\/\/qroo.gob.mx\/segob\/?s={search_term_string}\"},\"query-input\":\"required name=search_term_string\"}],\"inLanguage\":\"es\"},{\"@type\":\"Organization\",\"@id\":\"https:\/\/qroo.gob.mx\/segob\/#organization\",\"name\":\"Secretar\u00eda de Gobierno\",\"url\":\"https:\/\/qroo.gob.mx\/segob\/\",\"logo\":{\"@type\":\"ImageObject\",\"inLanguage\":\"es\",\"@id\":\"https:\/\/qroo.gob.mx\/segob\/#\/schema\/logo\/image\/\",\"url\":\"https:\/\/qroo.gob.mx\/segob\/wp-content\/uploads\/2024\/05\/cropped-SEGOB.png\",\"contentUrl\":\"https:\/\/qroo.gob.mx\/segob\/wp-content\/uploads\/2024\/05\/cropped-SEGOB.png\",\"width\":1613,\"height\":745,\"caption\":\"Secretar\u00eda de Gobierno\"},\"image\":{\"@id\":\"https:\/\/qroo.gob.mx\/segob\/#\/schema\/logo\/image\/\"}}]}<\/script>\n<!-- \/ Yoast SEO plugin. -->","yoast_head_json":{"title":"Formatos en Materia de Transparencia - Secretar\u00eda de Gobierno","robots":{"index":"noindex","follow":"follow","max-snippet":"max-snippet:-1","max-image-preview":"max-image-preview:large","max-video-preview":"max-video-preview:-1"},"og_locale":"es_MX","og_type":"article","og_title":"Formatos en Materia de Transparencia - Secretar\u00eda de Gobierno","og_description":"Formatos en Materia de Transparencia Documento &nbsp;Tama\u00f1o Formato Solicitud de Acceso a la Informaci\u00f3n P\u00fablica. 607 KB Formato Interposici\u00f3n de Recurso de Revisi\u00f3n de Solicitud de Derechos ARCO (Acceso, Rectificaci\u00f3n, Cancelaci\u00f3n y Oposici\u00f3n) 382 KB Formato Interposici\u00f3n de Recurso de Revisi\u00f3n de Solicitud de Acceso a la Informaci\u00f3n P\u00fablica 45 KB Formato Solicitud de Derechos ... Leer m\u00e1s","og_url":"https:\/\/qroo.gob.mx\/segob\/formatos-en-materia-de-transparencia\/","og_site_name":"Secretar\u00eda de Gobierno","article_modified_time":"2024-09-06T19:24:02+00:00","twitter_card":"summary_large_image","twitter_misc":{"Tiempo de lectura":"1 minuto"},"schema":{"@context":"https:\/\/schema.org","@graph":[{"@type":"WebPage","@id":"https:\/\/qroo.gob.mx\/segob\/formatos-en-materia-de-transparencia\/","url":"https:\/\/qroo.gob.mx\/segob\/formatos-en-materia-de-transparencia\/","name":"Formatos en Materia de Transparencia - Secretar\u00eda de Gobierno","isPartOf":{"@id":"https:\/\/qroo.gob.mx\/segob\/#website"},"datePublished":"2024-09-06T18:46:17+00:00","dateModified":"2024-09-06T19:24:02+00:00","breadcrumb":{"@id":"https:\/\/qroo.gob.mx\/segob\/formatos-en-materia-de-transparencia\/#breadcrumb"},"inLanguage":"es","potentialAction":[{"@type":"ReadAction","target":["https:\/\/qroo.gob.mx\/segob\/formatos-en-materia-de-transparencia\/"]}]},{"@type":"BreadcrumbList","@id":"https:\/\/qroo.gob.mx\/segob\/formatos-en-materia-de-transparencia\/#breadcrumb","itemListElement":[{"@type":"ListItem","position":1,"name":"Inicio","item":"https:\/\/qroo.gob.mx\/segob\/"},{"@type":"ListItem","position":2,"name":"Formatos en Materia de Transparencia"}]},{"@type":"WebSite","@id":"https:\/\/qroo.gob.mx\/segob\/#website","url":"https:\/\/qroo.gob.mx\/segob\/","name":"Secretar\u00eda de Gobierno","description":"","publisher":{"@id":"https:\/\/qroo.gob.mx\/segob\/#organization"},"potentialAction":[{"@type":"SearchAction","target":{"@type":"EntryPoint","urlTemplate":"https:\/\/qroo.gob.mx\/segob\/?s={search_term_string}"},"query-input":"required name=search_term_string"}],"inLanguage":"es"},{"@type":"Organization","@id":"https:\/\/qroo.gob.mx\/segob\/#organization","name":"Secretar\u00eda de Gobierno","url":"https:\/\/qroo.gob.mx\/segob\/","logo":{"@type":"ImageObject","inLanguage":"es","@id":"https:\/\/qroo.gob.mx\/segob\/#\/schema\/logo\/image\/","url":"https:\/\/qroo.gob.mx\/segob\/wp-content\/uploads\/2024\/05\/cropped-SEGOB.png","contentUrl":"https:\/\/qroo.gob.mx\/segob\/wp-content\/uploads\/2024\/05\/cropped-SEGOB.png","width":1613,"height":745,"caption":"Secretar\u00eda de Gobierno"},"image":{"@id":"https:\/\/qroo.gob.mx\/segob\/#\/schema\/logo\/image\/"}}]}},"_links":{"self":[{"href":"https:\/\/qroo.gob.mx\/segob\/wp-json\/wp\/v2\/pages\/38894"}],"collection":[{"href":"https:\/\/qroo.gob.mx\/segob\/wp-json\/wp\/v2\/pages"}],"about":[{"href":"https:\/\/qroo.gob.mx\/segob\/wp-json\/wp\/v2\/types\/page"}],"author":[{"embeddable":true,"href":"https:\/\/qroo.gob.mx\/segob\/wp-json\/wp\/v2\/users\/3"}],"replies":[{"embeddable":true,"href":"https:\/\/qroo.gob.mx\/segob\/wp-json\/wp\/v2\/comments?post=38894"}],"version-history":[{"count":7,"href":"https:\/\/qroo.gob.mx\/segob\/wp-json\/wp\/v2\/pages\/38894\/revisions"}],"predecessor-version":[{"id":38904,"href":"https:\/\/qroo.gob.mx\/segob\/wp-json\/wp\/v2\/pages\/38894\/revisions\/38904"}],"wp:attachment":[{"href":"https:\/\/qroo.gob.mx\/segob\/wp-json\/wp\/v2\/media?parent=38894"}],"curies":[{"name":"wp","href":"https:\/\/api.w.org\/{rel}","templated":true}]}}