{"id":38386,"date":"2024-08-28T14:56:34","date_gmt":"2024-08-28T19:56:34","guid":{"rendered":"https:\/\/qroo.gob.mx\/segob\/?page_id=38386"},"modified":"2024-09-09T13:10:16","modified_gmt":"2024-09-09T18:10:16","slug":"tramites-y-servicios","status":"publish","type":"page","link":"https:\/\/qroo.gob.mx\/segob\/tramites-y-servicios\/","title":{"rendered":"Tr\u00e1mites y Servicios"},"content":{"rendered":"\t\t<div data-elementor-type=\"wp-page\" data-elementor-id=\"38386\" class=\"elementor elementor-38386\">\n\t\t\t\t<div class=\"elementor-element elementor-element-03e4899 e-flex e-con-boxed e-con e-parent\" data-id=\"03e4899\" data-element_type=\"container\">\n\t\t\t\t\t<div class=\"e-con-inner\">\n\t\t\t\t<div class=\"elementor-element elementor-element-81ed8b7 elementor-widget elementor-widget-spacer\" data-id=\"81ed8b7\" data-element_type=\"widget\" data-widget_type=\"spacer.default\">\n\t\t\t\t<div class=\"elementor-widget-container\">\n\t\t\t<style>\/*! elementor - v3.23.0 - 15-07-2024 *\/\n.elementor-column .elementor-spacer-inner{height:var(--spacer-size)}.e-con{--container-widget-width:100%}.e-con-inner>.elementor-widget-spacer,.e-con>.elementor-widget-spacer{width:var(--container-widget-width,var(--spacer-size));--align-self:var(--container-widget-align-self,initial);--flex-shrink:0}.e-con-inner>.elementor-widget-spacer>.elementor-widget-container,.e-con>.elementor-widget-spacer>.elementor-widget-container{height:100%;width:100%}.e-con-inner>.elementor-widget-spacer>.elementor-widget-container>.elementor-spacer,.e-con>.elementor-widget-spacer>.elementor-widget-container>.elementor-spacer{height:100%}.e-con-inner>.elementor-widget-spacer>.elementor-widget-container>.elementor-spacer>.elementor-spacer-inner,.e-con>.elementor-widget-spacer>.elementor-widget-container>.elementor-spacer>.elementor-spacer-inner{height:var(--container-widget-height,var(--spacer-size))}.e-con-inner>.elementor-widget-spacer.elementor-widget-empty,.e-con>.elementor-widget-spacer.elementor-widget-empty{position:relative;min-height:22px;min-width:22px}.e-con-inner>.elementor-widget-spacer.elementor-widget-empty .elementor-widget-empty-icon,.e-con>.elementor-widget-spacer.elementor-widget-empty .elementor-widget-empty-icon{position:absolute;top:0;bottom:0;left:0;right:0;margin:auto;padding:0;width:22px;height:22px}<\/style>\t\t<div class=\"elementor-spacer\">\n\t\t\t<div class=\"elementor-spacer-inner\"><\/div>\n\t\t<\/div>\n\t\t\t\t<\/div>\n\t\t\t\t<\/div>\n\t\t\t\t<div class=\"elementor-element elementor-element-3f0aa8b elementor-widget elementor-widget-heading\" data-id=\"3f0aa8b\" data-element_type=\"widget\" data-widget_type=\"heading.default\">\n\t\t\t\t<div class=\"elementor-widget-container\">\n\t\t\t<style>\/*! elementor - v3.23.0 - 15-07-2024 *\/\n.elementor-heading-title{padding:0;margin:0;line-height:1}.elementor-widget-heading .elementor-heading-title[class*=elementor-size-]>a{color:inherit;font-size:inherit;line-height:inherit}.elementor-widget-heading .elementor-heading-title.elementor-size-small{font-size:15px}.elementor-widget-heading .elementor-heading-title.elementor-size-medium{font-size:19px}.elementor-widget-heading .elementor-heading-title.elementor-size-large{font-size:29px}.elementor-widget-heading .elementor-heading-title.elementor-size-xl{font-size:39px}.elementor-widget-heading .elementor-heading-title.elementor-size-xxl{font-size:59px}<\/style><h1 class=\"elementor-heading-title elementor-size-default\">Tr\u00e1mites y Servicios<\/h1>\t\t<\/div>\n\t\t\t\t<\/div>\n\t\t\t\t<div class=\"elementor-element elementor-element-bcdf549 elementor-widget elementor-widget-spacer\" data-id=\"bcdf549\" data-element_type=\"widget\" data-widget_type=\"spacer.default\">\n\t\t\t\t<div class=\"elementor-widget-container\">\n\t\t\t\t\t<div class=\"elementor-spacer\">\n\t\t\t<div class=\"elementor-spacer-inner\"><\/div>\n\t\t<\/div>\n\t\t\t\t<\/div>\n\t\t\t\t<\/div>\n\t\t\t\t\t<\/div>\n\t\t\t\t<\/div>\n\t\t<div class=\"elementor-element elementor-element-0174a0c e-flex e-con-boxed e-con e-parent\" data-id=\"0174a0c\" data-element_type=\"container\">\n\t\t\t\t\t<div class=\"e-con-inner\">\n\t\t\t\t<div class=\"elementor-element elementor-element-8f87c39 elementor-widget elementor-widget-html\" data-id=\"8f87c39\" data-element_type=\"widget\" data-widget_type=\"html.default\">\n\t\t\t\t<div class=\"elementor-widget-container\">\n\t\t\t<ol>\r\n \t<li><a href=\"https:\/\/qroo.gob.mx\/segob\/wp-content\/uploads\/2024\/08\/Formato-SEGOB-1.-Certificacion-de-Documentos1.pdf\" target=\"_blank\" rel=\"noopener\">Certificaci\u00f3n de Documentos<\/a><\/li>\r\n \t<li><a href=\"https:\/\/qroo.gob.mx\/segob\/wp-content\/uploads\/2024\/08\/Formato-SEGOB-2-Examen-para-el-ejercicio-de-la-Funcion-Notarial.pdf\" target=\"_blank\" rel=\"noopener\">Examen para el Ejercicio de la Funci\u00f3n Notarial<\/a><\/li>\r\n \t<li><a href=\"https:\/\/qroo.gob.mx\/segob\/wp-content\/uploads\/2024\/08\/Formato-SEGOB-3.-Inscripcion-al-Registro-Estatal-de-Peritos-Valuadores.pdf\" target=\"_blank\" rel=\"noopener\">Inscripci\u00f3n al Registro Estatal de Peritos Evaluadores<\/a><\/li>\r\n \t<li><a href=\"https:\/\/qroo.gob.mx\/segob\/wp-content\/uploads\/2024\/08\/Formato-SEGOB-4.-Certificaion-y-Actualizacion-formativa-de-la-funcion-Notarial-en-el-Estado-de-Quintana-Roo-1.pdf\" target=\"_blank\" rel=\"noopener\">Certificaci\u00f3n y Actualizaci\u00f3n Formativa de la Funci\u00f3n Notarial en el Estado de Quintana Roo<\/a><\/li>\r\n \t<li><a href=\"https:\/\/qroo.gob.mx\/segob\/wp-content\/uploads\/2024\/08\/Formato-SEGOB-5.-Autorizacion-de-Nombramiento-de-Notario-Publico-Suplente-y-Auxiliar.pdf\" target=\"_blank\" rel=\"noopener\">Autorizaci\u00f3n de Nombramiento del Notario P\u00fablico Suplente o Auxiliar<\/a><\/li>\r\n \t<li><a href=\"https:\/\/qroo.gob.mx\/segob\/wp-content\/uploads\/2024\/08\/Formato-SEGOB-6-SEPARACION-TEMPORAL-DE-LA-FUNCION-NOTARIAL.pdf\" target=\"_blank\" rel=\"noopener\">Separaci\u00f3n Temporal de la Funci\u00f3n Notarial<\/a><\/li>\r\n \t<li><a href=\"https:\/\/qroo.gob.mx\/segob\/wp-content\/uploads\/2024\/08\/Formato-SEGOB-7.-Cancelacion-de-Patente-o-Nombramiento-por-renuncia-o-Cancelacion.pdf\" target=\"_blank\" rel=\"noopener\">Cancelaci\u00f3n de Patente o Nombramiento de Notario P\u00fablico<\/a><\/li>\r\n \t<li><a href=\"https:\/\/qroo.gob.mx\/segob\/wp-content\/uploads\/2024\/08\/Formato-SEGOB-8.-Autorizacion-de-cambio-de-domicilio-de-laoficina-notarial.pdf\" target=\"_blank\" rel=\"noopener\">Autorizaci\u00f3n de cambio de domicilio de la oficina notarial<\/a><\/li>\r\n \t<li><a href=\"https:\/\/qroo.gob.mx\/segob\/wp-content\/uploads\/2024\/08\/Formato-SEGOB-9.-Autorizacion-de-cancelacion-de-garantia-constituida.pdf\" target=\"_blank\" rel=\"noopener\">Autorizaci\u00f3n de cancelaci\u00f3n de garant\u00eda constituida por la persona Titular de la Notar\u00eda<\/a><\/li>\r\n \t<li><a href=\"https:\/\/qroo.gob.mx\/segob\/wp-content\/uploads\/2024\/08\/Formato-SEGOB-10.-Expedicion-de-copia-certificada-acta-de-defuncion-1.pdf\" target=\"_blank\" rel=\"noopener\">Expedici\u00f3n de copia certificada de acta de defunci\u00f3n<\/a><\/li>\r\n \t<li><a href=\"https:\/\/qroo.gob.mx\/segob\/wp-content\/uploads\/2024\/08\/Formato-SEGOB-11.-Expedicion-de-copia-certificada-acta-de-nacimiento.pdf\" target=\"_blank\" rel=\"noopener\">Expedici\u00f3n de copia certificada de acta de nacimiento<\/a><\/li>\r\n \t<li><a href=\"https:\/\/qroo.gob.mx\/segob\/wp-content\/uploads\/2024\/08\/Formato-SEGOB-12-Expedicion-de-Copia-Certificada-de-Acta-de-Matrimonio.pdf\" target=\"_blank\" rel=\"noopener\">Expedici\u00f3n de copia certificada de acta de matrimonio<\/a><\/li>\r\n \t<li><a href=\"https:\/\/qroo.gob.mx\/segob\/wp-content\/uploads\/2024\/08\/Formato-SEGOB-13.-Expedicion-de-Constancia-de-Inexistencia-de-Registro.pdf\" target=\"_blank\" rel=\"noopener\">Expedici\u00f3n de Constancia de Inexistencia de Registro<\/a><\/li>\r\n \t<li><a href=\"https:\/\/qroo.gob.mx\/segob\/wp-content\/uploads\/2024\/08\/Formato-SEGOB-14.-Expedicion-de-Copia-Certificada-de-Acta-de-Divorcio.pdf\" target=\"_blank\" rel=\"noopener\">Expedici\u00f3n de copia certificada de acta de divorcio<\/a><\/li>\r\n \t<li><a href=\"https:\/\/qroo.gob.mx\/segob\/wp-content\/uploads\/2024\/08\/Formato-SEGOB-15.-Expedicion-de-Constancia-de-Extemporainedad-de-resgistro.pdf\" target=\"_blank\" rel=\"noopener\">Expedici\u00f3n de Constancia de Extemporaneidad de Registro<\/a><\/li>\r\n \t<li><a href=\"https:\/\/qroo.gob.mx\/segob\/wp-content\/uploads\/2024\/08\/Formato-SEGOB-16.-Rectificacion-de-Acta-Aclaracion-de-Actas-con-Anotacion-Marginal.pdf\" target=\"_blank\" rel=\"noopener\">Rectificaci\u00f3n de Acta y\/o Aclaraci\u00f3n de Actas con Anotaci\u00f3n Marginal<\/a><\/li>\r\n \t<li><a href=\"https:\/\/qroo.gob.mx\/segob\/wp-content\/uploads\/2024\/08\/Formato-SEGOB-17.-Autorizacion-de-Registro-Extemporaneo-de-Defuncion.pdf\" target=\"_blank\" rel=\"noopener\">Autorizaci\u00f3n de Registro de Extempor\u00e1neo de defunci\u00f3n<\/a><\/li>\r\n \t<li><a href=\"https:\/\/qroo.gob.mx\/segob\/wp-content\/uploads\/2024\/08\/Formato-SEGOB-18.-Expedicion-de-Copia-Certificada-de-los-Actas-de-Registro-Civil.pdf\" target=\"_blank\" rel=\"noopener\">Expedici\u00f3n de Copia Certificada de los Actos de Registro Civil<\/a><\/li>\r\n \t<li><a href=\"https:\/\/qroo.gob.mx\/segob\/wp-content\/uploads\/2024\/08\/Formato-SEGOB-19-Levantamiento-de-Acta-por-Reconocimiento-de-Identidad-de-Genero.pdf\" target=\"_blank\" rel=\"noopener\">Levantamiento de Acta por Reconocimiento de Identidad de G\u00e9nero<\/a><\/li>\r\n \t<li><a href=\"https:\/\/qroo.gob.mx\/segob\/wp-content\/uploads\/2024\/08\/Formato-SEGOB-20.-Solicitud-de-servicio-de-publicacion-en-el-periodico-oficial.pdf\" target=\"_blank\" rel=\"noopener\">Solicitud de Servicio de Publicaci\u00f3n en el Peri\u00f3dico Oficial del Estado de Quintana Roo<\/a><\/li>\r\n \t<li><a href=\"https:\/\/qroo.gob.mx\/segob\/wp-content\/uploads\/2024\/08\/Formato-SEGOB-21.-Solicitud-de-Publicacion-de-Servicios-Notariales-en-el-Periodico-Oficial.pdf\" target=\"_blank\" rel=\"noopener\">Solicitud de Publicaci\u00f3n de Servicios Notariales en el Peri\u00f3dico Oficial del Estado de Quintana Roo<\/a><\/li>\r\n \t<li><a href=\"https:\/\/qroo.gob.mx\/segob\/wp-content\/uploads\/2024\/08\/Formato-SEGOB-22.-Venta-de-ejemplares-del-periodico-oficial.pdf\" target=\"_blank\" rel=\"noopener\">Venta de Ejemplares del Peri\u00f3dico Oficial del Estado de Quintana Roo<\/a><\/li>\r\n \t<li><a href=\"https:\/\/qroo.gob.mx\/segob\/wp-content\/uploads\/2024\/08\/Formato-SEGOB-23.-Gestion-de-expedicion-de-pasaporte-ordinaio-para-mayores-de-edad-1.pdf\" target=\"_blank\" rel=\"noopener\">Gesti\u00f3n de renovaci\u00f3n de pasaporte ordinario para mayores de edad<\/a><\/li>\r\n \t<li><a href=\"https:\/\/qroo.gob.mx\/segob\/wp-content\/uploads\/2024\/08\/Formato-SEGOB-24.-Gestion-de-expedicion-de-pasaporte-ordinaio-para-mayores-de-edad.pdf\" target=\"_blank\" rel=\"noopener\">Gesti\u00f3n de expedici\u00f3n de pasaporte ordinario para mayores de edad<\/a><\/li>\r\n \t<li><a href=\"https:\/\/qroo.gob.mx\/segob\/wp-content\/uploads\/2024\/08\/Formato-SEGOB-25.-Gestion-de-renovacion-de-pasaporte-ordinario-para-menores-de-edad.pdf\" target=\"_blank\" rel=\"noopener\">Gesti\u00f3n de renovaci\u00f3n de pasaporte ordinario para menores de edad<\/a><\/li>\r\n \t<li><a href=\"https:\/\/qroo.gob.mx\/segob\/wp-content\/uploads\/2024\/08\/Formato-SEGOB-26.-Gestion-de-expedicion-de-pasaporte-ordinario-para-menores-de-edad.pdf\" target=\"_blank\" rel=\"noopener\">Gesti\u00f3n de expedici\u00f3n de pasaporte ordinario para menores de edad<\/a><\/li>\r\n \t<li><a href=\"https:\/\/qroo.gob.mx\/segob\/wp-content\/uploads\/2024\/09\/Formato-SEGOB-27.-Expedicion-de-copias-de-escrituras-publicas-o-actas-notariales.pdf\" target=\"_blank\" rel=\"noopener\">Expedici\u00f3n de copias de escrituras p\u00fablicas o actas notariales<\/a><\/li>\r\n \t<li><a href=\"https:\/\/qroo.gob.mx\/segob\/wp-content\/uploads\/2024\/09\/Formato-SEGOB-28-Expedicion-de-Testimonios-Ulteriores-de-Escritura-Publica-o-Actas-Notariales.pdf\" target=\"_blank\" rel=\"noopener\">Expedici\u00f3n de testimonios Ulteriores de escritura P\u00fablica o Actas Notariales<\/a><\/li>\r\n \t<li><a href=\"https:\/\/qroo.gob.mx\/segob\/wp-content\/uploads\/2024\/09\/Formato-SEGOB-29-Busqueda-de-Escrituras-o-Actas-Notariales.pdf\" target=\"_blank\" rel=\"noopener\">B\u00fasqueda de Escrituras o Actas Notariales<\/a><\/li>\r\n \t<li><a href=\"https:\/\/qroo.gob.mx\/segob\/wp-content\/uploads\/2024\/09\/Formato-SEGOB_30.-Autorizacion-de-Sello-de-Notarial.pdf\" target=\"_blank\" rel=\"noopener\">Autorizaci\u00f3n de Sello Notarial<\/a><\/li>\r\n \t<li><a href=\"https:\/\/qroo.gob.mx\/segob\/wp-content\/uploads\/2024\/09\/Formato-SEGOB-31.-Autorizacion-de-200-folios-para-Protocolo-de-Actas-de-Cotejo-Certificaciones-Escrituras-o-Actas-Notariales.pdf\" target=\"_blank\" rel=\"noopener\">Autorizaci\u00f3n de 200 folios para Protocolo de Actas de Cotejo, Certificaciones, Escrituras o Actas Notariales<\/a><\/li>\r\n \t<li><a href=\"https:\/\/qroo.gob.mx\/segob\/wp-content\/uploads\/2024\/09\/Formato-SEGOB-32.-Registro-de-sello-firma-y-antefirma-de-Notarios-Publicos-Titulares-y-o-suplentes.pdf\" target=\"_blank\" rel=\"noopener\">Registro de sello, firma y antefirma de notarios p\u00fablicos titulares y\/o suplentes<\/a><\/li>\r\n \t<li><a href=\"https:\/\/qroo.gob.mx\/segob\/wp-content\/uploads\/2024\/09\/Formato-SEGOB-33.-Registro-de-Nombramiento-firma-y-antefirma-de-Notario-Publico-Auxiliar.pdf\" target=\"_blank\" rel=\"noopener\">Registro de Nombramiento, firma y antefirma de Notario P\u00fablico Auxiliar<\/a><\/li>\r\n \t<li><a href=\"https:\/\/qroo.gob.mx\/segob\/wp-content\/uploads\/2024\/09\/Formato-SEGOB-34.-Registro-de-Patente-o-Nombramiento-de-Notario-Publico.pdf\" target=\"_blank\" rel=\"noopener\">Registro de patente o nombramiento de Notario P\u00fablico<\/a><\/li>\r\n \t<li><a href=\"https:\/\/qroo.gob.mx\/segob\/wp-content\/uploads\/2024\/09\/Formato-SEGOB-35.-Registro-de-Convenio-de-Suplencia-entre-Notarios-Titulares-en-el-Estado-de-Quintana-Roo.pdf\" target=\"_blank\" rel=\"noopener\">Registro de Convenio de Suplencia entre Notarios Titulares en el Estado de Quintana Roo<\/a><\/li>\r\n \t<li><a href=\"https:\/\/qroo.gob.mx\/segob\/wp-content\/uploads\/2024\/09\/Formato-SEGOB-36.-Anotacion-de-Requisitado-a-la-Patente-o-Nombramiento.pdf\" target=\"_blank\" rel=\"noopener\">Anotaci\u00f3n de \"Requisitado\" a la Patente o Nombramiento de Notario P\u00fablico<\/a><\/li>\r\n \t<li><a href=\"https:\/\/qroo.gob.mx\/segob\/wp-content\/uploads\/2024\/09\/Formato-SEGOB-37.-Aviso-de-Inicio-de-Funciones-para-la-actuacion-notarial.pdf\" target=\"_blank\" rel=\"noopener\">Aviso de Inicio de Funciones para la actuaci\u00f3n notarial<\/a><\/li>\r\n \t<li><a href=\"https:\/\/qroo.gob.mx\/segob\/wp-content\/uploads\/2024\/08\/Formato-SEGOB-38.-Solicitud-de-Acceso-a-lainformacion-Publica.pdf\" target=\"_blank\" rel=\"noopener\">Solicitud de Acceso a la Informaci\u00f3n P\u00fablica<\/a><\/li>\r\n \t<li><a href=\"https:\/\/qroo.gob.mx\/segob\/wp-content\/uploads\/2024\/08\/Formato-SEGOB-39.-Orientacion-de-Asesoria-en-Materia-de-Acceso-a-la-informacion-Publica.pdf\" target=\"_blank\" rel=\"noopener\">Orientaci\u00f3n y Asesor\u00eda en Materia de Acceso a la Informaci\u00f3n P\u00fablica para el Ejercicio de los Derechos de Acceso, Rectificaci\u00f3n, Cancelaci\u00f3n y Oposici\u00f3n de Datos Personales (Arco).<\/a><\/li>\r\n \t<li><a href=\"https:\/\/qroo.gob.mx\/segob\/wp-content\/uploads\/2024\/08\/Formato-SEGOB-40.-Recepcion-de-Recursos-de-Revision-en-contra-de-respuestas-o-falta-de-respuestas-a-solicitudes-de-infromacion-publica.pdf\" target=\"_blank\" rel=\"noopener\">Recepci\u00f3n de Recursos de Revisi\u00f3n en contra de Respuestas o falta de Respuestas a Solicitudes de Informaci\u00f3n P\u00fablica y\/o del Ejercicio de Derechos Arco<\/a><\/li>\r\n \t<li><a href=\"https:\/\/qroo.gob.mx\/segob\/wp-content\/uploads\/2024\/08\/Formato-SEGOB-41.-Recepcion-de-Denuncias-por-incumplimiento-a-la-Publicacion-de-las-Obligaciones-de-transparencia.pdf\" target=\"_blank\" rel=\"noopener\">Recepci\u00f3n de Denuncias por Incumplimiento a la Publicaci\u00f3n de las Obligaciones de Transparencia<\/a><\/li>\r\n \t<li><a href=\"https:\/\/qroo.gob.mx\/segob\/wp-content\/uploads\/2024\/08\/Formato-SEGOB-42.-Solicitud-para-el-ejercicio-de-los-derechos-de-acceso-rectificacion-cancelacion-y-oposicion-al-tratamiento-de-los-datos-personales.pdf\" target=\"_blank\" rel=\"noopener\">Solicitud para el Ejercicio de los Derechos de Acceso, Rectificaci\u00f3n, Cancelaci\u00f3n y Oposici\u00f3n al Tratamiento de los Datos Personales<\/a><\/li>\r\n<\/ol>\t\t<\/div>\n\t\t\t\t<\/div>\n\t\t\t\t\t<\/div>\n\t\t\t\t<\/div>\n\t\t<div class=\"elementor-element elementor-element-3141db2 e-flex e-con-boxed e-con e-parent\" data-id=\"3141db2\" data-element_type=\"container\">\n\t\t\t\t\t<div class=\"e-con-inner\">\n\t\t\t\t<div class=\"elementor-element elementor-element-dcf29cc elementor-widget elementor-widget-spacer\" data-id=\"dcf29cc\" data-element_type=\"widget\" data-widget_type=\"spacer.default\">\n\t\t\t\t<div class=\"elementor-widget-container\">\n\t\t\t\t\t<div class=\"elementor-spacer\">\n\t\t\t<div class=\"elementor-spacer-inner\"><\/div>\n\t\t<\/div>\n\t\t\t\t<\/div>\n\t\t\t\t<\/div>\n\t\t\t\t\t<\/div>\n\t\t\t\t<\/div>\n\t\t\t\t<\/div>\n\t\t","protected":false},"excerpt":{"rendered":"<p>Tr\u00e1mites y Servicios Certificaci\u00f3n de Documentos Examen para el Ejercicio de la Funci\u00f3n Notarial Inscripci\u00f3n al Registro Estatal de Peritos Evaluadores Certificaci\u00f3n y Actualizaci\u00f3n Formativa de la Funci\u00f3n Notarial en el Estado de Quintana Roo Autorizaci\u00f3n de Nombramiento del Notario P\u00fablico Suplente o Auxiliar Separaci\u00f3n Temporal de la Funci\u00f3n Notarial Cancelaci\u00f3n de Patente o Nombramiento &#8230; <a title=\"Tr\u00e1mites y Servicios\" class=\"read-more\" href=\"https:\/\/qroo.gob.mx\/segob\/tramites-y-servicios\/\" aria-label=\"Leer m\u00e1s sobre Tr\u00e1mites y Servicios\">Leer m\u00e1s<\/a><\/p>\n","protected":false},"author":3,"featured_media":0,"parent":0,"menu_order":0,"comment_status":"closed","ping_status":"closed","template":"","meta":{"footnotes":""},"class_list":["post-38386","page","type-page","status-publish"],"yoast_head":"<!-- This site is optimized with the Yoast SEO plugin v23.0 - https:\/\/yoast.com\/wordpress\/plugins\/seo\/ -->\n<title>Tr\u00e1mites y Servicios - Secretar\u00eda de Gobierno<\/title>\n<meta name=\"robots\" content=\"noindex, follow, max-snippet:-1, max-image-preview:large, max-video-preview:-1\" \/>\n<meta property=\"og:locale\" content=\"es_MX\" \/>\n<meta property=\"og:type\" content=\"article\" \/>\n<meta property=\"og:title\" content=\"Tr\u00e1mites y Servicios - Secretar\u00eda de Gobierno\" \/>\n<meta property=\"og:description\" content=\"Tr\u00e1mites y Servicios Certificaci\u00f3n de Documentos Examen para el Ejercicio de la Funci\u00f3n Notarial Inscripci\u00f3n al Registro Estatal de Peritos Evaluadores Certificaci\u00f3n y Actualizaci\u00f3n Formativa de la Funci\u00f3n Notarial en el Estado de Quintana Roo Autorizaci\u00f3n de Nombramiento del Notario P\u00fablico Suplente o Auxiliar Separaci\u00f3n Temporal de la Funci\u00f3n Notarial Cancelaci\u00f3n de Patente o Nombramiento ... Leer m\u00e1s\" \/>\n<meta property=\"og:url\" content=\"https:\/\/qroo.gob.mx\/segob\/tramites-y-servicios\/\" \/>\n<meta property=\"og:site_name\" content=\"Secretar\u00eda de Gobierno\" \/>\n<meta property=\"article:modified_time\" content=\"2024-09-09T18:10:16+00:00\" \/>\n<meta name=\"twitter:card\" content=\"summary_large_image\" \/>\n<meta name=\"twitter:label1\" content=\"Tiempo de lectura\" \/>\n\t<meta name=\"twitter:data1\" content=\"3 minutos\" \/>\n<script type=\"application\/ld+json\" class=\"yoast-schema-graph\">{\"@context\":\"https:\/\/schema.org\",\"@graph\":[{\"@type\":\"WebPage\",\"@id\":\"https:\/\/qroo.gob.mx\/segob\/tramites-y-servicios\/\",\"url\":\"https:\/\/qroo.gob.mx\/segob\/tramites-y-servicios\/\",\"name\":\"Tr\u00e1mites y Servicios - Secretar\u00eda de Gobierno\",\"isPartOf\":{\"@id\":\"https:\/\/qroo.gob.mx\/segob\/#website\"},\"datePublished\":\"2024-08-28T19:56:34+00:00\",\"dateModified\":\"2024-09-09T18:10:16+00:00\",\"breadcrumb\":{\"@id\":\"https:\/\/qroo.gob.mx\/segob\/tramites-y-servicios\/#breadcrumb\"},\"inLanguage\":\"es\",\"potentialAction\":[{\"@type\":\"ReadAction\",\"target\":[\"https:\/\/qroo.gob.mx\/segob\/tramites-y-servicios\/\"]}]},{\"@type\":\"BreadcrumbList\",\"@id\":\"https:\/\/qroo.gob.mx\/segob\/tramites-y-servicios\/#breadcrumb\",\"itemListElement\":[{\"@type\":\"ListItem\",\"position\":1,\"name\":\"Inicio\",\"item\":\"https:\/\/qroo.gob.mx\/segob\/\"},{\"@type\":\"ListItem\",\"position\":2,\"name\":\"Tr\u00e1mites y Servicios\"}]},{\"@type\":\"WebSite\",\"@id\":\"https:\/\/qroo.gob.mx\/segob\/#website\",\"url\":\"https:\/\/qroo.gob.mx\/segob\/\",\"name\":\"Secretar\u00eda de Gobierno\",\"description\":\"\",\"publisher\":{\"@id\":\"https:\/\/qroo.gob.mx\/segob\/#organization\"},\"potentialAction\":[{\"@type\":\"SearchAction\",\"target\":{\"@type\":\"EntryPoint\",\"urlTemplate\":\"https:\/\/qroo.gob.mx\/segob\/?s={search_term_string}\"},\"query-input\":\"required name=search_term_string\"}],\"inLanguage\":\"es\"},{\"@type\":\"Organization\",\"@id\":\"https:\/\/qroo.gob.mx\/segob\/#organization\",\"name\":\"Secretar\u00eda de Gobierno\",\"url\":\"https:\/\/qroo.gob.mx\/segob\/\",\"logo\":{\"@type\":\"ImageObject\",\"inLanguage\":\"es\",\"@id\":\"https:\/\/qroo.gob.mx\/segob\/#\/schema\/logo\/image\/\",\"url\":\"https:\/\/qroo.gob.mx\/segob\/wp-content\/uploads\/2024\/05\/cropped-SEGOB.png\",\"contentUrl\":\"https:\/\/qroo.gob.mx\/segob\/wp-content\/uploads\/2024\/05\/cropped-SEGOB.png\",\"width\":1613,\"height\":745,\"caption\":\"Secretar\u00eda de Gobierno\"},\"image\":{\"@id\":\"https:\/\/qroo.gob.mx\/segob\/#\/schema\/logo\/image\/\"}}]}<\/script>\n<!-- \/ Yoast SEO plugin. -->","yoast_head_json":{"title":"Tr\u00e1mites y Servicios - Secretar\u00eda de Gobierno","robots":{"index":"noindex","follow":"follow","max-snippet":"max-snippet:-1","max-image-preview":"max-image-preview:large","max-video-preview":"max-video-preview:-1"},"og_locale":"es_MX","og_type":"article","og_title":"Tr\u00e1mites y Servicios - Secretar\u00eda de Gobierno","og_description":"Tr\u00e1mites y Servicios Certificaci\u00f3n de Documentos Examen para el Ejercicio de la Funci\u00f3n Notarial Inscripci\u00f3n al Registro Estatal de Peritos Evaluadores Certificaci\u00f3n y Actualizaci\u00f3n Formativa de la Funci\u00f3n Notarial en el Estado de Quintana Roo Autorizaci\u00f3n de Nombramiento del Notario P\u00fablico Suplente o Auxiliar Separaci\u00f3n Temporal de la Funci\u00f3n Notarial Cancelaci\u00f3n de Patente o Nombramiento ... Leer m\u00e1s","og_url":"https:\/\/qroo.gob.mx\/segob\/tramites-y-servicios\/","og_site_name":"Secretar\u00eda de Gobierno","article_modified_time":"2024-09-09T18:10:16+00:00","twitter_card":"summary_large_image","twitter_misc":{"Tiempo de lectura":"3 minutos"},"schema":{"@context":"https:\/\/schema.org","@graph":[{"@type":"WebPage","@id":"https:\/\/qroo.gob.mx\/segob\/tramites-y-servicios\/","url":"https:\/\/qroo.gob.mx\/segob\/tramites-y-servicios\/","name":"Tr\u00e1mites y Servicios - Secretar\u00eda de Gobierno","isPartOf":{"@id":"https:\/\/qroo.gob.mx\/segob\/#website"},"datePublished":"2024-08-28T19:56:34+00:00","dateModified":"2024-09-09T18:10:16+00:00","breadcrumb":{"@id":"https:\/\/qroo.gob.mx\/segob\/tramites-y-servicios\/#breadcrumb"},"inLanguage":"es","potentialAction":[{"@type":"ReadAction","target":["https:\/\/qroo.gob.mx\/segob\/tramites-y-servicios\/"]}]},{"@type":"BreadcrumbList","@id":"https:\/\/qroo.gob.mx\/segob\/tramites-y-servicios\/#breadcrumb","itemListElement":[{"@type":"ListItem","position":1,"name":"Inicio","item":"https:\/\/qroo.gob.mx\/segob\/"},{"@type":"ListItem","position":2,"name":"Tr\u00e1mites y Servicios"}]},{"@type":"WebSite","@id":"https:\/\/qroo.gob.mx\/segob\/#website","url":"https:\/\/qroo.gob.mx\/segob\/","name":"Secretar\u00eda de Gobierno","description":"","publisher":{"@id":"https:\/\/qroo.gob.mx\/segob\/#organization"},"potentialAction":[{"@type":"SearchAction","target":{"@type":"EntryPoint","urlTemplate":"https:\/\/qroo.gob.mx\/segob\/?s={search_term_string}"},"query-input":"required name=search_term_string"}],"inLanguage":"es"},{"@type":"Organization","@id":"https:\/\/qroo.gob.mx\/segob\/#organization","name":"Secretar\u00eda de Gobierno","url":"https:\/\/qroo.gob.mx\/segob\/","logo":{"@type":"ImageObject","inLanguage":"es","@id":"https:\/\/qroo.gob.mx\/segob\/#\/schema\/logo\/image\/","url":"https:\/\/qroo.gob.mx\/segob\/wp-content\/uploads\/2024\/05\/cropped-SEGOB.png","contentUrl":"https:\/\/qroo.gob.mx\/segob\/wp-content\/uploads\/2024\/05\/cropped-SEGOB.png","width":1613,"height":745,"caption":"Secretar\u00eda de Gobierno"},"image":{"@id":"https:\/\/qroo.gob.mx\/segob\/#\/schema\/logo\/image\/"}}]}},"_links":{"self":[{"href":"https:\/\/qroo.gob.mx\/segob\/wp-json\/wp\/v2\/pages\/38386"}],"collection":[{"href":"https:\/\/qroo.gob.mx\/segob\/wp-json\/wp\/v2\/pages"}],"about":[{"href":"https:\/\/qroo.gob.mx\/segob\/wp-json\/wp\/v2\/types\/page"}],"author":[{"embeddable":true,"href":"https:\/\/qroo.gob.mx\/segob\/wp-json\/wp\/v2\/users\/3"}],"replies":[{"embeddable":true,"href":"https:\/\/qroo.gob.mx\/segob\/wp-json\/wp\/v2\/comments?post=38386"}],"version-history":[{"count":13,"href":"https:\/\/qroo.gob.mx\/segob\/wp-json\/wp\/v2\/pages\/38386\/revisions"}],"predecessor-version":[{"id":39040,"href":"https:\/\/qroo.gob.mx\/segob\/wp-json\/wp\/v2\/pages\/38386\/revisions\/39040"}],"wp:attachment":[{"href":"https:\/\/qroo.gob.mx\/segob\/wp-json\/wp\/v2\/media?parent=38386"}],"curies":[{"name":"wp","href":"https:\/\/api.w.org\/{rel}","templated":true}]}}