{"id":38331,"date":"2024-08-28T14:06:28","date_gmt":"2024-08-28T19:06:28","guid":{"rendered":"https:\/\/qroo.gob.mx\/segob\/?page_id=38331"},"modified":"2025-02-04T12:31:18","modified_gmt":"2025-02-04T17:31:18","slug":"mecanismo-de-presentacion-directa-de-peticiones-opiniones-quejas-denuncias-o-sugerencias","status":"publish","type":"page","link":"https:\/\/qroo.gob.mx\/segob\/mecanismo-de-presentacion-directa-de-peticiones-opiniones-quejas-denuncias-o-sugerencias\/","title":{"rendered":"Mecanismo de presentaci\u00f3n directa de peticiones, opiniones, quejas, denuncias, o sugerencias"},"content":{"rendered":"\t\t<div data-elementor-type=\"wp-page\" data-elementor-id=\"38331\" class=\"elementor elementor-38331\">\n\t\t\t\t<div class=\"elementor-element elementor-element-287221d e-flex e-con-boxed e-con e-parent\" data-id=\"287221d\" data-element_type=\"container\">\n\t\t\t\t\t<div class=\"e-con-inner\">\n\t\t\t\t<div class=\"elementor-element elementor-element-a736f5a elementor-widget elementor-widget-spacer\" data-id=\"a736f5a\" data-element_type=\"widget\" data-widget_type=\"spacer.default\">\n\t\t\t\t<div class=\"elementor-widget-container\">\n\t\t\t<style>\/*! elementor - v3.23.0 - 15-07-2024 *\/\n.elementor-column .elementor-spacer-inner{height:var(--spacer-size)}.e-con{--container-widget-width:100%}.e-con-inner>.elementor-widget-spacer,.e-con>.elementor-widget-spacer{width:var(--container-widget-width,var(--spacer-size));--align-self:var(--container-widget-align-self,initial);--flex-shrink:0}.e-con-inner>.elementor-widget-spacer>.elementor-widget-container,.e-con>.elementor-widget-spacer>.elementor-widget-container{height:100%;width:100%}.e-con-inner>.elementor-widget-spacer>.elementor-widget-container>.elementor-spacer,.e-con>.elementor-widget-spacer>.elementor-widget-container>.elementor-spacer{height:100%}.e-con-inner>.elementor-widget-spacer>.elementor-widget-container>.elementor-spacer>.elementor-spacer-inner,.e-con>.elementor-widget-spacer>.elementor-widget-container>.elementor-spacer>.elementor-spacer-inner{height:var(--container-widget-height,var(--spacer-size))}.e-con-inner>.elementor-widget-spacer.elementor-widget-empty,.e-con>.elementor-widget-spacer.elementor-widget-empty{position:relative;min-height:22px;min-width:22px}.e-con-inner>.elementor-widget-spacer.elementor-widget-empty .elementor-widget-empty-icon,.e-con>.elementor-widget-spacer.elementor-widget-empty .elementor-widget-empty-icon{position:absolute;top:0;bottom:0;left:0;right:0;margin:auto;padding:0;width:22px;height:22px}<\/style>\t\t<div class=\"elementor-spacer\">\n\t\t\t<div class=\"elementor-spacer-inner\"><\/div>\n\t\t<\/div>\n\t\t\t\t<\/div>\n\t\t\t\t<\/div>\n\t\t\t\t<div class=\"elementor-element elementor-element-5bba929 elementor-widget elementor-widget-heading\" data-id=\"5bba929\" data-element_type=\"widget\" data-widget_type=\"heading.default\">\n\t\t\t\t<div class=\"elementor-widget-container\">\n\t\t\t<style>\/*! elementor - v3.23.0 - 15-07-2024 *\/\n.elementor-heading-title{padding:0;margin:0;line-height:1}.elementor-widget-heading .elementor-heading-title[class*=elementor-size-]>a{color:inherit;font-size:inherit;line-height:inherit}.elementor-widget-heading .elementor-heading-title.elementor-size-small{font-size:15px}.elementor-widget-heading .elementor-heading-title.elementor-size-medium{font-size:19px}.elementor-widget-heading .elementor-heading-title.elementor-size-large{font-size:29px}.elementor-widget-heading .elementor-heading-title.elementor-size-xl{font-size:39px}.elementor-widget-heading .elementor-heading-title.elementor-size-xxl{font-size:59px}<\/style><h1 class=\"elementor-heading-title elementor-size-default\">Mecanismo de presentaci\u00f3n directa de peticiones, opiniones, quejas, denuncias, o sugerencias<\/h1>\t\t<\/div>\n\t\t\t\t<\/div>\n\t\t\t\t\t<\/div>\n\t\t\t\t<\/div>\n\t\t<div class=\"elementor-element elementor-element-a86069c e-flex e-con-boxed e-con e-parent\" data-id=\"a86069c\" data-element_type=\"container\">\n\t\t\t\t\t<div class=\"e-con-inner\">\n\t\t\t\t<div class=\"elementor-element elementor-element-703cb6c elementor-widget elementor-widget-spacer\" data-id=\"703cb6c\" data-element_type=\"widget\" data-widget_type=\"spacer.default\">\n\t\t\t\t<div class=\"elementor-widget-container\">\n\t\t\t\t\t<div class=\"elementor-spacer\">\n\t\t\t<div class=\"elementor-spacer-inner\"><\/div>\n\t\t<\/div>\n\t\t\t\t<\/div>\n\t\t\t\t<\/div>\n\t\t\t\t\t<\/div>\n\t\t\t\t<\/div>\n\t\t<div class=\"elementor-element elementor-element-052c914 e-flex e-con-boxed e-con e-parent\" data-id=\"052c914\" data-element_type=\"container\">\n\t\t\t\t\t<div class=\"e-con-inner\">\n\t\t\t\t<div class=\"elementor-element elementor-element-e35b334 elementor-widget elementor-widget-html\" data-id=\"e35b334\" data-element_type=\"widget\" data-widget_type=\"html.default\">\n\t\t\t\t<div class=\"elementor-widget-container\">\n\t\t\t<table width=\"80%\" style=\"background-color: rgba(0, 0, 0, 0);\" data-striping=\"1\">\r\n\t<!--caption>\r\n\t<h4><strong>\u00cdndice de Expedientes Reservados<\/strong><\/h4>\r\n\t<\/caption-->\r\n\t<thead>\r\n\t\t<tr>\r\n\t\t\t<th scope=\"col\" width=\"20%\" valign=\"middle\" >\r\n\t\t\t<div align=\"center\"><span class=\"Estilo2\">Periodo<\/span><\/div>\r\n\t\t\t<\/th>\r\n\t\t\t<th scope=\"col\" width=\"56%\" valign=\"middle\" height=\"30\" >\r\n\t\t\t<div class=\"Estilo2\" align=\"center\">\t\r\nNombre del documento<\/div>\r\n\t\t\t<\/th>\r\n\t\t\t<th scope=\"col\" valign=\"middle\" >\r\n\t\t\t<div class=\"Estilo2\" align=\"center\">DESCARGAR<\/div>\r\n\r\n\t\t\t<div class=\"Estilo2\" align=\"center\">&nbsp;<\/div>\r\n\t\t\t<\/th>\r\n\t\t<\/tr>\r\n\t<\/thead>\r\n\t<tbody>\r\n<!-------------------------------------------------------2024-------------------------------------------------------->\r\n          <tr class=\"odd\">\r\n\t\t\t<td  valign=\"middle\">\r\n\t\t\t<div align=\"center\">4 trimestre de 2024<\/div>\r\n\t\t\t<\/td>\r\n\t\t\t<td  valign=\"middle\" height=\"30\">\r\n\t\t\t<div align=\"center\">FRACCION-49-4TRIM2024-OPINIONES-QUEJAS\r\n\r\n<\/div>\r\n\t\t\t<\/td>\r\n\t\t\t<td  valign=\"middle\">\r\n\t\t\t<div align=\"center\"><a href=\"https:\/\/segob.qroo.gob.mx\/wp-content\/uploads\/2025\/02\/FRACCION-49-4TRIM2024-OPINIONES-QUEJAS.docx\" target=\"_blank\">word<\/a><\/div>\r\n                        <\/td>\r\n\t\t<\/tr>\r\n\t\t          <tr class=\"odd\">\r\n\t\t\t<td  valign=\"middle\">\r\n\t\t\t<div align=\"center\">3 trimestre de 2024<\/div>\r\n\t\t\t<\/td>\r\n\t\t\t<td  valign=\"middle\" height=\"30\">\r\n\t\t\t<div align=\"center\">FRACCION-49-3TRIM2024-OPINIONES-QUEJAS\r\n\r\n<\/div>\r\n\t\t\t<\/td>\r\n\t\t\t<td  valign=\"middle\">\r\n\t\t\t<div align=\"center\"><a href=\"https:\/\/segob.qroo.gob.mx\/wp-content\/uploads\/2025\/02\/FRACCION-49-3TRIM2024-OPINIONES-QUEJAS.docx\" target=\"_blank\">word<\/a><\/div>\r\n                        <\/td>\r\n\t\t<\/tr>\r\n\t\t          <tr class=\"odd\">\r\n\t\t\t<td  valign=\"middle\">\r\n\t\t\t<div align=\"center\">2 trimestre de 2024<\/div>\r\n\t\t\t<\/td>\r\n\t\t\t<td  valign=\"middle\" height=\"30\">\r\n\t\t\t<div align=\"center\">FRACCION-49-2TRIM2024-OPINIONES-QUEJAS\r\n\r\n<\/div>\r\n\t\t\t<\/td>\r\n\t\t\t<td  valign=\"middle\">\r\n\t\t\t<div align=\"center\"><a href=\"https:\/\/segob.qroo.gob.mx\/wp-content\/uploads\/2025\/02\/FRACCION-49-2TRIM2024-OPINIONES-QUEJAS.docx\" target=\"_blank\">word<\/a><\/div>\r\n                        <\/td>\r\n\t\t<\/tr>\r\n          <tr class=\"odd\">\r\n\t\t\t<td  valign=\"middle\">\r\n\t\t\t<div align=\"center\">1 trimestre de 2024<\/div>\r\n\t\t\t<\/td>\r\n\t\t\t<td  valign=\"middle\" height=\"30\">\r\n\t\t\t<div align=\"center\">FRACCION-49-ITRIM2024-OPINIONES-QUEJAS\r\n\r\n<\/div>\r\n\t\t\t<\/td>\r\n\t\t\t<td  valign=\"middle\">\r\n\t\t\t<div align=\"center\"><a href=\"https:\/\/segob.qroo.gob.mx\/wp-content\/uploads\/2024\/08\/FRACCION-49-ITRIM2024-OPINIONES-QUEJAS.docx\" target=\"_blank\">word<\/a><\/div>\r\n                        <\/td>\r\n\t\t<\/tr>\r\n<!-------------------------------------------------------2023-------------------------------------------------------->\r\n <tr class=\"odd\">\r\n\t\t\t<td  valign=\"middle\">\r\n\t\t\t<div align=\"center\">4 trimestre de 2023<\/div>\r\n\t\t\t<\/td>\r\n\t\t\t<td  valign=\"middle\" height=\"30\">\r\n\t\t\t<div align=\"center\">FRACCION-49-4TRIM2023-OPINIONES-QUEJAS<\/div>\r\n\t\t\t<\/td>\r\n\t\t\t<td  valign=\"middle\">\r\n\t\t\t<div align=\"center\"><a href=\"https:\/\/segob.qroo.gob.mx\/wp-content\/uploads\/2024\/08\/FRACCION-49-4TRIM2023-OPINIONES-QUEJAS.docx\" target=\"_blank\">word<\/a><\/div>\r\n                        <\/td>\r\n\t\t<\/tr>\r\n <tr class=\"odd\">\r\n\t\t\t<td  valign=\"middle\">\r\n\t\t\t<div align=\"center\">3 trimestre de 2023<\/div>\r\n\t\t\t<\/td>\r\n\t\t\t<td  valign=\"middle\" height=\"30\">\r\n\t\t\t<div align=\"center\">FRACCION-49-3TRIM2023-OPINIONES-QUEJAS<\/div>\r\n\t\t\t<\/td>\r\n\t\t\t<td  valign=\"middle\">\r\n\t\t\t<div align=\"center\"><a href=\"https:\/\/segob.qroo.gob.mx\/wp-content\/uploads\/2024\/08\/FRACCION-49-3TRIM2023-OPINIONES-QUEJAS.docx\" target=\"_blank\">word<\/a><\/div>\r\n                        <\/td>\r\n\t\t<\/tr>\r\n <tr class=\"odd\">\r\n\t\t\t<td  valign=\"middle\">\r\n\t\t\t<div align=\"center\">2 trimestre de 2023<\/div>\r\n\t\t\t<\/td>\r\n\t\t\t<td  valign=\"middle\" height=\"30\">\r\n\t\t\t<div align=\"center\">FRACCION-49-2TRIM2023-OPINIONES-QUEJAS<\/div>\r\n\t\t\t<\/td>\r\n\t\t\t<td  valign=\"middle\">\r\n\t\t\t<div align=\"center\"><a href=\"https:\/\/segob.qroo.gob.mx\/wp-content\/uploads\/2024\/08\/FRACCION-49-2TRIM2023-OPINIONES-QUEJAS.docx\" target=\"_blank\">word<\/a><\/div>\r\n                        <\/td>\r\n\t\t<\/tr>\r\n <tr class=\"odd\">\r\n\t\t\t<td  valign=\"middle\">\r\n\t\t\t<div align=\"center\">1 trimestre de 2023<\/div>\r\n\t\t\t<\/td>\r\n\t\t\t<td  valign=\"middle\" height=\"30\">\r\n\t\t\t<div align=\"center\">FRACCION-49-ITRIM2023-OPINIONES-QUEJAS<\/div>\r\n\t\t\t<\/td>\r\n\t\t\t<td  valign=\"middle\">\r\n\t\t\t<div align=\"center\"><a href=\"https:\/\/segob.qroo.gob.mx\/wp-content\/uploads\/2024\/08\/FRACCION-49-ITRIM2023-OPINIONES-QUEJAS.docx\" target=\"_blank\">word<\/a><\/div>\r\n                        <\/td>\r\n\t\t<\/tr>\r\n\t<\/tbody>\r\n<\/table>\r\n\r\n<style>\r\ntable {border-collapse: collapse;width: 100%;color: #000000;margin: 25px 0 40px;}table{background-color: transparent;}table th{font-size: 16px;text-transform: uppercase;border: 1px solid #fff;background: #3f3f3f;   color: #ffffff;}table tr.even, table tr.odd {border-bottom: 1px solid #fff;background: #e4e4e4;font-size: 14px;}.file--application-pdf{background-image: url(https:\/\/preview.qroo.gob.mx\/core\/themes\/classy\/images\/icons\/application-pdf.png);}.file {padding-left: 20px;display: inline-block;min-height: 16px;background-repeat: no-repeat;background-position: left center;}<\/style>\t\t<\/div>\n\t\t\t\t<\/div>\n\t\t\t\t<div class=\"elementor-element elementor-element-be69f89 elementor-widget elementor-widget-spacer\" data-id=\"be69f89\" data-element_type=\"widget\" data-widget_type=\"spacer.default\">\n\t\t\t\t<div class=\"elementor-widget-container\">\n\t\t\t\t\t<div class=\"elementor-spacer\">\n\t\t\t<div class=\"elementor-spacer-inner\"><\/div>\n\t\t<\/div>\n\t\t\t\t<\/div>\n\t\t\t\t<\/div>\n\t\t\t\t\t<\/div>\n\t\t\t\t<\/div>\n\t\t\t\t<\/div>\n\t\t","protected":false},"excerpt":{"rendered":"<p>Mecanismo de presentaci\u00f3n directa de peticiones, opiniones, quejas, denuncias, o sugerencias Periodo Nombre del documento DESCARGAR &nbsp; 4 trimestre de 2024 FRACCION-49-4TRIM2024-OPINIONES-QUEJAS word 3 trimestre de 2024 FRACCION-49-3TRIM2024-OPINIONES-QUEJAS word 2 trimestre de 2024 FRACCION-49-2TRIM2024-OPINIONES-QUEJAS word 1 trimestre de 2024 FRACCION-49-ITRIM2024-OPINIONES-QUEJAS word 4 trimestre de 2023 FRACCION-49-4TRIM2023-OPINIONES-QUEJAS word 3 trimestre de 2023 FRACCION-49-3TRIM2023-OPINIONES-QUEJAS word 2 trimestre &#8230; <a title=\"Mecanismo de presentaci\u00f3n directa de peticiones, opiniones, quejas, denuncias, o sugerencias\" class=\"read-more\" href=\"https:\/\/qroo.gob.mx\/segob\/mecanismo-de-presentacion-directa-de-peticiones-opiniones-quejas-denuncias-o-sugerencias\/\" aria-label=\"Leer m\u00e1s sobre Mecanismo de presentaci\u00f3n directa de peticiones, opiniones, quejas, denuncias, o sugerencias\">Leer m\u00e1s<\/a><\/p>\n","protected":false},"author":3,"featured_media":0,"parent":0,"menu_order":0,"comment_status":"closed","ping_status":"closed","template":"","meta":{"footnotes":""},"class_list":["post-38331","page","type-page","status-publish"],"yoast_head":"<!-- This site is optimized with the Yoast SEO plugin v23.0 - https:\/\/yoast.com\/wordpress\/plugins\/seo\/ -->\n<title>Mecanismo de presentaci\u00f3n directa de peticiones, opiniones, quejas, denuncias, o sugerencias - Secretar\u00eda de Gobierno<\/title>\n<meta name=\"robots\" content=\"noindex, follow, max-snippet:-1, max-image-preview:large, max-video-preview:-1\" \/>\n<meta property=\"og:locale\" content=\"es_MX\" \/>\n<meta property=\"og:type\" content=\"article\" \/>\n<meta property=\"og:title\" content=\"Mecanismo de presentaci\u00f3n directa de peticiones, opiniones, quejas, denuncias, o sugerencias - Secretar\u00eda de Gobierno\" \/>\n<meta property=\"og:description\" content=\"Mecanismo de presentaci\u00f3n directa de peticiones, opiniones, quejas, denuncias, o sugerencias Periodo Nombre del documento DESCARGAR &nbsp; 4 trimestre de 2024 FRACCION-49-4TRIM2024-OPINIONES-QUEJAS word 3 trimestre de 2024 FRACCION-49-3TRIM2024-OPINIONES-QUEJAS word 2 trimestre de 2024 FRACCION-49-2TRIM2024-OPINIONES-QUEJAS word 1 trimestre de 2024 FRACCION-49-ITRIM2024-OPINIONES-QUEJAS word 4 trimestre de 2023 FRACCION-49-4TRIM2023-OPINIONES-QUEJAS word 3 trimestre de 2023 FRACCION-49-3TRIM2023-OPINIONES-QUEJAS word 2 trimestre ... Leer m\u00e1s\" \/>\n<meta property=\"og:url\" content=\"https:\/\/qroo.gob.mx\/segob\/mecanismo-de-presentacion-directa-de-peticiones-opiniones-quejas-denuncias-o-sugerencias\/\" \/>\n<meta property=\"og:site_name\" content=\"Secretar\u00eda de Gobierno\" \/>\n<meta property=\"article:modified_time\" content=\"2025-02-04T17:31:18+00:00\" \/>\n<meta name=\"twitter:card\" content=\"summary_large_image\" \/>\n<meta name=\"twitter:label1\" content=\"Tiempo de lectura\" \/>\n\t<meta name=\"twitter:data1\" content=\"1 minuto\" \/>\n<script type=\"application\/ld+json\" class=\"yoast-schema-graph\">{\"@context\":\"https:\/\/schema.org\",\"@graph\":[{\"@type\":\"WebPage\",\"@id\":\"https:\/\/qroo.gob.mx\/segob\/mecanismo-de-presentacion-directa-de-peticiones-opiniones-quejas-denuncias-o-sugerencias\/\",\"url\":\"https:\/\/qroo.gob.mx\/segob\/mecanismo-de-presentacion-directa-de-peticiones-opiniones-quejas-denuncias-o-sugerencias\/\",\"name\":\"Mecanismo de presentaci\u00f3n directa de peticiones, opiniones, quejas, denuncias, o sugerencias - Secretar\u00eda de Gobierno\",\"isPartOf\":{\"@id\":\"https:\/\/qroo.gob.mx\/segob\/#website\"},\"datePublished\":\"2024-08-28T19:06:28+00:00\",\"dateModified\":\"2025-02-04T17:31:18+00:00\",\"breadcrumb\":{\"@id\":\"https:\/\/qroo.gob.mx\/segob\/mecanismo-de-presentacion-directa-de-peticiones-opiniones-quejas-denuncias-o-sugerencias\/#breadcrumb\"},\"inLanguage\":\"es\",\"potentialAction\":[{\"@type\":\"ReadAction\",\"target\":[\"https:\/\/qroo.gob.mx\/segob\/mecanismo-de-presentacion-directa-de-peticiones-opiniones-quejas-denuncias-o-sugerencias\/\"]}]},{\"@type\":\"BreadcrumbList\",\"@id\":\"https:\/\/qroo.gob.mx\/segob\/mecanismo-de-presentacion-directa-de-peticiones-opiniones-quejas-denuncias-o-sugerencias\/#breadcrumb\",\"itemListElement\":[{\"@type\":\"ListItem\",\"position\":1,\"name\":\"Inicio\",\"item\":\"https:\/\/qroo.gob.mx\/segob\/\"},{\"@type\":\"ListItem\",\"position\":2,\"name\":\"Mecanismo de presentaci\u00f3n directa de peticiones, opiniones, quejas, denuncias, o sugerencias\"}]},{\"@type\":\"WebSite\",\"@id\":\"https:\/\/qroo.gob.mx\/segob\/#website\",\"url\":\"https:\/\/qroo.gob.mx\/segob\/\",\"name\":\"Secretar\u00eda de Gobierno\",\"description\":\"\",\"publisher\":{\"@id\":\"https:\/\/qroo.gob.mx\/segob\/#organization\"},\"potentialAction\":[{\"@type\":\"SearchAction\",\"target\":{\"@type\":\"EntryPoint\",\"urlTemplate\":\"https:\/\/qroo.gob.mx\/segob\/?s={search_term_string}\"},\"query-input\":\"required name=search_term_string\"}],\"inLanguage\":\"es\"},{\"@type\":\"Organization\",\"@id\":\"https:\/\/qroo.gob.mx\/segob\/#organization\",\"name\":\"Secretar\u00eda de Gobierno\",\"url\":\"https:\/\/qroo.gob.mx\/segob\/\",\"logo\":{\"@type\":\"ImageObject\",\"inLanguage\":\"es\",\"@id\":\"https:\/\/qroo.gob.mx\/segob\/#\/schema\/logo\/image\/\",\"url\":\"https:\/\/qroo.gob.mx\/segob\/wp-content\/uploads\/2024\/05\/cropped-SEGOB.png\",\"contentUrl\":\"https:\/\/qroo.gob.mx\/segob\/wp-content\/uploads\/2024\/05\/cropped-SEGOB.png\",\"width\":1613,\"height\":745,\"caption\":\"Secretar\u00eda de Gobierno\"},\"image\":{\"@id\":\"https:\/\/qroo.gob.mx\/segob\/#\/schema\/logo\/image\/\"}}]}<\/script>\n<!-- \/ Yoast SEO plugin. -->","yoast_head_json":{"title":"Mecanismo de presentaci\u00f3n directa de peticiones, opiniones, quejas, denuncias, o sugerencias - Secretar\u00eda de Gobierno","robots":{"index":"noindex","follow":"follow","max-snippet":"max-snippet:-1","max-image-preview":"max-image-preview:large","max-video-preview":"max-video-preview:-1"},"og_locale":"es_MX","og_type":"article","og_title":"Mecanismo de presentaci\u00f3n directa de peticiones, opiniones, quejas, denuncias, o sugerencias - Secretar\u00eda de Gobierno","og_description":"Mecanismo de presentaci\u00f3n directa de peticiones, opiniones, quejas, denuncias, o sugerencias Periodo Nombre del documento DESCARGAR &nbsp; 4 trimestre de 2024 FRACCION-49-4TRIM2024-OPINIONES-QUEJAS word 3 trimestre de 2024 FRACCION-49-3TRIM2024-OPINIONES-QUEJAS word 2 trimestre de 2024 FRACCION-49-2TRIM2024-OPINIONES-QUEJAS word 1 trimestre de 2024 FRACCION-49-ITRIM2024-OPINIONES-QUEJAS word 4 trimestre de 2023 FRACCION-49-4TRIM2023-OPINIONES-QUEJAS word 3 trimestre de 2023 FRACCION-49-3TRIM2023-OPINIONES-QUEJAS word 2 trimestre ... Leer m\u00e1s","og_url":"https:\/\/qroo.gob.mx\/segob\/mecanismo-de-presentacion-directa-de-peticiones-opiniones-quejas-denuncias-o-sugerencias\/","og_site_name":"Secretar\u00eda de Gobierno","article_modified_time":"2025-02-04T17:31:18+00:00","twitter_card":"summary_large_image","twitter_misc":{"Tiempo de lectura":"1 minuto"},"schema":{"@context":"https:\/\/schema.org","@graph":[{"@type":"WebPage","@id":"https:\/\/qroo.gob.mx\/segob\/mecanismo-de-presentacion-directa-de-peticiones-opiniones-quejas-denuncias-o-sugerencias\/","url":"https:\/\/qroo.gob.mx\/segob\/mecanismo-de-presentacion-directa-de-peticiones-opiniones-quejas-denuncias-o-sugerencias\/","name":"Mecanismo de presentaci\u00f3n directa de peticiones, opiniones, quejas, denuncias, o sugerencias - Secretar\u00eda de Gobierno","isPartOf":{"@id":"https:\/\/qroo.gob.mx\/segob\/#website"},"datePublished":"2024-08-28T19:06:28+00:00","dateModified":"2025-02-04T17:31:18+00:00","breadcrumb":{"@id":"https:\/\/qroo.gob.mx\/segob\/mecanismo-de-presentacion-directa-de-peticiones-opiniones-quejas-denuncias-o-sugerencias\/#breadcrumb"},"inLanguage":"es","potentialAction":[{"@type":"ReadAction","target":["https:\/\/qroo.gob.mx\/segob\/mecanismo-de-presentacion-directa-de-peticiones-opiniones-quejas-denuncias-o-sugerencias\/"]}]},{"@type":"BreadcrumbList","@id":"https:\/\/qroo.gob.mx\/segob\/mecanismo-de-presentacion-directa-de-peticiones-opiniones-quejas-denuncias-o-sugerencias\/#breadcrumb","itemListElement":[{"@type":"ListItem","position":1,"name":"Inicio","item":"https:\/\/qroo.gob.mx\/segob\/"},{"@type":"ListItem","position":2,"name":"Mecanismo de presentaci\u00f3n directa de peticiones, opiniones, quejas, denuncias, o sugerencias"}]},{"@type":"WebSite","@id":"https:\/\/qroo.gob.mx\/segob\/#website","url":"https:\/\/qroo.gob.mx\/segob\/","name":"Secretar\u00eda de Gobierno","description":"","publisher":{"@id":"https:\/\/qroo.gob.mx\/segob\/#organization"},"potentialAction":[{"@type":"SearchAction","target":{"@type":"EntryPoint","urlTemplate":"https:\/\/qroo.gob.mx\/segob\/?s={search_term_string}"},"query-input":"required name=search_term_string"}],"inLanguage":"es"},{"@type":"Organization","@id":"https:\/\/qroo.gob.mx\/segob\/#organization","name":"Secretar\u00eda de Gobierno","url":"https:\/\/qroo.gob.mx\/segob\/","logo":{"@type":"ImageObject","inLanguage":"es","@id":"https:\/\/qroo.gob.mx\/segob\/#\/schema\/logo\/image\/","url":"https:\/\/qroo.gob.mx\/segob\/wp-content\/uploads\/2024\/05\/cropped-SEGOB.png","contentUrl":"https:\/\/qroo.gob.mx\/segob\/wp-content\/uploads\/2024\/05\/cropped-SEGOB.png","width":1613,"height":745,"caption":"Secretar\u00eda de Gobierno"},"image":{"@id":"https:\/\/qroo.gob.mx\/segob\/#\/schema\/logo\/image\/"}}]}},"_links":{"self":[{"href":"https:\/\/qroo.gob.mx\/segob\/wp-json\/wp\/v2\/pages\/38331"}],"collection":[{"href":"https:\/\/qroo.gob.mx\/segob\/wp-json\/wp\/v2\/pages"}],"about":[{"href":"https:\/\/qroo.gob.mx\/segob\/wp-json\/wp\/v2\/types\/page"}],"author":[{"embeddable":true,"href":"https:\/\/qroo.gob.mx\/segob\/wp-json\/wp\/v2\/users\/3"}],"replies":[{"embeddable":true,"href":"https:\/\/qroo.gob.mx\/segob\/wp-json\/wp\/v2\/comments?post=38331"}],"version-history":[{"count":10,"href":"https:\/\/qroo.gob.mx\/segob\/wp-json\/wp\/v2\/pages\/38331\/revisions"}],"predecessor-version":[{"id":41104,"href":"https:\/\/qroo.gob.mx\/segob\/wp-json\/wp\/v2\/pages\/38331\/revisions\/41104"}],"wp:attachment":[{"href":"https:\/\/qroo.gob.mx\/segob\/wp-json\/wp\/v2\/media?parent=38331"}],"curies":[{"name":"wp","href":"https:\/\/api.w.org\/{rel}","templated":true}]}}