{"id":36713,"date":"2024-08-26T13:43:30","date_gmt":"2024-08-26T18:43:30","guid":{"rendered":"https:\/\/qroo.gob.mx\/segob\/?page_id=36713"},"modified":"2024-08-26T13:54:38","modified_gmt":"2024-08-26T18:54:38","slug":"contacto","status":"publish","type":"page","link":"https:\/\/qroo.gob.mx\/segob\/contacto\/","title":{"rendered":"Contacto"},"content":{"rendered":"\t\t<div data-elementor-type=\"wp-page\" data-elementor-id=\"36713\" class=\"elementor elementor-36713\">\n\t\t\t\t<div class=\"elementor-element elementor-element-cb2a80e e-flex e-con-boxed e-con e-parent\" data-id=\"cb2a80e\" data-element_type=\"container\">\n\t\t\t\t\t<div class=\"e-con-inner\">\n\t\t\t\t<div class=\"elementor-element elementor-element-3ee26b6 elementor-widget elementor-widget-spacer\" data-id=\"3ee26b6\" data-element_type=\"widget\" data-widget_type=\"spacer.default\">\n\t\t\t\t<div class=\"elementor-widget-container\">\n\t\t\t<style>\/*! elementor - v3.23.0 - 15-07-2024 *\/\n.elementor-column .elementor-spacer-inner{height:var(--spacer-size)}.e-con{--container-widget-width:100%}.e-con-inner>.elementor-widget-spacer,.e-con>.elementor-widget-spacer{width:var(--container-widget-width,var(--spacer-size));--align-self:var(--container-widget-align-self,initial);--flex-shrink:0}.e-con-inner>.elementor-widget-spacer>.elementor-widget-container,.e-con>.elementor-widget-spacer>.elementor-widget-container{height:100%;width:100%}.e-con-inner>.elementor-widget-spacer>.elementor-widget-container>.elementor-spacer,.e-con>.elementor-widget-spacer>.elementor-widget-container>.elementor-spacer{height:100%}.e-con-inner>.elementor-widget-spacer>.elementor-widget-container>.elementor-spacer>.elementor-spacer-inner,.e-con>.elementor-widget-spacer>.elementor-widget-container>.elementor-spacer>.elementor-spacer-inner{height:var(--container-widget-height,var(--spacer-size))}.e-con-inner>.elementor-widget-spacer.elementor-widget-empty,.e-con>.elementor-widget-spacer.elementor-widget-empty{position:relative;min-height:22px;min-width:22px}.e-con-inner>.elementor-widget-spacer.elementor-widget-empty .elementor-widget-empty-icon,.e-con>.elementor-widget-spacer.elementor-widget-empty .elementor-widget-empty-icon{position:absolute;top:0;bottom:0;left:0;right:0;margin:auto;padding:0;width:22px;height:22px}<\/style>\t\t<div class=\"elementor-spacer\">\n\t\t\t<div class=\"elementor-spacer-inner\"><\/div>\n\t\t<\/div>\n\t\t\t\t<\/div>\n\t\t\t\t<\/div>\n\t\t\t\t\t<\/div>\n\t\t\t\t<\/div>\n\t\t<div class=\"elementor-element elementor-element-4d40165 e-flex e-con-boxed e-con e-parent\" data-id=\"4d40165\" data-element_type=\"container\">\n\t\t\t\t\t<div class=\"e-con-inner\">\n\t\t\t\t<div class=\"elementor-element elementor-element-d8f24b3 elementor-widget elementor-widget-heading\" data-id=\"d8f24b3\" data-element_type=\"widget\" data-widget_type=\"heading.default\">\n\t\t\t\t<div class=\"elementor-widget-container\">\n\t\t\t<style>\/*! elementor - v3.23.0 - 15-07-2024 *\/\n.elementor-heading-title{padding:0;margin:0;line-height:1}.elementor-widget-heading .elementor-heading-title[class*=elementor-size-]>a{color:inherit;font-size:inherit;line-height:inherit}.elementor-widget-heading .elementor-heading-title.elementor-size-small{font-size:15px}.elementor-widget-heading .elementor-heading-title.elementor-size-medium{font-size:19px}.elementor-widget-heading .elementor-heading-title.elementor-size-large{font-size:29px}.elementor-widget-heading .elementor-heading-title.elementor-size-xl{font-size:39px}.elementor-widget-heading .elementor-heading-title.elementor-size-xxl{font-size:59px}<\/style><h1 class=\"elementor-heading-title elementor-size-default\">Contacto<\/h1>\t\t<\/div>\n\t\t\t\t<\/div>\n\t\t\t\t<div class=\"elementor-element elementor-element-8b9bbf3 elementor-widget elementor-widget-spacer\" data-id=\"8b9bbf3\" data-element_type=\"widget\" data-widget_type=\"spacer.default\">\n\t\t\t\t<div class=\"elementor-widget-container\">\n\t\t\t\t\t<div class=\"elementor-spacer\">\n\t\t\t<div class=\"elementor-spacer-inner\"><\/div>\n\t\t<\/div>\n\t\t\t\t<\/div>\n\t\t\t\t<\/div>\n\t\t\t\t\t<\/div>\n\t\t\t\t<\/div>\n\t\t<div class=\"elementor-element elementor-element-09cebc9 e-flex e-con-boxed e-con e-parent\" data-id=\"09cebc9\" data-element_type=\"container\">\n\t\t\t\t\t<div class=\"e-con-inner\">\n\t\t\t\t<div class=\"elementor-element elementor-element-5a50c6c elementor-widget elementor-widget-html\" data-id=\"5a50c6c\" data-element_type=\"widget\" data-widget_type=\"html.default\">\n\t\t\t\t<div class=\"elementor-widget-container\">\n\t\t\t<p><img decoding=\"async\" alt=\"Ubicaci\u00f3n de la dependencia\" data-entity-type=\"file\" data-entity-uuid=\"2cf52e38-eb1c-495a-af83-21ea8133d9f3\" height=\"50\" src=\"https:\/\/qroo.gob.mx\/segob\/wp-content\/uploads\/2024\/08\/icono_map_mark.png\" width=\"50\">&nbsp;<strong>Ubicaci\u00f3n de la dependencia<\/strong> <img decoding=\"async\" alt=\"Barra\" data-entity-type=\"file\" src=\"https:\/\/qroo.gob.mx\/segob\/wp-content\/uploads\/2024\/08\/barra_pantones_1.png\"><\/p>\n\n<div align=\"center\">\n<p>Chetumal, Quintana Roo, M\u00e9xico.<br>\nAnexo a Palacio de Gobierno<br>\nAv. 22 de Enero No.001 Col. Centro, C.P. 77000. Tel. 01 (983) 835 0550.<\/p>\n<!--===============Inserci\u00f3n de Mapa Google Segob Chetumal=============--><!--iframe frameborder=\"0\" height=\"200\" src=\"https:\/\/maps.google.com\/maps?hl=es&amp;q=Av+22+de+Enero+1%2C+Centro%2C+77000+Chetumal%2C+QROO%2C+M%C3%A9xico&amp;t=m&amp;z=15&amp;output=embed\" style=\"border:0\" width=\"100%\"><\/iframe--><!--==============Inserci\u00f3n de Imagen Segob Chetumal=================-->\n\n<p class=\"simple-gmap-link\"><a href=\"https:\/\/maps.google.com\/maps?q=Av+22+de+Enero+1%2C+Centro%2C+77000+Chetumal%2C+QROO%2C+M%C3%A9xico&amp;hl=es&amp;t=m&amp;z=15\" target=\"_blank\"><img decoding=\"async\" alt=\"S-C\" data-entity-type=\"file\" data-entity-uuid=\"d18e2b60-fd72-4847-b954-5653433483bd\" height=\"300\" src=\"https:\/\/qroo.gob.mx\/segob\/wp-content\/uploads\/2024\/08\/Segob-Chetumal-scaled.jpg\" width=\"70%\"><\/a><\/p>\n\n<p><a href=\"https:\/\/maps.google.com\/maps?q=Av+22+de+Enero+1%2C+Centro%2C+77000+Chetumal%2C+QROO%2C+M%C3%A9xico&amp;hl=es&amp;t=m&amp;z=15\" target=\"_blank\">Ampliar mapa...<\/a><\/p>\n\n<p>&nbsp;<\/p>\n\n<p>Canc\u00fan, Quintana Roo, M\u00e9xico<br>\nAv. Tulum No.22 y 23 SM2, Mz 13, CP.77500<\/p>\n<!--===============Inserci\u00f3n de Mapa Google Segob Canc\u00fan=============--><!--iframe allowfullscreen=\"\" frameborder=\"0\" height=\"200\" src=\"https:\/\/www.google.com\/maps\/embed?pb=!1m18!1m12!1m3!1d3720.5898280011015!2d-86.82755031590501!3d21.16871562131278!2m3!1f0!2f0!3f0!3m2!1i1024!2i768!4f13.1!3m3!1m2!1s0x8f4c2c0309632d1f%3A0xfcb22cff815a3721!2sGOBIERNO%20DEL%20ESTADO%20DE%20QUINTANA%20ROO!5e0!3m2!1ses-419!2smx!4v1573235503185!5m2!1ses-419!2smx\" style=\"border:0;\" width=\"100%\"><\/iframe--><!--==============Inserci\u00f3n de Imagen Segob Canc\u00fan=================-->\n\n<p class=\"simple-gmap-link\"><a href=\"https:\/\/maps.google.com\/maps?ll=21.168644,-86.825474&amp;z=16&amp;t=m&amp;hl=es-419&amp;gl=MX&amp;mapclient=embed&amp;cid=18208665719310792481\" target=\"_blank\"><img decoding=\"async\" alt=\"s-cn\" data-entity-type=\"file\" data-entity-uuid=\"83d053a8-66e0-4ada-ad89-c1cf0eede924\" height=\"300\" src=\"https:\/\/qroo.gob.mx\/segob\/wp-content\/uploads\/2024\/08\/Segob-Cancun_0.jpg\" width=\"70%\"><\/a><\/p>\n\n<p class=\"simple-gmap-link\"><a href=\"https:\/\/maps.google.com\/maps?ll=21.168644,-86.825474&amp;z=16&amp;t=m&amp;hl=es-419&amp;gl=MX&amp;mapclient=embed&amp;cid=18208665719310792481\" target=\"_blank\">Ampliar mapa...<\/a><\/p>\n<\/div>\t\t<\/div>\n\t\t\t\t<\/div>\n\t\t\t\t\t<\/div>\n\t\t\t\t<\/div>\n\t\t<div class=\"elementor-element elementor-element-1ccaca7 e-flex e-con-boxed e-con e-parent\" data-id=\"1ccaca7\" data-element_type=\"container\">\n\t\t\t\t\t<div class=\"e-con-inner\">\n\t\t\t\t<div class=\"elementor-element elementor-element-456363c elementor-widget elementor-widget-spacer\" data-id=\"456363c\" data-element_type=\"widget\" data-widget_type=\"spacer.default\">\n\t\t\t\t<div class=\"elementor-widget-container\">\n\t\t\t\t\t<div class=\"elementor-spacer\">\n\t\t\t<div class=\"elementor-spacer-inner\"><\/div>\n\t\t<\/div>\n\t\t\t\t<\/div>\n\t\t\t\t<\/div>\n\t\t\t\t\t<\/div>\n\t\t\t\t<\/div>\n\t\t\t\t<\/div>\n\t\t","protected":false},"excerpt":{"rendered":"<p>Contacto &nbsp;Ubicaci\u00f3n de la dependencia Chetumal, Quintana Roo, M\u00e9xico. Anexo a Palacio de Gobierno Av. 22 de Enero No.001 Col. Centro, C.P. 77000. Tel. 01 (983) 835 0550. Ampliar mapa&#8230; &nbsp; Canc\u00fan, Quintana Roo, M\u00e9xico Av. Tulum No.22 y 23 SM2, Mz 13, CP.77500 Ampliar mapa&#8230;<\/p>\n","protected":false},"author":3,"featured_media":0,"parent":0,"menu_order":0,"comment_status":"closed","ping_status":"closed","template":"","meta":{"footnotes":""},"class_list":["post-36713","page","type-page","status-publish"],"yoast_head":"<!-- This site is optimized with the Yoast SEO plugin v23.0 - https:\/\/yoast.com\/wordpress\/plugins\/seo\/ -->\n<title>Contacto - Secretar\u00eda de Gobierno<\/title>\n<meta name=\"robots\" content=\"noindex, follow, max-snippet:-1, max-image-preview:large, max-video-preview:-1\" \/>\n<meta property=\"og:locale\" content=\"es_MX\" \/>\n<meta property=\"og:type\" content=\"article\" \/>\n<meta property=\"og:title\" content=\"Contacto - Secretar\u00eda de Gobierno\" \/>\n<meta property=\"og:description\" content=\"Contacto &nbsp;Ubicaci\u00f3n de la dependencia Chetumal, Quintana Roo, M\u00e9xico. Anexo a Palacio de Gobierno Av. 22 de Enero No.001 Col. Centro, C.P. 77000. Tel. 01 (983) 835 0550. Ampliar mapa&#8230; &nbsp; Canc\u00fan, Quintana Roo, M\u00e9xico Av. Tulum No.22 y 23 SM2, Mz 13, CP.77500 Ampliar mapa&#8230;\" \/>\n<meta property=\"og:url\" content=\"https:\/\/qroo.gob.mx\/segob\/contacto\/\" \/>\n<meta property=\"og:site_name\" content=\"Secretar\u00eda de Gobierno\" \/>\n<meta property=\"article:modified_time\" content=\"2024-08-26T18:54:38+00:00\" \/>\n<meta property=\"og:image\" content=\"https:\/\/qroo.gob.mx\/segob\/wp-content\/uploads\/2024\/08\/icono_map_mark.png\" \/>\n<meta name=\"twitter:card\" content=\"summary_large_image\" \/>\n<meta name=\"twitter:label1\" content=\"Tiempo de lectura\" \/>\n\t<meta name=\"twitter:data1\" content=\"2 minutos\" \/>\n<script type=\"application\/ld+json\" class=\"yoast-schema-graph\">{\"@context\":\"https:\/\/schema.org\",\"@graph\":[{\"@type\":\"WebPage\",\"@id\":\"https:\/\/qroo.gob.mx\/segob\/contacto\/\",\"url\":\"https:\/\/qroo.gob.mx\/segob\/contacto\/\",\"name\":\"Contacto - Secretar\u00eda de Gobierno\",\"isPartOf\":{\"@id\":\"https:\/\/qroo.gob.mx\/segob\/#website\"},\"primaryImageOfPage\":{\"@id\":\"https:\/\/qroo.gob.mx\/segob\/contacto\/#primaryimage\"},\"image\":{\"@id\":\"https:\/\/qroo.gob.mx\/segob\/contacto\/#primaryimage\"},\"thumbnailUrl\":\"https:\/\/qroo.gob.mx\/segob\/wp-content\/uploads\/2024\/08\/icono_map_mark.png\",\"datePublished\":\"2024-08-26T18:43:30+00:00\",\"dateModified\":\"2024-08-26T18:54:38+00:00\",\"breadcrumb\":{\"@id\":\"https:\/\/qroo.gob.mx\/segob\/contacto\/#breadcrumb\"},\"inLanguage\":\"es\",\"potentialAction\":[{\"@type\":\"ReadAction\",\"target\":[\"https:\/\/qroo.gob.mx\/segob\/contacto\/\"]}]},{\"@type\":\"ImageObject\",\"inLanguage\":\"es\",\"@id\":\"https:\/\/qroo.gob.mx\/segob\/contacto\/#primaryimage\",\"url\":\"https:\/\/qroo.gob.mx\/segob\/wp-content\/uploads\/2024\/08\/icono_map_mark.png\",\"contentUrl\":\"https:\/\/qroo.gob.mx\/segob\/wp-content\/uploads\/2024\/08\/icono_map_mark.png\",\"width\":120,\"height\":120},{\"@type\":\"BreadcrumbList\",\"@id\":\"https:\/\/qroo.gob.mx\/segob\/contacto\/#breadcrumb\",\"itemListElement\":[{\"@type\":\"ListItem\",\"position\":1,\"name\":\"Inicio\",\"item\":\"https:\/\/qroo.gob.mx\/segob\/\"},{\"@type\":\"ListItem\",\"position\":2,\"name\":\"Contacto\"}]},{\"@type\":\"WebSite\",\"@id\":\"https:\/\/qroo.gob.mx\/segob\/#website\",\"url\":\"https:\/\/qroo.gob.mx\/segob\/\",\"name\":\"Secretar\u00eda de Gobierno\",\"description\":\"\",\"publisher\":{\"@id\":\"https:\/\/qroo.gob.mx\/segob\/#organization\"},\"potentialAction\":[{\"@type\":\"SearchAction\",\"target\":{\"@type\":\"EntryPoint\",\"urlTemplate\":\"https:\/\/qroo.gob.mx\/segob\/?s={search_term_string}\"},\"query-input\":\"required name=search_term_string\"}],\"inLanguage\":\"es\"},{\"@type\":\"Organization\",\"@id\":\"https:\/\/qroo.gob.mx\/segob\/#organization\",\"name\":\"Secretar\u00eda de Gobierno\",\"url\":\"https:\/\/qroo.gob.mx\/segob\/\",\"logo\":{\"@type\":\"ImageObject\",\"inLanguage\":\"es\",\"@id\":\"https:\/\/qroo.gob.mx\/segob\/#\/schema\/logo\/image\/\",\"url\":\"https:\/\/qroo.gob.mx\/segob\/wp-content\/uploads\/2024\/05\/cropped-SEGOB.png\",\"contentUrl\":\"https:\/\/qroo.gob.mx\/segob\/wp-content\/uploads\/2024\/05\/cropped-SEGOB.png\",\"width\":1613,\"height\":745,\"caption\":\"Secretar\u00eda de Gobierno\"},\"image\":{\"@id\":\"https:\/\/qroo.gob.mx\/segob\/#\/schema\/logo\/image\/\"}}]}<\/script>\n<!-- \/ Yoast SEO plugin. -->","yoast_head_json":{"title":"Contacto - Secretar\u00eda de Gobierno","robots":{"index":"noindex","follow":"follow","max-snippet":"max-snippet:-1","max-image-preview":"max-image-preview:large","max-video-preview":"max-video-preview:-1"},"og_locale":"es_MX","og_type":"article","og_title":"Contacto - Secretar\u00eda de Gobierno","og_description":"Contacto &nbsp;Ubicaci\u00f3n de la dependencia Chetumal, Quintana Roo, M\u00e9xico. Anexo a Palacio de Gobierno Av. 22 de Enero No.001 Col. Centro, C.P. 77000. Tel. 01 (983) 835 0550. Ampliar mapa&#8230; &nbsp; Canc\u00fan, Quintana Roo, M\u00e9xico Av. Tulum No.22 y 23 SM2, Mz 13, CP.77500 Ampliar mapa&#8230;","og_url":"https:\/\/qroo.gob.mx\/segob\/contacto\/","og_site_name":"Secretar\u00eda de Gobierno","article_modified_time":"2024-08-26T18:54:38+00:00","og_image":[{"url":"https:\/\/qroo.gob.mx\/segob\/wp-content\/uploads\/2024\/08\/icono_map_mark.png"}],"twitter_card":"summary_large_image","twitter_misc":{"Tiempo de lectura":"2 minutos"},"schema":{"@context":"https:\/\/schema.org","@graph":[{"@type":"WebPage","@id":"https:\/\/qroo.gob.mx\/segob\/contacto\/","url":"https:\/\/qroo.gob.mx\/segob\/contacto\/","name":"Contacto - Secretar\u00eda de Gobierno","isPartOf":{"@id":"https:\/\/qroo.gob.mx\/segob\/#website"},"primaryImageOfPage":{"@id":"https:\/\/qroo.gob.mx\/segob\/contacto\/#primaryimage"},"image":{"@id":"https:\/\/qroo.gob.mx\/segob\/contacto\/#primaryimage"},"thumbnailUrl":"https:\/\/qroo.gob.mx\/segob\/wp-content\/uploads\/2024\/08\/icono_map_mark.png","datePublished":"2024-08-26T18:43:30+00:00","dateModified":"2024-08-26T18:54:38+00:00","breadcrumb":{"@id":"https:\/\/qroo.gob.mx\/segob\/contacto\/#breadcrumb"},"inLanguage":"es","potentialAction":[{"@type":"ReadAction","target":["https:\/\/qroo.gob.mx\/segob\/contacto\/"]}]},{"@type":"ImageObject","inLanguage":"es","@id":"https:\/\/qroo.gob.mx\/segob\/contacto\/#primaryimage","url":"https:\/\/qroo.gob.mx\/segob\/wp-content\/uploads\/2024\/08\/icono_map_mark.png","contentUrl":"https:\/\/qroo.gob.mx\/segob\/wp-content\/uploads\/2024\/08\/icono_map_mark.png","width":120,"height":120},{"@type":"BreadcrumbList","@id":"https:\/\/qroo.gob.mx\/segob\/contacto\/#breadcrumb","itemListElement":[{"@type":"ListItem","position":1,"name":"Inicio","item":"https:\/\/qroo.gob.mx\/segob\/"},{"@type":"ListItem","position":2,"name":"Contacto"}]},{"@type":"WebSite","@id":"https:\/\/qroo.gob.mx\/segob\/#website","url":"https:\/\/qroo.gob.mx\/segob\/","name":"Secretar\u00eda de Gobierno","description":"","publisher":{"@id":"https:\/\/qroo.gob.mx\/segob\/#organization"},"potentialAction":[{"@type":"SearchAction","target":{"@type":"EntryPoint","urlTemplate":"https:\/\/qroo.gob.mx\/segob\/?s={search_term_string}"},"query-input":"required name=search_term_string"}],"inLanguage":"es"},{"@type":"Organization","@id":"https:\/\/qroo.gob.mx\/segob\/#organization","name":"Secretar\u00eda de Gobierno","url":"https:\/\/qroo.gob.mx\/segob\/","logo":{"@type":"ImageObject","inLanguage":"es","@id":"https:\/\/qroo.gob.mx\/segob\/#\/schema\/logo\/image\/","url":"https:\/\/qroo.gob.mx\/segob\/wp-content\/uploads\/2024\/05\/cropped-SEGOB.png","contentUrl":"https:\/\/qroo.gob.mx\/segob\/wp-content\/uploads\/2024\/05\/cropped-SEGOB.png","width":1613,"height":745,"caption":"Secretar\u00eda de Gobierno"},"image":{"@id":"https:\/\/qroo.gob.mx\/segob\/#\/schema\/logo\/image\/"}}]}},"_links":{"self":[{"href":"https:\/\/qroo.gob.mx\/segob\/wp-json\/wp\/v2\/pages\/36713"}],"collection":[{"href":"https:\/\/qroo.gob.mx\/segob\/wp-json\/wp\/v2\/pages"}],"about":[{"href":"https:\/\/qroo.gob.mx\/segob\/wp-json\/wp\/v2\/types\/page"}],"author":[{"embeddable":true,"href":"https:\/\/qroo.gob.mx\/segob\/wp-json\/wp\/v2\/users\/3"}],"replies":[{"embeddable":true,"href":"https:\/\/qroo.gob.mx\/segob\/wp-json\/wp\/v2\/comments?post=36713"}],"version-history":[{"count":7,"href":"https:\/\/qroo.gob.mx\/segob\/wp-json\/wp\/v2\/pages\/36713\/revisions"}],"predecessor-version":[{"id":36725,"href":"https:\/\/qroo.gob.mx\/segob\/wp-json\/wp\/v2\/pages\/36713\/revisions\/36725"}],"wp:attachment":[{"href":"https:\/\/qroo.gob.mx\/segob\/wp-json\/wp\/v2\/media?parent=36713"}],"curies":[{"name":"wp","href":"https:\/\/api.w.org\/{rel}","templated":true}]}}