{"id":36694,"date":"2024-08-26T13:22:36","date_gmt":"2024-08-26T18:22:36","guid":{"rendered":"https:\/\/qroo.gob.mx\/segob\/?page_id=36694"},"modified":"2024-08-26T13:27:39","modified_gmt":"2024-08-26T18:27:39","slug":"entidades","status":"publish","type":"page","link":"https:\/\/qroo.gob.mx\/segob\/entidades\/","title":{"rendered":"Entidades"},"content":{"rendered":"\t\t<div data-elementor-type=\"wp-page\" data-elementor-id=\"36694\" class=\"elementor elementor-36694\">\n\t\t\t\t<div class=\"elementor-element elementor-element-9b9e258 e-flex e-con-boxed e-con e-parent\" data-id=\"9b9e258\" data-element_type=\"container\">\n\t\t\t\t\t<div class=\"e-con-inner\">\n\t\t\t\t<div class=\"elementor-element elementor-element-c847b05 elementor-widget elementor-widget-spacer\" data-id=\"c847b05\" data-element_type=\"widget\" data-widget_type=\"spacer.default\">\n\t\t\t\t<div class=\"elementor-widget-container\">\n\t\t\t<style>\/*! elementor - v3.23.0 - 15-07-2024 *\/\n.elementor-column .elementor-spacer-inner{height:var(--spacer-size)}.e-con{--container-widget-width:100%}.e-con-inner>.elementor-widget-spacer,.e-con>.elementor-widget-spacer{width:var(--container-widget-width,var(--spacer-size));--align-self:var(--container-widget-align-self,initial);--flex-shrink:0}.e-con-inner>.elementor-widget-spacer>.elementor-widget-container,.e-con>.elementor-widget-spacer>.elementor-widget-container{height:100%;width:100%}.e-con-inner>.elementor-widget-spacer>.elementor-widget-container>.elementor-spacer,.e-con>.elementor-widget-spacer>.elementor-widget-container>.elementor-spacer{height:100%}.e-con-inner>.elementor-widget-spacer>.elementor-widget-container>.elementor-spacer>.elementor-spacer-inner,.e-con>.elementor-widget-spacer>.elementor-widget-container>.elementor-spacer>.elementor-spacer-inner{height:var(--container-widget-height,var(--spacer-size))}.e-con-inner>.elementor-widget-spacer.elementor-widget-empty,.e-con>.elementor-widget-spacer.elementor-widget-empty{position:relative;min-height:22px;min-width:22px}.e-con-inner>.elementor-widget-spacer.elementor-widget-empty .elementor-widget-empty-icon,.e-con>.elementor-widget-spacer.elementor-widget-empty .elementor-widget-empty-icon{position:absolute;top:0;bottom:0;left:0;right:0;margin:auto;padding:0;width:22px;height:22px}<\/style>\t\t<div class=\"elementor-spacer\">\n\t\t\t<div class=\"elementor-spacer-inner\"><\/div>\n\t\t<\/div>\n\t\t\t\t<\/div>\n\t\t\t\t<\/div>\n\t\t\t\t\t<\/div>\n\t\t\t\t<\/div>\n\t\t<div class=\"elementor-element elementor-element-fd9fbab e-flex e-con-boxed e-con e-parent\" data-id=\"fd9fbab\" data-element_type=\"container\">\n\t\t\t\t\t<div class=\"e-con-inner\">\n\t\t\t\t<div class=\"elementor-element elementor-element-dbb8732 elementor-widget elementor-widget-heading\" data-id=\"dbb8732\" data-element_type=\"widget\" data-widget_type=\"heading.default\">\n\t\t\t\t<div class=\"elementor-widget-container\">\n\t\t\t<style>\/*! elementor - v3.23.0 - 15-07-2024 *\/\n.elementor-heading-title{padding:0;margin:0;line-height:1}.elementor-widget-heading .elementor-heading-title[class*=elementor-size-]>a{color:inherit;font-size:inherit;line-height:inherit}.elementor-widget-heading .elementor-heading-title.elementor-size-small{font-size:15px}.elementor-widget-heading .elementor-heading-title.elementor-size-medium{font-size:19px}.elementor-widget-heading .elementor-heading-title.elementor-size-large{font-size:29px}.elementor-widget-heading .elementor-heading-title.elementor-size-xl{font-size:39px}.elementor-widget-heading .elementor-heading-title.elementor-size-xxl{font-size:59px}<\/style><h1 class=\"elementor-heading-title elementor-size-default\">Entidades<\/h1>\t\t<\/div>\n\t\t\t\t<\/div>\n\t\t\t\t<div class=\"elementor-element elementor-element-acf1aef elementor-widget elementor-widget-spacer\" data-id=\"acf1aef\" data-element_type=\"widget\" data-widget_type=\"spacer.default\">\n\t\t\t\t<div class=\"elementor-widget-container\">\n\t\t\t\t\t<div class=\"elementor-spacer\">\n\t\t\t<div class=\"elementor-spacer-inner\"><\/div>\n\t\t<\/div>\n\t\t\t\t<\/div>\n\t\t\t\t<\/div>\n\t\t\t\t\t<\/div>\n\t\t\t\t<\/div>\n\t\t<div class=\"elementor-element elementor-element-cb3f92a e-flex e-con-boxed e-con e-parent\" data-id=\"cb3f92a\" data-element_type=\"container\">\n\t\t\t\t\t<div class=\"e-con-inner\">\n\t\t\t\t<div class=\"elementor-element elementor-element-bd45361 elementor-widget elementor-widget-html\" data-id=\"bd45361\" data-element_type=\"widget\" data-widget_type=\"html.default\">\n\t\t\t\t<div class=\"elementor-widget-container\">\n\t\t\t<ul>\r\n<li class=\"text-align-justify\"><b><a href=\"https:\/\/qroo.gob.mx\/apiqroo\" target=\"_blank\" rel=\"noopener\">Administraci\u00f3n Portuaria Integral de Quintana Roo S.A de C.V.<\/a><\/b><\/li>\r\n<li class=\"text-align-justify\"><b><a href=\"https:\/\/qroo.gob.mx\/agepro\/\" target=\"_blank\" rel=\"noopener\">Agencia de Proyectos Estrat\u00e9gicos del Estado de Quintana Roo<\/a><\/b><\/li>\r\n<li class=\"text-align-justify\"><b><a href=\"https:\/\/www.qroo.gob.mx\/eva\" target=\"_blank\" rel=\"noopener\">Centro de Estudios de Bachillerato T\u00e9cnico Eva S\u00e1mano de L\u00f3pez Mateos<\/a><\/b><\/li>\r\n<li class=\"text-align-justify\"><b><a href=\"http:\/\/www.cobaqroo.edu.mx\/\" target=\"_blank\" rel=\"noopener\">Colegio de Bachilleres del Estado de Quintana Roo<\/a><\/b><\/li>\r\n<li class=\"text-align-justify\"><b><a href=\"http:\/\/www.conalepquintanaroo.edu.mx\/\" target=\"_blank\" rel=\"noopener\">Colegio de Educaci\u00f3n Profesional T\u00e9cnica del Estado de Quintana Roo<\/a><\/b><\/li>\r\n<li class=\"text-align-justify\"><b><a href=\"http:\/\/www.cecyteqroo.edu.mx\/portal\/\" target=\"_blank\" rel=\"noopener\">Colegio de Estudios Cient\u00edficos y Tecnol\u00f3gicos<\/a><\/b><\/li>\r\n<li class=\"text-align-justify\"><b><a href=\"https:\/\/qroo.gob.mx\/capa\/\" target=\"_blank\" rel=\"noopener\">Comisi\u00f3n de Agua Potable y Alcantarillado<\/a><\/b><\/li>\r\n<li class=\"text-align-justify\"><b><a href=\"https:\/\/qroo.gob.mx\/cojudeq\/\" target=\"_blank\" rel=\"noopener\">Comisi\u00f3n para la Juventud y el Deporte de Quintana Roo<\/a><\/b><\/li>\r\n<li class=\"text-align-justify\"><b><a href=\"https:\/\/qroo.gob.mx\/coqcyt\" target=\"_blank\" rel=\"noopener\">Consejo Quintanarroense de Ciencia y Tecnolog\u00eda<\/a><\/b><\/li>\r\n<li class=\"text-align-justify\"><b><a href=\"http:\/\/www.fpmc.qroo.gob.mx\/\" target=\"_blank\" rel=\"noopener\">Fundaci\u00f3n de Parques y Museos de Cozumel<\/a><\/b><\/li>\r\n<li class=\"text-align-justify\"><b><a href=\"http:\/\/www.invernaderomaya.com\/hm2012\/\" target=\"_blank\" rel=\"noopener\">Hidropon\u00eda Maya S.A. de C.V.<\/a><\/b><\/li>\r\n<li class=\"text-align-justify\"><b><a href=\"https:\/\/qroo.gob.mx\/icatqr\/\" target=\"_blank\" rel=\"noopener\">Instituto de Capacitaci\u00f3n para el Trabajo<\/a><\/b><\/li>\r\n<li class=\"text-align-justify\"><b><a href=\"https:\/\/qroo.gob.mx\/ifeqroo\/\" target=\"_blank\" rel=\"noopener\">Instituto de Infraestructura F\u00edsica Educativa del Estado de Quintana Roo<\/a><\/b><\/li>\r\n<li class=\"text-align-justify\"><b><a href=\"https:\/\/qroo.gob.mx\/ieeja\/\" target=\"_blank\" rel=\"noopener\">Instituto Estatal para la Educaci\u00f3n J\u00f3venes y Adultos<\/a><\/b><\/li>\r\n<li class=\"text-align-justify\"><b><a href=\"https:\/\/qroo.gob.mx\/iqm\/\" target=\"_blank\" rel=\"noopener\">Instituto Quintanarroense de la Mujer<\/a><\/b><\/li>\r\n<li class=\"text-align-justify\"><b><a href=\"http:\/\/www.itscarrillopuerto.edu.mx\/\" target=\"_blank\" rel=\"noopener\">Instituto Tecnol\u00f3gico Superior de F.C.P.<\/a><\/b><\/li>\r\n<li class=\"text-align-justify\"><b><a href=\"http:\/\/www.seq.gob.mx\" target=\"_blank\" rel=\"noopener\">Servicios Educativos de Q.Roo<\/a><\/b><\/li>\r\n<li class=\"text-align-justify\"><b><a href=\"http:\/\/salud.qroo.gob.mx\/\" target=\"_blank\" rel=\"noopener\">Servicios Estatales de Salud<\/a><\/b><\/li>\r\n<li class=\"text-align-justify\"><b><a href=\"https:\/\/qroo.gob.mx\/dif\/\" target=\"_blank\" rel=\"noopener\">Sistema para el Desarrollo Integral de la Familia<\/a><\/b><\/li>\r\n<li class=\"text-align-justify\"><b><a href=\"http:\/\/www.sqcs.com.mx\/\" target=\"_blank\" rel=\"noopener\">Sistema Quintanarroense de Comunicaci\u00f3n Social<\/a><\/b><\/li>\r\n<li class=\"text-align-justify\"><b><a href=\"http:\/\/www.uqroo.mx\/\" target=\"_blank\" rel=\"noopener\">Universidad de Quintana Roo<\/a><\/b><\/li>\r\n<li class=\"text-align-justify\"><b><a href=\"https:\/\/www.unicaribe.mx\/\" target=\"_blank\" rel=\"noopener\">Universidad del Caribe<\/a><\/b><\/li>\r\n<li class=\"text-align-justify\"><b><a href=\"http:\/\/www.uimqroo.edu.mx\/\" target=\"_blank\" rel=\"noopener\">Universidad Intercultural Maya de Quintana Roo<\/a><\/b><\/li>\r\n<li class=\"text-align-justify\"><b><a href=\"http:\/\/www.upb.edu.mx\/\" target=\"_blank\" rel=\"noopener\">Universidad Polit\u00e9cnica de Bacalar<\/a><\/b><\/li>\r\n<li class=\"text-align-justify\"><b><a href=\"http:\/\/www.upqroo.mx\/\" target=\"_blank\" rel=\"noopener\">Universidad Polit\u00e9cnica de Quintana Roo<\/a><\/b><\/li>\r\n<li class=\"text-align-justify\"><b><a href=\"http:\/\/www.utcancun.edu.mx\/\" target=\"_blank\" rel=\"noopener\">Universidad Tecnol\u00f3gica de Canc\u00fan<\/a><\/b><\/li>\r\n<li class=\"text-align-justify\"><b><a href=\"http:\/\/www.utchetumal.edu.mx\/\" target=\"_blank\" rel=\"noopener\">Universidad Tecnol\u00f3gica de Chetumal<\/a><\/b><\/li>\r\n<li class=\"text-align-justify\"><b><a href=\"http:\/\/www.utrivieramaya.edu.mx\" target=\"_blank\" rel=\"noopener\">Universidad Tecnol\u00f3gica de la Riviera Maya<\/a><\/b><\/li>\r\n<\/ul>\t\t<\/div>\n\t\t\t\t<\/div>\n\t\t\t\t\t<\/div>\n\t\t\t\t<\/div>\n\t\t<div class=\"elementor-element elementor-element-adb245d e-flex e-con-boxed e-con e-parent\" data-id=\"adb245d\" data-element_type=\"container\">\n\t\t\t\t\t<div class=\"e-con-inner\">\n\t\t\t\t<div class=\"elementor-element elementor-element-1cd4a80 elementor-widget elementor-widget-spacer\" data-id=\"1cd4a80\" data-element_type=\"widget\" data-widget_type=\"spacer.default\">\n\t\t\t\t<div class=\"elementor-widget-container\">\n\t\t\t\t\t<div class=\"elementor-spacer\">\n\t\t\t<div class=\"elementor-spacer-inner\"><\/div>\n\t\t<\/div>\n\t\t\t\t<\/div>\n\t\t\t\t<\/div>\n\t\t\t\t\t<\/div>\n\t\t\t\t<\/div>\n\t\t\t\t<\/div>\n\t\t","protected":false},"excerpt":{"rendered":"<p>Entidades Administraci\u00f3n Portuaria Integral de Quintana Roo S.A de C.V. Agencia de Proyectos Estrat\u00e9gicos del Estado de Quintana Roo Centro de Estudios de Bachillerato T\u00e9cnico Eva S\u00e1mano de L\u00f3pez Mateos Colegio de Bachilleres del Estado de Quintana Roo Colegio de Educaci\u00f3n Profesional T\u00e9cnica del Estado de Quintana Roo Colegio de Estudios Cient\u00edficos y Tecnol\u00f3gicos Comisi\u00f3n &#8230; <a title=\"Entidades\" class=\"read-more\" href=\"https:\/\/qroo.gob.mx\/segob\/entidades\/\" aria-label=\"Leer m\u00e1s sobre Entidades\">Leer m\u00e1s<\/a><\/p>\n","protected":false},"author":3,"featured_media":0,"parent":0,"menu_order":0,"comment_status":"closed","ping_status":"closed","template":"","meta":{"footnotes":""},"class_list":["post-36694","page","type-page","status-publish"],"yoast_head":"<!-- This site is optimized with the Yoast SEO plugin v23.0 - https:\/\/yoast.com\/wordpress\/plugins\/seo\/ -->\n<title>Entidades - Secretar\u00eda de Gobierno<\/title>\n<meta name=\"robots\" content=\"noindex, follow, max-snippet:-1, max-image-preview:large, max-video-preview:-1\" \/>\n<meta property=\"og:locale\" content=\"es_MX\" \/>\n<meta property=\"og:type\" content=\"article\" \/>\n<meta property=\"og:title\" content=\"Entidades - Secretar\u00eda de Gobierno\" \/>\n<meta property=\"og:description\" content=\"Entidades Administraci\u00f3n Portuaria Integral de Quintana Roo S.A de C.V. Agencia de Proyectos Estrat\u00e9gicos del Estado de Quintana Roo Centro de Estudios de Bachillerato T\u00e9cnico Eva S\u00e1mano de L\u00f3pez Mateos Colegio de Bachilleres del Estado de Quintana Roo Colegio de Educaci\u00f3n Profesional T\u00e9cnica del Estado de Quintana Roo Colegio de Estudios Cient\u00edficos y Tecnol\u00f3gicos Comisi\u00f3n ... Leer m\u00e1s\" \/>\n<meta property=\"og:url\" content=\"https:\/\/qroo.gob.mx\/segob\/entidades\/\" \/>\n<meta property=\"og:site_name\" content=\"Secretar\u00eda de Gobierno\" \/>\n<meta property=\"article:modified_time\" content=\"2024-08-26T18:27:39+00:00\" \/>\n<meta name=\"twitter:card\" content=\"summary_large_image\" \/>\n<meta name=\"twitter:label1\" content=\"Tiempo de lectura\" \/>\n\t<meta name=\"twitter:data1\" content=\"1 minuto\" \/>\n<script type=\"application\/ld+json\" class=\"yoast-schema-graph\">{\"@context\":\"https:\/\/schema.org\",\"@graph\":[{\"@type\":\"WebPage\",\"@id\":\"https:\/\/qroo.gob.mx\/segob\/entidades\/\",\"url\":\"https:\/\/qroo.gob.mx\/segob\/entidades\/\",\"name\":\"Entidades - Secretar\u00eda de Gobierno\",\"isPartOf\":{\"@id\":\"https:\/\/qroo.gob.mx\/segob\/#website\"},\"datePublished\":\"2024-08-26T18:22:36+00:00\",\"dateModified\":\"2024-08-26T18:27:39+00:00\",\"breadcrumb\":{\"@id\":\"https:\/\/qroo.gob.mx\/segob\/entidades\/#breadcrumb\"},\"inLanguage\":\"es\",\"potentialAction\":[{\"@type\":\"ReadAction\",\"target\":[\"https:\/\/qroo.gob.mx\/segob\/entidades\/\"]}]},{\"@type\":\"BreadcrumbList\",\"@id\":\"https:\/\/qroo.gob.mx\/segob\/entidades\/#breadcrumb\",\"itemListElement\":[{\"@type\":\"ListItem\",\"position\":1,\"name\":\"Inicio\",\"item\":\"https:\/\/qroo.gob.mx\/segob\/\"},{\"@type\":\"ListItem\",\"position\":2,\"name\":\"Entidades\"}]},{\"@type\":\"WebSite\",\"@id\":\"https:\/\/qroo.gob.mx\/segob\/#website\",\"url\":\"https:\/\/qroo.gob.mx\/segob\/\",\"name\":\"Secretar\u00eda de Gobierno\",\"description\":\"\",\"publisher\":{\"@id\":\"https:\/\/qroo.gob.mx\/segob\/#organization\"},\"potentialAction\":[{\"@type\":\"SearchAction\",\"target\":{\"@type\":\"EntryPoint\",\"urlTemplate\":\"https:\/\/qroo.gob.mx\/segob\/?s={search_term_string}\"},\"query-input\":\"required name=search_term_string\"}],\"inLanguage\":\"es\"},{\"@type\":\"Organization\",\"@id\":\"https:\/\/qroo.gob.mx\/segob\/#organization\",\"name\":\"Secretar\u00eda de Gobierno\",\"url\":\"https:\/\/qroo.gob.mx\/segob\/\",\"logo\":{\"@type\":\"ImageObject\",\"inLanguage\":\"es\",\"@id\":\"https:\/\/qroo.gob.mx\/segob\/#\/schema\/logo\/image\/\",\"url\":\"https:\/\/qroo.gob.mx\/segob\/wp-content\/uploads\/2024\/05\/cropped-SEGOB.png\",\"contentUrl\":\"https:\/\/qroo.gob.mx\/segob\/wp-content\/uploads\/2024\/05\/cropped-SEGOB.png\",\"width\":1613,\"height\":745,\"caption\":\"Secretar\u00eda de Gobierno\"},\"image\":{\"@id\":\"https:\/\/qroo.gob.mx\/segob\/#\/schema\/logo\/image\/\"}}]}<\/script>\n<!-- \/ Yoast SEO plugin. -->","yoast_head_json":{"title":"Entidades - Secretar\u00eda de Gobierno","robots":{"index":"noindex","follow":"follow","max-snippet":"max-snippet:-1","max-image-preview":"max-image-preview:large","max-video-preview":"max-video-preview:-1"},"og_locale":"es_MX","og_type":"article","og_title":"Entidades - Secretar\u00eda de Gobierno","og_description":"Entidades Administraci\u00f3n Portuaria Integral de Quintana Roo S.A de C.V. Agencia de Proyectos Estrat\u00e9gicos del Estado de Quintana Roo Centro de Estudios de Bachillerato T\u00e9cnico Eva S\u00e1mano de L\u00f3pez Mateos Colegio de Bachilleres del Estado de Quintana Roo Colegio de Educaci\u00f3n Profesional T\u00e9cnica del Estado de Quintana Roo Colegio de Estudios Cient\u00edficos y Tecnol\u00f3gicos Comisi\u00f3n ... Leer m\u00e1s","og_url":"https:\/\/qroo.gob.mx\/segob\/entidades\/","og_site_name":"Secretar\u00eda de Gobierno","article_modified_time":"2024-08-26T18:27:39+00:00","twitter_card":"summary_large_image","twitter_misc":{"Tiempo de lectura":"1 minuto"},"schema":{"@context":"https:\/\/schema.org","@graph":[{"@type":"WebPage","@id":"https:\/\/qroo.gob.mx\/segob\/entidades\/","url":"https:\/\/qroo.gob.mx\/segob\/entidades\/","name":"Entidades - Secretar\u00eda de Gobierno","isPartOf":{"@id":"https:\/\/qroo.gob.mx\/segob\/#website"},"datePublished":"2024-08-26T18:22:36+00:00","dateModified":"2024-08-26T18:27:39+00:00","breadcrumb":{"@id":"https:\/\/qroo.gob.mx\/segob\/entidades\/#breadcrumb"},"inLanguage":"es","potentialAction":[{"@type":"ReadAction","target":["https:\/\/qroo.gob.mx\/segob\/entidades\/"]}]},{"@type":"BreadcrumbList","@id":"https:\/\/qroo.gob.mx\/segob\/entidades\/#breadcrumb","itemListElement":[{"@type":"ListItem","position":1,"name":"Inicio","item":"https:\/\/qroo.gob.mx\/segob\/"},{"@type":"ListItem","position":2,"name":"Entidades"}]},{"@type":"WebSite","@id":"https:\/\/qroo.gob.mx\/segob\/#website","url":"https:\/\/qroo.gob.mx\/segob\/","name":"Secretar\u00eda de Gobierno","description":"","publisher":{"@id":"https:\/\/qroo.gob.mx\/segob\/#organization"},"potentialAction":[{"@type":"SearchAction","target":{"@type":"EntryPoint","urlTemplate":"https:\/\/qroo.gob.mx\/segob\/?s={search_term_string}"},"query-input":"required name=search_term_string"}],"inLanguage":"es"},{"@type":"Organization","@id":"https:\/\/qroo.gob.mx\/segob\/#organization","name":"Secretar\u00eda de Gobierno","url":"https:\/\/qroo.gob.mx\/segob\/","logo":{"@type":"ImageObject","inLanguage":"es","@id":"https:\/\/qroo.gob.mx\/segob\/#\/schema\/logo\/image\/","url":"https:\/\/qroo.gob.mx\/segob\/wp-content\/uploads\/2024\/05\/cropped-SEGOB.png","contentUrl":"https:\/\/qroo.gob.mx\/segob\/wp-content\/uploads\/2024\/05\/cropped-SEGOB.png","width":1613,"height":745,"caption":"Secretar\u00eda de Gobierno"},"image":{"@id":"https:\/\/qroo.gob.mx\/segob\/#\/schema\/logo\/image\/"}}]}},"_links":{"self":[{"href":"https:\/\/qroo.gob.mx\/segob\/wp-json\/wp\/v2\/pages\/36694"}],"collection":[{"href":"https:\/\/qroo.gob.mx\/segob\/wp-json\/wp\/v2\/pages"}],"about":[{"href":"https:\/\/qroo.gob.mx\/segob\/wp-json\/wp\/v2\/types\/page"}],"author":[{"embeddable":true,"href":"https:\/\/qroo.gob.mx\/segob\/wp-json\/wp\/v2\/users\/3"}],"replies":[{"embeddable":true,"href":"https:\/\/qroo.gob.mx\/segob\/wp-json\/wp\/v2\/comments?post=36694"}],"version-history":[{"count":4,"href":"https:\/\/qroo.gob.mx\/segob\/wp-json\/wp\/v2\/pages\/36694\/revisions"}],"predecessor-version":[{"id":36699,"href":"https:\/\/qroo.gob.mx\/segob\/wp-json\/wp\/v2\/pages\/36694\/revisions\/36699"}],"wp:attachment":[{"href":"https:\/\/qroo.gob.mx\/segob\/wp-json\/wp\/v2\/media?parent=36694"}],"curies":[{"name":"wp","href":"https:\/\/api.w.org\/{rel}","templated":true}]}}