{"id":36675,"date":"2024-08-26T12:59:34","date_gmt":"2024-08-26T17:59:34","guid":{"rendered":"https:\/\/qroo.gob.mx\/segob\/?page_id=36675"},"modified":"2024-08-26T13:20:55","modified_gmt":"2024-08-26T18:20:55","slug":"dependencias","status":"publish","type":"page","link":"https:\/\/qroo.gob.mx\/segob\/dependencias\/","title":{"rendered":"Dependencias"},"content":{"rendered":"\t\t<div data-elementor-type=\"wp-page\" data-elementor-id=\"36675\" class=\"elementor elementor-36675\">\n\t\t\t\t<div class=\"elementor-element elementor-element-2a9c2fb e-flex e-con-boxed e-con e-parent\" data-id=\"2a9c2fb\" data-element_type=\"container\">\n\t\t\t\t\t<div class=\"e-con-inner\">\n\t\t\t\t<div class=\"elementor-element elementor-element-55474a8 elementor-widget elementor-widget-spacer\" data-id=\"55474a8\" data-element_type=\"widget\" data-widget_type=\"spacer.default\">\n\t\t\t\t<div class=\"elementor-widget-container\">\n\t\t\t<style>\/*! elementor - v3.23.0 - 15-07-2024 *\/\n.elementor-column .elementor-spacer-inner{height:var(--spacer-size)}.e-con{--container-widget-width:100%}.e-con-inner>.elementor-widget-spacer,.e-con>.elementor-widget-spacer{width:var(--container-widget-width,var(--spacer-size));--align-self:var(--container-widget-align-self,initial);--flex-shrink:0}.e-con-inner>.elementor-widget-spacer>.elementor-widget-container,.e-con>.elementor-widget-spacer>.elementor-widget-container{height:100%;width:100%}.e-con-inner>.elementor-widget-spacer>.elementor-widget-container>.elementor-spacer,.e-con>.elementor-widget-spacer>.elementor-widget-container>.elementor-spacer{height:100%}.e-con-inner>.elementor-widget-spacer>.elementor-widget-container>.elementor-spacer>.elementor-spacer-inner,.e-con>.elementor-widget-spacer>.elementor-widget-container>.elementor-spacer>.elementor-spacer-inner{height:var(--container-widget-height,var(--spacer-size))}.e-con-inner>.elementor-widget-spacer.elementor-widget-empty,.e-con>.elementor-widget-spacer.elementor-widget-empty{position:relative;min-height:22px;min-width:22px}.e-con-inner>.elementor-widget-spacer.elementor-widget-empty .elementor-widget-empty-icon,.e-con>.elementor-widget-spacer.elementor-widget-empty .elementor-widget-empty-icon{position:absolute;top:0;bottom:0;left:0;right:0;margin:auto;padding:0;width:22px;height:22px}<\/style>\t\t<div class=\"elementor-spacer\">\n\t\t\t<div class=\"elementor-spacer-inner\"><\/div>\n\t\t<\/div>\n\t\t\t\t<\/div>\n\t\t\t\t<\/div>\n\t\t\t\t<div class=\"elementor-element elementor-element-868417e elementor-widget elementor-widget-heading\" data-id=\"868417e\" data-element_type=\"widget\" data-widget_type=\"heading.default\">\n\t\t\t\t<div class=\"elementor-widget-container\">\n\t\t\t<style>\/*! elementor - v3.23.0 - 15-07-2024 *\/\n.elementor-heading-title{padding:0;margin:0;line-height:1}.elementor-widget-heading .elementor-heading-title[class*=elementor-size-]>a{color:inherit;font-size:inherit;line-height:inherit}.elementor-widget-heading .elementor-heading-title.elementor-size-small{font-size:15px}.elementor-widget-heading .elementor-heading-title.elementor-size-medium{font-size:19px}.elementor-widget-heading .elementor-heading-title.elementor-size-large{font-size:29px}.elementor-widget-heading .elementor-heading-title.elementor-size-xl{font-size:39px}.elementor-widget-heading .elementor-heading-title.elementor-size-xxl{font-size:59px}<\/style><h1 class=\"elementor-heading-title elementor-size-default\">Dependencias<\/h1>\t\t<\/div>\n\t\t\t\t<\/div>\n\t\t\t\t\t<\/div>\n\t\t\t\t<\/div>\n\t\t<div class=\"elementor-element elementor-element-7ccff06 e-flex e-con-boxed e-con e-parent\" data-id=\"7ccff06\" data-element_type=\"container\">\n\t\t\t\t\t<div class=\"e-con-inner\">\n\t\t\t\t<div class=\"elementor-element elementor-element-c27b568 elementor-widget elementor-widget-spacer\" data-id=\"c27b568\" data-element_type=\"widget\" data-widget_type=\"spacer.default\">\n\t\t\t\t<div class=\"elementor-widget-container\">\n\t\t\t\t\t<div class=\"elementor-spacer\">\n\t\t\t<div class=\"elementor-spacer-inner\"><\/div>\n\t\t<\/div>\n\t\t\t\t<\/div>\n\t\t\t\t<\/div>\n\t\t\t\t\t<\/div>\n\t\t\t\t<\/div>\n\t\t<div class=\"elementor-element elementor-element-021ee8a e-flex e-con-boxed e-con e-parent\" data-id=\"021ee8a\" data-element_type=\"container\">\n\t\t\t\t\t<div class=\"e-con-inner\">\n\t\t\t\t<div class=\"elementor-element elementor-element-669b436 elementor-widget elementor-widget-html\" data-id=\"669b436\" data-element_type=\"widget\" data-widget_type=\"html.default\">\n\t\t\t\t<div class=\"elementor-widget-container\">\n\t\t\t<ul>\r\n<li><b><a href=\"https:\/\/miportal.qroo.gob.mx\/portal\/index.php\" target=\"_blank\" rel=\"noopener noreferrer\">Oficial\u00eda Mayor<\/a><\/b><\/li>\r\n<li><b><a href=\"https:\/\/qroo.gob.mx\/sedarpe\" target=\"_blank\" rel=\"noopener noreferrer\">Secretar\u00eda de Desarrollo Agropecuario, Rural y Pesca<\/a><\/b><\/li>\r\n<li><b><a href=\"https:\/\/qroo.gob.mx\/sede\/\" target=\"_blank\" rel=\"noopener noreferrer\">Secretar\u00eda de Desarrollo Econ\u00f3mico<\/a><\/b><\/li>\r\n<li><b><a href=\"https:\/\/qroo.gob.mx\/sedeso\" target=\"_blank\" rel=\"noopener noreferrer\">Secretar\u00eda de Desarrollo Social<\/a><\/b><\/li>\r\n<li><b><a href=\"https:\/\/qroo.gob.mx\/sedetus2\/\" target=\"_blank\" rel=\"noopener noreferrer\">Secretar\u00eda de Desarrollo Territorial Urbano Sustentable<\/a><\/b><\/li>\r\n<li><b><a href=\"https:\/\/qroo.gob.mx\/sema\" target=\"_blank\" rel=\"noopener noreferrer\">Secretar\u00eda de Ecolog\u00eda y Medio Ambiente<\/a><\/b><\/li>\r\n<li><b><a href=\"https:\/\/www.qroo.gob.mx\/seq\" target=\"_blank\" rel=\"noopener noreferrer\">Secretar\u00eda de Educaci\u00f3n<\/a><\/b><\/li>\r\n<li><b><a href=\"http:\/\/www.sefiplan.qroo.gob.mx\/\" target=\"_blank\" rel=\"noopener noreferrer\">Secretar\u00eda de Finanzas y Planeaci\u00f3n<\/a><\/b><\/li>\r\n<li><b><a href=\"https:\/\/qroo.gob.mx\/segob\" target=\"_blank\" rel=\"noopener noreferrer\">Secretar\u00eda de Gobierno<\/a><\/b><\/li>\r\n<li><b><a href=\"https:\/\/qroo.gob.mx\/seop\" target=\"_blank\" rel=\"noopener noreferrer\">Secretar\u00eda de Obras P\u00fablicas<\/a><\/b><\/li>\r\n<li><b><a href=\"https:\/\/qroo.gob.mx\/secoes\" target=\"_blank\" rel=\"noopener noreferrer\">Secretar\u00eda de la Contralor\u00eda del Estado<\/a><\/b><\/li>\r\n<li><b><a href=\"https:\/\/qroo.gob.mx\/sesa\/\" target=\"_blank\" rel=\"noopener noreferrer\">Secretar\u00eda de Salud<\/a><\/b><\/li>\r\n<li><b><a href=\"https:\/\/qroo.gob.mx\/ssp\" target=\"_blank\" rel=\"noopener noreferrer\">Secretar\u00eda de Seguridad P\u00fablica<\/a><\/b><\/li>\r\n<li><b><a href=\"https:\/\/qroo.gob.mx\/sedetur\" target=\"_blank\" rel=\"noopener noreferrer\">Secretar\u00eda de Turismo<\/a><\/b><\/li>\r\n<li><b><a href=\"https:\/\/qroo.gob.mx\/styps\" target=\"_blank\" rel=\"noopener\">Secretar\u00eda del Trabajo y Previsi\u00f3n Social<\/a><\/b><\/li>\r\n<\/ul>\t\t<\/div>\n\t\t\t\t<\/div>\n\t\t\t\t\t<\/div>\n\t\t\t\t<\/div>\n\t\t<div class=\"elementor-element elementor-element-bce72c4 e-flex e-con-boxed e-con e-parent\" data-id=\"bce72c4\" data-element_type=\"container\">\n\t\t\t\t\t<div class=\"e-con-inner\">\n\t\t\t\t<div class=\"elementor-element elementor-element-51765b5 elementor-widget elementor-widget-spacer\" data-id=\"51765b5\" data-element_type=\"widget\" data-widget_type=\"spacer.default\">\n\t\t\t\t<div class=\"elementor-widget-container\">\n\t\t\t\t\t<div class=\"elementor-spacer\">\n\t\t\t<div class=\"elementor-spacer-inner\"><\/div>\n\t\t<\/div>\n\t\t\t\t<\/div>\n\t\t\t\t<\/div>\n\t\t\t\t\t<\/div>\n\t\t\t\t<\/div>\n\t\t\t\t<\/div>\n\t\t","protected":false},"excerpt":{"rendered":"<p>Dependencias Oficial\u00eda Mayor Secretar\u00eda de Desarrollo Agropecuario, Rural y Pesca Secretar\u00eda de Desarrollo Econ\u00f3mico Secretar\u00eda de Desarrollo Social Secretar\u00eda de Desarrollo Territorial Urbano Sustentable Secretar\u00eda de Ecolog\u00eda y Medio Ambiente Secretar\u00eda de Educaci\u00f3n Secretar\u00eda de Finanzas y Planeaci\u00f3n Secretar\u00eda de Gobierno Secretar\u00eda de Obras P\u00fablicas Secretar\u00eda de la Contralor\u00eda del Estado Secretar\u00eda de Salud Secretar\u00eda &#8230; <a title=\"Dependencias\" class=\"read-more\" href=\"https:\/\/qroo.gob.mx\/segob\/dependencias\/\" aria-label=\"Leer m\u00e1s sobre Dependencias\">Leer m\u00e1s<\/a><\/p>\n","protected":false},"author":3,"featured_media":0,"parent":0,"menu_order":0,"comment_status":"closed","ping_status":"closed","template":"","meta":{"footnotes":""},"class_list":["post-36675","page","type-page","status-publish"],"yoast_head":"<!-- This site is optimized with the Yoast SEO plugin v23.0 - https:\/\/yoast.com\/wordpress\/plugins\/seo\/ -->\n<title>Dependencias - Secretar\u00eda de Gobierno<\/title>\n<meta name=\"robots\" content=\"noindex, follow, max-snippet:-1, max-image-preview:large, max-video-preview:-1\" \/>\n<meta property=\"og:locale\" content=\"es_MX\" \/>\n<meta property=\"og:type\" content=\"article\" \/>\n<meta property=\"og:title\" content=\"Dependencias - Secretar\u00eda de Gobierno\" \/>\n<meta property=\"og:description\" content=\"Dependencias Oficial\u00eda Mayor Secretar\u00eda de Desarrollo Agropecuario, Rural y Pesca Secretar\u00eda de Desarrollo Econ\u00f3mico Secretar\u00eda de Desarrollo Social Secretar\u00eda de Desarrollo Territorial Urbano Sustentable Secretar\u00eda de Ecolog\u00eda y Medio Ambiente Secretar\u00eda de Educaci\u00f3n Secretar\u00eda de Finanzas y Planeaci\u00f3n Secretar\u00eda de Gobierno Secretar\u00eda de Obras P\u00fablicas Secretar\u00eda de la Contralor\u00eda del Estado Secretar\u00eda de Salud Secretar\u00eda ... Leer m\u00e1s\" \/>\n<meta property=\"og:url\" content=\"https:\/\/qroo.gob.mx\/segob\/dependencias\/\" \/>\n<meta property=\"og:site_name\" content=\"Secretar\u00eda de Gobierno\" \/>\n<meta property=\"article:modified_time\" content=\"2024-08-26T18:20:55+00:00\" \/>\n<meta name=\"twitter:card\" content=\"summary_large_image\" \/>\n<meta name=\"twitter:label1\" content=\"Tiempo de lectura\" \/>\n\t<meta name=\"twitter:data1\" content=\"1 minuto\" \/>\n<script type=\"application\/ld+json\" class=\"yoast-schema-graph\">{\"@context\":\"https:\/\/schema.org\",\"@graph\":[{\"@type\":\"WebPage\",\"@id\":\"https:\/\/qroo.gob.mx\/segob\/dependencias\/\",\"url\":\"https:\/\/qroo.gob.mx\/segob\/dependencias\/\",\"name\":\"Dependencias - Secretar\u00eda de Gobierno\",\"isPartOf\":{\"@id\":\"https:\/\/qroo.gob.mx\/segob\/#website\"},\"datePublished\":\"2024-08-26T17:59:34+00:00\",\"dateModified\":\"2024-08-26T18:20:55+00:00\",\"breadcrumb\":{\"@id\":\"https:\/\/qroo.gob.mx\/segob\/dependencias\/#breadcrumb\"},\"inLanguage\":\"es\",\"potentialAction\":[{\"@type\":\"ReadAction\",\"target\":[\"https:\/\/qroo.gob.mx\/segob\/dependencias\/\"]}]},{\"@type\":\"BreadcrumbList\",\"@id\":\"https:\/\/qroo.gob.mx\/segob\/dependencias\/#breadcrumb\",\"itemListElement\":[{\"@type\":\"ListItem\",\"position\":1,\"name\":\"Inicio\",\"item\":\"https:\/\/qroo.gob.mx\/segob\/\"},{\"@type\":\"ListItem\",\"position\":2,\"name\":\"Dependencias\"}]},{\"@type\":\"WebSite\",\"@id\":\"https:\/\/qroo.gob.mx\/segob\/#website\",\"url\":\"https:\/\/qroo.gob.mx\/segob\/\",\"name\":\"Secretar\u00eda de Gobierno\",\"description\":\"\",\"publisher\":{\"@id\":\"https:\/\/qroo.gob.mx\/segob\/#organization\"},\"potentialAction\":[{\"@type\":\"SearchAction\",\"target\":{\"@type\":\"EntryPoint\",\"urlTemplate\":\"https:\/\/qroo.gob.mx\/segob\/?s={search_term_string}\"},\"query-input\":\"required name=search_term_string\"}],\"inLanguage\":\"es\"},{\"@type\":\"Organization\",\"@id\":\"https:\/\/qroo.gob.mx\/segob\/#organization\",\"name\":\"Secretar\u00eda de Gobierno\",\"url\":\"https:\/\/qroo.gob.mx\/segob\/\",\"logo\":{\"@type\":\"ImageObject\",\"inLanguage\":\"es\",\"@id\":\"https:\/\/qroo.gob.mx\/segob\/#\/schema\/logo\/image\/\",\"url\":\"https:\/\/qroo.gob.mx\/segob\/wp-content\/uploads\/2024\/05\/cropped-SEGOB.png\",\"contentUrl\":\"https:\/\/qroo.gob.mx\/segob\/wp-content\/uploads\/2024\/05\/cropped-SEGOB.png\",\"width\":1613,\"height\":745,\"caption\":\"Secretar\u00eda de Gobierno\"},\"image\":{\"@id\":\"https:\/\/qroo.gob.mx\/segob\/#\/schema\/logo\/image\/\"}}]}<\/script>\n<!-- \/ Yoast SEO plugin. -->","yoast_head_json":{"title":"Dependencias - Secretar\u00eda de Gobierno","robots":{"index":"noindex","follow":"follow","max-snippet":"max-snippet:-1","max-image-preview":"max-image-preview:large","max-video-preview":"max-video-preview:-1"},"og_locale":"es_MX","og_type":"article","og_title":"Dependencias - Secretar\u00eda de Gobierno","og_description":"Dependencias Oficial\u00eda Mayor Secretar\u00eda de Desarrollo Agropecuario, Rural y Pesca Secretar\u00eda de Desarrollo Econ\u00f3mico Secretar\u00eda de Desarrollo Social Secretar\u00eda de Desarrollo Territorial Urbano Sustentable Secretar\u00eda de Ecolog\u00eda y Medio Ambiente Secretar\u00eda de Educaci\u00f3n Secretar\u00eda de Finanzas y Planeaci\u00f3n Secretar\u00eda de Gobierno Secretar\u00eda de Obras P\u00fablicas Secretar\u00eda de la Contralor\u00eda del Estado Secretar\u00eda de Salud Secretar\u00eda ... Leer m\u00e1s","og_url":"https:\/\/qroo.gob.mx\/segob\/dependencias\/","og_site_name":"Secretar\u00eda de Gobierno","article_modified_time":"2024-08-26T18:20:55+00:00","twitter_card":"summary_large_image","twitter_misc":{"Tiempo de lectura":"1 minuto"},"schema":{"@context":"https:\/\/schema.org","@graph":[{"@type":"WebPage","@id":"https:\/\/qroo.gob.mx\/segob\/dependencias\/","url":"https:\/\/qroo.gob.mx\/segob\/dependencias\/","name":"Dependencias - Secretar\u00eda de Gobierno","isPartOf":{"@id":"https:\/\/qroo.gob.mx\/segob\/#website"},"datePublished":"2024-08-26T17:59:34+00:00","dateModified":"2024-08-26T18:20:55+00:00","breadcrumb":{"@id":"https:\/\/qroo.gob.mx\/segob\/dependencias\/#breadcrumb"},"inLanguage":"es","potentialAction":[{"@type":"ReadAction","target":["https:\/\/qroo.gob.mx\/segob\/dependencias\/"]}]},{"@type":"BreadcrumbList","@id":"https:\/\/qroo.gob.mx\/segob\/dependencias\/#breadcrumb","itemListElement":[{"@type":"ListItem","position":1,"name":"Inicio","item":"https:\/\/qroo.gob.mx\/segob\/"},{"@type":"ListItem","position":2,"name":"Dependencias"}]},{"@type":"WebSite","@id":"https:\/\/qroo.gob.mx\/segob\/#website","url":"https:\/\/qroo.gob.mx\/segob\/","name":"Secretar\u00eda de Gobierno","description":"","publisher":{"@id":"https:\/\/qroo.gob.mx\/segob\/#organization"},"potentialAction":[{"@type":"SearchAction","target":{"@type":"EntryPoint","urlTemplate":"https:\/\/qroo.gob.mx\/segob\/?s={search_term_string}"},"query-input":"required name=search_term_string"}],"inLanguage":"es"},{"@type":"Organization","@id":"https:\/\/qroo.gob.mx\/segob\/#organization","name":"Secretar\u00eda de Gobierno","url":"https:\/\/qroo.gob.mx\/segob\/","logo":{"@type":"ImageObject","inLanguage":"es","@id":"https:\/\/qroo.gob.mx\/segob\/#\/schema\/logo\/image\/","url":"https:\/\/qroo.gob.mx\/segob\/wp-content\/uploads\/2024\/05\/cropped-SEGOB.png","contentUrl":"https:\/\/qroo.gob.mx\/segob\/wp-content\/uploads\/2024\/05\/cropped-SEGOB.png","width":1613,"height":745,"caption":"Secretar\u00eda de Gobierno"},"image":{"@id":"https:\/\/qroo.gob.mx\/segob\/#\/schema\/logo\/image\/"}}]}},"_links":{"self":[{"href":"https:\/\/qroo.gob.mx\/segob\/wp-json\/wp\/v2\/pages\/36675"}],"collection":[{"href":"https:\/\/qroo.gob.mx\/segob\/wp-json\/wp\/v2\/pages"}],"about":[{"href":"https:\/\/qroo.gob.mx\/segob\/wp-json\/wp\/v2\/types\/page"}],"author":[{"embeddable":true,"href":"https:\/\/qroo.gob.mx\/segob\/wp-json\/wp\/v2\/users\/3"}],"replies":[{"embeddable":true,"href":"https:\/\/qroo.gob.mx\/segob\/wp-json\/wp\/v2\/comments?post=36675"}],"version-history":[{"count":3,"href":"https:\/\/qroo.gob.mx\/segob\/wp-json\/wp\/v2\/pages\/36675\/revisions"}],"predecessor-version":[{"id":36691,"href":"https:\/\/qroo.gob.mx\/segob\/wp-json\/wp\/v2\/pages\/36675\/revisions\/36691"}],"wp:attachment":[{"href":"https:\/\/qroo.gob.mx\/segob\/wp-json\/wp\/v2\/media?parent=36675"}],"curies":[{"name":"wp","href":"https:\/\/api.w.org\/{rel}","templated":true}]}}