{"id":36510,"date":"2024-08-23T18:26:43","date_gmt":"2024-08-23T23:26:43","guid":{"rendered":"https:\/\/qroo.gob.mx\/segob\/?page_id=36510"},"modified":"2024-10-04T12:51:27","modified_gmt":"2024-10-04T17:51:27","slug":"subsidio-conavim-avgm-2018","status":"publish","type":"page","link":"https:\/\/qroo.gob.mx\/segob\/subsidio-conavim-avgm-2018\/","title":{"rendered":"Subsidio CONAVIM AVGM 2018"},"content":{"rendered":"\t\t<div data-elementor-type=\"wp-page\" data-elementor-id=\"36510\" class=\"elementor elementor-36510\">\n\t\t\t\t<div class=\"elementor-element elementor-element-53d65ed e-flex e-con-boxed e-con e-parent\" data-id=\"53d65ed\" data-element_type=\"container\">\n\t\t\t\t\t<div class=\"e-con-inner\">\n\t\t\t\t<div class=\"elementor-element elementor-element-ad5cc3e elementor-widget elementor-widget-heading\" data-id=\"ad5cc3e\" data-element_type=\"widget\" data-widget_type=\"heading.default\">\n\t\t\t\t<div class=\"elementor-widget-container\">\n\t\t\t<style>\/*! elementor - v3.23.0 - 15-07-2024 *\/\n.elementor-heading-title{padding:0;margin:0;line-height:1}.elementor-widget-heading .elementor-heading-title[class*=elementor-size-]>a{color:inherit;font-size:inherit;line-height:inherit}.elementor-widget-heading .elementor-heading-title.elementor-size-small{font-size:15px}.elementor-widget-heading .elementor-heading-title.elementor-size-medium{font-size:19px}.elementor-widget-heading .elementor-heading-title.elementor-size-large{font-size:29px}.elementor-widget-heading .elementor-heading-title.elementor-size-xl{font-size:39px}.elementor-widget-heading .elementor-heading-title.elementor-size-xxl{font-size:59px}<\/style><h2 class=\"elementor-heading-title elementor-size-default\">Subsidio CONAVIM AVGM 2018<\/h2>\t\t<\/div>\n\t\t\t\t<\/div>\n\t\t\t\t<div class=\"elementor-element elementor-element-b9e2567 elementor-widget elementor-widget-html\" data-id=\"b9e2567\" data-element_type=\"widget\" data-widget_type=\"html.default\">\n\t\t\t\t<div class=\"elementor-widget-container\">\n\t\t\t<table>\r\n<thead>\r\n<tr>\r\n<th scope=\"col\">ACCIONES PARA REVERTIR VIOLENCIA CONTRA MUJERES IND\u00cdGENAS<\/th>\r\n<\/tr>\r\n<\/thead>\r\n<tbody>\r\n<tr>\r\n<td>\r\n<p align=\"Justify\">Durante 2018 se implementaron diversas medidas especiales de actuaci\u00f3n en el municipio L\u00e1zaro C\u00e1rdenas contenidas en el documento de declaratoria del mecanismo denominado \u201cAlerta de Violencia de G\u00e9nero contra las Mujeres\u201d a fin de generar una estrategia transversal y particular dirigida a la zona rural.<\/p>\r\n<p align=\"Justify\">El objetivo fundamental es impulsar estrategias para abatir la violencia contra las mujeres ind\u00edgenas en sus comunidades y revertir los patrones socioculturales que producen y reproducen la violencia.<\/p>\r\nDe esta manera se cumple con las recomendaciones de tal mecanismo decretado para los municipios Benito Ju\u00e1rez, Cozumel, Solidaridad, as\u00ed como un requerimiento especial para el municipio de L\u00e1zaro C\u00e1rdenas.<\/td>\r\n<\/tr>\r\n<\/tbody>\r\n<\/table>\r\n\r\n<table>\r\n<tbody>\r\n<tr valign=\"Center\">\r\n<td class=\"text-align-center\" align=\"Center\"><img decoding=\"async\" src=\"https:\/\/preview.qroo.gob.mx\/sites\/default\/files\/inline-images\/Imagen%201.jpg\" alt=\"1\" width=\"229\" height=\"171\" data-entity-type=\"file\" data-entity-uuid=\"65438f49-4759-4dec-af05-0333fe44c07c\" \/>\u00a0<img decoding=\"async\" src=\"https:\/\/preview.qroo.gob.mx\/sites\/default\/files\/inline-images\/Imagen%202.jpg\" alt=\"2\" width=\"289\" height=\"171\" data-entity-type=\"file\" data-entity-uuid=\"170a4ad9-8c24-4b0c-bb80-afef795c849f\" \/>\u00a0<img decoding=\"async\" src=\"https:\/\/preview.qroo.gob.mx\/sites\/default\/files\/inline-images\/Imagen%203.jpg\" alt=\"3\" width=\"227\" height=\"171\" data-entity-type=\"file\" data-entity-uuid=\"21d5f242-41ab-490e-ba5a-bb8959cb3e93\" \/>\u00a0<img loading=\"lazy\" decoding=\"async\" src=\"https:\/\/preview.qroo.gob.mx\/sites\/default\/files\/inline-images\/Imagen%204.jpg\" alt=\"4\" width=\"279\" height=\"171\" data-entity-type=\"file\" data-entity-uuid=\"0c94b7ad-68fa-459e-9c26-efbab10106cc\" \/><\/td>\r\n<\/tr>\r\n<tr valign=\"Center\">\r\n<td class=\"text-align-center\" align=\"Center\"><img loading=\"lazy\" decoding=\"async\" src=\"https:\/\/preview.qroo.gob.mx\/sites\/default\/files\/inline-images\/Imagen%205.jpg\" alt=\"5\" width=\"227\" height=\"171\" data-entity-type=\"file\" data-entity-uuid=\"d3683280-7cee-473c-9be2-5ff1df3a6a7c\" \/>\u00a0<img loading=\"lazy\" decoding=\"async\" src=\"https:\/\/preview.qroo.gob.mx\/sites\/default\/files\/inline-images\/Imagen%206.jpg\" alt=\"6\" width=\"228\" height=\"171\" data-entity-type=\"file\" data-entity-uuid=\"d4d3a44e-5adc-4bcf-86f8-4394935c2449\" \/>\u00a0<img loading=\"lazy\" decoding=\"async\" src=\"https:\/\/preview.qroo.gob.mx\/sites\/default\/files\/inline-images\/Imagen%207.jpg\" alt=\"7\" width=\"260\" height=\"170\" data-entity-type=\"file\" data-entity-uuid=\"f4d3e564-370c-46b6-bd83-296ad20fa851\" \/>\u00a0<img loading=\"lazy\" decoding=\"async\" src=\"https:\/\/preview.qroo.gob.mx\/sites\/default\/files\/inline-images\/Imagen%2012.jpg\" alt=\"8\" width=\"301\" height=\"169\" data-entity-type=\"file\" data-entity-uuid=\"27628c71-3df1-421c-a683-49681940dd8f\" \/><\/td>\r\n<\/tr>\r\n<tr valign=\"Center\">\r\n<td class=\"text-align-center\" align=\"Center\"><img loading=\"lazy\" decoding=\"async\" src=\"https:\/\/preview.qroo.gob.mx\/sites\/default\/files\/inline-images\/Imagen%209.jpg\" alt=\"9\" width=\"225\" height=\"169\" data-entity-type=\"file\" data-entity-uuid=\"4a3317f6-f563-4879-b6a7-6ebb3d3f88e4\" \/>\u00a0<img loading=\"lazy\" decoding=\"async\" src=\"https:\/\/preview.qroo.gob.mx\/sites\/default\/files\/inline-images\/Imagen%2010.jpg\" alt=\"10\" width=\"224\" height=\"169\" data-entity-type=\"file\" data-entity-uuid=\"bf1c6002-20a1-424d-bb39-d6653843e6d5\" \/>\u00a0<img loading=\"lazy\" decoding=\"async\" src=\"https:\/\/preview.qroo.gob.mx\/sites\/default\/files\/inline-images\/Imagen%2011.jpg\" alt=\"11\" width=\"224\" height=\"169\" data-entity-type=\"file\" data-entity-uuid=\"54138b47-0d43-4040-80e0-79ef6c28e571\" \/>\u00a0<img loading=\"lazy\" decoding=\"async\" src=\"https:\/\/preview.qroo.gob.mx\/sites\/default\/files\/inline-images\/Imagen%2012_0.jpg\" alt=\"12\" width=\"299\" height=\"168\" data-entity-type=\"file\" data-entity-uuid=\"105c3006-1f43-4b84-8de3-7fbfce257e14\" \/><\/td>\r\n<\/tr>\r\n<tr valign=\"Center\">\r\n<td class=\"text-align-center\" align=\"Center\"><img loading=\"lazy\" decoding=\"async\" src=\"https:\/\/preview.qroo.gob.mx\/sites\/default\/files\/inline-images\/Imagen%2013.jpg\" alt=\"13\" width=\"299\" height=\"168\" data-entity-type=\"file\" data-entity-uuid=\"cc2fb0a0-7974-4678-8b1c-ce3686466d4c\" \/>\u00a0<img loading=\"lazy\" decoding=\"async\" src=\"https:\/\/preview.qroo.gob.mx\/sites\/default\/files\/inline-images\/Imagen%2014.jpg\" alt=\"14\" width=\"298\" height=\"168\" data-entity-type=\"file\" data-entity-uuid=\"fe4c8983-4cef-43e5-8fd2-d953f0ba96ff\" \/>\u00a0<img loading=\"lazy\" decoding=\"async\" src=\"https:\/\/preview.qroo.gob.mx\/sites\/default\/files\/inline-images\/Imagen%2015.jpg\" alt=\"15\" width=\"228\" height=\"167\" data-entity-type=\"file\" data-entity-uuid=\"a6596c43-8577-4f81-8046-79ce2b90f9c0\" \/><\/td>\r\n<\/tr>\r\n<\/tbody>\r\n<\/table>\r\n\r\n<table data-striping=\"1\">\r\n<thead>\r\n<tr>\r\n<th>ADJUNTO<\/th>\r\n<th>SIZE<\/th>\r\n<\/tr>\r\n<\/thead>\r\n<tbody>\r\n<tr class=\"odd\">\r\n<td><span class=\"file file--mime-application-pdf file--application-pdf\"><a href=\"http:\/\/segob.qroo.gob.mx\/Descargas\/AVGM\/SEGOB\/Informe%20ejecutivo%20Proyecto%20Dise%C3%B1o%20Estrategia%20LC-15ene2019%281%29.pdf\" type=\"application\/pdf; length=105116\">Informe ejecutivo Proyecto Dise\u00f1o Estrategia LC-15ene2019.pdf<\/a><\/span><\/td>\r\n<td>103 KB<\/td>\r\n<\/tr>\r\n<\/tbody>\r\n<\/table>\r\n\r\n<table>\r\n<thead>\r\n<tr>\r\n<th scope=\"col\">GENERAN CONDICIONES PARA ABATIR VIOLENCIA DE G\u00c9NERO<\/th>\r\n<\/tr>\r\n<\/thead>\r\n<tbody>\r\n<tr>\r\n<td>\r\n<p align=\"Justify\">A partir de octubre de 2018, con la coordinaci\u00f3n de la Secretar\u00eda de Gobierno, se emprendieron en el municipio Solidaridad diversas acciones para atender el mecanismo federal \u201cAlerta de Violencia de G\u00e9nero contra las Mujeres\u201d.<\/p>\r\nUna de las primeras recomendaciones atendidas es el dise\u00f1o de estrategias de recuperaci\u00f3n de espacios p\u00fablicos, a fin de generar condiciones que incidan en la disminuci\u00f3n de violencia contra las mujeres y violencia familiar en zonas focalizadas de este municipio.\r\n\r\nEsta medida servir\u00e1 de apoyo en la pol\u00edtica p\u00fablica municipal para llevar a cabo acciones que permitir\u00e1n abatir los \u00edndices de violencia de g\u00e9nero.<\/td>\r\n<\/tr>\r\n<tr valign=\"Center\">\r\n<td class=\"text-align-center\" align=\"Center\"><img loading=\"lazy\" decoding=\"async\" src=\"https:\/\/preview.qroo.gob.mx\/sites\/default\/files\/inline-images\/1_4.png\" alt=\"1\" width=\"195\" height=\"261\" data-entity-type=\"file\" data-entity-uuid=\"639a5240-a15a-484f-9ac0-08227dbe6c65\" \/>\u00a0<img loading=\"lazy\" decoding=\"async\" src=\"https:\/\/preview.qroo.gob.mx\/sites\/default\/files\/inline-images\/2_4.png\" alt=\"2\" width=\"195\" height=\"261\" data-entity-type=\"file\" data-entity-uuid=\"c56c93b7-0334-43cb-879d-27840c778d9f\" \/>\u00a0<img loading=\"lazy\" decoding=\"async\" src=\"https:\/\/preview.qroo.gob.mx\/sites\/default\/files\/inline-images\/3_3.png\" alt=\"3\" width=\"194\" height=\"260\" data-entity-type=\"file\" data-entity-uuid=\"4489469a-65e0-4020-85cd-603a72a5c171\" \/>\u00a0<img loading=\"lazy\" decoding=\"async\" src=\"https:\/\/preview.qroo.gob.mx\/sites\/default\/files\/inline-images\/4_3.png\" alt=\"4\" width=\"194\" height=\"260\" data-entity-type=\"file\" data-entity-uuid=\"8e282d1f-9aac-42ec-8c16-15275a37affa\" \/>\u00a0<img loading=\"lazy\" decoding=\"async\" src=\"https:\/\/preview.qroo.gob.mx\/sites\/default\/files\/inline-images\/5_2.png\" alt=\"5\" width=\"194\" height=\"260\" data-entity-type=\"file\" data-entity-uuid=\"f2e8812a-e400-421e-ab29-8c66187a580a\" \/><\/td>\r\n<\/tr>\r\n<tr valign=\"Center\">\r\n<td class=\"text-align-center\" align=\"Center\"><img loading=\"lazy\" decoding=\"async\" src=\"https:\/\/preview.qroo.gob.mx\/sites\/default\/files\/inline-images\/6_0.png\" alt=\"6\" width=\"196\" height=\"262\" data-entity-type=\"file\" data-entity-uuid=\"cc195cc5-faf7-4c28-a5bc-984ece11620d\" \/>\u00a0<img loading=\"lazy\" decoding=\"async\" src=\"https:\/\/preview.qroo.gob.mx\/sites\/default\/files\/inline-images\/7_0.png\" alt=\"7\" width=\"196\" height=\"263\" data-entity-type=\"file\" data-entity-uuid=\"481054fe-b332-4d9e-88b6-7a7bb4b13a92\" \/>\u00a0<img loading=\"lazy\" decoding=\"async\" src=\"https:\/\/preview.qroo.gob.mx\/sites\/default\/files\/inline-images\/8_0.png\" alt=\"8\" width=\"196\" height=\"263\" data-entity-type=\"file\" data-entity-uuid=\"efd7f0e0-1e6c-4165-afd4-4b58c544f969\" \/>\u00a0<img loading=\"lazy\" decoding=\"async\" src=\"https:\/\/preview.qroo.gob.mx\/sites\/default\/files\/inline-images\/9_0.png\" alt=\"9\" width=\"196\" height=\"263\" data-entity-type=\"file\" data-entity-uuid=\"c15321f8-be30-4d64-85c1-bddf3153bde3\" \/>\u00a0<img loading=\"lazy\" decoding=\"async\" src=\"https:\/\/preview.qroo.gob.mx\/sites\/default\/files\/inline-images\/10_0.png\" alt=\"10\" width=\"196\" height=\"264\" data-entity-type=\"file\" data-entity-uuid=\"f42e3a51-3f54-4e75-952c-033404fb484c\" \/><\/td>\r\n<\/tr>\r\n<tr valign=\"Center\">\r\n<td class=\"text-align-center\" align=\"Center\"><img loading=\"lazy\" decoding=\"async\" src=\"https:\/\/preview.qroo.gob.mx\/sites\/default\/files\/inline-images\/11_0.png\" alt=\"11\" width=\"354\" height=\"264\" data-entity-type=\"file\" data-entity-uuid=\"20ceb349-1aaa-47c6-aabc-e3bd6edf2f65\" \/>\u00a0<img loading=\"lazy\" decoding=\"async\" src=\"https:\/\/preview.qroo.gob.mx\/sites\/default\/files\/inline-images\/12_0.png\" alt=\"12\" width=\"352\" height=\"263\" data-entity-type=\"file\" data-entity-uuid=\"1fd2916a-9ae5-4633-b018-42d34ba6f79e\" \/><\/td>\r\n<\/tr>\r\n<\/tbody>\r\n<\/table>\r\n\r\n<div>\r\n<table data-striping=\"1\">\r\n<thead>\r\n<tr>\r\n<th>ADJUNTO<\/th>\r\n<th>SIZE<\/th>\r\n<\/tr>\r\n<\/thead>\r\n<tbody>\r\n<tr class=\"odd\">\r\n<td><span class=\"file file--mime-application-pdf file--application-pdf\"><a href=\"https:\/\/qroo.gob.mx\/segob\/wp-content\/uploads\/2024\/10\/Informe-ejecutivo-Proyecto-Diseno-Estrategia-Sol-15ene2019.pdf\" type=\"application\/pdf; length=105116\">Informe ejecutivo Proyecto Dise\u00f1o Estrategia Sol-15ene2019.pdf<\/a><\/span><\/td>\r\n<td>126 KB<\/td>\r\n<\/tr>\r\n<\/tbody>\r\n<\/table>\r\n<\/div>\r\n\r\n<table>\r\n<thead>\r\n<tr>\r\n<th scope=\"col\">RECUPERAN ESPACIOS P\u00daBLICOS CON PERSPECTIVA DE G\u00c9NERO<\/th>\r\n<\/tr>\r\n<\/thead>\r\n<tbody>\r\n<tr>\r\n<td>\r\n<p align=\"Justify\">El Gobierno de Quintana Roo y el ayuntamiento de Benito Ju\u00e1rez, en coordinaci\u00f3n con la Comisi\u00f3n Nacional para Prevenir y Erradicar la Violencia contra las Mujeres (CONAVIM) elaboraron una estrategia para la recuperaci\u00f3n de espacios p\u00fablicos con perspectiva de g\u00e9nero.<\/p>\r\nEn total se desarrollaron 12 proyectos de este tipo en el la Zona Norte de Quintana Roo. De esta manera, se impulsaron acciones para que diversas dependencias estatales y municipales aplicaran recursos para coadyuvar en la implementaci\u00f3n del mecanismo denominado Declaratoria de Alerta de Violencia de G\u00e9nero contra las Mujeres en 2018.<\/td>\r\n<\/tr>\r\n<tr valign=\"Center\">\r\n<td class=\"text-align-center\" align=\"Center\"><img loading=\"lazy\" decoding=\"async\" src=\"https:\/\/preview.qroo.gob.mx\/sites\/default\/files\/inline-images\/BJ1.jpg\" alt=\"BJ1\" width=\"322\" height=\"182\" data-entity-type=\"file\" data-entity-uuid=\"20a1eb3b-e26f-41c8-aee9-941e55a2600b\" \/>\u00a0<img loading=\"lazy\" decoding=\"async\" src=\"https:\/\/preview.qroo.gob.mx\/sites\/default\/files\/inline-images\/BJ2.jpg\" alt=\"BJ2\" width=\"312\" height=\"182\" data-entity-type=\"file\" data-entity-uuid=\"c45941a4-0643-45e7-affd-f69603c77b12\" \/>\u00a0<img loading=\"lazy\" decoding=\"async\" src=\"https:\/\/preview.qroo.gob.mx\/sites\/default\/files\/inline-images\/BJ3.jpg\" alt=\"BJ3\" width=\"230\" height=\"182\" data-entity-type=\"file\" data-entity-uuid=\"fbd94ce3-b744-4b15-8719-bd8a1e860198\" \/>\r\n\r\n<img loading=\"lazy\" decoding=\"async\" src=\"https:\/\/preview.qroo.gob.mx\/sites\/default\/files\/inline-images\/BJ4.jpg\" alt=\"BJ4\" width=\"350\" height=\"172\" data-entity-type=\"file\" data-entity-uuid=\"7a77aa48-a6ff-4fe3-895e-bf15ea7823e9\" \/>\u00a0<img loading=\"lazy\" decoding=\"async\" src=\"https:\/\/preview.qroo.gob.mx\/sites\/default\/files\/inline-images\/BJ5.jpg\" alt=\"BJ5\" width=\"366\" height=\"172\" data-entity-type=\"file\" data-entity-uuid=\"194d3411-93ba-445e-b7cf-3514d7f99e02\" \/>\u00a0<img loading=\"lazy\" decoding=\"async\" src=\"https:\/\/preview.qroo.gob.mx\/sites\/default\/files\/inline-images\/BJ6.jpg\" alt=\"BJ6\" width=\"309\" height=\"172\" data-entity-type=\"file\" data-entity-uuid=\"d10698b5-0b17-4b3f-b87d-a5a7fef135b3\" \/>\r\n\r\n<img loading=\"lazy\" decoding=\"async\" src=\"https:\/\/preview.qroo.gob.mx\/sites\/default\/files\/inline-images\/BJ7.jpg\" alt=\"BJ7\" width=\"385\" height=\"178\" data-entity-type=\"file\" data-entity-uuid=\"e00ff330-fe2f-4f16-b496-08941bae7632\" \/>\u00a0<img loading=\"lazy\" decoding=\"async\" src=\"https:\/\/preview.qroo.gob.mx\/sites\/default\/files\/inline-images\/BJ8.jpg\" alt=\"BJ8\" width=\"323\" height=\"178\" data-entity-type=\"file\" data-entity-uuid=\"67b65ed4-7cb7-4bd5-a31d-00b4a291a3df\" \/><\/td>\r\n<\/tr>\r\n<\/tbody>\r\n<\/table>\r\n<table data-striping=\"1\">\r\n<thead>\r\n<tr>\r\n<th>ADJUNTO<\/th>\r\n<th>SIZE<\/th>\r\n<\/tr>\r\n<\/thead>\r\n<tbody>\r\n<tr class=\"odd\">\r\n<td><span class=\"file file--mime-application-pdf file--application-pdf\"><a href=\"https:\/\/qroo.gob.mx\/segob\/wp-content\/uploads\/2024\/10\/Informe-ejecutivo-Proyecto-Diseno-Estrategia-BJ-15ene2019-1-1.pdf\" type=\"application\/pdf; length=105116\">Informe ejecutivo Proyecto Dise\u00f1o Estrategia BJ-15ene2019.pdf<\/a><\/span><\/td>\r\n<td>122.65 KB<\/td>\r\n<\/tr>\r\n<\/tbody>\r\n<\/table>\r\n\r\n<style>\r\ntable {border-collapse: collapse;width: 100%;color: #000000;margin: 25px 0 40px;}table{background-color: transparent;}table th{font-size: 16px;text-transform: uppercase;border: 1px solid #fff;background: #3f3f3f;   color: #ffffff;}table tr.even, table tr.odd {border-bottom: 1px solid #fff;background: #e4e4e4;font-size: 14px;}.file--application-pdf{background-image: url(https:\/\/preview.qroo.gob.mx\/core\/themes\/classy\/images\/icons\/application-pdf.png);}.file {padding-left: 20px;display: inline-block;min-height: 16px;background-repeat: no-repeat;background-position: left center;}<\/style>\r\n\t\t<\/div>\n\t\t\t\t<\/div>\n\t\t\t\t\t<\/div>\n\t\t\t\t<\/div>\n\t\t\t\t<\/div>\n\t\t","protected":false},"excerpt":{"rendered":"<p>Subsidio CONAVIM AVGM 2018 ACCIONES PARA REVERTIR VIOLENCIA CONTRA MUJERES IND\u00cdGENAS Durante 2018 se implementaron diversas medidas especiales de actuaci\u00f3n en el municipio L\u00e1zaro C\u00e1rdenas contenidas en el documento de declaratoria del mecanismo denominado \u201cAlerta de Violencia de G\u00e9nero contra las Mujeres\u201d a fin de generar una estrategia transversal y particular dirigida a la zona &#8230; <a title=\"Subsidio CONAVIM AVGM 2018\" class=\"read-more\" href=\"https:\/\/qroo.gob.mx\/segob\/subsidio-conavim-avgm-2018\/\" aria-label=\"Leer m\u00e1s sobre Subsidio CONAVIM AVGM 2018\">Leer m\u00e1s<\/a><\/p>\n","protected":false},"author":4,"featured_media":0,"parent":0,"menu_order":0,"comment_status":"closed","ping_status":"closed","template":"","meta":{"footnotes":""},"class_list":["post-36510","page","type-page","status-publish"],"yoast_head":"<!-- This site is optimized with the Yoast SEO plugin v23.0 - https:\/\/yoast.com\/wordpress\/plugins\/seo\/ -->\n<title>Subsidio CONAVIM AVGM 2018 - Secretar\u00eda de Gobierno<\/title>\n<meta name=\"robots\" content=\"noindex, follow, max-snippet:-1, max-image-preview:large, max-video-preview:-1\" \/>\n<meta property=\"og:locale\" content=\"es_MX\" \/>\n<meta property=\"og:type\" content=\"article\" \/>\n<meta property=\"og:title\" content=\"Subsidio CONAVIM AVGM 2018 - Secretar\u00eda de Gobierno\" \/>\n<meta property=\"og:description\" content=\"Subsidio CONAVIM AVGM 2018 ACCIONES PARA REVERTIR VIOLENCIA CONTRA MUJERES IND\u00cdGENAS Durante 2018 se implementaron diversas medidas especiales de actuaci\u00f3n en el municipio L\u00e1zaro C\u00e1rdenas contenidas en el documento de declaratoria del mecanismo denominado \u201cAlerta de Violencia de G\u00e9nero contra las Mujeres\u201d a fin de generar una estrategia transversal y particular dirigida a la zona ... Leer m\u00e1s\" \/>\n<meta property=\"og:url\" content=\"https:\/\/qroo.gob.mx\/segob\/subsidio-conavim-avgm-2018\/\" \/>\n<meta property=\"og:site_name\" content=\"Secretar\u00eda de Gobierno\" \/>\n<meta property=\"article:modified_time\" content=\"2024-10-04T17:51:27+00:00\" \/>\n<meta property=\"og:image\" content=\"https:\/\/preview.qroo.gob.mx\/sites\/default\/files\/inline-images\/Imagen%201.jpg\" \/>\n<meta name=\"twitter:card\" content=\"summary_large_image\" \/>\n<meta name=\"twitter:label1\" content=\"Tiempo de lectura\" \/>\n\t<meta name=\"twitter:data1\" content=\"9 minutos\" \/>\n<script type=\"application\/ld+json\" class=\"yoast-schema-graph\">{\"@context\":\"https:\/\/schema.org\",\"@graph\":[{\"@type\":\"WebPage\",\"@id\":\"https:\/\/qroo.gob.mx\/segob\/subsidio-conavim-avgm-2018\/\",\"url\":\"https:\/\/qroo.gob.mx\/segob\/subsidio-conavim-avgm-2018\/\",\"name\":\"Subsidio CONAVIM AVGM 2018 - Secretar\u00eda de Gobierno\",\"isPartOf\":{\"@id\":\"https:\/\/qroo.gob.mx\/segob\/#website\"},\"primaryImageOfPage\":{\"@id\":\"https:\/\/qroo.gob.mx\/segob\/subsidio-conavim-avgm-2018\/#primaryimage\"},\"image\":{\"@id\":\"https:\/\/qroo.gob.mx\/segob\/subsidio-conavim-avgm-2018\/#primaryimage\"},\"thumbnailUrl\":\"https:\/\/preview.qroo.gob.mx\/sites\/default\/files\/inline-images\/Imagen%201.jpg\",\"datePublished\":\"2024-08-23T23:26:43+00:00\",\"dateModified\":\"2024-10-04T17:51:27+00:00\",\"breadcrumb\":{\"@id\":\"https:\/\/qroo.gob.mx\/segob\/subsidio-conavim-avgm-2018\/#breadcrumb\"},\"inLanguage\":\"es\",\"potentialAction\":[{\"@type\":\"ReadAction\",\"target\":[\"https:\/\/qroo.gob.mx\/segob\/subsidio-conavim-avgm-2018\/\"]}]},{\"@type\":\"ImageObject\",\"inLanguage\":\"es\",\"@id\":\"https:\/\/qroo.gob.mx\/segob\/subsidio-conavim-avgm-2018\/#primaryimage\",\"url\":\"https:\/\/preview.qroo.gob.mx\/sites\/default\/files\/inline-images\/Imagen%201.jpg\",\"contentUrl\":\"https:\/\/preview.qroo.gob.mx\/sites\/default\/files\/inline-images\/Imagen%201.jpg\"},{\"@type\":\"BreadcrumbList\",\"@id\":\"https:\/\/qroo.gob.mx\/segob\/subsidio-conavim-avgm-2018\/#breadcrumb\",\"itemListElement\":[{\"@type\":\"ListItem\",\"position\":1,\"name\":\"Inicio\",\"item\":\"https:\/\/qroo.gob.mx\/segob\/\"},{\"@type\":\"ListItem\",\"position\":2,\"name\":\"Subsidio CONAVIM AVGM 2018\"}]},{\"@type\":\"WebSite\",\"@id\":\"https:\/\/qroo.gob.mx\/segob\/#website\",\"url\":\"https:\/\/qroo.gob.mx\/segob\/\",\"name\":\"Secretar\u00eda de Gobierno\",\"description\":\"\",\"publisher\":{\"@id\":\"https:\/\/qroo.gob.mx\/segob\/#organization\"},\"potentialAction\":[{\"@type\":\"SearchAction\",\"target\":{\"@type\":\"EntryPoint\",\"urlTemplate\":\"https:\/\/qroo.gob.mx\/segob\/?s={search_term_string}\"},\"query-input\":\"required name=search_term_string\"}],\"inLanguage\":\"es\"},{\"@type\":\"Organization\",\"@id\":\"https:\/\/qroo.gob.mx\/segob\/#organization\",\"name\":\"Secretar\u00eda de Gobierno\",\"url\":\"https:\/\/qroo.gob.mx\/segob\/\",\"logo\":{\"@type\":\"ImageObject\",\"inLanguage\":\"es\",\"@id\":\"https:\/\/qroo.gob.mx\/segob\/#\/schema\/logo\/image\/\",\"url\":\"https:\/\/qroo.gob.mx\/segob\/wp-content\/uploads\/2024\/05\/cropped-SEGOB.png\",\"contentUrl\":\"https:\/\/qroo.gob.mx\/segob\/wp-content\/uploads\/2024\/05\/cropped-SEGOB.png\",\"width\":1613,\"height\":745,\"caption\":\"Secretar\u00eda de Gobierno\"},\"image\":{\"@id\":\"https:\/\/qroo.gob.mx\/segob\/#\/schema\/logo\/image\/\"}}]}<\/script>\n<!-- \/ Yoast SEO plugin. -->","yoast_head_json":{"title":"Subsidio CONAVIM AVGM 2018 - Secretar\u00eda de Gobierno","robots":{"index":"noindex","follow":"follow","max-snippet":"max-snippet:-1","max-image-preview":"max-image-preview:large","max-video-preview":"max-video-preview:-1"},"og_locale":"es_MX","og_type":"article","og_title":"Subsidio CONAVIM AVGM 2018 - Secretar\u00eda de Gobierno","og_description":"Subsidio CONAVIM AVGM 2018 ACCIONES PARA REVERTIR VIOLENCIA CONTRA MUJERES IND\u00cdGENAS Durante 2018 se implementaron diversas medidas especiales de actuaci\u00f3n en el municipio L\u00e1zaro C\u00e1rdenas contenidas en el documento de declaratoria del mecanismo denominado \u201cAlerta de Violencia de G\u00e9nero contra las Mujeres\u201d a fin de generar una estrategia transversal y particular dirigida a la zona ... Leer m\u00e1s","og_url":"https:\/\/qroo.gob.mx\/segob\/subsidio-conavim-avgm-2018\/","og_site_name":"Secretar\u00eda de Gobierno","article_modified_time":"2024-10-04T17:51:27+00:00","og_image":[{"url":"https:\/\/preview.qroo.gob.mx\/sites\/default\/files\/inline-images\/Imagen%201.jpg"}],"twitter_card":"summary_large_image","twitter_misc":{"Tiempo de lectura":"9 minutos"},"schema":{"@context":"https:\/\/schema.org","@graph":[{"@type":"WebPage","@id":"https:\/\/qroo.gob.mx\/segob\/subsidio-conavim-avgm-2018\/","url":"https:\/\/qroo.gob.mx\/segob\/subsidio-conavim-avgm-2018\/","name":"Subsidio CONAVIM AVGM 2018 - Secretar\u00eda de Gobierno","isPartOf":{"@id":"https:\/\/qroo.gob.mx\/segob\/#website"},"primaryImageOfPage":{"@id":"https:\/\/qroo.gob.mx\/segob\/subsidio-conavim-avgm-2018\/#primaryimage"},"image":{"@id":"https:\/\/qroo.gob.mx\/segob\/subsidio-conavim-avgm-2018\/#primaryimage"},"thumbnailUrl":"https:\/\/preview.qroo.gob.mx\/sites\/default\/files\/inline-images\/Imagen%201.jpg","datePublished":"2024-08-23T23:26:43+00:00","dateModified":"2024-10-04T17:51:27+00:00","breadcrumb":{"@id":"https:\/\/qroo.gob.mx\/segob\/subsidio-conavim-avgm-2018\/#breadcrumb"},"inLanguage":"es","potentialAction":[{"@type":"ReadAction","target":["https:\/\/qroo.gob.mx\/segob\/subsidio-conavim-avgm-2018\/"]}]},{"@type":"ImageObject","inLanguage":"es","@id":"https:\/\/qroo.gob.mx\/segob\/subsidio-conavim-avgm-2018\/#primaryimage","url":"https:\/\/preview.qroo.gob.mx\/sites\/default\/files\/inline-images\/Imagen%201.jpg","contentUrl":"https:\/\/preview.qroo.gob.mx\/sites\/default\/files\/inline-images\/Imagen%201.jpg"},{"@type":"BreadcrumbList","@id":"https:\/\/qroo.gob.mx\/segob\/subsidio-conavim-avgm-2018\/#breadcrumb","itemListElement":[{"@type":"ListItem","position":1,"name":"Inicio","item":"https:\/\/qroo.gob.mx\/segob\/"},{"@type":"ListItem","position":2,"name":"Subsidio CONAVIM AVGM 2018"}]},{"@type":"WebSite","@id":"https:\/\/qroo.gob.mx\/segob\/#website","url":"https:\/\/qroo.gob.mx\/segob\/","name":"Secretar\u00eda de Gobierno","description":"","publisher":{"@id":"https:\/\/qroo.gob.mx\/segob\/#organization"},"potentialAction":[{"@type":"SearchAction","target":{"@type":"EntryPoint","urlTemplate":"https:\/\/qroo.gob.mx\/segob\/?s={search_term_string}"},"query-input":"required name=search_term_string"}],"inLanguage":"es"},{"@type":"Organization","@id":"https:\/\/qroo.gob.mx\/segob\/#organization","name":"Secretar\u00eda de Gobierno","url":"https:\/\/qroo.gob.mx\/segob\/","logo":{"@type":"ImageObject","inLanguage":"es","@id":"https:\/\/qroo.gob.mx\/segob\/#\/schema\/logo\/image\/","url":"https:\/\/qroo.gob.mx\/segob\/wp-content\/uploads\/2024\/05\/cropped-SEGOB.png","contentUrl":"https:\/\/qroo.gob.mx\/segob\/wp-content\/uploads\/2024\/05\/cropped-SEGOB.png","width":1613,"height":745,"caption":"Secretar\u00eda de Gobierno"},"image":{"@id":"https:\/\/qroo.gob.mx\/segob\/#\/schema\/logo\/image\/"}}]}},"_links":{"self":[{"href":"https:\/\/qroo.gob.mx\/segob\/wp-json\/wp\/v2\/pages\/36510"}],"collection":[{"href":"https:\/\/qroo.gob.mx\/segob\/wp-json\/wp\/v2\/pages"}],"about":[{"href":"https:\/\/qroo.gob.mx\/segob\/wp-json\/wp\/v2\/types\/page"}],"author":[{"embeddable":true,"href":"https:\/\/qroo.gob.mx\/segob\/wp-json\/wp\/v2\/users\/4"}],"replies":[{"embeddable":true,"href":"https:\/\/qroo.gob.mx\/segob\/wp-json\/wp\/v2\/comments?post=36510"}],"version-history":[{"count":14,"href":"https:\/\/qroo.gob.mx\/segob\/wp-json\/wp\/v2\/pages\/36510\/revisions"}],"predecessor-version":[{"id":39789,"href":"https:\/\/qroo.gob.mx\/segob\/wp-json\/wp\/v2\/pages\/36510\/revisions\/39789"}],"wp:attachment":[{"href":"https:\/\/qroo.gob.mx\/segob\/wp-json\/wp\/v2\/media?parent=36510"}],"curies":[{"name":"wp","href":"https:\/\/api.w.org\/{rel}","templated":true}]}}