{"id":36491,"date":"2024-08-23T17:43:32","date_gmt":"2024-08-23T22:43:32","guid":{"rendered":"https:\/\/qroo.gob.mx\/segob\/?page_id=36491"},"modified":"2024-10-11T13:12:26","modified_gmt":"2024-10-11T18:12:26","slug":"comite-de-etica-y-prevencion-de-conflictos-de-interes","status":"publish","type":"page","link":"https:\/\/qroo.gob.mx\/segob\/comite-de-etica-y-prevencion-de-conflictos-de-interes\/","title":{"rendered":"COMIT\u00c9 DE \u00c9TICA Y PREVENCI\u00d3N DE CONFLICTOS DE INTER\u00c9S"},"content":{"rendered":"\t\t<div data-elementor-type=\"wp-page\" data-elementor-id=\"36491\" class=\"elementor elementor-36491\">\n\t\t\t\t<div class=\"elementor-element elementor-element-0f2b094 e-flex e-con-boxed e-con e-parent\" data-id=\"0f2b094\" data-element_type=\"container\">\n\t\t\t\t\t<div class=\"e-con-inner\">\n\t\t\t\t<div class=\"elementor-element elementor-element-d9306fa elementor-widget elementor-widget-heading\" data-id=\"d9306fa\" data-element_type=\"widget\" data-widget_type=\"heading.default\">\n\t\t\t\t<div class=\"elementor-widget-container\">\n\t\t\t<style>\/*! elementor - v3.23.0 - 15-07-2024 *\/\n.elementor-heading-title{padding:0;margin:0;line-height:1}.elementor-widget-heading .elementor-heading-title[class*=elementor-size-]>a{color:inherit;font-size:inherit;line-height:inherit}.elementor-widget-heading .elementor-heading-title.elementor-size-small{font-size:15px}.elementor-widget-heading .elementor-heading-title.elementor-size-medium{font-size:19px}.elementor-widget-heading .elementor-heading-title.elementor-size-large{font-size:29px}.elementor-widget-heading .elementor-heading-title.elementor-size-xl{font-size:39px}.elementor-widget-heading .elementor-heading-title.elementor-size-xxl{font-size:59px}<\/style><h2 class=\"elementor-heading-title elementor-size-default\">COMIT\u00c9 DE \u00c9TICA Y PREVENCI\u00d3N DE CONFLICTOS DE INTER\u00c9S\n<\/h2>\t\t<\/div>\n\t\t\t\t<\/div>\n\t\t\t\t<div class=\"elementor-element elementor-element-e8c840d elementor-widget elementor-widget-text-editor\" data-id=\"e8c840d\" data-element_type=\"widget\" data-widget_type=\"text-editor.default\">\n\t\t\t\t<div class=\"elementor-widget-container\">\n\t\t\t<style>\/*! elementor - v3.23.0 - 15-07-2024 *\/\n.elementor-widget-text-editor.elementor-drop-cap-view-stacked .elementor-drop-cap{background-color:#69727d;color:#fff}.elementor-widget-text-editor.elementor-drop-cap-view-framed .elementor-drop-cap{color:#69727d;border:3px solid;background-color:transparent}.elementor-widget-text-editor:not(.elementor-drop-cap-view-default) .elementor-drop-cap{margin-top:8px}.elementor-widget-text-editor:not(.elementor-drop-cap-view-default) .elementor-drop-cap-letter{width:1em;height:1em}.elementor-widget-text-editor .elementor-drop-cap{float:left;text-align:center;line-height:1;font-size:50px}.elementor-widget-text-editor .elementor-drop-cap-letter{display:inline-block}<\/style>\t\t\t\t<p style=\"font-weight: 400;\" align=\"Justify\">El Comit\u00e9 de \u00c9tica y Prevenci\u00f3n de Conflictos de Inter\u00e9s, se constituye como un cuerpo colegiado de servidores p\u00fablicos de los distintos niveles jer\u00e1rquicos dentro de las instituciones, cuya finalidad es promover la \u00e9tica y la integridad p\u00fablica, para lograr una mejora constante del clima y la cultura organizacional, dar tratamiento a los se\u00f1alamientos por desviaciones al c\u00f3digo de \u00e9tica, de conducta, reglas de integridad y dem\u00e1s lineamientos o protocolos y, resolver respecto a las consultas por posibles conflictos de inter\u00e9s, impulsando la integridad de los servidores p\u00fablicos e implementando acciones permanentes que fortalezcan su comportamiento \u00e9tico.<\/p><p style=\"font-weight: 400;\">Se instala con el fin de dar cumplimiento a lo establecido en los Lineamientos para la Integraci\u00f3n y Funcionamiento del Comit\u00e9 de \u00c9tica y Prevenci\u00f3n de Conflictos de Inter\u00e9s de las Personas Servidoras P\u00fablicas de las Dependencias y Entidades de la Administraci\u00f3n P\u00fablica del Poder Ejecutivo.<\/p><p style=\"font-weight: 400;\">Lineamientos que refieren en su contenido lo siguiente:<\/p><p style=\"font-weight: 400; padding-left: 40px;\" align=\"Justify\"><em>\u00a0\u00a0\u00a0\u00a0\u00a0\u00a0\u00a0\u00a0\u00a0\u00a0\u00a0\u00a0\u201c\u2026que para lograr un gobierno confiable, es indispensable la creaci\u00f3n de normas y estructuras que permitan a las dependencias, entidades paraestatales y \u00f3rganos desconcentrados de la administraci\u00f3n p\u00fablica el adecuado funcionamiento del estado, as\u00ed como la actuaci\u00f3n \u00e9tica y responsable de cada servidor p\u00fablico, por lo que, no basta con promover acciones para la transparencia, rendici\u00f3n de cuentas, legalidad y combate a la corrupci\u00f3n, ya que los verdaderos cambios se gestan a partir de que los servidores p\u00fablicos de manera individual y en su conjunto, asumen una verdadera cultura \u00e9tica <\/em><em>y de servicio a la sociedad, convencidos de la dignidad e importancia de su tarea.\u201d<\/em><\/p><p style=\"font-weight: 400;\" align=\"Justify\">Para implementar acciones permanentes que aseguren la integridad y el comportamiento \u00e9tico de los servidores p\u00fablicos en el desempe\u00f1o de sus empleos, cargos o comisiones.<\/p>\t\t\t\t\t\t<\/div>\n\t\t\t\t<\/div>\n\t\t\t\t<div class=\"elementor-element elementor-element-ccdbbec elementor-widget elementor-widget-text-editor\" data-id=\"ccdbbec\" data-element_type=\"widget\" data-widget_type=\"text-editor.default\">\n\t\t\t\t<div class=\"elementor-widget-container\">\n\t\t\t\t\t\t\t<strong><span style=\"font-size: 14pt;\">INTEGRANTES<\/span><\/strong>\n<table style=\"height: 124px; background-color: rgba(0, 0, 0, 0);\" width=\"339\" data-striping=\"1\">\n<thead>\n<tr>\n<th colspan=\"4\"><span lang=\"ES-MX\">Art\u00edculo 8\u00a0de los Lineamientos para la integraci\u00f3n y funcionamiento del Comit\u00e9 de \u00c9tica<\/span><\/th>\n<\/tr>\n<tr>\n<th width=\"30%\">NOMBRE Y PUESTO<\/th>\n<th width=\"20%\">CAR\u00c1CTER<\/th>\n<th width=\"25%\">FUNDAMENTO<\/th>\n<th width=\"30%\">CONTACTO<\/th>\n<\/tr>\n<\/thead>\n<tbody>\n<tr class=\"odd\">\n<td><b>Lic. Marissa Andrea Chan L\u00f3pez<\/b>\nAnalista Profesional.\nSEGOB<\/td>\n<td>Presidenta<\/td>\n<td>Fracci\u00f3n III\nNivel Operativo<\/td>\n<td>Tel. 9838350500 Ext.41437\ne- mail:\nandreachanlopez.m@gmail.com<\/td>\n<\/tr>\n<tr class=\"even\">\n<td><b>M.A.D. Rub\u00ed Pamela Paz P\u00e9rez<\/b>\nJefa de Departamento de Evaluaci\u00f3n y Estudios.\nSEGOB<\/td>\n<td>Secretaria Ejecutiva<\/td>\n<td>Fracci\u00f3n II\nNivel Jefe de Departamento<\/td>\n<td>Tel. 9838350500\nExt.41329\ne- mail:\nc.etica.segob@gmail.com<\/td>\n<\/tr>\n<tr class=\"odd\">\n<td><b>Lic. Adriana Prado Cuellar<\/b>\nDirectora de Archivo del Ejecutivo.\nAGEQROO<\/td>\n<td>Miembro Propietario<\/td>\n<td>Fracci\u00f3n I\nServidora P\u00fablica Nivel Directivo<\/td>\n<td>Tel. 9838325179\ne- mail:\nageqroodsea2017@gmail.com<\/td>\n<\/tr>\n<tr class=\"even\">\n<td><b>Lic. Virgilio Melchor May Herrera<\/b>\nDirector Jur\u00eddico\nSEGOB<\/td>\n<td>Miembro Propietario<\/td>\n<td>Fracci\u00f3n I\nServidor P\u00fablico Nivel Directivo<\/td>\n<td>Tel. 9838350500\nExt.41105\ne- mail:\nmmayherrera@hotmail.com<\/td>\n<\/tr>\n<tr class=\"even\">\n<td><b>Lic. Jorge Luis Andrade P\u00e9rez.<\/b>\nJefe de Departamento de Difusi\u00f3n en la Zona Norte.\nSEGOB<\/td>\n<td>Miembro Propietario<\/td>\n<td>Fracci\u00f3n II\nNivel Jefe de Departamento<\/td>\n<td>Tel. 9831179174\ne- mail:\njolandrape@gmail.com<\/td>\n<\/tr>\n<tr class=\"even\">\n<td><b>C. Vidal Alfredo D\u00edaz Argaez.<\/b>\nSecretario.\nAGEQROO<\/td>\n<td>Miembro Propietario<\/td>\n<td>Fracci\u00f3n III\nNivel Operativo<\/td>\n<td>Tel. 9838325179\ne- mail:\nvidaldi19@gmail.com<\/td>\n<\/tr>\n<tr class=\"even\">\n<td><b>C. Saby Karina \u00c1lvarez Cervera.\nSecretaria Ejecutiva.\nSEGOB <\/b><\/td>\n<td>Miembro Propietario<\/td>\n<td>C. Saby Karina \u00c1lvarez Cervera.\nSecretaria Ejecutiva.\nSEGOB<\/td>\n<td>Tel. 9838350500\nExt.41105\ne- mail:\nsaby0817@hotmail.com<\/td>\n<\/tr>\n<\/tbody>\n<\/table>\n\n<style>\ntable {border-collapse: collapse;width: 100%;color: #000000;margin: 25px 0 40px;}table{background-color: transparent;}table th{font-size: 16px;text-transform: uppercase;border: 1px solid #fff;background: #3f3f3f;   color: #ffffff;}table tr.even, table tr.odd {border-bottom: 1px solid #fff;background: #e4e4e4;font-size: 14px;}.file--application-pdf{background-image: url(https:\/\/preview.qroo.gob.mx\/core\/themes\/classy\/images\/icons\/application-pdf.png);}.file {padding-left: 20px;display: inline-block;min-height: 16px;background-repeat: no-repeat;background-position: left center;}<\/style>\t\t\t\t\t\t<\/div>\n\t\t\t\t<\/div>\n\t\t\t\t<div class=\"elementor-element elementor-element-0bb550d elementor-widget elementor-widget-text-editor\" data-id=\"0bb550d\" data-element_type=\"widget\" data-widget_type=\"text-editor.default\">\n\t\t\t\t<div class=\"elementor-widget-container\">\n\t\t\t\t\t\t\t<span style=\"font-size: 14pt;\"><strong>SESIONES<\/strong><\/span>\n<table style=\"height: 124px; background-color: rgba(0, 0, 0, 0);\" width=\"339\" data-striping=\"1\">\n<thead>\n<tr>\n<th>TITULO<\/th>\n<th>ADJUNTO<\/th>\n<th>TAMA\u00d1O<\/th>\n<\/tr>\n<\/thead>\n<tbody>\n<tr class=\"odd\">\n<td>Acta de la Tercera Sesi\u00f3n Ordinaria del COEPCI de la SEGOB 2023<\/td>\n<td><span class=\"file file--mime-application-pdf file--application-pdf\"> <a href=\"https:\/\/qroo.gob.mx\/segob\/wp-content\/uploads\/2024\/09\/Acta-3ra-Sesion-Ordinaria-COEPCI-SEGOB-2023.pdf\" type=\"application\/pdf; length=2894787\">Acta-3ra-Sesion-Ordinaria-COEPCI-SEGOB-2023.pdf<\/a><\/span><\/td>\n<td>2.70 MB<\/td>\n<\/tr>\n<tr class=\"odd\">\n<td>Acta de la Segunda Sesi\u00f3n Ordinaria del COEPCI de la SEGOB 2023<\/td>\n<td><span class=\"file file--mime-application-pdf file--application-pdf\"> <a href=\"https:\/\/qroo.gob.mx\/segob\/wp-content\/uploads\/2024\/09\/Acta-2da-Sesion-Ordinaria-COEPCI-SEGOB-2023.pdf\" type=\"application\/pdf; length=2894787\">Acta-2da-Sesion-Ordinaria-COEPCI-SEGOB-2023.pdf<\/a><\/span><\/td>\n<td>7.10 MB<\/td>\n<\/tr>\n<tr class=\"odd\">\n<td>Acta de la Primera Sesi\u00f3n Ordinaria del COEPCI 2023<\/td>\n<td><span class=\"file file--mime-application-pdf file--application-pdf\"> <a href=\"https:\/\/qroo.gob.mx\/segob\/wp-content\/uploads\/2024\/09\/ACTA-DE-LA-PRIMERA-SESION-COEPCI-2023.pdf\" type=\"application\/pdf; length=2894787\">ACTA-DE-LA-PRIMERA-SESION-COEPCI-2023.pdf<\/a><\/span><\/td>\n<td>7.98 MB<\/td>\n<\/tr>\n<tr class=\"odd\">\n<td>Acta de la Tercera Sesi\u00f3n Ordinaria del COEPCI 2022<\/td>\n<td><span class=\"file file--mime-application-pdf file--application-pdf\"> <a href=\"https:\/\/qroo.gob.mx\/segob\/wp-content\/uploads\/2024\/09\/ACTA-DE-LA-TERCERA-SESION-ORDINARIA-COEPCI-2022.pdf\" type=\"application\/pdf; length=2894787\">ACTA-DE-LA-TERCERA-SESION-ORDINARIA-COEPCI-2022.pdf<\/a><\/span><\/td>\n<td>2.31 MB<\/td>\n<\/tr>\n<tr class=\"odd\">\n<td>Acta 1ra Sesi\u00f3n Extraordinaria COEPCI 7-12-2022<\/td>\n<td><span class=\"file file--mime-application-pdf file--application-pdf\"> <a href=\"https:\/\/qroo.gob.mx\/segob\/wp-content\/uploads\/2024\/09\/Acta-1ra-sesion-Extraordinaria-COEPCI-7-12-2022.pdf\" type=\"application\/pdf; length=2894787\">Acta-1ra-sesion-Extraordinaria-COEPCI-7-12-2022.pdf<\/a><\/span><\/td>\n<td>2.09 MB<\/td>\n<\/tr>\n<tr class=\"even\">\n<td>Acta Segunda Sesi\u00f3n Ordinaria Comit\u00e9 de \u00c9tica 2022<\/td>\n<td><span class=\"file file--mime-application-pdf file--application-pdf\"> <a href=\"https:\/\/qroo.gob.mx\/segob\/wp-content\/uploads\/2024\/09\/ACTA-SEGUNDA-SESION-ORDINARIA-COMITE-DE-ETICA-2022.pdf\" type=\"application\/pdf; length=2925434\">ACTA-SEGUNDA-SESION-ORDINARIA-COMITE-DE-ETICA-2022.pdf<\/a><\/span><\/td>\n<td>2.31 MB<\/td>\n<\/tr>\n<tr class=\"odd\">\n<td>Primera Sesi\u00f3n Ordinaria del COEPCI de la SEGOB\n17 de marzo de 2022<\/td>\n<td><span class=\"file file--mime-application-pdf file--application-pdf\"> <a href=\"https:\/\/qroo.gob.mx\/segob\/wp-content\/uploads\/2024\/09\/ACTA-1ra-SESIO\u0301N-COEPCI-17-MARZO-2022.pdf\" type=\"application\/pdf; length=2894787\">Acta-COEPCI-17-mar-2022.pdf<\/a><\/span><\/td>\n<td>1 MB<\/td>\n<\/tr>\n<tr class=\"even\">\n<td>Tercera Sesi\u00f3n Ordinaria del COEPCI de la SEGOB\n20 de diciembre de 2021<\/td>\n<td><span class=\"file file--mime-application-pdf file--application-pdf\"> <a href=\"https:\/\/qroo.gob.mx\/segob\/wp-content\/uploads\/2024\/09\/ACTA-3ra-SESIO\u0301N-COEPCI-20-DIC-2021.pdf\" type=\"application\/pdf; length=2925434\">Acta-COEPCI-20-dic-2021.pdf<\/a><\/span><\/td>\n<td>1 MB<\/td>\n<\/tr>\n<tr class=\"odd\">\n<td>Segunda Sesi\u00f3n Ordinaria del COEPCI de la SEGOB\n11 de noviembre de 2021<\/td>\n<td><span class=\"file file--mime-application-pdf file--application-pdf\"> <a href=\"https:\/\/qroo.gob.mx\/segob\/wp-content\/uploads\/2024\/09\/ACTA-2da-SESION-COEPCI-11-NOV-2021.pdf\" type=\"application\/pdf; length=2894787\">Acta-COEPCI-11-nov-2021.pdf<\/a><\/span><\/td>\n<td>2 MB<\/td>\n<\/tr>\n<tr class=\"odd\">\n<td>Primera Sesi\u00f3n Ordinaria del COEPCI de la SEGOB\n22 de abril de 2021<\/td>\n<td><span class=\"file file--mime-application-pdf file--application-pdf\"> <a href=\"https:\/\/qroo.gob.mx\/segob\/wp-content\/uploads\/2024\/09\/Acta_COEPCI_14-abr-21.pdf\" type=\"application\/pdf; length=2894787\">Acta_COEPCI_14-abr-21.pdf<\/a><\/span><\/td>\n<td>2.9 MB<\/td>\n<\/tr>\n<tr class=\"even\">\n<td>Sesi\u00f3n Ordinaria \u00danica del COEPCI de la SEGOB\n13 de noviembre de 2020<\/td>\n<td><span class=\"file file--mime-application-pdf file--application-pdf\"> <a href=\"https:\/\/qroo.gob.mx\/segob\/wp-content\/uploads\/2024\/09\/Acta_COEPCI_13-nov-20.pdf\" type=\"application\/pdf; length=2925434\">Acta_COEPCI_13-nov-20.pdf<\/a><\/span><\/td>\n<td>743 KB<\/td>\n<\/tr>\n<tr class=\"odd\">\n<td>Primera Sesi\u00f3n Extraordinaria del COEPCI de la SEGOB\n22 de julio de 2020<\/td>\n<td><span class=\"file file--mime-application-pdf file--application-pdf\"> <a href=\"https:\/\/qroo.gob.mx\/segob\/wp-content\/uploads\/2024\/09\/Acta_COEPCI_22-jun-20.pdf\" type=\"application\/pdf; length=2894787\">Acta_COEPCI_22-jun-20.pdf<\/a><\/span><\/td>\n<td>4 MB<\/td>\n<\/tr>\n<\/tbody>\n<\/table>\n<style>\ntable {border-collapse: collapse;width: 100%;color: #000000;margin: 25px 0 40px;}table{background-color: transparent;}table th{font-size: 16px;text-transform: uppercase;border: 1px solid #fff;background: #3f3f3f;   color: #ffffff;}table tr.even, table tr.odd {border-bottom: 1px solid #fff;background: #e4e4e4;font-size: 14px;}.file--application-pdf{background-image: url(https:\/\/preview.qroo.gob.mx\/core\/themes\/classy\/images\/icons\/application-pdf.png);}.file {padding-left: 20px;display: inline-block;min-height: 16px;background-repeat: no-repeat;background-position: left center;}<\/style>\t\t\t\t\t\t<\/div>\n\t\t\t\t<\/div>\n\t\t\t\t<div class=\"elementor-element elementor-element-6cdf1f7 elementor-widget elementor-widget-text-editor\" data-id=\"6cdf1f7\" data-element_type=\"widget\" data-widget_type=\"text-editor.default\">\n\t\t\t\t<div class=\"elementor-widget-container\">\n\t\t\t\t\t\t\t<p><strong>DOCUMENTOS DERIVADOS DE LAS SESIONES<\/strong><\/p><table style=\"height: 124px; background-color: rgba(0, 0, 0, 0);\" width=\"339\" data-striping=\"1\"><tbody><tr><th style=\"text-align: center;\" width=\"453\"><strong>T\u00cdTULO<\/strong><\/th><th style=\"text-align: center;\" width=\"132\"><strong>TAMA\u00d1O<\/strong><\/th><\/tr><tr class=\"odd\"><td width=\"453\"><a href=\"https:\/\/qroo.gob.mx\/segob\/wp-content\/uploads\/2024\/09\/Programa-Anual-COEPCI-SEGOB-Ejercicio-2024.pdf\">Programa Anual COEPCI SEGOB Ejercicio 2024<\/a><\/td><td style=\"text-align: center;\" width=\"132\">2.78 MB<\/td><\/tr><tr class=\"odd\"><td width=\"453\"><a href=\"https:\/\/qroo.gob.mx\/segob\/wp-content\/uploads\/2024\/09\/Informe-Anual-COEPCI-SEGOB-Ejercicio-2023.pdf\">Informe Anual COEPCI SEGOB Ejercicio 2023 <\/a><\/td><td style=\"text-align: center;\" width=\"132\">1.36 MB<\/td><\/tr><\/tbody><\/table>\t\t\t\t\t\t<\/div>\n\t\t\t\t<\/div>\n\t\t\t\t<div class=\"elementor-element elementor-element-f7aa507 elementor-widget elementor-widget-text-editor\" data-id=\"f7aa507\" data-element_type=\"widget\" data-widget_type=\"text-editor.default\">\n\t\t\t\t<div class=\"elementor-widget-container\">\n\t\t\t\t\t\t\t<strong>DOCUMENTOS<\/strong>\n<table style=\"height: 124px; background-color: rgba(0, 0, 0, 0);\" width=\"339\" data-striping=\"1\">\n<tbody>\n<tr>\n<th style=\"text-align: center;\" width=\"453\"><strong>T\u00cdTULO<\/strong><\/th>\n<th style=\"text-align: center;\" width=\"132\"><strong>TAMA\u00d1O<\/strong><\/th>\n<\/tr>\n<tr class=\"odd\">\n<td width=\"453\"><a href=\"http:\/\/segob.qroo.gob.mx\/Descargas\/Docs\/PeriodicoOficial_ORDINARIO_2023-08-30.pdf\">Acuerdo que tiene por Objeto Expedir el C\u00f3digo de Conducta de la Secretar\u00eda de Gobierno  y \u00d3rganos Administrativos Desconcentrados<\/a><\/td>\n<td style=\"text-align: center;\" width=\"132\">91.7 MB<\/td>\n<\/tr>\n<!--tr class=\"odd\">\n<td width=\"453\"><a href=\"https:\/\/qroo.gob.mx\/segob\/wp-content\/uploads\/2024\/09\/Informe-Anual-COEPCI-SEGOB-Ejercicio-2023.pdf\">Informe Anual COEPCI SEGOB Ejercicio 2023 <\/a><\/td>\n<td style=\"text-align: center;\" width=\"132\">1.36 MB<\/td>\n<\/tr-->\n<\/tbody>\n<\/table>\t\t\t\t\t\t<\/div>\n\t\t\t\t<\/div>\n\t\t\t\t\t<\/div>\n\t\t\t\t<\/div>\n\t\t\t\t<\/div>\n\t\t","protected":false},"excerpt":{"rendered":"<p>COMIT\u00c9 DE \u00c9TICA Y PREVENCI\u00d3N DE CONFLICTOS DE INTER\u00c9S El Comit\u00e9 de \u00c9tica y Prevenci\u00f3n de Conflictos de Inter\u00e9s, se constituye como un cuerpo colegiado de servidores p\u00fablicos de los distintos niveles jer\u00e1rquicos dentro de las instituciones, cuya finalidad es promover la \u00e9tica y la integridad p\u00fablica, para lograr una mejora constante del clima y &#8230; <a title=\"COMIT\u00c9 DE \u00c9TICA Y PREVENCI\u00d3N DE CONFLICTOS DE INTER\u00c9S\" class=\"read-more\" href=\"https:\/\/qroo.gob.mx\/segob\/comite-de-etica-y-prevencion-de-conflictos-de-interes\/\" aria-label=\"Leer m\u00e1s sobre COMIT\u00c9 DE \u00c9TICA Y PREVENCI\u00d3N DE CONFLICTOS DE INTER\u00c9S\">Leer m\u00e1s<\/a><\/p>\n","protected":false},"author":4,"featured_media":0,"parent":0,"menu_order":0,"comment_status":"closed","ping_status":"closed","template":"","meta":{"footnotes":""},"class_list":["post-36491","page","type-page","status-publish"],"yoast_head":"<!-- This site is optimized with the Yoast SEO plugin v23.0 - https:\/\/yoast.com\/wordpress\/plugins\/seo\/ -->\n<title>COMIT\u00c9 DE \u00c9TICA Y PREVENCI\u00d3N DE CONFLICTOS DE INTER\u00c9S - Secretar\u00eda de Gobierno<\/title>\n<meta name=\"robots\" content=\"noindex, follow, max-snippet:-1, max-image-preview:large, max-video-preview:-1\" \/>\n<meta property=\"og:locale\" content=\"es_MX\" \/>\n<meta property=\"og:type\" content=\"article\" \/>\n<meta property=\"og:title\" content=\"COMIT\u00c9 DE \u00c9TICA Y PREVENCI\u00d3N DE CONFLICTOS DE INTER\u00c9S - Secretar\u00eda de Gobierno\" \/>\n<meta property=\"og:description\" content=\"COMIT\u00c9 DE \u00c9TICA Y PREVENCI\u00d3N DE CONFLICTOS DE INTER\u00c9S El Comit\u00e9 de \u00c9tica y Prevenci\u00f3n de Conflictos de Inter\u00e9s, se constituye como un cuerpo colegiado de servidores p\u00fablicos de los distintos niveles jer\u00e1rquicos dentro de las instituciones, cuya finalidad es promover la \u00e9tica y la integridad p\u00fablica, para lograr una mejora constante del clima y ... Leer m\u00e1s\" \/>\n<meta property=\"og:url\" content=\"https:\/\/qroo.gob.mx\/segob\/comite-de-etica-y-prevencion-de-conflictos-de-interes\/\" \/>\n<meta property=\"og:site_name\" content=\"Secretar\u00eda de Gobierno\" \/>\n<meta property=\"article:modified_time\" content=\"2024-10-11T18:12:26+00:00\" \/>\n<meta name=\"twitter:card\" content=\"summary_large_image\" \/>\n<meta name=\"twitter:label1\" content=\"Tiempo de lectura\" \/>\n\t<meta name=\"twitter:data1\" content=\"3 minutos\" \/>\n<script type=\"application\/ld+json\" class=\"yoast-schema-graph\">{\"@context\":\"https:\/\/schema.org\",\"@graph\":[{\"@type\":\"WebPage\",\"@id\":\"https:\/\/qroo.gob.mx\/segob\/comite-de-etica-y-prevencion-de-conflictos-de-interes\/\",\"url\":\"https:\/\/qroo.gob.mx\/segob\/comite-de-etica-y-prevencion-de-conflictos-de-interes\/\",\"name\":\"COMIT\u00c9 DE \u00c9TICA Y PREVENCI\u00d3N DE CONFLICTOS DE INTER\u00c9S - Secretar\u00eda de Gobierno\",\"isPartOf\":{\"@id\":\"https:\/\/qroo.gob.mx\/segob\/#website\"},\"datePublished\":\"2024-08-23T22:43:32+00:00\",\"dateModified\":\"2024-10-11T18:12:26+00:00\",\"breadcrumb\":{\"@id\":\"https:\/\/qroo.gob.mx\/segob\/comite-de-etica-y-prevencion-de-conflictos-de-interes\/#breadcrumb\"},\"inLanguage\":\"es\",\"potentialAction\":[{\"@type\":\"ReadAction\",\"target\":[\"https:\/\/qroo.gob.mx\/segob\/comite-de-etica-y-prevencion-de-conflictos-de-interes\/\"]}]},{\"@type\":\"BreadcrumbList\",\"@id\":\"https:\/\/qroo.gob.mx\/segob\/comite-de-etica-y-prevencion-de-conflictos-de-interes\/#breadcrumb\",\"itemListElement\":[{\"@type\":\"ListItem\",\"position\":1,\"name\":\"Inicio\",\"item\":\"https:\/\/qroo.gob.mx\/segob\/\"},{\"@type\":\"ListItem\",\"position\":2,\"name\":\"COMIT\u00c9 DE \u00c9TICA Y PREVENCI\u00d3N DE CONFLICTOS DE INTER\u00c9S\"}]},{\"@type\":\"WebSite\",\"@id\":\"https:\/\/qroo.gob.mx\/segob\/#website\",\"url\":\"https:\/\/qroo.gob.mx\/segob\/\",\"name\":\"Secretar\u00eda de Gobierno\",\"description\":\"\",\"publisher\":{\"@id\":\"https:\/\/qroo.gob.mx\/segob\/#organization\"},\"potentialAction\":[{\"@type\":\"SearchAction\",\"target\":{\"@type\":\"EntryPoint\",\"urlTemplate\":\"https:\/\/qroo.gob.mx\/segob\/?s={search_term_string}\"},\"query-input\":\"required name=search_term_string\"}],\"inLanguage\":\"es\"},{\"@type\":\"Organization\",\"@id\":\"https:\/\/qroo.gob.mx\/segob\/#organization\",\"name\":\"Secretar\u00eda de Gobierno\",\"url\":\"https:\/\/qroo.gob.mx\/segob\/\",\"logo\":{\"@type\":\"ImageObject\",\"inLanguage\":\"es\",\"@id\":\"https:\/\/qroo.gob.mx\/segob\/#\/schema\/logo\/image\/\",\"url\":\"https:\/\/qroo.gob.mx\/segob\/wp-content\/uploads\/2024\/05\/cropped-SEGOB.png\",\"contentUrl\":\"https:\/\/qroo.gob.mx\/segob\/wp-content\/uploads\/2024\/05\/cropped-SEGOB.png\",\"width\":1613,\"height\":745,\"caption\":\"Secretar\u00eda de Gobierno\"},\"image\":{\"@id\":\"https:\/\/qroo.gob.mx\/segob\/#\/schema\/logo\/image\/\"}}]}<\/script>\n<!-- \/ Yoast SEO plugin. -->","yoast_head_json":{"title":"COMIT\u00c9 DE \u00c9TICA Y PREVENCI\u00d3N DE CONFLICTOS DE INTER\u00c9S - Secretar\u00eda de Gobierno","robots":{"index":"noindex","follow":"follow","max-snippet":"max-snippet:-1","max-image-preview":"max-image-preview:large","max-video-preview":"max-video-preview:-1"},"og_locale":"es_MX","og_type":"article","og_title":"COMIT\u00c9 DE \u00c9TICA Y PREVENCI\u00d3N DE CONFLICTOS DE INTER\u00c9S - Secretar\u00eda de Gobierno","og_description":"COMIT\u00c9 DE \u00c9TICA Y PREVENCI\u00d3N DE CONFLICTOS DE INTER\u00c9S El Comit\u00e9 de \u00c9tica y Prevenci\u00f3n de Conflictos de Inter\u00e9s, se constituye como un cuerpo colegiado de servidores p\u00fablicos de los distintos niveles jer\u00e1rquicos dentro de las instituciones, cuya finalidad es promover la \u00e9tica y la integridad p\u00fablica, para lograr una mejora constante del clima y ... Leer m\u00e1s","og_url":"https:\/\/qroo.gob.mx\/segob\/comite-de-etica-y-prevencion-de-conflictos-de-interes\/","og_site_name":"Secretar\u00eda de Gobierno","article_modified_time":"2024-10-11T18:12:26+00:00","twitter_card":"summary_large_image","twitter_misc":{"Tiempo de lectura":"3 minutos"},"schema":{"@context":"https:\/\/schema.org","@graph":[{"@type":"WebPage","@id":"https:\/\/qroo.gob.mx\/segob\/comite-de-etica-y-prevencion-de-conflictos-de-interes\/","url":"https:\/\/qroo.gob.mx\/segob\/comite-de-etica-y-prevencion-de-conflictos-de-interes\/","name":"COMIT\u00c9 DE \u00c9TICA Y PREVENCI\u00d3N DE CONFLICTOS DE INTER\u00c9S - Secretar\u00eda de Gobierno","isPartOf":{"@id":"https:\/\/qroo.gob.mx\/segob\/#website"},"datePublished":"2024-08-23T22:43:32+00:00","dateModified":"2024-10-11T18:12:26+00:00","breadcrumb":{"@id":"https:\/\/qroo.gob.mx\/segob\/comite-de-etica-y-prevencion-de-conflictos-de-interes\/#breadcrumb"},"inLanguage":"es","potentialAction":[{"@type":"ReadAction","target":["https:\/\/qroo.gob.mx\/segob\/comite-de-etica-y-prevencion-de-conflictos-de-interes\/"]}]},{"@type":"BreadcrumbList","@id":"https:\/\/qroo.gob.mx\/segob\/comite-de-etica-y-prevencion-de-conflictos-de-interes\/#breadcrumb","itemListElement":[{"@type":"ListItem","position":1,"name":"Inicio","item":"https:\/\/qroo.gob.mx\/segob\/"},{"@type":"ListItem","position":2,"name":"COMIT\u00c9 DE \u00c9TICA Y PREVENCI\u00d3N DE CONFLICTOS DE INTER\u00c9S"}]},{"@type":"WebSite","@id":"https:\/\/qroo.gob.mx\/segob\/#website","url":"https:\/\/qroo.gob.mx\/segob\/","name":"Secretar\u00eda de Gobierno","description":"","publisher":{"@id":"https:\/\/qroo.gob.mx\/segob\/#organization"},"potentialAction":[{"@type":"SearchAction","target":{"@type":"EntryPoint","urlTemplate":"https:\/\/qroo.gob.mx\/segob\/?s={search_term_string}"},"query-input":"required name=search_term_string"}],"inLanguage":"es"},{"@type":"Organization","@id":"https:\/\/qroo.gob.mx\/segob\/#organization","name":"Secretar\u00eda de Gobierno","url":"https:\/\/qroo.gob.mx\/segob\/","logo":{"@type":"ImageObject","inLanguage":"es","@id":"https:\/\/qroo.gob.mx\/segob\/#\/schema\/logo\/image\/","url":"https:\/\/qroo.gob.mx\/segob\/wp-content\/uploads\/2024\/05\/cropped-SEGOB.png","contentUrl":"https:\/\/qroo.gob.mx\/segob\/wp-content\/uploads\/2024\/05\/cropped-SEGOB.png","width":1613,"height":745,"caption":"Secretar\u00eda de Gobierno"},"image":{"@id":"https:\/\/qroo.gob.mx\/segob\/#\/schema\/logo\/image\/"}}]}},"_links":{"self":[{"href":"https:\/\/qroo.gob.mx\/segob\/wp-json\/wp\/v2\/pages\/36491"}],"collection":[{"href":"https:\/\/qroo.gob.mx\/segob\/wp-json\/wp\/v2\/pages"}],"about":[{"href":"https:\/\/qroo.gob.mx\/segob\/wp-json\/wp\/v2\/types\/page"}],"author":[{"embeddable":true,"href":"https:\/\/qroo.gob.mx\/segob\/wp-json\/wp\/v2\/users\/4"}],"replies":[{"embeddable":true,"href":"https:\/\/qroo.gob.mx\/segob\/wp-json\/wp\/v2\/comments?post=36491"}],"version-history":[{"count":21,"href":"https:\/\/qroo.gob.mx\/segob\/wp-json\/wp\/v2\/pages\/36491\/revisions"}],"predecessor-version":[{"id":41446,"href":"https:\/\/qroo.gob.mx\/segob\/wp-json\/wp\/v2\/pages\/36491\/revisions\/41446"}],"wp:attachment":[{"href":"https:\/\/qroo.gob.mx\/segob\/wp-json\/wp\/v2\/media?parent=36491"}],"curies":[{"name":"wp","href":"https:\/\/api.w.org\/{rel}","templated":true}]}}