{"id":36486,"date":"2024-08-23T17:34:41","date_gmt":"2024-08-23T22:34:41","guid":{"rendered":"https:\/\/qroo.gob.mx\/segob\/?page_id=36486"},"modified":"2024-08-23T17:35:19","modified_gmt":"2024-08-23T22:35:19","slug":"viajes-y-hospedaje","status":"publish","type":"page","link":"https:\/\/qroo.gob.mx\/segob\/viajes-y-hospedaje\/","title":{"rendered":"Viajes y Hospedaje"},"content":{"rendered":"\t\t<div data-elementor-type=\"wp-page\" data-elementor-id=\"36486\" class=\"elementor elementor-36486\">\n\t\t\t\t<div class=\"elementor-element elementor-element-998e181 e-flex e-con-boxed e-con e-parent\" data-id=\"998e181\" data-element_type=\"container\">\n\t\t\t\t\t<div class=\"e-con-inner\">\n\t\t\t\t<div class=\"elementor-element elementor-element-7bbe61c elementor-widget elementor-widget-heading\" data-id=\"7bbe61c\" data-element_type=\"widget\" data-widget_type=\"heading.default\">\n\t\t\t\t<div class=\"elementor-widget-container\">\n\t\t\t<style>\/*! elementor - v3.23.0 - 15-07-2024 *\/\n.elementor-heading-title{padding:0;margin:0;line-height:1}.elementor-widget-heading .elementor-heading-title[class*=elementor-size-]>a{color:inherit;font-size:inherit;line-height:inherit}.elementor-widget-heading .elementor-heading-title.elementor-size-small{font-size:15px}.elementor-widget-heading .elementor-heading-title.elementor-size-medium{font-size:19px}.elementor-widget-heading .elementor-heading-title.elementor-size-large{font-size:29px}.elementor-widget-heading .elementor-heading-title.elementor-size-xl{font-size:39px}.elementor-widget-heading .elementor-heading-title.elementor-size-xxl{font-size:59px}<\/style><h2 class=\"elementor-heading-title elementor-size-default\">Viajes y Hospedaje<\/h2>\t\t<\/div>\n\t\t\t\t<\/div>\n\t\t\t\t<div class=\"elementor-element elementor-element-e2576a4 elementor-widget elementor-widget-html\" data-id=\"e2576a4\" data-element_type=\"widget\" data-widget_type=\"html.default\">\n\t\t\t\t<div class=\"elementor-widget-container\">\n\t\t\t\r\n<style>\r\ntable {<br \/>  border-collapse: collapse; border: #E6F9FF 5px solid;<br \/>}<br \/>th, td {<br \/>  border: 1px solid #FFF;<br \/>}<br \/><\/style>\r\n<p>&nbsp;<\/p>\r\n<table width=\"100%\" data-striping=\"\">\r\n<thead>\r\n<tr class=\"odd\">\r\n<th width=\"35%\"><span style=\"font-weight: 400;\">Dependencia<\/span><\/th>\r\n<th width=\"65%\"><span style=\"font-weight: 400;\">Beca<\/span><\/th>\r\n<\/tr>\r\n<\/thead>\r\n<tbody>\r\n<!--tr class=\"even\"><\/p>\r\n<td style=\"text-align: center;\" width=\"210\"><img decoding=\"async\" class=\"alignnone wp-image-11098\" src=\"https:\/\/preview.qroo.gob.mx\/segob\/wp-content\/segob\/uploads\/2022\/07\/Hospedaje-Mezon-de-la-Luna.jpg\" alt=\"\" width=\"189\" height=\"140\" \/><\/td>\r\n<td width=\"678\">\r\n<p style=\"padding-left: 40px;\"><strong>HOTEL &amp; SPA, MES\u00d3N DE LA LUNA<\/strong><br \/>\r\nHospedaje. Tarifa Preferencial.<br \/>\r\nM\u00e9rida, Yucat\u00e1n.<\/p>\r\n<\/td>\r\n<p><\/tr-->\r\n<!--tr class=\"odd\"><\/p>\r\n<td style=\"text-align: center;\" width=\"210\"><img decoding=\"async\" class=\"alignnone wp-image-11099\" src=\"https:\/\/preview.qroo.gob.mx\/segob\/wp-content\/segob\/uploads\/2022\/07\/Hospedaje-Adhara-300x300.jpg\" alt=\"\" width=\"156\" height=\"156\" \/><\/td>\r\n<td width=\"678\">\r\n<p style=\"padding-left: 40px;\"><strong>HOTEL ADHARA CANC\u00daN<\/strong><br \/>\r\nHospedaje con Tarifa Preferencial.<\/p>\r\n<\/td>\r\n<p><\/tr--> <!--tr class=\"even\"><\/p>\r\n<td style=\"text-align: center;\" width=\"210\"><img decoding=\"async\" class=\"alignnone wp-image-11100\" src=\"https:\/\/preview.qroo.gob.mx\/segob\/wp-content\/segob\/uploads\/2022\/07\/Hospedaje-Ramada.jpg\" alt=\"\" width=\"173\" height=\"136\" \/><\/td>\r\n<td width=\"678\">\r\n<p style=\"padding-left: 40px;\"><strong>HOTEL RAMADA CANC\u00daN<\/strong><br \/>\r\nHospedaje con Tarifa Preferencial.<\/p>\r\n<p>&nbsp;<\/td>\r\n<p><\/tr--> <!--tr class=\"odd\"><\/p>\r\n<td style=\"text-align: center;\" width=\"210\"><img loading=\"lazy\" decoding=\"async\" class=\"alignnone wp-image-11101\" src=\"https:\/\/preview.qroo.gob.mx\/segob\/wp-content\/segob\/uploads\/2022\/07\/Hospedaje-Mr-Pampas.jpg\" alt=\"\" width=\"172\" height=\"136\" \/><\/td>\r\n<td width=\"678\">\r\n<p style=\"padding-left: 40px;\"><strong>RESTAURANTE MR. PAMPAS<\/strong><br \/>\r\nDescuento valido de lunes a viernes $350 pesos x persona.<br \/>\r\nPlaza Kukulk\u00e1n, Canc\u00fan, Quintana Roo.<\/p>\r\n<p style=\"padding-left: 40px;\"><\/td>\r\n<p><\/tr--> <!--tr class=\"even\"><\/p>\r\n<td style=\"text-align: center;\" width=\"210\"><img loading=\"lazy\" decoding=\"async\" class=\"alignnone size-medium wp-image-11102\" src=\"https:\/\/preview.qroo.gob.mx\/segob\/wp-content\/segob\/uploads\/2022\/07\/Hospedaje-Mornings-Tours-300x128.jpg\" alt=\"\" width=\"300\" height=\"128\" \/><\/td>\r\n<td width=\"678\">\r\n<p style=\"padding-left: 40px;\"><strong>MORNINGSTAR TOURS, AGENCIA DE VIAJES<\/strong><br \/>\r\nTransportaciones, Hotel, Tours , Zonas Arqueol\u00f3gicas, Mar\u00edtimas, Acuarios Interactivos,\u00a0 Parques Ecol\u00f3gicos, etc., 15%, 20% y 30% de descuento.<\/p>\r\n<\/td>\r\n<p><\/tr--><\/p>\r\n<tr class=\"odd\">\r\n<td style=\"text-align: center;\" width=\"210\"><img loading=\"lazy\" decoding=\"async\" class=\"alignnone wp-image-11103\" src=\"https:\/\/preview.qroo.gob.mx\/segob\/wp-content\/segob\/uploads\/2022\/07\/Hospedaje-All-Access-286x300.jpg\" alt=\"\" width=\"133\" height=\"140\" \/><\/td>\r\n<td width=\"678\">\r\n<p style=\"padding-left: 40px;\"><strong>ALL ACCESS CANC\u00daN<\/strong><br \/>\r\nTransportaci\u00f3n, Hotel, Tours Zona Arqueol\u00f3gica, visita cenotes, parques ecol\u00f3gicos, acuarios interactivos, vuelo en paraca\u00eddas, recorrido en catamar\u00e1n, comida buffet, paquetes, 10% y 15% de descuento.Tarifa preferencial.<\/p>\r\n<\/td>\r\n<\/tr>\r\n<\/tbody>\r\n<\/table>\r\n<p>&nbsp;<\/p>\r\n<p>Informes en las oficinas de la Subsecretaria Social e Interinstitucional, Zona Norte de la Secretar\u00eda de Gobierno, ubicada en el edificio del Gobierno del Estado en la Cd. de Canc\u00fan, Q Roo. Av. Tulum con Av. Garc\u00eda de la Torre, Sm. 2, Mzna. 13 Lt. 22 y 23, Planta Alta.<\/p>\r\n\t\t<\/div>\n\t\t\t\t<\/div>\n\t\t\t\t\t<\/div>\n\t\t\t\t<\/div>\n\t\t\t\t<\/div>\n\t\t","protected":false},"excerpt":{"rendered":"<p>Viajes y Hospedaje &nbsp; Dependencia Beca ALL ACCESS CANC\u00daN Transportaci\u00f3n, Hotel, Tours Zona Arqueol\u00f3gica, visita cenotes, parques ecol\u00f3gicos, acuarios interactivos, vuelo en paraca\u00eddas, recorrido en catamar\u00e1n, comida buffet, paquetes, 10% y 15% de descuento.Tarifa preferencial. &nbsp; Informes en las oficinas de la Subsecretaria Social e Interinstitucional, Zona Norte de la Secretar\u00eda de Gobierno, ubicada en &#8230; <a title=\"Viajes y Hospedaje\" class=\"read-more\" href=\"https:\/\/qroo.gob.mx\/segob\/viajes-y-hospedaje\/\" aria-label=\"Leer m\u00e1s sobre Viajes y Hospedaje\">Leer m\u00e1s<\/a><\/p>\n","protected":false},"author":4,"featured_media":0,"parent":0,"menu_order":0,"comment_status":"closed","ping_status":"closed","template":"","meta":{"footnotes":""},"class_list":["post-36486","page","type-page","status-publish"],"yoast_head":"<!-- This site is optimized with the Yoast SEO plugin v23.0 - https:\/\/yoast.com\/wordpress\/plugins\/seo\/ -->\n<title>Viajes y Hospedaje - Secretar\u00eda de Gobierno<\/title>\n<meta name=\"robots\" content=\"noindex, follow, max-snippet:-1, max-image-preview:large, max-video-preview:-1\" \/>\n<meta property=\"og:locale\" content=\"es_MX\" \/>\n<meta property=\"og:type\" content=\"article\" \/>\n<meta property=\"og:title\" content=\"Viajes y Hospedaje - Secretar\u00eda de Gobierno\" \/>\n<meta property=\"og:description\" content=\"Viajes y Hospedaje &nbsp; Dependencia Beca ALL ACCESS CANC\u00daN Transportaci\u00f3n, Hotel, Tours Zona Arqueol\u00f3gica, visita cenotes, parques ecol\u00f3gicos, acuarios interactivos, vuelo en paraca\u00eddas, recorrido en catamar\u00e1n, comida buffet, paquetes, 10% y 15% de descuento.Tarifa preferencial. &nbsp; Informes en las oficinas de la Subsecretaria Social e Interinstitucional, Zona Norte de la Secretar\u00eda de Gobierno, ubicada en ... Leer m\u00e1s\" \/>\n<meta property=\"og:url\" content=\"https:\/\/qroo.gob.mx\/segob\/viajes-y-hospedaje\/\" \/>\n<meta property=\"og:site_name\" content=\"Secretar\u00eda de Gobierno\" \/>\n<meta property=\"article:modified_time\" content=\"2024-08-23T22:35:19+00:00\" \/>\n<meta property=\"og:image\" content=\"https:\/\/preview.qroo.gob.mx\/segob\/wp-content\/segob\/uploads\/2022\/07\/Hospedaje-Mezon-de-la-Luna.jpg\" \/>\n<meta name=\"twitter:card\" content=\"summary_large_image\" \/>\n<meta name=\"twitter:label1\" content=\"Tiempo de lectura\" \/>\n\t<meta name=\"twitter:data1\" content=\"1 minuto\" \/>\n<script type=\"application\/ld+json\" class=\"yoast-schema-graph\">{\"@context\":\"https:\/\/schema.org\",\"@graph\":[{\"@type\":\"WebPage\",\"@id\":\"https:\/\/qroo.gob.mx\/segob\/viajes-y-hospedaje\/\",\"url\":\"https:\/\/qroo.gob.mx\/segob\/viajes-y-hospedaje\/\",\"name\":\"Viajes y Hospedaje - Secretar\u00eda de Gobierno\",\"isPartOf\":{\"@id\":\"https:\/\/qroo.gob.mx\/segob\/#website\"},\"primaryImageOfPage\":{\"@id\":\"https:\/\/qroo.gob.mx\/segob\/viajes-y-hospedaje\/#primaryimage\"},\"image\":{\"@id\":\"https:\/\/qroo.gob.mx\/segob\/viajes-y-hospedaje\/#primaryimage\"},\"thumbnailUrl\":\"https:\/\/preview.qroo.gob.mx\/segob\/wp-content\/segob\/uploads\/2022\/07\/Hospedaje-Mezon-de-la-Luna.jpg\",\"datePublished\":\"2024-08-23T22:34:41+00:00\",\"dateModified\":\"2024-08-23T22:35:19+00:00\",\"breadcrumb\":{\"@id\":\"https:\/\/qroo.gob.mx\/segob\/viajes-y-hospedaje\/#breadcrumb\"},\"inLanguage\":\"es\",\"potentialAction\":[{\"@type\":\"ReadAction\",\"target\":[\"https:\/\/qroo.gob.mx\/segob\/viajes-y-hospedaje\/\"]}]},{\"@type\":\"ImageObject\",\"inLanguage\":\"es\",\"@id\":\"https:\/\/qroo.gob.mx\/segob\/viajes-y-hospedaje\/#primaryimage\",\"url\":\"https:\/\/preview.qroo.gob.mx\/segob\/wp-content\/segob\/uploads\/2022\/07\/Hospedaje-Mezon-de-la-Luna.jpg\",\"contentUrl\":\"https:\/\/preview.qroo.gob.mx\/segob\/wp-content\/segob\/uploads\/2022\/07\/Hospedaje-Mezon-de-la-Luna.jpg\"},{\"@type\":\"BreadcrumbList\",\"@id\":\"https:\/\/qroo.gob.mx\/segob\/viajes-y-hospedaje\/#breadcrumb\",\"itemListElement\":[{\"@type\":\"ListItem\",\"position\":1,\"name\":\"Inicio\",\"item\":\"https:\/\/qroo.gob.mx\/segob\/\"},{\"@type\":\"ListItem\",\"position\":2,\"name\":\"Viajes y Hospedaje\"}]},{\"@type\":\"WebSite\",\"@id\":\"https:\/\/qroo.gob.mx\/segob\/#website\",\"url\":\"https:\/\/qroo.gob.mx\/segob\/\",\"name\":\"Secretar\u00eda de Gobierno\",\"description\":\"\",\"publisher\":{\"@id\":\"https:\/\/qroo.gob.mx\/segob\/#organization\"},\"potentialAction\":[{\"@type\":\"SearchAction\",\"target\":{\"@type\":\"EntryPoint\",\"urlTemplate\":\"https:\/\/qroo.gob.mx\/segob\/?s={search_term_string}\"},\"query-input\":\"required name=search_term_string\"}],\"inLanguage\":\"es\"},{\"@type\":\"Organization\",\"@id\":\"https:\/\/qroo.gob.mx\/segob\/#organization\",\"name\":\"Secretar\u00eda de Gobierno\",\"url\":\"https:\/\/qroo.gob.mx\/segob\/\",\"logo\":{\"@type\":\"ImageObject\",\"inLanguage\":\"es\",\"@id\":\"https:\/\/qroo.gob.mx\/segob\/#\/schema\/logo\/image\/\",\"url\":\"https:\/\/qroo.gob.mx\/segob\/wp-content\/uploads\/2024\/05\/cropped-SEGOB.png\",\"contentUrl\":\"https:\/\/qroo.gob.mx\/segob\/wp-content\/uploads\/2024\/05\/cropped-SEGOB.png\",\"width\":1613,\"height\":745,\"caption\":\"Secretar\u00eda de Gobierno\"},\"image\":{\"@id\":\"https:\/\/qroo.gob.mx\/segob\/#\/schema\/logo\/image\/\"}}]}<\/script>\n<!-- \/ Yoast SEO plugin. -->","yoast_head_json":{"title":"Viajes y Hospedaje - Secretar\u00eda de Gobierno","robots":{"index":"noindex","follow":"follow","max-snippet":"max-snippet:-1","max-image-preview":"max-image-preview:large","max-video-preview":"max-video-preview:-1"},"og_locale":"es_MX","og_type":"article","og_title":"Viajes y Hospedaje - Secretar\u00eda de Gobierno","og_description":"Viajes y Hospedaje &nbsp; Dependencia Beca ALL ACCESS CANC\u00daN Transportaci\u00f3n, Hotel, Tours Zona Arqueol\u00f3gica, visita cenotes, parques ecol\u00f3gicos, acuarios interactivos, vuelo en paraca\u00eddas, recorrido en catamar\u00e1n, comida buffet, paquetes, 10% y 15% de descuento.Tarifa preferencial. &nbsp; Informes en las oficinas de la Subsecretaria Social e Interinstitucional, Zona Norte de la Secretar\u00eda de Gobierno, ubicada en ... Leer m\u00e1s","og_url":"https:\/\/qroo.gob.mx\/segob\/viajes-y-hospedaje\/","og_site_name":"Secretar\u00eda de Gobierno","article_modified_time":"2024-08-23T22:35:19+00:00","og_image":[{"url":"https:\/\/preview.qroo.gob.mx\/segob\/wp-content\/segob\/uploads\/2022\/07\/Hospedaje-Mezon-de-la-Luna.jpg"}],"twitter_card":"summary_large_image","twitter_misc":{"Tiempo de lectura":"1 minuto"},"schema":{"@context":"https:\/\/schema.org","@graph":[{"@type":"WebPage","@id":"https:\/\/qroo.gob.mx\/segob\/viajes-y-hospedaje\/","url":"https:\/\/qroo.gob.mx\/segob\/viajes-y-hospedaje\/","name":"Viajes y Hospedaje - Secretar\u00eda de Gobierno","isPartOf":{"@id":"https:\/\/qroo.gob.mx\/segob\/#website"},"primaryImageOfPage":{"@id":"https:\/\/qroo.gob.mx\/segob\/viajes-y-hospedaje\/#primaryimage"},"image":{"@id":"https:\/\/qroo.gob.mx\/segob\/viajes-y-hospedaje\/#primaryimage"},"thumbnailUrl":"https:\/\/preview.qroo.gob.mx\/segob\/wp-content\/segob\/uploads\/2022\/07\/Hospedaje-Mezon-de-la-Luna.jpg","datePublished":"2024-08-23T22:34:41+00:00","dateModified":"2024-08-23T22:35:19+00:00","breadcrumb":{"@id":"https:\/\/qroo.gob.mx\/segob\/viajes-y-hospedaje\/#breadcrumb"},"inLanguage":"es","potentialAction":[{"@type":"ReadAction","target":["https:\/\/qroo.gob.mx\/segob\/viajes-y-hospedaje\/"]}]},{"@type":"ImageObject","inLanguage":"es","@id":"https:\/\/qroo.gob.mx\/segob\/viajes-y-hospedaje\/#primaryimage","url":"https:\/\/preview.qroo.gob.mx\/segob\/wp-content\/segob\/uploads\/2022\/07\/Hospedaje-Mezon-de-la-Luna.jpg","contentUrl":"https:\/\/preview.qroo.gob.mx\/segob\/wp-content\/segob\/uploads\/2022\/07\/Hospedaje-Mezon-de-la-Luna.jpg"},{"@type":"BreadcrumbList","@id":"https:\/\/qroo.gob.mx\/segob\/viajes-y-hospedaje\/#breadcrumb","itemListElement":[{"@type":"ListItem","position":1,"name":"Inicio","item":"https:\/\/qroo.gob.mx\/segob\/"},{"@type":"ListItem","position":2,"name":"Viajes y Hospedaje"}]},{"@type":"WebSite","@id":"https:\/\/qroo.gob.mx\/segob\/#website","url":"https:\/\/qroo.gob.mx\/segob\/","name":"Secretar\u00eda de Gobierno","description":"","publisher":{"@id":"https:\/\/qroo.gob.mx\/segob\/#organization"},"potentialAction":[{"@type":"SearchAction","target":{"@type":"EntryPoint","urlTemplate":"https:\/\/qroo.gob.mx\/segob\/?s={search_term_string}"},"query-input":"required name=search_term_string"}],"inLanguage":"es"},{"@type":"Organization","@id":"https:\/\/qroo.gob.mx\/segob\/#organization","name":"Secretar\u00eda de Gobierno","url":"https:\/\/qroo.gob.mx\/segob\/","logo":{"@type":"ImageObject","inLanguage":"es","@id":"https:\/\/qroo.gob.mx\/segob\/#\/schema\/logo\/image\/","url":"https:\/\/qroo.gob.mx\/segob\/wp-content\/uploads\/2024\/05\/cropped-SEGOB.png","contentUrl":"https:\/\/qroo.gob.mx\/segob\/wp-content\/uploads\/2024\/05\/cropped-SEGOB.png","width":1613,"height":745,"caption":"Secretar\u00eda de Gobierno"},"image":{"@id":"https:\/\/qroo.gob.mx\/segob\/#\/schema\/logo\/image\/"}}]}},"_links":{"self":[{"href":"https:\/\/qroo.gob.mx\/segob\/wp-json\/wp\/v2\/pages\/36486"}],"collection":[{"href":"https:\/\/qroo.gob.mx\/segob\/wp-json\/wp\/v2\/pages"}],"about":[{"href":"https:\/\/qroo.gob.mx\/segob\/wp-json\/wp\/v2\/types\/page"}],"author":[{"embeddable":true,"href":"https:\/\/qroo.gob.mx\/segob\/wp-json\/wp\/v2\/users\/4"}],"replies":[{"embeddable":true,"href":"https:\/\/qroo.gob.mx\/segob\/wp-json\/wp\/v2\/comments?post=36486"}],"version-history":[{"count":5,"href":"https:\/\/qroo.gob.mx\/segob\/wp-json\/wp\/v2\/pages\/36486\/revisions"}],"predecessor-version":[{"id":36496,"href":"https:\/\/qroo.gob.mx\/segob\/wp-json\/wp\/v2\/pages\/36486\/revisions\/36496"}],"wp:attachment":[{"href":"https:\/\/qroo.gob.mx\/segob\/wp-json\/wp\/v2\/media?parent=36486"}],"curies":[{"name":"wp","href":"https:\/\/api.w.org\/{rel}","templated":true}]}}