{"id":36464,"date":"2024-08-23T17:00:33","date_gmt":"2024-08-23T22:00:33","guid":{"rendered":"https:\/\/qroo.gob.mx\/segob\/?page_id=36464"},"modified":"2024-08-23T17:26:49","modified_gmt":"2024-08-23T22:26:49","slug":"grupos-vulnerables","status":"publish","type":"page","link":"https:\/\/qroo.gob.mx\/segob\/grupos-vulnerables\/","title":{"rendered":"Grupos Vulnerables"},"content":{"rendered":"\t\t<div data-elementor-type=\"wp-page\" data-elementor-id=\"36464\" class=\"elementor elementor-36464\">\n\t\t\t\t<div class=\"elementor-element elementor-element-2e74176 e-flex e-con-boxed e-con e-parent\" data-id=\"2e74176\" data-element_type=\"container\">\n\t\t\t\t\t<div class=\"e-con-inner\">\n\t\t\t\t<div class=\"elementor-element elementor-element-6434290 elementor-widget elementor-widget-heading\" data-id=\"6434290\" data-element_type=\"widget\" data-widget_type=\"heading.default\">\n\t\t\t\t<div class=\"elementor-widget-container\">\n\t\t\t<style>\/*! elementor - v3.23.0 - 15-07-2024 *\/\n.elementor-heading-title{padding:0;margin:0;line-height:1}.elementor-widget-heading .elementor-heading-title[class*=elementor-size-]>a{color:inherit;font-size:inherit;line-height:inherit}.elementor-widget-heading .elementor-heading-title.elementor-size-small{font-size:15px}.elementor-widget-heading .elementor-heading-title.elementor-size-medium{font-size:19px}.elementor-widget-heading .elementor-heading-title.elementor-size-large{font-size:29px}.elementor-widget-heading .elementor-heading-title.elementor-size-xl{font-size:39px}.elementor-widget-heading .elementor-heading-title.elementor-size-xxl{font-size:59px}<\/style><h2 class=\"elementor-heading-title elementor-size-default\"><a href=\"http:\/\/Grupos%20Vulnerables\">Grupos Vulnerables<\/a><\/h2>\t\t<\/div>\n\t\t\t\t<\/div>\n\t\t\t\t<div class=\"elementor-element elementor-element-86dea33 elementor-widget elementor-widget-html\" data-id=\"86dea33\" data-element_type=\"widget\" data-widget_type=\"html.default\">\n\t\t\t\t<div class=\"elementor-widget-container\">\n\t\t\t\r\n<style><span data-mce-type=\"bookmark\" style=\"display: inline-block; width: 0px; overflow: hidden; line-height: 0;\" class=\"mce_SELRES_start\">\ufeff<\/span><br \/>table {<br \/>  border-collapse: collapse; border: #E6F9FF 5px solid;<br \/>}<br \/>th, td {<br \/>  border: 1px solid #FFF;<br \/>}<br \/><\/style>\r\n<table width=\"100%\" data-striping=\"\">\r\n<thead>\r\n<tr>\r\n<th width=\"35%\"><span style=\"font-weight: 400;\">Dependencia<\/span><\/th>\r\n<th width=\"65%\"><span style=\"font-weight: 400;\">Beca<\/span><\/th>\r\n<\/tr>\r\n<\/thead>\r\n<tbody>\r\n<tr class=\"odd\">\r\n<td style=\"text-align: center;\"><p><img decoding=\"async\" class=\"alignnone wp-image-11038\" src=\"https:\/\/preview.qroo.gob.mx\/segob\/wp-content\/segob\/uploads\/2022\/07\/Vulnerables-Casa-Refugio.jpg\" alt=\"\" width=\"125\" height=\"124\" \/><\/p>\r\n<p><img decoding=\"async\" class=\"alignnone size-medium wp-image-11039\" src=\"https:\/\/preview.qroo.gob.mx\/segob\/wp-content\/segob\/uploads\/2022\/07\/Vulnerables-Abriendo-Puertas.jpg\" alt=\"\" width=\"93\" height=\"75\" \/><\/td>\r\n<td style=\"padding-left: 40px;\"><strong>CASA DE REFUGIADOS \/ ABRIENDO PUERTAS<\/strong><br \/>\r\nConsolida una cultura de Apoyo en Materia Social a las personas en Movilidad (solicitantes del reconocimiento de la condici\u00f3n de refugiados, reconocidos como refugiados, personas sujetas de protecci\u00f3n complementaria, ap\u00e1tridas y migrantes econ\u00f3micos).<\/td>\r\n<\/tr>\r\n<tr class=\"even\">\r\n<td style=\"text-align: center;\"><img decoding=\"async\" class=\"alignnone size-full wp-image-11040\" src=\"https:\/\/preview.qroo.gob.mx\/segob\/wp-content\/segob\/uploads\/2022\/07\/Vulnerables-Fundacion-Mamita-y-Lety.jpg\" alt=\"\" width=\"151\" height=\"89\" \/><\/td>\r\n<td style=\"padding-left: 40px;\"><strong>FUNDACI\u00d3N MAMITA Y LETY A.C.<\/strong><br \/>\r\nProporciona albergue, alimentaci\u00f3n, vestido, educaci\u00f3n, atenci\u00f3n m\u00e9dica, psicol\u00f3gica, religiosa, material y moral para la formaci\u00f3n integral de ni\u00f1as menores de 3 a 15 a\u00f1os de edad.<\/td>\r\n<\/tr>\r\n<tr class=\"odd\">\r\n<td style=\"text-align: center;\"><img loading=\"lazy\" decoding=\"async\" class=\"alignnone wp-image-11041\" src=\"https:\/\/preview.qroo.gob.mx\/segob\/wp-content\/segob\/uploads\/2022\/07\/Vulnerables-Ciudad-de-la-Alegria-300x274.jpg\" alt=\"\" width=\"158\" height=\"144\" \/><\/td>\r\n<td style=\"padding-left: 40px;\"><strong>FUNDACI\u00d3N CIUDAD DE LA ALEGR\u00cdA<\/strong><br \/>\r\nAsistencia Social a menores de edad vulnerables, personas f\u00edsicamente enfermas, menores hu\u00e9rfanos, personas de la tercera edad, invidentes, personas sin hogar, mujeres violentadas. Se proporciona medicamentos, casa, alimentos, vivienda, educaci\u00f3n.<\/td>\r\n<\/tr>\r\n<p><!--tr class=\"odd\"><\/p>\r\n<td style=\"text-align: center;\"><img loading=\"lazy\" decoding=\"async\" class=\"alignnone wp-image-11042\" src=\"https:\/\/preview.qroo.gob.mx\/segob\/wp-content\/segob\/uploads\/2022\/07\/Vulnerables-Luz-de-Union-para-el-Progreso.jpg\" alt=\"\" width=\"150\" height=\"158\" \/><\/td>\r\n<td style=\"padding-left: 40px;\"><strong>LUZ DE UNI\u00d3N PARA EL PROGRESO A.C.<\/strong><br \/>\r\nAsistencia social en alimentos, vestido, medicamentos, vivienda, educaci\u00f3n escolar, en regiones de escasos recursos, para personas ind\u00edgenas, vulnerables, mujeres violentadas. Desde ni\u00f1os hasta adultos tercera edad.<\/td>\r\n<p><\/tr--> <!--tr class=\"odd\"><\/p>\r\n<td style=\"text-align: center;\"><img loading=\"lazy\" decoding=\"async\" class=\"alignnone size-full wp-image-11043\" src=\"https:\/\/preview.qroo.gob.mx\/segob\/wp-content\/segob\/uploads\/2022\/07\/Vulnerables-CISVAC.jpg\" alt=\"\" width=\"171\" height=\"85\" \/><\/td>\r\n<td style=\"padding-left: 40px;\"><strong>FUNDACI\u00d3N CISVAC<\/strong><br \/>\r\nApoyo social a personas f\u00edsicas enfermas, vulnerables, ind\u00edgenas, sin hogar, asistencia jur\u00eddica y asistencia migratoria, alimentos, vestido, vivienda, condici\u00f3n precaria econ\u00f3micamente. Desde ni\u00f1os, ni\u00f1as hasta adultos tercera edad.<\/td>\r\n<p><\/tr--><!--tr class=\"odd\"><\/p>\r\n<td style=\"text-align: center;\"><img loading=\"lazy\" decoding=\"async\" class=\"alignnone wp-image-11044\" src=\"https:\/\/preview.qroo.gob.mx\/segob\/wp-content\/segob\/uploads\/2022\/07\/Vulnerables-Cadac-221x300.jpg\" alt=\"\" width=\"124\" height=\"168\" \/><\/td>\r\n<td style=\"padding-left: 40px;\"><strong>CADAC<\/strong><br \/>\r\nApoyo Social a personas f\u00edsicas con problemas de depresi\u00f3n y salud mental en general, grupos vulnerables por edad y sexo, regiones de escasos recursos, personas ind\u00edgenas, de la tercera edad, mujeres violentadas, en general a toda persona.<\/td>\r\n<p><\/tr--> <!--tr class=\"odd\"><\/p>\r\n<td style=\"text-align: center;\"><img loading=\"lazy\" decoding=\"async\" class=\"alignnone wp-image-11045\" src=\"https:\/\/preview.qroo.gob.mx\/segob\/wp-content\/segob\/uploads\/2022\/07\/Vulnerables-Nacimos-por-ti.jpg\" alt=\"\" width=\"165\" height=\"139\" \/><\/td>\r\n<td style=\"padding-left: 40px;\"><strong>NACIMOS X TI<\/strong><br \/>\r\nViolencia de G\u00e9nero y Violencia Familiar en Defensa de los Derechos de las Mujeres y de los Ni\u00f1os. Asistencia de casa-habitaci\u00f3n particular hasta por 90 d\u00edas para el caso de la separaci\u00f3n del n\u00facleo de violencia y en su caso con el acompa\u00f1amiento de sus menores hijos. Apoyo en alimentos en especie y estancia infantil. V\u00edctimas en estado de embarazo y apoyo en el proceso hasta el parto. Vulnerables y sin recursos econ\u00f3micos.<\/td>\r\n<p><\/tr--><\/p>\r\n<tr class=\"odd\">\r\n<td style=\"text-align: center;\"><img loading=\"lazy\" decoding=\"async\" class=\"alignnone wp-image-11046\" src=\"https:\/\/preview.qroo.gob.mx\/segob\/wp-content\/segob\/uploads\/2022\/07\/Vulnerables-UUNTULIS.jpg\" alt=\"\" width=\"190\" height=\"164\" \/><\/td>\r\n<td style=\"padding-left: 40px;\"><strong>\u00daUNTULIS, ALBERGUE TEMPORAL<\/strong><br \/>\r\nApoyo a personas con problemas de salud mental y f\u00edsica, grupos vulnerables por edad y sexo, invidentes discapacitados, mujeres violentadas a toda persona sin hogar sin recursos econ\u00f3micos, albergue a familiares de personas que se\u00a0 encuentren hospitalizadas y pacientes en recuperaci\u00f3n externa de hospital.<\/td>\r\n<\/tr>\r\n<tr class=\"odd\">\r\n<td style=\"text-align: center;\"><img loading=\"lazy\" decoding=\"async\" class=\"alignnone wp-image-11047\" src=\"https:\/\/preview.qroo.gob.mx\/segob\/wp-content\/segob\/uploads\/2022\/07\/Vulnerables-Puerto-de-Vida.jpg\" alt=\"\" width=\"178\" height=\"159\" \/><\/td>\r\n<td style=\"padding-left: 40px;\"><strong>PUERTO DE VIDA, ASOCIACI\u00d3N CIVIL<\/strong><br \/>\r\nAtenci\u00f3n a requerimientos b\u00e1sicos de alimentos y vestido y vivienda. Programas psicol\u00f3gicos en salud mental individual y grupal. Promoci\u00f3n en equidad de g\u00e9nero, y promoci\u00f3n de Derechos Humanos. Apoyo a Organizaciones Sociales.<\/td>\r\n<\/tr>\r\n<tr class=\"odd\">\r\n<td style=\"text-align: center;\"><img loading=\"lazy\" decoding=\"async\" class=\"alignnone wp-image-11051\" src=\"https:\/\/preview.qroo.gob.mx\/segob\/wp-content\/segob\/uploads\/2022\/07\/Vulnerables-APCQROO.jpg\" alt=\"\" width=\"168\" height=\"158\" \/><\/td>\r\n<td style=\"padding-left: 40px;\"><strong>APCQROO, ASOCIACI\u00d3N CIVIL<\/strong><br \/>\r\nParticipaci\u00f3n en Programas Sociales con los diferentes Coleg. que Integran.<\/td>\r\n<\/tr>\r\n<tr class=\"odd\">\r\n<td style=\"text-align: center;\"><img loading=\"lazy\" decoding=\"async\" class=\"alignnone wp-image-11052\" src=\"https:\/\/preview.qroo.gob.mx\/segob\/wp-content\/segob\/uploads\/2022\/07\/Vulnerables-Construyendo-Sonrisas.jpg\" alt=\"\" width=\"194\" height=\"122\" \/><\/td>\r\n<td style=\"padding-left: 40px;\"><strong>CONSTRUYENDO SONRISAS<\/strong><br \/>\r\nColaboraci\u00f3n y Apoyo Social en Proyectos y Programas.<\/td>\r\n<\/tr>\r\n<p><!--tr class=\"odd\"><\/p>\r\n<td style=\"text-align: center;\"><img loading=\"lazy\" decoding=\"async\" class=\"alignnone wp-image-11053\" src=\"https:\/\/preview.qroo.gob.mx\/segob\/wp-content\/segob\/uploads\/2022\/07\/Vulnerables-Despacho-Juridico-ERB-280x300.jpg\" alt=\"\" width=\"126\" height=\"135\" \/><\/td>\r\n<td style=\"padding-left: 40px;\"><strong>DESPACHO JUR\u00cdDICO ERB<\/strong><br \/>\r\nTarifa Preferencial.<br \/>\r\nM\u00e9rida, Yucat\u00e1n.<\/td>\r\n<p><\/tr--><!--tr class=\"odd\"><\/p>\r\n<td style=\"text-align: center;\"><img loading=\"lazy\" decoding=\"async\" class=\"alignnone wp-image-11054\" src=\"https:\/\/preview.qroo.gob.mx\/segob\/wp-content\/segob\/uploads\/2022\/07\/Vulnerables-T-300x300.jpg\" alt=\"\" width=\"120\" height=\"120\" \/><img loading=\"lazy\" decoding=\"async\" class=\"alignnone wp-image-11055\" src=\"https:\/\/preview.qroo.gob.mx\/segob\/wp-content\/segob\/uploads\/2022\/07\/Vulnerables-N-300x290.jpg\" alt=\"\" width=\"126\" height=\"122\" \/><\/td>\r\n<td style=\"padding-left: 40px;\">Colaboraci\u00f3n y Apoyo Social en Proyectos y Programas<\/td>\r\n<p><\/tr--> <!--tr class=\"odd\"><\/p>\r\n<td style=\"text-align: center;\"><img loading=\"lazy\" decoding=\"async\" class=\"alignnone wp-image-11056\" src=\"https:\/\/preview.qroo.gob.mx\/segob\/wp-content\/segob\/uploads\/2022\/07\/Vulnerables-AMMJE-300x150.jpg\" alt=\"\" width=\"244\" height=\"122\" \/><\/td>\r\n<td style=\"padding-left: 40px;\"><strong>ASOCIACI\u00d3N MEXICANA DE MUJERES JEFAS DE EMPRESA, A.C. CAP\u00cdTULO CANCUN<\/strong><br \/>\r\nApoyo a favor de la creaci\u00f3n de empresas lidereadas por mujeres, capacit\u00e1ndolas estudio, talleres, incentivar su potencial y fomentar la bolsa de trabajo en beneficio de las mujeres.<\/td>\r\n<p><\/tr--><!--tr class=\"odd\"><\/p>\r\n<td style=\"text-align: center;\"><img loading=\"lazy\" decoding=\"async\" class=\"alignnone wp-image-11057\" src=\"https:\/\/preview.qroo.gob.mx\/segob\/wp-content\/segob\/uploads\/2022\/07\/Vulnerables-PROTEGE-T.jpg\" alt=\"\" width=\"190\" height=\"115\" \/><\/td>\r\n<td style=\"padding-left: 40px;\"><strong>PROTEGE-T<\/strong><br \/>\r\nPericiales en materia de psicolog\u00eda, atenci\u00f3n a v\u00edctimas, valoraci\u00f3n para la portaci\u00f3n de armas, Evaluaci\u00f3n da\u00f1o moral. Acompa\u00f1amiento psicol\u00f3gico familiar, adolescentes y adultos, secuelas de abuso sexual. Dise\u00f1o programas para\u00a0 secundaria. Prevenci\u00f3n del delito, talleres y cursos de capacitaci\u00f3n en psicolog\u00eda y criminolog\u00eda.<\/td>\r\n<p><\/tr--><\/tbody>\r\n<\/table>\r\n<p>Informes en las oficinas de la Subsecretaria Social e Interinstitucional, Zona Norte de la Secretar\u00eda de Gobierno, ubicada en el edificio del Gobierno del Estado en la Cd. de Canc\u00fan, Q Roo. Av. Tulum con Av. Garc\u00eda de la Torre, Sm. 2, Mzna. 13 Lt. 22 y 23, Planta Alta.<\/p>\r\n\t\t<\/div>\n\t\t\t\t<\/div>\n\t\t\t\t\t<\/div>\n\t\t\t\t<\/div>\n\t\t\t\t<\/div>\n\t\t","protected":false},"excerpt":{"rendered":"<p>Grupos Vulnerables Dependencia Beca CASA DE REFUGIADOS \/ ABRIENDO PUERTAS Consolida una cultura de Apoyo en Materia Social a las personas en Movilidad (solicitantes del reconocimiento de la condici\u00f3n de refugiados, reconocidos como refugiados, personas sujetas de protecci\u00f3n complementaria, ap\u00e1tridas y migrantes econ\u00f3micos). FUNDACI\u00d3N MAMITA Y LETY A.C. Proporciona albergue, alimentaci\u00f3n, vestido, educaci\u00f3n, atenci\u00f3n m\u00e9dica, &#8230; <a title=\"Grupos Vulnerables\" class=\"read-more\" href=\"https:\/\/qroo.gob.mx\/segob\/grupos-vulnerables\/\" aria-label=\"Leer m\u00e1s sobre Grupos Vulnerables\">Leer m\u00e1s<\/a><\/p>\n","protected":false},"author":4,"featured_media":0,"parent":0,"menu_order":0,"comment_status":"closed","ping_status":"closed","template":"","meta":{"footnotes":""},"class_list":["post-36464","page","type-page","status-publish"],"yoast_head":"<!-- This site is optimized with the Yoast SEO plugin v23.0 - https:\/\/yoast.com\/wordpress\/plugins\/seo\/ -->\n<title>Grupos Vulnerables - Secretar\u00eda de Gobierno<\/title>\n<meta name=\"robots\" content=\"noindex, follow, max-snippet:-1, max-image-preview:large, max-video-preview:-1\" \/>\n<meta property=\"og:locale\" content=\"es_MX\" \/>\n<meta property=\"og:type\" content=\"article\" \/>\n<meta property=\"og:title\" content=\"Grupos Vulnerables - Secretar\u00eda de Gobierno\" \/>\n<meta property=\"og:description\" content=\"Grupos Vulnerables Dependencia Beca CASA DE REFUGIADOS \/ ABRIENDO PUERTAS Consolida una cultura de Apoyo en Materia Social a las personas en Movilidad (solicitantes del reconocimiento de la condici\u00f3n de refugiados, reconocidos como refugiados, personas sujetas de protecci\u00f3n complementaria, ap\u00e1tridas y migrantes econ\u00f3micos). FUNDACI\u00d3N MAMITA Y LETY A.C. Proporciona albergue, alimentaci\u00f3n, vestido, educaci\u00f3n, atenci\u00f3n m\u00e9dica, ... Leer m\u00e1s\" \/>\n<meta property=\"og:url\" content=\"https:\/\/qroo.gob.mx\/segob\/grupos-vulnerables\/\" \/>\n<meta property=\"og:site_name\" content=\"Secretar\u00eda de Gobierno\" \/>\n<meta property=\"article:modified_time\" content=\"2024-08-23T22:26:49+00:00\" \/>\n<meta property=\"og:image\" content=\"https:\/\/preview.qroo.gob.mx\/segob\/wp-content\/segob\/uploads\/2022\/07\/Vulnerables-Casa-Refugio.jpg\" \/>\n<meta name=\"twitter:card\" content=\"summary_large_image\" \/>\n<meta name=\"twitter:label1\" content=\"Tiempo de lectura\" \/>\n\t<meta name=\"twitter:data1\" content=\"3 minutos\" \/>\n<script type=\"application\/ld+json\" class=\"yoast-schema-graph\">{\"@context\":\"https:\/\/schema.org\",\"@graph\":[{\"@type\":\"WebPage\",\"@id\":\"https:\/\/qroo.gob.mx\/segob\/grupos-vulnerables\/\",\"url\":\"https:\/\/qroo.gob.mx\/segob\/grupos-vulnerables\/\",\"name\":\"Grupos Vulnerables - Secretar\u00eda de Gobierno\",\"isPartOf\":{\"@id\":\"https:\/\/qroo.gob.mx\/segob\/#website\"},\"primaryImageOfPage\":{\"@id\":\"https:\/\/qroo.gob.mx\/segob\/grupos-vulnerables\/#primaryimage\"},\"image\":{\"@id\":\"https:\/\/qroo.gob.mx\/segob\/grupos-vulnerables\/#primaryimage\"},\"thumbnailUrl\":\"https:\/\/preview.qroo.gob.mx\/segob\/wp-content\/segob\/uploads\/2022\/07\/Vulnerables-Casa-Refugio.jpg\",\"datePublished\":\"2024-08-23T22:00:33+00:00\",\"dateModified\":\"2024-08-23T22:26:49+00:00\",\"breadcrumb\":{\"@id\":\"https:\/\/qroo.gob.mx\/segob\/grupos-vulnerables\/#breadcrumb\"},\"inLanguage\":\"es\",\"potentialAction\":[{\"@type\":\"ReadAction\",\"target\":[\"https:\/\/qroo.gob.mx\/segob\/grupos-vulnerables\/\"]}]},{\"@type\":\"ImageObject\",\"inLanguage\":\"es\",\"@id\":\"https:\/\/qroo.gob.mx\/segob\/grupos-vulnerables\/#primaryimage\",\"url\":\"https:\/\/preview.qroo.gob.mx\/segob\/wp-content\/segob\/uploads\/2022\/07\/Vulnerables-Casa-Refugio.jpg\",\"contentUrl\":\"https:\/\/preview.qroo.gob.mx\/segob\/wp-content\/segob\/uploads\/2022\/07\/Vulnerables-Casa-Refugio.jpg\"},{\"@type\":\"BreadcrumbList\",\"@id\":\"https:\/\/qroo.gob.mx\/segob\/grupos-vulnerables\/#breadcrumb\",\"itemListElement\":[{\"@type\":\"ListItem\",\"position\":1,\"name\":\"Inicio\",\"item\":\"https:\/\/qroo.gob.mx\/segob\/\"},{\"@type\":\"ListItem\",\"position\":2,\"name\":\"Grupos Vulnerables\"}]},{\"@type\":\"WebSite\",\"@id\":\"https:\/\/qroo.gob.mx\/segob\/#website\",\"url\":\"https:\/\/qroo.gob.mx\/segob\/\",\"name\":\"Secretar\u00eda de Gobierno\",\"description\":\"\",\"publisher\":{\"@id\":\"https:\/\/qroo.gob.mx\/segob\/#organization\"},\"potentialAction\":[{\"@type\":\"SearchAction\",\"target\":{\"@type\":\"EntryPoint\",\"urlTemplate\":\"https:\/\/qroo.gob.mx\/segob\/?s={search_term_string}\"},\"query-input\":\"required name=search_term_string\"}],\"inLanguage\":\"es\"},{\"@type\":\"Organization\",\"@id\":\"https:\/\/qroo.gob.mx\/segob\/#organization\",\"name\":\"Secretar\u00eda de Gobierno\",\"url\":\"https:\/\/qroo.gob.mx\/segob\/\",\"logo\":{\"@type\":\"ImageObject\",\"inLanguage\":\"es\",\"@id\":\"https:\/\/qroo.gob.mx\/segob\/#\/schema\/logo\/image\/\",\"url\":\"https:\/\/qroo.gob.mx\/segob\/wp-content\/uploads\/2024\/05\/cropped-SEGOB.png\",\"contentUrl\":\"https:\/\/qroo.gob.mx\/segob\/wp-content\/uploads\/2024\/05\/cropped-SEGOB.png\",\"width\":1613,\"height\":745,\"caption\":\"Secretar\u00eda de Gobierno\"},\"image\":{\"@id\":\"https:\/\/qroo.gob.mx\/segob\/#\/schema\/logo\/image\/\"}}]}<\/script>\n<!-- \/ Yoast SEO plugin. -->","yoast_head_json":{"title":"Grupos Vulnerables - Secretar\u00eda de Gobierno","robots":{"index":"noindex","follow":"follow","max-snippet":"max-snippet:-1","max-image-preview":"max-image-preview:large","max-video-preview":"max-video-preview:-1"},"og_locale":"es_MX","og_type":"article","og_title":"Grupos Vulnerables - Secretar\u00eda de Gobierno","og_description":"Grupos Vulnerables Dependencia Beca CASA DE REFUGIADOS \/ ABRIENDO PUERTAS Consolida una cultura de Apoyo en Materia Social a las personas en Movilidad (solicitantes del reconocimiento de la condici\u00f3n de refugiados, reconocidos como refugiados, personas sujetas de protecci\u00f3n complementaria, ap\u00e1tridas y migrantes econ\u00f3micos). FUNDACI\u00d3N MAMITA Y LETY A.C. Proporciona albergue, alimentaci\u00f3n, vestido, educaci\u00f3n, atenci\u00f3n m\u00e9dica, ... Leer m\u00e1s","og_url":"https:\/\/qroo.gob.mx\/segob\/grupos-vulnerables\/","og_site_name":"Secretar\u00eda de Gobierno","article_modified_time":"2024-08-23T22:26:49+00:00","og_image":[{"url":"https:\/\/preview.qroo.gob.mx\/segob\/wp-content\/segob\/uploads\/2022\/07\/Vulnerables-Casa-Refugio.jpg"}],"twitter_card":"summary_large_image","twitter_misc":{"Tiempo de lectura":"3 minutos"},"schema":{"@context":"https:\/\/schema.org","@graph":[{"@type":"WebPage","@id":"https:\/\/qroo.gob.mx\/segob\/grupos-vulnerables\/","url":"https:\/\/qroo.gob.mx\/segob\/grupos-vulnerables\/","name":"Grupos Vulnerables - Secretar\u00eda de Gobierno","isPartOf":{"@id":"https:\/\/qroo.gob.mx\/segob\/#website"},"primaryImageOfPage":{"@id":"https:\/\/qroo.gob.mx\/segob\/grupos-vulnerables\/#primaryimage"},"image":{"@id":"https:\/\/qroo.gob.mx\/segob\/grupos-vulnerables\/#primaryimage"},"thumbnailUrl":"https:\/\/preview.qroo.gob.mx\/segob\/wp-content\/segob\/uploads\/2022\/07\/Vulnerables-Casa-Refugio.jpg","datePublished":"2024-08-23T22:00:33+00:00","dateModified":"2024-08-23T22:26:49+00:00","breadcrumb":{"@id":"https:\/\/qroo.gob.mx\/segob\/grupos-vulnerables\/#breadcrumb"},"inLanguage":"es","potentialAction":[{"@type":"ReadAction","target":["https:\/\/qroo.gob.mx\/segob\/grupos-vulnerables\/"]}]},{"@type":"ImageObject","inLanguage":"es","@id":"https:\/\/qroo.gob.mx\/segob\/grupos-vulnerables\/#primaryimage","url":"https:\/\/preview.qroo.gob.mx\/segob\/wp-content\/segob\/uploads\/2022\/07\/Vulnerables-Casa-Refugio.jpg","contentUrl":"https:\/\/preview.qroo.gob.mx\/segob\/wp-content\/segob\/uploads\/2022\/07\/Vulnerables-Casa-Refugio.jpg"},{"@type":"BreadcrumbList","@id":"https:\/\/qroo.gob.mx\/segob\/grupos-vulnerables\/#breadcrumb","itemListElement":[{"@type":"ListItem","position":1,"name":"Inicio","item":"https:\/\/qroo.gob.mx\/segob\/"},{"@type":"ListItem","position":2,"name":"Grupos Vulnerables"}]},{"@type":"WebSite","@id":"https:\/\/qroo.gob.mx\/segob\/#website","url":"https:\/\/qroo.gob.mx\/segob\/","name":"Secretar\u00eda de Gobierno","description":"","publisher":{"@id":"https:\/\/qroo.gob.mx\/segob\/#organization"},"potentialAction":[{"@type":"SearchAction","target":{"@type":"EntryPoint","urlTemplate":"https:\/\/qroo.gob.mx\/segob\/?s={search_term_string}"},"query-input":"required name=search_term_string"}],"inLanguage":"es"},{"@type":"Organization","@id":"https:\/\/qroo.gob.mx\/segob\/#organization","name":"Secretar\u00eda de Gobierno","url":"https:\/\/qroo.gob.mx\/segob\/","logo":{"@type":"ImageObject","inLanguage":"es","@id":"https:\/\/qroo.gob.mx\/segob\/#\/schema\/logo\/image\/","url":"https:\/\/qroo.gob.mx\/segob\/wp-content\/uploads\/2024\/05\/cropped-SEGOB.png","contentUrl":"https:\/\/qroo.gob.mx\/segob\/wp-content\/uploads\/2024\/05\/cropped-SEGOB.png","width":1613,"height":745,"caption":"Secretar\u00eda de Gobierno"},"image":{"@id":"https:\/\/qroo.gob.mx\/segob\/#\/schema\/logo\/image\/"}}]}},"_links":{"self":[{"href":"https:\/\/qroo.gob.mx\/segob\/wp-json\/wp\/v2\/pages\/36464"}],"collection":[{"href":"https:\/\/qroo.gob.mx\/segob\/wp-json\/wp\/v2\/pages"}],"about":[{"href":"https:\/\/qroo.gob.mx\/segob\/wp-json\/wp\/v2\/types\/page"}],"author":[{"embeddable":true,"href":"https:\/\/qroo.gob.mx\/segob\/wp-json\/wp\/v2\/users\/4"}],"replies":[{"embeddable":true,"href":"https:\/\/qroo.gob.mx\/segob\/wp-json\/wp\/v2\/comments?post=36464"}],"version-history":[{"count":4,"href":"https:\/\/qroo.gob.mx\/segob\/wp-json\/wp\/v2\/pages\/36464\/revisions"}],"predecessor-version":[{"id":36485,"href":"https:\/\/qroo.gob.mx\/segob\/wp-json\/wp\/v2\/pages\/36464\/revisions\/36485"}],"wp:attachment":[{"href":"https:\/\/qroo.gob.mx\/segob\/wp-json\/wp\/v2\/media?parent=36464"}],"curies":[{"name":"wp","href":"https:\/\/api.w.org\/{rel}","templated":true}]}}