{"id":36437,"date":"2024-08-23T16:32:36","date_gmt":"2024-08-23T21:32:36","guid":{"rendered":"https:\/\/qroo.gob.mx\/segob\/?page_id=36437"},"modified":"2024-08-23T16:45:35","modified_gmt":"2024-08-23T21:45:35","slug":"servicios-funerarios","status":"publish","type":"page","link":"https:\/\/qroo.gob.mx\/segob\/servicios-funerarios\/","title":{"rendered":"Servicios Funerarios"},"content":{"rendered":"\t\t<div data-elementor-type=\"wp-page\" data-elementor-id=\"36437\" class=\"elementor elementor-36437\">\n\t\t\t\t<div class=\"elementor-element elementor-element-5de3b8c e-flex e-con-boxed e-con e-parent\" data-id=\"5de3b8c\" data-element_type=\"container\">\n\t\t\t\t\t<div class=\"e-con-inner\">\n\t\t\t\t<div class=\"elementor-element elementor-element-6d53076 elementor-widget elementor-widget-heading\" data-id=\"6d53076\" data-element_type=\"widget\" data-widget_type=\"heading.default\">\n\t\t\t\t<div class=\"elementor-widget-container\">\n\t\t\t<style>\/*! elementor - v3.23.0 - 15-07-2024 *\/\n.elementor-heading-title{padding:0;margin:0;line-height:1}.elementor-widget-heading .elementor-heading-title[class*=elementor-size-]>a{color:inherit;font-size:inherit;line-height:inherit}.elementor-widget-heading .elementor-heading-title.elementor-size-small{font-size:15px}.elementor-widget-heading .elementor-heading-title.elementor-size-medium{font-size:19px}.elementor-widget-heading .elementor-heading-title.elementor-size-large{font-size:29px}.elementor-widget-heading .elementor-heading-title.elementor-size-xl{font-size:39px}.elementor-widget-heading .elementor-heading-title.elementor-size-xxl{font-size:59px}<\/style><h2 class=\"elementor-heading-title elementor-size-default\">Servicios Funerarios<\/h2>\t\t<\/div>\n\t\t\t\t<\/div>\n\t\t\t\t<div class=\"elementor-element elementor-element-3614c52 elementor-widget elementor-widget-html\" data-id=\"3614c52\" data-element_type=\"widget\" data-widget_type=\"html.default\">\n\t\t\t\t<div class=\"elementor-widget-container\">\n\t\t\t\r\n<style>\r\ntable {<br \/>  border-collapse: collapse; border: #E6F9FF 5px solid;<br \/>}<br \/>th, td {<br \/>  border: 1px solid #FFF;<br \/>}<br \/><\/style>\r\n<p>&nbsp;<\/p>\r\n<table width=\"100%\" data-striping=\"\">\r\n<thead>\r\n<tr>\r\n<th width=\"35%\"><span style=\"font-weight: 400;\">Dependencia<\/span><\/th>\r\n<th width=\"65%\"><span style=\"font-weight: 400;\">Beca<\/span><\/th>\r\n<\/tr>\r\n<\/thead>\r\n<tbody><!--tr class=\"odd\"><\/p>\r\n<td style=\"text-align: center;\"><img decoding=\"async\" class=\"alignnone wp-image-11026\" src=\"https:\/\/preview.qroo.gob.mx\/segob\/wp-content\/segob\/uploads\/2022\/07\/Funerarios-Capilla-San-Pedro.jpg\" alt=\"\" width=\"193\" height=\"136\" \/><\/td>\r\n<td style=\"padding-left: 40px;\"><strong>CAPILLAS SAN PEDRO<\/strong><br \/>\r\n15% de descuento sobre el precio de lista y 5% contratos de previsi\u00f3n.<\/td>\r\n<p><\/tr--><\/p>\r\n<tr class=\"even\">\r\n<td style=\"text-align: center;\"><img decoding=\"async\" class=\"alignnone wp-image-11027\" src=\"https:\/\/preview.qroo.gob.mx\/segob\/wp-content\/segob\/uploads\/2022\/07\/Funerarios-Opabiem.jpg\" alt=\"\" width=\"217\" height=\"124\" \/><\/td>\r\n<td style=\"padding-left: 40px;\"><strong>OPERADORA Y ADMINISTRADORA DE BIENES MUNICIPALES, S.A. DE C.V.<\/strong><br \/>\r\nDescuento hasta el 40% funerario, paquete completo.<\/td>\r\n<\/tr>\r\n<tr class=\"odd\">\r\n<td style=\"text-align: center;\"><img decoding=\"async\" class=\"alignnone size-full wp-image-11028\" src=\"https:\/\/preview.qroo.gob.mx\/segob\/wp-content\/segob\/uploads\/2022\/07\/Funerarios-Breton.jpg\" alt=\"\" width=\"135\" height=\"114\" \/><\/td>\r\n<td style=\"padding-left: 40px;\"><strong>BRET\u00d3N FUNERARIA<\/strong><br \/>\r\n15% de descuento sobre el precio de lista.<br \/>\r\n5% contratos de previsi\u00f3n.<\/td>\r\n<\/tr>\r\n<tr class=\"odd\">\r\n<td style=\"text-align: center;\"><img loading=\"lazy\" decoding=\"async\" class=\"alignnone size-full wp-image-11029\" src=\"https:\/\/preview.qroo.gob.mx\/segob\/wp-content\/segob\/uploads\/2022\/07\/Funerarios-Bosques-de-Paz.jpg\" alt=\"\" width=\"125\" height=\"96\" \/><\/td>\r\n<td style=\"padding-left: 40px;\"><strong>BOSQUES DE PAZ, SANTUARIO ECOL\u00d3GICO<\/strong><br \/>\r\n10% de enganche y 48 meses de pagos mensuales.<br \/>\r\n50% de descuento en servicios seleccionados.<br \/>\r\nTarifa preferencial.<\/td>\r\n<\/tr>\r\n<tr class=\"odd\">\r\n<td style=\"text-align: center;\"><img loading=\"lazy\" decoding=\"async\" class=\"alignnone wp-image-11030\" src=\"https:\/\/preview.qroo.gob.mx\/segob\/wp-content\/segob\/uploads\/2022\/07\/Funerarios-Praderas-207x300.jpg\" alt=\"\" width=\"135\" height=\"196\" \/><\/td>\r\n<td style=\"padding-left: 40px;\"><strong>PRADERAS FUNERARIA<\/strong><br \/>\r\nDescuento hasta 40%.<br \/>\r\nDefunciones por COVID $5,000.00<\/td>\r\n<\/tr>\r\n<tr class=\"odd\">\r\n<td style=\"text-align: center;\"><img loading=\"lazy\" decoding=\"async\" class=\"alignnone wp-image-11031\" src=\"https:\/\/preview.qroo.gob.mx\/segob\/wp-content\/segob\/uploads\/2022\/07\/Funerarios-Casa-funeraria-Sanchez-300x265.jpg\" alt=\"\" width=\"156\" height=\"138\" \/><\/td>\r\n<td style=\"padding-left: 40px;\"><strong>CASA FUNERARIA S\u00c1NCHEZ VILLAFA\u00d1A<\/strong><br \/>\r\nGestor\u00eda legal, $7,000 en cremaci\u00f3n directa.<br \/>\r\nApoyo a v\u00edctimas de c\u00e1ncer menores de 17 a\u00f1os.<br \/>\r\nTulum, Q. Roo<\/td>\r\n<\/tr>\r\n<\/tbody>\r\n<\/table>\r\n<p>Informes en las oficinas de la Subsecretaria Social e Interinstitucional, Zona Norte de la Secretar\u00eda de Gobierno, ubicada en el edificio del Gobierno del Estado en la Cd. de Canc\u00fan, Q Roo. Av. Tulum con Av. Garc\u00eda de la Torre, Sm. 2, Mzna. 13 Lt. 22 y 23, Planta Alta.<\/p>\r\n\t\t<\/div>\n\t\t\t\t<\/div>\n\t\t\t\t\t<\/div>\n\t\t\t\t<\/div>\n\t\t\t\t<\/div>\n\t\t","protected":false},"excerpt":{"rendered":"<p>Servicios Funerarios &nbsp; Dependencia Beca OPERADORA Y ADMINISTRADORA DE BIENES MUNICIPALES, S.A. DE C.V. Descuento hasta el 40% funerario, paquete completo. BRET\u00d3N FUNERARIA 15% de descuento sobre el precio de lista. 5% contratos de previsi\u00f3n. BOSQUES DE PAZ, SANTUARIO ECOL\u00d3GICO 10% de enganche y 48 meses de pagos mensuales. 50% de descuento en servicios seleccionados. &#8230; <a title=\"Servicios Funerarios\" class=\"read-more\" href=\"https:\/\/qroo.gob.mx\/segob\/servicios-funerarios\/\" aria-label=\"Leer m\u00e1s sobre Servicios Funerarios\">Leer m\u00e1s<\/a><\/p>\n","protected":false},"author":4,"featured_media":0,"parent":0,"menu_order":0,"comment_status":"closed","ping_status":"closed","template":"","meta":{"footnotes":""},"class_list":["post-36437","page","type-page","status-publish"],"yoast_head":"<!-- This site is optimized with the Yoast SEO plugin v23.0 - https:\/\/yoast.com\/wordpress\/plugins\/seo\/ -->\n<title>Servicios Funerarios - Secretar\u00eda de Gobierno<\/title>\n<meta name=\"robots\" content=\"noindex, follow, max-snippet:-1, max-image-preview:large, max-video-preview:-1\" \/>\n<meta property=\"og:locale\" content=\"es_MX\" \/>\n<meta property=\"og:type\" content=\"article\" \/>\n<meta property=\"og:title\" content=\"Servicios Funerarios - Secretar\u00eda de Gobierno\" \/>\n<meta property=\"og:description\" content=\"Servicios Funerarios &nbsp; Dependencia Beca OPERADORA Y ADMINISTRADORA DE BIENES MUNICIPALES, S.A. DE C.V. Descuento hasta el 40% funerario, paquete completo. BRET\u00d3N FUNERARIA 15% de descuento sobre el precio de lista. 5% contratos de previsi\u00f3n. BOSQUES DE PAZ, SANTUARIO ECOL\u00d3GICO 10% de enganche y 48 meses de pagos mensuales. 50% de descuento en servicios seleccionados. ... Leer m\u00e1s\" \/>\n<meta property=\"og:url\" content=\"https:\/\/qroo.gob.mx\/segob\/servicios-funerarios\/\" \/>\n<meta property=\"og:site_name\" content=\"Secretar\u00eda de Gobierno\" \/>\n<meta property=\"article:modified_time\" content=\"2024-08-23T21:45:35+00:00\" \/>\n<meta property=\"og:image\" content=\"https:\/\/preview.qroo.gob.mx\/segob\/wp-content\/segob\/uploads\/2022\/07\/Funerarios-Capilla-San-Pedro.jpg\" \/>\n<meta name=\"twitter:card\" content=\"summary_large_image\" \/>\n<meta name=\"twitter:label1\" content=\"Tiempo de lectura\" \/>\n\t<meta name=\"twitter:data1\" content=\"2 minutos\" \/>\n<script type=\"application\/ld+json\" class=\"yoast-schema-graph\">{\"@context\":\"https:\/\/schema.org\",\"@graph\":[{\"@type\":\"WebPage\",\"@id\":\"https:\/\/qroo.gob.mx\/segob\/servicios-funerarios\/\",\"url\":\"https:\/\/qroo.gob.mx\/segob\/servicios-funerarios\/\",\"name\":\"Servicios Funerarios - Secretar\u00eda de Gobierno\",\"isPartOf\":{\"@id\":\"https:\/\/qroo.gob.mx\/segob\/#website\"},\"primaryImageOfPage\":{\"@id\":\"https:\/\/qroo.gob.mx\/segob\/servicios-funerarios\/#primaryimage\"},\"image\":{\"@id\":\"https:\/\/qroo.gob.mx\/segob\/servicios-funerarios\/#primaryimage\"},\"thumbnailUrl\":\"https:\/\/preview.qroo.gob.mx\/segob\/wp-content\/segob\/uploads\/2022\/07\/Funerarios-Capilla-San-Pedro.jpg\",\"datePublished\":\"2024-08-23T21:32:36+00:00\",\"dateModified\":\"2024-08-23T21:45:35+00:00\",\"breadcrumb\":{\"@id\":\"https:\/\/qroo.gob.mx\/segob\/servicios-funerarios\/#breadcrumb\"},\"inLanguage\":\"es\",\"potentialAction\":[{\"@type\":\"ReadAction\",\"target\":[\"https:\/\/qroo.gob.mx\/segob\/servicios-funerarios\/\"]}]},{\"@type\":\"ImageObject\",\"inLanguage\":\"es\",\"@id\":\"https:\/\/qroo.gob.mx\/segob\/servicios-funerarios\/#primaryimage\",\"url\":\"https:\/\/preview.qroo.gob.mx\/segob\/wp-content\/segob\/uploads\/2022\/07\/Funerarios-Capilla-San-Pedro.jpg\",\"contentUrl\":\"https:\/\/preview.qroo.gob.mx\/segob\/wp-content\/segob\/uploads\/2022\/07\/Funerarios-Capilla-San-Pedro.jpg\"},{\"@type\":\"BreadcrumbList\",\"@id\":\"https:\/\/qroo.gob.mx\/segob\/servicios-funerarios\/#breadcrumb\",\"itemListElement\":[{\"@type\":\"ListItem\",\"position\":1,\"name\":\"Inicio\",\"item\":\"https:\/\/qroo.gob.mx\/segob\/\"},{\"@type\":\"ListItem\",\"position\":2,\"name\":\"Servicios Funerarios\"}]},{\"@type\":\"WebSite\",\"@id\":\"https:\/\/qroo.gob.mx\/segob\/#website\",\"url\":\"https:\/\/qroo.gob.mx\/segob\/\",\"name\":\"Secretar\u00eda de Gobierno\",\"description\":\"\",\"publisher\":{\"@id\":\"https:\/\/qroo.gob.mx\/segob\/#organization\"},\"potentialAction\":[{\"@type\":\"SearchAction\",\"target\":{\"@type\":\"EntryPoint\",\"urlTemplate\":\"https:\/\/qroo.gob.mx\/segob\/?s={search_term_string}\"},\"query-input\":\"required name=search_term_string\"}],\"inLanguage\":\"es\"},{\"@type\":\"Organization\",\"@id\":\"https:\/\/qroo.gob.mx\/segob\/#organization\",\"name\":\"Secretar\u00eda de Gobierno\",\"url\":\"https:\/\/qroo.gob.mx\/segob\/\",\"logo\":{\"@type\":\"ImageObject\",\"inLanguage\":\"es\",\"@id\":\"https:\/\/qroo.gob.mx\/segob\/#\/schema\/logo\/image\/\",\"url\":\"https:\/\/qroo.gob.mx\/segob\/wp-content\/uploads\/2024\/05\/cropped-SEGOB.png\",\"contentUrl\":\"https:\/\/qroo.gob.mx\/segob\/wp-content\/uploads\/2024\/05\/cropped-SEGOB.png\",\"width\":1613,\"height\":745,\"caption\":\"Secretar\u00eda de Gobierno\"},\"image\":{\"@id\":\"https:\/\/qroo.gob.mx\/segob\/#\/schema\/logo\/image\/\"}}]}<\/script>\n<!-- \/ Yoast SEO plugin. -->","yoast_head_json":{"title":"Servicios Funerarios - Secretar\u00eda de Gobierno","robots":{"index":"noindex","follow":"follow","max-snippet":"max-snippet:-1","max-image-preview":"max-image-preview:large","max-video-preview":"max-video-preview:-1"},"og_locale":"es_MX","og_type":"article","og_title":"Servicios Funerarios - Secretar\u00eda de Gobierno","og_description":"Servicios Funerarios &nbsp; Dependencia Beca OPERADORA Y ADMINISTRADORA DE BIENES MUNICIPALES, S.A. DE C.V. Descuento hasta el 40% funerario, paquete completo. BRET\u00d3N FUNERARIA 15% de descuento sobre el precio de lista. 5% contratos de previsi\u00f3n. BOSQUES DE PAZ, SANTUARIO ECOL\u00d3GICO 10% de enganche y 48 meses de pagos mensuales. 50% de descuento en servicios seleccionados. ... Leer m\u00e1s","og_url":"https:\/\/qroo.gob.mx\/segob\/servicios-funerarios\/","og_site_name":"Secretar\u00eda de Gobierno","article_modified_time":"2024-08-23T21:45:35+00:00","og_image":[{"url":"https:\/\/preview.qroo.gob.mx\/segob\/wp-content\/segob\/uploads\/2022\/07\/Funerarios-Capilla-San-Pedro.jpg"}],"twitter_card":"summary_large_image","twitter_misc":{"Tiempo de lectura":"2 minutos"},"schema":{"@context":"https:\/\/schema.org","@graph":[{"@type":"WebPage","@id":"https:\/\/qroo.gob.mx\/segob\/servicios-funerarios\/","url":"https:\/\/qroo.gob.mx\/segob\/servicios-funerarios\/","name":"Servicios Funerarios - Secretar\u00eda de Gobierno","isPartOf":{"@id":"https:\/\/qroo.gob.mx\/segob\/#website"},"primaryImageOfPage":{"@id":"https:\/\/qroo.gob.mx\/segob\/servicios-funerarios\/#primaryimage"},"image":{"@id":"https:\/\/qroo.gob.mx\/segob\/servicios-funerarios\/#primaryimage"},"thumbnailUrl":"https:\/\/preview.qroo.gob.mx\/segob\/wp-content\/segob\/uploads\/2022\/07\/Funerarios-Capilla-San-Pedro.jpg","datePublished":"2024-08-23T21:32:36+00:00","dateModified":"2024-08-23T21:45:35+00:00","breadcrumb":{"@id":"https:\/\/qroo.gob.mx\/segob\/servicios-funerarios\/#breadcrumb"},"inLanguage":"es","potentialAction":[{"@type":"ReadAction","target":["https:\/\/qroo.gob.mx\/segob\/servicios-funerarios\/"]}]},{"@type":"ImageObject","inLanguage":"es","@id":"https:\/\/qroo.gob.mx\/segob\/servicios-funerarios\/#primaryimage","url":"https:\/\/preview.qroo.gob.mx\/segob\/wp-content\/segob\/uploads\/2022\/07\/Funerarios-Capilla-San-Pedro.jpg","contentUrl":"https:\/\/preview.qroo.gob.mx\/segob\/wp-content\/segob\/uploads\/2022\/07\/Funerarios-Capilla-San-Pedro.jpg"},{"@type":"BreadcrumbList","@id":"https:\/\/qroo.gob.mx\/segob\/servicios-funerarios\/#breadcrumb","itemListElement":[{"@type":"ListItem","position":1,"name":"Inicio","item":"https:\/\/qroo.gob.mx\/segob\/"},{"@type":"ListItem","position":2,"name":"Servicios Funerarios"}]},{"@type":"WebSite","@id":"https:\/\/qroo.gob.mx\/segob\/#website","url":"https:\/\/qroo.gob.mx\/segob\/","name":"Secretar\u00eda de Gobierno","description":"","publisher":{"@id":"https:\/\/qroo.gob.mx\/segob\/#organization"},"potentialAction":[{"@type":"SearchAction","target":{"@type":"EntryPoint","urlTemplate":"https:\/\/qroo.gob.mx\/segob\/?s={search_term_string}"},"query-input":"required name=search_term_string"}],"inLanguage":"es"},{"@type":"Organization","@id":"https:\/\/qroo.gob.mx\/segob\/#organization","name":"Secretar\u00eda de Gobierno","url":"https:\/\/qroo.gob.mx\/segob\/","logo":{"@type":"ImageObject","inLanguage":"es","@id":"https:\/\/qroo.gob.mx\/segob\/#\/schema\/logo\/image\/","url":"https:\/\/qroo.gob.mx\/segob\/wp-content\/uploads\/2024\/05\/cropped-SEGOB.png","contentUrl":"https:\/\/qroo.gob.mx\/segob\/wp-content\/uploads\/2024\/05\/cropped-SEGOB.png","width":1613,"height":745,"caption":"Secretar\u00eda de Gobierno"},"image":{"@id":"https:\/\/qroo.gob.mx\/segob\/#\/schema\/logo\/image\/"}}]}},"_links":{"self":[{"href":"https:\/\/qroo.gob.mx\/segob\/wp-json\/wp\/v2\/pages\/36437"}],"collection":[{"href":"https:\/\/qroo.gob.mx\/segob\/wp-json\/wp\/v2\/pages"}],"about":[{"href":"https:\/\/qroo.gob.mx\/segob\/wp-json\/wp\/v2\/types\/page"}],"author":[{"embeddable":true,"href":"https:\/\/qroo.gob.mx\/segob\/wp-json\/wp\/v2\/users\/4"}],"replies":[{"embeddable":true,"href":"https:\/\/qroo.gob.mx\/segob\/wp-json\/wp\/v2\/comments?post=36437"}],"version-history":[{"count":4,"href":"https:\/\/qroo.gob.mx\/segob\/wp-json\/wp\/v2\/pages\/36437\/revisions"}],"predecessor-version":[{"id":36459,"href":"https:\/\/qroo.gob.mx\/segob\/wp-json\/wp\/v2\/pages\/36437\/revisions\/36459"}],"wp:attachment":[{"href":"https:\/\/qroo.gob.mx\/segob\/wp-json\/wp\/v2\/media?parent=36437"}],"curies":[{"name":"wp","href":"https:\/\/api.w.org\/{rel}","templated":true}]}}