{"id":36355,"date":"2024-08-23T12:15:57","date_gmt":"2024-08-23T17:15:57","guid":{"rendered":"https:\/\/qroo.gob.mx\/segob\/?page_id=36355"},"modified":"2024-08-23T12:33:03","modified_gmt":"2024-08-23T17:33:03","slug":"mision-y-vision","status":"publish","type":"page","link":"https:\/\/qroo.gob.mx\/segob\/mision-y-vision\/","title":{"rendered":"Misi\u00f3n y Visi\u00f3n"},"content":{"rendered":"\t\t<div data-elementor-type=\"wp-page\" data-elementor-id=\"36355\" class=\"elementor elementor-36355\">\n\t\t\t\t<div class=\"elementor-element elementor-element-42cbf864 e-flex e-con-boxed e-con e-parent\" data-id=\"42cbf864\" data-element_type=\"container\">\n\t\t\t\t\t<div class=\"e-con-inner\">\n\t\t<div class=\"elementor-element elementor-element-eca6037 e-con-full e-flex e-con e-child\" data-id=\"eca6037\" data-element_type=\"container\">\n\t\t\t\t<div class=\"elementor-element elementor-element-ced48de elementor-widget elementor-widget-spacer\" data-id=\"ced48de\" data-element_type=\"widget\" data-widget_type=\"spacer.default\">\n\t\t\t\t<div class=\"elementor-widget-container\">\n\t\t\t<style>\/*! elementor - v3.23.0 - 15-07-2024 *\/\n.elementor-column .elementor-spacer-inner{height:var(--spacer-size)}.e-con{--container-widget-width:100%}.e-con-inner>.elementor-widget-spacer,.e-con>.elementor-widget-spacer{width:var(--container-widget-width,var(--spacer-size));--align-self:var(--container-widget-align-self,initial);--flex-shrink:0}.e-con-inner>.elementor-widget-spacer>.elementor-widget-container,.e-con>.elementor-widget-spacer>.elementor-widget-container{height:100%;width:100%}.e-con-inner>.elementor-widget-spacer>.elementor-widget-container>.elementor-spacer,.e-con>.elementor-widget-spacer>.elementor-widget-container>.elementor-spacer{height:100%}.e-con-inner>.elementor-widget-spacer>.elementor-widget-container>.elementor-spacer>.elementor-spacer-inner,.e-con>.elementor-widget-spacer>.elementor-widget-container>.elementor-spacer>.elementor-spacer-inner{height:var(--container-widget-height,var(--spacer-size))}.e-con-inner>.elementor-widget-spacer.elementor-widget-empty,.e-con>.elementor-widget-spacer.elementor-widget-empty{position:relative;min-height:22px;min-width:22px}.e-con-inner>.elementor-widget-spacer.elementor-widget-empty .elementor-widget-empty-icon,.e-con>.elementor-widget-spacer.elementor-widget-empty .elementor-widget-empty-icon{position:absolute;top:0;bottom:0;left:0;right:0;margin:auto;padding:0;width:22px;height:22px}<\/style>\t\t<div class=\"elementor-spacer\">\n\t\t\t<div class=\"elementor-spacer-inner\"><\/div>\n\t\t<\/div>\n\t\t\t\t<\/div>\n\t\t\t\t<\/div>\n\t\t\t\t<\/div>\n\t\t\t\t<div class=\"elementor-element elementor-element-3d70f3f9 elementor-widget elementor-widget-text-editor\" data-id=\"3d70f3f9\" data-element_type=\"widget\" data-widget_type=\"text-editor.default\">\n\t\t\t\t<div class=\"elementor-widget-container\">\n\t\t\t<style>\/*! elementor - v3.23.0 - 15-07-2024 *\/\n.elementor-widget-text-editor.elementor-drop-cap-view-stacked .elementor-drop-cap{background-color:#69727d;color:#fff}.elementor-widget-text-editor.elementor-drop-cap-view-framed .elementor-drop-cap{color:#69727d;border:3px solid;background-color:transparent}.elementor-widget-text-editor:not(.elementor-drop-cap-view-default) .elementor-drop-cap{margin-top:8px}.elementor-widget-text-editor:not(.elementor-drop-cap-view-default) .elementor-drop-cap-letter{width:1em;height:1em}.elementor-widget-text-editor .elementor-drop-cap{float:left;text-align:center;line-height:1;font-size:50px}.elementor-widget-text-editor .elementor-drop-cap-letter{display:inline-block}<\/style>\t\t\t\t<!-- wp:image {\"id\":36356,\"sizeSlug\":\"large\",\"linkDestination\":\"none\"} -->\n<figure class=\"wp-block-image size-large\"><img fetchpriority=\"high\" decoding=\"async\" width=\"1024\" height=\"211\" class=\"wp-image-36356 aligncenter\" src=\"https:\/\/qroo.gob.mx\/segob\/wp-content\/uploads\/2024\/08\/LINEA-M_V-02-1024x211.png\" alt=\"\" srcset=\"https:\/\/qroo.gob.mx\/segob\/wp-content\/uploads\/2024\/08\/LINEA-M_V-02-1024x211.png 1024w, https:\/\/qroo.gob.mx\/segob\/wp-content\/uploads\/2024\/08\/LINEA-M_V-02-300x62.png 300w, https:\/\/qroo.gob.mx\/segob\/wp-content\/uploads\/2024\/08\/LINEA-M_V-02-768x158.png 768w, https:\/\/qroo.gob.mx\/segob\/wp-content\/uploads\/2024\/08\/LINEA-M_V-02-1536x317.png 1536w, https:\/\/qroo.gob.mx\/segob\/wp-content\/uploads\/2024\/08\/LINEA-M_V-02-2048x422.png 2048w\" sizes=\"(max-width: 1024px) 100vw, 1024px\" \/><\/figure>\n<!-- \/wp:image -->\t\t\t\t\t\t<\/div>\n\t\t\t\t<\/div>\n\t\t\t\t\t<\/div>\n\t\t\t\t<\/div>\n\t\t<div class=\"elementor-element elementor-element-4b923fc e-flex e-con-boxed e-con e-parent\" data-id=\"4b923fc\" data-element_type=\"container\">\n\t\t\t\t\t<div class=\"e-con-inner\">\n\t\t\t\t<div class=\"elementor-element elementor-element-2bb5a4b elementor-widget elementor-widget-spacer\" data-id=\"2bb5a4b\" data-element_type=\"widget\" data-widget_type=\"spacer.default\">\n\t\t\t\t<div class=\"elementor-widget-container\">\n\t\t\t\t\t<div class=\"elementor-spacer\">\n\t\t\t<div class=\"elementor-spacer-inner\"><\/div>\n\t\t<\/div>\n\t\t\t\t<\/div>\n\t\t\t\t<\/div>\n\t\t\t\t\t<\/div>\n\t\t\t\t<\/div>\n\t\t<div class=\"elementor-element elementor-element-8249228 e-flex e-con-boxed e-con e-parent\" data-id=\"8249228\" data-element_type=\"container\">\n\t\t\t\t\t<div class=\"e-con-inner\">\n\t\t\t\t<div class=\"elementor-element elementor-element-9656f11 elementor-widget elementor-widget-text-editor\" data-id=\"9656f11\" data-element_type=\"widget\" data-widget_type=\"text-editor.default\">\n\t\t\t\t<div class=\"elementor-widget-container\">\n\t\t\t\t\t\t\t<h4 class=\"text-align-justify\"><strong>Misi\u00f3n<\/strong><\/h4>\n<p class=\"text-align-justify\">La Secretar\u00eda de Gobierno promueve la responsabilidad, la convivencia armoniosa entre las instituciones, actores sociales y ciudadanos del Estado de Quintana Roo, se encuentra abierta\u00a0al di\u00e1logo, fomenta la participaci\u00f3n ciudadana y los valores c\u00edvicos en un marco de cultura de la legalidad, y fortalece a la poblaci\u00f3n en temas de protecci\u00f3n civil para garantizar su tranquilidad e integridad.<\/p>\n<p class=\"text-align-justify\" style=\"text-align: left;\">\u00a0<\/p>\n<h4 class=\"text-align-justify\"><strong>Visi\u00f3n<\/strong><\/h4>\n<p class=\"text-align-justify\">Alcanzar las metas planteadas para ser un agente de cambio que permita contar con espacios de participaci\u00f3n ciudadana en sincron\u00eda con la demanda social y formar parte de una sociedad resiliente, que conozca y ejerza a plenitud sus derechos y obligaciones; y contribuya en la reconstrucci\u00f3n de su comunidad, participando en la toma de decisiones para el mejoramiento constante de su entorno social y pol\u00edtico.<\/p>\t\t\t\t\t\t<\/div>\n\t\t\t\t<\/div>\n\t\t\t\t\t<\/div>\n\t\t\t\t<\/div>\n\t\t\t\t<\/div>\n\t\t","protected":false},"excerpt":{"rendered":"<p>Misi\u00f3n La Secretar\u00eda de Gobierno promueve la responsabilidad, la convivencia armoniosa entre las instituciones, actores sociales y ciudadanos del Estado de Quintana Roo, se encuentra abierta\u00a0al di\u00e1logo, fomenta la participaci\u00f3n ciudadana y los valores c\u00edvicos en un marco de cultura de la legalidad, y fortalece a la poblaci\u00f3n en temas de protecci\u00f3n civil para garantizar &#8230; <a title=\"Misi\u00f3n y Visi\u00f3n\" class=\"read-more\" href=\"https:\/\/qroo.gob.mx\/segob\/mision-y-vision\/\" aria-label=\"Leer m\u00e1s sobre Misi\u00f3n y Visi\u00f3n\">Leer m\u00e1s<\/a><\/p>\n","protected":false},"author":3,"featured_media":0,"parent":0,"menu_order":0,"comment_status":"closed","ping_status":"closed","template":"","meta":{"footnotes":""},"class_list":["post-36355","page","type-page","status-publish"],"yoast_head":"<!-- This site is optimized with the Yoast SEO plugin v23.0 - https:\/\/yoast.com\/wordpress\/plugins\/seo\/ -->\n<title>Misi\u00f3n y Visi\u00f3n - Secretar\u00eda de Gobierno<\/title>\n<meta name=\"robots\" content=\"noindex, follow, max-snippet:-1, max-image-preview:large, max-video-preview:-1\" \/>\n<meta property=\"og:locale\" content=\"es_MX\" \/>\n<meta property=\"og:type\" content=\"article\" \/>\n<meta property=\"og:title\" content=\"Misi\u00f3n y Visi\u00f3n - Secretar\u00eda de Gobierno\" \/>\n<meta property=\"og:description\" content=\"Misi\u00f3n La Secretar\u00eda de Gobierno promueve la responsabilidad, la convivencia armoniosa entre las instituciones, actores sociales y ciudadanos del Estado de Quintana Roo, se encuentra abierta\u00a0al di\u00e1logo, fomenta la participaci\u00f3n ciudadana y los valores c\u00edvicos en un marco de cultura de la legalidad, y fortalece a la poblaci\u00f3n en temas de protecci\u00f3n civil para garantizar ... Leer m\u00e1s\" \/>\n<meta property=\"og:url\" content=\"https:\/\/qroo.gob.mx\/segob\/mision-y-vision\/\" \/>\n<meta property=\"og:site_name\" content=\"Secretar\u00eda de Gobierno\" \/>\n<meta property=\"article:modified_time\" content=\"2024-08-23T17:33:03+00:00\" \/>\n<meta property=\"og:image\" content=\"https:\/\/qroo.gob.mx\/segob\/wp-content\/uploads\/2024\/08\/LINEA-M_V-02-1024x211.png\" \/>\n<meta name=\"twitter:card\" content=\"summary_large_image\" \/>\n<meta name=\"twitter:label1\" content=\"Tiempo de lectura\" \/>\n\t<meta name=\"twitter:data1\" content=\"1 minuto\" \/>\n<script type=\"application\/ld+json\" class=\"yoast-schema-graph\">{\"@context\":\"https:\/\/schema.org\",\"@graph\":[{\"@type\":\"WebPage\",\"@id\":\"https:\/\/qroo.gob.mx\/segob\/mision-y-vision\/\",\"url\":\"https:\/\/qroo.gob.mx\/segob\/mision-y-vision\/\",\"name\":\"Misi\u00f3n y Visi\u00f3n - Secretar\u00eda de Gobierno\",\"isPartOf\":{\"@id\":\"https:\/\/qroo.gob.mx\/segob\/#website\"},\"primaryImageOfPage\":{\"@id\":\"https:\/\/qroo.gob.mx\/segob\/mision-y-vision\/#primaryimage\"},\"image\":{\"@id\":\"https:\/\/qroo.gob.mx\/segob\/mision-y-vision\/#primaryimage\"},\"thumbnailUrl\":\"https:\/\/qroo.gob.mx\/segob\/wp-content\/uploads\/2024\/08\/LINEA-M_V-02-1024x211.png\",\"datePublished\":\"2024-08-23T17:15:57+00:00\",\"dateModified\":\"2024-08-23T17:33:03+00:00\",\"breadcrumb\":{\"@id\":\"https:\/\/qroo.gob.mx\/segob\/mision-y-vision\/#breadcrumb\"},\"inLanguage\":\"es\",\"potentialAction\":[{\"@type\":\"ReadAction\",\"target\":[\"https:\/\/qroo.gob.mx\/segob\/mision-y-vision\/\"]}]},{\"@type\":\"ImageObject\",\"inLanguage\":\"es\",\"@id\":\"https:\/\/qroo.gob.mx\/segob\/mision-y-vision\/#primaryimage\",\"url\":\"https:\/\/qroo.gob.mx\/segob\/wp-content\/uploads\/2024\/08\/LINEA-M_V-02.png\",\"contentUrl\":\"https:\/\/qroo.gob.mx\/segob\/wp-content\/uploads\/2024\/08\/LINEA-M_V-02.png\",\"width\":2362,\"height\":487},{\"@type\":\"BreadcrumbList\",\"@id\":\"https:\/\/qroo.gob.mx\/segob\/mision-y-vision\/#breadcrumb\",\"itemListElement\":[{\"@type\":\"ListItem\",\"position\":1,\"name\":\"Inicio\",\"item\":\"https:\/\/qroo.gob.mx\/segob\/\"},{\"@type\":\"ListItem\",\"position\":2,\"name\":\"Misi\u00f3n y Visi\u00f3n\"}]},{\"@type\":\"WebSite\",\"@id\":\"https:\/\/qroo.gob.mx\/segob\/#website\",\"url\":\"https:\/\/qroo.gob.mx\/segob\/\",\"name\":\"Secretar\u00eda de Gobierno\",\"description\":\"\",\"publisher\":{\"@id\":\"https:\/\/qroo.gob.mx\/segob\/#organization\"},\"potentialAction\":[{\"@type\":\"SearchAction\",\"target\":{\"@type\":\"EntryPoint\",\"urlTemplate\":\"https:\/\/qroo.gob.mx\/segob\/?s={search_term_string}\"},\"query-input\":\"required name=search_term_string\"}],\"inLanguage\":\"es\"},{\"@type\":\"Organization\",\"@id\":\"https:\/\/qroo.gob.mx\/segob\/#organization\",\"name\":\"Secretar\u00eda de Gobierno\",\"url\":\"https:\/\/qroo.gob.mx\/segob\/\",\"logo\":{\"@type\":\"ImageObject\",\"inLanguage\":\"es\",\"@id\":\"https:\/\/qroo.gob.mx\/segob\/#\/schema\/logo\/image\/\",\"url\":\"https:\/\/qroo.gob.mx\/segob\/wp-content\/uploads\/2024\/05\/cropped-SEGOB.png\",\"contentUrl\":\"https:\/\/qroo.gob.mx\/segob\/wp-content\/uploads\/2024\/05\/cropped-SEGOB.png\",\"width\":1613,\"height\":745,\"caption\":\"Secretar\u00eda de Gobierno\"},\"image\":{\"@id\":\"https:\/\/qroo.gob.mx\/segob\/#\/schema\/logo\/image\/\"}}]}<\/script>\n<!-- \/ Yoast SEO plugin. -->","yoast_head_json":{"title":"Misi\u00f3n y Visi\u00f3n - Secretar\u00eda de Gobierno","robots":{"index":"noindex","follow":"follow","max-snippet":"max-snippet:-1","max-image-preview":"max-image-preview:large","max-video-preview":"max-video-preview:-1"},"og_locale":"es_MX","og_type":"article","og_title":"Misi\u00f3n y Visi\u00f3n - Secretar\u00eda de Gobierno","og_description":"Misi\u00f3n La Secretar\u00eda de Gobierno promueve la responsabilidad, la convivencia armoniosa entre las instituciones, actores sociales y ciudadanos del Estado de Quintana Roo, se encuentra abierta\u00a0al di\u00e1logo, fomenta la participaci\u00f3n ciudadana y los valores c\u00edvicos en un marco de cultura de la legalidad, y fortalece a la poblaci\u00f3n en temas de protecci\u00f3n civil para garantizar ... Leer m\u00e1s","og_url":"https:\/\/qroo.gob.mx\/segob\/mision-y-vision\/","og_site_name":"Secretar\u00eda de Gobierno","article_modified_time":"2024-08-23T17:33:03+00:00","og_image":[{"url":"https:\/\/qroo.gob.mx\/segob\/wp-content\/uploads\/2024\/08\/LINEA-M_V-02-1024x211.png"}],"twitter_card":"summary_large_image","twitter_misc":{"Tiempo de lectura":"1 minuto"},"schema":{"@context":"https:\/\/schema.org","@graph":[{"@type":"WebPage","@id":"https:\/\/qroo.gob.mx\/segob\/mision-y-vision\/","url":"https:\/\/qroo.gob.mx\/segob\/mision-y-vision\/","name":"Misi\u00f3n y Visi\u00f3n - Secretar\u00eda de Gobierno","isPartOf":{"@id":"https:\/\/qroo.gob.mx\/segob\/#website"},"primaryImageOfPage":{"@id":"https:\/\/qroo.gob.mx\/segob\/mision-y-vision\/#primaryimage"},"image":{"@id":"https:\/\/qroo.gob.mx\/segob\/mision-y-vision\/#primaryimage"},"thumbnailUrl":"https:\/\/qroo.gob.mx\/segob\/wp-content\/uploads\/2024\/08\/LINEA-M_V-02-1024x211.png","datePublished":"2024-08-23T17:15:57+00:00","dateModified":"2024-08-23T17:33:03+00:00","breadcrumb":{"@id":"https:\/\/qroo.gob.mx\/segob\/mision-y-vision\/#breadcrumb"},"inLanguage":"es","potentialAction":[{"@type":"ReadAction","target":["https:\/\/qroo.gob.mx\/segob\/mision-y-vision\/"]}]},{"@type":"ImageObject","inLanguage":"es","@id":"https:\/\/qroo.gob.mx\/segob\/mision-y-vision\/#primaryimage","url":"https:\/\/qroo.gob.mx\/segob\/wp-content\/uploads\/2024\/08\/LINEA-M_V-02.png","contentUrl":"https:\/\/qroo.gob.mx\/segob\/wp-content\/uploads\/2024\/08\/LINEA-M_V-02.png","width":2362,"height":487},{"@type":"BreadcrumbList","@id":"https:\/\/qroo.gob.mx\/segob\/mision-y-vision\/#breadcrumb","itemListElement":[{"@type":"ListItem","position":1,"name":"Inicio","item":"https:\/\/qroo.gob.mx\/segob\/"},{"@type":"ListItem","position":2,"name":"Misi\u00f3n y Visi\u00f3n"}]},{"@type":"WebSite","@id":"https:\/\/qroo.gob.mx\/segob\/#website","url":"https:\/\/qroo.gob.mx\/segob\/","name":"Secretar\u00eda de Gobierno","description":"","publisher":{"@id":"https:\/\/qroo.gob.mx\/segob\/#organization"},"potentialAction":[{"@type":"SearchAction","target":{"@type":"EntryPoint","urlTemplate":"https:\/\/qroo.gob.mx\/segob\/?s={search_term_string}"},"query-input":"required name=search_term_string"}],"inLanguage":"es"},{"@type":"Organization","@id":"https:\/\/qroo.gob.mx\/segob\/#organization","name":"Secretar\u00eda de Gobierno","url":"https:\/\/qroo.gob.mx\/segob\/","logo":{"@type":"ImageObject","inLanguage":"es","@id":"https:\/\/qroo.gob.mx\/segob\/#\/schema\/logo\/image\/","url":"https:\/\/qroo.gob.mx\/segob\/wp-content\/uploads\/2024\/05\/cropped-SEGOB.png","contentUrl":"https:\/\/qroo.gob.mx\/segob\/wp-content\/uploads\/2024\/05\/cropped-SEGOB.png","width":1613,"height":745,"caption":"Secretar\u00eda de Gobierno"},"image":{"@id":"https:\/\/qroo.gob.mx\/segob\/#\/schema\/logo\/image\/"}}]}},"_links":{"self":[{"href":"https:\/\/qroo.gob.mx\/segob\/wp-json\/wp\/v2\/pages\/36355"}],"collection":[{"href":"https:\/\/qroo.gob.mx\/segob\/wp-json\/wp\/v2\/pages"}],"about":[{"href":"https:\/\/qroo.gob.mx\/segob\/wp-json\/wp\/v2\/types\/page"}],"author":[{"embeddable":true,"href":"https:\/\/qroo.gob.mx\/segob\/wp-json\/wp\/v2\/users\/3"}],"replies":[{"embeddable":true,"href":"https:\/\/qroo.gob.mx\/segob\/wp-json\/wp\/v2\/comments?post=36355"}],"version-history":[{"count":11,"href":"https:\/\/qroo.gob.mx\/segob\/wp-json\/wp\/v2\/pages\/36355\/revisions"}],"predecessor-version":[{"id":36377,"href":"https:\/\/qroo.gob.mx\/segob\/wp-json\/wp\/v2\/pages\/36355\/revisions\/36377"}],"wp:attachment":[{"href":"https:\/\/qroo.gob.mx\/segob\/wp-json\/wp\/v2\/media?parent=36355"}],"curies":[{"name":"wp","href":"https:\/\/api.w.org\/{rel}","templated":true}]}}