{"id":36043,"date":"2024-08-27T11:41:55","date_gmt":"2024-08-27T16:41:55","guid":{"rendered":"https:\/\/qroo.gob.mx\/segob\/cbpeqroo\/?page_id=36043"},"modified":"2024-08-27T11:44:25","modified_gmt":"2024-08-27T16:44:25","slug":"lineamientos-para-el-desarrollo-de-acciones-de-busqueda-en-campo-en-el-contexto-de-la-pandemia-por-sars-cov-2-covid-19","status":"publish","type":"page","link":"https:\/\/qroo.gob.mx\/segob\/cbpeqroo\/index.php\/lineamientos-para-el-desarrollo-de-acciones-de-busqueda-en-campo-en-el-contexto-de-la-pandemia-por-sars-cov-2-covid-19\/","title":{"rendered":"LINEAMIENTOS PARA EL DESARROLLO DE ACCIONES DE B\u00daSQUEDA EN CAMPO EN EL CONTEXTO DE LA PANDEMIA POR SARS-COV-2 (COVID-19)"},"content":{"rendered":"\t\t<div data-elementor-type=\"wp-page\" data-elementor-id=\"36043\" class=\"elementor elementor-36043\">\n\t\t\t\t<div class=\"elementor-element elementor-element-69ee0a8 e-flex e-con-boxed e-con e-parent\" data-id=\"69ee0a8\" data-element_type=\"container\">\n\t\t\t\t\t<div class=\"e-con-inner\">\n\t\t\t\t<div class=\"elementor-element elementor-element-f4ec9e3 elementor-widget elementor-widget-heading\" data-id=\"f4ec9e3\" data-element_type=\"widget\" data-widget_type=\"heading.default\">\n\t\t\t\t<div class=\"elementor-widget-container\">\n\t\t\t<style>\/*! elementor - v3.23.0 - 15-07-2024 *\/\n.elementor-heading-title{padding:0;margin:0;line-height:1}.elementor-widget-heading .elementor-heading-title[class*=elementor-size-]>a{color:inherit;font-size:inherit;line-height:inherit}.elementor-widget-heading .elementor-heading-title.elementor-size-small{font-size:15px}.elementor-widget-heading .elementor-heading-title.elementor-size-medium{font-size:19px}.elementor-widget-heading .elementor-heading-title.elementor-size-large{font-size:29px}.elementor-widget-heading .elementor-heading-title.elementor-size-xl{font-size:39px}.elementor-widget-heading .elementor-heading-title.elementor-size-xxl{font-size:59px}<\/style><h2 class=\"elementor-heading-title elementor-size-default\">LINEAMIENTOS PARA EL DESARROLLO DE ACCIONES DE B\u00daSQUEDA EN CAMPO EN EL CONTEXTO DE LA PANDEMIA POR SARS-COV-2 (COVID-19)<\/h2>\t\t<\/div>\n\t\t\t\t<\/div>\n\t\t\t\t<div class=\"elementor-element elementor-element-026ff3a elementor-widget elementor-widget-html\" data-id=\"026ff3a\" data-element_type=\"widget\" data-widget_type=\"html.default\">\n\t\t\t\t<div class=\"elementor-widget-container\">\n\t\t\t<div class=\"field__item\"><table data-striping=\"1\">\r\n  \r\n  \r\n      <thead>\r\n      <tr>\r\n                            <th>Adjunto<\/th>\r\n                            <th>Size<\/th>\r\n              <\/tr>\r\n    <\/thead>\r\n  \r\n      <tbody>\r\n                      <tr class=\"odd\">\r\n                      <td>\r\n<span class=\"file file--mime-application-pdf file--application-pdf\"> <a href=\"https:\/\/preview.qroo.gob.mx\/cbpeqroo\/wp-content\/cbpeqroo\/uploads\/2021\/08\/Lineamientos_busqueda_campo_COVID_29062020.pdf\" type=\"application\/pdf; length=1512943\">Lineamientos_busqueda_campo_COVID_29062020.pdf<\/a><\/span>\r\n<\/td>\r\n                      <td>1.44 MB<\/td>\r\n                  <\/tr>\r\n          <\/tbody>\r\n    <\/table>\r\n<\/div>\t\t<\/div>\n\t\t\t\t<\/div>\n\t\t\t\t\t<\/div>\n\t\t\t\t<\/div>\n\t\t\t\t<\/div>\n\t\t","protected":false},"excerpt":{"rendered":"<p>LINEAMIENTOS PARA EL DESARROLLO DE ACCIONES DE B\u00daSQUEDA EN CAMPO EN EL CONTEXTO DE LA PANDEMIA POR SARS-COV-2 (COVID-19) Adjunto Size Lineamientos_busqueda_campo_COVID_29062020.pdf 1.44 MB<\/p>\n","protected":false},"author":3,"featured_media":0,"parent":0,"menu_order":0,"comment_status":"closed","ping_status":"closed","template":"","meta":{"footnotes":""},"class_list":["post-36043","page","type-page","status-publish"],"yoast_head":"<!-- This site is optimized with the Yoast SEO plugin v23.0 - https:\/\/yoast.com\/wordpress\/plugins\/seo\/ -->\n<title>LINEAMIENTOS PARA EL DESARROLLO DE ACCIONES DE B\u00daSQUEDA EN CAMPO EN EL CONTEXTO DE LA PANDEMIA POR SARS-COV-2 (COVID-19) - Comisi\u00f3n de B\u00fasqueda de Personas del Estado de Quintana Roo<\/title>\n<meta name=\"robots\" content=\"noindex, follow, max-snippet:-1, max-image-preview:large, max-video-preview:-1\" \/>\n<meta property=\"og:locale\" content=\"es_MX\" \/>\n<meta property=\"og:type\" content=\"article\" \/>\n<meta property=\"og:title\" content=\"LINEAMIENTOS PARA EL DESARROLLO DE ACCIONES DE B\u00daSQUEDA EN CAMPO EN EL CONTEXTO DE LA PANDEMIA POR SARS-COV-2 (COVID-19) - Comisi\u00f3n de B\u00fasqueda de Personas del Estado de Quintana Roo\" \/>\n<meta property=\"og:description\" content=\"LINEAMIENTOS PARA EL DESARROLLO DE ACCIONES DE B\u00daSQUEDA EN CAMPO EN EL CONTEXTO DE LA PANDEMIA POR SARS-COV-2 (COVID-19) Adjunto Size Lineamientos_busqueda_campo_COVID_29062020.pdf 1.44 MB\" \/>\n<meta property=\"og:url\" content=\"https:\/\/qroo.gob.mx\/segob\/cbpeqroo\/index.php\/lineamientos-para-el-desarrollo-de-acciones-de-busqueda-en-campo-en-el-contexto-de-la-pandemia-por-sars-cov-2-covid-19\/\" \/>\n<meta property=\"og:site_name\" content=\"Comisi\u00f3n de B\u00fasqueda de Personas del Estado de Quintana Roo\" \/>\n<meta property=\"article:modified_time\" content=\"2024-08-27T16:44:25+00:00\" \/>\n<meta name=\"twitter:card\" content=\"summary_large_image\" \/>\n<meta name=\"twitter:label1\" content=\"Tiempo de lectura\" \/>\n\t<meta name=\"twitter:data1\" content=\"1 minuto\" \/>\n<script type=\"application\/ld+json\" class=\"yoast-schema-graph\">{\"@context\":\"https:\/\/schema.org\",\"@graph\":[{\"@type\":\"WebPage\",\"@id\":\"https:\/\/qroo.gob.mx\/segob\/cbpeqroo\/index.php\/lineamientos-para-el-desarrollo-de-acciones-de-busqueda-en-campo-en-el-contexto-de-la-pandemia-por-sars-cov-2-covid-19\/\",\"url\":\"https:\/\/qroo.gob.mx\/segob\/cbpeqroo\/index.php\/lineamientos-para-el-desarrollo-de-acciones-de-busqueda-en-campo-en-el-contexto-de-la-pandemia-por-sars-cov-2-covid-19\/\",\"name\":\"LINEAMIENTOS PARA EL DESARROLLO DE ACCIONES DE B\u00daSQUEDA EN CAMPO EN EL CONTEXTO DE LA PANDEMIA POR SARS-COV-2 (COVID-19) - Comisi\u00f3n de B\u00fasqueda de Personas del Estado de Quintana Roo\",\"isPartOf\":{\"@id\":\"https:\/\/qroo.gob.mx\/segob\/cbpeqroo\/#website\"},\"datePublished\":\"2024-08-27T16:41:55+00:00\",\"dateModified\":\"2024-08-27T16:44:25+00:00\",\"breadcrumb\":{\"@id\":\"https:\/\/qroo.gob.mx\/segob\/cbpeqroo\/index.php\/lineamientos-para-el-desarrollo-de-acciones-de-busqueda-en-campo-en-el-contexto-de-la-pandemia-por-sars-cov-2-covid-19\/#breadcrumb\"},\"inLanguage\":\"es\",\"potentialAction\":[{\"@type\":\"ReadAction\",\"target\":[\"https:\/\/qroo.gob.mx\/segob\/cbpeqroo\/index.php\/lineamientos-para-el-desarrollo-de-acciones-de-busqueda-en-campo-en-el-contexto-de-la-pandemia-por-sars-cov-2-covid-19\/\"]}]},{\"@type\":\"BreadcrumbList\",\"@id\":\"https:\/\/qroo.gob.mx\/segob\/cbpeqroo\/index.php\/lineamientos-para-el-desarrollo-de-acciones-de-busqueda-en-campo-en-el-contexto-de-la-pandemia-por-sars-cov-2-covid-19\/#breadcrumb\",\"itemListElement\":[{\"@type\":\"ListItem\",\"position\":1,\"name\":\"Inicio\",\"item\":\"https:\/\/qroo.gob.mx\/segob\/cbpeqroo\/\"},{\"@type\":\"ListItem\",\"position\":2,\"name\":\"LINEAMIENTOS PARA EL DESARROLLO DE ACCIONES DE B\u00daSQUEDA EN CAMPO EN EL CONTEXTO DE LA PANDEMIA POR SARS-COV-2 (COVID-19)\"}]},{\"@type\":\"WebSite\",\"@id\":\"https:\/\/qroo.gob.mx\/segob\/cbpeqroo\/#website\",\"url\":\"https:\/\/qroo.gob.mx\/segob\/cbpeqroo\/\",\"name\":\"Comisi\u00f3n de B\u00fasqueda de Personas del Estado de Quintana Roo\",\"description\":\"\",\"publisher\":{\"@id\":\"https:\/\/qroo.gob.mx\/segob\/cbpeqroo\/#organization\"},\"potentialAction\":[{\"@type\":\"SearchAction\",\"target\":{\"@type\":\"EntryPoint\",\"urlTemplate\":\"https:\/\/qroo.gob.mx\/segob\/cbpeqroo\/?s={search_term_string}\"},\"query-input\":\"required name=search_term_string\"}],\"inLanguage\":\"es\"},{\"@type\":\"Organization\",\"@id\":\"https:\/\/qroo.gob.mx\/segob\/cbpeqroo\/#organization\",\"name\":\"Comisi\u00f3n de B\u00fasqueda de Personas del Estado de Quintana Roo\",\"url\":\"https:\/\/qroo.gob.mx\/segob\/cbpeqroo\/\",\"logo\":{\"@type\":\"ImageObject\",\"inLanguage\":\"es\",\"@id\":\"https:\/\/qroo.gob.mx\/segob\/cbpeqroo\/#\/schema\/logo\/image\/\",\"url\":\"https:\/\/qroo.gob.mx\/segob\/cbpeqroo\/wp-content\/uploads\/2024\/03\/logo-de-gobierno.png\",\"contentUrl\":\"https:\/\/qroo.gob.mx\/segob\/cbpeqroo\/wp-content\/uploads\/2024\/03\/logo-de-gobierno.png\",\"width\":1876,\"height\":596,\"caption\":\"Comisi\u00f3n de B\u00fasqueda de Personas del Estado de Quintana Roo\"},\"image\":{\"@id\":\"https:\/\/qroo.gob.mx\/segob\/cbpeqroo\/#\/schema\/logo\/image\/\"}}]}<\/script>\n<!-- \/ Yoast SEO plugin. -->","yoast_head_json":{"title":"LINEAMIENTOS PARA EL DESARROLLO DE ACCIONES DE B\u00daSQUEDA EN CAMPO EN EL CONTEXTO DE LA PANDEMIA POR SARS-COV-2 (COVID-19) - Comisi\u00f3n de B\u00fasqueda de Personas del Estado de Quintana Roo","robots":{"index":"noindex","follow":"follow","max-snippet":"max-snippet:-1","max-image-preview":"max-image-preview:large","max-video-preview":"max-video-preview:-1"},"og_locale":"es_MX","og_type":"article","og_title":"LINEAMIENTOS PARA EL DESARROLLO DE ACCIONES DE B\u00daSQUEDA EN CAMPO EN EL CONTEXTO DE LA PANDEMIA POR SARS-COV-2 (COVID-19) - Comisi\u00f3n de B\u00fasqueda de Personas del Estado de Quintana Roo","og_description":"LINEAMIENTOS PARA EL DESARROLLO DE ACCIONES DE B\u00daSQUEDA EN CAMPO EN EL CONTEXTO DE LA PANDEMIA POR SARS-COV-2 (COVID-19) Adjunto Size Lineamientos_busqueda_campo_COVID_29062020.pdf 1.44 MB","og_url":"https:\/\/qroo.gob.mx\/segob\/cbpeqroo\/index.php\/lineamientos-para-el-desarrollo-de-acciones-de-busqueda-en-campo-en-el-contexto-de-la-pandemia-por-sars-cov-2-covid-19\/","og_site_name":"Comisi\u00f3n de B\u00fasqueda de Personas del Estado de Quintana Roo","article_modified_time":"2024-08-27T16:44:25+00:00","twitter_card":"summary_large_image","twitter_misc":{"Tiempo de lectura":"1 minuto"},"schema":{"@context":"https:\/\/schema.org","@graph":[{"@type":"WebPage","@id":"https:\/\/qroo.gob.mx\/segob\/cbpeqroo\/index.php\/lineamientos-para-el-desarrollo-de-acciones-de-busqueda-en-campo-en-el-contexto-de-la-pandemia-por-sars-cov-2-covid-19\/","url":"https:\/\/qroo.gob.mx\/segob\/cbpeqroo\/index.php\/lineamientos-para-el-desarrollo-de-acciones-de-busqueda-en-campo-en-el-contexto-de-la-pandemia-por-sars-cov-2-covid-19\/","name":"LINEAMIENTOS PARA EL DESARROLLO DE ACCIONES DE B\u00daSQUEDA EN CAMPO EN EL CONTEXTO DE LA PANDEMIA POR SARS-COV-2 (COVID-19) - Comisi\u00f3n de B\u00fasqueda de Personas del Estado de Quintana Roo","isPartOf":{"@id":"https:\/\/qroo.gob.mx\/segob\/cbpeqroo\/#website"},"datePublished":"2024-08-27T16:41:55+00:00","dateModified":"2024-08-27T16:44:25+00:00","breadcrumb":{"@id":"https:\/\/qroo.gob.mx\/segob\/cbpeqroo\/index.php\/lineamientos-para-el-desarrollo-de-acciones-de-busqueda-en-campo-en-el-contexto-de-la-pandemia-por-sars-cov-2-covid-19\/#breadcrumb"},"inLanguage":"es","potentialAction":[{"@type":"ReadAction","target":["https:\/\/qroo.gob.mx\/segob\/cbpeqroo\/index.php\/lineamientos-para-el-desarrollo-de-acciones-de-busqueda-en-campo-en-el-contexto-de-la-pandemia-por-sars-cov-2-covid-19\/"]}]},{"@type":"BreadcrumbList","@id":"https:\/\/qroo.gob.mx\/segob\/cbpeqroo\/index.php\/lineamientos-para-el-desarrollo-de-acciones-de-busqueda-en-campo-en-el-contexto-de-la-pandemia-por-sars-cov-2-covid-19\/#breadcrumb","itemListElement":[{"@type":"ListItem","position":1,"name":"Inicio","item":"https:\/\/qroo.gob.mx\/segob\/cbpeqroo\/"},{"@type":"ListItem","position":2,"name":"LINEAMIENTOS PARA EL DESARROLLO DE ACCIONES DE B\u00daSQUEDA EN CAMPO EN EL CONTEXTO DE LA PANDEMIA POR SARS-COV-2 (COVID-19)"}]},{"@type":"WebSite","@id":"https:\/\/qroo.gob.mx\/segob\/cbpeqroo\/#website","url":"https:\/\/qroo.gob.mx\/segob\/cbpeqroo\/","name":"Comisi\u00f3n de B\u00fasqueda de Personas del Estado de Quintana Roo","description":"","publisher":{"@id":"https:\/\/qroo.gob.mx\/segob\/cbpeqroo\/#organization"},"potentialAction":[{"@type":"SearchAction","target":{"@type":"EntryPoint","urlTemplate":"https:\/\/qroo.gob.mx\/segob\/cbpeqroo\/?s={search_term_string}"},"query-input":"required name=search_term_string"}],"inLanguage":"es"},{"@type":"Organization","@id":"https:\/\/qroo.gob.mx\/segob\/cbpeqroo\/#organization","name":"Comisi\u00f3n de B\u00fasqueda de Personas del Estado de Quintana Roo","url":"https:\/\/qroo.gob.mx\/segob\/cbpeqroo\/","logo":{"@type":"ImageObject","inLanguage":"es","@id":"https:\/\/qroo.gob.mx\/segob\/cbpeqroo\/#\/schema\/logo\/image\/","url":"https:\/\/qroo.gob.mx\/segob\/cbpeqroo\/wp-content\/uploads\/2024\/03\/logo-de-gobierno.png","contentUrl":"https:\/\/qroo.gob.mx\/segob\/cbpeqroo\/wp-content\/uploads\/2024\/03\/logo-de-gobierno.png","width":1876,"height":596,"caption":"Comisi\u00f3n de B\u00fasqueda de Personas del Estado de Quintana Roo"},"image":{"@id":"https:\/\/qroo.gob.mx\/segob\/cbpeqroo\/#\/schema\/logo\/image\/"}}]}},"_links":{"self":[{"href":"https:\/\/qroo.gob.mx\/segob\/cbpeqroo\/index.php\/wp-json\/wp\/v2\/pages\/36043"}],"collection":[{"href":"https:\/\/qroo.gob.mx\/segob\/cbpeqroo\/index.php\/wp-json\/wp\/v2\/pages"}],"about":[{"href":"https:\/\/qroo.gob.mx\/segob\/cbpeqroo\/index.php\/wp-json\/wp\/v2\/types\/page"}],"author":[{"embeddable":true,"href":"https:\/\/qroo.gob.mx\/segob\/cbpeqroo\/index.php\/wp-json\/wp\/v2\/users\/3"}],"replies":[{"embeddable":true,"href":"https:\/\/qroo.gob.mx\/segob\/cbpeqroo\/index.php\/wp-json\/wp\/v2\/comments?post=36043"}],"version-history":[{"count":5,"href":"https:\/\/qroo.gob.mx\/segob\/cbpeqroo\/index.php\/wp-json\/wp\/v2\/pages\/36043\/revisions"}],"predecessor-version":[{"id":36071,"href":"https:\/\/qroo.gob.mx\/segob\/cbpeqroo\/index.php\/wp-json\/wp\/v2\/pages\/36043\/revisions\/36071"}],"wp:attachment":[{"href":"https:\/\/qroo.gob.mx\/segob\/cbpeqroo\/index.php\/wp-json\/wp\/v2\/media?parent=36043"}],"curies":[{"name":"wp","href":"https:\/\/api.w.org\/{rel}","templated":true}]}}