{"id":36008,"date":"2024-08-27T10:52:46","date_gmt":"2024-08-27T15:52:46","guid":{"rendered":"https:\/\/qroo.gob.mx\/segob\/cbpeqroo\/?page_id=36008"},"modified":"2024-08-27T11:16:12","modified_gmt":"2024-08-27T16:16:12","slug":"contactos-de-busqueda-inmediata","status":"publish","type":"page","link":"https:\/\/qroo.gob.mx\/segob\/cbpeqroo\/index.php\/contactos-de-busqueda-inmediata\/","title":{"rendered":"Contactos de B\u00fasqueda Inmediata"},"content":{"rendered":"\t\t<div data-elementor-type=\"wp-page\" data-elementor-id=\"36008\" class=\"elementor elementor-36008\">\n\t\t\t\t<div class=\"elementor-element elementor-element-c70af46 e-flex e-con-boxed e-con e-parent\" data-id=\"c70af46\" data-element_type=\"container\">\n\t\t\t\t\t<div class=\"e-con-inner\">\n\t\t\t\t<div class=\"elementor-element elementor-element-2ddb912 elementor-widget elementor-widget-heading\" data-id=\"2ddb912\" data-element_type=\"widget\" data-widget_type=\"heading.default\">\n\t\t\t\t<div class=\"elementor-widget-container\">\n\t\t\t<style>\/*! elementor - v3.23.0 - 15-07-2024 *\/\n.elementor-heading-title{padding:0;margin:0;line-height:1}.elementor-widget-heading .elementor-heading-title[class*=elementor-size-]>a{color:inherit;font-size:inherit;line-height:inherit}.elementor-widget-heading .elementor-heading-title.elementor-size-small{font-size:15px}.elementor-widget-heading .elementor-heading-title.elementor-size-medium{font-size:19px}.elementor-widget-heading .elementor-heading-title.elementor-size-large{font-size:29px}.elementor-widget-heading .elementor-heading-title.elementor-size-xl{font-size:39px}.elementor-widget-heading .elementor-heading-title.elementor-size-xxl{font-size:59px}<\/style><h2 class=\"elementor-heading-title elementor-size-default\">Contactos de B\u00fasqueda Inmediata<\/h2>\t\t<\/div>\n\t\t\t\t<\/div>\n\t\t\t\t<div class=\"elementor-element elementor-element-d421b20 elementor-widget elementor-widget-html\" data-id=\"d421b20\" data-element_type=\"widget\" data-widget_type=\"html.default\">\n\t\t\t\t<div class=\"elementor-widget-container\">\n\t\t\t<style>\r\n\r\n.odd tr, .odd td {\r\n   background: #FFF;\r\n}\r\n\r\n.even tr, .even td {\r\n   background: #F1F1F1;\r\n}\r\n<\/style>\r\n\r\n\r\n<div align=\"center\">\r\n<table>\r\n<tbody>\r\n<tr class=\"even\">\r\n<td width=\"326\"><strong>EMERGENCIAS<\/strong><\/td>\r\n<td width=\"326\"><strong>911<\/strong><\/td>\r\n<\/tr>\r\n<tr class=\"odd\">\r\n<td width=\"326\"><strong>DENUNCIA AN\u00d3NIMA<\/strong><\/td>\r\n<td width=\"326\"><strong>089<\/strong><\/td>\r\n<\/tr>\r\n<\/tbody>\r\n<\/table>\r\n<strong>\u00a0<\/strong>\r\n\r\n<strong>Benito Ju\u00e1rez<\/strong>\r\n<table>\r\n<tbody>\r\n<tr class=\"even\">\r\n<td width=\"326\">Hospital General de Canc\u00fan \"Jes\u00fas Kumate Rodr\u00edguez\u201d<\/td>\r\n<td width=\"326\">(998) 884 2967, (998) 884 2666\r\n\r\n&nbsp;<\/td>\r\n<\/tr>\r\n<tr class=\"odd\">\r\n<td width=\"326\">IMSS general de zona # 3 Canc\u00fan<\/td>\r\n<td width=\"326\">(998) 884 1108<\/td>\r\n<\/tr>\r\n<tr class=\"even\">\r\n<td width=\"326\">IMSS general regional # 17 Canc\u00fan<\/td>\r\n<td width=\"326\">(998) 267 8646<\/td>\r\n<\/tr>\r\n<tr class=\"odd\">\r\n<td width=\"326\">Centro de Salud Urbano No. 1 Regi\u00f3n 100<\/td>\r\n<td width=\"326\">(998) 883 9581<\/td>\r\n<\/tr>\r\n<tr class=\"even\">\r\n<td width=\"326\">Centro de Salud Urbano No. 2 La Cuchilla<\/td>\r\n<td width=\"326\">(998) 989 8753<\/td>\r\n<\/tr>\r\n<tr class=\"odd\">\r\n<td width=\"326\">Centro de Salud Urbano No. 3 Regi\u00f3n 95<\/td>\r\n<td width=\"326\">(998) 206 8775<\/td>\r\n<\/tr>\r\n<tr class=\"even\">\r\n<td width=\"326\">Centro de Salud Urbano No. 4 Regi\u00f3n 96<\/td>\r\n<td width=\"326\">(998) 289 2782<\/td>\r\n<\/tr>\r\n<tr class=\"odd\">\r\n<td width=\"326\">Centro de Salud Urbano No. 5 P. Ju\u00e1rez<\/td>\r\n<td width=\"326\">(998) 289 2789<\/td>\r\n<\/tr>\r\n<tr class=\"even\">\r\n<td width=\"326\">Centro de Salud Urbano No. 6 Regi\u00f3n 99<\/td>\r\n<td width=\"326\">(998) 843 6395<\/td>\r\n<\/tr>\r\n<tr class=\"odd\">\r\n<td width=\"326\">Centro de Salud Urbano No. 7 Regi\u00f3n 102<\/td>\r\n<td width=\"326\">(998) 843 6635<\/td>\r\n<\/tr>\r\n<tr class=\"even\">\r\n<td width=\"326\">Centro de Salud Urbano No. 9 Regi\u00f3n 85<\/td>\r\n<td width=\"326\">(998) 843 1021<\/td>\r\n<\/tr>\r\n<tr class=\"odd\">\r\n<td width=\"326\">Centro de Salud Urbano No. 10 Regi\u00f3n 229<\/td>\r\n<td width=\"326\">(998) 132 8917<\/td>\r\n<\/tr>\r\n<tr class=\"even\">\r\n<td width=\"326\">Centro de Salud Urbano No.11 Regi\u00f3n 233<\/td>\r\n<td width=\"326\">(998) 860 0520<\/td>\r\n<\/tr>\r\n<tr class=\"odd\">\r\n<td width=\"326\">Centro de Salud Urbano No.12 Regi\u00f3n 236<\/td>\r\n<td width=\"326\">(998) 882 8705<\/td>\r\n<\/tr>\r\n<tr class=\"even\">\r\n<td width=\"326\">Centro de Salud Urbano No.13 Regi\u00f3n 516<\/td>\r\n<td width=\"326\">(998) 882 8705<\/td>\r\n<\/tr>\r\n<tr class=\"odd\">\r\n<td width=\"326\">Centro de Salud Urbano No. 14 Regi\u00f3n 221<\/td>\r\n<td width=\"326\">(998) 195 9335<\/td>\r\n<\/tr>\r\n<tr class=\"even\">\r\n<td width=\"326\">Centro de Salud Urbano No.15 Regi\u00f3n 103<\/td>\r\n<td width=\"326\">(998) 215 8717<\/td>\r\n<\/tr>\r\n<tr class=\"odd\">\r\n<td width=\"326\">Centro de Salud Rural Alfredo V. Bonfil<\/td>\r\n<td width=\"326\">(998) 882 2646<\/td>\r\n<\/tr>\r\n<tr class=\"even\">\r\n<td width=\"326\">Cruz Roja Canc\u00fan<\/td>\r\n<td width=\"326\">(998) 88 4 16 16<\/td>\r\n<\/tr>\r\n<\/tbody>\r\n<\/table>\r\n&nbsp;\r\n<table>\r\n<tbody>\r\n<tr class=\"even\">\r\n<td width=\"326\">Secretar\u00eda Municipal de Seguridad P\u00fablica y Tr\u00e1nsito<\/td>\r\n<td width=\"326\">(998) 283 2070<\/td>\r\n<\/tr>\r\n<tr class=\"odd\">\r\n<td width=\"326\">Secretar\u00eda General Seguridad P\u00fablica y Tr\u00e1nsito<\/td>\r\n<td width=\"326\">(998) 884 1913<\/td>\r\n<\/tr>\r\n<tr class=\"even\">\r\n<td width=\"326\">Polic\u00eda Tur\u00edstica<\/td>\r\n<td width=\"326\">(998) 885 2277<\/td>\r\n<\/tr>\r\n<tr class=\"odd\">\r\n<td width=\"326\">Polic\u00eda Federal Preventiva<\/td>\r\n<td width=\"326\">(998) 884 1107<\/td>\r\n<\/tr>\r\n<\/tbody>\r\n<\/table>\r\n&nbsp;\r\n\r\n<strong>Bacalar<\/strong>\r\n<table>\r\n<tbody>\r\n<tr class=\"even\">\r\n<td width=\"326\">Hospital Comunitario de Bacalar<\/td>\r\n<td width=\"326\">(983) 834 2756<\/td>\r\n<\/tr>\r\n<tr class=\"odd\">\r\n<td width=\"326\">Polic\u00eda Municipal de Bacalar<\/td>\r\n<td width=\"326\">(983) 834 21 58 y (983) 834 30 23<\/td>\r\n<\/tr>\r\n<\/tbody>\r\n<\/table>\r\n&nbsp;\r\n\r\n<strong>Cozumel<\/strong>\r\n<table>\r\n<tbody>\r\n<tr class=\"even\">\r\n<td width=\"326\">Hospital General de Cozumel<\/td>\r\n<td width=\"326\">(987) 872 0525<\/td>\r\n<\/tr>\r\n<tr class=\"odd\">\r\n<td width=\"326\">Cruz Roja Cozumel<\/td>\r\n<td width=\"326\">(987) 872 1057<\/td>\r\n<\/tr>\r\n<tr class=\"even\">\r\n<td width=\"326\">Polic\u00eda Municipal de Cozumel<\/td>\r\n<td width=\"326\">(987) 872 0409<\/td>\r\n<\/tr>\r\n<tr class=\"odd\">\r\n<td width=\"326\">Tr\u00e1nsito y Seguridad Vial Cozumel<\/td>\r\n<td width=\"326\">(987) 872 0409 y 872 00 92<\/td>\r\n<\/tr>\r\n<\/tbody>\r\n<\/table>\r\n&nbsp;\r\n\r\n<strong>Isla Mujeres<\/strong>\r\n<table>\r\n<tbody>\r\n<tr class=\"even\">\r\n<td width=\"326\">Hospital Integral de Isla Mujeres<\/td>\r\n<td width=\"326\">(998) 877 0117<\/td>\r\n<\/tr>\r\n<tr class=\"odd\">\r\n<td width=\"326\">Hospital Naval en Isla Mujeres<\/td>\r\n<td width=\"326\">(998) 877 0001<\/td>\r\n<\/tr>\r\n<tr class=\"even\">\r\n<td width=\"326\">IMSS<\/td>\r\n<td width=\"326\">(998) 877 0091<\/td>\r\n<\/tr>\r\n<tr class=\"odd\">\r\n<td width=\"326\">ISSSTE<\/td>\r\n<td width=\"326\">(998) 877 07 23<\/td>\r\n<\/tr>\r\n<tr class=\"even\">\r\n<td width=\"326\">Cruz Roja de Islas Mujeres<\/td>\r\n<td width=\"326\">(998) 877 0280<\/td>\r\n<\/tr>\r\n<tr class=\"odd\">\r\n<td width=\"326\">Secretaria de Seguridad Publica Y Transito Municipio de Isla Mujeres Zona Continental<\/td>\r\n<td width=\"326\">(998) 999 0051<\/td>\r\n<\/tr>\r\n<\/tbody>\r\n<\/table>\r\n&nbsp;\r\n\r\n<strong>Jos\u00e9 Mar\u00eda Morelos<\/strong>\r\n<table>\r\n<tbody>\r\n<tr class=\"even\">\r\n<td width=\"326\">Hospital Integral de Jos\u00e9 Mar\u00eda Morelos<\/td>\r\n<td width=\"326\">(997) 97 801 84<\/td>\r\n<\/tr>\r\n<tr class=\"odd\">\r\n<td width=\"326\">Tr\u00e1nsito Municipal Jos\u00e9 Mar\u00eda Morelos<\/td>\r\n<td width=\"326\">997 1273113<\/td>\r\n<\/tr>\r\n<\/tbody>\r\n<\/table>\r\n&nbsp;\r\n\r\n&nbsp;\r\n\r\n&nbsp;\r\n\r\n<strong>L\u00e1zaro C\u00e1rdenas<\/strong>\r\n<table>\r\n<tbody>\r\n<tr class=\"even\">\r\n<td width=\"326\">Hospital Integral de Kantunilkin<\/td>\r\n<td width=\"326\">(984) 872 9192, (984) 875 0160<\/td>\r\n<\/tr>\r\n<tr class=\"odd\">\r\n<td width=\"326\">Centro de Salud Rural Holbox<\/td>\r\n<td width=\"326\">(984) 875 2406<\/td>\r\n<\/tr>\r\n<tr class=\"even\">\r\n<td width=\"326\">Centro de Salud Rural Nuevo Xc\u00e1n<\/td>\r\n<td width=\"326\">(984) 807 2445<\/td>\r\n<\/tr>\r\n<tr class=\"odd\">\r\n<td width=\"326\">\u00a0Seguridad p\u00fablica del Municipio de L\u00e1zaro C\u00e1rdenas<\/td>\r\n<td width=\"326\">(984) 114 1730<\/td>\r\n<\/tr>\r\n<\/tbody>\r\n<\/table>\r\n&nbsp;\r\n\r\n<strong>Mahahual<\/strong>\r\n<table>\r\n<tbody>\r\n<tr class=\"even\">\r\n<td width=\"326\">Cl\u00ednica Costamed Mahahual<\/td>\r\n<td width=\"326\">(983) 834 5976<\/td>\r\n<\/tr>\r\n<\/tbody>\r\n<\/table>\r\n<strong>\u00a0<\/strong>\r\n\r\n<strong>\u00a0<\/strong>\r\n\r\n<strong>Oth\u00f3n P Blanco<\/strong>\r\n<table>\r\n<tbody>\r\n<tr class=\"even\">\r\n<td width=\"326\">Hospital General de Chetumal<\/td>\r\n<td width=\"326\">(983) 832 1977<\/td>\r\n<\/tr>\r\n<tr class=\"odd\">\r\n<td width=\"326\">Hospital Naval De Chetumal<\/td>\r\n<td width=\"326\">(983) 832 2621<\/td>\r\n<\/tr>\r\n<tr class=\"even\">\r\n<td width=\"326\">Hospital General de Zona y Medicina Familiar No. 1 IMSS<\/td>\r\n<td width=\"326\">(983) 832 1678<\/td>\r\n<\/tr>\r\n<tr class=\"odd\">\r\n<td width=\"326\">ISSSTE Cl\u00ednica Hospital<\/td>\r\n<td width=\"326\">(983) 837 1067<\/td>\r\n<\/tr>\r\n<tr class=\"even\">\r\n<td width=\"326\">Hospital Morelos Chetumal<\/td>\r\n<td width=\"326\">(983) 832 1588, (983) 832 4595, (983) 832 1937<\/td>\r\n<\/tr>\r\n<tr class=\"odd\">\r\n<td width=\"326\">Cruz Roja Chetumal<\/td>\r\n<td width=\"326\">(983) 83 2 05 71<\/td>\r\n<\/tr>\r\n<tr class=\"even\">\r\n<td width=\"326\">Seguridad P\u00fablica y Tr\u00e1nsito Municipal de OPB<\/td>\r\n<td width=\"326\">983 285 0052<\/td>\r\n<\/tr>\r\n<tr class=\"odd\">\r\n<td width=\"326\">Polic\u00eda Estatal Preventiva<\/td>\r\n<td width=\"326\">(983) 832 0193<\/td>\r\n<\/tr>\r\n<tr class=\"even\">\r\n<td width=\"326\">Polic\u00eda Federal Preventiva<\/td>\r\n<td width=\"326\">(983) 832 15 00 Y (983) 832 9600<\/td>\r\n<\/tr>\r\n<\/tbody>\r\n<\/table>\r\n&nbsp;\r\n\r\n<strong>Puerto Morelos<\/strong>\r\n<table>\r\n<tbody>\r\n<tr class=\"even\">\r\n<td width=\"326\">Cl\u00ednica Costamed Puerto Morelos<\/td>\r\n<td width=\"326\">(998) 500 2505<\/td>\r\n<\/tr>\r\n<tr class=\"odd\">\r\n<td width=\"326\">Direcci\u00f3n de Seguridad P\u00fablica Tr\u00e1nsito Y Polic\u00eda Tur\u00edstica de Puerto Morelos<\/td>\r\n<td width=\"326\">(998) 136 7448<\/td>\r\n<\/tr>\r\n<\/tbody>\r\n<\/table>\r\n<strong>\u00a0<\/strong>\r\n\r\n<strong>\u00a0<\/strong>\r\n\r\n<strong>Solidaridad<\/strong>\r\n<table>\r\n<tbody>\r\n<tr class=\"even\">\r\n<td width=\"326\">Hospital General de Playa del Carmen<\/td>\r\n<td width=\"326\">(984) 206 1690, (984) 206 1691<\/td>\r\n<\/tr>\r\n<tr class=\"odd\">\r\n<td width=\"326\">Cruz Roja Playa del Carmen<\/td>\r\n<td width=\"326\">(984) 873 1233<\/td>\r\n<\/tr>\r\n<tr class=\"even\">\r\n<td width=\"326\">Protecci\u00f3n Civil Playa del Carmen<\/td>\r\n<td width=\"326\">(984) 877 3053<\/td>\r\n<\/tr>\r\n<tr class=\"odd\">\r\n<td width=\"326\">Polic\u00eda Municipal de Solidaridad<\/td>\r\n<td width=\"326\">(984) 877 30 50 Ext. 11028<\/td>\r\n<\/tr>\r\n<tr class=\"even\">\r\n<td width=\"326\">Seguridad P\u00fablica y Tr\u00e1nsito Estatal<\/td>\r\n<td width=\"326\">(984) 877 3340<\/td>\r\n<\/tr>\r\n<\/tbody>\r\n<\/table>\r\n<strong>\u00a0<\/strong>\r\n\r\n<\/div>\t\t<\/div>\n\t\t\t\t<\/div>\n\t\t\t\t\t<\/div>\n\t\t\t\t<\/div>\n\t\t\t\t<\/div>\n\t\t","protected":false},"excerpt":{"rendered":"<p>Contactos de B\u00fasqueda Inmediata EMERGENCIAS 911 DENUNCIA AN\u00d3NIMA 089 \u00a0 Benito Ju\u00e1rez Hospital General de Canc\u00fan &#8220;Jes\u00fas Kumate Rodr\u00edguez\u201d (998) 884 2967, (998) 884 2666 &nbsp; IMSS general de zona # 3 Canc\u00fan (998) 884 1108 IMSS general regional # 17 Canc\u00fan (998) 267 8646 Centro de Salud Urbano No. 1 Regi\u00f3n 100 (998) 883 &#8230; <a title=\"Contactos de B\u00fasqueda Inmediata\" class=\"read-more\" href=\"https:\/\/qroo.gob.mx\/segob\/cbpeqroo\/index.php\/contactos-de-busqueda-inmediata\/\" aria-label=\"Leer m\u00e1s sobre Contactos de B\u00fasqueda Inmediata\">Leer m\u00e1s<\/a><\/p>\n","protected":false},"author":3,"featured_media":0,"parent":0,"menu_order":0,"comment_status":"closed","ping_status":"closed","template":"","meta":{"footnotes":""},"class_list":["post-36008","page","type-page","status-publish"],"yoast_head":"<!-- This site is optimized with the Yoast SEO plugin v23.0 - https:\/\/yoast.com\/wordpress\/plugins\/seo\/ -->\n<title>Contactos de B\u00fasqueda Inmediata - Comisi\u00f3n de B\u00fasqueda de Personas del Estado de Quintana Roo<\/title>\n<meta name=\"robots\" content=\"noindex, follow, max-snippet:-1, max-image-preview:large, max-video-preview:-1\" \/>\n<meta property=\"og:locale\" content=\"es_MX\" \/>\n<meta property=\"og:type\" content=\"article\" \/>\n<meta property=\"og:title\" content=\"Contactos de B\u00fasqueda Inmediata - Comisi\u00f3n de B\u00fasqueda de Personas del Estado de Quintana Roo\" \/>\n<meta property=\"og:description\" content=\"Contactos de B\u00fasqueda Inmediata EMERGENCIAS 911 DENUNCIA AN\u00d3NIMA 089 \u00a0 Benito Ju\u00e1rez Hospital General de Canc\u00fan &#8220;Jes\u00fas Kumate Rodr\u00edguez\u201d (998) 884 2967, (998) 884 2666 &nbsp; IMSS general de zona # 3 Canc\u00fan (998) 884 1108 IMSS general regional # 17 Canc\u00fan (998) 267 8646 Centro de Salud Urbano No. 1 Regi\u00f3n 100 (998) 883 ... Leer m\u00e1s\" \/>\n<meta property=\"og:url\" content=\"https:\/\/qroo.gob.mx\/segob\/cbpeqroo\/index.php\/contactos-de-busqueda-inmediata\/\" \/>\n<meta property=\"og:site_name\" content=\"Comisi\u00f3n de B\u00fasqueda de Personas del Estado de Quintana Roo\" \/>\n<meta property=\"article:modified_time\" content=\"2024-08-27T16:16:12+00:00\" \/>\n<meta name=\"twitter:card\" content=\"summary_large_image\" \/>\n<meta name=\"twitter:label1\" content=\"Tiempo de lectura\" \/>\n\t<meta name=\"twitter:data1\" content=\"3 minutos\" \/>\n<script type=\"application\/ld+json\" class=\"yoast-schema-graph\">{\"@context\":\"https:\/\/schema.org\",\"@graph\":[{\"@type\":\"WebPage\",\"@id\":\"https:\/\/qroo.gob.mx\/segob\/cbpeqroo\/index.php\/contactos-de-busqueda-inmediata\/\",\"url\":\"https:\/\/qroo.gob.mx\/segob\/cbpeqroo\/index.php\/contactos-de-busqueda-inmediata\/\",\"name\":\"Contactos de B\u00fasqueda Inmediata - Comisi\u00f3n de B\u00fasqueda de Personas del Estado de Quintana Roo\",\"isPartOf\":{\"@id\":\"https:\/\/qroo.gob.mx\/segob\/cbpeqroo\/#website\"},\"datePublished\":\"2024-08-27T15:52:46+00:00\",\"dateModified\":\"2024-08-27T16:16:12+00:00\",\"breadcrumb\":{\"@id\":\"https:\/\/qroo.gob.mx\/segob\/cbpeqroo\/index.php\/contactos-de-busqueda-inmediata\/#breadcrumb\"},\"inLanguage\":\"es\",\"potentialAction\":[{\"@type\":\"ReadAction\",\"target\":[\"https:\/\/qroo.gob.mx\/segob\/cbpeqroo\/index.php\/contactos-de-busqueda-inmediata\/\"]}]},{\"@type\":\"BreadcrumbList\",\"@id\":\"https:\/\/qroo.gob.mx\/segob\/cbpeqroo\/index.php\/contactos-de-busqueda-inmediata\/#breadcrumb\",\"itemListElement\":[{\"@type\":\"ListItem\",\"position\":1,\"name\":\"Inicio\",\"item\":\"https:\/\/qroo.gob.mx\/segob\/cbpeqroo\/\"},{\"@type\":\"ListItem\",\"position\":2,\"name\":\"Contactos de B\u00fasqueda Inmediata\"}]},{\"@type\":\"WebSite\",\"@id\":\"https:\/\/qroo.gob.mx\/segob\/cbpeqroo\/#website\",\"url\":\"https:\/\/qroo.gob.mx\/segob\/cbpeqroo\/\",\"name\":\"Comisi\u00f3n de B\u00fasqueda de Personas del Estado de Quintana Roo\",\"description\":\"\",\"publisher\":{\"@id\":\"https:\/\/qroo.gob.mx\/segob\/cbpeqroo\/#organization\"},\"potentialAction\":[{\"@type\":\"SearchAction\",\"target\":{\"@type\":\"EntryPoint\",\"urlTemplate\":\"https:\/\/qroo.gob.mx\/segob\/cbpeqroo\/?s={search_term_string}\"},\"query-input\":\"required name=search_term_string\"}],\"inLanguage\":\"es\"},{\"@type\":\"Organization\",\"@id\":\"https:\/\/qroo.gob.mx\/segob\/cbpeqroo\/#organization\",\"name\":\"Comisi\u00f3n de B\u00fasqueda de Personas del Estado de Quintana Roo\",\"url\":\"https:\/\/qroo.gob.mx\/segob\/cbpeqroo\/\",\"logo\":{\"@type\":\"ImageObject\",\"inLanguage\":\"es\",\"@id\":\"https:\/\/qroo.gob.mx\/segob\/cbpeqroo\/#\/schema\/logo\/image\/\",\"url\":\"https:\/\/qroo.gob.mx\/segob\/cbpeqroo\/wp-content\/uploads\/2024\/03\/logo-de-gobierno.png\",\"contentUrl\":\"https:\/\/qroo.gob.mx\/segob\/cbpeqroo\/wp-content\/uploads\/2024\/03\/logo-de-gobierno.png\",\"width\":1876,\"height\":596,\"caption\":\"Comisi\u00f3n de B\u00fasqueda de Personas del Estado de Quintana Roo\"},\"image\":{\"@id\":\"https:\/\/qroo.gob.mx\/segob\/cbpeqroo\/#\/schema\/logo\/image\/\"}}]}<\/script>\n<!-- \/ Yoast SEO plugin. -->","yoast_head_json":{"title":"Contactos de B\u00fasqueda Inmediata - Comisi\u00f3n de B\u00fasqueda de Personas del Estado de Quintana Roo","robots":{"index":"noindex","follow":"follow","max-snippet":"max-snippet:-1","max-image-preview":"max-image-preview:large","max-video-preview":"max-video-preview:-1"},"og_locale":"es_MX","og_type":"article","og_title":"Contactos de B\u00fasqueda Inmediata - Comisi\u00f3n de B\u00fasqueda de Personas del Estado de Quintana Roo","og_description":"Contactos de B\u00fasqueda Inmediata EMERGENCIAS 911 DENUNCIA AN\u00d3NIMA 089 \u00a0 Benito Ju\u00e1rez Hospital General de Canc\u00fan &#8220;Jes\u00fas Kumate Rodr\u00edguez\u201d (998) 884 2967, (998) 884 2666 &nbsp; IMSS general de zona # 3 Canc\u00fan (998) 884 1108 IMSS general regional # 17 Canc\u00fan (998) 267 8646 Centro de Salud Urbano No. 1 Regi\u00f3n 100 (998) 883 ... Leer m\u00e1s","og_url":"https:\/\/qroo.gob.mx\/segob\/cbpeqroo\/index.php\/contactos-de-busqueda-inmediata\/","og_site_name":"Comisi\u00f3n de B\u00fasqueda de Personas del Estado de Quintana Roo","article_modified_time":"2024-08-27T16:16:12+00:00","twitter_card":"summary_large_image","twitter_misc":{"Tiempo de lectura":"3 minutos"},"schema":{"@context":"https:\/\/schema.org","@graph":[{"@type":"WebPage","@id":"https:\/\/qroo.gob.mx\/segob\/cbpeqroo\/index.php\/contactos-de-busqueda-inmediata\/","url":"https:\/\/qroo.gob.mx\/segob\/cbpeqroo\/index.php\/contactos-de-busqueda-inmediata\/","name":"Contactos de B\u00fasqueda Inmediata - Comisi\u00f3n de B\u00fasqueda de Personas del Estado de Quintana Roo","isPartOf":{"@id":"https:\/\/qroo.gob.mx\/segob\/cbpeqroo\/#website"},"datePublished":"2024-08-27T15:52:46+00:00","dateModified":"2024-08-27T16:16:12+00:00","breadcrumb":{"@id":"https:\/\/qroo.gob.mx\/segob\/cbpeqroo\/index.php\/contactos-de-busqueda-inmediata\/#breadcrumb"},"inLanguage":"es","potentialAction":[{"@type":"ReadAction","target":["https:\/\/qroo.gob.mx\/segob\/cbpeqroo\/index.php\/contactos-de-busqueda-inmediata\/"]}]},{"@type":"BreadcrumbList","@id":"https:\/\/qroo.gob.mx\/segob\/cbpeqroo\/index.php\/contactos-de-busqueda-inmediata\/#breadcrumb","itemListElement":[{"@type":"ListItem","position":1,"name":"Inicio","item":"https:\/\/qroo.gob.mx\/segob\/cbpeqroo\/"},{"@type":"ListItem","position":2,"name":"Contactos de B\u00fasqueda Inmediata"}]},{"@type":"WebSite","@id":"https:\/\/qroo.gob.mx\/segob\/cbpeqroo\/#website","url":"https:\/\/qroo.gob.mx\/segob\/cbpeqroo\/","name":"Comisi\u00f3n de B\u00fasqueda de Personas del Estado de Quintana Roo","description":"","publisher":{"@id":"https:\/\/qroo.gob.mx\/segob\/cbpeqroo\/#organization"},"potentialAction":[{"@type":"SearchAction","target":{"@type":"EntryPoint","urlTemplate":"https:\/\/qroo.gob.mx\/segob\/cbpeqroo\/?s={search_term_string}"},"query-input":"required name=search_term_string"}],"inLanguage":"es"},{"@type":"Organization","@id":"https:\/\/qroo.gob.mx\/segob\/cbpeqroo\/#organization","name":"Comisi\u00f3n de B\u00fasqueda de Personas del Estado de Quintana Roo","url":"https:\/\/qroo.gob.mx\/segob\/cbpeqroo\/","logo":{"@type":"ImageObject","inLanguage":"es","@id":"https:\/\/qroo.gob.mx\/segob\/cbpeqroo\/#\/schema\/logo\/image\/","url":"https:\/\/qroo.gob.mx\/segob\/cbpeqroo\/wp-content\/uploads\/2024\/03\/logo-de-gobierno.png","contentUrl":"https:\/\/qroo.gob.mx\/segob\/cbpeqroo\/wp-content\/uploads\/2024\/03\/logo-de-gobierno.png","width":1876,"height":596,"caption":"Comisi\u00f3n de B\u00fasqueda de Personas del Estado de Quintana Roo"},"image":{"@id":"https:\/\/qroo.gob.mx\/segob\/cbpeqroo\/#\/schema\/logo\/image\/"}}]}},"_links":{"self":[{"href":"https:\/\/qroo.gob.mx\/segob\/cbpeqroo\/index.php\/wp-json\/wp\/v2\/pages\/36008"}],"collection":[{"href":"https:\/\/qroo.gob.mx\/segob\/cbpeqroo\/index.php\/wp-json\/wp\/v2\/pages"}],"about":[{"href":"https:\/\/qroo.gob.mx\/segob\/cbpeqroo\/index.php\/wp-json\/wp\/v2\/types\/page"}],"author":[{"embeddable":true,"href":"https:\/\/qroo.gob.mx\/segob\/cbpeqroo\/index.php\/wp-json\/wp\/v2\/users\/3"}],"replies":[{"embeddable":true,"href":"https:\/\/qroo.gob.mx\/segob\/cbpeqroo\/index.php\/wp-json\/wp\/v2\/comments?post=36008"}],"version-history":[{"count":4,"href":"https:\/\/qroo.gob.mx\/segob\/cbpeqroo\/index.php\/wp-json\/wp\/v2\/pages\/36008\/revisions"}],"predecessor-version":[{"id":36033,"href":"https:\/\/qroo.gob.mx\/segob\/cbpeqroo\/index.php\/wp-json\/wp\/v2\/pages\/36008\/revisions\/36033"}],"wp:attachment":[{"href":"https:\/\/qroo.gob.mx\/segob\/cbpeqroo\/index.php\/wp-json\/wp\/v2\/media?parent=36008"}],"curies":[{"name":"wp","href":"https:\/\/api.w.org\/{rel}","templated":true}]}}