{"id":36006,"date":"2024-08-27T11:17:26","date_gmt":"2024-08-27T16:17:26","guid":{"rendered":"https:\/\/qroo.gob.mx\/segob\/cbpeqroo\/?page_id=36006"},"modified":"2024-11-22T14:40:46","modified_gmt":"2024-11-22T19:40:46","slug":"protocolos","status":"publish","type":"page","link":"https:\/\/qroo.gob.mx\/segob\/cbpeqroo\/index.php\/protocolos\/","title":{"rendered":"Protocolos"},"content":{"rendered":"\t\t<div data-elementor-type=\"wp-page\" data-elementor-id=\"36006\" class=\"elementor elementor-36006\">\n\t\t\t\t<div class=\"elementor-element elementor-element-a1bd18e e-flex e-con-boxed e-con e-parent\" data-id=\"a1bd18e\" data-element_type=\"container\">\n\t\t\t\t\t<div class=\"e-con-inner\">\n\t\t\t\t<div class=\"elementor-element elementor-element-0d7cad7 elementor-widget elementor-widget-heading\" data-id=\"0d7cad7\" data-element_type=\"widget\" data-widget_type=\"heading.default\">\n\t\t\t\t<div class=\"elementor-widget-container\">\n\t\t\t<style>\/*! elementor - v3.23.0 - 15-07-2024 *\/\n.elementor-heading-title{padding:0;margin:0;line-height:1}.elementor-widget-heading .elementor-heading-title[class*=elementor-size-]>a{color:inherit;font-size:inherit;line-height:inherit}.elementor-widget-heading .elementor-heading-title.elementor-size-small{font-size:15px}.elementor-widget-heading .elementor-heading-title.elementor-size-medium{font-size:19px}.elementor-widget-heading .elementor-heading-title.elementor-size-large{font-size:29px}.elementor-widget-heading .elementor-heading-title.elementor-size-xl{font-size:39px}.elementor-widget-heading .elementor-heading-title.elementor-size-xxl{font-size:59px}<\/style><h2 class=\"elementor-heading-title elementor-size-default\">Protocolos<\/h2>\t\t<\/div>\n\t\t\t\t<\/div>\n\t\t\t\t<div class=\"elementor-element elementor-element-74e135c elementor-widget elementor-widget-html\" data-id=\"74e135c\" data-element_type=\"widget\" data-widget_type=\"html.default\">\n\t\t\t\t<div class=\"elementor-widget-container\">\n\t\t\t<style>\r\n.odd tr, .odd td {\r\n   background: #FFF;\r\n}\r\n\r\n.even tr, .even td {\r\n   background: #F1F1F1;\r\n}\r\n<\/style>\r\n\r\n<div align=\"center\">\r\n<table width=\"80%\">\r\n<tbody>\r\n<!--tr class=\"odd\">\r\n<td><a class=\"\" href=\"https:\/\/qroo.gob.mx\/segob\/cbpeqroo\/lineamientos-para-el-desarrollo-de-acciones-de-busqueda-en-campo-en-el-contexto-de-la-pandemia-por-sars-cov-2-covid-19\" data-uw-styling-context=\"true\">Lineamientos para el Desarrollo de Acciones de B\u00fasqueda en Campo en el Contexto de la Pandemia por SARS-COV-2 (Covid-19)<\/a><\/td>\r\n<\/tr-->\r\n<tr class=\"even\">\r\n<td><a class=\"\" href=\"https:\/\/qroo.gob.mx\/segob\/cbpeqroo\/wp-content\/uploads\/2024\/11\/MISVIM-QROO-1.pdf\" data-uw-styling-context=\"true\" target=\"_blank\">Modelo Integral para la Sanci\u00f3n de las Violencias contra las Mujeres del Estado de Quintana Roo<\/a><\/td>\r\n<\/tr>\r\n<tr class=\"odd\">\r\n<td><a class=\"\" href=\"https:\/\/qroo.gob.mx\/segob\/cbpeqroo\/protocolo-alba-del-estado-de-quintana-roo\/\" data-uw-styling-context=\"true\">Protocolo Alba Del Estado De Quintana Roo<\/a><\/td>\r\n<\/tr>\r\n<tr class=\"even\">\r\n<td><a class=\"\" href=\"https:\/\/dof.gob.mx\/nota_detalle.php?codigo=5601905&amp;fecha=06\/10\/2020\" data-uw-styling-context=\"true\" target=\"_blank\">Protocolo Homologado para la B\u00fasqueda de Personas Desaparecidas y No Localizadas<\/a><\/td>\r\n<\/tr>\r\n<tr class=\"odd\">\r\n<td><a class=\"\" href=\"https:\/\/qroo.gob.mx\/segob\/cbpeqroo\/protocolo-para-la-busqueda-de-ninas-ninos-y-adolescentes\/\" data-uw-styling-context=\"true\" target=\"_blank\">Protocolo para la B\u00fasqueda de Ni\u00f1as, Ni\u00f1os y Adolescentes<\/a><\/td>\r\n<\/tr>\r\n<tr class=\"even\">\r\n<td><a class=\"\" href=\"https:\/\/qroo.gob.mx\/segob\/cbpeqroo\/protocolo-para-proteger-y-asistir-a-victimas-de-trata-de-personas-en-el-estado-de-quintana-roo\" data-uw-styling-context=\"true\" target=\"_blank\">Protocolo para Proteger y Asistir a V\u00edctimas de Trata de Personas en el Estado de Quintana Roo<\/a><\/td>\r\n<\/tr>\r\n<\/tbody>\r\n<\/table>\r\n<\/div>\t\t<\/div>\n\t\t\t\t<\/div>\n\t\t\t\t\t<\/div>\n\t\t\t\t<\/div>\n\t\t\t\t<\/div>\n\t\t","protected":false},"excerpt":{"rendered":"<p>Protocolos Modelo Integral para la Sanci\u00f3n de las Violencias contra las Mujeres del Estado de Quintana Roo Protocolo Alba Del Estado De Quintana Roo Protocolo Homologado para la B\u00fasqueda de Personas Desaparecidas y No Localizadas Protocolo para la B\u00fasqueda de Ni\u00f1as, Ni\u00f1os y Adolescentes Protocolo para Proteger y Asistir a V\u00edctimas de Trata de Personas &#8230; <a title=\"Protocolos\" class=\"read-more\" href=\"https:\/\/qroo.gob.mx\/segob\/cbpeqroo\/index.php\/protocolos\/\" aria-label=\"Leer m\u00e1s sobre Protocolos\">Leer m\u00e1s<\/a><\/p>\n","protected":false},"author":3,"featured_media":0,"parent":0,"menu_order":0,"comment_status":"closed","ping_status":"closed","template":"","meta":{"footnotes":""},"class_list":["post-36006","page","type-page","status-publish"],"yoast_head":"<!-- This site is optimized with the Yoast SEO plugin v23.0 - https:\/\/yoast.com\/wordpress\/plugins\/seo\/ -->\n<title>Protocolos - Comisi\u00f3n de B\u00fasqueda de Personas del Estado de Quintana Roo<\/title>\n<meta name=\"robots\" content=\"noindex, follow, max-snippet:-1, max-image-preview:large, max-video-preview:-1\" \/>\n<meta property=\"og:locale\" content=\"es_MX\" \/>\n<meta property=\"og:type\" content=\"article\" \/>\n<meta property=\"og:title\" content=\"Protocolos - Comisi\u00f3n de B\u00fasqueda de Personas del Estado de Quintana Roo\" \/>\n<meta property=\"og:description\" content=\"Protocolos Modelo Integral para la Sanci\u00f3n de las Violencias contra las Mujeres del Estado de Quintana Roo Protocolo Alba Del Estado De Quintana Roo Protocolo Homologado para la B\u00fasqueda de Personas Desaparecidas y No Localizadas Protocolo para la B\u00fasqueda de Ni\u00f1as, Ni\u00f1os y Adolescentes Protocolo para Proteger y Asistir a V\u00edctimas de Trata de Personas ... Leer m\u00e1s\" \/>\n<meta property=\"og:url\" content=\"https:\/\/qroo.gob.mx\/segob\/cbpeqroo\/index.php\/protocolos\/\" \/>\n<meta property=\"og:site_name\" content=\"Comisi\u00f3n de B\u00fasqueda de Personas del Estado de Quintana Roo\" \/>\n<meta property=\"article:modified_time\" content=\"2024-11-22T19:40:46+00:00\" \/>\n<meta name=\"twitter:card\" content=\"summary_large_image\" \/>\n<meta name=\"twitter:label1\" content=\"Tiempo de lectura\" \/>\n\t<meta name=\"twitter:data1\" content=\"1 minuto\" \/>\n<script type=\"application\/ld+json\" class=\"yoast-schema-graph\">{\"@context\":\"https:\/\/schema.org\",\"@graph\":[{\"@type\":\"WebPage\",\"@id\":\"https:\/\/qroo.gob.mx\/segob\/cbpeqroo\/index.php\/protocolos\/\",\"url\":\"https:\/\/qroo.gob.mx\/segob\/cbpeqroo\/index.php\/protocolos\/\",\"name\":\"Protocolos - Comisi\u00f3n de B\u00fasqueda de Personas del Estado de Quintana Roo\",\"isPartOf\":{\"@id\":\"https:\/\/qroo.gob.mx\/segob\/cbpeqroo\/#website\"},\"datePublished\":\"2024-08-27T16:17:26+00:00\",\"dateModified\":\"2024-11-22T19:40:46+00:00\",\"breadcrumb\":{\"@id\":\"https:\/\/qroo.gob.mx\/segob\/cbpeqroo\/index.php\/protocolos\/#breadcrumb\"},\"inLanguage\":\"es\",\"potentialAction\":[{\"@type\":\"ReadAction\",\"target\":[\"https:\/\/qroo.gob.mx\/segob\/cbpeqroo\/index.php\/protocolos\/\"]}]},{\"@type\":\"BreadcrumbList\",\"@id\":\"https:\/\/qroo.gob.mx\/segob\/cbpeqroo\/index.php\/protocolos\/#breadcrumb\",\"itemListElement\":[{\"@type\":\"ListItem\",\"position\":1,\"name\":\"Inicio\",\"item\":\"https:\/\/qroo.gob.mx\/segob\/cbpeqroo\/\"},{\"@type\":\"ListItem\",\"position\":2,\"name\":\"Protocolos\"}]},{\"@type\":\"WebSite\",\"@id\":\"https:\/\/qroo.gob.mx\/segob\/cbpeqroo\/#website\",\"url\":\"https:\/\/qroo.gob.mx\/segob\/cbpeqroo\/\",\"name\":\"Comisi\u00f3n de B\u00fasqueda de Personas del Estado de Quintana Roo\",\"description\":\"\",\"publisher\":{\"@id\":\"https:\/\/qroo.gob.mx\/segob\/cbpeqroo\/#organization\"},\"potentialAction\":[{\"@type\":\"SearchAction\",\"target\":{\"@type\":\"EntryPoint\",\"urlTemplate\":\"https:\/\/qroo.gob.mx\/segob\/cbpeqroo\/?s={search_term_string}\"},\"query-input\":\"required name=search_term_string\"}],\"inLanguage\":\"es\"},{\"@type\":\"Organization\",\"@id\":\"https:\/\/qroo.gob.mx\/segob\/cbpeqroo\/#organization\",\"name\":\"Comisi\u00f3n de B\u00fasqueda de Personas del Estado de Quintana Roo\",\"url\":\"https:\/\/qroo.gob.mx\/segob\/cbpeqroo\/\",\"logo\":{\"@type\":\"ImageObject\",\"inLanguage\":\"es\",\"@id\":\"https:\/\/qroo.gob.mx\/segob\/cbpeqroo\/#\/schema\/logo\/image\/\",\"url\":\"https:\/\/qroo.gob.mx\/segob\/cbpeqroo\/wp-content\/uploads\/2024\/03\/logo-de-gobierno.png\",\"contentUrl\":\"https:\/\/qroo.gob.mx\/segob\/cbpeqroo\/wp-content\/uploads\/2024\/03\/logo-de-gobierno.png\",\"width\":1876,\"height\":596,\"caption\":\"Comisi\u00f3n de B\u00fasqueda de Personas del Estado de Quintana Roo\"},\"image\":{\"@id\":\"https:\/\/qroo.gob.mx\/segob\/cbpeqroo\/#\/schema\/logo\/image\/\"}}]}<\/script>\n<!-- \/ Yoast SEO plugin. -->","yoast_head_json":{"title":"Protocolos - Comisi\u00f3n de B\u00fasqueda de Personas del Estado de Quintana Roo","robots":{"index":"noindex","follow":"follow","max-snippet":"max-snippet:-1","max-image-preview":"max-image-preview:large","max-video-preview":"max-video-preview:-1"},"og_locale":"es_MX","og_type":"article","og_title":"Protocolos - Comisi\u00f3n de B\u00fasqueda de Personas del Estado de Quintana Roo","og_description":"Protocolos Modelo Integral para la Sanci\u00f3n de las Violencias contra las Mujeres del Estado de Quintana Roo Protocolo Alba Del Estado De Quintana Roo Protocolo Homologado para la B\u00fasqueda de Personas Desaparecidas y No Localizadas Protocolo para la B\u00fasqueda de Ni\u00f1as, Ni\u00f1os y Adolescentes Protocolo para Proteger y Asistir a V\u00edctimas de Trata de Personas ... Leer m\u00e1s","og_url":"https:\/\/qroo.gob.mx\/segob\/cbpeqroo\/index.php\/protocolos\/","og_site_name":"Comisi\u00f3n de B\u00fasqueda de Personas del Estado de Quintana Roo","article_modified_time":"2024-11-22T19:40:46+00:00","twitter_card":"summary_large_image","twitter_misc":{"Tiempo de lectura":"1 minuto"},"schema":{"@context":"https:\/\/schema.org","@graph":[{"@type":"WebPage","@id":"https:\/\/qroo.gob.mx\/segob\/cbpeqroo\/index.php\/protocolos\/","url":"https:\/\/qroo.gob.mx\/segob\/cbpeqroo\/index.php\/protocolos\/","name":"Protocolos - Comisi\u00f3n de B\u00fasqueda de Personas del Estado de Quintana Roo","isPartOf":{"@id":"https:\/\/qroo.gob.mx\/segob\/cbpeqroo\/#website"},"datePublished":"2024-08-27T16:17:26+00:00","dateModified":"2024-11-22T19:40:46+00:00","breadcrumb":{"@id":"https:\/\/qroo.gob.mx\/segob\/cbpeqroo\/index.php\/protocolos\/#breadcrumb"},"inLanguage":"es","potentialAction":[{"@type":"ReadAction","target":["https:\/\/qroo.gob.mx\/segob\/cbpeqroo\/index.php\/protocolos\/"]}]},{"@type":"BreadcrumbList","@id":"https:\/\/qroo.gob.mx\/segob\/cbpeqroo\/index.php\/protocolos\/#breadcrumb","itemListElement":[{"@type":"ListItem","position":1,"name":"Inicio","item":"https:\/\/qroo.gob.mx\/segob\/cbpeqroo\/"},{"@type":"ListItem","position":2,"name":"Protocolos"}]},{"@type":"WebSite","@id":"https:\/\/qroo.gob.mx\/segob\/cbpeqroo\/#website","url":"https:\/\/qroo.gob.mx\/segob\/cbpeqroo\/","name":"Comisi\u00f3n de B\u00fasqueda de Personas del Estado de Quintana Roo","description":"","publisher":{"@id":"https:\/\/qroo.gob.mx\/segob\/cbpeqroo\/#organization"},"potentialAction":[{"@type":"SearchAction","target":{"@type":"EntryPoint","urlTemplate":"https:\/\/qroo.gob.mx\/segob\/cbpeqroo\/?s={search_term_string}"},"query-input":"required name=search_term_string"}],"inLanguage":"es"},{"@type":"Organization","@id":"https:\/\/qroo.gob.mx\/segob\/cbpeqroo\/#organization","name":"Comisi\u00f3n de B\u00fasqueda de Personas del Estado de Quintana Roo","url":"https:\/\/qroo.gob.mx\/segob\/cbpeqroo\/","logo":{"@type":"ImageObject","inLanguage":"es","@id":"https:\/\/qroo.gob.mx\/segob\/cbpeqroo\/#\/schema\/logo\/image\/","url":"https:\/\/qroo.gob.mx\/segob\/cbpeqroo\/wp-content\/uploads\/2024\/03\/logo-de-gobierno.png","contentUrl":"https:\/\/qroo.gob.mx\/segob\/cbpeqroo\/wp-content\/uploads\/2024\/03\/logo-de-gobierno.png","width":1876,"height":596,"caption":"Comisi\u00f3n de B\u00fasqueda de Personas del Estado de Quintana Roo"},"image":{"@id":"https:\/\/qroo.gob.mx\/segob\/cbpeqroo\/#\/schema\/logo\/image\/"}}]}},"_links":{"self":[{"href":"https:\/\/qroo.gob.mx\/segob\/cbpeqroo\/index.php\/wp-json\/wp\/v2\/pages\/36006"}],"collection":[{"href":"https:\/\/qroo.gob.mx\/segob\/cbpeqroo\/index.php\/wp-json\/wp\/v2\/pages"}],"about":[{"href":"https:\/\/qroo.gob.mx\/segob\/cbpeqroo\/index.php\/wp-json\/wp\/v2\/types\/page"}],"author":[{"embeddable":true,"href":"https:\/\/qroo.gob.mx\/segob\/cbpeqroo\/index.php\/wp-json\/wp\/v2\/users\/3"}],"replies":[{"embeddable":true,"href":"https:\/\/qroo.gob.mx\/segob\/cbpeqroo\/index.php\/wp-json\/wp\/v2\/comments?post=36006"}],"version-history":[{"count":11,"href":"https:\/\/qroo.gob.mx\/segob\/cbpeqroo\/index.php\/wp-json\/wp\/v2\/pages\/36006\/revisions"}],"predecessor-version":[{"id":36173,"href":"https:\/\/qroo.gob.mx\/segob\/cbpeqroo\/index.php\/wp-json\/wp\/v2\/pages\/36006\/revisions\/36173"}],"wp:attachment":[{"href":"https:\/\/qroo.gob.mx\/segob\/cbpeqroo\/index.php\/wp-json\/wp\/v2\/media?parent=36006"}],"curies":[{"name":"wp","href":"https:\/\/api.w.org\/{rel}","templated":true}]}}