{"id":36002,"date":"2024-08-27T11:07:52","date_gmt":"2024-08-27T16:07:52","guid":{"rendered":"https:\/\/qroo.gob.mx\/segob\/cbpeqroo\/?page_id=36002"},"modified":"2024-08-27T11:10:30","modified_gmt":"2024-08-27T16:10:30","slug":"principios-rectores-para-la-busqueda-de-personas-desaparecidas","status":"publish","type":"page","link":"https:\/\/qroo.gob.mx\/segob\/cbpeqroo\/index.php\/principios-rectores-para-la-busqueda-de-personas-desaparecidas\/","title":{"rendered":"Principios Rectores Para La B\u00fasqueda De Personas Desaparecidas"},"content":{"rendered":"\t\t<div data-elementor-type=\"wp-page\" data-elementor-id=\"36002\" class=\"elementor elementor-36002\">\n\t\t\t\t<div class=\"elementor-element elementor-element-4f0bc8b e-flex e-con-boxed e-con e-parent\" data-id=\"4f0bc8b\" data-element_type=\"container\">\n\t\t\t\t\t<div class=\"e-con-inner\">\n\t\t\t\t<div class=\"elementor-element elementor-element-d67312f elementor-widget elementor-widget-heading\" data-id=\"d67312f\" data-element_type=\"widget\" data-widget_type=\"heading.default\">\n\t\t\t\t<div class=\"elementor-widget-container\">\n\t\t\t<style>\/*! elementor - v3.23.0 - 15-07-2024 *\/\n.elementor-heading-title{padding:0;margin:0;line-height:1}.elementor-widget-heading .elementor-heading-title[class*=elementor-size-]>a{color:inherit;font-size:inherit;line-height:inherit}.elementor-widget-heading .elementor-heading-title.elementor-size-small{font-size:15px}.elementor-widget-heading .elementor-heading-title.elementor-size-medium{font-size:19px}.elementor-widget-heading .elementor-heading-title.elementor-size-large{font-size:29px}.elementor-widget-heading .elementor-heading-title.elementor-size-xl{font-size:39px}.elementor-widget-heading .elementor-heading-title.elementor-size-xxl{font-size:59px}<\/style><h2 class=\"elementor-heading-title elementor-size-default\">Principios Rectores Para La B\u00fasqueda De Personas Desaparecidas<\/h2>\t\t<\/div>\n\t\t\t\t<\/div>\n\t\t\t\t<div class=\"elementor-element elementor-element-30ffcf1 elementor-widget elementor-widget-html\" data-id=\"30ffcf1\" data-element_type=\"widget\" data-widget_type=\"html.default\">\n\t\t\t\t<div class=\"elementor-widget-container\">\n\t\t\t<div class=\"field__item\"><table data-striping=\"1\">\r\n  \r\n  \r\n      <thead>\r\n      <tr>\r\n                            <th>Adjunto<\/th>\r\n                            <th>Size<\/th>\r\n              <\/tr>\r\n    <\/thead>\r\n  \r\n      <tbody>\r\n                      <tr class=\"odd\">\r\n                      <td>\r\n<span class=\"file file--mime-application-pdf file--application-pdf\"> <a href=\"https:\/\/preview.qroo.gob.mx\/cbpeqroo\/wp-content\/cbpeqroo\/uploads\/2021\/08\/PRINCIPIOS-RECTORES-DE-LA-B\u00daSQUEDA_ONU.pdf\" type=\"application\/pdf; length=203775\">PRINCIPIOS RECTORES DE LA B\u00daSQUEDA_ONU.pdf<\/a><\/span>\r\n<\/td>\r\n                      <td>199 KB<\/td>\r\n                  <\/tr>\r\n          <\/tbody>\r\n    <\/table>\r\n<\/div>\t\t<\/div>\n\t\t\t\t<\/div>\n\t\t\t\t\t<\/div>\n\t\t\t\t<\/div>\n\t\t\t\t<\/div>\n\t\t","protected":false},"excerpt":{"rendered":"<p>Principios Rectores Para La B\u00fasqueda De Personas Desaparecidas Adjunto Size PRINCIPIOS RECTORES DE LA B\u00daSQUEDA_ONU.pdf 199 KB<\/p>\n","protected":false},"author":3,"featured_media":0,"parent":0,"menu_order":0,"comment_status":"closed","ping_status":"closed","template":"","meta":{"footnotes":""},"class_list":["post-36002","page","type-page","status-publish"],"yoast_head":"<!-- This site is optimized with the Yoast SEO plugin v23.0 - https:\/\/yoast.com\/wordpress\/plugins\/seo\/ -->\n<title>Principios Rectores Para La B\u00fasqueda De Personas Desaparecidas - Comisi\u00f3n de B\u00fasqueda de Personas del Estado de Quintana Roo<\/title>\n<meta name=\"robots\" content=\"noindex, follow, max-snippet:-1, max-image-preview:large, max-video-preview:-1\" \/>\n<meta property=\"og:locale\" content=\"es_MX\" \/>\n<meta property=\"og:type\" content=\"article\" \/>\n<meta property=\"og:title\" content=\"Principios Rectores Para La B\u00fasqueda De Personas Desaparecidas - Comisi\u00f3n de B\u00fasqueda de Personas del Estado de Quintana Roo\" \/>\n<meta property=\"og:description\" content=\"Principios Rectores Para La B\u00fasqueda De Personas Desaparecidas Adjunto Size PRINCIPIOS RECTORES DE LA B\u00daSQUEDA_ONU.pdf 199 KB\" \/>\n<meta property=\"og:url\" content=\"https:\/\/qroo.gob.mx\/segob\/cbpeqroo\/index.php\/principios-rectores-para-la-busqueda-de-personas-desaparecidas\/\" \/>\n<meta property=\"og:site_name\" content=\"Comisi\u00f3n de B\u00fasqueda de Personas del Estado de Quintana Roo\" \/>\n<meta property=\"article:modified_time\" content=\"2024-08-27T16:10:30+00:00\" \/>\n<meta name=\"twitter:card\" content=\"summary_large_image\" \/>\n<meta name=\"twitter:label1\" content=\"Tiempo de lectura\" \/>\n\t<meta name=\"twitter:data1\" content=\"1 minuto\" \/>\n<script type=\"application\/ld+json\" class=\"yoast-schema-graph\">{\"@context\":\"https:\/\/schema.org\",\"@graph\":[{\"@type\":\"WebPage\",\"@id\":\"https:\/\/qroo.gob.mx\/segob\/cbpeqroo\/index.php\/principios-rectores-para-la-busqueda-de-personas-desaparecidas\/\",\"url\":\"https:\/\/qroo.gob.mx\/segob\/cbpeqroo\/index.php\/principios-rectores-para-la-busqueda-de-personas-desaparecidas\/\",\"name\":\"Principios Rectores Para La B\u00fasqueda De Personas Desaparecidas - Comisi\u00f3n de B\u00fasqueda de Personas del Estado de Quintana Roo\",\"isPartOf\":{\"@id\":\"https:\/\/qroo.gob.mx\/segob\/cbpeqroo\/#website\"},\"datePublished\":\"2024-08-27T16:07:52+00:00\",\"dateModified\":\"2024-08-27T16:10:30+00:00\",\"breadcrumb\":{\"@id\":\"https:\/\/qroo.gob.mx\/segob\/cbpeqroo\/index.php\/principios-rectores-para-la-busqueda-de-personas-desaparecidas\/#breadcrumb\"},\"inLanguage\":\"es\",\"potentialAction\":[{\"@type\":\"ReadAction\",\"target\":[\"https:\/\/qroo.gob.mx\/segob\/cbpeqroo\/index.php\/principios-rectores-para-la-busqueda-de-personas-desaparecidas\/\"]}]},{\"@type\":\"BreadcrumbList\",\"@id\":\"https:\/\/qroo.gob.mx\/segob\/cbpeqroo\/index.php\/principios-rectores-para-la-busqueda-de-personas-desaparecidas\/#breadcrumb\",\"itemListElement\":[{\"@type\":\"ListItem\",\"position\":1,\"name\":\"Inicio\",\"item\":\"https:\/\/qroo.gob.mx\/segob\/cbpeqroo\/\"},{\"@type\":\"ListItem\",\"position\":2,\"name\":\"Principios Rectores Para La B\u00fasqueda De Personas Desaparecidas\"}]},{\"@type\":\"WebSite\",\"@id\":\"https:\/\/qroo.gob.mx\/segob\/cbpeqroo\/#website\",\"url\":\"https:\/\/qroo.gob.mx\/segob\/cbpeqroo\/\",\"name\":\"Comisi\u00f3n de B\u00fasqueda de Personas del Estado de Quintana Roo\",\"description\":\"\",\"publisher\":{\"@id\":\"https:\/\/qroo.gob.mx\/segob\/cbpeqroo\/#organization\"},\"potentialAction\":[{\"@type\":\"SearchAction\",\"target\":{\"@type\":\"EntryPoint\",\"urlTemplate\":\"https:\/\/qroo.gob.mx\/segob\/cbpeqroo\/?s={search_term_string}\"},\"query-input\":\"required name=search_term_string\"}],\"inLanguage\":\"es\"},{\"@type\":\"Organization\",\"@id\":\"https:\/\/qroo.gob.mx\/segob\/cbpeqroo\/#organization\",\"name\":\"Comisi\u00f3n de B\u00fasqueda de Personas del Estado de Quintana Roo\",\"url\":\"https:\/\/qroo.gob.mx\/segob\/cbpeqroo\/\",\"logo\":{\"@type\":\"ImageObject\",\"inLanguage\":\"es\",\"@id\":\"https:\/\/qroo.gob.mx\/segob\/cbpeqroo\/#\/schema\/logo\/image\/\",\"url\":\"https:\/\/qroo.gob.mx\/segob\/cbpeqroo\/wp-content\/uploads\/2024\/03\/logo-de-gobierno.png\",\"contentUrl\":\"https:\/\/qroo.gob.mx\/segob\/cbpeqroo\/wp-content\/uploads\/2024\/03\/logo-de-gobierno.png\",\"width\":1876,\"height\":596,\"caption\":\"Comisi\u00f3n de B\u00fasqueda de Personas del Estado de Quintana Roo\"},\"image\":{\"@id\":\"https:\/\/qroo.gob.mx\/segob\/cbpeqroo\/#\/schema\/logo\/image\/\"}}]}<\/script>\n<!-- \/ Yoast SEO plugin. -->","yoast_head_json":{"title":"Principios Rectores Para La B\u00fasqueda De Personas Desaparecidas - Comisi\u00f3n de B\u00fasqueda de Personas del Estado de Quintana Roo","robots":{"index":"noindex","follow":"follow","max-snippet":"max-snippet:-1","max-image-preview":"max-image-preview:large","max-video-preview":"max-video-preview:-1"},"og_locale":"es_MX","og_type":"article","og_title":"Principios Rectores Para La B\u00fasqueda De Personas Desaparecidas - Comisi\u00f3n de B\u00fasqueda de Personas del Estado de Quintana Roo","og_description":"Principios Rectores Para La B\u00fasqueda De Personas Desaparecidas Adjunto Size PRINCIPIOS RECTORES DE LA B\u00daSQUEDA_ONU.pdf 199 KB","og_url":"https:\/\/qroo.gob.mx\/segob\/cbpeqroo\/index.php\/principios-rectores-para-la-busqueda-de-personas-desaparecidas\/","og_site_name":"Comisi\u00f3n de B\u00fasqueda de Personas del Estado de Quintana Roo","article_modified_time":"2024-08-27T16:10:30+00:00","twitter_card":"summary_large_image","twitter_misc":{"Tiempo de lectura":"1 minuto"},"schema":{"@context":"https:\/\/schema.org","@graph":[{"@type":"WebPage","@id":"https:\/\/qroo.gob.mx\/segob\/cbpeqroo\/index.php\/principios-rectores-para-la-busqueda-de-personas-desaparecidas\/","url":"https:\/\/qroo.gob.mx\/segob\/cbpeqroo\/index.php\/principios-rectores-para-la-busqueda-de-personas-desaparecidas\/","name":"Principios Rectores Para La B\u00fasqueda De Personas Desaparecidas - Comisi\u00f3n de B\u00fasqueda de Personas del Estado de Quintana Roo","isPartOf":{"@id":"https:\/\/qroo.gob.mx\/segob\/cbpeqroo\/#website"},"datePublished":"2024-08-27T16:07:52+00:00","dateModified":"2024-08-27T16:10:30+00:00","breadcrumb":{"@id":"https:\/\/qroo.gob.mx\/segob\/cbpeqroo\/index.php\/principios-rectores-para-la-busqueda-de-personas-desaparecidas\/#breadcrumb"},"inLanguage":"es","potentialAction":[{"@type":"ReadAction","target":["https:\/\/qroo.gob.mx\/segob\/cbpeqroo\/index.php\/principios-rectores-para-la-busqueda-de-personas-desaparecidas\/"]}]},{"@type":"BreadcrumbList","@id":"https:\/\/qroo.gob.mx\/segob\/cbpeqroo\/index.php\/principios-rectores-para-la-busqueda-de-personas-desaparecidas\/#breadcrumb","itemListElement":[{"@type":"ListItem","position":1,"name":"Inicio","item":"https:\/\/qroo.gob.mx\/segob\/cbpeqroo\/"},{"@type":"ListItem","position":2,"name":"Principios Rectores Para La B\u00fasqueda De Personas Desaparecidas"}]},{"@type":"WebSite","@id":"https:\/\/qroo.gob.mx\/segob\/cbpeqroo\/#website","url":"https:\/\/qroo.gob.mx\/segob\/cbpeqroo\/","name":"Comisi\u00f3n de B\u00fasqueda de Personas del Estado de Quintana Roo","description":"","publisher":{"@id":"https:\/\/qroo.gob.mx\/segob\/cbpeqroo\/#organization"},"potentialAction":[{"@type":"SearchAction","target":{"@type":"EntryPoint","urlTemplate":"https:\/\/qroo.gob.mx\/segob\/cbpeqroo\/?s={search_term_string}"},"query-input":"required name=search_term_string"}],"inLanguage":"es"},{"@type":"Organization","@id":"https:\/\/qroo.gob.mx\/segob\/cbpeqroo\/#organization","name":"Comisi\u00f3n de B\u00fasqueda de Personas del Estado de Quintana Roo","url":"https:\/\/qroo.gob.mx\/segob\/cbpeqroo\/","logo":{"@type":"ImageObject","inLanguage":"es","@id":"https:\/\/qroo.gob.mx\/segob\/cbpeqroo\/#\/schema\/logo\/image\/","url":"https:\/\/qroo.gob.mx\/segob\/cbpeqroo\/wp-content\/uploads\/2024\/03\/logo-de-gobierno.png","contentUrl":"https:\/\/qroo.gob.mx\/segob\/cbpeqroo\/wp-content\/uploads\/2024\/03\/logo-de-gobierno.png","width":1876,"height":596,"caption":"Comisi\u00f3n de B\u00fasqueda de Personas del Estado de Quintana Roo"},"image":{"@id":"https:\/\/qroo.gob.mx\/segob\/cbpeqroo\/#\/schema\/logo\/image\/"}}]}},"_links":{"self":[{"href":"https:\/\/qroo.gob.mx\/segob\/cbpeqroo\/index.php\/wp-json\/wp\/v2\/pages\/36002"}],"collection":[{"href":"https:\/\/qroo.gob.mx\/segob\/cbpeqroo\/index.php\/wp-json\/wp\/v2\/pages"}],"about":[{"href":"https:\/\/qroo.gob.mx\/segob\/cbpeqroo\/index.php\/wp-json\/wp\/v2\/types\/page"}],"author":[{"embeddable":true,"href":"https:\/\/qroo.gob.mx\/segob\/cbpeqroo\/index.php\/wp-json\/wp\/v2\/users\/3"}],"replies":[{"embeddable":true,"href":"https:\/\/qroo.gob.mx\/segob\/cbpeqroo\/index.php\/wp-json\/wp\/v2\/comments?post=36002"}],"version-history":[{"count":5,"href":"https:\/\/qroo.gob.mx\/segob\/cbpeqroo\/index.php\/wp-json\/wp\/v2\/pages\/36002\/revisions"}],"predecessor-version":[{"id":36027,"href":"https:\/\/qroo.gob.mx\/segob\/cbpeqroo\/index.php\/wp-json\/wp\/v2\/pages\/36002\/revisions\/36027"}],"wp:attachment":[{"href":"https:\/\/qroo.gob.mx\/segob\/cbpeqroo\/index.php\/wp-json\/wp\/v2\/media?parent=36002"}],"curies":[{"name":"wp","href":"https:\/\/api.w.org\/{rel}","templated":true}]}}