{"id":36966,"date":"2024-11-06T16:10:27","date_gmt":"2024-11-06T21:10:27","guid":{"rendered":"https:\/\/qroo.gob.mx\/ceaveqroo\/?page_id=36966"},"modified":"2024-11-06T16:59:15","modified_gmt":"2024-11-06T21:59:15","slug":"directorio","status":"publish","type":"page","link":"https:\/\/qroo.gob.mx\/ceaveqroo\/directorio\/","title":{"rendered":"Directorio"},"content":{"rendered":"\t\t<div data-elementor-type=\"wp-page\" data-elementor-id=\"36966\" class=\"elementor elementor-36966\">\n\t\t\t\t<div class=\"elementor-element elementor-element-1ce3b23f e-flex e-con-boxed e-con e-parent\" data-id=\"1ce3b23f\" data-element_type=\"container\">\n\t\t\t\t\t<div class=\"e-con-inner\">\n\t\t\t\t<div class=\"elementor-element elementor-element-69c30207 elementor-widget elementor-widget-text-editor\" data-id=\"69c30207\" data-element_type=\"widget\" data-widget_type=\"text-editor.default\">\n\t\t\t\t<div class=\"elementor-widget-container\">\n\t\t\t\t\t\t\t\t\t<h2>DIRECTORIO INSTITUCIONAL<br \/><iframe src=\"https:\/\/archivo.transparencia.qroo.gob.mx\/portal\/Transparencia\/directoriodependencia.php?IdUbicacion=96\" width=\"100%\" height=\"600px\" frameborder=\"0\" scrolling=\"auto\"><\/iframe><\/h2>\t\t\t\t\t\t\t\t<\/div>\n\t\t\t\t<\/div>\n\t\t\t\t\t<\/div>\n\t\t\t\t<\/div>\n\t\t\t\t<\/div>\n\t\t","protected":false},"excerpt":{"rendered":"<p>DIRECTORIO INSTITUCIONAL<\/p>\n","protected":false},"author":3,"featured_media":0,"parent":0,"menu_order":0,"comment_status":"closed","ping_status":"closed","template":"","meta":{"footnotes":""},"class_list":["post-36966","page","type-page","status-publish"],"yoast_head":"<!-- This site is optimized with the Yoast SEO plugin v24.6 - https:\/\/yoast.com\/wordpress\/plugins\/seo\/ -->\n<title>Directorio - Comisi\u00f3n Ejecutiva de Atenci\u00f3n a V\u00edctimas del Estado de Quintana Roo<\/title>\n<meta name=\"robots\" content=\"noindex, follow, max-snippet:-1, max-image-preview:large, max-video-preview:-1\" \/>\n<meta property=\"og:locale\" content=\"es_MX\" \/>\n<meta property=\"og:type\" content=\"article\" \/>\n<meta property=\"og:title\" content=\"Directorio - Comisi\u00f3n Ejecutiva de Atenci\u00f3n a V\u00edctimas del Estado de Quintana Roo\" \/>\n<meta property=\"og:description\" content=\"DIRECTORIO INSTITUCIONAL\" \/>\n<meta property=\"og:url\" content=\"https:\/\/qroo.gob.mx\/ceaveqroo\/directorio\/\" \/>\n<meta property=\"og:site_name\" content=\"Comisi\u00f3n Ejecutiva de Atenci\u00f3n a V\u00edctimas del Estado de Quintana Roo\" \/>\n<meta property=\"article:modified_time\" content=\"2024-11-06T21:59:15+00:00\" \/>\n<meta name=\"twitter:card\" content=\"summary_large_image\" \/>\n<meta name=\"twitter:label1\" content=\"Tiempo de lectura\" \/>\n\t<meta name=\"twitter:data1\" content=\"1 minuto\" \/>\n<script type=\"application\/ld+json\" class=\"yoast-schema-graph\">{\"@context\":\"https:\/\/schema.org\",\"@graph\":[{\"@type\":\"WebPage\",\"@id\":\"https:\/\/qroo.gob.mx\/ceaveqroo\/directorio\/\",\"url\":\"https:\/\/qroo.gob.mx\/ceaveqroo\/directorio\/\",\"name\":\"Directorio - Comisi\u00f3n Ejecutiva de Atenci\u00f3n a V\u00edctimas del Estado de Quintana Roo\",\"isPartOf\":{\"@id\":\"https:\/\/qroo.gob.mx\/ceaveqroo\/#website\"},\"datePublished\":\"2024-11-06T21:10:27+00:00\",\"dateModified\":\"2024-11-06T21:59:15+00:00\",\"breadcrumb\":{\"@id\":\"https:\/\/qroo.gob.mx\/ceaveqroo\/directorio\/#breadcrumb\"},\"inLanguage\":\"es\",\"potentialAction\":[{\"@type\":\"ReadAction\",\"target\":[\"https:\/\/qroo.gob.mx\/ceaveqroo\/directorio\/\"]}]},{\"@type\":\"BreadcrumbList\",\"@id\":\"https:\/\/qroo.gob.mx\/ceaveqroo\/directorio\/#breadcrumb\",\"itemListElement\":[{\"@type\":\"ListItem\",\"position\":1,\"name\":\"Inicio\",\"item\":\"https:\/\/qroo.gob.mx\/ceaveqroo\/\"},{\"@type\":\"ListItem\",\"position\":2,\"name\":\"Directorio\"}]},{\"@type\":\"WebSite\",\"@id\":\"https:\/\/qroo.gob.mx\/ceaveqroo\/#website\",\"url\":\"https:\/\/qroo.gob.mx\/ceaveqroo\/\",\"name\":\"Comisi\u00f3n Ejecutiva de Atenci\u00f3n a V\u00edctimas del Estado de Quintana Roo\",\"description\":\"\",\"publisher\":{\"@id\":\"https:\/\/qroo.gob.mx\/ceaveqroo\/#organization\"},\"potentialAction\":[{\"@type\":\"SearchAction\",\"target\":{\"@type\":\"EntryPoint\",\"urlTemplate\":\"https:\/\/qroo.gob.mx\/ceaveqroo\/?s={search_term_string}\"},\"query-input\":{\"@type\":\"PropertyValueSpecification\",\"valueRequired\":true,\"valueName\":\"search_term_string\"}}],\"inLanguage\":\"es\"},{\"@type\":\"Organization\",\"@id\":\"https:\/\/qroo.gob.mx\/ceaveqroo\/#organization\",\"name\":\"Comisi\u00f3n Ejecutiva de Atenci\u00f3n a V\u00edctimas del Estado de Quintana Roo\",\"url\":\"https:\/\/qroo.gob.mx\/ceaveqroo\/\",\"logo\":{\"@type\":\"ImageObject\",\"inLanguage\":\"es\",\"@id\":\"https:\/\/qroo.gob.mx\/ceaveqroo\/#\/schema\/logo\/image\/\",\"url\":\"https:\/\/qroo.gob.mx\/ceaveqroo\/wp-content\/uploads\/2024\/05\/cropped-CEAVEQROO.png\",\"contentUrl\":\"https:\/\/qroo.gob.mx\/ceaveqroo\/wp-content\/uploads\/2024\/05\/cropped-CEAVEQROO.png\",\"width\":1873,\"height\":712,\"caption\":\"Comisi\u00f3n Ejecutiva de Atenci\u00f3n a V\u00edctimas del Estado de Quintana Roo\"},\"image\":{\"@id\":\"https:\/\/qroo.gob.mx\/ceaveqroo\/#\/schema\/logo\/image\/\"}}]}<\/script>\n<!-- \/ Yoast SEO plugin. -->","yoast_head_json":{"title":"Directorio - Comisi\u00f3n Ejecutiva de Atenci\u00f3n a V\u00edctimas del Estado de Quintana Roo","robots":{"index":"noindex","follow":"follow","max-snippet":"max-snippet:-1","max-image-preview":"max-image-preview:large","max-video-preview":"max-video-preview:-1"},"og_locale":"es_MX","og_type":"article","og_title":"Directorio - Comisi\u00f3n Ejecutiva de Atenci\u00f3n a V\u00edctimas del Estado de Quintana Roo","og_description":"DIRECTORIO INSTITUCIONAL","og_url":"https:\/\/qroo.gob.mx\/ceaveqroo\/directorio\/","og_site_name":"Comisi\u00f3n Ejecutiva de Atenci\u00f3n a V\u00edctimas del Estado de Quintana Roo","article_modified_time":"2024-11-06T21:59:15+00:00","twitter_card":"summary_large_image","twitter_misc":{"Tiempo de lectura":"1 minuto"},"schema":{"@context":"https:\/\/schema.org","@graph":[{"@type":"WebPage","@id":"https:\/\/qroo.gob.mx\/ceaveqroo\/directorio\/","url":"https:\/\/qroo.gob.mx\/ceaveqroo\/directorio\/","name":"Directorio - Comisi\u00f3n Ejecutiva de Atenci\u00f3n a V\u00edctimas del Estado de Quintana Roo","isPartOf":{"@id":"https:\/\/qroo.gob.mx\/ceaveqroo\/#website"},"datePublished":"2024-11-06T21:10:27+00:00","dateModified":"2024-11-06T21:59:15+00:00","breadcrumb":{"@id":"https:\/\/qroo.gob.mx\/ceaveqroo\/directorio\/#breadcrumb"},"inLanguage":"es","potentialAction":[{"@type":"ReadAction","target":["https:\/\/qroo.gob.mx\/ceaveqroo\/directorio\/"]}]},{"@type":"BreadcrumbList","@id":"https:\/\/qroo.gob.mx\/ceaveqroo\/directorio\/#breadcrumb","itemListElement":[{"@type":"ListItem","position":1,"name":"Inicio","item":"https:\/\/qroo.gob.mx\/ceaveqroo\/"},{"@type":"ListItem","position":2,"name":"Directorio"}]},{"@type":"WebSite","@id":"https:\/\/qroo.gob.mx\/ceaveqroo\/#website","url":"https:\/\/qroo.gob.mx\/ceaveqroo\/","name":"Comisi\u00f3n Ejecutiva de Atenci\u00f3n a V\u00edctimas del Estado de Quintana Roo","description":"","publisher":{"@id":"https:\/\/qroo.gob.mx\/ceaveqroo\/#organization"},"potentialAction":[{"@type":"SearchAction","target":{"@type":"EntryPoint","urlTemplate":"https:\/\/qroo.gob.mx\/ceaveqroo\/?s={search_term_string}"},"query-input":{"@type":"PropertyValueSpecification","valueRequired":true,"valueName":"search_term_string"}}],"inLanguage":"es"},{"@type":"Organization","@id":"https:\/\/qroo.gob.mx\/ceaveqroo\/#organization","name":"Comisi\u00f3n Ejecutiva de Atenci\u00f3n a V\u00edctimas del Estado de Quintana Roo","url":"https:\/\/qroo.gob.mx\/ceaveqroo\/","logo":{"@type":"ImageObject","inLanguage":"es","@id":"https:\/\/qroo.gob.mx\/ceaveqroo\/#\/schema\/logo\/image\/","url":"https:\/\/qroo.gob.mx\/ceaveqroo\/wp-content\/uploads\/2024\/05\/cropped-CEAVEQROO.png","contentUrl":"https:\/\/qroo.gob.mx\/ceaveqroo\/wp-content\/uploads\/2024\/05\/cropped-CEAVEQROO.png","width":1873,"height":712,"caption":"Comisi\u00f3n Ejecutiva de Atenci\u00f3n a V\u00edctimas del Estado de Quintana Roo"},"image":{"@id":"https:\/\/qroo.gob.mx\/ceaveqroo\/#\/schema\/logo\/image\/"}}]}},"_links":{"self":[{"href":"https:\/\/qroo.gob.mx\/ceaveqroo\/wp-json\/wp\/v2\/pages\/36966"}],"collection":[{"href":"https:\/\/qroo.gob.mx\/ceaveqroo\/wp-json\/wp\/v2\/pages"}],"about":[{"href":"https:\/\/qroo.gob.mx\/ceaveqroo\/wp-json\/wp\/v2\/types\/page"}],"author":[{"embeddable":true,"href":"https:\/\/qroo.gob.mx\/ceaveqroo\/wp-json\/wp\/v2\/users\/3"}],"replies":[{"embeddable":true,"href":"https:\/\/qroo.gob.mx\/ceaveqroo\/wp-json\/wp\/v2\/comments?post=36966"}],"version-history":[{"count":15,"href":"https:\/\/qroo.gob.mx\/ceaveqroo\/wp-json\/wp\/v2\/pages\/36966\/revisions"}],"predecessor-version":[{"id":37044,"href":"https:\/\/qroo.gob.mx\/ceaveqroo\/wp-json\/wp\/v2\/pages\/36966\/revisions\/37044"}],"wp:attachment":[{"href":"https:\/\/qroo.gob.mx\/ceaveqroo\/wp-json\/wp\/v2\/media?parent=36966"}],"curies":[{"name":"wp","href":"https:\/\/api.w.org\/{rel}","templated":true}]}}