{"id":36379,"date":"2024-08-30T18:12:48","date_gmt":"2024-08-30T23:12:48","guid":{"rendered":"https:\/\/qroo.gob.mx\/ceaveqroo\/?page_id=36379"},"modified":"2024-08-30T18:35:11","modified_gmt":"2024-08-30T23:35:11","slug":"peipasevcm","status":"publish","type":"page","link":"https:\/\/qroo.gob.mx\/ceaveqroo\/peipasevcm\/","title":{"rendered":"PEIPASEVCM"},"content":{"rendered":"\t\t<div data-elementor-type=\"wp-page\" data-elementor-id=\"36379\" class=\"elementor elementor-36379\">\n\t\t\t\t<div class=\"elementor-element elementor-element-1eadfb6c e-flex e-con-boxed e-con e-parent\" data-id=\"1eadfb6c\" data-element_type=\"container\">\n\t\t\t\t\t<div class=\"e-con-inner\">\n\t\t\t\t<div class=\"elementor-element elementor-element-67d8110 eael-dt-th-align-center eael-table-align-center elementor-widget elementor-widget-eael-data-table\" data-id=\"67d8110\" data-element_type=\"widget\" data-widget_type=\"eael-data-table.default\">\n\t\t\t\t<div class=\"elementor-widget-container\">\n\t\t\t\t\t<style>\n\t\t\t@media (max-width: 767px) {\n\t\t\t   #eael-data-table-wrapper-67d8110.custom-responsive-option-enable .eael-data-table thead {\n                    display: none;\n               }\n               #eael-data-table-wrapper-67d8110.custom-responsive-option-enable .eael-data-table tbody tr td {\n                    float: none;\n                    clear: left;\n                    width: 100%;\n                    text-align: left;\n                    display: flex;\n                    align-items: center;\n                }\n\t\t\t}\n\t\t\t<\/style>\t\t<div class=\"eael-data-table-wrap custom-responsive-option-enable\" data-table_id=\"67d8110\" id=\"eael-data-table-wrapper-67d8110\" data-custom_responsive=\"true\">\n\t\t\t<table class=\"tablesorter eael-data-table center\" id=\"eael-data-table-67d8110\">\n\t\t\t    <thead>\n\t\t\t        <tr class=\"table-header\">\n\t\t\t\t\t\t\t\t\t            <th class=\"\" id=\"\" colspan=\"2\">\n\t\t\t\t\t\t\t\t\t\t\t\t\t\t<span class=\"data-table-header-text\">PROGRAMA ESTATAL INTEGRAL PARA PREVENIR, ATENDER, SANCIONAR Y ERRADICAR LA VIOLENCIA CONTRALAS MUJERES 2023-2027<\/span><\/th>\n\t\t\t        \t\t\t\t        <\/tr>\n\t\t\t    <\/thead>\n\t\t\t  \t<tbody>\n\t\t\t\t\t\t\t\t\t\t\t<tr>\n\t\t\t\t\t\t\t\t\t\t\t\t\t\t\t\t   \t\t\t\t\t\t\t\t\t\t\t<td colspan=\"\" rowspan=\"\" class=\"\" id=\"\">\n\t\t\t\t\t\t\t\t\t\t\t\t<div class=\"td-content-wrapper\">\n\t\t\t\t\t\t\t\t\t\t\t\t\t                                                        <div class=\"eael-datatable-icon td-content\">\n                                                        <svg class=\"e-font-icon-svg e-fas-file-pdf\" viewBox=\"0 0 384 512\" xmlns=\"http:\/\/www.w3.org\/2000\/svg\"><path d=\"M181.9 256.1c-5-16-4.9-46.9-2-46.9 8.4 0 7.6 36.9 2 46.9zm-1.7 47.2c-7.7 20.2-17.3 43.3-28.4 62.7 18.3-7 39-17.2 62.9-21.9-12.7-9.6-24.9-23.4-34.5-40.8zM86.1 428.1c0 .8 13.2-5.4 34.9-40.2-6.7 6.3-29.1 24.5-34.9 40.2zM248 160h136v328c0 13.3-10.7 24-24 24H24c-13.3 0-24-10.7-24-24V24C0 10.7 10.7 0 24 0h200v136c0 13.2 10.8 24 24 24zm-8 171.8c-20-12.2-33.3-29-42.7-53.8 4.5-18.5 11.6-46.6 6.2-64.2-4.7-29.4-42.4-26.5-47.8-6.8-5 18.3-.4 44.1 8.1 77-11.6 27.6-28.7 64.6-40.8 85.8-.1 0-.1.1-.2.1-27.1 13.9-73.6 44.5-54.5 68 5.6 6.9 16 10 21.5 10 17.9 0 35.7-18 61.1-61.8 25.8-8.5 54.1-19.1 79-23.2 21.7 11.8 47.1 19.5 64 19.5 29.2 0 31.2-32 19.7-43.4-13.9-13.6-54.3-9.7-73.6-7.2zM377 105L279 7c-4.5-4.5-10.6-7-17-7h-6v128h128v-6.1c0-6.3-2.5-12.4-7-16.9zm-74.1 255.3c4.1-2.7-2.5-11.9-42.8-9 37.1 15.8 42.8 9 42.8 9z\"><\/path><\/svg>                                                        <\/div>\n                                                   \t\t\t\t\t\t\t\t\t\t\t\t<\/div>\n\t\t\t\t\t\t\t\t\t\t\t<\/td>\n\t\t\t\t\t\t\t\t\t\t\t\t\t\t\t\t\t\t\t\t\t\t\t\t\t\t\t\t\t   \t\t\t\t\t\t\t\t\t\t\t<td colspan=\"\" rowspan=\"\" class=\"\" id=\"\">\n\t\t\t\t\t\t\t\t\t\t\t\t<div class=\"td-content-wrapper\">\n\t\t\t\t\t\t\t\t\t\t\t\t\t<a href=\"https:\/\/qroo.gob.mx\/ceaveqroo\/wp-content\/uploads\/2024\/08\/PEIPASEVCM_2023-2027.pdf\">PEIPASEVCM 2023-2024<\/a>\n\t\t\t\t\t\t\t\t\t\t\t\t<\/div>\n\t\t\t\t\t\t\t\t\t\t\t<\/td>\n\n\t\t\t\t\t\t\t\t\t\t\t\t\t\t\t\t\t\t\t\t\t\t\t\t\t\t<\/tr>\n\t\t\t        \t\t\t    <\/tbody>\n\t\t\t<\/table>\n\t\t<\/div>\n\t  \t\t\t\t\t<\/div>\n\t\t\t\t<\/div>\n\t\t\t\t<div class=\"elementor-element elementor-element-49756e4 elementor-widget elementor-widget-spacer\" data-id=\"49756e4\" data-element_type=\"widget\" data-widget_type=\"spacer.default\">\n\t\t\t\t<div class=\"elementor-widget-container\">\n\t\t\t\t\t\t\t<div class=\"elementor-spacer\">\n\t\t\t<div class=\"elementor-spacer-inner\"><\/div>\n\t\t<\/div>\n\t\t\t\t\t\t<\/div>\n\t\t\t\t<\/div>\n\t\t\t\t\t<\/div>\n\t\t\t\t<\/div>\n\t\t\t\t<\/div>\n\t\t","protected":false},"excerpt":{"rendered":"<p>PROGRAMA ESTATAL INTEGRAL PARA PREVENIR, ATENDER, SANCIONAR Y ERRADICAR LA VIOLENCIA CONTRALAS MUJERES 2023-2027 PEIPASEVCM 2023-2024<\/p>\n","protected":false},"author":3,"featured_media":0,"parent":0,"menu_order":0,"comment_status":"closed","ping_status":"closed","template":"","meta":{"footnotes":""},"class_list":["post-36379","page","type-page","status-publish"],"yoast_head":"<!-- This site is optimized with the Yoast SEO plugin v24.6 - https:\/\/yoast.com\/wordpress\/plugins\/seo\/ -->\n<title>PEIPASEVCM - Comisi\u00f3n Ejecutiva de Atenci\u00f3n a V\u00edctimas del Estado de Quintana Roo<\/title>\n<meta name=\"robots\" content=\"noindex, follow, max-snippet:-1, max-image-preview:large, max-video-preview:-1\" \/>\n<meta property=\"og:locale\" content=\"es_MX\" \/>\n<meta property=\"og:type\" content=\"article\" \/>\n<meta property=\"og:title\" content=\"PEIPASEVCM - Comisi\u00f3n Ejecutiva de Atenci\u00f3n a V\u00edctimas del Estado de Quintana Roo\" \/>\n<meta property=\"og:description\" content=\"PROGRAMA ESTATAL INTEGRAL PARA PREVENIR, ATENDER, SANCIONAR Y ERRADICAR LA VIOLENCIA CONTRALAS MUJERES 2023-2027 PEIPASEVCM 2023-2024\" \/>\n<meta property=\"og:url\" content=\"https:\/\/qroo.gob.mx\/ceaveqroo\/peipasevcm\/\" \/>\n<meta property=\"og:site_name\" content=\"Comisi\u00f3n Ejecutiva de Atenci\u00f3n a V\u00edctimas del Estado de Quintana Roo\" \/>\n<meta property=\"article:modified_time\" content=\"2024-08-30T23:35:11+00:00\" \/>\n<meta name=\"twitter:card\" content=\"summary_large_image\" \/>\n<meta name=\"twitter:label1\" content=\"Tiempo de lectura\" \/>\n\t<meta name=\"twitter:data1\" content=\"1 minuto\" \/>\n<script type=\"application\/ld+json\" class=\"yoast-schema-graph\">{\"@context\":\"https:\/\/schema.org\",\"@graph\":[{\"@type\":\"WebPage\",\"@id\":\"https:\/\/qroo.gob.mx\/ceaveqroo\/peipasevcm\/\",\"url\":\"https:\/\/qroo.gob.mx\/ceaveqroo\/peipasevcm\/\",\"name\":\"PEIPASEVCM - Comisi\u00f3n Ejecutiva de Atenci\u00f3n a V\u00edctimas del Estado de Quintana Roo\",\"isPartOf\":{\"@id\":\"https:\/\/qroo.gob.mx\/ceaveqroo\/#website\"},\"datePublished\":\"2024-08-30T23:12:48+00:00\",\"dateModified\":\"2024-08-30T23:35:11+00:00\",\"breadcrumb\":{\"@id\":\"https:\/\/qroo.gob.mx\/ceaveqroo\/peipasevcm\/#breadcrumb\"},\"inLanguage\":\"es\",\"potentialAction\":[{\"@type\":\"ReadAction\",\"target\":[\"https:\/\/qroo.gob.mx\/ceaveqroo\/peipasevcm\/\"]}]},{\"@type\":\"BreadcrumbList\",\"@id\":\"https:\/\/qroo.gob.mx\/ceaveqroo\/peipasevcm\/#breadcrumb\",\"itemListElement\":[{\"@type\":\"ListItem\",\"position\":1,\"name\":\"Inicio\",\"item\":\"https:\/\/qroo.gob.mx\/ceaveqroo\/\"},{\"@type\":\"ListItem\",\"position\":2,\"name\":\"PEIPASEVCM\"}]},{\"@type\":\"WebSite\",\"@id\":\"https:\/\/qroo.gob.mx\/ceaveqroo\/#website\",\"url\":\"https:\/\/qroo.gob.mx\/ceaveqroo\/\",\"name\":\"Comisi\u00f3n Ejecutiva de Atenci\u00f3n a V\u00edctimas del Estado de Quintana Roo\",\"description\":\"\",\"publisher\":{\"@id\":\"https:\/\/qroo.gob.mx\/ceaveqroo\/#organization\"},\"potentialAction\":[{\"@type\":\"SearchAction\",\"target\":{\"@type\":\"EntryPoint\",\"urlTemplate\":\"https:\/\/qroo.gob.mx\/ceaveqroo\/?s={search_term_string}\"},\"query-input\":{\"@type\":\"PropertyValueSpecification\",\"valueRequired\":true,\"valueName\":\"search_term_string\"}}],\"inLanguage\":\"es\"},{\"@type\":\"Organization\",\"@id\":\"https:\/\/qroo.gob.mx\/ceaveqroo\/#organization\",\"name\":\"Comisi\u00f3n Ejecutiva de Atenci\u00f3n a V\u00edctimas del Estado de Quintana Roo\",\"url\":\"https:\/\/qroo.gob.mx\/ceaveqroo\/\",\"logo\":{\"@type\":\"ImageObject\",\"inLanguage\":\"es\",\"@id\":\"https:\/\/qroo.gob.mx\/ceaveqroo\/#\/schema\/logo\/image\/\",\"url\":\"https:\/\/qroo.gob.mx\/ceaveqroo\/wp-content\/uploads\/2024\/05\/cropped-CEAVEQROO.png\",\"contentUrl\":\"https:\/\/qroo.gob.mx\/ceaveqroo\/wp-content\/uploads\/2024\/05\/cropped-CEAVEQROO.png\",\"width\":1873,\"height\":712,\"caption\":\"Comisi\u00f3n Ejecutiva de Atenci\u00f3n a V\u00edctimas del Estado de Quintana Roo\"},\"image\":{\"@id\":\"https:\/\/qroo.gob.mx\/ceaveqroo\/#\/schema\/logo\/image\/\"}}]}<\/script>\n<!-- \/ Yoast SEO plugin. -->","yoast_head_json":{"title":"PEIPASEVCM - Comisi\u00f3n Ejecutiva de Atenci\u00f3n a V\u00edctimas del Estado de Quintana Roo","robots":{"index":"noindex","follow":"follow","max-snippet":"max-snippet:-1","max-image-preview":"max-image-preview:large","max-video-preview":"max-video-preview:-1"},"og_locale":"es_MX","og_type":"article","og_title":"PEIPASEVCM - Comisi\u00f3n Ejecutiva de Atenci\u00f3n a V\u00edctimas del Estado de Quintana Roo","og_description":"PROGRAMA ESTATAL INTEGRAL PARA PREVENIR, ATENDER, SANCIONAR Y ERRADICAR LA VIOLENCIA CONTRALAS MUJERES 2023-2027 PEIPASEVCM 2023-2024","og_url":"https:\/\/qroo.gob.mx\/ceaveqroo\/peipasevcm\/","og_site_name":"Comisi\u00f3n Ejecutiva de Atenci\u00f3n a V\u00edctimas del Estado de Quintana Roo","article_modified_time":"2024-08-30T23:35:11+00:00","twitter_card":"summary_large_image","twitter_misc":{"Tiempo de lectura":"1 minuto"},"schema":{"@context":"https:\/\/schema.org","@graph":[{"@type":"WebPage","@id":"https:\/\/qroo.gob.mx\/ceaveqroo\/peipasevcm\/","url":"https:\/\/qroo.gob.mx\/ceaveqroo\/peipasevcm\/","name":"PEIPASEVCM - Comisi\u00f3n Ejecutiva de Atenci\u00f3n a V\u00edctimas del Estado de Quintana Roo","isPartOf":{"@id":"https:\/\/qroo.gob.mx\/ceaveqroo\/#website"},"datePublished":"2024-08-30T23:12:48+00:00","dateModified":"2024-08-30T23:35:11+00:00","breadcrumb":{"@id":"https:\/\/qroo.gob.mx\/ceaveqroo\/peipasevcm\/#breadcrumb"},"inLanguage":"es","potentialAction":[{"@type":"ReadAction","target":["https:\/\/qroo.gob.mx\/ceaveqroo\/peipasevcm\/"]}]},{"@type":"BreadcrumbList","@id":"https:\/\/qroo.gob.mx\/ceaveqroo\/peipasevcm\/#breadcrumb","itemListElement":[{"@type":"ListItem","position":1,"name":"Inicio","item":"https:\/\/qroo.gob.mx\/ceaveqroo\/"},{"@type":"ListItem","position":2,"name":"PEIPASEVCM"}]},{"@type":"WebSite","@id":"https:\/\/qroo.gob.mx\/ceaveqroo\/#website","url":"https:\/\/qroo.gob.mx\/ceaveqroo\/","name":"Comisi\u00f3n Ejecutiva de Atenci\u00f3n a V\u00edctimas del Estado de Quintana Roo","description":"","publisher":{"@id":"https:\/\/qroo.gob.mx\/ceaveqroo\/#organization"},"potentialAction":[{"@type":"SearchAction","target":{"@type":"EntryPoint","urlTemplate":"https:\/\/qroo.gob.mx\/ceaveqroo\/?s={search_term_string}"},"query-input":{"@type":"PropertyValueSpecification","valueRequired":true,"valueName":"search_term_string"}}],"inLanguage":"es"},{"@type":"Organization","@id":"https:\/\/qroo.gob.mx\/ceaveqroo\/#organization","name":"Comisi\u00f3n Ejecutiva de Atenci\u00f3n a V\u00edctimas del Estado de Quintana Roo","url":"https:\/\/qroo.gob.mx\/ceaveqroo\/","logo":{"@type":"ImageObject","inLanguage":"es","@id":"https:\/\/qroo.gob.mx\/ceaveqroo\/#\/schema\/logo\/image\/","url":"https:\/\/qroo.gob.mx\/ceaveqroo\/wp-content\/uploads\/2024\/05\/cropped-CEAVEQROO.png","contentUrl":"https:\/\/qroo.gob.mx\/ceaveqroo\/wp-content\/uploads\/2024\/05\/cropped-CEAVEQROO.png","width":1873,"height":712,"caption":"Comisi\u00f3n Ejecutiva de Atenci\u00f3n a V\u00edctimas del Estado de Quintana Roo"},"image":{"@id":"https:\/\/qroo.gob.mx\/ceaveqroo\/#\/schema\/logo\/image\/"}}]}},"_links":{"self":[{"href":"https:\/\/qroo.gob.mx\/ceaveqroo\/wp-json\/wp\/v2\/pages\/36379"}],"collection":[{"href":"https:\/\/qroo.gob.mx\/ceaveqroo\/wp-json\/wp\/v2\/pages"}],"about":[{"href":"https:\/\/qroo.gob.mx\/ceaveqroo\/wp-json\/wp\/v2\/types\/page"}],"author":[{"embeddable":true,"href":"https:\/\/qroo.gob.mx\/ceaveqroo\/wp-json\/wp\/v2\/users\/3"}],"replies":[{"embeddable":true,"href":"https:\/\/qroo.gob.mx\/ceaveqroo\/wp-json\/wp\/v2\/comments?post=36379"}],"version-history":[{"count":17,"href":"https:\/\/qroo.gob.mx\/ceaveqroo\/wp-json\/wp\/v2\/pages\/36379\/revisions"}],"predecessor-version":[{"id":36397,"href":"https:\/\/qroo.gob.mx\/ceaveqroo\/wp-json\/wp\/v2\/pages\/36379\/revisions\/36397"}],"wp:attachment":[{"href":"https:\/\/qroo.gob.mx\/ceaveqroo\/wp-json\/wp\/v2\/media?parent=36379"}],"curies":[{"name":"wp","href":"https:\/\/api.w.org\/{rel}","templated":true}]}}