{"id":36169,"date":"2024-08-26T17:06:49","date_gmt":"2024-08-26T22:06:49","guid":{"rendered":"https:\/\/qroo.gob.mx\/ceaveqroo\/?page_id=36169"},"modified":"2024-08-26T17:10:49","modified_gmt":"2024-08-26T22:10:49","slug":"atribuciones","status":"publish","type":"page","link":"https:\/\/qroo.gob.mx\/ceaveqroo\/atribuciones\/","title":{"rendered":"Atribuciones"},"content":{"rendered":"\t\t<div data-elementor-type=\"wp-page\" data-elementor-id=\"36169\" class=\"elementor elementor-36169\">\n\t\t\t\t<div class=\"elementor-element elementor-element-a761755 e-flex e-con-boxed e-con e-parent\" data-id=\"a761755\" data-element_type=\"container\">\n\t\t\t\t\t<div class=\"e-con-inner\">\n\t\t\t\t<div class=\"elementor-element elementor-element-60d5a5a8 elementor-widget elementor-widget-text-editor\" data-id=\"60d5a5a8\" data-element_type=\"widget\" data-widget_type=\"text-editor.default\">\n\t\t\t\t<div class=\"elementor-widget-container\">\n\t\t\t\t\t\t\t\t\t<p><\/p><div id=\"block-startupgrowth-page-title\" class=\"block block-core block-page-title-block\"><div class=\"content\"><h1 class=\"js-quickedit-page-title title page-title\"><span class=\"field field--name-title field--type-string field--label-hidden\">Atribuciones<\/span><\/h1><\/div><\/div><div id=\"block-startupgrowth-content\" class=\"block block-system block-system-main-block\"><div class=\"content\"><article class=\"node node--type-tc-pagina-informativa node--view-mode-full clearfix\" role=\"article\"><div class=\"node--content-container\"><div class=\"node--content clearfix\"><header><\/header><div class=\"clearfix text-formatted field field--name-body field--type-text-with-summary field--label-hidden field__item\"><ol type=\"I\"><li>Fungir como \u00f3rgano operativo del Sistema Estatal;<\/li><li>Garantizar la representaci\u00f3n y participaci\u00f3n directa de las personas en situaci\u00f3n de v\u00edctimas y organizaciones de la sociedad civil en el Sistema, propiciando su intervenci\u00f3n en la construcci\u00f3n de pol\u00edticas p\u00fablicas en dicha materia;<\/li><li>Realizar labores de vigilancia, supervisi\u00f3n y evaluaci\u00f3n de las instituciones integrantes del Sistema Estatal, con el objetivo de garantizar un ejercicio transparente de sus atribuciones;<\/li><li>Realizar las acciones necesarias para que las v\u00edctimas de delitos del fuero estatal o por violaciones a los derechos humanos cometidos por servidores p\u00fablicos del orden estatal, tengan acceso a la atenci\u00f3n, ayuda asistencia y protecci\u00f3n, en t\u00e9rminos de la Ley, sin perjuicio de las acciones en relaci\u00f3n con aquellas v\u00edctimas de delito o de violaciones a derechos humanos en el orden federal, de conformidad con las normas aplicables, con los convenios de coordinaci\u00f3n que se celebren al efecto o los acuerdos que se adopten en el seno del Sistema; y<\/li><li>Ejercer las funciones y facultades que le encomienda la Ley, este Reglamento y dem\u00e1s disposiciones aplicables.<\/li><\/ol><\/div><\/div><\/div><\/article><\/div><\/div><p><\/p>\t\t\t\t\t\t\t\t<\/div>\n\t\t\t\t<\/div>\n\t\t\t\t\t<\/div>\n\t\t\t\t<\/div>\n\t\t\t\t<\/div>\n\t\t","protected":false},"excerpt":{"rendered":"<p>Atribuciones Fungir como \u00f3rgano operativo del Sistema Estatal; Garantizar la representaci\u00f3n y participaci\u00f3n directa de las personas en situaci\u00f3n de v\u00edctimas y organizaciones de la sociedad civil en el Sistema, propiciando su intervenci\u00f3n en la construcci\u00f3n de pol\u00edticas p\u00fablicas en dicha materia; Realizar labores de vigilancia, supervisi\u00f3n y evaluaci\u00f3n de las instituciones integrantes del Sistema &#8230; <a title=\"Atribuciones\" class=\"read-more\" href=\"https:\/\/qroo.gob.mx\/ceaveqroo\/atribuciones\/\" aria-label=\"Leer m\u00e1s sobre Atribuciones\">Leer m\u00e1s<\/a><\/p>\n","protected":false},"author":3,"featured_media":0,"parent":0,"menu_order":0,"comment_status":"closed","ping_status":"open","template":"","meta":{"footnotes":""},"class_list":["post-36169","page","type-page","status-publish"],"yoast_head":"<!-- This site is optimized with the Yoast SEO plugin v24.6 - https:\/\/yoast.com\/wordpress\/plugins\/seo\/ -->\n<title>Atribuciones - Comisi\u00f3n Ejecutiva de Atenci\u00f3n a V\u00edctimas del Estado de Quintana Roo<\/title>\n<meta name=\"robots\" content=\"noindex, follow, max-snippet:-1, max-image-preview:large, max-video-preview:-1\" \/>\n<meta property=\"og:locale\" content=\"es_MX\" \/>\n<meta property=\"og:type\" content=\"article\" \/>\n<meta property=\"og:title\" content=\"Atribuciones - Comisi\u00f3n Ejecutiva de Atenci\u00f3n a V\u00edctimas del Estado de Quintana Roo\" \/>\n<meta property=\"og:description\" content=\"Atribuciones Fungir como \u00f3rgano operativo del Sistema Estatal; Garantizar la representaci\u00f3n y participaci\u00f3n directa de las personas en situaci\u00f3n de v\u00edctimas y organizaciones de la sociedad civil en el Sistema, propiciando su intervenci\u00f3n en la construcci\u00f3n de pol\u00edticas p\u00fablicas en dicha materia; Realizar labores de vigilancia, supervisi\u00f3n y evaluaci\u00f3n de las instituciones integrantes del Sistema ... Leer m\u00e1s\" \/>\n<meta property=\"og:url\" content=\"https:\/\/qroo.gob.mx\/ceaveqroo\/atribuciones\/\" \/>\n<meta property=\"og:site_name\" content=\"Comisi\u00f3n Ejecutiva de Atenci\u00f3n a V\u00edctimas del Estado de Quintana Roo\" \/>\n<meta property=\"article:modified_time\" content=\"2024-08-26T22:10:49+00:00\" \/>\n<meta name=\"twitter:card\" content=\"summary_large_image\" \/>\n<meta name=\"twitter:label1\" content=\"Tiempo de lectura\" \/>\n\t<meta name=\"twitter:data1\" content=\"1 minuto\" \/>\n<script type=\"application\/ld+json\" class=\"yoast-schema-graph\">{\"@context\":\"https:\/\/schema.org\",\"@graph\":[{\"@type\":\"WebPage\",\"@id\":\"https:\/\/qroo.gob.mx\/ceaveqroo\/atribuciones\/\",\"url\":\"https:\/\/qroo.gob.mx\/ceaveqroo\/atribuciones\/\",\"name\":\"Atribuciones - Comisi\u00f3n Ejecutiva de Atenci\u00f3n a V\u00edctimas del Estado de Quintana Roo\",\"isPartOf\":{\"@id\":\"https:\/\/qroo.gob.mx\/ceaveqroo\/#website\"},\"datePublished\":\"2024-08-26T22:06:49+00:00\",\"dateModified\":\"2024-08-26T22:10:49+00:00\",\"breadcrumb\":{\"@id\":\"https:\/\/qroo.gob.mx\/ceaveqroo\/atribuciones\/#breadcrumb\"},\"inLanguage\":\"es\",\"potentialAction\":[{\"@type\":\"ReadAction\",\"target\":[\"https:\/\/qroo.gob.mx\/ceaveqroo\/atribuciones\/\"]}]},{\"@type\":\"BreadcrumbList\",\"@id\":\"https:\/\/qroo.gob.mx\/ceaveqroo\/atribuciones\/#breadcrumb\",\"itemListElement\":[{\"@type\":\"ListItem\",\"position\":1,\"name\":\"Inicio\",\"item\":\"https:\/\/qroo.gob.mx\/ceaveqroo\/\"},{\"@type\":\"ListItem\",\"position\":2,\"name\":\"Atribuciones\"}]},{\"@type\":\"WebSite\",\"@id\":\"https:\/\/qroo.gob.mx\/ceaveqroo\/#website\",\"url\":\"https:\/\/qroo.gob.mx\/ceaveqroo\/\",\"name\":\"Comisi\u00f3n Ejecutiva de Atenci\u00f3n a V\u00edctimas del Estado de Quintana Roo\",\"description\":\"\",\"publisher\":{\"@id\":\"https:\/\/qroo.gob.mx\/ceaveqroo\/#organization\"},\"potentialAction\":[{\"@type\":\"SearchAction\",\"target\":{\"@type\":\"EntryPoint\",\"urlTemplate\":\"https:\/\/qroo.gob.mx\/ceaveqroo\/?s={search_term_string}\"},\"query-input\":{\"@type\":\"PropertyValueSpecification\",\"valueRequired\":true,\"valueName\":\"search_term_string\"}}],\"inLanguage\":\"es\"},{\"@type\":\"Organization\",\"@id\":\"https:\/\/qroo.gob.mx\/ceaveqroo\/#organization\",\"name\":\"Comisi\u00f3n Ejecutiva de Atenci\u00f3n a V\u00edctimas del Estado de Quintana Roo\",\"url\":\"https:\/\/qroo.gob.mx\/ceaveqroo\/\",\"logo\":{\"@type\":\"ImageObject\",\"inLanguage\":\"es\",\"@id\":\"https:\/\/qroo.gob.mx\/ceaveqroo\/#\/schema\/logo\/image\/\",\"url\":\"https:\/\/qroo.gob.mx\/ceaveqroo\/wp-content\/uploads\/2024\/05\/cropped-CEAVEQROO.png\",\"contentUrl\":\"https:\/\/qroo.gob.mx\/ceaveqroo\/wp-content\/uploads\/2024\/05\/cropped-CEAVEQROO.png\",\"width\":1873,\"height\":712,\"caption\":\"Comisi\u00f3n Ejecutiva de Atenci\u00f3n a V\u00edctimas del Estado de Quintana Roo\"},\"image\":{\"@id\":\"https:\/\/qroo.gob.mx\/ceaveqroo\/#\/schema\/logo\/image\/\"}}]}<\/script>\n<!-- \/ Yoast SEO plugin. -->","yoast_head_json":{"title":"Atribuciones - Comisi\u00f3n Ejecutiva de Atenci\u00f3n a V\u00edctimas del Estado de Quintana Roo","robots":{"index":"noindex","follow":"follow","max-snippet":"max-snippet:-1","max-image-preview":"max-image-preview:large","max-video-preview":"max-video-preview:-1"},"og_locale":"es_MX","og_type":"article","og_title":"Atribuciones - Comisi\u00f3n Ejecutiva de Atenci\u00f3n a V\u00edctimas del Estado de Quintana Roo","og_description":"Atribuciones Fungir como \u00f3rgano operativo del Sistema Estatal; Garantizar la representaci\u00f3n y participaci\u00f3n directa de las personas en situaci\u00f3n de v\u00edctimas y organizaciones de la sociedad civil en el Sistema, propiciando su intervenci\u00f3n en la construcci\u00f3n de pol\u00edticas p\u00fablicas en dicha materia; Realizar labores de vigilancia, supervisi\u00f3n y evaluaci\u00f3n de las instituciones integrantes del Sistema ... Leer m\u00e1s","og_url":"https:\/\/qroo.gob.mx\/ceaveqroo\/atribuciones\/","og_site_name":"Comisi\u00f3n Ejecutiva de Atenci\u00f3n a V\u00edctimas del Estado de Quintana Roo","article_modified_time":"2024-08-26T22:10:49+00:00","twitter_card":"summary_large_image","twitter_misc":{"Tiempo de lectura":"1 minuto"},"schema":{"@context":"https:\/\/schema.org","@graph":[{"@type":"WebPage","@id":"https:\/\/qroo.gob.mx\/ceaveqroo\/atribuciones\/","url":"https:\/\/qroo.gob.mx\/ceaveqroo\/atribuciones\/","name":"Atribuciones - Comisi\u00f3n Ejecutiva de Atenci\u00f3n a V\u00edctimas del Estado de Quintana Roo","isPartOf":{"@id":"https:\/\/qroo.gob.mx\/ceaveqroo\/#website"},"datePublished":"2024-08-26T22:06:49+00:00","dateModified":"2024-08-26T22:10:49+00:00","breadcrumb":{"@id":"https:\/\/qroo.gob.mx\/ceaveqroo\/atribuciones\/#breadcrumb"},"inLanguage":"es","potentialAction":[{"@type":"ReadAction","target":["https:\/\/qroo.gob.mx\/ceaveqroo\/atribuciones\/"]}]},{"@type":"BreadcrumbList","@id":"https:\/\/qroo.gob.mx\/ceaveqroo\/atribuciones\/#breadcrumb","itemListElement":[{"@type":"ListItem","position":1,"name":"Inicio","item":"https:\/\/qroo.gob.mx\/ceaveqroo\/"},{"@type":"ListItem","position":2,"name":"Atribuciones"}]},{"@type":"WebSite","@id":"https:\/\/qroo.gob.mx\/ceaveqroo\/#website","url":"https:\/\/qroo.gob.mx\/ceaveqroo\/","name":"Comisi\u00f3n Ejecutiva de Atenci\u00f3n a V\u00edctimas del Estado de Quintana Roo","description":"","publisher":{"@id":"https:\/\/qroo.gob.mx\/ceaveqroo\/#organization"},"potentialAction":[{"@type":"SearchAction","target":{"@type":"EntryPoint","urlTemplate":"https:\/\/qroo.gob.mx\/ceaveqroo\/?s={search_term_string}"},"query-input":{"@type":"PropertyValueSpecification","valueRequired":true,"valueName":"search_term_string"}}],"inLanguage":"es"},{"@type":"Organization","@id":"https:\/\/qroo.gob.mx\/ceaveqroo\/#organization","name":"Comisi\u00f3n Ejecutiva de Atenci\u00f3n a V\u00edctimas del Estado de Quintana Roo","url":"https:\/\/qroo.gob.mx\/ceaveqroo\/","logo":{"@type":"ImageObject","inLanguage":"es","@id":"https:\/\/qroo.gob.mx\/ceaveqroo\/#\/schema\/logo\/image\/","url":"https:\/\/qroo.gob.mx\/ceaveqroo\/wp-content\/uploads\/2024\/05\/cropped-CEAVEQROO.png","contentUrl":"https:\/\/qroo.gob.mx\/ceaveqroo\/wp-content\/uploads\/2024\/05\/cropped-CEAVEQROO.png","width":1873,"height":712,"caption":"Comisi\u00f3n Ejecutiva de Atenci\u00f3n a V\u00edctimas del Estado de Quintana Roo"},"image":{"@id":"https:\/\/qroo.gob.mx\/ceaveqroo\/#\/schema\/logo\/image\/"}}]}},"_links":{"self":[{"href":"https:\/\/qroo.gob.mx\/ceaveqroo\/wp-json\/wp\/v2\/pages\/36169"}],"collection":[{"href":"https:\/\/qroo.gob.mx\/ceaveqroo\/wp-json\/wp\/v2\/pages"}],"about":[{"href":"https:\/\/qroo.gob.mx\/ceaveqroo\/wp-json\/wp\/v2\/types\/page"}],"author":[{"embeddable":true,"href":"https:\/\/qroo.gob.mx\/ceaveqroo\/wp-json\/wp\/v2\/users\/3"}],"replies":[{"embeddable":true,"href":"https:\/\/qroo.gob.mx\/ceaveqroo\/wp-json\/wp\/v2\/comments?post=36169"}],"version-history":[{"count":4,"href":"https:\/\/qroo.gob.mx\/ceaveqroo\/wp-json\/wp\/v2\/pages\/36169\/revisions"}],"predecessor-version":[{"id":36173,"href":"https:\/\/qroo.gob.mx\/ceaveqroo\/wp-json\/wp\/v2\/pages\/36169\/revisions\/36173"}],"wp:attachment":[{"href":"https:\/\/qroo.gob.mx\/ceaveqroo\/wp-json\/wp\/v2\/media?parent=36169"}],"curies":[{"name":"wp","href":"https:\/\/api.w.org\/{rel}","templated":true}]}}