{"id":36036,"date":"2024-08-23T13:36:32","date_gmt":"2024-08-23T18:36:32","guid":{"rendered":"https:\/\/qroo.gob.mx\/ceaveqroo\/?page_id=36036"},"modified":"2024-08-26T11:38:12","modified_gmt":"2024-08-26T16:38:12","slug":"que-es-la-ceaveqroo","status":"publish","type":"page","link":"https:\/\/qroo.gob.mx\/ceaveqroo\/que-es-la-ceaveqroo\/","title":{"rendered":"\u00bfQu\u00e9 es la CEAVEQROO?"},"content":{"rendered":"\t\t<div data-elementor-type=\"wp-page\" data-elementor-id=\"36036\" class=\"elementor elementor-36036\">\n\t\t\t\t<div class=\"elementor-element elementor-element-a761755 e-flex e-con-boxed e-con e-parent\" data-id=\"a761755\" data-element_type=\"container\">\n\t\t\t\t\t<div class=\"e-con-inner\">\n\t\t\t\t<div class=\"elementor-element elementor-element-60d5a5a8 elementor-widget elementor-widget-text-editor\" data-id=\"60d5a5a8\" data-element_type=\"widget\" data-widget_type=\"text-editor.default\">\n\t\t\t\t<div class=\"elementor-widget-container\">\n\t\t\t\t\t\t\t\t\t\n<h1 class=\"js-quickedit-page-title title page-title\"><span class=\"field field--name-title field--type-string field--label-hidden\">\u00bfQu\u00e9 es la CEAVEQROO?<\/span><\/h1>\n<p>Es un organismo p\u00fablico descentralizado de la administraci\u00f3n p\u00fablica estatal, con personalidad jur\u00eddica, patrimonio propio y autonom\u00eda t\u00e9cnica y de gesti\u00f3n, encargado de fungir como \u00f3rgano operativo del Sistema Estatal de Atenci\u00f3n a V\u00edctimas, con domicilio legal en la Ciudad de Chetumal, sin perjuicio de las oficinas en las diversas localidades de la entidad, de conformidad con lo dispuesto en la legislaci\u00f3n aplicable.<\/p>\n<p>La CEAVEQROO tiene entre otras obligaciones legales atender a las v\u00edctimas de delitos del fuero com\u00fan o de violaciones a derechos humanos cometidos por servidores p\u00fablicos del orden estatal o municipal, as\u00ed como proponer pol\u00edticas p\u00fablicas en materia de ayuda, asistencia, atenci\u00f3n y reparaci\u00f3n a las v\u00edctimas del delito o violaciones a sus derechos humanos.<\/p>\n<p>El \u00e1mbito de competencia de la CEAVEQROO se desarrolla en tres ejes fundamentales:<\/p>\n<ol>\n<li>Construir y coordinar el Registro Estatal de V\u00edctimas.<\/li>\n<li>Definir y aplicar las reglas de operaci\u00f3n del Fondo de Ayuda, Asistencia y Reparaci\u00f3n Integral.<\/li>\n<li>Brindar Asesor\u00eda Jur\u00eddica Victimal.<\/li>\n<\/ol>\n\t\t\t\t\t\t\t\t<\/div>\n\t\t\t\t<\/div>\n\t\t\t\t\t<\/div>\n\t\t\t\t<\/div>\n\t\t\t\t<\/div>\n\t\t","protected":false},"excerpt":{"rendered":"","protected":false},"author":3,"featured_media":0,"parent":0,"menu_order":0,"comment_status":"closed","ping_status":"open","template":"","meta":{"footnotes":""},"class_list":["post-36036","page","type-page","status-publish"],"yoast_head":"<!-- This site is optimized with the Yoast SEO plugin v24.6 - https:\/\/yoast.com\/wordpress\/plugins\/seo\/ -->\n<title>\u00bfQu\u00e9 es la CEAVEQROO? - Comisi\u00f3n Ejecutiva de Atenci\u00f3n a V\u00edctimas del Estado de Quintana Roo<\/title>\n<meta name=\"robots\" content=\"noindex, follow, max-snippet:-1, max-image-preview:large, max-video-preview:-1\" \/>\n<meta property=\"og:locale\" content=\"es_MX\" \/>\n<meta property=\"og:type\" content=\"article\" \/>\n<meta property=\"og:title\" content=\"\u00bfQu\u00e9 es la CEAVEQROO? - Comisi\u00f3n Ejecutiva de Atenci\u00f3n a V\u00edctimas del Estado de Quintana Roo\" \/>\n<meta property=\"og:url\" content=\"https:\/\/qroo.gob.mx\/ceaveqroo\/que-es-la-ceaveqroo\/\" \/>\n<meta property=\"og:site_name\" content=\"Comisi\u00f3n Ejecutiva de Atenci\u00f3n a V\u00edctimas del Estado de Quintana Roo\" \/>\n<meta property=\"article:modified_time\" content=\"2024-08-26T16:38:12+00:00\" \/>\n<meta name=\"twitter:card\" content=\"summary_large_image\" \/>\n<script type=\"application\/ld+json\" class=\"yoast-schema-graph\">{\"@context\":\"https:\/\/schema.org\",\"@graph\":[{\"@type\":\"WebPage\",\"@id\":\"https:\/\/qroo.gob.mx\/ceaveqroo\/que-es-la-ceaveqroo\/\",\"url\":\"https:\/\/qroo.gob.mx\/ceaveqroo\/que-es-la-ceaveqroo\/\",\"name\":\"\u00bfQu\u00e9 es la CEAVEQROO? - Comisi\u00f3n Ejecutiva de Atenci\u00f3n a V\u00edctimas del Estado de Quintana Roo\",\"isPartOf\":{\"@id\":\"https:\/\/qroo.gob.mx\/ceaveqroo\/#website\"},\"datePublished\":\"2024-08-23T18:36:32+00:00\",\"dateModified\":\"2024-08-26T16:38:12+00:00\",\"breadcrumb\":{\"@id\":\"https:\/\/qroo.gob.mx\/ceaveqroo\/que-es-la-ceaveqroo\/#breadcrumb\"},\"inLanguage\":\"es\",\"potentialAction\":[{\"@type\":\"ReadAction\",\"target\":[\"https:\/\/qroo.gob.mx\/ceaveqroo\/que-es-la-ceaveqroo\/\"]}]},{\"@type\":\"BreadcrumbList\",\"@id\":\"https:\/\/qroo.gob.mx\/ceaveqroo\/que-es-la-ceaveqroo\/#breadcrumb\",\"itemListElement\":[{\"@type\":\"ListItem\",\"position\":1,\"name\":\"Inicio\",\"item\":\"https:\/\/qroo.gob.mx\/ceaveqroo\/\"},{\"@type\":\"ListItem\",\"position\":2,\"name\":\"\u00bfQu\u00e9 es la CEAVEQROO?\"}]},{\"@type\":\"WebSite\",\"@id\":\"https:\/\/qroo.gob.mx\/ceaveqroo\/#website\",\"url\":\"https:\/\/qroo.gob.mx\/ceaveqroo\/\",\"name\":\"Comisi\u00f3n Ejecutiva de Atenci\u00f3n a V\u00edctimas del Estado de Quintana Roo\",\"description\":\"\",\"publisher\":{\"@id\":\"https:\/\/qroo.gob.mx\/ceaveqroo\/#organization\"},\"potentialAction\":[{\"@type\":\"SearchAction\",\"target\":{\"@type\":\"EntryPoint\",\"urlTemplate\":\"https:\/\/qroo.gob.mx\/ceaveqroo\/?s={search_term_string}\"},\"query-input\":{\"@type\":\"PropertyValueSpecification\",\"valueRequired\":true,\"valueName\":\"search_term_string\"}}],\"inLanguage\":\"es\"},{\"@type\":\"Organization\",\"@id\":\"https:\/\/qroo.gob.mx\/ceaveqroo\/#organization\",\"name\":\"Comisi\u00f3n Ejecutiva de Atenci\u00f3n a V\u00edctimas del Estado de Quintana Roo\",\"url\":\"https:\/\/qroo.gob.mx\/ceaveqroo\/\",\"logo\":{\"@type\":\"ImageObject\",\"inLanguage\":\"es\",\"@id\":\"https:\/\/qroo.gob.mx\/ceaveqroo\/#\/schema\/logo\/image\/\",\"url\":\"https:\/\/qroo.gob.mx\/ceaveqroo\/wp-content\/uploads\/2024\/05\/cropped-CEAVEQROO.png\",\"contentUrl\":\"https:\/\/qroo.gob.mx\/ceaveqroo\/wp-content\/uploads\/2024\/05\/cropped-CEAVEQROO.png\",\"width\":1873,\"height\":712,\"caption\":\"Comisi\u00f3n Ejecutiva de Atenci\u00f3n a V\u00edctimas del Estado de Quintana Roo\"},\"image\":{\"@id\":\"https:\/\/qroo.gob.mx\/ceaveqroo\/#\/schema\/logo\/image\/\"}}]}<\/script>\n<!-- \/ Yoast SEO plugin. -->","yoast_head_json":{"title":"\u00bfQu\u00e9 es la CEAVEQROO? - Comisi\u00f3n Ejecutiva de Atenci\u00f3n a V\u00edctimas del Estado de Quintana Roo","robots":{"index":"noindex","follow":"follow","max-snippet":"max-snippet:-1","max-image-preview":"max-image-preview:large","max-video-preview":"max-video-preview:-1"},"og_locale":"es_MX","og_type":"article","og_title":"\u00bfQu\u00e9 es la CEAVEQROO? - Comisi\u00f3n Ejecutiva de Atenci\u00f3n a V\u00edctimas del Estado de Quintana Roo","og_url":"https:\/\/qroo.gob.mx\/ceaveqroo\/que-es-la-ceaveqroo\/","og_site_name":"Comisi\u00f3n Ejecutiva de Atenci\u00f3n a V\u00edctimas del Estado de Quintana Roo","article_modified_time":"2024-08-26T16:38:12+00:00","twitter_card":"summary_large_image","schema":{"@context":"https:\/\/schema.org","@graph":[{"@type":"WebPage","@id":"https:\/\/qroo.gob.mx\/ceaveqroo\/que-es-la-ceaveqroo\/","url":"https:\/\/qroo.gob.mx\/ceaveqroo\/que-es-la-ceaveqroo\/","name":"\u00bfQu\u00e9 es la CEAVEQROO? - Comisi\u00f3n Ejecutiva de Atenci\u00f3n a V\u00edctimas del Estado de Quintana Roo","isPartOf":{"@id":"https:\/\/qroo.gob.mx\/ceaveqroo\/#website"},"datePublished":"2024-08-23T18:36:32+00:00","dateModified":"2024-08-26T16:38:12+00:00","breadcrumb":{"@id":"https:\/\/qroo.gob.mx\/ceaveqroo\/que-es-la-ceaveqroo\/#breadcrumb"},"inLanguage":"es","potentialAction":[{"@type":"ReadAction","target":["https:\/\/qroo.gob.mx\/ceaveqroo\/que-es-la-ceaveqroo\/"]}]},{"@type":"BreadcrumbList","@id":"https:\/\/qroo.gob.mx\/ceaveqroo\/que-es-la-ceaveqroo\/#breadcrumb","itemListElement":[{"@type":"ListItem","position":1,"name":"Inicio","item":"https:\/\/qroo.gob.mx\/ceaveqroo\/"},{"@type":"ListItem","position":2,"name":"\u00bfQu\u00e9 es la CEAVEQROO?"}]},{"@type":"WebSite","@id":"https:\/\/qroo.gob.mx\/ceaveqroo\/#website","url":"https:\/\/qroo.gob.mx\/ceaveqroo\/","name":"Comisi\u00f3n Ejecutiva de Atenci\u00f3n a V\u00edctimas del Estado de Quintana Roo","description":"","publisher":{"@id":"https:\/\/qroo.gob.mx\/ceaveqroo\/#organization"},"potentialAction":[{"@type":"SearchAction","target":{"@type":"EntryPoint","urlTemplate":"https:\/\/qroo.gob.mx\/ceaveqroo\/?s={search_term_string}"},"query-input":{"@type":"PropertyValueSpecification","valueRequired":true,"valueName":"search_term_string"}}],"inLanguage":"es"},{"@type":"Organization","@id":"https:\/\/qroo.gob.mx\/ceaveqroo\/#organization","name":"Comisi\u00f3n Ejecutiva de Atenci\u00f3n a V\u00edctimas del Estado de Quintana Roo","url":"https:\/\/qroo.gob.mx\/ceaveqroo\/","logo":{"@type":"ImageObject","inLanguage":"es","@id":"https:\/\/qroo.gob.mx\/ceaveqroo\/#\/schema\/logo\/image\/","url":"https:\/\/qroo.gob.mx\/ceaveqroo\/wp-content\/uploads\/2024\/05\/cropped-CEAVEQROO.png","contentUrl":"https:\/\/qroo.gob.mx\/ceaveqroo\/wp-content\/uploads\/2024\/05\/cropped-CEAVEQROO.png","width":1873,"height":712,"caption":"Comisi\u00f3n Ejecutiva de Atenci\u00f3n a V\u00edctimas del Estado de Quintana Roo"},"image":{"@id":"https:\/\/qroo.gob.mx\/ceaveqroo\/#\/schema\/logo\/image\/"}}]}},"_links":{"self":[{"href":"https:\/\/qroo.gob.mx\/ceaveqroo\/wp-json\/wp\/v2\/pages\/36036"}],"collection":[{"href":"https:\/\/qroo.gob.mx\/ceaveqroo\/wp-json\/wp\/v2\/pages"}],"about":[{"href":"https:\/\/qroo.gob.mx\/ceaveqroo\/wp-json\/wp\/v2\/types\/page"}],"author":[{"embeddable":true,"href":"https:\/\/qroo.gob.mx\/ceaveqroo\/wp-json\/wp\/v2\/users\/3"}],"replies":[{"embeddable":true,"href":"https:\/\/qroo.gob.mx\/ceaveqroo\/wp-json\/wp\/v2\/comments?post=36036"}],"version-history":[{"count":6,"href":"https:\/\/qroo.gob.mx\/ceaveqroo\/wp-json\/wp\/v2\/pages\/36036\/revisions"}],"predecessor-version":[{"id":36043,"href":"https:\/\/qroo.gob.mx\/ceaveqroo\/wp-json\/wp\/v2\/pages\/36036\/revisions\/36043"}],"wp:attachment":[{"href":"https:\/\/qroo.gob.mx\/ceaveqroo\/wp-json\/wp\/v2\/media?parent=36036"}],"curies":[{"name":"wp","href":"https:\/\/api.w.org\/{rel}","templated":true}]}}